{"id":10920,"date":"2022-01-19T12:53:59","date_gmt":"2022-01-19T11:53:59","guid":{"rendered":"https:\/\/new.tiketi.com\/how-to-get-data-plan-of-airteltigo-ghana-internet-bundles-packages\/"},"modified":"2022-07-14T13:02:04","modified_gmt":"2022-07-14T12:02:04","slug":"internet-mobile-airtel-tigo-ghana-data-plans-bundle","status":"publish","type":"page","link":"https:\/\/tiketi.com\/fr-fr\/internet-mobile-airtel-tigo-ghana-data-plans-bundle\/","title":{"rendered":"Comment obtenir le plan de donn\u00e9es des forfaits \/ forfaits Internet AirtelTigo Ghana"},"content":{"rendered":"<p><strong>Un d:&nbsp;<\/strong><\/p>\n<p><strong><a href=\"https:\/\/fiymo.com\/register\" target=\"_blank\" rel=\"noopener\"><\/a><\/strong><\/p>\n<h2>Forfaits Internet AirtelTigo Ghana, plan de donn\u00e9es, forfaits, codes d&#039;abonnement et prix<\/h2>\n<p>Vous trouverez ci-dessous la liste de tous les plans de donn\u00e9es et prix AirtelTigo Ghana \/ forfaits \/ forfaits Internet AirtelTigo Ghana. En 2017, Bharti Airtel s&#039;est associ\u00e9 \u00e0 Millicom Tigo au Ghana pour devenir le deuxi\u00e8me op\u00e9rateur mobile du pays, connu sous le nom d&#039;AirtelTigo, avec une part de march\u00e9 de 26 %. Le r\u00e9gulateur a accord\u00e9 une approbation situationnelle \u00e0 la fusion en 2017. Dans les mois suivants, les 2 r\u00e9seaux sont int\u00e9gr\u00e9s. En d\u00e9cembre 2018, Airtel Tigo a annonc\u00e9 avoir r\u00e9alis\u00e9 l&#039;int\u00e9gration r\u00e9seau qu&#039;elle r\u00e9alise depuis un an. Le nouveau r\u00e9seau est pr\u00e9sent\u00e9 comme Tigo sur la plupart des t\u00e9l\u00e9phones. Trouvez ci-dessous les prix des forfaits de donn\u00e9es AirtelTigo Ghana bon march\u00e9:<\/p>\n<h2>Voici comment obtenir les plans de donn\u00e9es et les prix d&#039;AirtelTigo Ghana \/ Forfaits Internet AirtelTigo Ghana<\/h2>\n<h3>Forfaits de donn\u00e9es et prix AirtelTigo Ghana\u00a0:<\/h3>\n<table border=\"0\" cellpadding=\"0\">\n<tbody>\n<tr>\n<td>\n<h3><strong>Prix \u200b\u200b\u200b\u200bdes donn\u00e9es AirtelTigo Ghana&nbsp; &nbsp; &nbsp; &nbsp; &nbsp; &nbsp; &nbsp; &nbsp;&nbsp;<\/strong><\/h3>\n<\/td>\n<td>\n<h3><strong>par codes&nbsp; &nbsp; <\/strong><\/h3>\n<\/td>\n<td>\n<h3><strong>par carte \u00e0 gratter<\/strong><\/h3>\n<\/td>\n<\/tr>\n<tr>\n<td>\n<h3>GHc 0,5<\/h3>\n<\/td>\n<td>\n<h3>25 Mo<\/h3>\n<\/td>\n<td>\n<h3>n \/ A.<\/h3>\n<\/td>\n<\/tr>\n<tr>\n<td>\n<h3>GHC 1<\/h3>\n<\/td>\n<td>\n<h3>65 Mo<\/h3>\n<\/td>\n<td>\n<h3>80 Mo<\/h3>\n<\/td>\n<\/tr>\n<tr>\n<td>\n<h3>GHC 2<\/h3>\n<\/td>\n<td>\n<h3>150 Mo<\/h3>\n<\/td>\n<td>\n<h3>200 Mo<\/h3>\n<\/td>\n<\/tr>\n<tr>\n<td>\n<h3>GHC 5<\/h3>\n<\/td>\n<td>\n<h3>550 Mo<\/h3>\n<\/td>\n<td>\n<h3>650 Mo<\/h3>\n<\/td>\n<\/tr>\n<tr>\n<td>\n<h3>GHC 10<\/h3>\n<\/td>\n<td>\n<h3>1,5 Go<\/h3>\n<\/td>\n<td>\n<h3>2 Go<\/h3>\n<\/td>\n<\/tr>\n<tr>\n<td>\n<h3>GHC 20<\/h3>\n<\/td>\n<td>\n<h3>4 GO<\/h3>\n<\/td>\n<td>\n<h3>5 Go<\/h3>\n<\/td>\n<\/tr>\n<tr>\n<td>\n<h3>GHC 50<\/h3>\n<\/td>\n<td>\n<h3>10 Go<\/h3>\n<\/td>\n<td>\n<h3>n \/ A.<\/h3>\n<\/td>\n<\/tr>\n<\/tbody>\n<\/table>\n<h2>Mode de souscription des forfaits de donn\u00e9es AirtelTigo Ghana<\/h2>\n<p><strong>Par SMS<\/strong><\/p>\n<p>Textez le jour au 2065 pour un abonnement quotidien.Textez la semaine au 2060 pour un abonnement hebdomadaire.Textez le mois au 2060 pour un abonnement mensuel<\/p>\n<p><strong>Par USSD<\/strong><\/p>\n<p>Composez *500# pour acheter des donn\u00e9es.<\/p>\n<h2>Vitesse Internet AirtelTigo<\/h2>\n<p><strong>Signal<\/strong><br \/>\n<strong>Vitesse de pointe\u00a0:<\/strong><br \/>\n<strong>Vitesse moyenne de navigation sur Internet\u00a0:<\/strong><\/p>\n<p>Les informations sur les forfaits de donn\u00e9es AirtelTigo Ghana ci-dessus, les prix et les codes d&#039;abonnement sont valables selon notre derni\u00e8re mise \u00e0 jour 2020.<\/p>","protected":false},"excerpt":{"rendered":"<p>Ad:&nbsp; AirtelTigo&nbsp;Ghana Internet Bundles, Data Plan, Bundles, Subscription Codes and Prices Below is the list of every AirtelTigo Ghana&nbsp;data plans and prices \/ AirtelTigo&nbsp;Ghana internet bundles \/ packages. In 2017 Bharti Airtel has combined with Millicom Tigo in Ghana to become the country&#8217;s second biggest mobile operator known as AirtelTigo with a twenty-six percent market [&hellip;]<\/p>\n","protected":false},"author":1,"featured_media":19675,"parent":0,"menu_order":0,"comment_status":"open","ping_status":"closed","template":"template-home-modern.php","meta":{"footnotes":""},"class_list":["post-10920","page","type-page","status-publish","has-post-thumbnail","hentry"],"yoast_head":"<!-- This site is optimized with the Yoast SEO plugin v27.2 - https:\/\/yoast.com\/product\/yoast-seo-wordpress\/ -->\n<title>How to get data plan of AirtelTigo Ghana internet bundles \/ packages<\/title>\n<meta name=\"description\" content=\"Are you looking for cheap data plans of AirtelTigo Ghana data bundles, internet speed, subscription codes and prices? Here is how to get data plan of AirtelTigo Ghana internet bundles \/ packages\" \/>\n<meta name=\"robots\" content=\"index, follow, max-snippet:-1, max-image-preview:large, max-video-preview:-1\" \/>\n<link rel=\"canonical\" href=\"https:\/\/tiketi.com\/fr-fr\/internet-mobile-airtel-tigo-ghana-data-plans-bundle\/\" \/>\n<meta property=\"og:locale\" content=\"fr_FR\" \/>\n<meta property=\"og:type\" content=\"article\" \/>\n<meta property=\"og:title\" content=\"How to get data plan of AirtelTigo Ghana internet bundles \/ packages\" \/>\n<meta property=\"og:description\" content=\"Are you looking for cheap data plans of AirtelTigo Ghana data bundles, internet speed, subscription codes and prices? Here is how to get data plan of AirtelTigo Ghana internet bundles \/ packages\" \/>\n<meta property=\"og:url\" content=\"https:\/\/tiketi.com\/fr-fr\/internet-mobile-airtel-tigo-ghana-data-plans-bundle\/\" \/>\n<meta property=\"og:site_name\" content=\"Tiketi.com\" \/>\n<meta property=\"article:publisher\" content=\"https:\/\/www.facebook.com\/TiketiCom\/\" \/>\n<meta property=\"article:modified_time\" content=\"2022-07-14T12:02:04+00:00\" \/>\n<meta property=\"og:image\" content=\"https:\/\/tiketi.com\/wp-content\/uploads\/2019\/05\/data-packages-2029825_1280.jpg\" \/>\n\t<meta property=\"og:image:width\" content=\"1200\" \/>\n\t<meta property=\"og:image:height\" content=\"200\" \/>\n\t<meta property=\"og:image:type\" content=\"image\/jpeg\" \/>\n<meta name=\"twitter:card\" content=\"summary_large_image\" \/>\n<meta name=\"twitter:label1\" content=\"Dur\u00e9e de lecture estim\u00e9e\" \/>\n\t<meta name=\"twitter:data1\" content=\"2 minutes\" \/>\n<script type=\"application\/ld+json\" class=\"yoast-schema-graph\">{\"@context\":\"https:\/\/schema.org\",\"@graph\":[{\"@type\":\"WebPage\",\"@id\":\"https:\/\/tiketi.com\/internet-mobile-airtel-tigo-ghana-data-plans-bundle\/\",\"url\":\"https:\/\/tiketi.com\/internet-mobile-airtel-tigo-ghana-data-plans-bundle\/\",\"name\":\"How to get data plan of AirtelTigo Ghana internet bundles \/ packages\",\"isPartOf\":{\"@id\":\"https:\/\/tiketi.com\/#website\"},\"primaryImageOfPage\":{\"@id\":\"https:\/\/tiketi.com\/internet-mobile-airtel-tigo-ghana-data-plans-bundle\/#primaryimage\"},\"image\":{\"@id\":\"https:\/\/tiketi.com\/internet-mobile-airtel-tigo-ghana-data-plans-bundle\/#primaryimage\"},\"thumbnailUrl\":\"https:\/\/tiketi.com\/wp-content\/uploads\/2019\/05\/data-packages-2029825_1280.jpg\",\"datePublished\":\"2022-01-19T11:53:59+00:00\",\"dateModified\":\"2022-07-14T12:02:04+00:00\",\"description\":\"Are you looking for cheap data plans of AirtelTigo Ghana data bundles, internet speed, subscription codes and prices? Here is how to get data plan of AirtelTigo Ghana internet bundles \/ packages\",\"breadcrumb\":{\"@id\":\"https:\/\/tiketi.com\/internet-mobile-airtel-tigo-ghana-data-plans-bundle\/#breadcrumb\"},\"inLanguage\":\"fr-FR\",\"potentialAction\":[{\"@type\":\"ReadAction\",\"target\":[\"https:\/\/tiketi.com\/internet-mobile-airtel-tigo-ghana-data-plans-bundle\/\"]}]},{\"@type\":\"ImageObject\",\"inLanguage\":\"fr-FR\",\"@id\":\"https:\/\/tiketi.com\/internet-mobile-airtel-tigo-ghana-data-plans-bundle\/#primaryimage\",\"url\":\"https:\/\/tiketi.com\/wp-content\/uploads\/2019\/05\/data-packages-2029825_1280.jpg\",\"contentUrl\":\"https:\/\/tiketi.com\/wp-content\/uploads\/2019\/05\/data-packages-2029825_1280.jpg\",\"width\":1200,\"height\":200,\"caption\":\"How to get Data Plan \/ Packages \/ Top Up\"},{\"@type\":\"BreadcrumbList\",\"@id\":\"https:\/\/tiketi.com\/internet-mobile-airtel-tigo-ghana-data-plans-bundle\/#breadcrumb\",\"itemListElement\":[{\"@type\":\"ListItem\",\"position\":1,\"name\":\"Home\",\"item\":\"https:\/\/tiketi.com\/\"},{\"@type\":\"ListItem\",\"position\":2,\"name\":\"How to get data plan of AirtelTigo Ghana internet bundles \/ packages\"}]},{\"@type\":\"WebSite\",\"@id\":\"https:\/\/tiketi.com\/#website\",\"url\":\"https:\/\/tiketi.com\/\",\"name\":\"Flight & Bus Tickets, Tour Packages & Activitites - Tiketi.com\",\"description\":\"Flight &amp; Bus Tickets, Tours, Activitites\",\"publisher\":{\"@id\":\"https:\/\/tiketi.com\/#organization\"},\"potentialAction\":[{\"@type\":\"SearchAction\",\"target\":{\"@type\":\"EntryPoint\",\"urlTemplate\":\"https:\/\/tiketi.com\/?s={search_term_string}\"},\"query-input\":{\"@type\":\"PropertyValueSpecification\",\"valueRequired\":true,\"valueName\":\"search_term_string\"}}],\"inLanguage\":\"fr-FR\"},{\"@type\":\"Organization\",\"@id\":\"https:\/\/tiketi.com\/#organization\",\"name\":\"Tiketi.com\",\"alternateName\":\"Tiketi\",\"url\":\"https:\/\/tiketi.com\/\",\"logo\":{\"@type\":\"ImageObject\",\"inLanguage\":\"fr-FR\",\"@id\":\"https:\/\/tiketi.com\/#\/schema\/logo\/image\/\",\"url\":\"https:\/\/tiketi.com\/wp-content\/uploads\/2019\/05\/tiketi-logo-696.png\",\"contentUrl\":\"https:\/\/tiketi.com\/wp-content\/uploads\/2019\/05\/tiketi-logo-696.png\",\"width\":696,\"height\":696,\"caption\":\"Tiketi.com\"},\"image\":{\"@id\":\"https:\/\/tiketi.com\/#\/schema\/logo\/image\/\"},\"sameAs\":[\"https:\/\/www.facebook.com\/TiketiCom\/\"]}]}<\/script>\n<!-- \/ Yoast SEO plugin. -->","yoast_head_json":{"title":"Comment obtenir le plan de donn\u00e9es des forfaits \/ forfaits Internet AirtelTigo Ghana","description":"\u00cates-vous \u00e0 la recherche de forfaits de donn\u00e9es bon march\u00e9 pour les forfaits de donn\u00e9es AirtelTigo Ghana, la vitesse Internet, les codes d&#039;abonnement et les prix? Voici comment obtenir le plan de donn\u00e9es des forfaits \/ forfaits Internet AirtelTigo Ghana","robots":{"index":"index","follow":"follow","max-snippet":"max-snippet:-1","max-image-preview":"max-image-preview:large","max-video-preview":"max-video-preview:-1"},"canonical":"https:\/\/tiketi.com\/fr-fr\/internet-mobile-airtel-tigo-ghana-data-plans-bundle\/","og_locale":"fr_FR","og_type":"article","og_title":"How to get data plan of AirtelTigo Ghana internet bundles \/ packages","og_description":"Are you looking for cheap data plans of AirtelTigo Ghana data bundles, internet speed, subscription codes and prices? Here is how to get data plan of AirtelTigo Ghana internet bundles \/ packages","og_url":"https:\/\/tiketi.com\/fr-fr\/internet-mobile-airtel-tigo-ghana-data-plans-bundle\/","og_site_name":"Tiketi.com","article_publisher":"https:\/\/www.facebook.com\/TiketiCom\/","article_modified_time":"2022-07-14T12:02:04+00:00","og_image":[{"width":1200,"height":200,"url":"https:\/\/tiketi.com\/wp-content\/uploads\/2019\/05\/data-packages-2029825_1280.jpg","type":"image\/jpeg"}],"twitter_card":"summary_large_image","twitter_misc":{"Dur\u00e9e de lecture estim\u00e9e":"2 minutes"},"schema":{"@context":"https:\/\/schema.org","@graph":[{"@type":"WebPage","@id":"https:\/\/tiketi.com\/internet-mobile-airtel-tigo-ghana-data-plans-bundle\/","url":"https:\/\/tiketi.com\/internet-mobile-airtel-tigo-ghana-data-plans-bundle\/","name":"Comment obtenir le plan de donn\u00e9es des forfaits \/ forfaits Internet AirtelTigo Ghana","isPartOf":{"@id":"https:\/\/tiketi.com\/#website"},"primaryImageOfPage":{"@id":"https:\/\/tiketi.com\/internet-mobile-airtel-tigo-ghana-data-plans-bundle\/#primaryimage"},"image":{"@id":"https:\/\/tiketi.com\/internet-mobile-airtel-tigo-ghana-data-plans-bundle\/#primaryimage"},"thumbnailUrl":"https:\/\/tiketi.com\/wp-content\/uploads\/2019\/05\/data-packages-2029825_1280.jpg","datePublished":"2022-01-19T11:53:59+00:00","dateModified":"2022-07-14T12:02:04+00:00","description":"\u00cates-vous \u00e0 la recherche de forfaits de donn\u00e9es bon march\u00e9 pour les forfaits de donn\u00e9es AirtelTigo Ghana, la vitesse Internet, les codes d&#039;abonnement et les prix? Voici comment obtenir le plan de donn\u00e9es des forfaits \/ forfaits Internet AirtelTigo Ghana","breadcrumb":{"@id":"https:\/\/tiketi.com\/internet-mobile-airtel-tigo-ghana-data-plans-bundle\/#breadcrumb"},"inLanguage":"fr-FR","potentialAction":[{"@type":"ReadAction","target":["https:\/\/tiketi.com\/internet-mobile-airtel-tigo-ghana-data-plans-bundle\/"]}]},{"@type":"ImageObject","inLanguage":"fr-FR","@id":"https:\/\/tiketi.com\/internet-mobile-airtel-tigo-ghana-data-plans-bundle\/#primaryimage","url":"https:\/\/tiketi.com\/wp-content\/uploads\/2019\/05\/data-packages-2029825_1280.jpg","contentUrl":"https:\/\/tiketi.com\/wp-content\/uploads\/2019\/05\/data-packages-2029825_1280.jpg","width":1200,"height":200,"caption":"How to get Data Plan \/ Packages \/ Top Up"},{"@type":"BreadcrumbList","@id":"https:\/\/tiketi.com\/internet-mobile-airtel-tigo-ghana-data-plans-bundle\/#breadcrumb","itemListElement":[{"@type":"ListItem","position":1,"name":"Home","item":"https:\/\/tiketi.com\/"},{"@type":"ListItem","position":2,"name":"How to get data plan of AirtelTigo Ghana internet bundles \/ packages"}]},{"@type":"WebSite","@id":"https:\/\/tiketi.com\/#website","url":"https:\/\/tiketi.com\/","name":"Billets d&#039;avion et de bus, forfaits touristiques et activit\u00e9s - Tiketi.com","description":"Billets d&#039;avion et de bus, Tours, Activit\u00e9s","publisher":{"@id":"https:\/\/tiketi.com\/#organization"},"potentialAction":[{"@type":"SearchAction","target":{"@type":"EntryPoint","urlTemplate":"https:\/\/tiketi.com\/?s={search_term_string}"},"query-input":{"@type":"PropertyValueSpecification","valueRequired":true,"valueName":"search_term_string"}}],"inLanguage":"fr-FR"},{"@type":"Organization","@id":"https:\/\/tiketi.com\/#organization","name":"Tiketi.com","alternateName":"Tiketi","url":"https:\/\/tiketi.com\/","logo":{"@type":"ImageObject","inLanguage":"fr-FR","@id":"https:\/\/tiketi.com\/#\/schema\/logo\/image\/","url":"https:\/\/tiketi.com\/wp-content\/uploads\/2019\/05\/tiketi-logo-696.png","contentUrl":"https:\/\/tiketi.com\/wp-content\/uploads\/2019\/05\/tiketi-logo-696.png","width":696,"height":696,"caption":"Tiketi.com"},"image":{"@id":"https:\/\/tiketi.com\/#\/schema\/logo\/image\/"},"sameAs":["https:\/\/www.facebook.com\/TiketiCom\/"]}]}},"_links":{"self":[{"href":"https:\/\/tiketi.com\/fr-fr\/wp-json\/wp\/v2\/pages\/10920","targetHints":{"allow":["GET"]}}],"collection":[{"href":"https:\/\/tiketi.com\/fr-fr\/wp-json\/wp\/v2\/pages"}],"about":[{"href":"https:\/\/tiketi.com\/fr-fr\/wp-json\/wp\/v2\/types\/page"}],"author":[{"embeddable":true,"href":"https:\/\/tiketi.com\/fr-fr\/wp-json\/wp\/v2\/users\/1"}],"replies":[{"embeddable":true,"href":"https:\/\/tiketi.com\/fr-fr\/wp-json\/wp\/v2\/comments?post=10920"}],"version-history":[{"count":0,"href":"https:\/\/tiketi.com\/fr-fr\/wp-json\/wp\/v2\/pages\/10920\/revisions"}],"wp:featuredmedia":[{"embeddable":true,"href":"https:\/\/tiketi.com\/fr-fr\/wp-json\/wp\/v2\/media\/19675"}],"wp:attachment":[{"href":"https:\/\/tiketi.com\/fr-fr\/wp-json\/wp\/v2\/media?parent=10920"}],"curies":[{"name":"wp","href":"https:\/\/api.w.org\/{rel}","templated":true}]}}