{"id":10921,"date":"2022-01-19T12:53:59","date_gmt":"2022-01-19T11:53:59","guid":{"rendered":"https:\/\/new.tiketi.com\/how-to-get-data-plan-of-vodafone-ghana-internet-packages-bundles\/"},"modified":"2022-07-14T13:02:08","modified_gmt":"2022-07-14T12:02:08","slug":"internet-mobile-vodafone-ghana-data-plans-bundle","status":"publish","type":"page","link":"https:\/\/tiketi.com\/fr-fr\/internet-mobile-vodafone-ghana-data-plans-bundle\/","title":{"rendered":"Comment obtenir le plan de donn\u00e9es des forfaits \/ forfaits Internet Vodafone Ghana"},"content":{"rendered":"<p><strong>Un d:\u00a0<\/strong><\/p>\n<p><strong><a href=\"https:\/\/fiymo.com\/register\" target=\"_blank\" rel=\"noopener\"><\/a><\/strong><\/p>\n<h2>Forfaits de donn\u00e9es Vodafone Ghana, plan de donn\u00e9es, codes d&#039;abonnement et prix<\/h2>\n<p>Vous trouverez ci-dessous la liste de tous les plans de donn\u00e9es et prix de Vodafone Ghana \/ forfaits Internet Vodafone Ghana. Vodafone Ghana \u00e9tait autrefois le deuxi\u00e8me viral, mais sera d\u00e9pass\u00e9 par la fusion d&#039;Airtel et de Tigo. Elle \u00e9tait autrefois connue sous le nom de Ghana Telecom et \u00e9tait la soci\u00e9t\u00e9 nationale de t\u00e9l\u00e9communications du Ghana. Trouvez ci-dessous les prix des forfaits de donn\u00e9es Vodafone Ghana bon march\u00e9:<\/p>\n<h2>Voici comment obtenir les plans de donn\u00e9es et les prix de Vodafone Ghana \/ Forfaits Internet Vodafone Ghana<\/h2>\n<h3>Forfaits de donn\u00e9es et prix de Vodafone Ghana<\/h3>\n<p>Le taux par d\u00e9faut hors forfaits est de 0,10 GHc par Mo. Ces offres Internet Vodafone Ghana sont propos\u00e9es\u00a0:<\/p>\n<table border=\"0\" cellpadding=\"0\">\n<tbody>\n<tr>\n<td>\n<h3>Forfaits de donn\u00e9es Vodafone Ghana<\/h3>\n<\/td>\n<td>\n<h3>Temps<\/h3>\n<\/td>\n<td>\n<h3>Prix<\/h3>\n<\/td>\n<td>\n<h3>Activation<\/h3>\n<\/td>\n<\/tr>\n<tr>\n<td>25 Mo<\/td>\n<td rowspan=\"5\">\n<h3>Forfaits Vodafone Daily Data\u00a0:<\/h3>\n<h3>24 heures<\/h3>\n<\/td>\n<td>GHC 0,50<\/td>\n<td>*700*65#<\/td>\n<\/tr>\n<tr>\n<td>130 Mo<\/td>\n<td>GHC 2<\/td>\n<td>*700*24#<\/td>\n<\/tr>\n<tr>\n<td>550 Mo<\/td>\n<td>GHC 3<\/td>\n<td>*700*28#<\/td>\n<\/tr>\n<tr>\n<td>1 Go<\/td>\n<td>GHC 5<\/td>\n<td>*700*15#<\/td>\n<\/tr>\n<tr>\n<td>2,5 Go<\/td>\n<td>GHC 10<\/td>\n<td>*700*57#<\/td>\n<\/tr>\n<tr>\n<td>100 Mo<\/td>\n<td rowspan=\"5\">\n<h3>Forfaits de donn\u00e9es hebdomadaires Vodafone\u00a0:<\/h3>\n<h3>7 jours<\/h3>\n<\/td>\n<td>GHC 2<\/td>\n<td>*700*27#<\/td>\n<\/tr>\n<tr>\n<td>600 Mo<\/td>\n<td>GHC 6<\/td>\n<td>*700*30#<\/td>\n<\/tr>\n<tr>\n<td>1,3 Go<\/td>\n<td>GHC 12<\/td>\n<td>*700*31#<\/td>\n<\/tr>\n<tr>\n<td>3 Go<\/td>\n<td>GHC 20<\/td>\n<td>*700*59#<\/td>\n<\/tr>\n<tr>\n<td>5 Go<\/td>\n<td>GHC 30<\/td>\n<td>*700*60#<\/td>\n<\/tr>\n<tr>\n<td>550 Mo<\/td>\n<td rowspan=\"7\">\n<h3>Forfaits de donn\u00e9es mensuels Vodafone\u00a0:<\/h3>\n<h3>30 jours<\/h3>\n<\/td>\n<td>GHC 10<\/td>\n<td>*700*32#<\/td>\n<\/tr>\n<tr>\n<td>2 Go<\/td>\n<td>GHC 20<\/td>\n<td>*700*34#<\/td>\n<\/tr>\n<tr>\n<td>4,8 Go<\/td>\n<td>GHC 40<\/td>\n<td>*700*37#<\/td>\n<\/tr>\n<tr>\n<td>7,3 Go<\/td>\n<td>GHC 60<\/td>\n<td>*700*38#<\/td>\n<\/tr>\n<tr>\n<td>13,3 Go<\/td>\n<td>GHC 100<\/td>\n<td>*700*40#<\/td>\n<\/tr>\n<tr>\n<td>20 Go<\/td>\n<td>GHC 149<\/td>\n<td>*700*45#<\/td>\n<\/tr>\n<tr>\n<td>40 Go<\/td>\n<td>GHC 249<\/td>\n<td>*700*48#<\/td>\n<\/tr>\n<\/tbody>\n<\/table>\n<h2>Mode d&#039;abonnement des forfaits de donn\u00e9es Vodafone<\/h2>\n<p><strong>Par USSD<\/strong><\/p>\n<p>Composez *700# pour acheter des donn\u00e9es.<\/p>\n<p><strong>Via l&#039;application<\/strong><\/p>\n<p>T\u00e9l\u00e9chargez mon application vodafone ghana sur google play. Installez-le et enregistrez votre num\u00e9ro pour acheter des forfaits de donn\u00e9es Vodafone Ghana.<\/p>\n<p><strong>Via le site Web<\/strong><\/p>\n<p>Visitez https:\/\/vodafone.com.gh\/ pour acheter des donn\u00e9es.<\/p>\n<p>Comment obtenir le solde de donn\u00e9es VODAFONE<br \/>\nPar SMS<\/p>\n<p><strong>Par USSD<\/strong><\/p>\n<p>Composez le *700*2# pour v\u00e9rifier votre solde de donn\u00e9es.<\/p>\n<p><strong>Via le site Web<\/strong><\/p>\n<p><strong>Via l&#039;application<\/strong><\/p>\n<p>T\u00e9l\u00e9chargez l&#039;application My Vodafone Ghana sur Google Play. Installez et enregistrez votre num\u00e9ro de t\u00e9l\u00e9phone pour v\u00e9rifier votre solde de donn\u00e9es.<\/p>\n<h2>Vitesse Internet Vodafone<\/h2>\n<p><strong>Signal<\/strong><br \/>\n<strong>Vitesse de pointe\u00a0:<\/strong><br \/>\n<strong>Vitesse moyenne de navigation sur Internet\u00a0:<\/strong><\/p>\n<p>Les informations sur les forfaits de donn\u00e9es Vodafone Ghana ci-dessus, les prix et les codes d&#039;abonnement sont valables selon notre derni\u00e8re mise \u00e0 jour 2020.<\/p>","protected":false},"excerpt":{"rendered":"<p>Ad:\u00a0 Vodafone\u00a0Ghana Data Bundles, Data plan, Subscription Codes and Prices Below is the list of every Vodafone Ghana\u00a0data plans and prices \/ Vodafone Ghana internet packages. Vodafone Ghana used to be second located viral, but will be overtaken by the merger of Airtel and Tigo. It was formerly known as Ghana Telecom and was the [&hellip;]<\/p>\n","protected":false},"author":1,"featured_media":19675,"parent":0,"menu_order":0,"comment_status":"open","ping_status":"closed","template":"template-home-modern.php","meta":{"footnotes":""},"class_list":["post-10921","page","type-page","status-publish","has-post-thumbnail","hentry"],"yoast_head":"<!-- This site is optimized with the Yoast SEO plugin v27.4 - https:\/\/yoast.com\/product\/yoast-seo-wordpress\/ -->\n<title>How to get data plan of Vodafone Ghana internet packages \/ bundles<\/title>\n<meta name=\"description\" content=\"Are you looking for cheap dataplans of Vodafone Ghana data bundles, speed, subscription codes and prices? Here is how to get data plan of Vodafone Ghana internet packages \/ bundles\" \/>\n<meta name=\"robots\" content=\"index, follow, max-snippet:-1, max-image-preview:large, max-video-preview:-1\" \/>\n<link rel=\"canonical\" href=\"https:\/\/tiketi.com\/fr-fr\/internet-mobile-vodafone-ghana-data-plans-bundle\/\" \/>\n<meta property=\"og:locale\" content=\"fr_FR\" \/>\n<meta property=\"og:type\" content=\"article\" \/>\n<meta property=\"og:title\" content=\"How to get data plan of Vodafone Ghana internet packages \/ bundles\" \/>\n<meta property=\"og:description\" content=\"Are you looking for cheap dataplans of Vodafone Ghana data bundles, speed, subscription codes and prices? Here is how to get data plan of Vodafone Ghana internet packages \/ bundles\" \/>\n<meta property=\"og:url\" content=\"https:\/\/tiketi.com\/fr-fr\/internet-mobile-vodafone-ghana-data-plans-bundle\/\" \/>\n<meta property=\"og:site_name\" content=\"Tiketi.com\" \/>\n<meta property=\"article:publisher\" content=\"https:\/\/www.facebook.com\/TiketiCom\/\" \/>\n<meta property=\"article:modified_time\" content=\"2022-07-14T12:02:08+00:00\" \/>\n<meta property=\"og:image\" content=\"https:\/\/tiketi.com\/wp-content\/uploads\/2019\/05\/data-packages-2029825_1280.jpg\" \/>\n\t<meta property=\"og:image:width\" content=\"1200\" \/>\n\t<meta property=\"og:image:height\" content=\"200\" \/>\n\t<meta property=\"og:image:type\" content=\"image\/jpeg\" \/>\n<meta name=\"twitter:card\" content=\"summary_large_image\" \/>\n<meta name=\"twitter:label1\" content=\"Dur\u00e9e de lecture estim\u00e9e\" \/>\n\t<meta name=\"twitter:data1\" content=\"2 minutes\" \/>\n<script type=\"application\/ld+json\" class=\"yoast-schema-graph\">{\"@context\":\"https:\\\/\\\/schema.org\",\"@graph\":[{\"@type\":\"WebPage\",\"@id\":\"https:\\\/\\\/tiketi.com\\\/internet-mobile-vodafone-ghana-data-plans-bundle\\\/\",\"url\":\"https:\\\/\\\/tiketi.com\\\/internet-mobile-vodafone-ghana-data-plans-bundle\\\/\",\"name\":\"How to get data plan of Vodafone Ghana internet packages \\\/ bundles\",\"isPartOf\":{\"@id\":\"https:\\\/\\\/tiketi.com\\\/#website\"},\"primaryImageOfPage\":{\"@id\":\"https:\\\/\\\/tiketi.com\\\/internet-mobile-vodafone-ghana-data-plans-bundle\\\/#primaryimage\"},\"image\":{\"@id\":\"https:\\\/\\\/tiketi.com\\\/internet-mobile-vodafone-ghana-data-plans-bundle\\\/#primaryimage\"},\"thumbnailUrl\":\"https:\\\/\\\/tiketi.com\\\/wp-content\\\/uploads\\\/2019\\\/05\\\/data-packages-2029825_1280.jpg\",\"datePublished\":\"2022-01-19T11:53:59+00:00\",\"dateModified\":\"2022-07-14T12:02:08+00:00\",\"description\":\"Are you looking for cheap dataplans of Vodafone Ghana data bundles, speed, subscription codes and prices? Here is how to get data plan of Vodafone Ghana internet packages \\\/ bundles\",\"breadcrumb\":{\"@id\":\"https:\\\/\\\/tiketi.com\\\/internet-mobile-vodafone-ghana-data-plans-bundle\\\/#breadcrumb\"},\"inLanguage\":\"fr-FR\",\"potentialAction\":[{\"@type\":\"ReadAction\",\"target\":[\"https:\\\/\\\/tiketi.com\\\/internet-mobile-vodafone-ghana-data-plans-bundle\\\/\"]}]},{\"@type\":\"ImageObject\",\"inLanguage\":\"fr-FR\",\"@id\":\"https:\\\/\\\/tiketi.com\\\/internet-mobile-vodafone-ghana-data-plans-bundle\\\/#primaryimage\",\"url\":\"https:\\\/\\\/tiketi.com\\\/wp-content\\\/uploads\\\/2019\\\/05\\\/data-packages-2029825_1280.jpg\",\"contentUrl\":\"https:\\\/\\\/tiketi.com\\\/wp-content\\\/uploads\\\/2019\\\/05\\\/data-packages-2029825_1280.jpg\",\"width\":1200,\"height\":200,\"caption\":\"How to get Data Plan \\\/ Packages \\\/ Top Up\"},{\"@type\":\"BreadcrumbList\",\"@id\":\"https:\\\/\\\/tiketi.com\\\/internet-mobile-vodafone-ghana-data-plans-bundle\\\/#breadcrumb\",\"itemListElement\":[{\"@type\":\"ListItem\",\"position\":1,\"name\":\"Home\",\"item\":\"https:\\\/\\\/tiketi.com\\\/\"},{\"@type\":\"ListItem\",\"position\":2,\"name\":\"How to get data plan of Vodafone Ghana internet packages \\\/ bundles\"}]},{\"@type\":\"WebSite\",\"@id\":\"https:\\\/\\\/tiketi.com\\\/#website\",\"url\":\"https:\\\/\\\/tiketi.com\\\/\",\"name\":\"Flight & Bus Tickets, Tour Packages & Activitites - Tiketi.com\",\"description\":\"Flight &amp; Bus Tickets, Tours, Activitites\",\"publisher\":{\"@id\":\"https:\\\/\\\/tiketi.com\\\/#organization\"},\"potentialAction\":[{\"@type\":\"SearchAction\",\"target\":{\"@type\":\"EntryPoint\",\"urlTemplate\":\"https:\\\/\\\/tiketi.com\\\/?s={search_term_string}\"},\"query-input\":{\"@type\":\"PropertyValueSpecification\",\"valueRequired\":true,\"valueName\":\"search_term_string\"}}],\"inLanguage\":\"fr-FR\"},{\"@type\":\"Organization\",\"@id\":\"https:\\\/\\\/tiketi.com\\\/#organization\",\"name\":\"Tiketi.com\",\"alternateName\":\"Tiketi\",\"url\":\"https:\\\/\\\/tiketi.com\\\/\",\"logo\":{\"@type\":\"ImageObject\",\"inLanguage\":\"fr-FR\",\"@id\":\"https:\\\/\\\/tiketi.com\\\/#\\\/schema\\\/logo\\\/image\\\/\",\"url\":\"https:\\\/\\\/tiketi.com\\\/wp-content\\\/uploads\\\/2019\\\/05\\\/tiketi-logo-696.png\",\"contentUrl\":\"https:\\\/\\\/tiketi.com\\\/wp-content\\\/uploads\\\/2019\\\/05\\\/tiketi-logo-696.png\",\"width\":696,\"height\":696,\"caption\":\"Tiketi.com\"},\"image\":{\"@id\":\"https:\\\/\\\/tiketi.com\\\/#\\\/schema\\\/logo\\\/image\\\/\"},\"sameAs\":[\"https:\\\/\\\/www.facebook.com\\\/TiketiCom\\\/\"]}]}<\/script>\n<!-- \/ Yoast SEO plugin. -->","yoast_head_json":{"title":"Comment obtenir le plan de donn\u00e9es des forfaits \/ forfaits Internet Vodafone Ghana","description":"\u00cates-vous \u00e0 la recherche de forfaits de donn\u00e9es bon march\u00e9 pour les forfaits de donn\u00e9es Vodafone Ghana, la vitesse, les codes d&#039;abonnement et les prix\u00a0? Voici comment obtenir le plan de donn\u00e9es des forfaits \/ forfaits Internet de Vodafone Ghana","robots":{"index":"index","follow":"follow","max-snippet":"max-snippet:-1","max-image-preview":"max-image-preview:large","max-video-preview":"max-video-preview:-1"},"canonical":"https:\/\/tiketi.com\/fr-fr\/internet-mobile-vodafone-ghana-data-plans-bundle\/","og_locale":"fr_FR","og_type":"article","og_title":"How to get data plan of Vodafone Ghana internet packages \/ bundles","og_description":"Are you looking for cheap dataplans of Vodafone Ghana data bundles, speed, subscription codes and prices? Here is how to get data plan of Vodafone Ghana internet packages \/ bundles","og_url":"https:\/\/tiketi.com\/fr-fr\/internet-mobile-vodafone-ghana-data-plans-bundle\/","og_site_name":"Tiketi.com","article_publisher":"https:\/\/www.facebook.com\/TiketiCom\/","article_modified_time":"2022-07-14T12:02:08+00:00","og_image":[{"width":1200,"height":200,"url":"https:\/\/tiketi.com\/wp-content\/uploads\/2019\/05\/data-packages-2029825_1280.jpg","type":"image\/jpeg"}],"twitter_card":"summary_large_image","twitter_misc":{"Dur\u00e9e de lecture estim\u00e9e":"2 minutes"},"schema":{"@context":"https:\/\/schema.org","@graph":[{"@type":"WebPage","@id":"https:\/\/tiketi.com\/internet-mobile-vodafone-ghana-data-plans-bundle\/","url":"https:\/\/tiketi.com\/internet-mobile-vodafone-ghana-data-plans-bundle\/","name":"Comment obtenir le plan de donn\u00e9es des forfaits \/ forfaits Internet Vodafone Ghana","isPartOf":{"@id":"https:\/\/tiketi.com\/#website"},"primaryImageOfPage":{"@id":"https:\/\/tiketi.com\/internet-mobile-vodafone-ghana-data-plans-bundle\/#primaryimage"},"image":{"@id":"https:\/\/tiketi.com\/internet-mobile-vodafone-ghana-data-plans-bundle\/#primaryimage"},"thumbnailUrl":"https:\/\/tiketi.com\/wp-content\/uploads\/2019\/05\/data-packages-2029825_1280.jpg","datePublished":"2022-01-19T11:53:59+00:00","dateModified":"2022-07-14T12:02:08+00:00","description":"\u00cates-vous \u00e0 la recherche de forfaits de donn\u00e9es bon march\u00e9 pour les forfaits de donn\u00e9es Vodafone Ghana, la vitesse, les codes d&#039;abonnement et les prix\u00a0? Voici comment obtenir le plan de donn\u00e9es des forfaits \/ forfaits Internet de Vodafone Ghana","breadcrumb":{"@id":"https:\/\/tiketi.com\/internet-mobile-vodafone-ghana-data-plans-bundle\/#breadcrumb"},"inLanguage":"fr-FR","potentialAction":[{"@type":"ReadAction","target":["https:\/\/tiketi.com\/internet-mobile-vodafone-ghana-data-plans-bundle\/"]}]},{"@type":"ImageObject","inLanguage":"fr-FR","@id":"https:\/\/tiketi.com\/internet-mobile-vodafone-ghana-data-plans-bundle\/#primaryimage","url":"https:\/\/tiketi.com\/wp-content\/uploads\/2019\/05\/data-packages-2029825_1280.jpg","contentUrl":"https:\/\/tiketi.com\/wp-content\/uploads\/2019\/05\/data-packages-2029825_1280.jpg","width":1200,"height":200,"caption":"How to get Data Plan \/ Packages \/ Top Up"},{"@type":"BreadcrumbList","@id":"https:\/\/tiketi.com\/internet-mobile-vodafone-ghana-data-plans-bundle\/#breadcrumb","itemListElement":[{"@type":"ListItem","position":1,"name":"Home","item":"https:\/\/tiketi.com\/"},{"@type":"ListItem","position":2,"name":"How to get data plan of Vodafone Ghana internet packages \/ bundles"}]},{"@type":"WebSite","@id":"https:\/\/tiketi.com\/#website","url":"https:\/\/tiketi.com\/","name":"Billets d&#039;avion et de bus, forfaits touristiques et activit\u00e9s - Tiketi.com","description":"Billets d&#039;avion et de bus, Tours, Activit\u00e9s","publisher":{"@id":"https:\/\/tiketi.com\/#organization"},"potentialAction":[{"@type":"SearchAction","target":{"@type":"EntryPoint","urlTemplate":"https:\/\/tiketi.com\/?s={search_term_string}"},"query-input":{"@type":"PropertyValueSpecification","valueRequired":true,"valueName":"search_term_string"}}],"inLanguage":"fr-FR"},{"@type":"Organization","@id":"https:\/\/tiketi.com\/#organization","name":"Tiketi.com","alternateName":"Tiketi","url":"https:\/\/tiketi.com\/","logo":{"@type":"ImageObject","inLanguage":"fr-FR","@id":"https:\/\/tiketi.com\/#\/schema\/logo\/image\/","url":"https:\/\/tiketi.com\/wp-content\/uploads\/2019\/05\/tiketi-logo-696.png","contentUrl":"https:\/\/tiketi.com\/wp-content\/uploads\/2019\/05\/tiketi-logo-696.png","width":696,"height":696,"caption":"Tiketi.com"},"image":{"@id":"https:\/\/tiketi.com\/#\/schema\/logo\/image\/"},"sameAs":["https:\/\/www.facebook.com\/TiketiCom\/"]}]}},"_links":{"self":[{"href":"https:\/\/tiketi.com\/fr-fr\/wp-json\/wp\/v2\/pages\/10921","targetHints":{"allow":["GET"]}}],"collection":[{"href":"https:\/\/tiketi.com\/fr-fr\/wp-json\/wp\/v2\/pages"}],"about":[{"href":"https:\/\/tiketi.com\/fr-fr\/wp-json\/wp\/v2\/types\/page"}],"author":[{"embeddable":true,"href":"https:\/\/tiketi.com\/fr-fr\/wp-json\/wp\/v2\/users\/1"}],"replies":[{"embeddable":true,"href":"https:\/\/tiketi.com\/fr-fr\/wp-json\/wp\/v2\/comments?post=10921"}],"version-history":[{"count":0,"href":"https:\/\/tiketi.com\/fr-fr\/wp-json\/wp\/v2\/pages\/10921\/revisions"}],"wp:featuredmedia":[{"embeddable":true,"href":"https:\/\/tiketi.com\/fr-fr\/wp-json\/wp\/v2\/media\/19675"}],"wp:attachment":[{"href":"https:\/\/tiketi.com\/fr-fr\/wp-json\/wp\/v2\/media?parent=10921"}],"curies":[{"name":"wp","href":"https:\/\/api.w.org\/{rel}","templated":true}]}}