{"id":10922,"date":"2022-01-19T12:53:59","date_gmt":"2022-01-19T11:53:59","guid":{"rendered":"https:\/\/new.tiketi.com\/how-to-get-data-plan-of-mtn-ghana-internet-packages-bundles\/"},"modified":"2022-07-28T13:00:35","modified_gmt":"2022-07-28T12:00:35","slug":"internet-mobile-mtn-ghana-data-plans-bundle","status":"publish","type":"page","link":"https:\/\/tiketi.com\/fr-fr\/internet-mobile-mtn-ghana-data-plans-bundle\/","title":{"rendered":"Comment obtenir le plan de donn\u00e9es des forfaits \/ forfaits Internet MTN Ghana"},"content":{"rendered":"<h2>Forfaits de donn\u00e9es MTN Ghana, plan de donn\u00e9es, codes d&#039;abonnement et prix<\/h2>\n<p>Vous trouverez ci-dessous la liste de tous les plans de donn\u00e9es et prix de MTN Ghana \/ forfaits Internet MTN Ghana. MTN Ghana est le monstre du march\u00e9 au Ghana avec une part de march\u00e9 de quarante-huit pour cent et la couverture et les vitesses les plus \u00e9lev\u00e9es depuis qu&#039;il a repris Arreeba Ghana en 2007. Trouvez ci-dessous les prix des forfaits de donn\u00e9es MTN Ghana bon march\u00e9 et rechargez votre t\u00e9l\u00e9phone <a href=\"https:\/\/fiymo.com\/register\" target=\"_blank\" rel=\"noopener\">en ligne<\/a>.<\/p>\n<h2>Voici comment obtenir les plans de donn\u00e9es et les prix de MTN Ghana \/ Forfaits Internet MTN Ghana<\/h2>\n<p><strong>Disponibilit\u00e9<\/strong><\/p>\n<p>Les cartes SIM MTN doivent \u00eatre achet\u00e9es dans un point de vente du fournisseur pour un enregistrement correct montrant votre passeport pour GHc un ou deux avec le solde le plus bas.<\/p>\n<h3>Forfaits de donn\u00e9es et prix de MTN Ghana<\/h3>\n<p>Les forfaits de donn\u00e9es de MTN Ghana paient \u00e0 l&#039;utilisation le tarif est de 0,0525 GHc avec une r\u00e9duction de cinquante pour cent de minuit \u00e0 4 h 59. Les prix des forfaits de donn\u00e9es MTN Ghana sont propos\u00e9s pour les forfaits de donn\u00e9es quotidiennes MTN, les forfaits de donn\u00e9es hebdomadaires MTN et les forfaits de donn\u00e9es mensuels MTN\u00a0:<\/p>\n<table border=\"0\" cellpadding=\"0\">\n<tbody>\n<tr>\n<td>\n<h3>Forfaits de donn\u00e9es MTN Ghana<\/h3>\n<\/td>\n<td>\n<h3>Temps<\/h3>\n<\/td>\n<td>\n<h3>Prix<\/h3>\n<\/td>\n<\/tr>\n<tr>\n<td>25 Mo<\/td>\n<td rowspan=\"4\">\n<h3>Forfaits de donn\u00e9es quotidiennes MTN\u00a0:<\/h3>\n<h3>24 heures<\/h3>\n<\/td>\n<td>\n<h3>GHC 0,50<\/h3>\n<\/td>\n<\/tr>\n<tr>\n<td>50 Mo<\/td>\n<td>\n<h3>GHC 1<\/h3>\n<\/td>\n<\/tr>\n<tr>\n<td>120 Mo<\/td>\n<td>GHC 2<\/td>\n<\/tr>\n<tr>\n<td>500 Mo<\/td>\n<td>GHC 3<\/td>\n<\/tr>\n<tr>\n<td>25 Mo<\/td>\n<td rowspan=\"5\">\n<h3>Forfaits de donn\u00e9es hebdomadaires MTN\u00a0:<\/h3>\n<h3>7 jours<\/h3>\n<\/td>\n<td>GHC 1<\/td>\n<\/tr>\n<tr>\n<td>60 Mo<\/td>\n<td>GHC 2<\/td>\n<\/tr>\n<tr>\n<td>180 Mo<\/td>\n<td>GHC 3<\/td>\n<\/tr>\n<tr>\n<td>300 Mo<\/td>\n<td>GHC 5<\/td>\n<\/tr>\n<tr>\n<td>1 Go<\/td>\n<td>GHC 10<\/td>\n<\/tr>\n<tr>\n<td>400 Mo<\/td>\n<td rowspan=\"4\">\n<h3>Forfaits de donn\u00e9es mensuels MTN\u00a0:<\/h3>\n<h3>30 jours<\/h3>\n<\/td>\n<td>GHC 10<\/td>\n<\/tr>\n<tr>\n<td>1 Go<\/td>\n<td>GHC 20<\/td>\n<\/tr>\n<tr>\n<td>2,5 Go<\/td>\n<td>GHC 40<\/td>\n<\/tr>\n<tr>\n<td>4 GO<\/td>\n<td>GHC 60<\/td>\n<\/tr>\n<\/tbody>\n<\/table>\n<h2>Mode d&#039;abonnement aux plans de donn\u00e9es MTN<\/h2>\n<p><strong>Par USSD<\/strong><\/p>\n<p>Composez *138*1# pour acheter des donn\u00e9es.<\/p>\n<p><strong>Via l&#039;application<\/strong><\/p>\n<p>T\u00e9l\u00e9chargez mon application mtn sur google play pour acheter des donn\u00e9es.<\/p>\n<p><strong>Via le site Web<\/strong><\/p>\n<p>Visitez https:\/\/www.mtn.com.gh\/personal pour acheter des donn\u00e9es.<\/p>\n<h3>Comment obtenir le solde des donn\u00e9es MTN<\/h3>\n<p><strong>Par SMS<\/strong><\/p>\n<p><strong>Par USSD<\/strong><\/p>\n<p>Composez *138*1#, s\u00e9lectionnez l&#039;option 8 pour v\u00e9rifier le solde.<\/p>\n<p><strong>Via le site Web<\/strong><\/p>\n<p><strong>Via l&#039;application<\/strong><\/p>\n<p>T\u00e9l\u00e9chargez My mtnapp sur google play pour v\u00e9rifier ou \u00e9quilibrer.<\/p>\n<h2>Vitesse Internet MTN<\/h2>\n<p><strong>Signal<\/strong><br \/>\n<strong>Vitesse de pointe\u00a0:<\/strong><br \/>\n<strong>Vitesse moyenne de navigation sur Internet\u00a0:<\/strong><\/p>\n<p>Les informations sur les forfaits de donn\u00e9es MTN Ghana ci-dessus, les prix et les codes d&#039;abonnement sont valables selon notre derni\u00e8re mise \u00e0 jour 2020.<\/p>","protected":false},"excerpt":{"rendered":"<p>MTN Ghana Data Bundles, Data Plan, Subscription Codes and Prices Below is the list of every MTN Ghana\u00a0data plans and prices \/ MTN Ghana internet packages. MTN Ghana\u00a0is the market monster in Ghana with a forty-eight percent share and the top coverage and speeds since it took over Arreeba Ghana in 2007.\u00a0Find below cheap MTN [&hellip;]<\/p>\n","protected":false},"author":1,"featured_media":19675,"parent":0,"menu_order":0,"comment_status":"open","ping_status":"closed","template":"template-home-modern.php","meta":{"footnotes":""},"class_list":["post-10922","page","type-page","status-publish","has-post-thumbnail","hentry"],"yoast_head":"<!-- This site is optimized with the Yoast SEO plugin v27.2 - https:\/\/yoast.com\/product\/yoast-seo-wordpress\/ -->\n<title>How to get data plan of MTN Ghana internet packages \/ bundles<\/title>\n<meta name=\"description\" content=\"Are you looking for cheapdataplans of MTN Ghana data bundles, speed, subscription codes and prices? Here is how to get data plan of MTN Ghana internet packages \/ bundles\" \/>\n<meta name=\"robots\" content=\"index, follow, max-snippet:-1, max-image-preview:large, max-video-preview:-1\" \/>\n<link rel=\"canonical\" href=\"https:\/\/tiketi.com\/fr-fr\/internet-mobile-mtn-ghana-data-plans-bundle\/\" \/>\n<meta property=\"og:locale\" content=\"fr_FR\" \/>\n<meta property=\"og:type\" content=\"article\" \/>\n<meta property=\"og:title\" content=\"How to get data plan of MTN Ghana internet packages \/ bundles\" \/>\n<meta property=\"og:description\" content=\"Are you looking for cheapdataplans of MTN Ghana data bundles, speed, subscription codes and prices? Here is how to get data plan of MTN Ghana internet packages \/ bundles\" \/>\n<meta property=\"og:url\" content=\"https:\/\/tiketi.com\/fr-fr\/internet-mobile-mtn-ghana-data-plans-bundle\/\" \/>\n<meta property=\"og:site_name\" content=\"Tiketi.com\" \/>\n<meta property=\"article:publisher\" content=\"https:\/\/www.facebook.com\/TiketiCom\/\" \/>\n<meta property=\"article:modified_time\" content=\"2022-07-28T12:00:35+00:00\" \/>\n<meta property=\"og:image\" content=\"https:\/\/tiketi.com\/wp-content\/uploads\/2019\/05\/data-packages-2029825_1280.jpg\" \/>\n\t<meta property=\"og:image:width\" content=\"1200\" \/>\n\t<meta property=\"og:image:height\" content=\"200\" \/>\n\t<meta property=\"og:image:type\" content=\"image\/jpeg\" \/>\n<meta name=\"twitter:card\" content=\"summary_large_image\" \/>\n<meta name=\"twitter:label1\" content=\"Dur\u00e9e de lecture estim\u00e9e\" \/>\n\t<meta name=\"twitter:data1\" content=\"2 minutes\" \/>\n<script type=\"application\/ld+json\" class=\"yoast-schema-graph\">{\"@context\":\"https:\/\/schema.org\",\"@graph\":[{\"@type\":\"WebPage\",\"@id\":\"https:\/\/tiketi.com\/internet-mobile-mtn-ghana-data-plans-bundle\/\",\"url\":\"https:\/\/tiketi.com\/internet-mobile-mtn-ghana-data-plans-bundle\/\",\"name\":\"How to get data plan of MTN Ghana internet packages \/ bundles\",\"isPartOf\":{\"@id\":\"https:\/\/tiketi.com\/#website\"},\"primaryImageOfPage\":{\"@id\":\"https:\/\/tiketi.com\/internet-mobile-mtn-ghana-data-plans-bundle\/#primaryimage\"},\"image\":{\"@id\":\"https:\/\/tiketi.com\/internet-mobile-mtn-ghana-data-plans-bundle\/#primaryimage\"},\"thumbnailUrl\":\"https:\/\/tiketi.com\/wp-content\/uploads\/2019\/05\/data-packages-2029825_1280.jpg\",\"datePublished\":\"2022-01-19T11:53:59+00:00\",\"dateModified\":\"2022-07-28T12:00:35+00:00\",\"description\":\"Are you looking for cheapdataplans of MTN Ghana data bundles, speed, subscription codes and prices? Here is how to get data plan of MTN Ghana internet packages \/ bundles\",\"breadcrumb\":{\"@id\":\"https:\/\/tiketi.com\/internet-mobile-mtn-ghana-data-plans-bundle\/#breadcrumb\"},\"inLanguage\":\"fr-FR\",\"potentialAction\":[{\"@type\":\"ReadAction\",\"target\":[\"https:\/\/tiketi.com\/internet-mobile-mtn-ghana-data-plans-bundle\/\"]}]},{\"@type\":\"ImageObject\",\"inLanguage\":\"fr-FR\",\"@id\":\"https:\/\/tiketi.com\/internet-mobile-mtn-ghana-data-plans-bundle\/#primaryimage\",\"url\":\"https:\/\/tiketi.com\/wp-content\/uploads\/2019\/05\/data-packages-2029825_1280.jpg\",\"contentUrl\":\"https:\/\/tiketi.com\/wp-content\/uploads\/2019\/05\/data-packages-2029825_1280.jpg\",\"width\":1200,\"height\":200,\"caption\":\"How to get Data Plan \/ Packages \/ Top Up\"},{\"@type\":\"BreadcrumbList\",\"@id\":\"https:\/\/tiketi.com\/internet-mobile-mtn-ghana-data-plans-bundle\/#breadcrumb\",\"itemListElement\":[{\"@type\":\"ListItem\",\"position\":1,\"name\":\"Home\",\"item\":\"https:\/\/tiketi.com\/\"},{\"@type\":\"ListItem\",\"position\":2,\"name\":\"How to get data plan of MTN Ghana internet packages \/ bundles\"}]},{\"@type\":\"WebSite\",\"@id\":\"https:\/\/tiketi.com\/#website\",\"url\":\"https:\/\/tiketi.com\/\",\"name\":\"Flight & Bus Tickets, Tour Packages & Activitites - Tiketi.com\",\"description\":\"Flight &amp; Bus Tickets, Tours, Activitites\",\"publisher\":{\"@id\":\"https:\/\/tiketi.com\/#organization\"},\"potentialAction\":[{\"@type\":\"SearchAction\",\"target\":{\"@type\":\"EntryPoint\",\"urlTemplate\":\"https:\/\/tiketi.com\/?s={search_term_string}\"},\"query-input\":{\"@type\":\"PropertyValueSpecification\",\"valueRequired\":true,\"valueName\":\"search_term_string\"}}],\"inLanguage\":\"fr-FR\"},{\"@type\":\"Organization\",\"@id\":\"https:\/\/tiketi.com\/#organization\",\"name\":\"Tiketi.com\",\"alternateName\":\"Tiketi\",\"url\":\"https:\/\/tiketi.com\/\",\"logo\":{\"@type\":\"ImageObject\",\"inLanguage\":\"fr-FR\",\"@id\":\"https:\/\/tiketi.com\/#\/schema\/logo\/image\/\",\"url\":\"https:\/\/tiketi.com\/wp-content\/uploads\/2019\/05\/tiketi-logo-696.png\",\"contentUrl\":\"https:\/\/tiketi.com\/wp-content\/uploads\/2019\/05\/tiketi-logo-696.png\",\"width\":696,\"height\":696,\"caption\":\"Tiketi.com\"},\"image\":{\"@id\":\"https:\/\/tiketi.com\/#\/schema\/logo\/image\/\"},\"sameAs\":[\"https:\/\/www.facebook.com\/TiketiCom\/\"]}]}<\/script>\n<!-- \/ Yoast SEO plugin. -->","yoast_head_json":{"title":"Comment obtenir le plan de donn\u00e9es des forfaits \/ forfaits Internet MTN Ghana","description":"Recherchez-vous des forfaits de donn\u00e9es bon march\u00e9 pour les forfaits de donn\u00e9es MTN Ghana, la vitesse, les codes d&#039;abonnement et les prix\u00a0? Voici comment obtenir le plan de donn\u00e9es des forfaits \/ forfaits Internet MTN Ghana","robots":{"index":"index","follow":"follow","max-snippet":"max-snippet:-1","max-image-preview":"max-image-preview:large","max-video-preview":"max-video-preview:-1"},"canonical":"https:\/\/tiketi.com\/fr-fr\/internet-mobile-mtn-ghana-data-plans-bundle\/","og_locale":"fr_FR","og_type":"article","og_title":"How to get data plan of MTN Ghana internet packages \/ bundles","og_description":"Are you looking for cheapdataplans of MTN Ghana data bundles, speed, subscription codes and prices? Here is how to get data plan of MTN Ghana internet packages \/ bundles","og_url":"https:\/\/tiketi.com\/fr-fr\/internet-mobile-mtn-ghana-data-plans-bundle\/","og_site_name":"Tiketi.com","article_publisher":"https:\/\/www.facebook.com\/TiketiCom\/","article_modified_time":"2022-07-28T12:00:35+00:00","og_image":[{"width":1200,"height":200,"url":"https:\/\/tiketi.com\/wp-content\/uploads\/2019\/05\/data-packages-2029825_1280.jpg","type":"image\/jpeg"}],"twitter_card":"summary_large_image","twitter_misc":{"Dur\u00e9e de lecture estim\u00e9e":"2 minutes"},"schema":{"@context":"https:\/\/schema.org","@graph":[{"@type":"WebPage","@id":"https:\/\/tiketi.com\/internet-mobile-mtn-ghana-data-plans-bundle\/","url":"https:\/\/tiketi.com\/internet-mobile-mtn-ghana-data-plans-bundle\/","name":"Comment obtenir le plan de donn\u00e9es des forfaits \/ forfaits Internet MTN Ghana","isPartOf":{"@id":"https:\/\/tiketi.com\/#website"},"primaryImageOfPage":{"@id":"https:\/\/tiketi.com\/internet-mobile-mtn-ghana-data-plans-bundle\/#primaryimage"},"image":{"@id":"https:\/\/tiketi.com\/internet-mobile-mtn-ghana-data-plans-bundle\/#primaryimage"},"thumbnailUrl":"https:\/\/tiketi.com\/wp-content\/uploads\/2019\/05\/data-packages-2029825_1280.jpg","datePublished":"2022-01-19T11:53:59+00:00","dateModified":"2022-07-28T12:00:35+00:00","description":"Recherchez-vous des forfaits de donn\u00e9es bon march\u00e9 pour les forfaits de donn\u00e9es MTN Ghana, la vitesse, les codes d&#039;abonnement et les prix\u00a0? Voici comment obtenir le plan de donn\u00e9es des forfaits \/ forfaits Internet MTN Ghana","breadcrumb":{"@id":"https:\/\/tiketi.com\/internet-mobile-mtn-ghana-data-plans-bundle\/#breadcrumb"},"inLanguage":"fr-FR","potentialAction":[{"@type":"ReadAction","target":["https:\/\/tiketi.com\/internet-mobile-mtn-ghana-data-plans-bundle\/"]}]},{"@type":"ImageObject","inLanguage":"fr-FR","@id":"https:\/\/tiketi.com\/internet-mobile-mtn-ghana-data-plans-bundle\/#primaryimage","url":"https:\/\/tiketi.com\/wp-content\/uploads\/2019\/05\/data-packages-2029825_1280.jpg","contentUrl":"https:\/\/tiketi.com\/wp-content\/uploads\/2019\/05\/data-packages-2029825_1280.jpg","width":1200,"height":200,"caption":"How to get Data Plan \/ Packages \/ Top Up"},{"@type":"BreadcrumbList","@id":"https:\/\/tiketi.com\/internet-mobile-mtn-ghana-data-plans-bundle\/#breadcrumb","itemListElement":[{"@type":"ListItem","position":1,"name":"Home","item":"https:\/\/tiketi.com\/"},{"@type":"ListItem","position":2,"name":"How to get data plan of MTN Ghana internet packages \/ bundles"}]},{"@type":"WebSite","@id":"https:\/\/tiketi.com\/#website","url":"https:\/\/tiketi.com\/","name":"Billets d&#039;avion et de bus, forfaits touristiques et activit\u00e9s - Tiketi.com","description":"Billets d&#039;avion et de bus, Tours, Activit\u00e9s","publisher":{"@id":"https:\/\/tiketi.com\/#organization"},"potentialAction":[{"@type":"SearchAction","target":{"@type":"EntryPoint","urlTemplate":"https:\/\/tiketi.com\/?s={search_term_string}"},"query-input":{"@type":"PropertyValueSpecification","valueRequired":true,"valueName":"search_term_string"}}],"inLanguage":"fr-FR"},{"@type":"Organization","@id":"https:\/\/tiketi.com\/#organization","name":"Tiketi.com","alternateName":"Tiketi","url":"https:\/\/tiketi.com\/","logo":{"@type":"ImageObject","inLanguage":"fr-FR","@id":"https:\/\/tiketi.com\/#\/schema\/logo\/image\/","url":"https:\/\/tiketi.com\/wp-content\/uploads\/2019\/05\/tiketi-logo-696.png","contentUrl":"https:\/\/tiketi.com\/wp-content\/uploads\/2019\/05\/tiketi-logo-696.png","width":696,"height":696,"caption":"Tiketi.com"},"image":{"@id":"https:\/\/tiketi.com\/#\/schema\/logo\/image\/"},"sameAs":["https:\/\/www.facebook.com\/TiketiCom\/"]}]}},"_links":{"self":[{"href":"https:\/\/tiketi.com\/fr-fr\/wp-json\/wp\/v2\/pages\/10922","targetHints":{"allow":["GET"]}}],"collection":[{"href":"https:\/\/tiketi.com\/fr-fr\/wp-json\/wp\/v2\/pages"}],"about":[{"href":"https:\/\/tiketi.com\/fr-fr\/wp-json\/wp\/v2\/types\/page"}],"author":[{"embeddable":true,"href":"https:\/\/tiketi.com\/fr-fr\/wp-json\/wp\/v2\/users\/1"}],"replies":[{"embeddable":true,"href":"https:\/\/tiketi.com\/fr-fr\/wp-json\/wp\/v2\/comments?post=10922"}],"version-history":[{"count":0,"href":"https:\/\/tiketi.com\/fr-fr\/wp-json\/wp\/v2\/pages\/10922\/revisions"}],"wp:featuredmedia":[{"embeddable":true,"href":"https:\/\/tiketi.com\/fr-fr\/wp-json\/wp\/v2\/media\/19675"}],"wp:attachment":[{"href":"https:\/\/tiketi.com\/fr-fr\/wp-json\/wp\/v2\/media?parent=10922"}],"curies":[{"name":"wp","href":"https:\/\/api.w.org\/{rel}","templated":true}]}}