{"id":10923,"date":"2022-01-19T12:53:59","date_gmt":"2022-01-19T11:53:59","guid":{"rendered":"https:\/\/new.tiketi.com\/how-to-get-data-plan-of-algerie-telecom-algeria-internet-packages-bundles\/"},"modified":"2022-02-14T16:51:21","modified_gmt":"2022-02-14T15:51:21","slug":"internet-mobile-algerie-telecom-data-plans-bundle","status":"publish","type":"page","link":"https:\/\/tiketi.com\/fr-fr\/internet-mobile-algerie-telecom-data-plans-bundle\/","title":{"rendered":"Comment obtenir le plan de donn\u00e9es des forfaits \/ forfaits Internet d&#039;Algerie Telecom Alg\u00e9rie"},"content":{"rendered":"<h2>Algerie Telecom Dataplan, Forfaits, Codes d&#039;abonnement et prix<\/h2>\n<p>Vous trouverez ci-dessous la liste de tous les plans de donn\u00e9es et prix d&#039;Algerie Telecom en Alg\u00e9rie. Les plans de donn\u00e9es et les prix d&#039;Algerie Telecom et les forfaits Internet d&#039;Alg\u00e9rie fournis ci-dessous sont accessibles \u00e0 l&#039;aide d&#039;ordinateurs de bureau, d&#039;ordinateurs portables, de gadgets Android, de tablettes et d&#039;autres gadgets.<\/p>\n<h2>Voici comment obtenir le dataplan des forfaits internet d&#039;Algerie Telecom Alg\u00e9rie<\/h2>\n<h3>Forfaits data mensuels Alg\u00e9rie T\u00e9l\u00e9com<\/h3>\n<p>Les forfaits et forfaits de donn\u00e9es mensuels d&#039;Algerie Telecom sont pour tous les gadgets, iPhones, ordinateurs portables, smartphones, ordinateurs et autres gadgets. Les forfaits de donn\u00e9es mensuels bon march\u00e9 d&#039;Alg\u00e9rie Telecom sont accessibles ci-dessous.<\/p>\n<p>Tarifs forfaits data mensuels Alg\u00e9rie T\u00e9l\u00e9com :<\/p>\n<p>Avec ces forfaits et tarifs de donn\u00e9es Algerie Telecom, Algerie Telecom vous fournit 40 Go de donn\u00e9es pour seulement 2500 \u062f.\u062c et la validit\u00e9 est de 1 mois.<\/p>\n<h3>Forfaits data mensuels Alg\u00e9rie Telecom<\/h3>\n<p>Avec ce forfait, Alg\u00e9rie telecom vous offre 60Go de data pour seulement 3500\u062f.\u062c et sa validit\u00e9 est d&#039;un mois.<\/p>\n<h3>Forfaits Data Illimit\u00e9 Alg\u00e9rie T\u00e9l\u00e9com<\/h3>\n<p>Avec ces forfaits Algerie Telecom Unlimited Data, Algerie Telecom vous fournit 100 Mo de donn\u00e9es pour seulement 2 et sa validit\u00e9 est de trente jours.<\/p>\n<h3>Forfaits data hebdomadaires Alg\u00e9rie Telecom<\/h3>\n<p>Avec ces forfaits Algerie Telecom Weekly Data, Algerie Telecom vous fournit 5 Go de donn\u00e9es pour seulement \u062f.\u062c500 car sa validit\u00e9 est de dix jours.<\/p>\n<h2>D\u00e9bit Internet Alg\u00e9rie T\u00e9l\u00e9com<\/h2>\n<p><strong>Signal<\/strong><br \/>\n<strong>Vitesse de pointe\u00a0:<\/strong> 2,5 Mbit\/s<br \/>\n<strong>Vitesse moyenne de navigation sur Internet\u00a0:<\/strong> 1,53 Mbit\/s<\/p>\n<h2>Mode de souscription des forfaits data Alg\u00e9rie T\u00e9l\u00e9com et tarifs<\/h2>\n<p>Par SMS<br \/>\n<strong>SMS<\/strong> *777#<\/p>\n<p>Les informations ci-dessus sur les forfaits Internet d&#039;Algerie Telecom Alg\u00e9rie, les prix et les codes d&#039;abonnement sont valables selon notre derni\u00e8re mise \u00e0 jour 2020.<\/p>","protected":false},"excerpt":{"rendered":"<p>Algerie Telecom\u00a0Dataplan, Bundles, Subscription Codes and prices Below is the list of every Algerie Telecom data plans and prices in Algeria. Algerie Telecom data plans and prices and Algeria internet packages provided below can be accessed using desktop, notebooks computers, android gadgets, tablets and other gadgets. Here is how to get dataplan of Algerie Telecom [&hellip;]<\/p>\n","protected":false},"author":1,"featured_media":19675,"parent":0,"menu_order":0,"comment_status":"open","ping_status":"closed","template":"template-home-modern.php","meta":{"footnotes":""},"class_list":["post-10923","page","type-page","status-publish","has-post-thumbnail","hentry"],"yoast_head":"<!-- This site is optimized with the Yoast SEO plugin v27.2 - https:\/\/yoast.com\/product\/yoast-seo-wordpress\/ -->\n<title>How to get data plan of Algerie Telecom Algeria internet packages<\/title>\n<meta name=\"description\" content=\"Are you looking for cheap data plans of Algerie Telecom\u00a0Algeria bundles, speed, subscription codes and prices? Here is how to get dataplan of Algerie Telecom\u00a0Algeria internet packages\" \/>\n<meta name=\"robots\" content=\"index, follow, max-snippet:-1, max-image-preview:large, max-video-preview:-1\" \/>\n<link rel=\"canonical\" href=\"https:\/\/tiketi.com\/fr-fr\/internet-mobile-algerie-telecom-data-plans-bundle\/\" \/>\n<meta property=\"og:locale\" content=\"fr_FR\" \/>\n<meta property=\"og:type\" content=\"article\" \/>\n<meta property=\"og:title\" content=\"How to get data plan of Algerie Telecom Algeria internet packages\" \/>\n<meta property=\"og:description\" content=\"Are you looking for cheap data plans of Algerie Telecom\u00a0Algeria bundles, speed, subscription codes and prices? Here is how to get dataplan of Algerie Telecom\u00a0Algeria internet packages\" \/>\n<meta property=\"og:url\" content=\"https:\/\/tiketi.com\/fr-fr\/internet-mobile-algerie-telecom-data-plans-bundle\/\" \/>\n<meta property=\"og:site_name\" content=\"Tiketi.com\" \/>\n<meta property=\"article:publisher\" content=\"https:\/\/www.facebook.com\/TiketiCom\/\" \/>\n<meta property=\"article:modified_time\" content=\"2022-02-14T15:51:21+00:00\" \/>\n<meta property=\"og:image\" content=\"https:\/\/tiketi.com\/wp-content\/uploads\/2019\/05\/data-packages-2029825_1280.jpg\" \/>\n\t<meta property=\"og:image:width\" content=\"1200\" \/>\n\t<meta property=\"og:image:height\" content=\"200\" \/>\n\t<meta property=\"og:image:type\" content=\"image\/jpeg\" \/>\n<meta name=\"twitter:card\" content=\"summary_large_image\" \/>\n<meta name=\"twitter:label1\" content=\"Dur\u00e9e de lecture estim\u00e9e\" \/>\n\t<meta name=\"twitter:data1\" content=\"2 minutes\" \/>\n<script type=\"application\/ld+json\" class=\"yoast-schema-graph\">{\"@context\":\"https:\/\/schema.org\",\"@graph\":[{\"@type\":\"WebPage\",\"@id\":\"https:\/\/tiketi.com\/internet-mobile-algerie-telecom-data-plans-bundle\/\",\"url\":\"https:\/\/tiketi.com\/internet-mobile-algerie-telecom-data-plans-bundle\/\",\"name\":\"How to get data plan of Algerie Telecom Algeria internet packages\",\"isPartOf\":{\"@id\":\"https:\/\/tiketi.com\/#website\"},\"primaryImageOfPage\":{\"@id\":\"https:\/\/tiketi.com\/internet-mobile-algerie-telecom-data-plans-bundle\/#primaryimage\"},\"image\":{\"@id\":\"https:\/\/tiketi.com\/internet-mobile-algerie-telecom-data-plans-bundle\/#primaryimage\"},\"thumbnailUrl\":\"https:\/\/tiketi.com\/wp-content\/uploads\/2019\/05\/data-packages-2029825_1280.jpg\",\"datePublished\":\"2022-01-19T11:53:59+00:00\",\"dateModified\":\"2022-02-14T15:51:21+00:00\",\"description\":\"Are you looking for cheap data plans of Algerie Telecom\u00a0Algeria bundles, speed, subscription codes and prices? Here is how to get dataplan of Algerie Telecom\u00a0Algeria internet packages\",\"breadcrumb\":{\"@id\":\"https:\/\/tiketi.com\/internet-mobile-algerie-telecom-data-plans-bundle\/#breadcrumb\"},\"inLanguage\":\"fr-FR\",\"potentialAction\":[{\"@type\":\"ReadAction\",\"target\":[\"https:\/\/tiketi.com\/internet-mobile-algerie-telecom-data-plans-bundle\/\"]}]},{\"@type\":\"ImageObject\",\"inLanguage\":\"fr-FR\",\"@id\":\"https:\/\/tiketi.com\/internet-mobile-algerie-telecom-data-plans-bundle\/#primaryimage\",\"url\":\"https:\/\/tiketi.com\/wp-content\/uploads\/2019\/05\/data-packages-2029825_1280.jpg\",\"contentUrl\":\"https:\/\/tiketi.com\/wp-content\/uploads\/2019\/05\/data-packages-2029825_1280.jpg\",\"width\":1200,\"height\":200,\"caption\":\"How to get Data Plan \/ Packages \/ Top Up\"},{\"@type\":\"BreadcrumbList\",\"@id\":\"https:\/\/tiketi.com\/internet-mobile-algerie-telecom-data-plans-bundle\/#breadcrumb\",\"itemListElement\":[{\"@type\":\"ListItem\",\"position\":1,\"name\":\"Home\",\"item\":\"https:\/\/tiketi.com\/\"},{\"@type\":\"ListItem\",\"position\":2,\"name\":\"How to get data plan of Algerie Telecom Algeria internet packages \/ bundles\"}]},{\"@type\":\"WebSite\",\"@id\":\"https:\/\/tiketi.com\/#website\",\"url\":\"https:\/\/tiketi.com\/\",\"name\":\"Flight & Bus Tickets, Tour Packages & Activitites - Tiketi.com\",\"description\":\"Flight &amp; Bus Tickets, Tours, Activitites\",\"publisher\":{\"@id\":\"https:\/\/tiketi.com\/#organization\"},\"potentialAction\":[{\"@type\":\"SearchAction\",\"target\":{\"@type\":\"EntryPoint\",\"urlTemplate\":\"https:\/\/tiketi.com\/?s={search_term_string}\"},\"query-input\":{\"@type\":\"PropertyValueSpecification\",\"valueRequired\":true,\"valueName\":\"search_term_string\"}}],\"inLanguage\":\"fr-FR\"},{\"@type\":\"Organization\",\"@id\":\"https:\/\/tiketi.com\/#organization\",\"name\":\"Tiketi.com\",\"alternateName\":\"Tiketi\",\"url\":\"https:\/\/tiketi.com\/\",\"logo\":{\"@type\":\"ImageObject\",\"inLanguage\":\"fr-FR\",\"@id\":\"https:\/\/tiketi.com\/#\/schema\/logo\/image\/\",\"url\":\"https:\/\/tiketi.com\/wp-content\/uploads\/2019\/05\/tiketi-logo-696.png\",\"contentUrl\":\"https:\/\/tiketi.com\/wp-content\/uploads\/2019\/05\/tiketi-logo-696.png\",\"width\":696,\"height\":696,\"caption\":\"Tiketi.com\"},\"image\":{\"@id\":\"https:\/\/tiketi.com\/#\/schema\/logo\/image\/\"},\"sameAs\":[\"https:\/\/www.facebook.com\/TiketiCom\/\"]}]}<\/script>\n<!-- \/ Yoast SEO plugin. -->","yoast_head_json":{"title":"Comment obtenir le forfait data des forfaits internet d&#039;Algerie Telecom Alg\u00e9rie","description":"Vous recherchez des forfaits de donn\u00e9es bon march\u00e9 d&#039;Algerie Telecom Alg\u00e9rie bundles, vitesse, codes d&#039;abonnement et prix? Voici comment obtenir le dataplan des forfaits internet d&#039;Algerie Telecom Alg\u00e9rie","robots":{"index":"index","follow":"follow","max-snippet":"max-snippet:-1","max-image-preview":"max-image-preview:large","max-video-preview":"max-video-preview:-1"},"canonical":"https:\/\/tiketi.com\/fr-fr\/internet-mobile-algerie-telecom-data-plans-bundle\/","og_locale":"fr_FR","og_type":"article","og_title":"How to get data plan of Algerie Telecom Algeria internet packages","og_description":"Are you looking for cheap data plans of Algerie Telecom\u00a0Algeria bundles, speed, subscription codes and prices? Here is how to get dataplan of Algerie Telecom\u00a0Algeria internet packages","og_url":"https:\/\/tiketi.com\/fr-fr\/internet-mobile-algerie-telecom-data-plans-bundle\/","og_site_name":"Tiketi.com","article_publisher":"https:\/\/www.facebook.com\/TiketiCom\/","article_modified_time":"2022-02-14T15:51:21+00:00","og_image":[{"width":1200,"height":200,"url":"https:\/\/tiketi.com\/wp-content\/uploads\/2019\/05\/data-packages-2029825_1280.jpg","type":"image\/jpeg"}],"twitter_card":"summary_large_image","twitter_misc":{"Dur\u00e9e de lecture estim\u00e9e":"2 minutes"},"schema":{"@context":"https:\/\/schema.org","@graph":[{"@type":"WebPage","@id":"https:\/\/tiketi.com\/internet-mobile-algerie-telecom-data-plans-bundle\/","url":"https:\/\/tiketi.com\/internet-mobile-algerie-telecom-data-plans-bundle\/","name":"Comment obtenir le forfait data des forfaits internet d&#039;Algerie Telecom Alg\u00e9rie","isPartOf":{"@id":"https:\/\/tiketi.com\/#website"},"primaryImageOfPage":{"@id":"https:\/\/tiketi.com\/internet-mobile-algerie-telecom-data-plans-bundle\/#primaryimage"},"image":{"@id":"https:\/\/tiketi.com\/internet-mobile-algerie-telecom-data-plans-bundle\/#primaryimage"},"thumbnailUrl":"https:\/\/tiketi.com\/wp-content\/uploads\/2019\/05\/data-packages-2029825_1280.jpg","datePublished":"2022-01-19T11:53:59+00:00","dateModified":"2022-02-14T15:51:21+00:00","description":"Vous recherchez des forfaits de donn\u00e9es bon march\u00e9 d&#039;Algerie Telecom Alg\u00e9rie bundles, vitesse, codes d&#039;abonnement et prix? Voici comment obtenir le dataplan des forfaits internet d&#039;Algerie Telecom Alg\u00e9rie","breadcrumb":{"@id":"https:\/\/tiketi.com\/internet-mobile-algerie-telecom-data-plans-bundle\/#breadcrumb"},"inLanguage":"fr-FR","potentialAction":[{"@type":"ReadAction","target":["https:\/\/tiketi.com\/internet-mobile-algerie-telecom-data-plans-bundle\/"]}]},{"@type":"ImageObject","inLanguage":"fr-FR","@id":"https:\/\/tiketi.com\/internet-mobile-algerie-telecom-data-plans-bundle\/#primaryimage","url":"https:\/\/tiketi.com\/wp-content\/uploads\/2019\/05\/data-packages-2029825_1280.jpg","contentUrl":"https:\/\/tiketi.com\/wp-content\/uploads\/2019\/05\/data-packages-2029825_1280.jpg","width":1200,"height":200,"caption":"How to get Data Plan \/ Packages \/ Top Up"},{"@type":"BreadcrumbList","@id":"https:\/\/tiketi.com\/internet-mobile-algerie-telecom-data-plans-bundle\/#breadcrumb","itemListElement":[{"@type":"ListItem","position":1,"name":"Home","item":"https:\/\/tiketi.com\/"},{"@type":"ListItem","position":2,"name":"How to get data plan of Algerie Telecom Algeria internet packages \/ bundles"}]},{"@type":"WebSite","@id":"https:\/\/tiketi.com\/#website","url":"https:\/\/tiketi.com\/","name":"Billets d&#039;avion et de bus, forfaits touristiques et activit\u00e9s - Tiketi.com","description":"Billets d&#039;avion et de bus, Tours, Activit\u00e9s","publisher":{"@id":"https:\/\/tiketi.com\/#organization"},"potentialAction":[{"@type":"SearchAction","target":{"@type":"EntryPoint","urlTemplate":"https:\/\/tiketi.com\/?s={search_term_string}"},"query-input":{"@type":"PropertyValueSpecification","valueRequired":true,"valueName":"search_term_string"}}],"inLanguage":"fr-FR"},{"@type":"Organization","@id":"https:\/\/tiketi.com\/#organization","name":"Tiketi.com","alternateName":"Tiketi","url":"https:\/\/tiketi.com\/","logo":{"@type":"ImageObject","inLanguage":"fr-FR","@id":"https:\/\/tiketi.com\/#\/schema\/logo\/image\/","url":"https:\/\/tiketi.com\/wp-content\/uploads\/2019\/05\/tiketi-logo-696.png","contentUrl":"https:\/\/tiketi.com\/wp-content\/uploads\/2019\/05\/tiketi-logo-696.png","width":696,"height":696,"caption":"Tiketi.com"},"image":{"@id":"https:\/\/tiketi.com\/#\/schema\/logo\/image\/"},"sameAs":["https:\/\/www.facebook.com\/TiketiCom\/"]}]}},"_links":{"self":[{"href":"https:\/\/tiketi.com\/fr-fr\/wp-json\/wp\/v2\/pages\/10923","targetHints":{"allow":["GET"]}}],"collection":[{"href":"https:\/\/tiketi.com\/fr-fr\/wp-json\/wp\/v2\/pages"}],"about":[{"href":"https:\/\/tiketi.com\/fr-fr\/wp-json\/wp\/v2\/types\/page"}],"author":[{"embeddable":true,"href":"https:\/\/tiketi.com\/fr-fr\/wp-json\/wp\/v2\/users\/1"}],"replies":[{"embeddable":true,"href":"https:\/\/tiketi.com\/fr-fr\/wp-json\/wp\/v2\/comments?post=10923"}],"version-history":[{"count":0,"href":"https:\/\/tiketi.com\/fr-fr\/wp-json\/wp\/v2\/pages\/10923\/revisions"}],"wp:featuredmedia":[{"embeddable":true,"href":"https:\/\/tiketi.com\/fr-fr\/wp-json\/wp\/v2\/media\/19675"}],"wp:attachment":[{"href":"https:\/\/tiketi.com\/fr-fr\/wp-json\/wp\/v2\/media?parent=10923"}],"curies":[{"name":"wp","href":"https:\/\/api.w.org\/{rel}","templated":true}]}}