{"id":10924,"date":"2022-01-19T12:53:59","date_gmt":"2022-01-19T11:53:59","guid":{"rendered":"https:\/\/new.tiketi.com\/how-to-get-a-sim-card-in-nigeria\/"},"modified":"2022-02-14T15:38:12","modified_gmt":"2022-02-14T14:38:12","slug":"how-to-buy-get-a-sim-card-in-nigeria","status":"publish","type":"page","link":"https:\/\/tiketi.com\/fr-fr\/how-to-buy-get-a-sim-card-in-nigeria\/","title":{"rendered":"Comment obtenir une carte SIM au Nigeria"},"content":{"rendered":"<h2>Comment acheter une carte SIM au Nigeria<\/h2>\n<p>Le Nigeria est le septi\u00e8me pays le plus peupl\u00e9 de la plan\u00e8te avec une population de plus de 200 millions d&#039;habitants. Il y aura toujours quelqu&#039;un autour pour vous aider ou vous garder ferme lors de l&#039;exploration du Nigeria. Voici un guide sur la fa\u00e7on d&#039;obtenir une carte SIM au Nigeria :<\/p>\n<p>Lagos est une ville anim\u00e9e c\u00e9l\u00e8bre pour ses boutiques et sa vie nocturne. Bien que Lagos soit la capitale du pays, Abuja est la v\u00e9ritable capitale du Nigeria. Le complexe du pr\u00e9sident s&#039;y trouve.<\/p>\n<p>Les d\u00e9bits de donn\u00e9es mobiles sont bas au Nigeria, correspondant \u00e0 la moyenne mondiale, c&#039;est pourquoi vous devriez en profiter.<\/p>\n<h2>Comment obtenir une carte SIM au Nigeria<\/h2>\n<h3>Il existe quatre fournisseurs de cartes SIM pr\u00e9pay\u00e9es au Nigeria\u00a0:<\/h3>\n<p>\u2022 Airtel<br \/>\n\u2022 Glo\u00a0Mobile<br \/>\n\u2022 MTN<br \/>\n\u2022\u00a09Mobile<\/p>\n<p>Deux t\u00e9l\u00e9coms 4G\/LTE offrent l&#039;internet haut d\u00e9bit dans les villes d&#039;Abuja, Lagos et Port Harcourt. Carte SIM Ntel et Smile Nigeria. Ce ne sont pas les meilleurs choix si vous voyagez beaucoup, mais ce sont les seuls t\u00e9l\u00e9coms qui offrent des donn\u00e9es illimit\u00e9es au Nigeria. Les donn\u00e9es Ntel correspondent plus rapidement aux donn\u00e9es de Smile.<\/p>\n<p>Ntel vous fournit ses cartes SIM gratuitement mais vous devez acheter un forfait. Les forfaits de donn\u00e9es Ntel sont les suivants\u00a0:<\/p>\n<p>\u2022 NGN 3750 - sept jours de donn\u00e9es illimit\u00e9es<br \/>\n\u2022 NGN 1500 - donn\u00e9es illimit\u00e9es pendant deux jours.<br \/>\n\u2022 NGN 12\u00a0500\u00a0\u2013 donn\u00e9es mensuelles illimit\u00e9es<\/p>\n<p>Vous devez \u00eatre physiquement pr\u00e9sent lors de l&#039;achat d&#039;une carte SIM pr\u00e9pay\u00e9e Nigeria. Ils doivent prendre vos donn\u00e9es biom\u00e9triques et votre num\u00e9ro de passeport.<\/p>\n<h2>Puis-je acheter une carte SIM \u00e0 l&#039;a\u00e9roport de Lagos ?<\/h2>\n<p>Ces cartes SIM pr\u00e9pay\u00e9es du Nig\u00e9ria s&#039;\u00e9talent \u00e0 chaque sortie de l&#039;a\u00e9roport de Lagos Murtala Mohammed, de Port Harcourt, d&#039;Abuja et de l&#039;a\u00e9roport international de Kano.<br \/>\nLa couverture est g\u00e9n\u00e9ralement meilleure, mais les r\u00e9seaux de donn\u00e9es ont tendance \u00e0 \u00eatre congestionn\u00e9s. La plupart des habitants ont deux cartes SIM. Je le conseille \u00e9galement vivement aux visiteurs \u00e9trangers, en ayant deux cartes SIM internationales au Nigeria, vous \u00eates assur\u00e9 d&#039;une couverture r\u00e9seau sans probl\u00e8me dans la partie du Nigeria que vous visiterez.<\/p>\n<h2>Quel est le meilleur r\u00e9seau mobile au Nigeria ?<\/h2>\n<h3>MTN<\/h3>\n<p>MTN est le monstre du march\u00e9 au Nigeria. Il a r\u00e9cemment lanc\u00e9 son r\u00e9seau 4G\/LTE en 2016 dans la plupart des villes du Nigeria. Vous devez acheter une carte SIM compatible 4G unique pour acc\u00e9der aux r\u00e9seaux 4G. C&#039;est aussi pour cela qu&#039;il ne faut pas acheter de cartes SIM de rue, la plupart d&#039;entre elles ne sont pas en 4G.<br \/>\nLa carte SIM pr\u00e9pay\u00e9e au Nigeria co\u00fbte entre 200 et 300 NGN et tous les nouveaux abonn\u00e9s re\u00e7oivent un bonus de cinquante pour cent pour les recharges sup\u00e9rieures \u00e0 100 NGN pendant les 6 premiers mois.<\/p>\n<h4>Pour les gros utilisateurs de donn\u00e9es, voici les meilleurs forfaits MTN\u00a0:<\/h4>\n<p>\u2022 6\u00a0Go pour 2\u00a0500\u00a0NGN<br \/>\n\u2022 40\u00a0Go pour 10\u00a0000\u00a0NGN<br \/>\n\u2022\u00a0110\u00a0Go pour 20\u00a0000\u00a0NGN<\/p>\n<p>MTN propose \u00e9galement des forfaits de donn\u00e9es sur les r\u00e9seaux sociaux pour Twitter, WhatsApp, WeChat, Twitter, Eskimi et 2go pour 150 NGN par mois.<\/p>\n<h3>Glo Mobile<\/h3>\n<p>\u2022 Glo a des d\u00e9bits de donn\u00e9es abordables au Nigeria tout en offrant la meilleure couverture r\u00e9seau. Tous les clients nouveaux et existants avec des abonnements continus b\u00e9n\u00e9ficient d&#039;une double allocation de donn\u00e9es.<br \/>\n\u2022 Ils offrent \u00e9galement un bonus de quinze pour cent pour toute recharge sup\u00e9rieure \u00e0 100 NGN effectu\u00e9e par voie \u00e9lectronique.<\/p>\n<h3>9 mobile et airtel<\/h3>\n<p>\u2022 Ces 2 sont les petits t\u00e9l\u00e9coms mobiles au Nigeria. Leur couverture est meilleure dans les grandes villes et leurs r\u00e9seaux de donn\u00e9es sont moins encombr\u00e9s, de toute fa\u00e7on, leur r\u00e9seau 4G\/LTE est extr\u00eamement restreint.<br \/>\n\u2022 La plupart des zones en dehors des grandes villes sont uniquement en 3G.<br \/>\n\u2022 Les cartes SIM Airtel co\u00fbtent 300 NGN dans leurs magasins. La plupart des cartes SIM Airtel ne sont pas accompagn\u00e9es d&#039;un temps d&#039;antenne suppl\u00e9mentaire.<\/p>\n<h2>Combien co\u00fbte une carte SIM au Nigeria ?<\/h2>\n<p>Vous devez acheter une carte SIM dans l&#039;un de leurs centres d&#039;enregistrement de cartes SIM. Il ne devrait pas co\u00fbter plus de \u20a6 200-300. Pour LTE\/4G, vous avez besoin d&#039;une carte SIM unique compatible 4G.<\/p>\n<h2>Quelle carte SIM est la meilleure au Nigeria ?<\/h2>\n<p>Si vous souhaitez acheter une carte SIM au Nigeria, je vous conseillerais d&#039;utiliser Glo ou MTN.<\/p>","protected":false},"excerpt":{"rendered":"<p>How to Buy a SIM Card in Nigeria Nigeria is the world&#8217;s seventh most populous country in the planet with a population of more than 200 million people. There will forever be someone around to help you or keep you firm when exploring Nigeria.&nbsp;Here&#8217;s a guide on how to get a sim card in Nigeria: [&hellip;]<\/p>\n","protected":false},"author":1,"featured_media":19426,"parent":0,"menu_order":0,"comment_status":"open","ping_status":"closed","template":"template-home-modern.php","meta":{"footnotes":""},"class_list":["post-10924","page","type-page","status-publish","has-post-thumbnail","hentry"],"yoast_head":"<!-- This site is optimized with the Yoast SEO plugin v27.2 - https:\/\/yoast.com\/product\/yoast-seo-wordpress\/ -->\n<title>How to get a sim card in Nigeria<\/title>\n<meta name=\"description\" content=\"Here&#039;s a guide on how to get a sim card in Ghana. Getting yourself a Sim card in Ghana when visiting the country will keep you a lot of cash\" \/>\n<meta name=\"robots\" content=\"index, follow, max-snippet:-1, max-image-preview:large, max-video-preview:-1\" \/>\n<link rel=\"canonical\" href=\"https:\/\/tiketi.com\/fr-fr\/how-to-buy-get-a-sim-card-in-nigeria\/\" \/>\n<meta property=\"og:locale\" content=\"fr_FR\" \/>\n<meta property=\"og:type\" content=\"article\" \/>\n<meta property=\"og:title\" content=\"How to get a sim card in Nigeria\" \/>\n<meta property=\"og:description\" content=\"Here&#039;s a guide on how to get a sim card in Ghana. Getting yourself a Sim card in Ghana when visiting the country will keep you a lot of cash\" \/>\n<meta property=\"og:url\" content=\"https:\/\/tiketi.com\/fr-fr\/how-to-buy-get-a-sim-card-in-nigeria\/\" \/>\n<meta property=\"og:site_name\" content=\"Tiketi.com\" \/>\n<meta property=\"article:publisher\" content=\"https:\/\/www.facebook.com\/TiketiCom\/\" \/>\n<meta property=\"article:modified_time\" content=\"2022-02-14T14:38:12+00:00\" \/>\n<meta property=\"og:image\" content=\"https:\/\/tiketi.com\/wp-content\/uploads\/2022\/02\/sim-card-3663597_1280.jpg\" \/>\n\t<meta property=\"og:image:width\" content=\"1280\" \/>\n\t<meta property=\"og:image:height\" content=\"200\" \/>\n\t<meta property=\"og:image:type\" content=\"image\/jpeg\" \/>\n<meta name=\"twitter:card\" content=\"summary_large_image\" \/>\n<meta name=\"twitter:label1\" content=\"Dur\u00e9e de lecture estim\u00e9e\" \/>\n\t<meta name=\"twitter:data1\" content=\"3 minutes\" \/>\n<script type=\"application\/ld+json\" class=\"yoast-schema-graph\">{\"@context\":\"https:\/\/schema.org\",\"@graph\":[{\"@type\":\"WebPage\",\"@id\":\"https:\/\/tiketi.com\/how-to-buy-get-a-sim-card-in-nigeria\/\",\"url\":\"https:\/\/tiketi.com\/how-to-buy-get-a-sim-card-in-nigeria\/\",\"name\":\"How to get a sim card in Nigeria\",\"isPartOf\":{\"@id\":\"https:\/\/tiketi.com\/#website\"},\"primaryImageOfPage\":{\"@id\":\"https:\/\/tiketi.com\/how-to-buy-get-a-sim-card-in-nigeria\/#primaryimage\"},\"image\":{\"@id\":\"https:\/\/tiketi.com\/how-to-buy-get-a-sim-card-in-nigeria\/#primaryimage\"},\"thumbnailUrl\":\"https:\/\/tiketi.com\/wp-content\/uploads\/2022\/02\/sim-card-3663597_1280.jpg\",\"datePublished\":\"2022-01-19T11:53:59+00:00\",\"dateModified\":\"2022-02-14T14:38:12+00:00\",\"description\":\"Here's a guide on how to get a sim card in Ghana. Getting yourself a Sim card in Ghana when visiting the country will keep you a lot of cash\",\"breadcrumb\":{\"@id\":\"https:\/\/tiketi.com\/how-to-buy-get-a-sim-card-in-nigeria\/#breadcrumb\"},\"inLanguage\":\"fr-FR\",\"potentialAction\":[{\"@type\":\"ReadAction\",\"target\":[\"https:\/\/tiketi.com\/how-to-buy-get-a-sim-card-in-nigeria\/\"]}]},{\"@type\":\"ImageObject\",\"inLanguage\":\"fr-FR\",\"@id\":\"https:\/\/tiketi.com\/how-to-buy-get-a-sim-card-in-nigeria\/#primaryimage\",\"url\":\"https:\/\/tiketi.com\/wp-content\/uploads\/2022\/02\/sim-card-3663597_1280.jpg\",\"contentUrl\":\"https:\/\/tiketi.com\/wp-content\/uploads\/2022\/02\/sim-card-3663597_1280.jpg\",\"width\":1280,\"height\":200,\"caption\":\"Getting a SIM Card in Tanzania\"},{\"@type\":\"BreadcrumbList\",\"@id\":\"https:\/\/tiketi.com\/how-to-buy-get-a-sim-card-in-nigeria\/#breadcrumb\",\"itemListElement\":[{\"@type\":\"ListItem\",\"position\":1,\"name\":\"Home\",\"item\":\"https:\/\/tiketi.com\/\"},{\"@type\":\"ListItem\",\"position\":2,\"name\":\"How to get a sim card in Nigeria\"}]},{\"@type\":\"WebSite\",\"@id\":\"https:\/\/tiketi.com\/#website\",\"url\":\"https:\/\/tiketi.com\/\",\"name\":\"Flight & Bus Tickets, Tour Packages & Activitites - Tiketi.com\",\"description\":\"Flight &amp; Bus Tickets, Tours, Activitites\",\"publisher\":{\"@id\":\"https:\/\/tiketi.com\/#organization\"},\"potentialAction\":[{\"@type\":\"SearchAction\",\"target\":{\"@type\":\"EntryPoint\",\"urlTemplate\":\"https:\/\/tiketi.com\/?s={search_term_string}\"},\"query-input\":{\"@type\":\"PropertyValueSpecification\",\"valueRequired\":true,\"valueName\":\"search_term_string\"}}],\"inLanguage\":\"fr-FR\"},{\"@type\":\"Organization\",\"@id\":\"https:\/\/tiketi.com\/#organization\",\"name\":\"Tiketi.com\",\"alternateName\":\"Tiketi\",\"url\":\"https:\/\/tiketi.com\/\",\"logo\":{\"@type\":\"ImageObject\",\"inLanguage\":\"fr-FR\",\"@id\":\"https:\/\/tiketi.com\/#\/schema\/logo\/image\/\",\"url\":\"https:\/\/tiketi.com\/wp-content\/uploads\/2019\/05\/tiketi-logo-696.png\",\"contentUrl\":\"https:\/\/tiketi.com\/wp-content\/uploads\/2019\/05\/tiketi-logo-696.png\",\"width\":696,\"height\":696,\"caption\":\"Tiketi.com\"},\"image\":{\"@id\":\"https:\/\/tiketi.com\/#\/schema\/logo\/image\/\"},\"sameAs\":[\"https:\/\/www.facebook.com\/TiketiCom\/\"]}]}<\/script>\n<!-- \/ Yoast SEO plugin. -->","yoast_head_json":{"title":"Comment obtenir une carte SIM au Nigeria","description":"Voici un guide sur la fa\u00e7on d&#039;obtenir une carte SIM au Ghana. Obtenir une carte SIM au Ghana lors de votre visite dans le pays vous permettra de garder beaucoup d&#039;argent","robots":{"index":"index","follow":"follow","max-snippet":"max-snippet:-1","max-image-preview":"max-image-preview:large","max-video-preview":"max-video-preview:-1"},"canonical":"https:\/\/tiketi.com\/fr-fr\/how-to-buy-get-a-sim-card-in-nigeria\/","og_locale":"fr_FR","og_type":"article","og_title":"How to get a sim card in Nigeria","og_description":"Here's a guide on how to get a sim card in Ghana. Getting yourself a Sim card in Ghana when visiting the country will keep you a lot of cash","og_url":"https:\/\/tiketi.com\/fr-fr\/how-to-buy-get-a-sim-card-in-nigeria\/","og_site_name":"Tiketi.com","article_publisher":"https:\/\/www.facebook.com\/TiketiCom\/","article_modified_time":"2022-02-14T14:38:12+00:00","og_image":[{"width":1280,"height":200,"url":"https:\/\/tiketi.com\/wp-content\/uploads\/2022\/02\/sim-card-3663597_1280.jpg","type":"image\/jpeg"}],"twitter_card":"summary_large_image","twitter_misc":{"Dur\u00e9e de lecture estim\u00e9e":"3 minutes"},"schema":{"@context":"https:\/\/schema.org","@graph":[{"@type":"WebPage","@id":"https:\/\/tiketi.com\/how-to-buy-get-a-sim-card-in-nigeria\/","url":"https:\/\/tiketi.com\/how-to-buy-get-a-sim-card-in-nigeria\/","name":"Comment obtenir une carte SIM au Nigeria","isPartOf":{"@id":"https:\/\/tiketi.com\/#website"},"primaryImageOfPage":{"@id":"https:\/\/tiketi.com\/how-to-buy-get-a-sim-card-in-nigeria\/#primaryimage"},"image":{"@id":"https:\/\/tiketi.com\/how-to-buy-get-a-sim-card-in-nigeria\/#primaryimage"},"thumbnailUrl":"https:\/\/tiketi.com\/wp-content\/uploads\/2022\/02\/sim-card-3663597_1280.jpg","datePublished":"2022-01-19T11:53:59+00:00","dateModified":"2022-02-14T14:38:12+00:00","description":"Voici un guide sur la fa\u00e7on d&#039;obtenir une carte SIM au Ghana. Obtenir une carte SIM au Ghana lors de votre visite dans le pays vous permettra de garder beaucoup d&#039;argent","breadcrumb":{"@id":"https:\/\/tiketi.com\/how-to-buy-get-a-sim-card-in-nigeria\/#breadcrumb"},"inLanguage":"fr-FR","potentialAction":[{"@type":"ReadAction","target":["https:\/\/tiketi.com\/how-to-buy-get-a-sim-card-in-nigeria\/"]}]},{"@type":"ImageObject","inLanguage":"fr-FR","@id":"https:\/\/tiketi.com\/how-to-buy-get-a-sim-card-in-nigeria\/#primaryimage","url":"https:\/\/tiketi.com\/wp-content\/uploads\/2022\/02\/sim-card-3663597_1280.jpg","contentUrl":"https:\/\/tiketi.com\/wp-content\/uploads\/2022\/02\/sim-card-3663597_1280.jpg","width":1280,"height":200,"caption":"Getting a SIM Card in Tanzania"},{"@type":"BreadcrumbList","@id":"https:\/\/tiketi.com\/how-to-buy-get-a-sim-card-in-nigeria\/#breadcrumb","itemListElement":[{"@type":"ListItem","position":1,"name":"Home","item":"https:\/\/tiketi.com\/"},{"@type":"ListItem","position":2,"name":"How to get a sim card in Nigeria"}]},{"@type":"WebSite","@id":"https:\/\/tiketi.com\/#website","url":"https:\/\/tiketi.com\/","name":"Billets d&#039;avion et de bus, forfaits touristiques et activit\u00e9s - Tiketi.com","description":"Billets d&#039;avion et de bus, Tours, Activit\u00e9s","publisher":{"@id":"https:\/\/tiketi.com\/#organization"},"potentialAction":[{"@type":"SearchAction","target":{"@type":"EntryPoint","urlTemplate":"https:\/\/tiketi.com\/?s={search_term_string}"},"query-input":{"@type":"PropertyValueSpecification","valueRequired":true,"valueName":"search_term_string"}}],"inLanguage":"fr-FR"},{"@type":"Organization","@id":"https:\/\/tiketi.com\/#organization","name":"Tiketi.com","alternateName":"Tiketi","url":"https:\/\/tiketi.com\/","logo":{"@type":"ImageObject","inLanguage":"fr-FR","@id":"https:\/\/tiketi.com\/#\/schema\/logo\/image\/","url":"https:\/\/tiketi.com\/wp-content\/uploads\/2019\/05\/tiketi-logo-696.png","contentUrl":"https:\/\/tiketi.com\/wp-content\/uploads\/2019\/05\/tiketi-logo-696.png","width":696,"height":696,"caption":"Tiketi.com"},"image":{"@id":"https:\/\/tiketi.com\/#\/schema\/logo\/image\/"},"sameAs":["https:\/\/www.facebook.com\/TiketiCom\/"]}]}},"_links":{"self":[{"href":"https:\/\/tiketi.com\/fr-fr\/wp-json\/wp\/v2\/pages\/10924","targetHints":{"allow":["GET"]}}],"collection":[{"href":"https:\/\/tiketi.com\/fr-fr\/wp-json\/wp\/v2\/pages"}],"about":[{"href":"https:\/\/tiketi.com\/fr-fr\/wp-json\/wp\/v2\/types\/page"}],"author":[{"embeddable":true,"href":"https:\/\/tiketi.com\/fr-fr\/wp-json\/wp\/v2\/users\/1"}],"replies":[{"embeddable":true,"href":"https:\/\/tiketi.com\/fr-fr\/wp-json\/wp\/v2\/comments?post=10924"}],"version-history":[{"count":0,"href":"https:\/\/tiketi.com\/fr-fr\/wp-json\/wp\/v2\/pages\/10924\/revisions"}],"wp:featuredmedia":[{"embeddable":true,"href":"https:\/\/tiketi.com\/fr-fr\/wp-json\/wp\/v2\/media\/19426"}],"wp:attachment":[{"href":"https:\/\/tiketi.com\/fr-fr\/wp-json\/wp\/v2\/media?parent=10924"}],"curies":[{"name":"wp","href":"https:\/\/api.w.org\/{rel}","templated":true}]}}