{"id":10925,"date":"2022-01-19T12:53:59","date_gmt":"2022-01-19T11:53:59","guid":{"rendered":"https:\/\/new.tiketi.com\/how-to-get-a-sim-card-in-south-africa\/"},"modified":"2022-02-14T15:41:29","modified_gmt":"2022-02-14T14:41:29","slug":"how-to-buy-get-a-sim-card-in-south-africa","status":"publish","type":"page","link":"https:\/\/tiketi.com\/fr-fr\/how-to-buy-get-a-sim-card-in-south-africa\/","title":{"rendered":"Comment obtenir une carte SIM en Afrique du Sud"},"content":{"rendered":"<h2>&nbsp;Comment acheter une carte SIM en Afrique du Sud<\/h2>\n<p>L&#039;Afrique du Sud est une destination de voyage c\u00e9l\u00e8bre en Afrique. Il existe 4 fournisseurs de cellules physiques en Afrique du Sud, plus un petit nombre d&#039;entreprises qui revendent des services sur ces r\u00e9seaux, MTN et Vodacom ont la couverture de donn\u00e9es de la carte SIM en Afrique du Sud, principalement en dehors des villes, Telkom et Cell C \u00e0 la tra\u00eene. Voici un guide sur la fa\u00e7on d&#039;obtenir une carte SIM en Afrique du Sud\u00a0:<\/p>\n<h2>Comment obtenir une carte SIM en Afrique du Sud FAQ<\/h2>\n<h2>Acheter une carte SIM sud-africaine<\/h2>\n<p>Vous devez vous assurer que votre t\u00e9l\u00e9phone est compatible avec un r\u00e9seau GSM. Sinon, vous devrez acheter un t\u00e9l\u00e9phone local. Les t\u00e9l\u00e9phones abordables de base sont \u00e0 un prix raisonnable. Vous devez \u00e9galement vous assurer que votre t\u00e9l\u00e9phone peut \u00eatre d\u00e9verrouill\u00e9 pour une utilisation internationale. V\u00e9rifiez aupr\u00e8s de votre op\u00e9rateur de t\u00e9l\u00e9phonie mobile que cela est possible avec votre contrat.<\/p>\n<p>Si vous utilisez un smartphone, l&#039;achat d&#039;une carte SIM Touriste en Afrique du Sud devrait \u00eatre un processus simple. Les cartes SIM sont vendues chez diff\u00e9rents d\u00e9taillants, notamment les magasins de t\u00e9l\u00e9phonie mobile, les d\u00e9panneurs et les supermarch\u00e9s. Ou vous pouvez visiter la boutique officielle du fournisseur de r\u00e9seau de votre choix.<\/p>\n<h2>Comment obtenir une carte SIM lors d&#039;un voyage en Afrique du Sud<\/h2>\n<h3>V\u00e9rifiez votre carte SIM<\/h3>\n<p>Mais acheter une carte SIM Voyager en Afrique du Sud n&#039;est pas si simple. Vous devez passer par le processus RICA pour l&#039;activer. La r\u00e9glementation de l&#039;interception de la communication et de la fourniture de l&#039;organisme de r\u00e9glementation des t\u00e9l\u00e9communications de communication garantit qu&#039;aucune carte SIM frauduleuse Afrique du Sud n&#039;est activ\u00e9e.<\/p>\n<h3>Vous aurez besoin des \u00e9l\u00e9ments suivants pour acheter une carte SIM pr\u00e9pay\u00e9e en Afrique du Sud\u00a0:<\/h3>\n<p>\u2022 Une pi\u00e8ce d&#039;identit\u00e9 valide (votre carte d&#039;identit\u00e9 nationale ou votre passeport)<br \/>\n\u2022 Preuve de r\u00e9sidence (v\u00e9rification de la formation d&#039;un papier \u00e0 en-t\u00eate ou d&#039;un h\u00f4tel)<\/p>\n<p>Si votre logement est priv\u00e9, vous aurez besoin que le propri\u00e9taire ou votre ami r\u00e9dige un affidavit pour vous, qui confirme que vous resterez temporairement dans le pays.<\/p>\n<h2>Quel est l&#039;excellent r\u00e9seau mobile en Afrique du Sud ?<\/h2>\n<h3>Vodacom<\/h3>\n<p>Vodacom est le plus grand op\u00e9rateur d&#039;Afrique du Sud. La soci\u00e9t\u00e9 appartient en partie \u00e0 Vodafone, c&#039;est pourquoi vous voyez probablement le logo de.<\/p>\n<p>Vous pouvez acheter une carte SIM pr\u00e9pay\u00e9e Vodacom Afrique du Sud pour 5 ZAR dans les supermarch\u00e9s et magasins Vodacom. Vous pouvez \u00e9galement l&#039;obtenir dans les a\u00e9roports de Tambo et \u00e0 Johannesburg, au Cap. Quoi qu&#039;il en soit, les prix peuvent aller jusqu&#039;\u00e0 150 ZAR, ce qui est toujours abordable pour de nombreux pays de la plan\u00e8te, mais une arnaque toujours adapt\u00e9e aux prix r\u00e9guliers des cartes SIM Vodacom. Les cartes de recharge sont vendues de cinq ZAR \u00e0 deux cents ZAR.<\/p>\n<h3>MTN<\/h3>\n<p>MTN est un op\u00e9rateur sud-africain actif dans de nombreuses r\u00e9gions de la plan\u00e8te, notamment en Asie, en Afrique et au Moyen-Orient. En Afrique du Sud, ils sont le plus grand rival de Vodacom. Ils ont la meilleure couverture de donn\u00e9es de carte SIM en Afrique du Sud et une vitesse rapide. Parfois, ils sont plus rapides que Vodacom.<\/p>\n<p>Les soins MTN SIM sont vendus pour cinq ZAR. \u00c0 l&#039;a\u00e9roport, la carte SIM peut vous co\u00fbter jusqu&#039;\u00e0 cent ZAR, alors mieux vaut attendre d&#039;\u00eatre en ville. Cartes de recharge MTN vendues de cinq ZAR \u00e0 deux cents ZAR.<\/p>\n<h3>Cellule C<\/h3>\n<p>Cell C est le 3\u00e8me plus grand op\u00e9rateur en Afrique du Sud. Il y a quelques ann\u00e9es, ils \u00e9taient le choix du budget car ils avaient les prix les plus bas. Maintenant, les autres op\u00e9rateurs ont r\u00e9duit leur prix, donc l&#039;appel de Cell C a \u00e9t\u00e9 perdu.<\/p>\n<p>La cellule C a un accord d&#039;itin\u00e9rance avec MTN, qui permet aux clients de la cellule C de se d\u00e9placer sur le r\u00e9seau MTN en dehors des endroits peupl\u00e9s o\u00f9 la cellule C ne veut pas construire ses propres antennes.<\/p>\n<p>Vous pouvez obtenir une carte SIM Cell C pour un ZAR dans les magasins Cell C.<\/p>\n<h2>Prix de la carte SIM en Afrique du Sud et conseils de voyage<\/h2>\n<h4>Les voyageurs adorent l&#039;Afrique du Sud. Mais pourquoi le pays est-il si aim\u00e9 ?<\/h4>\n<p>Le pays abrite dix sites class\u00e9s au patrimoine mondial de l&#039;UNESCO, de l&#039;\u00eele Robben au d\u00f4me de Vredefort et du paysage culturel de Khomani au parc Maloti-Drakensburg.<\/p>","protected":false},"excerpt":{"rendered":"<p>&nbsp;How to Buy a SIM Card in South Africa South Africa is a famous travel destination in Africa. There are 4 physical cell providers in South Africa, plus a little number of firms that resell services on those networks, MTN and Vodacom have the sim card South Africa data coverage, mainly outside the cities, the [&hellip;]<\/p>\n","protected":false},"author":1,"featured_media":19426,"parent":0,"menu_order":0,"comment_status":"open","ping_status":"closed","template":"template-home-modern.php","meta":{"footnotes":""},"class_list":["post-10925","page","type-page","status-publish","has-post-thumbnail","hentry"],"yoast_head":"<!-- This site is optimized with the Yoast SEO plugin v27.4 - https:\/\/yoast.com\/product\/yoast-seo-wordpress\/ -->\n<title>How to get a sim card in South Africa<\/title>\n<meta name=\"description\" content=\"Here&#039;s a guide on how to get a sim card in South Africa. Getting yourself a Sim card in South Africa when visiting the country will keep you a lot of cash\" \/>\n<meta name=\"robots\" content=\"index, follow, max-snippet:-1, max-image-preview:large, max-video-preview:-1\" \/>\n<link rel=\"canonical\" href=\"https:\/\/tiketi.com\/fr-fr\/how-to-buy-get-a-sim-card-in-south-africa\/\" \/>\n<meta property=\"og:locale\" content=\"fr_FR\" \/>\n<meta property=\"og:type\" content=\"article\" \/>\n<meta property=\"og:title\" content=\"How to get a sim card in South Africa\" \/>\n<meta property=\"og:description\" content=\"Here&#039;s a guide on how to get a sim card in South Africa. Getting yourself a Sim card in South Africa when visiting the country will keep you a lot of cash\" \/>\n<meta property=\"og:url\" content=\"https:\/\/tiketi.com\/fr-fr\/how-to-buy-get-a-sim-card-in-south-africa\/\" \/>\n<meta property=\"og:site_name\" content=\"Tiketi.com\" \/>\n<meta property=\"article:publisher\" content=\"https:\/\/www.facebook.com\/TiketiCom\/\" \/>\n<meta property=\"article:modified_time\" content=\"2022-02-14T14:41:29+00:00\" \/>\n<meta property=\"og:image\" content=\"https:\/\/tiketi.com\/wp-content\/uploads\/2022\/02\/sim-card-3663597_1280.jpg\" \/>\n\t<meta property=\"og:image:width\" content=\"1280\" \/>\n\t<meta property=\"og:image:height\" content=\"200\" \/>\n\t<meta property=\"og:image:type\" content=\"image\/jpeg\" \/>\n<meta name=\"twitter:card\" content=\"summary_large_image\" \/>\n<meta name=\"twitter:label1\" content=\"Dur\u00e9e de lecture estim\u00e9e\" \/>\n\t<meta name=\"twitter:data1\" content=\"3 minutes\" \/>\n<script type=\"application\/ld+json\" class=\"yoast-schema-graph\">{\"@context\":\"https:\\\/\\\/schema.org\",\"@graph\":[{\"@type\":\"WebPage\",\"@id\":\"https:\\\/\\\/tiketi.com\\\/en-gb\\\/how-to-buy-get-a-sim-card-in-south-africa\\\/\",\"url\":\"https:\\\/\\\/tiketi.com\\\/en-gb\\\/how-to-buy-get-a-sim-card-in-south-africa\\\/\",\"name\":\"How to get a sim card in South Africa\",\"isPartOf\":{\"@id\":\"https:\\\/\\\/tiketi.com\\\/#website\"},\"primaryImageOfPage\":{\"@id\":\"https:\\\/\\\/tiketi.com\\\/en-gb\\\/how-to-buy-get-a-sim-card-in-south-africa\\\/#primaryimage\"},\"image\":{\"@id\":\"https:\\\/\\\/tiketi.com\\\/en-gb\\\/how-to-buy-get-a-sim-card-in-south-africa\\\/#primaryimage\"},\"thumbnailUrl\":\"https:\\\/\\\/tiketi.com\\\/wp-content\\\/uploads\\\/2022\\\/02\\\/sim-card-3663597_1280.jpg\",\"datePublished\":\"2022-01-19T11:53:59+00:00\",\"dateModified\":\"2022-02-14T14:41:29+00:00\",\"description\":\"Here's a guide on how to get a sim card in South Africa. Getting yourself a Sim card in South Africa when visiting the country will keep you a lot of cash\",\"breadcrumb\":{\"@id\":\"https:\\\/\\\/tiketi.com\\\/en-gb\\\/how-to-buy-get-a-sim-card-in-south-africa\\\/#breadcrumb\"},\"inLanguage\":\"fr-FR\",\"potentialAction\":[{\"@type\":\"ReadAction\",\"target\":[\"https:\\\/\\\/tiketi.com\\\/en-gb\\\/how-to-buy-get-a-sim-card-in-south-africa\\\/\"]}]},{\"@type\":\"ImageObject\",\"inLanguage\":\"fr-FR\",\"@id\":\"https:\\\/\\\/tiketi.com\\\/en-gb\\\/how-to-buy-get-a-sim-card-in-south-africa\\\/#primaryimage\",\"url\":\"https:\\\/\\\/tiketi.com\\\/wp-content\\\/uploads\\\/2022\\\/02\\\/sim-card-3663597_1280.jpg\",\"contentUrl\":\"https:\\\/\\\/tiketi.com\\\/wp-content\\\/uploads\\\/2022\\\/02\\\/sim-card-3663597_1280.jpg\",\"width\":1280,\"height\":200,\"caption\":\"Getting a SIM Card in Tanzania\"},{\"@type\":\"BreadcrumbList\",\"@id\":\"https:\\\/\\\/tiketi.com\\\/en-gb\\\/how-to-buy-get-a-sim-card-in-south-africa\\\/#breadcrumb\",\"itemListElement\":[{\"@type\":\"ListItem\",\"position\":1,\"name\":\"Home\",\"item\":\"https:\\\/\\\/tiketi.com\\\/\"},{\"@type\":\"ListItem\",\"position\":2,\"name\":\"How to get a sim card in South Africa\"}]},{\"@type\":\"WebSite\",\"@id\":\"https:\\\/\\\/tiketi.com\\\/#website\",\"url\":\"https:\\\/\\\/tiketi.com\\\/\",\"name\":\"Flight & Bus Tickets, Tour Packages & Activitites - Tiketi.com\",\"description\":\"Flight &amp; Bus Tickets, Tours, Activitites\",\"publisher\":{\"@id\":\"https:\\\/\\\/tiketi.com\\\/#organization\"},\"potentialAction\":[{\"@type\":\"SearchAction\",\"target\":{\"@type\":\"EntryPoint\",\"urlTemplate\":\"https:\\\/\\\/tiketi.com\\\/?s={search_term_string}\"},\"query-input\":{\"@type\":\"PropertyValueSpecification\",\"valueRequired\":true,\"valueName\":\"search_term_string\"}}],\"inLanguage\":\"fr-FR\"},{\"@type\":\"Organization\",\"@id\":\"https:\\\/\\\/tiketi.com\\\/#organization\",\"name\":\"Tiketi.com\",\"alternateName\":\"Tiketi\",\"url\":\"https:\\\/\\\/tiketi.com\\\/\",\"logo\":{\"@type\":\"ImageObject\",\"inLanguage\":\"fr-FR\",\"@id\":\"https:\\\/\\\/tiketi.com\\\/#\\\/schema\\\/logo\\\/image\\\/\",\"url\":\"https:\\\/\\\/tiketi.com\\\/wp-content\\\/uploads\\\/2019\\\/05\\\/tiketi-logo-696.png\",\"contentUrl\":\"https:\\\/\\\/tiketi.com\\\/wp-content\\\/uploads\\\/2019\\\/05\\\/tiketi-logo-696.png\",\"width\":696,\"height\":696,\"caption\":\"Tiketi.com\"},\"image\":{\"@id\":\"https:\\\/\\\/tiketi.com\\\/#\\\/schema\\\/logo\\\/image\\\/\"},\"sameAs\":[\"https:\\\/\\\/www.facebook.com\\\/TiketiCom\\\/\"]}]}<\/script>\n<!-- \/ Yoast SEO plugin. -->","yoast_head_json":{"title":"Comment obtenir une carte SIM en Afrique du Sud","description":"Voici un guide sur la fa\u00e7on d&#039;obtenir une carte SIM en Afrique du Sud. Obtenir une carte SIM en Afrique du Sud lors de votre visite dans le pays vous permettra de conserver beaucoup d&#039;argent","robots":{"index":"index","follow":"follow","max-snippet":"max-snippet:-1","max-image-preview":"max-image-preview:large","max-video-preview":"max-video-preview:-1"},"canonical":"https:\/\/tiketi.com\/fr-fr\/how-to-buy-get-a-sim-card-in-south-africa\/","og_locale":"fr_FR","og_type":"article","og_title":"How to get a sim card in South Africa","og_description":"Here's a guide on how to get a sim card in South Africa. Getting yourself a Sim card in South Africa when visiting the country will keep you a lot of cash","og_url":"https:\/\/tiketi.com\/fr-fr\/how-to-buy-get-a-sim-card-in-south-africa\/","og_site_name":"Tiketi.com","article_publisher":"https:\/\/www.facebook.com\/TiketiCom\/","article_modified_time":"2022-02-14T14:41:29+00:00","og_image":[{"width":1280,"height":200,"url":"https:\/\/tiketi.com\/wp-content\/uploads\/2022\/02\/sim-card-3663597_1280.jpg","type":"image\/jpeg"}],"twitter_card":"summary_large_image","twitter_misc":{"Dur\u00e9e de lecture estim\u00e9e":"3 minutes"},"schema":{"@context":"https:\/\/schema.org","@graph":[{"@type":"WebPage","@id":"https:\/\/tiketi.com\/en-gb\/how-to-buy-get-a-sim-card-in-south-africa\/","url":"https:\/\/tiketi.com\/en-gb\/how-to-buy-get-a-sim-card-in-south-africa\/","name":"Comment obtenir une carte SIM en Afrique du Sud","isPartOf":{"@id":"https:\/\/tiketi.com\/#website"},"primaryImageOfPage":{"@id":"https:\/\/tiketi.com\/en-gb\/how-to-buy-get-a-sim-card-in-south-africa\/#primaryimage"},"image":{"@id":"https:\/\/tiketi.com\/en-gb\/how-to-buy-get-a-sim-card-in-south-africa\/#primaryimage"},"thumbnailUrl":"https:\/\/tiketi.com\/wp-content\/uploads\/2022\/02\/sim-card-3663597_1280.jpg","datePublished":"2022-01-19T11:53:59+00:00","dateModified":"2022-02-14T14:41:29+00:00","description":"Voici un guide sur la fa\u00e7on d&#039;obtenir une carte SIM en Afrique du Sud. Obtenir une carte SIM en Afrique du Sud lors de votre visite dans le pays vous permettra de conserver beaucoup d&#039;argent","breadcrumb":{"@id":"https:\/\/tiketi.com\/en-gb\/how-to-buy-get-a-sim-card-in-south-africa\/#breadcrumb"},"inLanguage":"fr-FR","potentialAction":[{"@type":"ReadAction","target":["https:\/\/tiketi.com\/en-gb\/how-to-buy-get-a-sim-card-in-south-africa\/"]}]},{"@type":"ImageObject","inLanguage":"fr-FR","@id":"https:\/\/tiketi.com\/en-gb\/how-to-buy-get-a-sim-card-in-south-africa\/#primaryimage","url":"https:\/\/tiketi.com\/wp-content\/uploads\/2022\/02\/sim-card-3663597_1280.jpg","contentUrl":"https:\/\/tiketi.com\/wp-content\/uploads\/2022\/02\/sim-card-3663597_1280.jpg","width":1280,"height":200,"caption":"Getting a SIM Card in Tanzania"},{"@type":"BreadcrumbList","@id":"https:\/\/tiketi.com\/en-gb\/how-to-buy-get-a-sim-card-in-south-africa\/#breadcrumb","itemListElement":[{"@type":"ListItem","position":1,"name":"Home","item":"https:\/\/tiketi.com\/"},{"@type":"ListItem","position":2,"name":"How to get a sim card in South Africa"}]},{"@type":"WebSite","@id":"https:\/\/tiketi.com\/#website","url":"https:\/\/tiketi.com\/","name":"Billets d&#039;avion et de bus, forfaits touristiques et activit\u00e9s - Tiketi.com","description":"Billets d&#039;avion et de bus, Tours, Activit\u00e9s","publisher":{"@id":"https:\/\/tiketi.com\/#organization"},"potentialAction":[{"@type":"SearchAction","target":{"@type":"EntryPoint","urlTemplate":"https:\/\/tiketi.com\/?s={search_term_string}"},"query-input":{"@type":"PropertyValueSpecification","valueRequired":true,"valueName":"search_term_string"}}],"inLanguage":"fr-FR"},{"@type":"Organization","@id":"https:\/\/tiketi.com\/#organization","name":"Tiketi.com","alternateName":"Tiketi","url":"https:\/\/tiketi.com\/","logo":{"@type":"ImageObject","inLanguage":"fr-FR","@id":"https:\/\/tiketi.com\/#\/schema\/logo\/image\/","url":"https:\/\/tiketi.com\/wp-content\/uploads\/2019\/05\/tiketi-logo-696.png","contentUrl":"https:\/\/tiketi.com\/wp-content\/uploads\/2019\/05\/tiketi-logo-696.png","width":696,"height":696,"caption":"Tiketi.com"},"image":{"@id":"https:\/\/tiketi.com\/#\/schema\/logo\/image\/"},"sameAs":["https:\/\/www.facebook.com\/TiketiCom\/"]}]}},"_links":{"self":[{"href":"https:\/\/tiketi.com\/fr-fr\/wp-json\/wp\/v2\/pages\/10925","targetHints":{"allow":["GET"]}}],"collection":[{"href":"https:\/\/tiketi.com\/fr-fr\/wp-json\/wp\/v2\/pages"}],"about":[{"href":"https:\/\/tiketi.com\/fr-fr\/wp-json\/wp\/v2\/types\/page"}],"author":[{"embeddable":true,"href":"https:\/\/tiketi.com\/fr-fr\/wp-json\/wp\/v2\/users\/1"}],"replies":[{"embeddable":true,"href":"https:\/\/tiketi.com\/fr-fr\/wp-json\/wp\/v2\/comments?post=10925"}],"version-history":[{"count":0,"href":"https:\/\/tiketi.com\/fr-fr\/wp-json\/wp\/v2\/pages\/10925\/revisions"}],"wp:featuredmedia":[{"embeddable":true,"href":"https:\/\/tiketi.com\/fr-fr\/wp-json\/wp\/v2\/media\/19426"}],"wp:attachment":[{"href":"https:\/\/tiketi.com\/fr-fr\/wp-json\/wp\/v2\/media?parent=10925"}],"curies":[{"name":"wp","href":"https:\/\/api.w.org\/{rel}","templated":true}]}}