{"id":10926,"date":"2022-01-19T12:53:59","date_gmt":"2022-01-19T11:53:59","guid":{"rendered":"https:\/\/new.tiketi.com\/how-to-get-sim-card-in-mauritius\/"},"modified":"2022-02-15T12:54:03","modified_gmt":"2022-02-15T11:54:03","slug":"how-to-get-sim-card-in-mauritius","status":"publish","type":"page","link":"https:\/\/tiketi.com\/fr-fr\/how-to-get-sim-card-in-mauritius\/","title":{"rendered":"Comment obtenir une carte SIM \u00e0 l&#039;\u00eele Maurice"},"content":{"rendered":"<h2>Comment acheter une carte SIM \u00e0 Maurice<\/h2>\n<p>Maurice compte trois fournisseurs de services de t\u00e9l\u00e9communications. Voici un guide sur la fa\u00e7on d&#039;obtenir une carte SIM \u00e0 Maurice\u00a0:<\/p>\n<p>\u2022 Emtel<br \/>\n\u2022 Orange (actuellement My.t)<br \/>\n\u2022   Le Chili<\/p>\n<p>Ces trois fournisseurs proposent tous des r\u00e9seaux 2G, 3G et 4G. Dans les \u00eeles p\u00e9riph\u00e9riques de Rodrigues et d&#039;Agalega, seuls Emtel et My.t proposent respectivement un r\u00e9seau 4G.<\/p>\n<h2>Comment obtenir une carte SIM \u00e0 Maurice FAQs<\/h2>\n<h2>Quelle carte SIM est la meilleure \u00e0 Maurice ?<\/h2>\n<p>Quelle carte sim maurice devriez-vous acheter lors de votre visite? Si vous souhaitez acheter une carte SIM \u00e0 Maurice, je vous conseillerais d&#039;aller avec Emtel car ils ont des tarifs plus bas. De plus, la carte SIM Emtel Tourist pour 200 MUR qui vient avec un Go, Facebook illimit\u00e9 et cent SMS pendant dix jours, ce qui est tout \u00e0 fait une meilleure affaire.<\/p>\n<h2>O\u00f9 acheter une carte SIM pr\u00e9pay\u00e9e Ile Maurice<\/h2>\n<p>\u2022 A l&#039;a\u00e9roport MRU de Plaine Magnien, vous pouvez trouver des cartes SIM dans les nombreux kiosques de location de voitures juste apr\u00e8s la sortie de l&#039;a\u00e9roport. Vous pouvez \u00e9galement obtenir une carte SIM pr\u00e9pay\u00e9e \u00e0 Maurice au bureau de poste de l&#039;a\u00e9roport.<br \/>\n\u2022 Pour emtel, vous pouvez utiliser leur localisateur de magasins pour trouver des magasins pour acheter des cartes SIM.<br \/>\n\u2022 Vous pouvez \u00e9galement trouver la carte SIM Entel Maurice dans la plupart des magasins sp\u00e9cialis\u00e9s dans tout le pays. Je ne conseille pas d&#039;acheter des cartes SIM ici, vous devrez envoyer par courrier les informations d&#039;enregistrement et de passeport aux magasins emtel pour que votre carte SIM soit activ\u00e9e. Votre carte SIM ne s&#039;active pas dans des d\u00e9panneurs al\u00e9atoires.<br \/>\n\u2022 Co\u00fbt de la carte SIM\u00a0: environ 100 MUR TTC<br \/>\n\u2022 L&#039;activation des cartes SIM n&#039;est pas rapide : Pour les cartes sim mauritius entel, l&#039;activation prend environ une heure. Pour les cartes My.t Sim, l&#039;activation peut prendre jusqu&#039;\u00e0 deux \u00e0 trois jours.<\/p>\n<h2>Quel est le meilleur r\u00e9seau mobile \u00e0 Maurice ?<\/h2>\n<h3>Mon.t<\/h3>\n<p>My.t est le plus grand op\u00e9rateur de Maurice en termes d&#039;abonn\u00e9s. Ils ont \u00e9galement la meilleure couverture dans tout le pays, y compris les \u00eeles Agalega et Rodrigues - ce sont les seuls op\u00e9rateurs qui y ont une couverture 4G\/LTE. My.t \u00e9tait connu sous le nom d&#039;Orange, mais ils ont \u00e9t\u00e9 renomm\u00e9s my.t fin 2017.<\/p>\n<p>Vous pouvez obtenir une carte SIM mauritius telecom pour 100 MUR dans les magasins my.t ou Telecom Mauritius.<\/p>\n<h3>Emtel<\/h3>\n<p>Emtel est le deuxi\u00e8me op\u00e9rateur de l&#039;\u00eele Maurice. Leur r\u00e9seau 3G est aussi co\u00fbteux que celui de my.t, mais leur r\u00e9seau LTE\/4G doit encore rattraper son retard. Les tarifs Emtel sont \u00e9galement tr\u00e8s bas, c&#039;est pourquoi je conseille de se procurer une carte SIM Emtel.<\/p>\n<p>Les cartes SIM Emtel sont vendues pour cent MRU dans les magasins Emtel et les magasins de facilit\u00e9 et sont livr\u00e9es avec 87 MUR de cr\u00e9dit, trois cents Mo valables sept jours, Facebook illimit\u00e9 pendant sept jours et 250 SMS pendant quatre-vingt-dix jours.<\/p>\n<h3>Chili par MTML<\/h3>\n<p>Chili est le plus petit op\u00e9rateur de Maurice, mais ils proposent \u00e9galement des tarifs abordables dans tout le pays. Dans un premier temps, Chili commercialisait son r\u00e9seau 4G et 3G. Ils ont d\u00e9clar\u00e9 qu&#039;ils travaillaient sur un vrai r\u00e9seau LTE\/4G.<br \/>\nLes cartes SIM Chili sont vendues pour une centaine de MUR dans les magasins Chili. Il est \u00e9galement livr\u00e9 avec un cr\u00e9dit de cent MUR. Les cartes de recharge Chili sont vendues de vingt-cinq MUR \u00e0 trois cents MUR.<\/p>\n<h2>Comment acheter une carte SIM \u00e0 Maurice international<\/h2>\n<p>Les cartes SIM internationales sont des cartes con\u00e7ues pour les visiteurs afin qu&#039;ils n&#039;aient pas \u00e0 faire face aux frais d&#039;itin\u00e9rance.<\/p>\n<p>Les soci\u00e9t\u00e9s de fournisseurs de cartes SIM internationales sont trop nombreuses pour \u00eatre compt\u00e9es, mais les cartes SIM internationales vous offrent le m\u00eame confort que l&#039;itin\u00e9rance avec vos fournisseurs. Quelques fournisseurs que je connais sont SimOptions, OneSIM card, BNESIM, Surfoam et SIM corner.<\/p>\n<p>Ils permettent aux gens de vous appeler au num\u00e9ro 1 au lieu de 5 au cas o\u00f9 vous explorez plusieurs pays en un seul voyage. De plus, vous n&#039;avez pas \u00e0 g\u00e9rer plusieurs cartes SIM que vous n&#039;utiliserez plus jamais. En termes simples, les cartes SIM internationales ont \u00e9t\u00e9 con\u00e7ues pour les visiteurs internationaux.<\/p>","protected":false},"excerpt":{"rendered":"<p>How to Buy a SIM Card in Mauritius Mauritius has three telecom service providers.\u00a0Here&#8217;s a guide on how to get sim card in Mauritius: \u2022\u00a0\u00a0 \u00a0Emtel \u2022\u00a0\u00a0 \u00a0Orange (Currently My.t) \u2022\u00a0\u00a0 \u00a0Chili All of these three providers offer 2G, 3G and 4G networks. In the outer islands of Rodrigues and Agalega, only Emtel and My.t [&hellip;]<\/p>\n","protected":false},"author":1,"featured_media":19426,"parent":0,"menu_order":0,"comment_status":"open","ping_status":"closed","template":"template-home-modern.php","meta":{"footnotes":""},"class_list":["post-10926","page","type-page","status-publish","has-post-thumbnail","hentry"],"yoast_head":"<!-- This site is optimized with the Yoast SEO plugin v27.2 - https:\/\/yoast.com\/product\/yoast-seo-wordpress\/ -->\n<title>How to get sim card in Mauritius<\/title>\n<meta name=\"description\" content=\"Which sim card mauritius should you buy when visiting? How to get a sim card in Mauritius - there are 3 key mobile sim card in Mauritius\" \/>\n<meta name=\"robots\" content=\"index, follow, max-snippet:-1, max-image-preview:large, max-video-preview:-1\" \/>\n<link rel=\"canonical\" href=\"https:\/\/tiketi.com\/fr-fr\/how-to-get-sim-card-in-mauritius\/\" \/>\n<meta property=\"og:locale\" content=\"fr_FR\" \/>\n<meta property=\"og:type\" content=\"article\" \/>\n<meta property=\"og:title\" content=\"How to get sim card in Mauritius\" \/>\n<meta property=\"og:description\" content=\"Which sim card mauritius should you buy when visiting? How to get a sim card in Mauritius - there are 3 key mobile sim card in Mauritius\" \/>\n<meta property=\"og:url\" content=\"https:\/\/tiketi.com\/fr-fr\/how-to-get-sim-card-in-mauritius\/\" \/>\n<meta property=\"og:site_name\" content=\"Tiketi.com\" \/>\n<meta property=\"article:publisher\" content=\"https:\/\/www.facebook.com\/TiketiCom\/\" \/>\n<meta property=\"article:modified_time\" content=\"2022-02-15T11:54:03+00:00\" \/>\n<meta property=\"og:image\" content=\"https:\/\/tiketi.com\/wp-content\/uploads\/2022\/02\/sim-card-3663597_1280.jpg\" \/>\n\t<meta property=\"og:image:width\" content=\"1280\" \/>\n\t<meta property=\"og:image:height\" content=\"200\" \/>\n\t<meta property=\"og:image:type\" content=\"image\/jpeg\" \/>\n<meta name=\"twitter:card\" content=\"summary_large_image\" \/>\n<meta name=\"twitter:label1\" content=\"Dur\u00e9e de lecture estim\u00e9e\" \/>\n\t<meta name=\"twitter:data1\" content=\"3 minutes\" \/>\n<script type=\"application\/ld+json\" class=\"yoast-schema-graph\">{\"@context\":\"https:\/\/schema.org\",\"@graph\":[{\"@type\":\"WebPage\",\"@id\":\"https:\/\/tiketi.com\/fr-fr\/how-to-get-sim-card-in-mauritius\/\",\"url\":\"https:\/\/tiketi.com\/fr-fr\/how-to-get-sim-card-in-mauritius\/\",\"name\":\"How to get sim card in Mauritius\",\"isPartOf\":{\"@id\":\"https:\/\/tiketi.com\/#website\"},\"primaryImageOfPage\":{\"@id\":\"https:\/\/tiketi.com\/fr-fr\/how-to-get-sim-card-in-mauritius\/#primaryimage\"},\"image\":{\"@id\":\"https:\/\/tiketi.com\/fr-fr\/how-to-get-sim-card-in-mauritius\/#primaryimage\"},\"thumbnailUrl\":\"https:\/\/tiketi.com\/wp-content\/uploads\/2022\/02\/sim-card-3663597_1280.jpg\",\"datePublished\":\"2022-01-19T11:53:59+00:00\",\"dateModified\":\"2022-02-15T11:54:03+00:00\",\"description\":\"Which sim card mauritius should you buy when visiting? How to get a sim card in Mauritius - there are 3 key mobile sim card in Mauritius\",\"breadcrumb\":{\"@id\":\"https:\/\/tiketi.com\/fr-fr\/how-to-get-sim-card-in-mauritius\/#breadcrumb\"},\"inLanguage\":\"fr-FR\",\"potentialAction\":[{\"@type\":\"ReadAction\",\"target\":[\"https:\/\/tiketi.com\/fr-fr\/how-to-get-sim-card-in-mauritius\/\"]}]},{\"@type\":\"ImageObject\",\"inLanguage\":\"fr-FR\",\"@id\":\"https:\/\/tiketi.com\/fr-fr\/how-to-get-sim-card-in-mauritius\/#primaryimage\",\"url\":\"https:\/\/tiketi.com\/wp-content\/uploads\/2022\/02\/sim-card-3663597_1280.jpg\",\"contentUrl\":\"https:\/\/tiketi.com\/wp-content\/uploads\/2022\/02\/sim-card-3663597_1280.jpg\",\"width\":1280,\"height\":200,\"caption\":\"Getting a SIM Card in Tanzania\"},{\"@type\":\"BreadcrumbList\",\"@id\":\"https:\/\/tiketi.com\/fr-fr\/how-to-get-sim-card-in-mauritius\/#breadcrumb\",\"itemListElement\":[{\"@type\":\"ListItem\",\"position\":1,\"name\":\"Home\",\"item\":\"https:\/\/tiketi.com\/\"},{\"@type\":\"ListItem\",\"position\":2,\"name\":\"How to get sim card in Mauritius\"}]},{\"@type\":\"WebSite\",\"@id\":\"https:\/\/tiketi.com\/#website\",\"url\":\"https:\/\/tiketi.com\/\",\"name\":\"Flight & Bus Tickets, Tour Packages & Activitites - Tiketi.com\",\"description\":\"Flight &amp; Bus Tickets, Tours, Activitites\",\"publisher\":{\"@id\":\"https:\/\/tiketi.com\/#organization\"},\"potentialAction\":[{\"@type\":\"SearchAction\",\"target\":{\"@type\":\"EntryPoint\",\"urlTemplate\":\"https:\/\/tiketi.com\/?s={search_term_string}\"},\"query-input\":{\"@type\":\"PropertyValueSpecification\",\"valueRequired\":true,\"valueName\":\"search_term_string\"}}],\"inLanguage\":\"fr-FR\"},{\"@type\":\"Organization\",\"@id\":\"https:\/\/tiketi.com\/#organization\",\"name\":\"Tiketi.com\",\"alternateName\":\"Tiketi\",\"url\":\"https:\/\/tiketi.com\/\",\"logo\":{\"@type\":\"ImageObject\",\"inLanguage\":\"fr-FR\",\"@id\":\"https:\/\/tiketi.com\/#\/schema\/logo\/image\/\",\"url\":\"https:\/\/tiketi.com\/wp-content\/uploads\/2019\/05\/tiketi-logo-696.png\",\"contentUrl\":\"https:\/\/tiketi.com\/wp-content\/uploads\/2019\/05\/tiketi-logo-696.png\",\"width\":696,\"height\":696,\"caption\":\"Tiketi.com\"},\"image\":{\"@id\":\"https:\/\/tiketi.com\/#\/schema\/logo\/image\/\"},\"sameAs\":[\"https:\/\/www.facebook.com\/TiketiCom\/\"]}]}<\/script>\n<!-- \/ Yoast SEO plugin. -->","yoast_head_json":{"title":"Comment obtenir une carte SIM \u00e0 l&#039;\u00eele Maurice","description":"Quelle carte sim maurice devriez-vous acheter lors de votre visite? Comment obtenir une carte SIM \u00e0 l&#039;\u00eele Maurice - il existe 3 cl\u00e9s de carte SIM mobile \u00e0 l&#039;\u00eele Maurice","robots":{"index":"index","follow":"follow","max-snippet":"max-snippet:-1","max-image-preview":"max-image-preview:large","max-video-preview":"max-video-preview:-1"},"canonical":"https:\/\/tiketi.com\/fr-fr\/how-to-get-sim-card-in-mauritius\/","og_locale":"fr_FR","og_type":"article","og_title":"How to get sim card in Mauritius","og_description":"Which sim card mauritius should you buy when visiting? How to get a sim card in Mauritius - there are 3 key mobile sim card in Mauritius","og_url":"https:\/\/tiketi.com\/fr-fr\/how-to-get-sim-card-in-mauritius\/","og_site_name":"Tiketi.com","article_publisher":"https:\/\/www.facebook.com\/TiketiCom\/","article_modified_time":"2022-02-15T11:54:03+00:00","og_image":[{"width":1280,"height":200,"url":"https:\/\/tiketi.com\/wp-content\/uploads\/2022\/02\/sim-card-3663597_1280.jpg","type":"image\/jpeg"}],"twitter_card":"summary_large_image","twitter_misc":{"Dur\u00e9e de lecture estim\u00e9e":"3 minutes"},"schema":{"@context":"https:\/\/schema.org","@graph":[{"@type":"WebPage","@id":"https:\/\/tiketi.com\/fr-fr\/how-to-get-sim-card-in-mauritius\/","url":"https:\/\/tiketi.com\/fr-fr\/how-to-get-sim-card-in-mauritius\/","name":"Comment obtenir une carte SIM \u00e0 l&#039;\u00eele Maurice","isPartOf":{"@id":"https:\/\/tiketi.com\/#website"},"primaryImageOfPage":{"@id":"https:\/\/tiketi.com\/fr-fr\/how-to-get-sim-card-in-mauritius\/#primaryimage"},"image":{"@id":"https:\/\/tiketi.com\/fr-fr\/how-to-get-sim-card-in-mauritius\/#primaryimage"},"thumbnailUrl":"https:\/\/tiketi.com\/wp-content\/uploads\/2022\/02\/sim-card-3663597_1280.jpg","datePublished":"2022-01-19T11:53:59+00:00","dateModified":"2022-02-15T11:54:03+00:00","description":"Quelle carte sim maurice devriez-vous acheter lors de votre visite? Comment obtenir une carte SIM \u00e0 l&#039;\u00eele Maurice - il existe 3 cl\u00e9s de carte SIM mobile \u00e0 l&#039;\u00eele Maurice","breadcrumb":{"@id":"https:\/\/tiketi.com\/fr-fr\/how-to-get-sim-card-in-mauritius\/#breadcrumb"},"inLanguage":"fr-FR","potentialAction":[{"@type":"ReadAction","target":["https:\/\/tiketi.com\/fr-fr\/how-to-get-sim-card-in-mauritius\/"]}]},{"@type":"ImageObject","inLanguage":"fr-FR","@id":"https:\/\/tiketi.com\/fr-fr\/how-to-get-sim-card-in-mauritius\/#primaryimage","url":"https:\/\/tiketi.com\/wp-content\/uploads\/2022\/02\/sim-card-3663597_1280.jpg","contentUrl":"https:\/\/tiketi.com\/wp-content\/uploads\/2022\/02\/sim-card-3663597_1280.jpg","width":1280,"height":200,"caption":"Getting a SIM Card in Tanzania"},{"@type":"BreadcrumbList","@id":"https:\/\/tiketi.com\/fr-fr\/how-to-get-sim-card-in-mauritius\/#breadcrumb","itemListElement":[{"@type":"ListItem","position":1,"name":"Home","item":"https:\/\/tiketi.com\/"},{"@type":"ListItem","position":2,"name":"How to get sim card in Mauritius"}]},{"@type":"WebSite","@id":"https:\/\/tiketi.com\/#website","url":"https:\/\/tiketi.com\/","name":"Billets d&#039;avion et de bus, forfaits touristiques et activit\u00e9s - Tiketi.com","description":"Billets d&#039;avion et de bus, Tours, Activit\u00e9s","publisher":{"@id":"https:\/\/tiketi.com\/#organization"},"potentialAction":[{"@type":"SearchAction","target":{"@type":"EntryPoint","urlTemplate":"https:\/\/tiketi.com\/?s={search_term_string}"},"query-input":{"@type":"PropertyValueSpecification","valueRequired":true,"valueName":"search_term_string"}}],"inLanguage":"fr-FR"},{"@type":"Organization","@id":"https:\/\/tiketi.com\/#organization","name":"Tiketi.com","alternateName":"Tiketi","url":"https:\/\/tiketi.com\/","logo":{"@type":"ImageObject","inLanguage":"fr-FR","@id":"https:\/\/tiketi.com\/#\/schema\/logo\/image\/","url":"https:\/\/tiketi.com\/wp-content\/uploads\/2019\/05\/tiketi-logo-696.png","contentUrl":"https:\/\/tiketi.com\/wp-content\/uploads\/2019\/05\/tiketi-logo-696.png","width":696,"height":696,"caption":"Tiketi.com"},"image":{"@id":"https:\/\/tiketi.com\/#\/schema\/logo\/image\/"},"sameAs":["https:\/\/www.facebook.com\/TiketiCom\/"]}]}},"_links":{"self":[{"href":"https:\/\/tiketi.com\/fr-fr\/wp-json\/wp\/v2\/pages\/10926","targetHints":{"allow":["GET"]}}],"collection":[{"href":"https:\/\/tiketi.com\/fr-fr\/wp-json\/wp\/v2\/pages"}],"about":[{"href":"https:\/\/tiketi.com\/fr-fr\/wp-json\/wp\/v2\/types\/page"}],"author":[{"embeddable":true,"href":"https:\/\/tiketi.com\/fr-fr\/wp-json\/wp\/v2\/users\/1"}],"replies":[{"embeddable":true,"href":"https:\/\/tiketi.com\/fr-fr\/wp-json\/wp\/v2\/comments?post=10926"}],"version-history":[{"count":0,"href":"https:\/\/tiketi.com\/fr-fr\/wp-json\/wp\/v2\/pages\/10926\/revisions"}],"wp:featuredmedia":[{"embeddable":true,"href":"https:\/\/tiketi.com\/fr-fr\/wp-json\/wp\/v2\/media\/19426"}],"wp:attachment":[{"href":"https:\/\/tiketi.com\/fr-fr\/wp-json\/wp\/v2\/media?parent=10926"}],"curies":[{"name":"wp","href":"https:\/\/api.w.org\/{rel}","templated":true}]}}