{"id":10927,"date":"2022-01-19T12:53:59","date_gmt":"2022-01-19T11:53:59","guid":{"rendered":"https:\/\/new.tiketi.com\/how-to-get-a-sim-card-in-morocco\/"},"modified":"2022-09-22T14:00:36","modified_gmt":"2022-09-22T13:00:36","slug":"how-to-buy-get-a-sim-card-in-morocco","status":"publish","type":"page","link":"https:\/\/tiketi.com\/fr-fr\/how-to-buy-get-a-sim-card-in-morocco\/","title":{"rendered":"Comment obtenir une carte SIM au Maroc"},"content":{"rendered":"<h2>Acheter une carte SIM au Maroc<\/h2>\n<p>Vous trouverez ci-dessous un guide sur la fa\u00e7on d&#039;obtenir une carte SIM au Maroc. La couverture des t\u00e9l\u00e9phones portables est g\u00e9n\u00e9ralement incroyable dans les villes et les m\u00e9tropoles marocaines, mais attendez-vous \u00e0 une couverture limit\u00e9e dans les zones d\u00e9sertiques, recul\u00e9es ou montagneuses. Si vous souhaitez utiliser votre t\u00e9l\u00e9phone portable lors de vos d\u00e9placements, le mieux est d&#039;acheter une carte SIM au Maroc \u00e0 ins\u00e9rer dans votre t\u00e9l\u00e9phone d\u00e9verrouill\u00e9 pendant la dur\u00e9e de votre s\u00e9jour. Sinon, l&#039;itin\u00e9rance mondiale peut \u00eatre activ\u00e9e aupr\u00e8s de votre fournisseur de services actuel, mais assurez-vous de v\u00e9rifier les frais li\u00e9s \u00e0 cela car cela peut souvent \u00eatre extr\u00eamement co\u00fbteux, principalement au Maroc.<\/p>\n<h2>Comment obtenir une carte SIM au Maroc FAQs<\/h2>\n<h3>Conseils pour acheter une carte SIM au Maroc<\/h3>\n<p>Pour rejeter les frais d&#039;itin\u00e9rance, il est possible d&#039;acheter une carte SIM de donn\u00e9es au Maroc. Assurez-vous que votre t\u00e9l\u00e9phone est d\u00e9verrouill\u00e9 avant de quitter la maison afin qu&#039;une carte SIM locale soit compatible. Le Maroc dispose de 3 r\u00e9seaux de t\u00e9l\u00e9phonie mobile - Maroc Telecom, Inwi et Meditel - qui ont tous une large couverture, qui peut avoir moins de succ\u00e8s dans les endroits recul\u00e9s. La 4G est largement accessible dans les principales villes et communes du Maroc.<\/p>\n<p>Vous pourrez acheter une carte SIM dans une t\u00e9l\u00e9boutique, ou dans un kiosque, un kiosque \u00e0 journaux ou un magasin de proximit\u00e9, et cela vous co\u00fbtera g\u00e9n\u00e9ralement une centaine de dirhams pour une bonne quantit\u00e9 de carte SIM Maroc Internet et d&#039;appels. Selon le temps que vous voyagez, il y aura une gamme d&#039;offres pr\u00e9par\u00e9es fournies par ces fournisseurs.<\/p>\n<p>Veuillez noter que certaines entreprises de t\u00e9l\u00e9communications marocaines ont bloqu\u00e9 la sp\u00e9cification d&#039;appel sur les applications d&#039;appel Internet telles que WhatsApp et Skype afin que les clients utilisent leur r\u00e9seau d&#039;appel local. Les services de messagerie de ces applications ne sont pas bloqu\u00e9s. Si vous aimeriez appeler avec une application comme celle-ci pendant votre s\u00e9jour au Maroc, vous devrez peut-\u00eatre installer un r\u00e9seau priv\u00e9 virtuel sur votre t\u00e9l\u00e9phone portable.<\/p>\n<h2>Quel est le meilleur r\u00e9seau mobile au Maroc ?<\/h2>\n<h3>Marco T\u00e9l\u00e9com<\/h3>\n<p>\u2022 Maroc Telecom est le grand fournisseur de r\u00e9seau au Maroc.<br \/>\n\u2022 Acheter une carte SIM au Maroc co\u00fbte 40 MAD et est livr\u00e9 avec cinq Go de donn\u00e9es valables pendant trente jours, ce qui est largement suffisant pour la plupart des visiteurs.<br \/>\n\u2022 Obtenir une carte SIM au Maroc pour les touristes : Pass Jawal international, offre des r\u00e9ductions sur les donn\u00e9es, les appels et les SMS vers le Canada, les \u00c9tats-Unis et les pays europ\u00e9ens.<br \/>\n\u2022 Pour utiliser les donn\u00e9es de Maroc Telecom vous devez activer le choix data sur votre carte SIM en composant le 888.<\/p>\n<h3>Orange<\/h3>\n<p>\u2022 Carte SIM Orange au Maroc et co\u00fbt de la carte SIM : 20 MAD<br \/>\n\u2022 Orange est le deuxi\u00e8me plus gros t\u00e9l\u00e9com du Maroc.<br \/>\n\u2022 Meilleure offre Orange : Orange propose des r\u00e9ductions sur les appels internationaux vers les \u00c9tats-Unis, l&#039;Arabie saoudite et presque tous les pays occidentaux.<\/p>\n<h3>Inwi<\/h3>\n<p>Inwi est le petit fournisseur de r\u00e9seau mais la meilleure carte SIM pr\u00e9pay\u00e9e au Maroc pour les touristes qui ont besoin de communiquer avec des personnes en Asie, car elle propose des appels \u00e0 prix r\u00e9duit vers de nombreux pays asiatiques.<\/p>\n<h2>Les meilleurs endroits pour acheter une carte SIM au Maroc<\/h2>\n<p>\u2022 Kiosques \u00e0 tabac<br \/>\n\u2022   A\u00e9roport<\/p>\n<p>Le vendeur de la carte SIM doit prendre une image de votre passeport, il n&#039;y a g\u00e9n\u00e9ralement rien d&#039;alarmant.<\/p>\n<h2>Combien co\u00fbte une carte SIM au Maroc ?<\/h2>\n<p>Les donn\u00e9es mobiles sont bon march\u00e9 au Maroc. Avec un peu de chance, vous obtiendrez un cr\u00e9dit de d\u00e9part lors de l&#039;achat de votre carte SIM. Par la suite, vous devrez recharger votre cr\u00e9dit manuellement. Vous pouvez deviner qu&#039;il faut payer environ dix DH pour un Go de donn\u00e9es. Ne soyez pas confus si l&#039;utilisation des donn\u00e9es n&#039;appara\u00eet pas pour \u00eatre calcul\u00e9e en Go.<\/p>\n<p>Sachez qu\u2019il existe de nombreux types de carte SIM diff\u00e9rents accessibles. Avec la soi-disant Carte Internet Mobile pr\u00e9pay\u00e9e, vous n&#039;obtiendrez qu&#039;une carte SIM touristique au Maroc et des donn\u00e9es mobiles. Aucun appel ne peut \u00eatre pass\u00e9 avec cette carte. Ces cartes SIM sont g\u00e9n\u00e9ralement group\u00e9es avec une cl\u00e9 UMTS\/3G.<\/p>\n<p>Si vous avez l&#039;intention de t\u00e9l\u00e9phoner avec votre mobile. Je vous conseille d&#039;acheter une carte SIM pr\u00e9pay\u00e9e universelle au Maroc, qui offre les appels, les donn\u00e9es mobiles et les SMS.<\/p>","protected":false},"excerpt":{"rendered":"<p>Buying a sim card in Morocco Below is a guide on how to get a sim card in Morocco. Cell phone coverage is generally amazing in Morocco cities and metropolitan places, although expect limited coverage in desert, remote or mountainous areas. If you want to use your cell phone on the go, your top best [&hellip;]<\/p>\n","protected":false},"author":1,"featured_media":19426,"parent":0,"menu_order":0,"comment_status":"open","ping_status":"closed","template":"template-home-modern.php","meta":{"footnotes":""},"class_list":["post-10927","page","type-page","status-publish","has-post-thumbnail","hentry"],"yoast_head":"<!-- This site is optimized with the Yoast SEO plugin v27.2 - https:\/\/yoast.com\/product\/yoast-seo-wordpress\/ -->\n<title>How to get a sim card in Morocco<\/title>\n<meta name=\"description\" content=\"Here&#039;s a guide on how to get a sim card in Morocco. Getting yourself a Sim card in Morocco when visiting the country will keep you a lot of cash\" \/>\n<meta name=\"robots\" content=\"index, follow, max-snippet:-1, max-image-preview:large, max-video-preview:-1\" \/>\n<link rel=\"canonical\" href=\"https:\/\/tiketi.com\/fr-fr\/how-to-buy-get-a-sim-card-in-morocco\/\" \/>\n<meta property=\"og:locale\" content=\"fr_FR\" \/>\n<meta property=\"og:type\" content=\"article\" \/>\n<meta property=\"og:title\" content=\"How to get a sim card in Morocco\" \/>\n<meta property=\"og:description\" content=\"Here&#039;s a guide on how to get a sim card in Morocco. Getting yourself a Sim card in Morocco when visiting the country will keep you a lot of cash\" \/>\n<meta property=\"og:url\" content=\"https:\/\/tiketi.com\/fr-fr\/how-to-buy-get-a-sim-card-in-morocco\/\" \/>\n<meta property=\"og:site_name\" content=\"Tiketi.com\" \/>\n<meta property=\"article:publisher\" content=\"https:\/\/www.facebook.com\/TiketiCom\/\" \/>\n<meta property=\"article:modified_time\" content=\"2022-09-22T13:00:36+00:00\" \/>\n<meta property=\"og:image\" content=\"https:\/\/tiketi.com\/wp-content\/uploads\/2022\/02\/sim-card-3663597_1280.jpg\" \/>\n\t<meta property=\"og:image:width\" content=\"1280\" \/>\n\t<meta property=\"og:image:height\" content=\"200\" \/>\n\t<meta property=\"og:image:type\" content=\"image\/jpeg\" \/>\n<meta name=\"twitter:card\" content=\"summary_large_image\" \/>\n<meta name=\"twitter:label1\" content=\"Dur\u00e9e de lecture estim\u00e9e\" \/>\n\t<meta name=\"twitter:data1\" content=\"3 minutes\" \/>\n<script type=\"application\/ld+json\" class=\"yoast-schema-graph\">{\"@context\":\"https:\/\/schema.org\",\"@graph\":[{\"@type\":\"WebPage\",\"@id\":\"https:\/\/tiketi.com\/how-to-buy-get-a-sim-card-in-morocco\/\",\"url\":\"https:\/\/tiketi.com\/how-to-buy-get-a-sim-card-in-morocco\/\",\"name\":\"How to get a sim card in Morocco\",\"isPartOf\":{\"@id\":\"https:\/\/tiketi.com\/#website\"},\"primaryImageOfPage\":{\"@id\":\"https:\/\/tiketi.com\/how-to-buy-get-a-sim-card-in-morocco\/#primaryimage\"},\"image\":{\"@id\":\"https:\/\/tiketi.com\/how-to-buy-get-a-sim-card-in-morocco\/#primaryimage\"},\"thumbnailUrl\":\"https:\/\/tiketi.com\/wp-content\/uploads\/2022\/02\/sim-card-3663597_1280.jpg\",\"datePublished\":\"2022-01-19T11:53:59+00:00\",\"dateModified\":\"2022-09-22T13:00:36+00:00\",\"description\":\"Here's a guide on how to get a sim card in Morocco. Getting yourself a Sim card in Morocco when visiting the country will keep you a lot of cash\",\"breadcrumb\":{\"@id\":\"https:\/\/tiketi.com\/how-to-buy-get-a-sim-card-in-morocco\/#breadcrumb\"},\"inLanguage\":\"fr-FR\",\"potentialAction\":[{\"@type\":\"ReadAction\",\"target\":[\"https:\/\/tiketi.com\/how-to-buy-get-a-sim-card-in-morocco\/\"]}]},{\"@type\":\"ImageObject\",\"inLanguage\":\"fr-FR\",\"@id\":\"https:\/\/tiketi.com\/how-to-buy-get-a-sim-card-in-morocco\/#primaryimage\",\"url\":\"https:\/\/tiketi.com\/wp-content\/uploads\/2022\/02\/sim-card-3663597_1280.jpg\",\"contentUrl\":\"https:\/\/tiketi.com\/wp-content\/uploads\/2022\/02\/sim-card-3663597_1280.jpg\",\"width\":1280,\"height\":200,\"caption\":\"Getting a SIM Card in Tanzania\"},{\"@type\":\"BreadcrumbList\",\"@id\":\"https:\/\/tiketi.com\/how-to-buy-get-a-sim-card-in-morocco\/#breadcrumb\",\"itemListElement\":[{\"@type\":\"ListItem\",\"position\":1,\"name\":\"Home\",\"item\":\"https:\/\/tiketi.com\/\"},{\"@type\":\"ListItem\",\"position\":2,\"name\":\"How to get a sim card in Morocco\"}]},{\"@type\":\"WebSite\",\"@id\":\"https:\/\/tiketi.com\/#website\",\"url\":\"https:\/\/tiketi.com\/\",\"name\":\"Flight & Bus Tickets, Tour Packages & Activitites - Tiketi.com\",\"description\":\"Flight &amp; Bus Tickets, Tours, Activitites\",\"publisher\":{\"@id\":\"https:\/\/tiketi.com\/#organization\"},\"potentialAction\":[{\"@type\":\"SearchAction\",\"target\":{\"@type\":\"EntryPoint\",\"urlTemplate\":\"https:\/\/tiketi.com\/?s={search_term_string}\"},\"query-input\":{\"@type\":\"PropertyValueSpecification\",\"valueRequired\":true,\"valueName\":\"search_term_string\"}}],\"inLanguage\":\"fr-FR\"},{\"@type\":\"Organization\",\"@id\":\"https:\/\/tiketi.com\/#organization\",\"name\":\"Tiketi.com\",\"alternateName\":\"Tiketi\",\"url\":\"https:\/\/tiketi.com\/\",\"logo\":{\"@type\":\"ImageObject\",\"inLanguage\":\"fr-FR\",\"@id\":\"https:\/\/tiketi.com\/#\/schema\/logo\/image\/\",\"url\":\"https:\/\/tiketi.com\/wp-content\/uploads\/2019\/05\/tiketi-logo-696.png\",\"contentUrl\":\"https:\/\/tiketi.com\/wp-content\/uploads\/2019\/05\/tiketi-logo-696.png\",\"width\":696,\"height\":696,\"caption\":\"Tiketi.com\"},\"image\":{\"@id\":\"https:\/\/tiketi.com\/#\/schema\/logo\/image\/\"},\"sameAs\":[\"https:\/\/www.facebook.com\/TiketiCom\/\"]}]}<\/script>\n<!-- \/ Yoast SEO plugin. -->","yoast_head_json":{"title":"Comment obtenir une carte SIM au Maroc","description":"Voici un guide sur la fa\u00e7on d&#039;obtenir une carte SIM au Maroc. Obtenir une carte SIM au Maroc lors de votre visite dans le pays vous permettra de garder beaucoup d&#039;argent","robots":{"index":"index","follow":"follow","max-snippet":"max-snippet:-1","max-image-preview":"max-image-preview:large","max-video-preview":"max-video-preview:-1"},"canonical":"https:\/\/tiketi.com\/fr-fr\/how-to-buy-get-a-sim-card-in-morocco\/","og_locale":"fr_FR","og_type":"article","og_title":"How to get a sim card in Morocco","og_description":"Here's a guide on how to get a sim card in Morocco. Getting yourself a Sim card in Morocco when visiting the country will keep you a lot of cash","og_url":"https:\/\/tiketi.com\/fr-fr\/how-to-buy-get-a-sim-card-in-morocco\/","og_site_name":"Tiketi.com","article_publisher":"https:\/\/www.facebook.com\/TiketiCom\/","article_modified_time":"2022-09-22T13:00:36+00:00","og_image":[{"width":1280,"height":200,"url":"https:\/\/tiketi.com\/wp-content\/uploads\/2022\/02\/sim-card-3663597_1280.jpg","type":"image\/jpeg"}],"twitter_card":"summary_large_image","twitter_misc":{"Dur\u00e9e de lecture estim\u00e9e":"3 minutes"},"schema":{"@context":"https:\/\/schema.org","@graph":[{"@type":"WebPage","@id":"https:\/\/tiketi.com\/how-to-buy-get-a-sim-card-in-morocco\/","url":"https:\/\/tiketi.com\/how-to-buy-get-a-sim-card-in-morocco\/","name":"Comment obtenir une carte SIM au Maroc","isPartOf":{"@id":"https:\/\/tiketi.com\/#website"},"primaryImageOfPage":{"@id":"https:\/\/tiketi.com\/how-to-buy-get-a-sim-card-in-morocco\/#primaryimage"},"image":{"@id":"https:\/\/tiketi.com\/how-to-buy-get-a-sim-card-in-morocco\/#primaryimage"},"thumbnailUrl":"https:\/\/tiketi.com\/wp-content\/uploads\/2022\/02\/sim-card-3663597_1280.jpg","datePublished":"2022-01-19T11:53:59+00:00","dateModified":"2022-09-22T13:00:36+00:00","description":"Voici un guide sur la fa\u00e7on d&#039;obtenir une carte SIM au Maroc. Obtenir une carte SIM au Maroc lors de votre visite dans le pays vous permettra de garder beaucoup d&#039;argent","breadcrumb":{"@id":"https:\/\/tiketi.com\/how-to-buy-get-a-sim-card-in-morocco\/#breadcrumb"},"inLanguage":"fr-FR","potentialAction":[{"@type":"ReadAction","target":["https:\/\/tiketi.com\/how-to-buy-get-a-sim-card-in-morocco\/"]}]},{"@type":"ImageObject","inLanguage":"fr-FR","@id":"https:\/\/tiketi.com\/how-to-buy-get-a-sim-card-in-morocco\/#primaryimage","url":"https:\/\/tiketi.com\/wp-content\/uploads\/2022\/02\/sim-card-3663597_1280.jpg","contentUrl":"https:\/\/tiketi.com\/wp-content\/uploads\/2022\/02\/sim-card-3663597_1280.jpg","width":1280,"height":200,"caption":"Getting a SIM Card in Tanzania"},{"@type":"BreadcrumbList","@id":"https:\/\/tiketi.com\/how-to-buy-get-a-sim-card-in-morocco\/#breadcrumb","itemListElement":[{"@type":"ListItem","position":1,"name":"Home","item":"https:\/\/tiketi.com\/"},{"@type":"ListItem","position":2,"name":"How to get a sim card in Morocco"}]},{"@type":"WebSite","@id":"https:\/\/tiketi.com\/#website","url":"https:\/\/tiketi.com\/","name":"Billets d&#039;avion et de bus, forfaits touristiques et activit\u00e9s - Tiketi.com","description":"Billets d&#039;avion et de bus, Tours, Activit\u00e9s","publisher":{"@id":"https:\/\/tiketi.com\/#organization"},"potentialAction":[{"@type":"SearchAction","target":{"@type":"EntryPoint","urlTemplate":"https:\/\/tiketi.com\/?s={search_term_string}"},"query-input":{"@type":"PropertyValueSpecification","valueRequired":true,"valueName":"search_term_string"}}],"inLanguage":"fr-FR"},{"@type":"Organization","@id":"https:\/\/tiketi.com\/#organization","name":"Tiketi.com","alternateName":"Tiketi","url":"https:\/\/tiketi.com\/","logo":{"@type":"ImageObject","inLanguage":"fr-FR","@id":"https:\/\/tiketi.com\/#\/schema\/logo\/image\/","url":"https:\/\/tiketi.com\/wp-content\/uploads\/2019\/05\/tiketi-logo-696.png","contentUrl":"https:\/\/tiketi.com\/wp-content\/uploads\/2019\/05\/tiketi-logo-696.png","width":696,"height":696,"caption":"Tiketi.com"},"image":{"@id":"https:\/\/tiketi.com\/#\/schema\/logo\/image\/"},"sameAs":["https:\/\/www.facebook.com\/TiketiCom\/"]}]}},"_links":{"self":[{"href":"https:\/\/tiketi.com\/fr-fr\/wp-json\/wp\/v2\/pages\/10927","targetHints":{"allow":["GET"]}}],"collection":[{"href":"https:\/\/tiketi.com\/fr-fr\/wp-json\/wp\/v2\/pages"}],"about":[{"href":"https:\/\/tiketi.com\/fr-fr\/wp-json\/wp\/v2\/types\/page"}],"author":[{"embeddable":true,"href":"https:\/\/tiketi.com\/fr-fr\/wp-json\/wp\/v2\/users\/1"}],"replies":[{"embeddable":true,"href":"https:\/\/tiketi.com\/fr-fr\/wp-json\/wp\/v2\/comments?post=10927"}],"version-history":[{"count":0,"href":"https:\/\/tiketi.com\/fr-fr\/wp-json\/wp\/v2\/pages\/10927\/revisions"}],"wp:featuredmedia":[{"embeddable":true,"href":"https:\/\/tiketi.com\/fr-fr\/wp-json\/wp\/v2\/media\/19426"}],"wp:attachment":[{"href":"https:\/\/tiketi.com\/fr-fr\/wp-json\/wp\/v2\/media?parent=10927"}],"curies":[{"name":"wp","href":"https:\/\/api.w.org\/{rel}","templated":true}]}}