{"id":10928,"date":"2022-01-19T12:53:59","date_gmt":"2022-01-19T11:53:59","guid":{"rendered":"https:\/\/new.tiketi.com\/how-to-get-a-sim-card-in-rwanda\/"},"modified":"2022-02-14T15:39:14","modified_gmt":"2022-02-14T14:39:14","slug":"how-to-buy-get-a-sim-card-in-rwanda","status":"publish","type":"page","link":"https:\/\/tiketi.com\/fr-fr\/how-to-buy-get-a-sim-card-in-rwanda\/","title":{"rendered":"Comment obtenir une carte SIM au Rwanda"},"content":{"rendered":"<h2>Comment acheter une carte SIM au Rwanda<\/h2>\n<p>Vous devriez partager votre exp\u00e9rience du Rwanda \u00e0 travers Internet. Quoi qu&#039;il en soit, vous feriez mieux d&#039;obtenir une carte SIM rwandaise car l&#039;itin\u00e9rance peut \u00eatre co\u00fbteuse dans de nombreux cas, c&#039;est pourquoi de nombreux visiteurs pr\u00e9f\u00e8rent la meilleure carte SIM pour le Rwanda. Voici un guide sur la fa\u00e7on d&#039;obtenir une carte SIM au Rwanda :<\/p>\n<h2>Quel est le meilleur r\u00e9seau mobile au Rwanda ?<\/h2>\n<p>Trouver une carte simple est simple et le processus est assez facile.<\/p>\n<h3>Il y a 3 tell communication au Rwanda actuellement :<\/h3>\n<h3>MTN<\/h3>\n<p>\u2022 MTN a la plus grande couverture et le meilleur r\u00e9seau via leurs donn\u00e9es est plus co\u00fbteux, contrairement \u00e0 Airtel qui a les meilleurs d\u00e9bits de donn\u00e9es.<br \/>\n\u2022 Bien que je conseillerai toujours MTN pour les raisons suivantes.<br \/>\n\u2022 Il a la meilleure couverture.<br \/>\n\u2022 Vous pouvez utiliser la carte SIM mtn Rwanda en dehors du Rwanda puisque MTN est accessible dans de nombreux pays africains. En dehors du Rwanda, vous pouvez utiliser Ding ou Ezetop pour recharger.<br \/>\n\u2022 Astuce : si vous souhaitez utiliser Facebook, c&#039;est l&#039;excellente carte SIM qu&#039;il vous faut. MTN fournit Facebook gratuitement pendant 7 jours apr\u00e8s avoir activ\u00e9 votre carte SIM.<br \/>\n\u2022 Carte SIM Internet Rwanda : 65 RWF par Mo pendant la journ\u00e9e et 30 RWF par Mo la nuit.<\/p>\n<h3>Airtel et Tigo<\/h3>\n<p>\u2022 Leur couverture est inf\u00e9rieure \u00e0 celle de MTN, mais ils proposent certaines des meilleures offres.<br \/>\n\u2022 Personnellement, je conseillerais Tigo pour les personnes qui ont besoin de beaucoup d&#039;appels et Airtel pour les visiteurs qui utilisent beaucoup les donn\u00e9es et qui s\u00e9journent dans les grandes villes du Rwanda. Le tarif standard pour la carte SIM Mango Rwanda et les donn\u00e9es Airtel est de 50 RWF par Mo.<\/p>\n<h2>Comment obtenir une carte SIM au Rwanda<\/h2>\n<p>\u2022 Vous pouvez simplement trouver des cartes SIM partout \u00e0 Kigali.<br \/>\n\u2022 Les fournisseurs de r\u00e9seau doivent obtenir vos informations personnelles avant d&#039;enregistrer votre carte SIM, vous devez donc avoir votre passeport.<br \/>\n\u2022 Ils obtiendront \u00e9galement une copie de votre passeport, alors apportez-en une copie lorsque vous allez chercher votre carte SIM.<br \/>\n\u2022 Une fois que le pr\u00e9pos\u00e9 a rempli vos coordonn\u00e9es sur le PC, il vous donnera un formulaire vierge pour remplir vos coordonn\u00e9es.<br \/>\n\u2022 En moyenne, le processus complet d&#039;enregistrement d&#039;une carte Sim prend trente minutes.<br \/>\n\u2022 La carte SIM pr\u00e9pay\u00e9e au Rwanda co\u00fbte\u00a0: $1,5<br \/>\n\u2022 Remarque\u00a0: Chaque d\u00e9tenteur d&#039;un passeport n&#039;est autoris\u00e9 \u00e0 obtenir qu&#039;une seule carte SIM.<\/p>\n<h2>Comment utiliser une carte SIM internationale au Rwanda<\/h2>\n<p>Cartes SIM internationales, comme leur nom l&#039;indique, cartes SIM \u00e0 usage international. Eh bien, cela ne d\u00e9crit rien. Bien que la plupart des fournisseurs vous permettent d&#039;utiliser la carte \u00e0 l&#039;\u00e9tranger, certains limitent en fait cette possibilit\u00e9. Une carte SIM internationale vous permet de partir \u00e0 l&#039;\u00e9tranger sans avoir \u00e0 remplacer les cartes SIM lorsque vous visitez plusieurs endroits. Ils ont \u00e9t\u00e9 produits en pensant au visiteur.<\/p>\n<p>Tout cela semble merveilleux, mais les cartes SIM internationales au Rwanda sont beaucoup plus ch\u00e8res que les cartes SIM locales au Rwanda. Non seulement cela, certains offrent \u00e9galement un mauvais service pour des tarifs \u00e9lev\u00e9s. Certaines entreprises r\u00e9put\u00e9es que je connais sont Sim Options, OneSimCard, Surfoam, SimCorner et BNESIM.<\/p>\n<p>Les cartes SIM internationales sont attrayantes pour ceux qui voyagent fr\u00e9quemment ou qui visitent plusieurs endroits en un seul voyage. De nombreux pays d&#039;Afrique ont besoin que vous vous inscriviez avant de pouvoir utiliser une carte SIM pr\u00e9pay\u00e9e au Rwanda, ce qui peut \u00eatre un probl\u00e8me pour certains. De plus, la barri\u00e8re de la langue peut \u00eatre rebutante pour certains visiteurs, c&#039;est pourquoi une carte SIM internationale peut \u00eatre pratique. Vous le commandez vous partez et pouvez l&#039;utiliser dans diff\u00e9rentes destinations.<\/p>\n<h2>Prix de la carte SIM au Rwanda et conseils de voyage<\/h2>\n<p>Le Rwanda est connu pour ses savanes, ses vall\u00e9es profondes, sa nature et sa faune en g\u00e9n\u00e9ral.<\/p>\n<p>Kigali, la capitale du Rwanda, a le march\u00e9 Kimironko, qui est un march\u00e9 que vous devez visiter. Ils ont \u00e9galement le Genocide Memorial Kigali, qui est un lieu honorant les victimes du g\u00e9nocide rwandais.<\/p>","protected":false},"excerpt":{"rendered":"<p>How to Buy a SIM Card in Rwanda You should share your experience of Rwanda through internet. Anyway, you would be better off obtaining a Rwandan SIM card for the reason that roaming can be costly in many cases, which is why many visitors favor best sim card for Rwanda.\u00a0Here&#8217;s a guide on how to [&hellip;]<\/p>\n","protected":false},"author":1,"featured_media":19426,"parent":0,"menu_order":0,"comment_status":"open","ping_status":"closed","template":"template-home-modern.php","meta":{"footnotes":""},"class_list":["post-10928","page","type-page","status-publish","has-post-thumbnail","hentry"],"yoast_head":"<!-- This site is optimized with the Yoast SEO plugin v27.3 - https:\/\/yoast.com\/product\/yoast-seo-wordpress\/ -->\n<title>How to get a sim card in Rwanda<\/title>\n<meta name=\"description\" content=\"Here&#039;s a guide on how to get a sim card in Rwanda. Getting yourself a Sim card in Rwanda when visiting the country will keep you a lot of cash\" \/>\n<meta name=\"robots\" content=\"index, follow, max-snippet:-1, max-image-preview:large, max-video-preview:-1\" \/>\n<link rel=\"canonical\" href=\"https:\/\/tiketi.com\/fr-fr\/how-to-buy-get-a-sim-card-in-rwanda\/\" \/>\n<meta property=\"og:locale\" content=\"fr_FR\" \/>\n<meta property=\"og:type\" content=\"article\" \/>\n<meta property=\"og:title\" content=\"How to get a sim card in Rwanda\" \/>\n<meta property=\"og:description\" content=\"Here&#039;s a guide on how to get a sim card in Rwanda. Getting yourself a Sim card in Rwanda when visiting the country will keep you a lot of cash\" \/>\n<meta property=\"og:url\" content=\"https:\/\/tiketi.com\/fr-fr\/how-to-buy-get-a-sim-card-in-rwanda\/\" \/>\n<meta property=\"og:site_name\" content=\"Tiketi.com\" \/>\n<meta property=\"article:publisher\" content=\"https:\/\/www.facebook.com\/TiketiCom\/\" \/>\n<meta property=\"article:modified_time\" content=\"2022-02-14T14:39:14+00:00\" \/>\n<meta property=\"og:image\" content=\"https:\/\/tiketi.com\/wp-content\/uploads\/2022\/02\/sim-card-3663597_1280.jpg\" \/>\n\t<meta property=\"og:image:width\" content=\"1280\" \/>\n\t<meta property=\"og:image:height\" content=\"200\" \/>\n\t<meta property=\"og:image:type\" content=\"image\/jpeg\" \/>\n<meta name=\"twitter:card\" content=\"summary_large_image\" \/>\n<meta name=\"twitter:label1\" content=\"Dur\u00e9e de lecture estim\u00e9e\" \/>\n\t<meta name=\"twitter:data1\" content=\"3 minutes\" \/>\n<script type=\"application\/ld+json\" class=\"yoast-schema-graph\">{\"@context\":\"https:\\\/\\\/schema.org\",\"@graph\":[{\"@type\":\"WebPage\",\"@id\":\"https:\\\/\\\/tiketi.com\\\/how-to-buy-get-a-sim-card-in-rwanda\\\/\",\"url\":\"https:\\\/\\\/tiketi.com\\\/how-to-buy-get-a-sim-card-in-rwanda\\\/\",\"name\":\"How to get a sim card in Rwanda\",\"isPartOf\":{\"@id\":\"https:\\\/\\\/tiketi.com\\\/#website\"},\"primaryImageOfPage\":{\"@id\":\"https:\\\/\\\/tiketi.com\\\/how-to-buy-get-a-sim-card-in-rwanda\\\/#primaryimage\"},\"image\":{\"@id\":\"https:\\\/\\\/tiketi.com\\\/how-to-buy-get-a-sim-card-in-rwanda\\\/#primaryimage\"},\"thumbnailUrl\":\"https:\\\/\\\/tiketi.com\\\/wp-content\\\/uploads\\\/2022\\\/02\\\/sim-card-3663597_1280.jpg\",\"datePublished\":\"2022-01-19T11:53:59+00:00\",\"dateModified\":\"2022-02-14T14:39:14+00:00\",\"description\":\"Here's a guide on how to get a sim card in Rwanda. Getting yourself a Sim card in Rwanda when visiting the country will keep you a lot of cash\",\"breadcrumb\":{\"@id\":\"https:\\\/\\\/tiketi.com\\\/how-to-buy-get-a-sim-card-in-rwanda\\\/#breadcrumb\"},\"inLanguage\":\"fr-FR\",\"potentialAction\":[{\"@type\":\"ReadAction\",\"target\":[\"https:\\\/\\\/tiketi.com\\\/how-to-buy-get-a-sim-card-in-rwanda\\\/\"]}]},{\"@type\":\"ImageObject\",\"inLanguage\":\"fr-FR\",\"@id\":\"https:\\\/\\\/tiketi.com\\\/how-to-buy-get-a-sim-card-in-rwanda\\\/#primaryimage\",\"url\":\"https:\\\/\\\/tiketi.com\\\/wp-content\\\/uploads\\\/2022\\\/02\\\/sim-card-3663597_1280.jpg\",\"contentUrl\":\"https:\\\/\\\/tiketi.com\\\/wp-content\\\/uploads\\\/2022\\\/02\\\/sim-card-3663597_1280.jpg\",\"width\":1280,\"height\":200,\"caption\":\"Getting a SIM Card in Tanzania\"},{\"@type\":\"BreadcrumbList\",\"@id\":\"https:\\\/\\\/tiketi.com\\\/how-to-buy-get-a-sim-card-in-rwanda\\\/#breadcrumb\",\"itemListElement\":[{\"@type\":\"ListItem\",\"position\":1,\"name\":\"Home\",\"item\":\"https:\\\/\\\/tiketi.com\\\/\"},{\"@type\":\"ListItem\",\"position\":2,\"name\":\"How to get a sim card in Rwanda\"}]},{\"@type\":\"WebSite\",\"@id\":\"https:\\\/\\\/tiketi.com\\\/#website\",\"url\":\"https:\\\/\\\/tiketi.com\\\/\",\"name\":\"Flight & Bus Tickets, Tour Packages & Activitites - Tiketi.com\",\"description\":\"Flight &amp; Bus Tickets, Tours, Activitites\",\"publisher\":{\"@id\":\"https:\\\/\\\/tiketi.com\\\/#organization\"},\"potentialAction\":[{\"@type\":\"SearchAction\",\"target\":{\"@type\":\"EntryPoint\",\"urlTemplate\":\"https:\\\/\\\/tiketi.com\\\/?s={search_term_string}\"},\"query-input\":{\"@type\":\"PropertyValueSpecification\",\"valueRequired\":true,\"valueName\":\"search_term_string\"}}],\"inLanguage\":\"fr-FR\"},{\"@type\":\"Organization\",\"@id\":\"https:\\\/\\\/tiketi.com\\\/#organization\",\"name\":\"Tiketi.com\",\"alternateName\":\"Tiketi\",\"url\":\"https:\\\/\\\/tiketi.com\\\/\",\"logo\":{\"@type\":\"ImageObject\",\"inLanguage\":\"fr-FR\",\"@id\":\"https:\\\/\\\/tiketi.com\\\/#\\\/schema\\\/logo\\\/image\\\/\",\"url\":\"https:\\\/\\\/tiketi.com\\\/wp-content\\\/uploads\\\/2019\\\/05\\\/tiketi-logo-696.png\",\"contentUrl\":\"https:\\\/\\\/tiketi.com\\\/wp-content\\\/uploads\\\/2019\\\/05\\\/tiketi-logo-696.png\",\"width\":696,\"height\":696,\"caption\":\"Tiketi.com\"},\"image\":{\"@id\":\"https:\\\/\\\/tiketi.com\\\/#\\\/schema\\\/logo\\\/image\\\/\"},\"sameAs\":[\"https:\\\/\\\/www.facebook.com\\\/TiketiCom\\\/\"]}]}<\/script>\n<!-- \/ Yoast SEO plugin. -->","yoast_head_json":{"title":"Comment obtenir une carte SIM au Rwanda","description":"Voici un guide sur la fa\u00e7on d&#039;obtenir une carte SIM au Rwanda. Obtenir une carte SIM au Rwanda lors de votre visite dans le pays vous permettra de garder beaucoup d&#039;argent","robots":{"index":"index","follow":"follow","max-snippet":"max-snippet:-1","max-image-preview":"max-image-preview:large","max-video-preview":"max-video-preview:-1"},"canonical":"https:\/\/tiketi.com\/fr-fr\/how-to-buy-get-a-sim-card-in-rwanda\/","og_locale":"fr_FR","og_type":"article","og_title":"How to get a sim card in Rwanda","og_description":"Here's a guide on how to get a sim card in Rwanda. Getting yourself a Sim card in Rwanda when visiting the country will keep you a lot of cash","og_url":"https:\/\/tiketi.com\/fr-fr\/how-to-buy-get-a-sim-card-in-rwanda\/","og_site_name":"Tiketi.com","article_publisher":"https:\/\/www.facebook.com\/TiketiCom\/","article_modified_time":"2022-02-14T14:39:14+00:00","og_image":[{"width":1280,"height":200,"url":"https:\/\/tiketi.com\/wp-content\/uploads\/2022\/02\/sim-card-3663597_1280.jpg","type":"image\/jpeg"}],"twitter_card":"summary_large_image","twitter_misc":{"Dur\u00e9e de lecture estim\u00e9e":"3 minutes"},"schema":{"@context":"https:\/\/schema.org","@graph":[{"@type":"WebPage","@id":"https:\/\/tiketi.com\/how-to-buy-get-a-sim-card-in-rwanda\/","url":"https:\/\/tiketi.com\/how-to-buy-get-a-sim-card-in-rwanda\/","name":"Comment obtenir une carte SIM au Rwanda","isPartOf":{"@id":"https:\/\/tiketi.com\/#website"},"primaryImageOfPage":{"@id":"https:\/\/tiketi.com\/how-to-buy-get-a-sim-card-in-rwanda\/#primaryimage"},"image":{"@id":"https:\/\/tiketi.com\/how-to-buy-get-a-sim-card-in-rwanda\/#primaryimage"},"thumbnailUrl":"https:\/\/tiketi.com\/wp-content\/uploads\/2022\/02\/sim-card-3663597_1280.jpg","datePublished":"2022-01-19T11:53:59+00:00","dateModified":"2022-02-14T14:39:14+00:00","description":"Voici un guide sur la fa\u00e7on d&#039;obtenir une carte SIM au Rwanda. Obtenir une carte SIM au Rwanda lors de votre visite dans le pays vous permettra de garder beaucoup d&#039;argent","breadcrumb":{"@id":"https:\/\/tiketi.com\/how-to-buy-get-a-sim-card-in-rwanda\/#breadcrumb"},"inLanguage":"fr-FR","potentialAction":[{"@type":"ReadAction","target":["https:\/\/tiketi.com\/how-to-buy-get-a-sim-card-in-rwanda\/"]}]},{"@type":"ImageObject","inLanguage":"fr-FR","@id":"https:\/\/tiketi.com\/how-to-buy-get-a-sim-card-in-rwanda\/#primaryimage","url":"https:\/\/tiketi.com\/wp-content\/uploads\/2022\/02\/sim-card-3663597_1280.jpg","contentUrl":"https:\/\/tiketi.com\/wp-content\/uploads\/2022\/02\/sim-card-3663597_1280.jpg","width":1280,"height":200,"caption":"Getting a SIM Card in Tanzania"},{"@type":"BreadcrumbList","@id":"https:\/\/tiketi.com\/how-to-buy-get-a-sim-card-in-rwanda\/#breadcrumb","itemListElement":[{"@type":"ListItem","position":1,"name":"Home","item":"https:\/\/tiketi.com\/"},{"@type":"ListItem","position":2,"name":"How to get a sim card in Rwanda"}]},{"@type":"WebSite","@id":"https:\/\/tiketi.com\/#website","url":"https:\/\/tiketi.com\/","name":"Billets d&#039;avion et de bus, forfaits touristiques et activit\u00e9s - Tiketi.com","description":"Billets d&#039;avion et de bus, Tours, Activit\u00e9s","publisher":{"@id":"https:\/\/tiketi.com\/#organization"},"potentialAction":[{"@type":"SearchAction","target":{"@type":"EntryPoint","urlTemplate":"https:\/\/tiketi.com\/?s={search_term_string}"},"query-input":{"@type":"PropertyValueSpecification","valueRequired":true,"valueName":"search_term_string"}}],"inLanguage":"fr-FR"},{"@type":"Organization","@id":"https:\/\/tiketi.com\/#organization","name":"Tiketi.com","alternateName":"Tiketi","url":"https:\/\/tiketi.com\/","logo":{"@type":"ImageObject","inLanguage":"fr-FR","@id":"https:\/\/tiketi.com\/#\/schema\/logo\/image\/","url":"https:\/\/tiketi.com\/wp-content\/uploads\/2019\/05\/tiketi-logo-696.png","contentUrl":"https:\/\/tiketi.com\/wp-content\/uploads\/2019\/05\/tiketi-logo-696.png","width":696,"height":696,"caption":"Tiketi.com"},"image":{"@id":"https:\/\/tiketi.com\/#\/schema\/logo\/image\/"},"sameAs":["https:\/\/www.facebook.com\/TiketiCom\/"]}]}},"_links":{"self":[{"href":"https:\/\/tiketi.com\/fr-fr\/wp-json\/wp\/v2\/pages\/10928","targetHints":{"allow":["GET"]}}],"collection":[{"href":"https:\/\/tiketi.com\/fr-fr\/wp-json\/wp\/v2\/pages"}],"about":[{"href":"https:\/\/tiketi.com\/fr-fr\/wp-json\/wp\/v2\/types\/page"}],"author":[{"embeddable":true,"href":"https:\/\/tiketi.com\/fr-fr\/wp-json\/wp\/v2\/users\/1"}],"replies":[{"embeddable":true,"href":"https:\/\/tiketi.com\/fr-fr\/wp-json\/wp\/v2\/comments?post=10928"}],"version-history":[{"count":0,"href":"https:\/\/tiketi.com\/fr-fr\/wp-json\/wp\/v2\/pages\/10928\/revisions"}],"wp:featuredmedia":[{"embeddable":true,"href":"https:\/\/tiketi.com\/fr-fr\/wp-json\/wp\/v2\/media\/19426"}],"wp:attachment":[{"href":"https:\/\/tiketi.com\/fr-fr\/wp-json\/wp\/v2\/media?parent=10928"}],"curies":[{"name":"wp","href":"https:\/\/api.w.org\/{rel}","templated":true}]}}