{"id":10929,"date":"2022-01-19T12:54:00","date_gmt":"2022-01-19T11:54:00","guid":{"rendered":"https:\/\/new.tiketi.com\/how-to-get-a-sim-card-in-uganda\/"},"modified":"2022-02-14T15:43:22","modified_gmt":"2022-02-14T14:43:22","slug":"how-to-buy-get-a-sim-card-in-uganda","status":"publish","type":"page","link":"https:\/\/tiketi.com\/fr-fr\/how-to-buy-get-a-sim-card-in-uganda\/","title":{"rendered":"Comment obtenir une carte SIM en Ouganda"},"content":{"rendered":"<h2>Comment acheter une carte SIM en Ouganda<\/h2>\n<p>Si vous visitez l&#039;Ouganda et que vous rencontrez un probl\u00e8me de s\u00e9lection de r\u00e9seau, ne vous inqui\u00e9tez pas. Voici un petit guide qui vous aidera \u00e0 choisir votre carte SIM en Ouganda. Voici un guide sur la fa\u00e7on d&#039;obtenir une carte SIM en Ouganda\u00a0:<\/p>\n<h2>Comment obtenir une carte SIM en Ouganda FAQ<\/h2>\n<h3>O\u00f9 puis-je obtenir une carte SIM en Ouganda\u00a0?<\/h3>\n<h3>Meilleure carte SIM en Ouganda<\/h3>\n<p>Si vous souhaitez acheter une carte SIM en Ouganda, je vous conseillerais d&#039;utiliser Airtel ou MTN. MTN poss\u00e8de le meilleur r\u00e9seau en Ouganda, mais ils sont aussi les plus co\u00fbteux. Le r\u00e9seau Airtel est le meilleur, et ils sont assez abordables que MTN.<\/p>\n<h3>Enregistrement de la carte SIM en Ouganda<\/h3>\n<p>Comme la plupart des pays d&#039;Afrique de l&#039;Est et d&#039;Afrique en g\u00e9n\u00e9ral, vous devez vous enregistrer lors de l&#039;achat d&#039;une carte SIM en Ouganda.<\/p>\n<p>En 2017, l&#039;administration via la commission ougandaise des communications a ordonn\u00e9 \u00e0 tous les fournisseurs et \u00e0 leurs utilisateurs de r\u00e9enregistrer toutes les cartes SIM en Ouganda. La date limite a ensuite \u00e9t\u00e9 report\u00e9e \u00e0 mai 2017 puis \u00e0 2018 et a conduit \u00e0 un arr\u00eat \u00e0 court terme de la vente de cartes SIM dans le pays. L&#039;UCC a sugg\u00e9r\u00e9 aux op\u00e9rateurs de cesser la vente de cartes SIM via des vendeurs ambulants, des colporteurs, des agents de rue et d&#039;autres \u00e9tablissements qui ne sont pas agr\u00e9\u00e9s par KCCA ou d&#039;autres autorit\u00e9s municipales et municipales.<\/p>\n<h3>Quel est le meilleur r\u00e9seau mobile en Ouganda ?<\/h3>\n<h3>MTN<\/h3>\n<p>MTN est le plus grand op\u00e9rateur en Ouganda. Ils ont une part de march\u00e9 d&#039;environ cinquante pour cent, ce qui en fait un op\u00e9rateur tr\u00e8s c\u00e9l\u00e8bre. MTN a \u00e9galement la meilleure couverture dans tout le pays, ce qui est l&#039;une des raisons pour lesquelles ils sont si c\u00e9l\u00e8bres.<\/p>\n<p>La nouvelle carte SIM MTN en Ouganda peut \u00eatre achet\u00e9e pour deux mille UGX, dans les magasins MTN, aupr\u00e8s de diff\u00e9rents autres vendeurs et \u00e0 l&#039;a\u00e9roport d&#039;Entebbe. La carte SIM est livr\u00e9e avec un cr\u00e9dit de cinq cents UGX.<\/p>\n<h3>Airtel<\/h3>\n<p>Airtel est le deuxi\u00e8me plus grand op\u00e9rateur en Ouganda. Avec une part de march\u00e9 de pr\u00e8s de quarante pour cent, Airtel est le plus grand rival de MTN. Bien que la couverture d&#039;Airtel ne soit pas aussi \u00e9tendue que celle de MTN, leur couverture est toujours la meilleure, tout comme leurs vitesses.<\/p>\n<p>Les cartes Airtel MTN peuvent \u00eatre achet\u00e9es dans les magasins Airtel et d&#039;autres magasins pour deux mille UGX. Tout comme avec MTN et tous les autres op\u00e9rateurs ougandais, vous pouvez choisir parmi de nombreux packs de donn\u00e9es, allant d&#039;une heure \u00e0 une ann\u00e9e compl\u00e8te.<\/p>\n<h3>UT Mobile<\/h3>\n<p>Uganda Telecom, \u00e9galement connu sous le nom d&#039;UT mobile, \u00e9tait autrefois un fournisseur nationalis\u00e9, mais il a depuis \u00e9t\u00e9 privatis\u00e9. Ils n&#039;ont que des r\u00e9seaux 3G et 2G. Uganda Telecom pr\u00e9voit de lancer le LTE\/4G un jour, mais cela pourrait prendre un certain temps. Vous pouvez acheter une nouvelle carte SIM en Ouganda dans les magasins de t\u00e9l\u00e9communications.<\/p>\n<h3>Lycamobile<\/h3>\n<p>Lycamobile est le plus r\u00e9cent acteur des t\u00e9l\u00e9communications sur le march\u00e9 ougandais. Ils ont commenc\u00e9 en janvier 2020 en tant que Tangerine MVNO. Lycamobile a pris d&#039;assaut l&#039;Ouganda pour la raison qu&#039;ils offrent des prix bas, pour les normes ougandaises, pour les plans qu&#039;ils proposent.<\/p>\n<p>Les cartes SIM Lycamobile peuvent \u00eatre obtenues dans les magasins de t\u00e9l\u00e9communications avec le meilleur prix de la carte SIM Lycamobile en Ouganda. Comme ils sont encore relativement nouveaux, il n&#039;y a pas encore beaucoup de points de vente lycamobile, mais ils pr\u00e9voient d&#039;ouvrir plus de magasins \u00e0 l&#039;avenir.<\/p>\n<h3>O\u00f9 acheter votre carte SIM pr\u00e9par\u00e9e<\/h3>\n<p>\u2022 Pour Airtel et MTN Ouganda, la plupart des points de vente se trouvent dans les villes de Jinja et Kamapala.<br \/>\n\u2022 Chaque fournisseur de services r\u00e9seau dispose de points de vente localement.<\/p>\n<h3>Recharge de temps d&#039;antenne en Ouganda<\/h3>\n<p>\u2022 Il y a eu un d\u00e9bat sur la recharge du temps d&#039;antenne en Ouganda entre l&#039;utilisation des cartes \u00e0 gratter et la recharge num\u00e9rique.<br \/>\n\u2022 Finalement, les deux techniques ont \u00e9t\u00e9 accept\u00e9es et vous pouvez donc vous sentir en s\u00e9curit\u00e9 pour recharger votre temps en utilisant l&#039;une ou l&#039;autre mani\u00e8re.<\/p>\n<h3>Taxe sur les r\u00e9seaux sociaux<\/h3>\n<p>\u2022 Ne soyez pas choqu\u00e9 si vous \u00eates factur\u00e9 plus pour l&#039;utilisation de plateformes de m\u00e9dias sociaux comme WhatsApp, Facebook, Instagram et Twitter.<\/p>","protected":false},"excerpt":{"rendered":"<p>How to Buy a SIM Card in Uganda If you visit Uganda and happen to have a network selection problem, then do not worry. The following is a little guideline which will help you pick your sim card in Uganda.\u00a0Here&#8217;s a guide on how to get a sim card in Uganda: How to get a [&hellip;]<\/p>\n","protected":false},"author":1,"featured_media":19426,"parent":0,"menu_order":0,"comment_status":"open","ping_status":"closed","template":"template-home-modern.php","meta":{"footnotes":""},"class_list":["post-10929","page","type-page","status-publish","has-post-thumbnail","hentry"],"yoast_head":"<!-- This site is optimized with the Yoast SEO plugin v27.3 - https:\/\/yoast.com\/product\/yoast-seo-wordpress\/ -->\n<title>How to get a sim card in Uganda<\/title>\n<meta name=\"description\" content=\"Here&#039;s a guide on how to get a sim card in Uganda. Getting yourself a Sim card in Uganda when visiting the country will keep you a lot of cash\" \/>\n<meta name=\"robots\" content=\"index, follow, max-snippet:-1, max-image-preview:large, max-video-preview:-1\" \/>\n<link rel=\"canonical\" href=\"https:\/\/tiketi.com\/fr-fr\/how-to-buy-get-a-sim-card-in-uganda\/\" \/>\n<meta property=\"og:locale\" content=\"fr_FR\" \/>\n<meta property=\"og:type\" content=\"article\" \/>\n<meta property=\"og:title\" content=\"How to get a sim card in Uganda\" \/>\n<meta property=\"og:description\" content=\"Here&#039;s a guide on how to get a sim card in Uganda. Getting yourself a Sim card in Uganda when visiting the country will keep you a lot of cash\" \/>\n<meta property=\"og:url\" content=\"https:\/\/tiketi.com\/fr-fr\/how-to-buy-get-a-sim-card-in-uganda\/\" \/>\n<meta property=\"og:site_name\" content=\"Tiketi.com\" \/>\n<meta property=\"article:publisher\" content=\"https:\/\/www.facebook.com\/TiketiCom\/\" \/>\n<meta property=\"article:modified_time\" content=\"2022-02-14T14:43:22+00:00\" \/>\n<meta property=\"og:image\" content=\"https:\/\/tiketi.com\/wp-content\/uploads\/2022\/02\/sim-card-3663597_1280.jpg\" \/>\n\t<meta property=\"og:image:width\" content=\"1280\" \/>\n\t<meta property=\"og:image:height\" content=\"200\" \/>\n\t<meta property=\"og:image:type\" content=\"image\/jpeg\" \/>\n<meta name=\"twitter:card\" content=\"summary_large_image\" \/>\n<meta name=\"twitter:label1\" content=\"Dur\u00e9e de lecture estim\u00e9e\" \/>\n\t<meta name=\"twitter:data1\" content=\"3 minutes\" \/>\n<script type=\"application\/ld+json\" class=\"yoast-schema-graph\">{\"@context\":\"https:\\\/\\\/schema.org\",\"@graph\":[{\"@type\":\"WebPage\",\"@id\":\"https:\\\/\\\/tiketi.com\\\/how-to-buy-get-a-sim-card-in-uganda\\\/\",\"url\":\"https:\\\/\\\/tiketi.com\\\/how-to-buy-get-a-sim-card-in-uganda\\\/\",\"name\":\"How to get a sim card in Uganda\",\"isPartOf\":{\"@id\":\"https:\\\/\\\/tiketi.com\\\/#website\"},\"primaryImageOfPage\":{\"@id\":\"https:\\\/\\\/tiketi.com\\\/how-to-buy-get-a-sim-card-in-uganda\\\/#primaryimage\"},\"image\":{\"@id\":\"https:\\\/\\\/tiketi.com\\\/how-to-buy-get-a-sim-card-in-uganda\\\/#primaryimage\"},\"thumbnailUrl\":\"https:\\\/\\\/tiketi.com\\\/wp-content\\\/uploads\\\/2022\\\/02\\\/sim-card-3663597_1280.jpg\",\"datePublished\":\"2022-01-19T11:54:00+00:00\",\"dateModified\":\"2022-02-14T14:43:22+00:00\",\"description\":\"Here's a guide on how to get a sim card in Uganda. Getting yourself a Sim card in Uganda when visiting the country will keep you a lot of cash\",\"breadcrumb\":{\"@id\":\"https:\\\/\\\/tiketi.com\\\/how-to-buy-get-a-sim-card-in-uganda\\\/#breadcrumb\"},\"inLanguage\":\"fr-FR\",\"potentialAction\":[{\"@type\":\"ReadAction\",\"target\":[\"https:\\\/\\\/tiketi.com\\\/how-to-buy-get-a-sim-card-in-uganda\\\/\"]}]},{\"@type\":\"ImageObject\",\"inLanguage\":\"fr-FR\",\"@id\":\"https:\\\/\\\/tiketi.com\\\/how-to-buy-get-a-sim-card-in-uganda\\\/#primaryimage\",\"url\":\"https:\\\/\\\/tiketi.com\\\/wp-content\\\/uploads\\\/2022\\\/02\\\/sim-card-3663597_1280.jpg\",\"contentUrl\":\"https:\\\/\\\/tiketi.com\\\/wp-content\\\/uploads\\\/2022\\\/02\\\/sim-card-3663597_1280.jpg\",\"width\":1280,\"height\":200,\"caption\":\"Getting a SIM Card in Tanzania\"},{\"@type\":\"BreadcrumbList\",\"@id\":\"https:\\\/\\\/tiketi.com\\\/how-to-buy-get-a-sim-card-in-uganda\\\/#breadcrumb\",\"itemListElement\":[{\"@type\":\"ListItem\",\"position\":1,\"name\":\"Home\",\"item\":\"https:\\\/\\\/tiketi.com\\\/\"},{\"@type\":\"ListItem\",\"position\":2,\"name\":\"How to get a sim card in Uganda\"}]},{\"@type\":\"WebSite\",\"@id\":\"https:\\\/\\\/tiketi.com\\\/#website\",\"url\":\"https:\\\/\\\/tiketi.com\\\/\",\"name\":\"Flight & Bus Tickets, Tour Packages & Activitites - Tiketi.com\",\"description\":\"Flight &amp; Bus Tickets, Tours, Activitites\",\"publisher\":{\"@id\":\"https:\\\/\\\/tiketi.com\\\/#organization\"},\"potentialAction\":[{\"@type\":\"SearchAction\",\"target\":{\"@type\":\"EntryPoint\",\"urlTemplate\":\"https:\\\/\\\/tiketi.com\\\/?s={search_term_string}\"},\"query-input\":{\"@type\":\"PropertyValueSpecification\",\"valueRequired\":true,\"valueName\":\"search_term_string\"}}],\"inLanguage\":\"fr-FR\"},{\"@type\":\"Organization\",\"@id\":\"https:\\\/\\\/tiketi.com\\\/#organization\",\"name\":\"Tiketi.com\",\"alternateName\":\"Tiketi\",\"url\":\"https:\\\/\\\/tiketi.com\\\/\",\"logo\":{\"@type\":\"ImageObject\",\"inLanguage\":\"fr-FR\",\"@id\":\"https:\\\/\\\/tiketi.com\\\/#\\\/schema\\\/logo\\\/image\\\/\",\"url\":\"https:\\\/\\\/tiketi.com\\\/wp-content\\\/uploads\\\/2019\\\/05\\\/tiketi-logo-696.png\",\"contentUrl\":\"https:\\\/\\\/tiketi.com\\\/wp-content\\\/uploads\\\/2019\\\/05\\\/tiketi-logo-696.png\",\"width\":696,\"height\":696,\"caption\":\"Tiketi.com\"},\"image\":{\"@id\":\"https:\\\/\\\/tiketi.com\\\/#\\\/schema\\\/logo\\\/image\\\/\"},\"sameAs\":[\"https:\\\/\\\/www.facebook.com\\\/TiketiCom\\\/\"]}]}<\/script>\n<!-- \/ Yoast SEO plugin. -->","yoast_head_json":{"title":"Comment obtenir une carte SIM en Ouganda","description":"Voici un guide sur la fa\u00e7on d&#039;obtenir une carte SIM en Ouganda. Obtenir une carte SIM en Ouganda lors de votre visite dans le pays vous permettra de garder beaucoup d&#039;argent","robots":{"index":"index","follow":"follow","max-snippet":"max-snippet:-1","max-image-preview":"max-image-preview:large","max-video-preview":"max-video-preview:-1"},"canonical":"https:\/\/tiketi.com\/fr-fr\/how-to-buy-get-a-sim-card-in-uganda\/","og_locale":"fr_FR","og_type":"article","og_title":"How to get a sim card in Uganda","og_description":"Here's a guide on how to get a sim card in Uganda. Getting yourself a Sim card in Uganda when visiting the country will keep you a lot of cash","og_url":"https:\/\/tiketi.com\/fr-fr\/how-to-buy-get-a-sim-card-in-uganda\/","og_site_name":"Tiketi.com","article_publisher":"https:\/\/www.facebook.com\/TiketiCom\/","article_modified_time":"2022-02-14T14:43:22+00:00","og_image":[{"width":1280,"height":200,"url":"https:\/\/tiketi.com\/wp-content\/uploads\/2022\/02\/sim-card-3663597_1280.jpg","type":"image\/jpeg"}],"twitter_card":"summary_large_image","twitter_misc":{"Dur\u00e9e de lecture estim\u00e9e":"3 minutes"},"schema":{"@context":"https:\/\/schema.org","@graph":[{"@type":"WebPage","@id":"https:\/\/tiketi.com\/how-to-buy-get-a-sim-card-in-uganda\/","url":"https:\/\/tiketi.com\/how-to-buy-get-a-sim-card-in-uganda\/","name":"Comment obtenir une carte SIM en Ouganda","isPartOf":{"@id":"https:\/\/tiketi.com\/#website"},"primaryImageOfPage":{"@id":"https:\/\/tiketi.com\/how-to-buy-get-a-sim-card-in-uganda\/#primaryimage"},"image":{"@id":"https:\/\/tiketi.com\/how-to-buy-get-a-sim-card-in-uganda\/#primaryimage"},"thumbnailUrl":"https:\/\/tiketi.com\/wp-content\/uploads\/2022\/02\/sim-card-3663597_1280.jpg","datePublished":"2022-01-19T11:54:00+00:00","dateModified":"2022-02-14T14:43:22+00:00","description":"Voici un guide sur la fa\u00e7on d&#039;obtenir une carte SIM en Ouganda. Obtenir une carte SIM en Ouganda lors de votre visite dans le pays vous permettra de garder beaucoup d&#039;argent","breadcrumb":{"@id":"https:\/\/tiketi.com\/how-to-buy-get-a-sim-card-in-uganda\/#breadcrumb"},"inLanguage":"fr-FR","potentialAction":[{"@type":"ReadAction","target":["https:\/\/tiketi.com\/how-to-buy-get-a-sim-card-in-uganda\/"]}]},{"@type":"ImageObject","inLanguage":"fr-FR","@id":"https:\/\/tiketi.com\/how-to-buy-get-a-sim-card-in-uganda\/#primaryimage","url":"https:\/\/tiketi.com\/wp-content\/uploads\/2022\/02\/sim-card-3663597_1280.jpg","contentUrl":"https:\/\/tiketi.com\/wp-content\/uploads\/2022\/02\/sim-card-3663597_1280.jpg","width":1280,"height":200,"caption":"Getting a SIM Card in Tanzania"},{"@type":"BreadcrumbList","@id":"https:\/\/tiketi.com\/how-to-buy-get-a-sim-card-in-uganda\/#breadcrumb","itemListElement":[{"@type":"ListItem","position":1,"name":"Home","item":"https:\/\/tiketi.com\/"},{"@type":"ListItem","position":2,"name":"How to get a sim card in Uganda"}]},{"@type":"WebSite","@id":"https:\/\/tiketi.com\/#website","url":"https:\/\/tiketi.com\/","name":"Billets d&#039;avion et de bus, forfaits touristiques et activit\u00e9s - Tiketi.com","description":"Billets d&#039;avion et de bus, Tours, Activit\u00e9s","publisher":{"@id":"https:\/\/tiketi.com\/#organization"},"potentialAction":[{"@type":"SearchAction","target":{"@type":"EntryPoint","urlTemplate":"https:\/\/tiketi.com\/?s={search_term_string}"},"query-input":{"@type":"PropertyValueSpecification","valueRequired":true,"valueName":"search_term_string"}}],"inLanguage":"fr-FR"},{"@type":"Organization","@id":"https:\/\/tiketi.com\/#organization","name":"Tiketi.com","alternateName":"Tiketi","url":"https:\/\/tiketi.com\/","logo":{"@type":"ImageObject","inLanguage":"fr-FR","@id":"https:\/\/tiketi.com\/#\/schema\/logo\/image\/","url":"https:\/\/tiketi.com\/wp-content\/uploads\/2019\/05\/tiketi-logo-696.png","contentUrl":"https:\/\/tiketi.com\/wp-content\/uploads\/2019\/05\/tiketi-logo-696.png","width":696,"height":696,"caption":"Tiketi.com"},"image":{"@id":"https:\/\/tiketi.com\/#\/schema\/logo\/image\/"},"sameAs":["https:\/\/www.facebook.com\/TiketiCom\/"]}]}},"_links":{"self":[{"href":"https:\/\/tiketi.com\/fr-fr\/wp-json\/wp\/v2\/pages\/10929","targetHints":{"allow":["GET"]}}],"collection":[{"href":"https:\/\/tiketi.com\/fr-fr\/wp-json\/wp\/v2\/pages"}],"about":[{"href":"https:\/\/tiketi.com\/fr-fr\/wp-json\/wp\/v2\/types\/page"}],"author":[{"embeddable":true,"href":"https:\/\/tiketi.com\/fr-fr\/wp-json\/wp\/v2\/users\/1"}],"replies":[{"embeddable":true,"href":"https:\/\/tiketi.com\/fr-fr\/wp-json\/wp\/v2\/comments?post=10929"}],"version-history":[{"count":0,"href":"https:\/\/tiketi.com\/fr-fr\/wp-json\/wp\/v2\/pages\/10929\/revisions"}],"wp:featuredmedia":[{"embeddable":true,"href":"https:\/\/tiketi.com\/fr-fr\/wp-json\/wp\/v2\/media\/19426"}],"wp:attachment":[{"href":"https:\/\/tiketi.com\/fr-fr\/wp-json\/wp\/v2\/media?parent=10929"}],"curies":[{"name":"wp","href":"https:\/\/api.w.org\/{rel}","templated":true}]}}