{"id":10930,"date":"2022-01-19T12:54:00","date_gmt":"2022-01-19T11:54:00","guid":{"rendered":"https:\/\/new.tiketi.com\/getting-a-sim-card-in-tanzania\/"},"modified":"2022-09-23T11:16:12","modified_gmt":"2022-09-23T10:16:12","slug":"buying-getting-a-sim-card-in-tanzania","status":"publish","type":"page","link":"https:\/\/tiketi.com\/fr-fr\/buying-getting-a-sim-card-in-tanzania\/","title":{"rendered":"Comment obtenir une carte SIM en Tanzanie"},"content":{"rendered":"<h2>Acheter une carte SIM en Tanzanie<\/h2>\n<p>Obtenir une carte SIM en Tanzanie peut \u00eatre chaotique pour un \u00e9tranger visitant la Tanzanie. Eh bien, n&#039;h\u00e9sitez plus. Voici tout ce que vous devez savoir sur la fa\u00e7on d&#039;obtenir une carte SIM en Tanzanie :<\/p>\n<h2>Comment obtenir une carte SIM en Tanzanie FAQ<\/h2>\n<h2>Les cinq principaux fournisseurs de cartes SIM et de services r\u00e9seau de t\u00e9l\u00e9phonie mobile en Tanzanie<\/h2>\n<p>\u2022 Vodacom<br \/>\n\u2022 Tigo<br \/>\n\u2022 Airtel<br \/>\n\u2022\u00a0Zantel<br \/>\n\u2022 Halotel<\/p>\n<h2>Comment acheter une carte SIM pr\u00e9pay\u00e9e Tanzanie<\/h2>\n<p>Le moyen le plus simple d&#039;acheter une carte SIM internationale en Tanzanie est de le faire rapidement \u00e0 l&#039;ext\u00e9rieur du terminal international de l&#039;a\u00e9roport de Dar es Salaam. Une fois dans la zone d&#039;arriv\u00e9e, vous vous retrouverez face \u00e0 face avec un magasin Vodacom, et il ne vous faudra que 5 minutes pour vous inscrire avec une carte SIM Vodacom Tanzanie.<\/p>\n<p>Dans tout le pays, cherchez simplement un vendeur assis sous un parapluie avec la marque des fournisseurs dessus. N&#039;oubliez pas que vous aurez besoin de votre passeport pour acheter une carte SIM sur n&#039;importe quel r\u00e9seau, alors assurez-vous de l&#039;avoir avec vous.<\/p>\n<p>La Tanzanie a introduit de nouvelles exigences d&#039;enregistrement de carte SIM en 2019, mais en g\u00e9n\u00e9ral, elles ont plus affect\u00e9 les r\u00e9sidents nationaux que les visiteurs. Pour l&#039;instant au moins, vous devriez toujours \u00eatre en mesure d&#039;enregistrer votre carte SIM dans un magasin officiel ou un agent d&#039;enregistrement en utilisant uniquement votre passeport.<\/p>\n<p>Si vous prenez l&#039;avion pour Zanzibar, vous pourrez r\u00e9cup\u00e9rer une carte SIM mobile tanzanie \u00e0 l&#039;a\u00e9roport de l&#039;\u00eele. Vous pouvez \u00e9galement en obtenir un au Darajani Bazar \u00e0 l&#039;ext\u00e9rieur de la vieille ville de Stone Town.<\/p>\n<h2>Quel est le meilleur r\u00e9seau mobile en Tanzanie ?<\/h2>\n<h3>Vodacom<\/h3>\n<p>Vodacom Tanzania, juste Vodacom, est le plus grand op\u00e9rateur en Tanzanie. Il a la meilleure couverture dans tout le pays, mais c&#039;est aussi l&#039;op\u00e9rateur le plus co\u00fbteux. Vodacom pr\u00e9voit de couvrir quatre-vingt-dix pour cent de la population avec son r\u00e9seau 4G\/LTE.<\/p>\n<p>Les cartes SIM Vodacom se sont vendues jusqu&#039;\u00e0 cinq mille TZS dans les magasins Vodacom et dans diff\u00e9rents autres endroits. Certains de ces \u00e9tablissements peuvent vous vendre une carte SIM pour aussi peu que cinq cents TZS. Assurez-vous de demander leur carte SIM LTE\/4G pour profiter du r\u00e9seau Vodacom 4G.<\/p>\n<h3>Tigo Tanzanie<\/h3>\n<p>Tigo Tanzanie, Just Tigo, est le deuxi\u00e8me plus grand op\u00e9rateur du pays. C&#039;\u00e9tait le principal op\u00e9rateur \u00e0 avoir commenc\u00e9 avec le LTE\/4G en Tanzanie. Leur couverture compl\u00e8te est la meilleure, mais pas aussi grande que Vodacom, mais Tigo est assez abordable que Vodacom et pr\u00e9tend avoir le r\u00e9seau LTE\/4G le plus rapide avec la carte SIM tigo Tanzanie.<br \/>\nLes cartes SIM Tigo sont vendues en deux variantes : les cartes SIM 3G pour mille TZS et les cartes SIM 4G\/LTE pour cinq mille TZS. Vous pouvez obtenir la carte SIM Tigo dans les magasins Tigo.<\/p>\n<h3>Airtel Tanzanie<\/h3>\n<p>Airtel Tanzanie, juste Airtel, est le 3\u00e8me plus grand op\u00e9rateur en Tanzanie. Ils ont une couverture parfaite, ils sont abordables que Vodacom, ils peuvent donc \u00eatre consid\u00e9r\u00e9s comme un choix budg\u00e9taire. Les rapports montrent qu&#039;Airtel a la meilleure couverture dans le nord de la Tanzanie, vous devriez donc envisager Airtel si vous vous rendez dans ces endroits.<br \/>\nLa carte SIM Airtel Tanzanie peut \u00eatre achet\u00e9e pour deux mille TZS dans les magasins Airtel.<\/p>\n<h2>Combien co\u00fbte une carte SIM en Tanzanie ?<\/h2>\n<p>Les cartes SIM et la carte SIM de donn\u00e9es en Tanzanie sont ch\u00e8res.<\/p>\n<p>Une carte SIM et un forfait Vodacom valables une semaine co\u00fbtent 15 000 TZS. Celui-ci contient mille pour la carte SIM, quatre mille TZS pour la r\u00e9duire \u00e0 la taille nanoSIM et 10 000 TZS pour 4,5 Go de donn\u00e9es, deux cent minutes d&#039;appels locaux et cent SMS nationaux.<\/p>\n<p>Les cartes SIM Zantel sont \u00e9galement mille TZS. 1,2 Go de donn\u00e9es valables une semaine co\u00fbte cinq mille TZS suppl\u00e9mentaires.<\/p>\n<p>Les cartes SIM peuvent \u00eatre achet\u00e9es un peu partout. Comme dans la plupart des pays d&#039;Afrique de l&#039;Est, le r\u00e9seau de t\u00e9l\u00e9phonie mobile se double d&#039;un syst\u00e8me de paiement. Vous trouverez donc de nombreux endroits pour recharger la carte SIM Tanzanie pour d&#039;autres objectifs \u00e9galement. Sachez que votre carte SIM doit \u00eatre enregistr\u00e9e \u00e0 votre nom par la loi.<\/p>","protected":false},"excerpt":{"rendered":"<p>Buying a SIM Card in Tanzania Getting a sim card in Tanzania might be chaotic for a foreigner visiting Tanzania. Well, hesitate no more. The following is all you to need to know about how to get a sim card in Tanzania: How to get a sim card in Tanzania FAQs The five main mobile [&hellip;]<\/p>\n","protected":false},"author":1,"featured_media":19426,"parent":0,"menu_order":0,"comment_status":"open","ping_status":"closed","template":"template-home-modern.php","meta":{"footnotes":""},"class_list":["post-10930","page","type-page","status-publish","has-post-thumbnail","hentry"],"yoast_head":"<!-- This site is optimized with the Yoast SEO plugin v27.5 - https:\/\/yoast.com\/product\/yoast-seo-wordpress\/ -->\n<title>Getting a SIM Card in Tanzania<\/title>\n<meta name=\"description\" content=\"Getting a SIM Card in Tanzania - There are key mobile phone sim card Tanzania companies including\" \/>\n<meta name=\"robots\" content=\"index, follow, max-snippet:-1, max-image-preview:large, max-video-preview:-1\" \/>\n<link rel=\"canonical\" href=\"https:\/\/tiketi.com\/fr-fr\/buying-getting-a-sim-card-in-tanzania\/\" \/>\n<meta property=\"og:locale\" content=\"fr_FR\" \/>\n<meta property=\"og:type\" content=\"article\" \/>\n<meta property=\"og:title\" content=\"Getting a SIM Card in Tanzania\" \/>\n<meta property=\"og:description\" content=\"Getting a SIM Card in Tanzania - There are key mobile phone sim card Tanzania companies including\" \/>\n<meta property=\"og:url\" content=\"https:\/\/tiketi.com\/fr-fr\/buying-getting-a-sim-card-in-tanzania\/\" \/>\n<meta property=\"og:site_name\" content=\"Tiketi.com\" \/>\n<meta property=\"article:publisher\" content=\"https:\/\/www.facebook.com\/TiketiCom\/\" \/>\n<meta property=\"article:modified_time\" content=\"2022-09-23T10:16:12+00:00\" \/>\n<meta property=\"og:image\" content=\"https:\/\/tiketi.com\/wp-content\/uploads\/2022\/02\/sim-card-3663597_1280.jpg\" \/>\n\t<meta property=\"og:image:width\" content=\"1280\" \/>\n\t<meta property=\"og:image:height\" content=\"200\" \/>\n\t<meta property=\"og:image:type\" content=\"image\/jpeg\" \/>\n<meta name=\"twitter:card\" content=\"summary_large_image\" \/>\n<meta name=\"twitter:label1\" content=\"Dur\u00e9e de lecture estim\u00e9e\" \/>\n\t<meta name=\"twitter:data1\" content=\"3 minutes\" \/>\n<script type=\"application\/ld+json\" class=\"yoast-schema-graph\">{\"@context\":\"https:\\\/\\\/schema.org\",\"@graph\":[{\"@type\":\"WebPage\",\"@id\":\"https:\\\/\\\/tiketi.com\\\/buying-getting-a-sim-card-in-tanzania\\\/\",\"url\":\"https:\\\/\\\/tiketi.com\\\/buying-getting-a-sim-card-in-tanzania\\\/\",\"name\":\"Getting a SIM Card in Tanzania\",\"isPartOf\":{\"@id\":\"https:\\\/\\\/tiketi.com\\\/#website\"},\"primaryImageOfPage\":{\"@id\":\"https:\\\/\\\/tiketi.com\\\/buying-getting-a-sim-card-in-tanzania\\\/#primaryimage\"},\"image\":{\"@id\":\"https:\\\/\\\/tiketi.com\\\/buying-getting-a-sim-card-in-tanzania\\\/#primaryimage\"},\"thumbnailUrl\":\"https:\\\/\\\/tiketi.com\\\/wp-content\\\/uploads\\\/2022\\\/02\\\/sim-card-3663597_1280.jpg\",\"datePublished\":\"2022-01-19T11:54:00+00:00\",\"dateModified\":\"2022-09-23T10:16:12+00:00\",\"description\":\"Getting a SIM Card in Tanzania - There are key mobile phone sim card Tanzania companies including\",\"breadcrumb\":{\"@id\":\"https:\\\/\\\/tiketi.com\\\/buying-getting-a-sim-card-in-tanzania\\\/#breadcrumb\"},\"inLanguage\":\"fr-FR\",\"potentialAction\":[{\"@type\":\"ReadAction\",\"target\":[\"https:\\\/\\\/tiketi.com\\\/buying-getting-a-sim-card-in-tanzania\\\/\"]}]},{\"@type\":\"ImageObject\",\"inLanguage\":\"fr-FR\",\"@id\":\"https:\\\/\\\/tiketi.com\\\/buying-getting-a-sim-card-in-tanzania\\\/#primaryimage\",\"url\":\"https:\\\/\\\/tiketi.com\\\/wp-content\\\/uploads\\\/2022\\\/02\\\/sim-card-3663597_1280.jpg\",\"contentUrl\":\"https:\\\/\\\/tiketi.com\\\/wp-content\\\/uploads\\\/2022\\\/02\\\/sim-card-3663597_1280.jpg\",\"width\":1280,\"height\":200,\"caption\":\"Getting a SIM Card in Tanzania\"},{\"@type\":\"BreadcrumbList\",\"@id\":\"https:\\\/\\\/tiketi.com\\\/buying-getting-a-sim-card-in-tanzania\\\/#breadcrumb\",\"itemListElement\":[{\"@type\":\"ListItem\",\"position\":1,\"name\":\"Home\",\"item\":\"https:\\\/\\\/tiketi.com\\\/\"},{\"@type\":\"ListItem\",\"position\":2,\"name\":\"How to get a sim card in Tanzania\"}]},{\"@type\":\"WebSite\",\"@id\":\"https:\\\/\\\/tiketi.com\\\/#website\",\"url\":\"https:\\\/\\\/tiketi.com\\\/\",\"name\":\"Flight & Bus Tickets, Tour Packages & Activitites - Tiketi.com\",\"description\":\"Flight &amp; Bus Tickets, Tours, Activitites\",\"publisher\":{\"@id\":\"https:\\\/\\\/tiketi.com\\\/#organization\"},\"potentialAction\":[{\"@type\":\"SearchAction\",\"target\":{\"@type\":\"EntryPoint\",\"urlTemplate\":\"https:\\\/\\\/tiketi.com\\\/?s={search_term_string}\"},\"query-input\":{\"@type\":\"PropertyValueSpecification\",\"valueRequired\":true,\"valueName\":\"search_term_string\"}}],\"inLanguage\":\"fr-FR\"},{\"@type\":\"Organization\",\"@id\":\"https:\\\/\\\/tiketi.com\\\/#organization\",\"name\":\"Tiketi.com\",\"alternateName\":\"Tiketi\",\"url\":\"https:\\\/\\\/tiketi.com\\\/\",\"logo\":{\"@type\":\"ImageObject\",\"inLanguage\":\"fr-FR\",\"@id\":\"https:\\\/\\\/tiketi.com\\\/#\\\/schema\\\/logo\\\/image\\\/\",\"url\":\"https:\\\/\\\/tiketi.com\\\/wp-content\\\/uploads\\\/2019\\\/05\\\/tiketi-logo-696.png\",\"contentUrl\":\"https:\\\/\\\/tiketi.com\\\/wp-content\\\/uploads\\\/2019\\\/05\\\/tiketi-logo-696.png\",\"width\":696,\"height\":696,\"caption\":\"Tiketi.com\"},\"image\":{\"@id\":\"https:\\\/\\\/tiketi.com\\\/#\\\/schema\\\/logo\\\/image\\\/\"},\"sameAs\":[\"https:\\\/\\\/www.facebook.com\\\/TiketiCom\\\/\"]}]}<\/script>\n<!-- \/ Yoast SEO plugin. -->","yoast_head_json":{"title":"Obtenir une carte SIM en Tanzanie","description":"Obtenir une carte SIM en Tanzanie - Il existe des soci\u00e9t\u00e9s cl\u00e9s de carte SIM de t\u00e9l\u00e9phone mobile en Tanzanie, notamment","robots":{"index":"index","follow":"follow","max-snippet":"max-snippet:-1","max-image-preview":"max-image-preview:large","max-video-preview":"max-video-preview:-1"},"canonical":"https:\/\/tiketi.com\/fr-fr\/buying-getting-a-sim-card-in-tanzania\/","og_locale":"fr_FR","og_type":"article","og_title":"Getting a SIM Card in Tanzania","og_description":"Getting a SIM Card in Tanzania - There are key mobile phone sim card Tanzania companies including","og_url":"https:\/\/tiketi.com\/fr-fr\/buying-getting-a-sim-card-in-tanzania\/","og_site_name":"Tiketi.com","article_publisher":"https:\/\/www.facebook.com\/TiketiCom\/","article_modified_time":"2022-09-23T10:16:12+00:00","og_image":[{"width":1280,"height":200,"url":"https:\/\/tiketi.com\/wp-content\/uploads\/2022\/02\/sim-card-3663597_1280.jpg","type":"image\/jpeg"}],"twitter_card":"summary_large_image","twitter_misc":{"Dur\u00e9e de lecture estim\u00e9e":"3 minutes"},"schema":{"@context":"https:\/\/schema.org","@graph":[{"@type":"WebPage","@id":"https:\/\/tiketi.com\/buying-getting-a-sim-card-in-tanzania\/","url":"https:\/\/tiketi.com\/buying-getting-a-sim-card-in-tanzania\/","name":"Obtenir une carte SIM en Tanzanie","isPartOf":{"@id":"https:\/\/tiketi.com\/#website"},"primaryImageOfPage":{"@id":"https:\/\/tiketi.com\/buying-getting-a-sim-card-in-tanzania\/#primaryimage"},"image":{"@id":"https:\/\/tiketi.com\/buying-getting-a-sim-card-in-tanzania\/#primaryimage"},"thumbnailUrl":"https:\/\/tiketi.com\/wp-content\/uploads\/2022\/02\/sim-card-3663597_1280.jpg","datePublished":"2022-01-19T11:54:00+00:00","dateModified":"2022-09-23T10:16:12+00:00","description":"Obtenir une carte SIM en Tanzanie - Il existe des soci\u00e9t\u00e9s cl\u00e9s de carte SIM de t\u00e9l\u00e9phone mobile en Tanzanie, notamment","breadcrumb":{"@id":"https:\/\/tiketi.com\/buying-getting-a-sim-card-in-tanzania\/#breadcrumb"},"inLanguage":"fr-FR","potentialAction":[{"@type":"ReadAction","target":["https:\/\/tiketi.com\/buying-getting-a-sim-card-in-tanzania\/"]}]},{"@type":"ImageObject","inLanguage":"fr-FR","@id":"https:\/\/tiketi.com\/buying-getting-a-sim-card-in-tanzania\/#primaryimage","url":"https:\/\/tiketi.com\/wp-content\/uploads\/2022\/02\/sim-card-3663597_1280.jpg","contentUrl":"https:\/\/tiketi.com\/wp-content\/uploads\/2022\/02\/sim-card-3663597_1280.jpg","width":1280,"height":200,"caption":"Getting a SIM Card in Tanzania"},{"@type":"BreadcrumbList","@id":"https:\/\/tiketi.com\/buying-getting-a-sim-card-in-tanzania\/#breadcrumb","itemListElement":[{"@type":"ListItem","position":1,"name":"Home","item":"https:\/\/tiketi.com\/"},{"@type":"ListItem","position":2,"name":"How to get a sim card in Tanzania"}]},{"@type":"WebSite","@id":"https:\/\/tiketi.com\/#website","url":"https:\/\/tiketi.com\/","name":"Billets d&#039;avion et de bus, forfaits touristiques et activit\u00e9s - Tiketi.com","description":"Billets d&#039;avion et de bus, Tours, Activit\u00e9s","publisher":{"@id":"https:\/\/tiketi.com\/#organization"},"potentialAction":[{"@type":"SearchAction","target":{"@type":"EntryPoint","urlTemplate":"https:\/\/tiketi.com\/?s={search_term_string}"},"query-input":{"@type":"PropertyValueSpecification","valueRequired":true,"valueName":"search_term_string"}}],"inLanguage":"fr-FR"},{"@type":"Organization","@id":"https:\/\/tiketi.com\/#organization","name":"Tiketi.com","alternateName":"Tiketi","url":"https:\/\/tiketi.com\/","logo":{"@type":"ImageObject","inLanguage":"fr-FR","@id":"https:\/\/tiketi.com\/#\/schema\/logo\/image\/","url":"https:\/\/tiketi.com\/wp-content\/uploads\/2019\/05\/tiketi-logo-696.png","contentUrl":"https:\/\/tiketi.com\/wp-content\/uploads\/2019\/05\/tiketi-logo-696.png","width":696,"height":696,"caption":"Tiketi.com"},"image":{"@id":"https:\/\/tiketi.com\/#\/schema\/logo\/image\/"},"sameAs":["https:\/\/www.facebook.com\/TiketiCom\/"]}]}},"_links":{"self":[{"href":"https:\/\/tiketi.com\/fr-fr\/wp-json\/wp\/v2\/pages\/10930","targetHints":{"allow":["GET"]}}],"collection":[{"href":"https:\/\/tiketi.com\/fr-fr\/wp-json\/wp\/v2\/pages"}],"about":[{"href":"https:\/\/tiketi.com\/fr-fr\/wp-json\/wp\/v2\/types\/page"}],"author":[{"embeddable":true,"href":"https:\/\/tiketi.com\/fr-fr\/wp-json\/wp\/v2\/users\/1"}],"replies":[{"embeddable":true,"href":"https:\/\/tiketi.com\/fr-fr\/wp-json\/wp\/v2\/comments?post=10930"}],"version-history":[{"count":0,"href":"https:\/\/tiketi.com\/fr-fr\/wp-json\/wp\/v2\/pages\/10930\/revisions"}],"wp:featuredmedia":[{"embeddable":true,"href":"https:\/\/tiketi.com\/fr-fr\/wp-json\/wp\/v2\/media\/19426"}],"wp:attachment":[{"href":"https:\/\/tiketi.com\/fr-fr\/wp-json\/wp\/v2\/media?parent=10930"}],"curies":[{"name":"wp","href":"https:\/\/api.w.org\/{rel}","templated":true}]}}