{"id":10932,"date":"2022-01-19T12:54:00","date_gmt":"2022-01-19T11:54:00","guid":{"rendered":"https:\/\/new.tiketi.com\/how-to-get-a-sim-card-in-ghana\/"},"modified":"2022-02-14T15:30:13","modified_gmt":"2022-02-14T14:30:13","slug":"how-to-buy-get-a-sim-card-in-ghana","status":"publish","type":"page","link":"https:\/\/tiketi.com\/fr-fr\/how-to-buy-get-a-sim-card-in-ghana\/","title":{"rendered":"Comment obtenir une carte SIM au Ghana"},"content":{"rendered":"<h2>Comment acheter une carte SIM au Ghana<\/h2>\n<p>Obtenir une carte SIM au Ghana lors de votre visite dans le pays vous permettra d&#039;\u00e9conomiser beaucoup d&#039;argent. Les premiers t\u00e9l\u00e9phones portables sont arriv\u00e9s au Ghana en 1992. Depuis lors, le march\u00e9 s&#039;est d\u00e9velopp\u00e9 et s&#039;est consid\u00e9rablement d\u00e9velopp\u00e9. C&#039;est le march\u00e9 des t\u00e9l\u00e9communications le plus lucratif du Ghana. Voici un guide sur la fa\u00e7on d&#039;obtenir une carte SIM au Ghana :<\/p>\n<h2>Il existe 6 cartes SIM mobiles cl\u00e9s dans les entreprises ghan\u00e9ennes, notamment\u00a0:<\/h2>\n<p>\u2022 MTN<br \/>\n\u2022 Vodafone<br \/>\n\u2022 Tigo<br \/>\n\u2022 Airtel<\/p>\n<h2>O\u00f9 puis-je acheter une carte SIM au Ghana ?<\/h2>\n<p>Toute personne vivant ou visitant le Ghana est autoris\u00e9e \u00e0 acheter une carte SIM pr\u00e9pay\u00e9e Ghana aupr\u00e8s des op\u00e9rations locales (Vodafone, MTN, Glo et AirtelTigo), sans restrictions.<\/p>\n<p>Quoi qu&#039;il en soit, vous devez vous conformer \u00e0 la r\u00e9glementation ghan\u00e9enne en mati\u00e8re d&#039;enregistrement de carte SIM. De plus, votre t\u00e9l\u00e9phone doit prendre en charge les fr\u00e9quences utilis\u00e9es au Ghana.<\/p>\n<h2>Quel est le meilleur r\u00e9seau mobile au Ghana ?<\/h2>\n<h3>MTN<\/h3>\n<p>MTN Ghana d&#039;Afrique du Sud est le monstre du march\u00e9 africain avec une part de 48% et une couverture et des vitesses \u00e9lev\u00e9es depuis qu&#039;il a repris Areeba Ghana en 2007.<\/p>\n<p>C&#039;est le seul grand r\u00e9seau \u00e0 ce jour \u00e0 avoir d\u00e9ploy\u00e9 la LTE\/4G \u00e0 partir de la mi-2016, d\u00e9sormais accessible dans toutes les capitales de la r\u00e9gion et dans certaines grandes villes avec une couverture 2G\/3G\/4G, alors achetez acheter mtn sim card Ghana. En mars 2019, ils ont activ\u00e9 son service 4G bas\u00e9 sur la technologie d&#039;agr\u00e9gation de porteuses LTE-A, r\u00e9v\u00e9lant qu&#039;il fonctionnait actuellement sur 1 225 sites 4G LTE, dont 625 \u00e9taient compatibles LTE-A.<\/p>\n<h3>Vodafone<\/h3>\n<p>Elle \u00e9tait \u00e9galement connue sous le nom de Ghana Telecom et \u00e9tait la soci\u00e9t\u00e9 nationale de t\u00e9l\u00e9communications du Ghana. En 2008, Vodafone a accept\u00e9 d&#039;obtenir soixante-dix pour cent de Ghana Telecom aupr\u00e8s de l&#039;administration ghan\u00e9enne tandis que le gouvernement ghan\u00e9en conservait une participation de trente pour cent.<\/p>\n<p>Vodafone a commenc\u00e9 avec LTE\/4G en connexion avec Surfline communication pour fournir des services \u00e0 ses propres clients dans les villes de Tema, Accra et Takoradi avec la carte SIM Vodafone Ghana. En 2019, Vodafone a obtenu un spectre sur la bande 800 MHz pour les services LTE, qui ont \u00e9t\u00e9 lanc\u00e9s au printemps.<\/p>\n<h3>Airtel Tigo<\/h3>\n<p>En 2017, Bharti Airtel s&#039;est associ\u00e9e \u00e0 Milicom Tigo au Ghana pour devenir le deuxi\u00e8me op\u00e9rateur mobile du pays, connu sous le nom d&#039;AirtelTigo, avec une part de march\u00e9 de 26 %.<\/p>\n<p>En d\u00e9cembre, AirtelTigo 2019 a confirm\u00e9 avoir effectu\u00e9 l&#039;ajout de r\u00e9seau sur lequel il travaillait depuis un an. Le nouveau r\u00e9seau est affich\u00e9 sous le nom de Tigo comme la plupart des t\u00e9l\u00e9phones.<\/p>\n<h2>Quelle est la meilleure carte SIM au Ghana ?<\/h2>\n<p>L&#039;option de carte SIM pr\u00e9pay\u00e9e au Ghana n\u00e9cessite g\u00e9n\u00e9ralement que vous achetiez un t\u00e9l\u00e9phone portable et une carte SIM \u00e0 un prix abordable, et que vous rechargez le cr\u00e9dit quand vous le souhaitez. Cela s&#039;av\u00e8re \u00eatre le choix abordable, de toute fa\u00e7on, il contient une obligation de recharger r\u00e9guli\u00e8rement, afin que votre num\u00e9ro reste actif. Cette p\u00e9riode de validit\u00e9 est g\u00e9n\u00e9ralement de quatre-vingt-dix jours.<\/p>\n<p>Tous les services ne sont pas gratuits et vous pouvez \u00eatre factur\u00e9 \u00e0 partir du cr\u00e9dit de t\u00e9l\u00e9phone dont vous disposez. Il est pr\u00e9f\u00e9rable de savoir et de comprendre quels services sont gratuits ou non.<\/p>\n<p>Un choix abordable peut-\u00eatre d&#039;acheter un t\u00e9l\u00e9phone mobile abordable et une carte SIM Ghana Internet (MTN propose des forfaits pour moins de 38 GH \u00a2. Ce t\u00e9l\u00e9phone aura des services co\u00fbteux limit\u00e9s accessibles et vous emp\u00eachera d&#039;utiliser le mobile de votre ancien pays. Vous pouvez acheter un t\u00e9l\u00e9phone portable bon march\u00e9 dans n&#039;importe quel magasin de t\u00e9l\u00e9phonie, o\u00f9 il vous sera demand\u00e9 de donner des d\u00e9tails tels que la nationalit\u00e9, l&#039;identit\u00e9 et l&#039;\u00e2ge.<\/p>\n<h2>Comment obtenir une carte SIM au Ghana international<\/h2>\n<p>les cartes SIM internationales sont des cartes SIM con\u00e7ues pour les visiteurs. Leur utilisation est g\u00e9n\u00e9ralement plus abordable que l&#039;itin\u00e9rance internationale. Quoi qu&#039;il en soit, ils sont presque toujours plus co\u00fbteux que d&#039;utiliser une carte SIM locale.<\/p>\n<p>Il existe de nombreux avantages et inconv\u00e9nients \u00e0 obtenir des cartes SIM internationales.<\/p>","protected":false},"excerpt":{"rendered":"<p>How to Buy a SIM Card in Ghana Getting yourself a Sim card in Ghana when visiting the country will keep you a lot of cash.\u00a0The first mobile phones arrived in Ghana is 1992. Since then, the market has developed and grown greatly. It is the most money-spinning telecommunications market in Ghana. Here&#8217;s a guide [&hellip;]<\/p>\n","protected":false},"author":1,"featured_media":19426,"parent":0,"menu_order":0,"comment_status":"open","ping_status":"closed","template":"template-home-modern.php","meta":{"footnotes":""},"class_list":["post-10932","page","type-page","status-publish","has-post-thumbnail","hentry"],"yoast_head":"<!-- This site is optimized with the Yoast SEO plugin v27.2 - https:\/\/yoast.com\/product\/yoast-seo-wordpress\/ -->\n<title>How to get a sim card in Ghana<\/title>\n<meta name=\"description\" content=\"Here&#039;s a guide on how to get a sim card in Ghana. Getting yourself a Sim card in Ghana when visiting the country will keep you a lot of cash\" \/>\n<meta name=\"robots\" content=\"index, follow, max-snippet:-1, max-image-preview:large, max-video-preview:-1\" \/>\n<link rel=\"canonical\" href=\"https:\/\/tiketi.com\/fr-fr\/how-to-buy-get-a-sim-card-in-ghana\/\" \/>\n<meta property=\"og:locale\" content=\"fr_FR\" \/>\n<meta property=\"og:type\" content=\"article\" \/>\n<meta property=\"og:title\" content=\"How to get a sim card in Ghana\" \/>\n<meta property=\"og:description\" content=\"Here&#039;s a guide on how to get a sim card in Ghana. Getting yourself a Sim card in Ghana when visiting the country will keep you a lot of cash\" \/>\n<meta property=\"og:url\" content=\"https:\/\/tiketi.com\/fr-fr\/how-to-buy-get-a-sim-card-in-ghana\/\" \/>\n<meta property=\"og:site_name\" content=\"Tiketi.com\" \/>\n<meta property=\"article:publisher\" content=\"https:\/\/www.facebook.com\/TiketiCom\/\" \/>\n<meta property=\"article:modified_time\" content=\"2022-02-14T14:30:13+00:00\" \/>\n<meta property=\"og:image\" content=\"https:\/\/tiketi.com\/wp-content\/uploads\/2022\/02\/sim-card-3663597_1280.jpg\" \/>\n\t<meta property=\"og:image:width\" content=\"1280\" \/>\n\t<meta property=\"og:image:height\" content=\"200\" \/>\n\t<meta property=\"og:image:type\" content=\"image\/jpeg\" \/>\n<meta name=\"twitter:card\" content=\"summary_large_image\" \/>\n<meta name=\"twitter:label1\" content=\"Dur\u00e9e de lecture estim\u00e9e\" \/>\n\t<meta name=\"twitter:data1\" content=\"3 minutes\" \/>\n<script type=\"application\/ld+json\" class=\"yoast-schema-graph\">{\"@context\":\"https:\/\/schema.org\",\"@graph\":[{\"@type\":\"WebPage\",\"@id\":\"https:\/\/tiketi.com\/how-to-buy-get-a-sim-card-in-ghana\/\",\"url\":\"https:\/\/tiketi.com\/how-to-buy-get-a-sim-card-in-ghana\/\",\"name\":\"How to get a sim card in Ghana\",\"isPartOf\":{\"@id\":\"https:\/\/tiketi.com\/#website\"},\"primaryImageOfPage\":{\"@id\":\"https:\/\/tiketi.com\/how-to-buy-get-a-sim-card-in-ghana\/#primaryimage\"},\"image\":{\"@id\":\"https:\/\/tiketi.com\/how-to-buy-get-a-sim-card-in-ghana\/#primaryimage\"},\"thumbnailUrl\":\"https:\/\/tiketi.com\/wp-content\/uploads\/2022\/02\/sim-card-3663597_1280.jpg\",\"datePublished\":\"2022-01-19T11:54:00+00:00\",\"dateModified\":\"2022-02-14T14:30:13+00:00\",\"description\":\"Here's a guide on how to get a sim card in Ghana. Getting yourself a Sim card in Ghana when visiting the country will keep you a lot of cash\",\"breadcrumb\":{\"@id\":\"https:\/\/tiketi.com\/how-to-buy-get-a-sim-card-in-ghana\/#breadcrumb\"},\"inLanguage\":\"fr-FR\",\"potentialAction\":[{\"@type\":\"ReadAction\",\"target\":[\"https:\/\/tiketi.com\/how-to-buy-get-a-sim-card-in-ghana\/\"]}]},{\"@type\":\"ImageObject\",\"inLanguage\":\"fr-FR\",\"@id\":\"https:\/\/tiketi.com\/how-to-buy-get-a-sim-card-in-ghana\/#primaryimage\",\"url\":\"https:\/\/tiketi.com\/wp-content\/uploads\/2022\/02\/sim-card-3663597_1280.jpg\",\"contentUrl\":\"https:\/\/tiketi.com\/wp-content\/uploads\/2022\/02\/sim-card-3663597_1280.jpg\",\"width\":1280,\"height\":200,\"caption\":\"Getting a SIM Card in Tanzania\"},{\"@type\":\"BreadcrumbList\",\"@id\":\"https:\/\/tiketi.com\/how-to-buy-get-a-sim-card-in-ghana\/#breadcrumb\",\"itemListElement\":[{\"@type\":\"ListItem\",\"position\":1,\"name\":\"Home\",\"item\":\"https:\/\/tiketi.com\/\"},{\"@type\":\"ListItem\",\"position\":2,\"name\":\"How to get a sim card in Ghana\"}]},{\"@type\":\"WebSite\",\"@id\":\"https:\/\/tiketi.com\/#website\",\"url\":\"https:\/\/tiketi.com\/\",\"name\":\"Flight & Bus Tickets, Tour Packages & Activitites - Tiketi.com\",\"description\":\"Flight &amp; Bus Tickets, Tours, Activitites\",\"publisher\":{\"@id\":\"https:\/\/tiketi.com\/#organization\"},\"potentialAction\":[{\"@type\":\"SearchAction\",\"target\":{\"@type\":\"EntryPoint\",\"urlTemplate\":\"https:\/\/tiketi.com\/?s={search_term_string}\"},\"query-input\":{\"@type\":\"PropertyValueSpecification\",\"valueRequired\":true,\"valueName\":\"search_term_string\"}}],\"inLanguage\":\"fr-FR\"},{\"@type\":\"Organization\",\"@id\":\"https:\/\/tiketi.com\/#organization\",\"name\":\"Tiketi.com\",\"alternateName\":\"Tiketi\",\"url\":\"https:\/\/tiketi.com\/\",\"logo\":{\"@type\":\"ImageObject\",\"inLanguage\":\"fr-FR\",\"@id\":\"https:\/\/tiketi.com\/#\/schema\/logo\/image\/\",\"url\":\"https:\/\/tiketi.com\/wp-content\/uploads\/2019\/05\/tiketi-logo-696.png\",\"contentUrl\":\"https:\/\/tiketi.com\/wp-content\/uploads\/2019\/05\/tiketi-logo-696.png\",\"width\":696,\"height\":696,\"caption\":\"Tiketi.com\"},\"image\":{\"@id\":\"https:\/\/tiketi.com\/#\/schema\/logo\/image\/\"},\"sameAs\":[\"https:\/\/www.facebook.com\/TiketiCom\/\"]}]}<\/script>\n<!-- \/ Yoast SEO plugin. -->","yoast_head_json":{"title":"Comment obtenir une carte SIM au Ghana","description":"Voici un guide sur la fa\u00e7on d&#039;obtenir une carte SIM au Ghana. Obtenir une carte SIM au Ghana lors de votre visite dans le pays vous permettra de garder beaucoup d&#039;argent","robots":{"index":"index","follow":"follow","max-snippet":"max-snippet:-1","max-image-preview":"max-image-preview:large","max-video-preview":"max-video-preview:-1"},"canonical":"https:\/\/tiketi.com\/fr-fr\/how-to-buy-get-a-sim-card-in-ghana\/","og_locale":"fr_FR","og_type":"article","og_title":"How to get a sim card in Ghana","og_description":"Here's a guide on how to get a sim card in Ghana. Getting yourself a Sim card in Ghana when visiting the country will keep you a lot of cash","og_url":"https:\/\/tiketi.com\/fr-fr\/how-to-buy-get-a-sim-card-in-ghana\/","og_site_name":"Tiketi.com","article_publisher":"https:\/\/www.facebook.com\/TiketiCom\/","article_modified_time":"2022-02-14T14:30:13+00:00","og_image":[{"width":1280,"height":200,"url":"https:\/\/tiketi.com\/wp-content\/uploads\/2022\/02\/sim-card-3663597_1280.jpg","type":"image\/jpeg"}],"twitter_card":"summary_large_image","twitter_misc":{"Dur\u00e9e de lecture estim\u00e9e":"3 minutes"},"schema":{"@context":"https:\/\/schema.org","@graph":[{"@type":"WebPage","@id":"https:\/\/tiketi.com\/how-to-buy-get-a-sim-card-in-ghana\/","url":"https:\/\/tiketi.com\/how-to-buy-get-a-sim-card-in-ghana\/","name":"Comment obtenir une carte SIM au Ghana","isPartOf":{"@id":"https:\/\/tiketi.com\/#website"},"primaryImageOfPage":{"@id":"https:\/\/tiketi.com\/how-to-buy-get-a-sim-card-in-ghana\/#primaryimage"},"image":{"@id":"https:\/\/tiketi.com\/how-to-buy-get-a-sim-card-in-ghana\/#primaryimage"},"thumbnailUrl":"https:\/\/tiketi.com\/wp-content\/uploads\/2022\/02\/sim-card-3663597_1280.jpg","datePublished":"2022-01-19T11:54:00+00:00","dateModified":"2022-02-14T14:30:13+00:00","description":"Voici un guide sur la fa\u00e7on d&#039;obtenir une carte SIM au Ghana. Obtenir une carte SIM au Ghana lors de votre visite dans le pays vous permettra de garder beaucoup d&#039;argent","breadcrumb":{"@id":"https:\/\/tiketi.com\/how-to-buy-get-a-sim-card-in-ghana\/#breadcrumb"},"inLanguage":"fr-FR","potentialAction":[{"@type":"ReadAction","target":["https:\/\/tiketi.com\/how-to-buy-get-a-sim-card-in-ghana\/"]}]},{"@type":"ImageObject","inLanguage":"fr-FR","@id":"https:\/\/tiketi.com\/how-to-buy-get-a-sim-card-in-ghana\/#primaryimage","url":"https:\/\/tiketi.com\/wp-content\/uploads\/2022\/02\/sim-card-3663597_1280.jpg","contentUrl":"https:\/\/tiketi.com\/wp-content\/uploads\/2022\/02\/sim-card-3663597_1280.jpg","width":1280,"height":200,"caption":"Getting a SIM Card in Tanzania"},{"@type":"BreadcrumbList","@id":"https:\/\/tiketi.com\/how-to-buy-get-a-sim-card-in-ghana\/#breadcrumb","itemListElement":[{"@type":"ListItem","position":1,"name":"Home","item":"https:\/\/tiketi.com\/"},{"@type":"ListItem","position":2,"name":"How to get a sim card in Ghana"}]},{"@type":"WebSite","@id":"https:\/\/tiketi.com\/#website","url":"https:\/\/tiketi.com\/","name":"Billets d&#039;avion et de bus, forfaits touristiques et activit\u00e9s - Tiketi.com","description":"Billets d&#039;avion et de bus, Tours, Activit\u00e9s","publisher":{"@id":"https:\/\/tiketi.com\/#organization"},"potentialAction":[{"@type":"SearchAction","target":{"@type":"EntryPoint","urlTemplate":"https:\/\/tiketi.com\/?s={search_term_string}"},"query-input":{"@type":"PropertyValueSpecification","valueRequired":true,"valueName":"search_term_string"}}],"inLanguage":"fr-FR"},{"@type":"Organization","@id":"https:\/\/tiketi.com\/#organization","name":"Tiketi.com","alternateName":"Tiketi","url":"https:\/\/tiketi.com\/","logo":{"@type":"ImageObject","inLanguage":"fr-FR","@id":"https:\/\/tiketi.com\/#\/schema\/logo\/image\/","url":"https:\/\/tiketi.com\/wp-content\/uploads\/2019\/05\/tiketi-logo-696.png","contentUrl":"https:\/\/tiketi.com\/wp-content\/uploads\/2019\/05\/tiketi-logo-696.png","width":696,"height":696,"caption":"Tiketi.com"},"image":{"@id":"https:\/\/tiketi.com\/#\/schema\/logo\/image\/"},"sameAs":["https:\/\/www.facebook.com\/TiketiCom\/"]}]}},"_links":{"self":[{"href":"https:\/\/tiketi.com\/fr-fr\/wp-json\/wp\/v2\/pages\/10932","targetHints":{"allow":["GET"]}}],"collection":[{"href":"https:\/\/tiketi.com\/fr-fr\/wp-json\/wp\/v2\/pages"}],"about":[{"href":"https:\/\/tiketi.com\/fr-fr\/wp-json\/wp\/v2\/types\/page"}],"author":[{"embeddable":true,"href":"https:\/\/tiketi.com\/fr-fr\/wp-json\/wp\/v2\/users\/1"}],"replies":[{"embeddable":true,"href":"https:\/\/tiketi.com\/fr-fr\/wp-json\/wp\/v2\/comments?post=10932"}],"version-history":[{"count":0,"href":"https:\/\/tiketi.com\/fr-fr\/wp-json\/wp\/v2\/pages\/10932\/revisions"}],"wp:featuredmedia":[{"embeddable":true,"href":"https:\/\/tiketi.com\/fr-fr\/wp-json\/wp\/v2\/media\/19426"}],"wp:attachment":[{"href":"https:\/\/tiketi.com\/fr-fr\/wp-json\/wp\/v2\/media?parent=10932"}],"curies":[{"name":"wp","href":"https:\/\/api.w.org\/{rel}","templated":true}]}}