{"id":10933,"date":"2022-01-19T12:54:00","date_gmt":"2022-01-19T11:54:00","guid":{"rendered":"https:\/\/new.tiketi.com\/bus-from-dodoma-to-mwanza-bus-tickets-route-schedule-fare\/"},"modified":"2023-07-04T07:36:13","modified_gmt":"2023-07-04T06:36:13","slug":"dodoma-to-mwanza","status":"publish","type":"page","link":"https:\/\/tiketi.com\/fr-fr\/routes\/bus\/dodoma-to-mwanza\/","title":{"rendered":"Bus de Dodoma \u00e0 Mwanza Billets de bus, itin\u00e9raire, horaires et tarifs"},"content":{"rendered":"<h2>Billets de bus pas chers de Dodoma \u00e0 Mwanza R\u00e9servation en ligne<\/h2>\n<h3>D\u00e9couvrez votre itin\u00e9raire sur le web, le mobile ou l&#039;application et r\u00e9servez en ligne maintenant un billet de bus pas cher de Dodoma \u00e0 Mwanza.<\/h3>\n<p>R\u00e9servez en ligne le bus de Dodoma \u00e0 Mwanza et voyagez de Dodoma \u00e0 Mwanza en bus. Comment se rendre de Dodoma \u00e0 la r\u00e9gion de Mwanza ? Si vous souhaitez prendre un bus de Dodoma \u00e0 Mwanza, vous consulterez les r\u00e9servations en ligne de bus de Dodoma \u00e0 Mwanza \u00e0 partir de $15.68, la dur\u00e9e la plus courte \u00e9tant de 7h 45m. Voici le guide sur la fa\u00e7on de r\u00e9server des billets de bus pas chers de Dodoma \u00e0 Mwanza :<\/p>\n<h2>Bus de Dodoma \u00e0 Mwanza Billets de bus, itin\u00e9raires, horaires et tarifs FAQ<\/h2>\n<h3>Dodoma \u00e0 Mwanza en bus<\/h3>\n<p>La distance totale en ligne droite entre Mwanza et Dodoma est de 513 KM et cent m\u00e8tres. La distance en milles entre Dodoma et Mwanza est de 318,8 milles. Il s&#039;agit d&#039;une distance en ligne droite et la plupart du temps, la distance de d\u00e9placement r\u00e9elle entre Mwanza et Dodoma peut \u00eatre plus \u00e9lev\u00e9e ou changer en raison de la courbure de la route.<\/p>\n<p>La distance de conduite de Dodoma \u00e0 Mwanza en bus est de 668 KM et 755 m\u00e8tres. La distance routi\u00e8re bas\u00e9e sur le mile entre ces 2 points est de 415,5 miles.<\/p>\n<h3>Temps de trajet Dodoma \u00e0 Mwanza en bus<\/h3>\n<p>Dodoma est situ\u00e9 \u00e0 environ 513 km de Mwanza, donc si vous voyagez \u00e0 la vitesse continue de 50 km par heure, vous pouvez atteindre Mwanza en 13 heures et dix-huit minutes. Le temps de trajet de votre bus de Dodoma \u00e0 Mwanza peut varier en fonction de la vitesse de votre bus, de la vitesse du train ou du v\u00e9hicule que vous utilisez.<\/p>\n<h3>Y a-t-il un bus direct entre Dodoma et Mwanza ?<\/h3>\n<p>Oui, il y a un bus direct, qui part de Dodoma et arrive \u00e0 Mwanza.<\/p>\n<h3>Quel est l&#039;horaire des services de bus de Dodoma \u00e0 Mwanza ?<\/h3>\n<p>Les services de bus de Dodoma \u00e0 Mwanza partent 3 fois par semaine, et op\u00e8rent Dimanche, Vendredi et Mardi. Le trajet dure environ 13h10.<\/p>\n<h3>Quel est le prix des billets de bus de Dodoma \u00e0 Mwanza ?<\/h3>\n<p>Le bus est le moyen abordable de se rendre de Dodoma \u00e0 Mwanza. Le prix du billet de bus pas cher de Dodoma \u00e0 Mwanza est de $16 \u2013 $45 et dure 9h 59m.<\/p>\n<h3>Les bus sont-ils un bon moyen de transport pour aller de Dodoma \u00e0 Mwanza par la route\u00a0?<\/h3>\n<p>Le meilleur moyen pour se rendre de Dodoma \u00e0 Mwanza par la route sans v\u00e9hicule personnel est de bus Dodoma \u00e0 Mwanza, ce qui dure 13h 10m et co\u00fbte.<\/p>","protected":false},"excerpt":{"rendered":"<p>Cheap Bus Tickets from Dodoma to Mwanza\u00a0Online Booking Discover your travel route on web, mobile or app and book cheap bus ticket from Dodoma to Mwanza online now. Do bus from Dodoma to Mwanza online booking and travel Dodoma to Mwanza by bus. How do I get from Dodoma to Mwanza area? If you want [&hellip;]<\/p>\n","protected":false},"author":1,"featured_media":13999,"parent":25566,"menu_order":0,"comment_status":"open","ping_status":"closed","template":"template-home-modern.php","meta":{"footnotes":""},"class_list":["post-10933","page","type-page","status-publish","has-post-thumbnail","hentry"],"yoast_head":"<!-- This site is optimized with the Yoast SEO plugin v27.3 - https:\/\/yoast.com\/product\/yoast-seo-wordpress\/ -->\n<title>Bus from Dodoma to Mwanza Bus Tickets, Route, Schedule &amp; Fare<\/title>\n<meta name=\"description\" content=\"Looking for bus from\u00a0Dodoma to Mwanza bus ticket booking app, routes, schedules &amp; fares? Book cheap bus tickets from Dodoma to Mwanza online\" \/>\n<meta name=\"robots\" content=\"index, follow, max-snippet:-1, max-image-preview:large, max-video-preview:-1\" \/>\n<link rel=\"canonical\" href=\"https:\/\/tiketi.com\/fr-fr\/njia\/nauli-mabasi\/dodoma-kwenda-mwanza\/\" \/>\n<meta property=\"og:locale\" content=\"fr_FR\" \/>\n<meta property=\"og:type\" content=\"article\" \/>\n<meta property=\"og:title\" content=\"Bus from Dodoma to Mwanza Bus Tickets, Route, Schedule &amp; Fare\" \/>\n<meta property=\"og:description\" content=\"Looking for bus from\u00a0Dodoma to Mwanza bus ticket booking app, routes, schedules &amp; fares? Book cheap bus tickets from Dodoma to Mwanza online\" \/>\n<meta property=\"og:url\" content=\"https:\/\/tiketi.com\/fr-fr\/njia\/nauli-mabasi\/dodoma-kwenda-mwanza\/\" \/>\n<meta property=\"og:site_name\" content=\"Tiketi.com\" \/>\n<meta property=\"article:publisher\" content=\"https:\/\/www.facebook.com\/TiketiCom\/\" \/>\n<meta property=\"article:modified_time\" content=\"2023-07-04T06:36:13+00:00\" \/>\n<meta property=\"og:image\" content=\"https:\/\/tiketi.com\/wp-content\/uploads\/2022\/01\/bus-ticket-online-booking.jpg\" \/>\n\t<meta property=\"og:image:width\" content=\"1200\" \/>\n\t<meta property=\"og:image:height\" content=\"206\" \/>\n\t<meta property=\"og:image:type\" content=\"image\/jpeg\" \/>\n<meta name=\"twitter:card\" content=\"summary_large_image\" \/>\n<meta name=\"twitter:label1\" content=\"Dur\u00e9e de lecture estim\u00e9e\" \/>\n\t<meta name=\"twitter:data1\" content=\"2 minutes\" \/>\n<script type=\"application\/ld+json\" class=\"yoast-schema-graph\">{\"@context\":\"https:\\\/\\\/schema.org\",\"@graph\":[{\"@type\":\"WebPage\",\"@id\":\"https:\\\/\\\/tiketi.com\\\/sw\\\/njia\\\/nauli-mabasi\\\/dodoma-kwenda-mwanza\\\/\",\"url\":\"https:\\\/\\\/tiketi.com\\\/sw\\\/njia\\\/nauli-mabasi\\\/dodoma-kwenda-mwanza\\\/\",\"name\":\"Bus from Dodoma to Mwanza Bus Tickets, Route, Schedule & Fare\",\"isPartOf\":{\"@id\":\"https:\\\/\\\/tiketi.com\\\/#website\"},\"primaryImageOfPage\":{\"@id\":\"https:\\\/\\\/tiketi.com\\\/sw\\\/njia\\\/nauli-mabasi\\\/dodoma-kwenda-mwanza\\\/#primaryimage\"},\"image\":{\"@id\":\"https:\\\/\\\/tiketi.com\\\/sw\\\/njia\\\/nauli-mabasi\\\/dodoma-kwenda-mwanza\\\/#primaryimage\"},\"thumbnailUrl\":\"https:\\\/\\\/tiketi.com\\\/wp-content\\\/uploads\\\/2022\\\/01\\\/bus-ticket-online-booking.jpg\",\"datePublished\":\"2022-01-19T11:54:00+00:00\",\"dateModified\":\"2023-07-04T06:36:13+00:00\",\"description\":\"Looking for bus from\u00a0Dodoma to Mwanza bus ticket booking app, routes, schedules & fares? Book cheap bus tickets from Dodoma to Mwanza online\",\"breadcrumb\":{\"@id\":\"https:\\\/\\\/tiketi.com\\\/sw\\\/njia\\\/nauli-mabasi\\\/dodoma-kwenda-mwanza\\\/#breadcrumb\"},\"inLanguage\":\"fr-FR\",\"potentialAction\":[{\"@type\":\"ReadAction\",\"target\":[\"https:\\\/\\\/tiketi.com\\\/sw\\\/njia\\\/nauli-mabasi\\\/dodoma-kwenda-mwanza\\\/\"]}]},{\"@type\":\"ImageObject\",\"inLanguage\":\"fr-FR\",\"@id\":\"https:\\\/\\\/tiketi.com\\\/sw\\\/njia\\\/nauli-mabasi\\\/dodoma-kwenda-mwanza\\\/#primaryimage\",\"url\":\"https:\\\/\\\/tiketi.com\\\/wp-content\\\/uploads\\\/2022\\\/01\\\/bus-ticket-online-booking.jpg\",\"contentUrl\":\"https:\\\/\\\/tiketi.com\\\/wp-content\\\/uploads\\\/2022\\\/01\\\/bus-ticket-online-booking.jpg\",\"width\":1200,\"height\":206,\"caption\":\"Online Bus Ticket Booking\"},{\"@type\":\"BreadcrumbList\",\"@id\":\"https:\\\/\\\/tiketi.com\\\/sw\\\/njia\\\/nauli-mabasi\\\/dodoma-kwenda-mwanza\\\/#breadcrumb\",\"itemListElement\":[{\"@type\":\"ListItem\",\"position\":1,\"name\":\"Home\",\"item\":\"https:\\\/\\\/tiketi.com\\\/\"},{\"@type\":\"ListItem\",\"position\":2,\"name\":\"Routes\",\"item\":\"https:\\\/\\\/tiketi.com\\\/routes\\\/\"},{\"@type\":\"ListItem\",\"position\":3,\"name\":\"Bus\",\"item\":\"https:\\\/\\\/tiketi.com\\\/routes\\\/bus\\\/\"},{\"@type\":\"ListItem\",\"position\":4,\"name\":\"Bus from Dodoma to Mwanza Bus Tickets, Route, Schedule &#038; Fares\"}]},{\"@type\":\"WebSite\",\"@id\":\"https:\\\/\\\/tiketi.com\\\/#website\",\"url\":\"https:\\\/\\\/tiketi.com\\\/\",\"name\":\"Flight & Bus Tickets, Tour Packages & Activitites - Tiketi.com\",\"description\":\"Flight &amp; Bus Tickets, Tours, Activitites\",\"publisher\":{\"@id\":\"https:\\\/\\\/tiketi.com\\\/#organization\"},\"potentialAction\":[{\"@type\":\"SearchAction\",\"target\":{\"@type\":\"EntryPoint\",\"urlTemplate\":\"https:\\\/\\\/tiketi.com\\\/?s={search_term_string}\"},\"query-input\":{\"@type\":\"PropertyValueSpecification\",\"valueRequired\":true,\"valueName\":\"search_term_string\"}}],\"inLanguage\":\"fr-FR\"},{\"@type\":\"Organization\",\"@id\":\"https:\\\/\\\/tiketi.com\\\/#organization\",\"name\":\"Tiketi.com\",\"alternateName\":\"Tiketi\",\"url\":\"https:\\\/\\\/tiketi.com\\\/\",\"logo\":{\"@type\":\"ImageObject\",\"inLanguage\":\"fr-FR\",\"@id\":\"https:\\\/\\\/tiketi.com\\\/#\\\/schema\\\/logo\\\/image\\\/\",\"url\":\"https:\\\/\\\/tiketi.com\\\/wp-content\\\/uploads\\\/2019\\\/05\\\/tiketi-logo-696.png\",\"contentUrl\":\"https:\\\/\\\/tiketi.com\\\/wp-content\\\/uploads\\\/2019\\\/05\\\/tiketi-logo-696.png\",\"width\":696,\"height\":696,\"caption\":\"Tiketi.com\"},\"image\":{\"@id\":\"https:\\\/\\\/tiketi.com\\\/#\\\/schema\\\/logo\\\/image\\\/\"},\"sameAs\":[\"https:\\\/\\\/www.facebook.com\\\/TiketiCom\\\/\"]}]}<\/script>\n<!-- \/ Yoast SEO plugin. -->","yoast_head_json":{"title":"Bus de Dodoma \u00e0 Mwanza Billets de bus, itin\u00e9raire, horaires et tarifs","description":"Vous recherchez une application de r\u00e9servation de billets de bus de Dodoma \u00e0 Mwanza, des itin\u00e9raires, des horaires et des tarifs\u00a0? R\u00e9servez en ligne des billets de bus \u00e0 bas prix de Dodoma \u00e0 Mwanza","robots":{"index":"index","follow":"follow","max-snippet":"max-snippet:-1","max-image-preview":"max-image-preview:large","max-video-preview":"max-video-preview:-1"},"canonical":"https:\/\/tiketi.com\/fr-fr\/njia\/nauli-mabasi\/dodoma-kwenda-mwanza\/","og_locale":"fr_FR","og_type":"article","og_title":"Bus from Dodoma to Mwanza Bus Tickets, Route, Schedule & Fare","og_description":"Looking for bus from\u00a0Dodoma to Mwanza bus ticket booking app, routes, schedules & fares? Book cheap bus tickets from Dodoma to Mwanza online","og_url":"https:\/\/tiketi.com\/fr-fr\/njia\/nauli-mabasi\/dodoma-kwenda-mwanza\/","og_site_name":"Tiketi.com","article_publisher":"https:\/\/www.facebook.com\/TiketiCom\/","article_modified_time":"2023-07-04T06:36:13+00:00","og_image":[{"width":1200,"height":206,"url":"https:\/\/tiketi.com\/wp-content\/uploads\/2022\/01\/bus-ticket-online-booking.jpg","type":"image\/jpeg"}],"twitter_card":"summary_large_image","twitter_misc":{"Dur\u00e9e de lecture estim\u00e9e":"2 minutes"},"schema":{"@context":"https:\/\/schema.org","@graph":[{"@type":"WebPage","@id":"https:\/\/tiketi.com\/sw\/njia\/nauli-mabasi\/dodoma-kwenda-mwanza\/","url":"https:\/\/tiketi.com\/sw\/njia\/nauli-mabasi\/dodoma-kwenda-mwanza\/","name":"Bus de Dodoma \u00e0 Mwanza Billets de bus, itin\u00e9raire, horaires et tarifs","isPartOf":{"@id":"https:\/\/tiketi.com\/#website"},"primaryImageOfPage":{"@id":"https:\/\/tiketi.com\/sw\/njia\/nauli-mabasi\/dodoma-kwenda-mwanza\/#primaryimage"},"image":{"@id":"https:\/\/tiketi.com\/sw\/njia\/nauli-mabasi\/dodoma-kwenda-mwanza\/#primaryimage"},"thumbnailUrl":"https:\/\/tiketi.com\/wp-content\/uploads\/2022\/01\/bus-ticket-online-booking.jpg","datePublished":"2022-01-19T11:54:00+00:00","dateModified":"2023-07-04T06:36:13+00:00","description":"Vous recherchez une application de r\u00e9servation de billets de bus de Dodoma \u00e0 Mwanza, des itin\u00e9raires, des horaires et des tarifs\u00a0? R\u00e9servez en ligne des billets de bus \u00e0 bas prix de Dodoma \u00e0 Mwanza","breadcrumb":{"@id":"https:\/\/tiketi.com\/sw\/njia\/nauli-mabasi\/dodoma-kwenda-mwanza\/#breadcrumb"},"inLanguage":"fr-FR","potentialAction":[{"@type":"ReadAction","target":["https:\/\/tiketi.com\/sw\/njia\/nauli-mabasi\/dodoma-kwenda-mwanza\/"]}]},{"@type":"ImageObject","inLanguage":"fr-FR","@id":"https:\/\/tiketi.com\/sw\/njia\/nauli-mabasi\/dodoma-kwenda-mwanza\/#primaryimage","url":"https:\/\/tiketi.com\/wp-content\/uploads\/2022\/01\/bus-ticket-online-booking.jpg","contentUrl":"https:\/\/tiketi.com\/wp-content\/uploads\/2022\/01\/bus-ticket-online-booking.jpg","width":1200,"height":206,"caption":"Online Bus Ticket Booking"},{"@type":"BreadcrumbList","@id":"https:\/\/tiketi.com\/sw\/njia\/nauli-mabasi\/dodoma-kwenda-mwanza\/#breadcrumb","itemListElement":[{"@type":"ListItem","position":1,"name":"Home","item":"https:\/\/tiketi.com\/"},{"@type":"ListItem","position":2,"name":"Routes","item":"https:\/\/tiketi.com\/routes\/"},{"@type":"ListItem","position":3,"name":"Bus","item":"https:\/\/tiketi.com\/routes\/bus\/"},{"@type":"ListItem","position":4,"name":"Bus from Dodoma to Mwanza Bus Tickets, Route, Schedule &#038; Fares"}]},{"@type":"WebSite","@id":"https:\/\/tiketi.com\/#website","url":"https:\/\/tiketi.com\/","name":"Billets d&#039;avion et de bus, forfaits touristiques et activit\u00e9s - Tiketi.com","description":"Billets d&#039;avion et de bus, Tours, Activit\u00e9s","publisher":{"@id":"https:\/\/tiketi.com\/#organization"},"potentialAction":[{"@type":"SearchAction","target":{"@type":"EntryPoint","urlTemplate":"https:\/\/tiketi.com\/?s={search_term_string}"},"query-input":{"@type":"PropertyValueSpecification","valueRequired":true,"valueName":"search_term_string"}}],"inLanguage":"fr-FR"},{"@type":"Organization","@id":"https:\/\/tiketi.com\/#organization","name":"Tiketi.com","alternateName":"Tiketi","url":"https:\/\/tiketi.com\/","logo":{"@type":"ImageObject","inLanguage":"fr-FR","@id":"https:\/\/tiketi.com\/#\/schema\/logo\/image\/","url":"https:\/\/tiketi.com\/wp-content\/uploads\/2019\/05\/tiketi-logo-696.png","contentUrl":"https:\/\/tiketi.com\/wp-content\/uploads\/2019\/05\/tiketi-logo-696.png","width":696,"height":696,"caption":"Tiketi.com"},"image":{"@id":"https:\/\/tiketi.com\/#\/schema\/logo\/image\/"},"sameAs":["https:\/\/www.facebook.com\/TiketiCom\/"]}]}},"_links":{"self":[{"href":"https:\/\/tiketi.com\/fr-fr\/wp-json\/wp\/v2\/pages\/10933","targetHints":{"allow":["GET"]}}],"collection":[{"href":"https:\/\/tiketi.com\/fr-fr\/wp-json\/wp\/v2\/pages"}],"about":[{"href":"https:\/\/tiketi.com\/fr-fr\/wp-json\/wp\/v2\/types\/page"}],"author":[{"embeddable":true,"href":"https:\/\/tiketi.com\/fr-fr\/wp-json\/wp\/v2\/users\/1"}],"replies":[{"embeddable":true,"href":"https:\/\/tiketi.com\/fr-fr\/wp-json\/wp\/v2\/comments?post=10933"}],"version-history":[{"count":0,"href":"https:\/\/tiketi.com\/fr-fr\/wp-json\/wp\/v2\/pages\/10933\/revisions"}],"up":[{"embeddable":true,"href":"https:\/\/tiketi.com\/fr-fr\/wp-json\/wp\/v2\/pages\/25566"}],"wp:featuredmedia":[{"embeddable":true,"href":"https:\/\/tiketi.com\/fr-fr\/wp-json\/wp\/v2\/media\/13999"}],"wp:attachment":[{"href":"https:\/\/tiketi.com\/fr-fr\/wp-json\/wp\/v2\/media?parent=10933"}],"curies":[{"name":"wp","href":"https:\/\/api.w.org\/{rel}","templated":true}]}}