{"id":10934,"date":"2022-01-19T12:54:00","date_gmt":"2022-01-19T11:54:00","guid":{"rendered":"https:\/\/new.tiketi.com\/bus-from-nairobi-to-mwanza-bus-tickets-booking-fare-schedule-route\/"},"modified":"2023-07-04T09:18:49","modified_gmt":"2023-07-04T08:18:49","slug":"nairobi-to-mwanza","status":"publish","type":"page","link":"https:\/\/tiketi.com\/fr-fr\/routes\/bus\/nairobi-to-mwanza\/","title":{"rendered":"Bus de Nairobi \u00e0 Mwanza Billets de bus, tarif, horaires et itin\u00e9raire"},"content":{"rendered":"<h2>Billets de bus pas chers de Nairobi \u00e0 Mwanza R\u00e9servation en ligne<\/h2>\n<h3>D\u00e9couvrez votre itin\u00e9raire sur le web, le mobile ou l&#039;application et r\u00e9servez en ligne maintenant un billet de bus pas cher de Nairobi \u00e0 Mwanza.<\/h3>\n<p>Faites des bus pas chers de Nairobi \u00e0 Mwanza en r\u00e9servant des billets en ligne et voyagez de Nairobi \u00e0 Mwanza en bus. Mwanza est une ville portuaire tanzanienne situ\u00e9e sur la rive sud du lac Victoria dans la partie nord-ouest du pays. Mwanza est la deuxi\u00e8me plus grande ville de Tanzanie, apr\u00e8s Dar es Salaam et le centre administratif de la r\u00e9gion de Mwanza. Elle est populairement connue sous le nom de Rock City, qui favorise une grande formation rocheuse du c\u00f4t\u00e9 Mwanza du lac Victoria. Situ\u00e9 \u00e0 environ 1 140 m\u00e8tres au-dessus du niveau de la mer, Mwanza b\u00e9n\u00e9ficie d&#039;une brise fra\u00eeche, d&#039;un temps relaxant et d&#039;une temp\u00e9rature mod\u00e9r\u00e9e toute l&#039;ann\u00e9e. Voici le guide sur la fa\u00e7on de r\u00e9server en ligne des billets de bus de Nairobi \u00e0 Mwanza :<\/p>\n<h2>Bus de Nairobi \u00e0 Mwanza R\u00e9servation de billets de bus, itin\u00e9raires, horaires et tarifs FAQ<\/h2>\n<h3>Quel est le moyen abordable pour se rendre de Nairobi \u00e0 Mwanza ?<\/h3>\n<p>Le moyen abordable de se rendre de Nairobi \u00e0 Mwanza est d&#039;acheter. Billets de bus de Nairobi \u00e0 Mwanza $13 \u2013 $20 et dure 11h 40m.<\/p>\n<h3>Y a-t-il un bus entre Mwanza et Nairobi ?<\/h3>\n<p>Oui, il y a un bus direct, qui part de Nairobi. Les services partent un par jour, et circulent chaque jour. Le trajet dure environ 11h 40.<\/p>\n<h3>Est-ce que Nairobi \u00e0 Mwanza en bus est un bon moyen de transport pour aller de Nairobi \u00e0 Mwanza par la route ?<\/h3>\n<p>Le meilleur moyen pour se rendre de Nairobi \u00e0 Mwanza sans v\u00e9hicule personnel est de prendre un bus, ce qui dure 11h 40m et Nairobi \u00e0 Mwanza en bus co\u00fbte $13 - $20.<\/p>\n<h3>O\u00f9 prendre le bus Nairobi pour Mwanza ?<\/h3>\n<p>Les services de bus de Nairobi \u00e0 Mwanza, g\u00e9r\u00e9s par Modern Coast, partent de la gare de Nairobi.<\/p>\n<h3>Avion ou bus Nairobi jusqu&#039;\u00e0 Mwanza ?<\/h3>\n<p>Le meilleur moyen de se rendre de Nairobi \u00e0 Mwanza est en avion, dure 4h 40m et co\u00fbte $180 - $290. Alternativement, vous pouvez prendre le bus, qui co\u00fbte $13 \u2013 $20 et dure 11h 40m.<\/p>\n<h3>O\u00f9 arrive le bus depuis Nairobi pour Mwanza ?<\/h3>\n<p>Les services de bus de Nairobi \u00e0 Mwanza, g\u00e9r\u00e9s par la c\u00f4te moderne, arrivent \u00e0 la gare de Mwanza.<\/p>\n<h2>Billets de bus pas chers de Nairobi \u00e0 Mwanza Conseils de r\u00e9servation en ligne<\/h2>\n<p>Par la route, Mwanza est situ\u00e9e \u00e0 environ 1160 km au nord-ouest de Dar es Salaam et cette route est desservie par Green Star, Princess Muro et de nombreuses autres compagnies de bus c\u00e9l\u00e8bres avec des bus quotidiens.<\/p>","protected":false},"excerpt":{"rendered":"<p>Cheap Bus Tickets from Nairobi to Mwanza\u00a0Online Booking Discover your travel route on web, mobile or app and book cheap bus ticket from Nairobi to Mwanza online now. Do cheap bus from Nairobi to Mwanza bus online booking tickets and travel Nairobi to Mwanza by bus.\u00a0Mwanza is a Tanzanian port city placed on the southern [&hellip;]<\/p>\n","protected":false},"author":1,"featured_media":13999,"parent":25566,"menu_order":0,"comment_status":"open","ping_status":"closed","template":"template-home-modern.php","meta":{"footnotes":""},"class_list":["post-10934","page","type-page","status-publish","has-post-thumbnail","hentry"],"yoast_head":"<!-- This site is optimized with the Yoast SEO plugin v27.3 - https:\/\/yoast.com\/product\/yoast-seo-wordpress\/ -->\n<title>Bus from Nairobi to Mwanza Bus Tickets Booking, Fare, Schedule &amp; Route<\/title>\n<meta name=\"description\" content=\"Looking for bus from Nairobi to Mwanza bus tickets booking app, fare &amp; schedule? Book cheap bus tickets from Nairobi to Mwanza online now\" \/>\n<meta name=\"robots\" content=\"index, follow, max-snippet:-1, max-image-preview:large, max-video-preview:-1\" \/>\n<link rel=\"canonical\" href=\"https:\/\/tiketi.com\/fr-fr\/routes\/bus\/nairobi-to-mwanza\/\" \/>\n<meta property=\"og:locale\" content=\"fr_FR\" \/>\n<meta property=\"og:type\" content=\"article\" \/>\n<meta property=\"og:title\" content=\"Bus from Nairobi to Mwanza Bus Tickets Booking, Fare, Schedule &amp; Route\" \/>\n<meta property=\"og:description\" content=\"Looking for bus from Nairobi to Mwanza bus tickets booking app, fare &amp; schedule? Book cheap bus tickets from Nairobi to Mwanza online now\" \/>\n<meta property=\"og:url\" content=\"https:\/\/tiketi.com\/fr-fr\/routes\/bus\/nairobi-to-mwanza\/\" \/>\n<meta property=\"og:site_name\" content=\"Tiketi.com\" \/>\n<meta property=\"article:publisher\" content=\"https:\/\/www.facebook.com\/TiketiCom\/\" \/>\n<meta property=\"article:modified_time\" content=\"2023-07-04T08:18:49+00:00\" \/>\n<meta property=\"og:image\" content=\"https:\/\/tiketi.com\/wp-content\/uploads\/2022\/01\/bus-ticket-online-booking.jpg\" \/>\n\t<meta property=\"og:image:width\" content=\"1200\" \/>\n\t<meta property=\"og:image:height\" content=\"206\" \/>\n\t<meta property=\"og:image:type\" content=\"image\/jpeg\" \/>\n<meta name=\"twitter:card\" content=\"summary_large_image\" \/>\n<meta name=\"twitter:label1\" content=\"Dur\u00e9e de lecture estim\u00e9e\" \/>\n\t<meta name=\"twitter:data1\" content=\"2 minutes\" \/>\n<script type=\"application\/ld+json\" class=\"yoast-schema-graph\">{\"@context\":\"https:\\\/\\\/schema.org\",\"@graph\":[{\"@type\":\"WebPage\",\"@id\":\"https:\\\/\\\/tiketi.com\\\/routes\\\/bus\\\/nairobi-to-mwanza\\\/\",\"url\":\"https:\\\/\\\/tiketi.com\\\/routes\\\/bus\\\/nairobi-to-mwanza\\\/\",\"name\":\"Bus from Nairobi to Mwanza Bus Tickets Booking, Fare, Schedule & Route\",\"isPartOf\":{\"@id\":\"https:\\\/\\\/tiketi.com\\\/#website\"},\"primaryImageOfPage\":{\"@id\":\"https:\\\/\\\/tiketi.com\\\/routes\\\/bus\\\/nairobi-to-mwanza\\\/#primaryimage\"},\"image\":{\"@id\":\"https:\\\/\\\/tiketi.com\\\/routes\\\/bus\\\/nairobi-to-mwanza\\\/#primaryimage\"},\"thumbnailUrl\":\"https:\\\/\\\/tiketi.com\\\/wp-content\\\/uploads\\\/2022\\\/01\\\/bus-ticket-online-booking.jpg\",\"datePublished\":\"2022-01-19T11:54:00+00:00\",\"dateModified\":\"2023-07-04T08:18:49+00:00\",\"description\":\"Looking for bus from Nairobi to Mwanza bus tickets booking app, fare & schedule? Book cheap bus tickets from Nairobi to Mwanza online now\",\"breadcrumb\":{\"@id\":\"https:\\\/\\\/tiketi.com\\\/routes\\\/bus\\\/nairobi-to-mwanza\\\/#breadcrumb\"},\"inLanguage\":\"fr-FR\",\"potentialAction\":[{\"@type\":\"ReadAction\",\"target\":[\"https:\\\/\\\/tiketi.com\\\/routes\\\/bus\\\/nairobi-to-mwanza\\\/\"]}]},{\"@type\":\"ImageObject\",\"inLanguage\":\"fr-FR\",\"@id\":\"https:\\\/\\\/tiketi.com\\\/routes\\\/bus\\\/nairobi-to-mwanza\\\/#primaryimage\",\"url\":\"https:\\\/\\\/tiketi.com\\\/wp-content\\\/uploads\\\/2022\\\/01\\\/bus-ticket-online-booking.jpg\",\"contentUrl\":\"https:\\\/\\\/tiketi.com\\\/wp-content\\\/uploads\\\/2022\\\/01\\\/bus-ticket-online-booking.jpg\",\"width\":1200,\"height\":206,\"caption\":\"Online Bus Ticket Booking\"},{\"@type\":\"BreadcrumbList\",\"@id\":\"https:\\\/\\\/tiketi.com\\\/routes\\\/bus\\\/nairobi-to-mwanza\\\/#breadcrumb\",\"itemListElement\":[{\"@type\":\"ListItem\",\"position\":1,\"name\":\"Home\",\"item\":\"https:\\\/\\\/tiketi.com\\\/\"},{\"@type\":\"ListItem\",\"position\":2,\"name\":\"Routes\",\"item\":\"https:\\\/\\\/tiketi.com\\\/routes\\\/\"},{\"@type\":\"ListItem\",\"position\":3,\"name\":\"Bus\",\"item\":\"https:\\\/\\\/tiketi.com\\\/routes\\\/bus\\\/\"},{\"@type\":\"ListItem\",\"position\":4,\"name\":\"Bus from Nairobi to Mwanza Bus Tickets, Fare, Schedule &#038; Route\"}]},{\"@type\":\"WebSite\",\"@id\":\"https:\\\/\\\/tiketi.com\\\/#website\",\"url\":\"https:\\\/\\\/tiketi.com\\\/\",\"name\":\"Flight & Bus Tickets, Tour Packages & Activitites - Tiketi.com\",\"description\":\"Flight &amp; Bus Tickets, Tours, Activitites\",\"publisher\":{\"@id\":\"https:\\\/\\\/tiketi.com\\\/#organization\"},\"potentialAction\":[{\"@type\":\"SearchAction\",\"target\":{\"@type\":\"EntryPoint\",\"urlTemplate\":\"https:\\\/\\\/tiketi.com\\\/?s={search_term_string}\"},\"query-input\":{\"@type\":\"PropertyValueSpecification\",\"valueRequired\":true,\"valueName\":\"search_term_string\"}}],\"inLanguage\":\"fr-FR\"},{\"@type\":\"Organization\",\"@id\":\"https:\\\/\\\/tiketi.com\\\/#organization\",\"name\":\"Tiketi.com\",\"alternateName\":\"Tiketi\",\"url\":\"https:\\\/\\\/tiketi.com\\\/\",\"logo\":{\"@type\":\"ImageObject\",\"inLanguage\":\"fr-FR\",\"@id\":\"https:\\\/\\\/tiketi.com\\\/#\\\/schema\\\/logo\\\/image\\\/\",\"url\":\"https:\\\/\\\/tiketi.com\\\/wp-content\\\/uploads\\\/2019\\\/05\\\/tiketi-logo-696.png\",\"contentUrl\":\"https:\\\/\\\/tiketi.com\\\/wp-content\\\/uploads\\\/2019\\\/05\\\/tiketi-logo-696.png\",\"width\":696,\"height\":696,\"caption\":\"Tiketi.com\"},\"image\":{\"@id\":\"https:\\\/\\\/tiketi.com\\\/#\\\/schema\\\/logo\\\/image\\\/\"},\"sameAs\":[\"https:\\\/\\\/www.facebook.com\\\/TiketiCom\\\/\"]}]}<\/script>\n<!-- \/ Yoast SEO plugin. -->","yoast_head_json":{"title":"Bus de Nairobi \u00e0 Mwanza R\u00e9servation de billets de bus, tarif, horaires et itin\u00e9raire","description":"\u00c0 la recherche d&#039;une application de r\u00e9servation de billets de bus de Nairobi \u00e0 Mwanza, des tarifs et des horaires de bus ? R\u00e9servez en ligne maintenant des billets de bus \u00e0 bas prix de Nairobi \u00e0 Mwanza","robots":{"index":"index","follow":"follow","max-snippet":"max-snippet:-1","max-image-preview":"max-image-preview:large","max-video-preview":"max-video-preview:-1"},"canonical":"https:\/\/tiketi.com\/fr-fr\/routes\/bus\/nairobi-to-mwanza\/","og_locale":"fr_FR","og_type":"article","og_title":"Bus from Nairobi to Mwanza Bus Tickets Booking, Fare, Schedule & Route","og_description":"Looking for bus from Nairobi to Mwanza bus tickets booking app, fare & schedule? Book cheap bus tickets from Nairobi to Mwanza online now","og_url":"https:\/\/tiketi.com\/fr-fr\/routes\/bus\/nairobi-to-mwanza\/","og_site_name":"Tiketi.com","article_publisher":"https:\/\/www.facebook.com\/TiketiCom\/","article_modified_time":"2023-07-04T08:18:49+00:00","og_image":[{"width":1200,"height":206,"url":"https:\/\/tiketi.com\/wp-content\/uploads\/2022\/01\/bus-ticket-online-booking.jpg","type":"image\/jpeg"}],"twitter_card":"summary_large_image","twitter_misc":{"Dur\u00e9e de lecture estim\u00e9e":"2 minutes"},"schema":{"@context":"https:\/\/schema.org","@graph":[{"@type":"WebPage","@id":"https:\/\/tiketi.com\/routes\/bus\/nairobi-to-mwanza\/","url":"https:\/\/tiketi.com\/routes\/bus\/nairobi-to-mwanza\/","name":"Bus de Nairobi \u00e0 Mwanza R\u00e9servation de billets de bus, tarif, horaires et itin\u00e9raire","isPartOf":{"@id":"https:\/\/tiketi.com\/#website"},"primaryImageOfPage":{"@id":"https:\/\/tiketi.com\/routes\/bus\/nairobi-to-mwanza\/#primaryimage"},"image":{"@id":"https:\/\/tiketi.com\/routes\/bus\/nairobi-to-mwanza\/#primaryimage"},"thumbnailUrl":"https:\/\/tiketi.com\/wp-content\/uploads\/2022\/01\/bus-ticket-online-booking.jpg","datePublished":"2022-01-19T11:54:00+00:00","dateModified":"2023-07-04T08:18:49+00:00","description":"\u00c0 la recherche d&#039;une application de r\u00e9servation de billets de bus de Nairobi \u00e0 Mwanza, des tarifs et des horaires de bus ? R\u00e9servez en ligne maintenant des billets de bus \u00e0 bas prix de Nairobi \u00e0 Mwanza","breadcrumb":{"@id":"https:\/\/tiketi.com\/routes\/bus\/nairobi-to-mwanza\/#breadcrumb"},"inLanguage":"fr-FR","potentialAction":[{"@type":"ReadAction","target":["https:\/\/tiketi.com\/routes\/bus\/nairobi-to-mwanza\/"]}]},{"@type":"ImageObject","inLanguage":"fr-FR","@id":"https:\/\/tiketi.com\/routes\/bus\/nairobi-to-mwanza\/#primaryimage","url":"https:\/\/tiketi.com\/wp-content\/uploads\/2022\/01\/bus-ticket-online-booking.jpg","contentUrl":"https:\/\/tiketi.com\/wp-content\/uploads\/2022\/01\/bus-ticket-online-booking.jpg","width":1200,"height":206,"caption":"Online Bus Ticket Booking"},{"@type":"BreadcrumbList","@id":"https:\/\/tiketi.com\/routes\/bus\/nairobi-to-mwanza\/#breadcrumb","itemListElement":[{"@type":"ListItem","position":1,"name":"Home","item":"https:\/\/tiketi.com\/"},{"@type":"ListItem","position":2,"name":"Routes","item":"https:\/\/tiketi.com\/routes\/"},{"@type":"ListItem","position":3,"name":"Bus","item":"https:\/\/tiketi.com\/routes\/bus\/"},{"@type":"ListItem","position":4,"name":"Bus from Nairobi to Mwanza Bus Tickets, Fare, Schedule &#038; Route"}]},{"@type":"WebSite","@id":"https:\/\/tiketi.com\/#website","url":"https:\/\/tiketi.com\/","name":"Billets d&#039;avion et de bus, forfaits touristiques et activit\u00e9s - Tiketi.com","description":"Billets d&#039;avion et de bus, Tours, Activit\u00e9s","publisher":{"@id":"https:\/\/tiketi.com\/#organization"},"potentialAction":[{"@type":"SearchAction","target":{"@type":"EntryPoint","urlTemplate":"https:\/\/tiketi.com\/?s={search_term_string}"},"query-input":{"@type":"PropertyValueSpecification","valueRequired":true,"valueName":"search_term_string"}}],"inLanguage":"fr-FR"},{"@type":"Organization","@id":"https:\/\/tiketi.com\/#organization","name":"Tiketi.com","alternateName":"Tiketi","url":"https:\/\/tiketi.com\/","logo":{"@type":"ImageObject","inLanguage":"fr-FR","@id":"https:\/\/tiketi.com\/#\/schema\/logo\/image\/","url":"https:\/\/tiketi.com\/wp-content\/uploads\/2019\/05\/tiketi-logo-696.png","contentUrl":"https:\/\/tiketi.com\/wp-content\/uploads\/2019\/05\/tiketi-logo-696.png","width":696,"height":696,"caption":"Tiketi.com"},"image":{"@id":"https:\/\/tiketi.com\/#\/schema\/logo\/image\/"},"sameAs":["https:\/\/www.facebook.com\/TiketiCom\/"]}]}},"_links":{"self":[{"href":"https:\/\/tiketi.com\/fr-fr\/wp-json\/wp\/v2\/pages\/10934","targetHints":{"allow":["GET"]}}],"collection":[{"href":"https:\/\/tiketi.com\/fr-fr\/wp-json\/wp\/v2\/pages"}],"about":[{"href":"https:\/\/tiketi.com\/fr-fr\/wp-json\/wp\/v2\/types\/page"}],"author":[{"embeddable":true,"href":"https:\/\/tiketi.com\/fr-fr\/wp-json\/wp\/v2\/users\/1"}],"replies":[{"embeddable":true,"href":"https:\/\/tiketi.com\/fr-fr\/wp-json\/wp\/v2\/comments?post=10934"}],"version-history":[{"count":0,"href":"https:\/\/tiketi.com\/fr-fr\/wp-json\/wp\/v2\/pages\/10934\/revisions"}],"up":[{"embeddable":true,"href":"https:\/\/tiketi.com\/fr-fr\/wp-json\/wp\/v2\/pages\/25566"}],"wp:featuredmedia":[{"embeddable":true,"href":"https:\/\/tiketi.com\/fr-fr\/wp-json\/wp\/v2\/media\/13999"}],"wp:attachment":[{"href":"https:\/\/tiketi.com\/fr-fr\/wp-json\/wp\/v2\/media?parent=10934"}],"curies":[{"name":"wp","href":"https:\/\/api.w.org\/{rel}","templated":true}]}}