{"id":10935,"date":"2022-01-19T12:54:00","date_gmt":"2022-01-19T11:54:00","guid":{"rendered":"https:\/\/new.tiketi.com\/kaylin-tours-online-booking-bus-tickets-reservation\/"},"modified":"2022-02-16T11:04:37","modified_gmt":"2022-02-16T10:04:37","slug":"kaylin-tours-buses","status":"publish","type":"page","link":"https:\/\/tiketi.com\/fr-fr\/kaylin-tours-buses\/","title":{"rendered":"Kaylin Tours R\u00e9servation en ligne, billets de bus, itin\u00e9raire, horaires et tarifs"},"content":{"rendered":"<h2>Kaylin Tours R\u00e9servation de billets de bus en ligne<\/h2>\n<h3>D\u00e9couvrez votre itin\u00e9raire de voyage sur le web, le mobile ou l&#039;application et r\u00e9servez en ligne d\u00e8s maintenant des billets de bus Kaylin Tours pas chers.<\/h3>\n<p>La r\u00e9servation en ligne de Kaylin Tours en toute simplicit\u00e9. Kaylin tours est une entreprise de transport de passagers qui a \u00e9t\u00e9 cr\u00e9\u00e9e avec la d\u00e9termination de fournir aux visiteurs en Afrique du Sud un service de haut niveau et un accueil chaleureux dans notre pays. L&#039;entreprise poss\u00e8de une grande flotte priv\u00e9e d&#039;autocars et d&#039;autobus de luxe \u00e0 Durban, Gauteng et Cape Town. Faites de m\u00eame pour Kaylin Tours en r\u00e9servant vos billets de bus en ligne d\u00e8s maintenant !<\/p>\n<h2>FAQ sur la r\u00e9servation en ligne de Kaylin Tours<\/h2>\n<h3>Quels sont les trajets de bus, les horaires et les tarifs de Young Shall Grow Motors ?<\/h3>\n<h3>Transferts \u00e0 Johannesbourg<\/h3>\n<p>A\u00e9roport international de Johannesburg vers Centurion ou Pretoria<br \/>\nDe l&#039;a\u00e9roport international de Johannesburg \u00e0 Rosebank, Sandton ou au centre-ville<br \/>\nDe l&#039;a\u00e9roport international de Johannesburg \u00e0 Hartebeesport ou au barrage de Lesedi<br \/>\nA\u00e9roport international de Johannesburg vers Dainfren, Midrand ou Randpark Ridge<\/p>\n<h3>Transferts Durban<\/h3>\n<p>De l&#039;a\u00e9roport international de Durban aux rochers et environs d&#039;Umhlanga<br \/>\nDe l&#039;a\u00e9roport international de Durban aux h\u00f4tels en bord de mer et en ville<br \/>\nA\u00e9roport international de Durban vers Zimbali\/Balito\/Karridene<br \/>\nA\u00e9roport international de Durban vers Margate, Wild Coast Sun, Port Shepstone et Ramsgate<br \/>\nA\u00e9roport international de Durban \u00e0 Pietermaritzburg<\/p>\n<h3>Transferts au Cap<\/h3>\n<p>De l&#039;a\u00e9roport international du Cap \u00e0 la ville, Greenpoint, front de mer ou Rondebosch<br \/>\nA\u00e9roport international du Cap vers Cliffon, Camps Bay ou Bantry Bay<br \/>\nA\u00e9roport international du Cap vers Fresnye, Claremont ou Newlands<br \/>\nA\u00e9roport international du Cap vers Sommerset West, Stellenbosch, Llandudno ou Hout Bay<\/p>\n<h3>Quelles sont les coordonn\u00e9es et les coordonn\u00e9es du bureau des bus Kaylin Tours\u00a0?<\/h3>\n<p>Johannesbourg, Afrique du Sud<\/p>\n<h2>Kaylin Tours Conseils de r\u00e9servation de billets de bus en ligne<\/h2>\n<h3>Services de Kaylin Tours<\/h3>\n<p>Que vous soyez en vacances ou en d\u00e9placement professionnel, en grand groupe ou en petit groupe, vous allez avoir besoin d&#039;un transport depuis la gare ou l&#039;a\u00e9roport, jusqu&#039;\u00e0 un lieu d&#039;h\u00e9bergement. Les visites Kaylin offrent un service de transfert expert et fiable de n&#039;importe quel endroit \u00e0 l&#039;endroit que vous avez choisi.<\/p>","protected":false},"excerpt":{"rendered":"<p>Kaylin Tours Online Bus Ticket Booking Discover your travel route on web, mobile or app and book cheap Kaylin Tours bus tickets online now. Kaylin Tours\u00a0online booking made easy.\u00a0Kaylin tours is a passenger transport firm which was formed with a determination to provide visitors to South Africa a high level of service and hot welcome [&hellip;]<\/p>\n","protected":false},"author":1,"featured_media":13999,"parent":0,"menu_order":0,"comment_status":"open","ping_status":"closed","template":"template-home-modern.php","meta":{"footnotes":""},"class_list":["post-10935","page","type-page","status-publish","has-post-thumbnail","hentry"],"yoast_head":"<!-- This site is optimized with the Yoast SEO plugin v27.3 - https:\/\/yoast.com\/product\/yoast-seo-wordpress\/ -->\n<title>Kaylin Tours Online Booking, Bus Tickets, Route, Schedule &amp; Fare<\/title>\n<meta name=\"description\" content=\"Looking for Kaylin Tours\u00a0online booking? Make a Kaylin Tours online bus ticket booking now and save time and money!\" \/>\n<meta name=\"robots\" content=\"index, follow, max-snippet:-1, max-image-preview:large, max-video-preview:-1\" \/>\n<link rel=\"canonical\" href=\"https:\/\/tiketi.com\/fr-fr\/kaylin-tours-buses\/\" \/>\n<meta property=\"og:locale\" content=\"fr_FR\" \/>\n<meta property=\"og:type\" content=\"article\" \/>\n<meta property=\"og:title\" content=\"Kaylin Tours Online Booking, Bus Tickets, Route, Schedule &amp; Fare\" \/>\n<meta property=\"og:description\" content=\"Looking for Kaylin Tours\u00a0online booking? Make a Kaylin Tours online bus ticket booking now and save time and money!\" \/>\n<meta property=\"og:url\" content=\"https:\/\/tiketi.com\/fr-fr\/kaylin-tours-buses\/\" \/>\n<meta property=\"og:site_name\" content=\"Tiketi.com\" \/>\n<meta property=\"article:publisher\" content=\"https:\/\/www.facebook.com\/TiketiCom\/\" \/>\n<meta property=\"article:modified_time\" content=\"2022-02-16T10:04:37+00:00\" \/>\n<meta property=\"og:image\" content=\"https:\/\/tiketi.com\/wp-content\/uploads\/2022\/01\/bus-ticket-online-booking.jpg\" \/>\n\t<meta property=\"og:image:width\" content=\"1200\" \/>\n\t<meta property=\"og:image:height\" content=\"206\" \/>\n\t<meta property=\"og:image:type\" content=\"image\/jpeg\" \/>\n<meta name=\"twitter:card\" content=\"summary_large_image\" \/>\n<meta name=\"twitter:label1\" content=\"Dur\u00e9e de lecture estim\u00e9e\" \/>\n\t<meta name=\"twitter:data1\" content=\"2 minutes\" \/>\n<script type=\"application\/ld+json\" class=\"yoast-schema-graph\">{\"@context\":\"https:\\\/\\\/schema.org\",\"@graph\":[{\"@type\":\"WebPage\",\"@id\":\"https:\\\/\\\/tiketi.com\\\/en-gb\\\/kaylin-tours-buses\\\/\",\"url\":\"https:\\\/\\\/tiketi.com\\\/en-gb\\\/kaylin-tours-buses\\\/\",\"name\":\"Kaylin Tours Online Booking, Bus Tickets, Route, Schedule & Fare\",\"isPartOf\":{\"@id\":\"https:\\\/\\\/tiketi.com\\\/#website\"},\"primaryImageOfPage\":{\"@id\":\"https:\\\/\\\/tiketi.com\\\/en-gb\\\/kaylin-tours-buses\\\/#primaryimage\"},\"image\":{\"@id\":\"https:\\\/\\\/tiketi.com\\\/en-gb\\\/kaylin-tours-buses\\\/#primaryimage\"},\"thumbnailUrl\":\"https:\\\/\\\/tiketi.com\\\/wp-content\\\/uploads\\\/2022\\\/01\\\/bus-ticket-online-booking.jpg\",\"datePublished\":\"2022-01-19T11:54:00+00:00\",\"dateModified\":\"2022-02-16T10:04:37+00:00\",\"description\":\"Looking for Kaylin Tours\u00a0online booking? Make a Kaylin Tours online bus ticket booking now and save time and money!\",\"breadcrumb\":{\"@id\":\"https:\\\/\\\/tiketi.com\\\/en-gb\\\/kaylin-tours-buses\\\/#breadcrumb\"},\"inLanguage\":\"fr-FR\",\"potentialAction\":[{\"@type\":\"ReadAction\",\"target\":[\"https:\\\/\\\/tiketi.com\\\/en-gb\\\/kaylin-tours-buses\\\/\"]}]},{\"@type\":\"ImageObject\",\"inLanguage\":\"fr-FR\",\"@id\":\"https:\\\/\\\/tiketi.com\\\/en-gb\\\/kaylin-tours-buses\\\/#primaryimage\",\"url\":\"https:\\\/\\\/tiketi.com\\\/wp-content\\\/uploads\\\/2022\\\/01\\\/bus-ticket-online-booking.jpg\",\"contentUrl\":\"https:\\\/\\\/tiketi.com\\\/wp-content\\\/uploads\\\/2022\\\/01\\\/bus-ticket-online-booking.jpg\",\"width\":1200,\"height\":206,\"caption\":\"Online Bus Ticket Booking\"},{\"@type\":\"BreadcrumbList\",\"@id\":\"https:\\\/\\\/tiketi.com\\\/en-gb\\\/kaylin-tours-buses\\\/#breadcrumb\",\"itemListElement\":[{\"@type\":\"ListItem\",\"position\":1,\"name\":\"Home\",\"item\":\"https:\\\/\\\/tiketi.com\\\/\"},{\"@type\":\"ListItem\",\"position\":2,\"name\":\"Kaylin Tours Online Booking, Bus Tickets, Route, Schedule &#038; Fare\"}]},{\"@type\":\"WebSite\",\"@id\":\"https:\\\/\\\/tiketi.com\\\/#website\",\"url\":\"https:\\\/\\\/tiketi.com\\\/\",\"name\":\"Flight & Bus Tickets, Tour Packages & Activitites - Tiketi.com\",\"description\":\"Flight &amp; Bus Tickets, Tours, Activitites\",\"publisher\":{\"@id\":\"https:\\\/\\\/tiketi.com\\\/#organization\"},\"potentialAction\":[{\"@type\":\"SearchAction\",\"target\":{\"@type\":\"EntryPoint\",\"urlTemplate\":\"https:\\\/\\\/tiketi.com\\\/?s={search_term_string}\"},\"query-input\":{\"@type\":\"PropertyValueSpecification\",\"valueRequired\":true,\"valueName\":\"search_term_string\"}}],\"inLanguage\":\"fr-FR\"},{\"@type\":\"Organization\",\"@id\":\"https:\\\/\\\/tiketi.com\\\/#organization\",\"name\":\"Tiketi.com\",\"alternateName\":\"Tiketi\",\"url\":\"https:\\\/\\\/tiketi.com\\\/\",\"logo\":{\"@type\":\"ImageObject\",\"inLanguage\":\"fr-FR\",\"@id\":\"https:\\\/\\\/tiketi.com\\\/#\\\/schema\\\/logo\\\/image\\\/\",\"url\":\"https:\\\/\\\/tiketi.com\\\/wp-content\\\/uploads\\\/2019\\\/05\\\/tiketi-logo-696.png\",\"contentUrl\":\"https:\\\/\\\/tiketi.com\\\/wp-content\\\/uploads\\\/2019\\\/05\\\/tiketi-logo-696.png\",\"width\":696,\"height\":696,\"caption\":\"Tiketi.com\"},\"image\":{\"@id\":\"https:\\\/\\\/tiketi.com\\\/#\\\/schema\\\/logo\\\/image\\\/\"},\"sameAs\":[\"https:\\\/\\\/www.facebook.com\\\/TiketiCom\\\/\"]}]}<\/script>\n<!-- \/ Yoast SEO plugin. -->","yoast_head_json":{"title":"Kaylin Tours R\u00e9servation en ligne, billets de bus, itin\u00e9raire, horaires et tarifs","description":"Vous recherchez une r\u00e9servation en ligne Kaylin Tours? Faites une r\u00e9servation de billet de bus en ligne Kaylin Tours maintenant et \u00e9conomisez du temps et de l&#039;argent !","robots":{"index":"index","follow":"follow","max-snippet":"max-snippet:-1","max-image-preview":"max-image-preview:large","max-video-preview":"max-video-preview:-1"},"canonical":"https:\/\/tiketi.com\/fr-fr\/kaylin-tours-buses\/","og_locale":"fr_FR","og_type":"article","og_title":"Kaylin Tours Online Booking, Bus Tickets, Route, Schedule & Fare","og_description":"Looking for Kaylin Tours\u00a0online booking? Make a Kaylin Tours online bus ticket booking now and save time and money!","og_url":"https:\/\/tiketi.com\/fr-fr\/kaylin-tours-buses\/","og_site_name":"Tiketi.com","article_publisher":"https:\/\/www.facebook.com\/TiketiCom\/","article_modified_time":"2022-02-16T10:04:37+00:00","og_image":[{"width":1200,"height":206,"url":"https:\/\/tiketi.com\/wp-content\/uploads\/2022\/01\/bus-ticket-online-booking.jpg","type":"image\/jpeg"}],"twitter_card":"summary_large_image","twitter_misc":{"Dur\u00e9e de lecture estim\u00e9e":"2 minutes"},"schema":{"@context":"https:\/\/schema.org","@graph":[{"@type":"WebPage","@id":"https:\/\/tiketi.com\/en-gb\/kaylin-tours-buses\/","url":"https:\/\/tiketi.com\/en-gb\/kaylin-tours-buses\/","name":"Kaylin Tours R\u00e9servation en ligne, billets de bus, itin\u00e9raire, horaires et tarifs","isPartOf":{"@id":"https:\/\/tiketi.com\/#website"},"primaryImageOfPage":{"@id":"https:\/\/tiketi.com\/en-gb\/kaylin-tours-buses\/#primaryimage"},"image":{"@id":"https:\/\/tiketi.com\/en-gb\/kaylin-tours-buses\/#primaryimage"},"thumbnailUrl":"https:\/\/tiketi.com\/wp-content\/uploads\/2022\/01\/bus-ticket-online-booking.jpg","datePublished":"2022-01-19T11:54:00+00:00","dateModified":"2022-02-16T10:04:37+00:00","description":"Vous recherchez une r\u00e9servation en ligne Kaylin Tours? Faites une r\u00e9servation de billet de bus en ligne Kaylin Tours maintenant et \u00e9conomisez du temps et de l&#039;argent !","breadcrumb":{"@id":"https:\/\/tiketi.com\/en-gb\/kaylin-tours-buses\/#breadcrumb"},"inLanguage":"fr-FR","potentialAction":[{"@type":"ReadAction","target":["https:\/\/tiketi.com\/en-gb\/kaylin-tours-buses\/"]}]},{"@type":"ImageObject","inLanguage":"fr-FR","@id":"https:\/\/tiketi.com\/en-gb\/kaylin-tours-buses\/#primaryimage","url":"https:\/\/tiketi.com\/wp-content\/uploads\/2022\/01\/bus-ticket-online-booking.jpg","contentUrl":"https:\/\/tiketi.com\/wp-content\/uploads\/2022\/01\/bus-ticket-online-booking.jpg","width":1200,"height":206,"caption":"Online Bus Ticket Booking"},{"@type":"BreadcrumbList","@id":"https:\/\/tiketi.com\/en-gb\/kaylin-tours-buses\/#breadcrumb","itemListElement":[{"@type":"ListItem","position":1,"name":"Home","item":"https:\/\/tiketi.com\/"},{"@type":"ListItem","position":2,"name":"Kaylin Tours Online Booking, Bus Tickets, Route, Schedule &#038; Fare"}]},{"@type":"WebSite","@id":"https:\/\/tiketi.com\/#website","url":"https:\/\/tiketi.com\/","name":"Billets d&#039;avion et de bus, forfaits touristiques et activit\u00e9s - Tiketi.com","description":"Billets d&#039;avion et de bus, Tours, Activit\u00e9s","publisher":{"@id":"https:\/\/tiketi.com\/#organization"},"potentialAction":[{"@type":"SearchAction","target":{"@type":"EntryPoint","urlTemplate":"https:\/\/tiketi.com\/?s={search_term_string}"},"query-input":{"@type":"PropertyValueSpecification","valueRequired":true,"valueName":"search_term_string"}}],"inLanguage":"fr-FR"},{"@type":"Organization","@id":"https:\/\/tiketi.com\/#organization","name":"Tiketi.com","alternateName":"Tiketi","url":"https:\/\/tiketi.com\/","logo":{"@type":"ImageObject","inLanguage":"fr-FR","@id":"https:\/\/tiketi.com\/#\/schema\/logo\/image\/","url":"https:\/\/tiketi.com\/wp-content\/uploads\/2019\/05\/tiketi-logo-696.png","contentUrl":"https:\/\/tiketi.com\/wp-content\/uploads\/2019\/05\/tiketi-logo-696.png","width":696,"height":696,"caption":"Tiketi.com"},"image":{"@id":"https:\/\/tiketi.com\/#\/schema\/logo\/image\/"},"sameAs":["https:\/\/www.facebook.com\/TiketiCom\/"]}]}},"_links":{"self":[{"href":"https:\/\/tiketi.com\/fr-fr\/wp-json\/wp\/v2\/pages\/10935","targetHints":{"allow":["GET"]}}],"collection":[{"href":"https:\/\/tiketi.com\/fr-fr\/wp-json\/wp\/v2\/pages"}],"about":[{"href":"https:\/\/tiketi.com\/fr-fr\/wp-json\/wp\/v2\/types\/page"}],"author":[{"embeddable":true,"href":"https:\/\/tiketi.com\/fr-fr\/wp-json\/wp\/v2\/users\/1"}],"replies":[{"embeddable":true,"href":"https:\/\/tiketi.com\/fr-fr\/wp-json\/wp\/v2\/comments?post=10935"}],"version-history":[{"count":0,"href":"https:\/\/tiketi.com\/fr-fr\/wp-json\/wp\/v2\/pages\/10935\/revisions"}],"wp:featuredmedia":[{"embeddable":true,"href":"https:\/\/tiketi.com\/fr-fr\/wp-json\/wp\/v2\/media\/13999"}],"wp:attachment":[{"href":"https:\/\/tiketi.com\/fr-fr\/wp-json\/wp\/v2\/media?parent=10935"}],"curies":[{"name":"wp","href":"https:\/\/api.w.org\/{rel}","templated":true}]}}