{"id":10936,"date":"2022-01-19T12:54:00","date_gmt":"2022-01-19T11:54:00","guid":{"rendered":"https:\/\/new.tiketi.com\/zemen-bus-online-booking-lagos-to-abuja-bus-tickets\/"},"modified":"2022-02-23T14:34:45","modified_gmt":"2022-02-23T13:34:45","slug":"zemen-buses","status":"publish","type":"page","link":"https:\/\/tiketi.com\/fr-fr\/zemen-buses\/","title":{"rendered":"R\u00e9servation en ligne de bus Zemen, billets de bus de Lagos \u00e0 Abuja"},"content":{"rendered":"<h2>R\u00e9servation de billets en ligne pour Zemen Bus pas cher<\/h2>\n<h3>D\u00e9couvrez votre itin\u00e9raire sur le web, le mobile ou l&#039;application et r\u00e9servez d\u00e8s maintenant en ligne des billets de bus Zemen pas chers.<\/h3>\n<p>La r\u00e9servation en ligne de Zemen Bus simplifi\u00e9e. Zemen bus est un fournisseur de services de transport de passagers bas\u00e9 \u00e0 Addis-Abeba en \u00c9thiopie, ils sont dans l&#039;industrie du transport depuis plus de huit ans depuis la cr\u00e9ation de l&#039;entreprise en septembre 2012. Il en va de m\u00eame pour la r\u00e9servation de billets en ligne de Zemen Bus maintenant !<\/p>\n<h2>R\u00e9servation en ligne de Zemen Bus, billets de bus, FAQ sur les itin\u00e9raires, les horaires et les tarifs<\/h2>\n<h3>Quels sont les trajets, les horaires et les tarifs des bus de Zemen ?<\/h3>\n<p>\u2022 Addis-Abeba \u00e0 Mekelle<br \/>\n\u2022 Addis-Abeba \u00e0 Hawassa<br \/>\n\u2022 Addis-Abeba \u00e0 Baher Dar<br \/>\n\u2022 Addis-Abeba \u00e0 Arba Minch<br \/>\n\u2022 Addis-Abeba \u00e0 Gondar<br \/>\n\u2022 Addis-Abeba \u00e0 Moyale<br \/>\n\u2022 Addis-Abeba \u00e0 Debre Zeyit<\/p>\n<h3>Ligne de service Zemen bus Ethiopie<\/h3>\n<p>L&#039;activit\u00e9 cl\u00e9 de l&#039;entreprise consiste \u00e0 fournir des services de transport interurbain de passagers \u00e0 toutes les grandes villes d&#039;\u00c9thiopie ainsi qu&#039;\u00e0 l&#039;ext\u00e9rieur du pays. Ils ont des d\u00e9parts le matin dans tous les endroits ainsi que des d\u00e9parts l&#039;apr\u00e8s-midi vers certains endroits.<\/p>\n<p>Zemen propose \u00e9galement des services de transport de colis vers tous les endroits o\u00f9 se rendaient leurs bus. Ils ont des prix \u00e9quitables qui peuvent \u00eatre abordables pour tout le monde.<\/p>\n<h3>Ligne de flotte de bus Zemen \u00c9thiopie<\/h3>\n<p>L&#039;entreprise dispose de nouveaux bus sp\u00e9ciaux et relaxants pour vous offrir un voyage en toute s\u00e9curit\u00e9 vers tous les endroits \u00e0 l&#039;int\u00e9rieur et \u00e0 l&#039;ext\u00e9rieur de l&#039;\u00c9thiopie. Tous leurs bus sont import\u00e9s de Zemen et la Chine semble favoriser le mod\u00e8le de bus Golden Dragon contrairement \u00e0 son rival qui poss\u00e8de de nombreuses unit\u00e9s de fabrication de bus Yutong.<\/p>\n<p>Lorsque vous choisissez de voyager avec le bus Zemen, vous b\u00e9n\u00e9ficierez des caract\u00e9ristiques et services suivants :<\/p>\n<p>\u2022 Services de climatisation<br \/>\n\u2022 2 x 2 fauteuils inclinables avec suffisamment d&#039;espace pour les jambes<br \/>\n\u2022 Services Wi-Fi gratuits<br \/>\n\u2022 Syst\u00e8me de recharge pour chaque passager<br \/>\n\u2022 T\u00e9l\u00e9viseur multiple mince pour le divertissement<br \/>\n\u2022 Nouveau syst\u00e8me audio pour la musique<\/p>\n<h3>Quelles sont les coordonn\u00e9es et les coordonn\u00e9es du bureau des bus Zemen\u00a0?<\/h3>\n<p>Addis-Abeba, \u00c9thiopie<\/p>\n<h2>Conseils de r\u00e9servation de billets en ligne Zemen Bus<\/h2>\n<p>Les bus Zemen offrent des services de transport quotidiens aux communaut\u00e9s en \u00c9thiopie et ils vont \u00e9galement au-del\u00e0 de leurs fronti\u00e8res au Kenya dans la ville de Moyale.<\/p>\n<p>Depuis sa cr\u00e9ation, Zemen bus fournit un service standard \u00e0 ses visiteurs et clients qui utilisent ses bus. C&#039;est l&#039;une des meilleures compagnies de bus en \u00c9thiopie.<\/p>","protected":false},"excerpt":{"rendered":"<p>Cheap Zemen Bus Online Ticket Booking Discover your travel route on web, mobile or app and book cheap Zemen bus tickets online now. Zemen Bus\u00a0online booking made easy.\u00a0Zemen bus is a passenger services transport provider based in Addis Ababa Ethiopia, they are in the transport industry for more than eight years since the firm has [&hellip;]<\/p>\n","protected":false},"author":1,"featured_media":13999,"parent":0,"menu_order":0,"comment_status":"open","ping_status":"closed","template":"template-home-modern.php","meta":{"footnotes":""},"class_list":["post-10936","page","type-page","status-publish","has-post-thumbnail","hentry"],"yoast_head":"<!-- This site is optimized with the Yoast SEO plugin v27.2 - https:\/\/yoast.com\/product\/yoast-seo-wordpress\/ -->\n<title>Zemen Bus Online Booking, Lagos to Abuja Bus Tickets<\/title>\n<meta name=\"description\" content=\"Looking for Zemen Bus\u00a0online booking, app, contacts, bus routes, fare and schedule? Make cheap Zemen Bus online ticket booking now\" \/>\n<meta name=\"robots\" content=\"index, follow, max-snippet:-1, max-image-preview:large, max-video-preview:-1\" \/>\n<link rel=\"canonical\" href=\"https:\/\/tiketi.com\/fr-fr\/zemen-buses\/\" \/>\n<meta property=\"og:locale\" content=\"fr_FR\" \/>\n<meta property=\"og:type\" content=\"article\" \/>\n<meta property=\"og:title\" content=\"Zemen Bus Online Booking, Lagos to Abuja Bus Tickets\" \/>\n<meta property=\"og:description\" content=\"Looking for Zemen Bus\u00a0online booking, app, contacts, bus routes, fare and schedule? Make cheap Zemen Bus online ticket booking now\" \/>\n<meta property=\"og:url\" content=\"https:\/\/tiketi.com\/fr-fr\/zemen-buses\/\" \/>\n<meta property=\"og:site_name\" content=\"Tiketi.com\" \/>\n<meta property=\"article:publisher\" content=\"https:\/\/www.facebook.com\/TiketiCom\/\" \/>\n<meta property=\"article:modified_time\" content=\"2022-02-23T13:34:45+00:00\" \/>\n<meta property=\"og:image\" content=\"https:\/\/tiketi.com\/wp-content\/uploads\/2022\/01\/bus-ticket-online-booking.jpg\" \/>\n\t<meta property=\"og:image:width\" content=\"1200\" \/>\n\t<meta property=\"og:image:height\" content=\"206\" \/>\n\t<meta property=\"og:image:type\" content=\"image\/jpeg\" \/>\n<meta name=\"twitter:card\" content=\"summary_large_image\" \/>\n<meta name=\"twitter:label1\" content=\"Dur\u00e9e de lecture estim\u00e9e\" \/>\n\t<meta name=\"twitter:data1\" content=\"2 minutes\" \/>\n<script type=\"application\/ld+json\" class=\"yoast-schema-graph\">{\"@context\":\"https:\/\/schema.org\",\"@graph\":[{\"@type\":\"WebPage\",\"@id\":\"https:\/\/tiketi.com\/zemen-buses\/\",\"url\":\"https:\/\/tiketi.com\/zemen-buses\/\",\"name\":\"Zemen Bus Online Booking, Lagos to Abuja Bus Tickets\",\"isPartOf\":{\"@id\":\"https:\/\/tiketi.com\/#website\"},\"primaryImageOfPage\":{\"@id\":\"https:\/\/tiketi.com\/zemen-buses\/#primaryimage\"},\"image\":{\"@id\":\"https:\/\/tiketi.com\/zemen-buses\/#primaryimage\"},\"thumbnailUrl\":\"https:\/\/tiketi.com\/wp-content\/uploads\/2022\/01\/bus-ticket-online-booking.jpg\",\"datePublished\":\"2022-01-19T11:54:00+00:00\",\"dateModified\":\"2022-02-23T13:34:45+00:00\",\"description\":\"Looking for Zemen Bus\u00a0online booking, app, contacts, bus routes, fare and schedule? Make cheap Zemen Bus online ticket booking now\",\"breadcrumb\":{\"@id\":\"https:\/\/tiketi.com\/zemen-buses\/#breadcrumb\"},\"inLanguage\":\"fr-FR\",\"potentialAction\":[{\"@type\":\"ReadAction\",\"target\":[\"https:\/\/tiketi.com\/zemen-buses\/\"]}]},{\"@type\":\"ImageObject\",\"inLanguage\":\"fr-FR\",\"@id\":\"https:\/\/tiketi.com\/zemen-buses\/#primaryimage\",\"url\":\"https:\/\/tiketi.com\/wp-content\/uploads\/2022\/01\/bus-ticket-online-booking.jpg\",\"contentUrl\":\"https:\/\/tiketi.com\/wp-content\/uploads\/2022\/01\/bus-ticket-online-booking.jpg\",\"width\":1200,\"height\":206,\"caption\":\"Online Bus Ticket Booking\"},{\"@type\":\"BreadcrumbList\",\"@id\":\"https:\/\/tiketi.com\/zemen-buses\/#breadcrumb\",\"itemListElement\":[{\"@type\":\"ListItem\",\"position\":1,\"name\":\"Home\",\"item\":\"https:\/\/tiketi.com\/\"},{\"@type\":\"ListItem\",\"position\":2,\"name\":\"Zemen Bus Online Booking, Lagos to Abuja Bus Tickets\"}]},{\"@type\":\"WebSite\",\"@id\":\"https:\/\/tiketi.com\/#website\",\"url\":\"https:\/\/tiketi.com\/\",\"name\":\"Flight & Bus Tickets, Tour Packages & Activitites - Tiketi.com\",\"description\":\"Flight &amp; Bus Tickets, Tours, Activitites\",\"publisher\":{\"@id\":\"https:\/\/tiketi.com\/#organization\"},\"potentialAction\":[{\"@type\":\"SearchAction\",\"target\":{\"@type\":\"EntryPoint\",\"urlTemplate\":\"https:\/\/tiketi.com\/?s={search_term_string}\"},\"query-input\":{\"@type\":\"PropertyValueSpecification\",\"valueRequired\":true,\"valueName\":\"search_term_string\"}}],\"inLanguage\":\"fr-FR\"},{\"@type\":\"Organization\",\"@id\":\"https:\/\/tiketi.com\/#organization\",\"name\":\"Tiketi.com\",\"alternateName\":\"Tiketi\",\"url\":\"https:\/\/tiketi.com\/\",\"logo\":{\"@type\":\"ImageObject\",\"inLanguage\":\"fr-FR\",\"@id\":\"https:\/\/tiketi.com\/#\/schema\/logo\/image\/\",\"url\":\"https:\/\/tiketi.com\/wp-content\/uploads\/2019\/05\/tiketi-logo-696.png\",\"contentUrl\":\"https:\/\/tiketi.com\/wp-content\/uploads\/2019\/05\/tiketi-logo-696.png\",\"width\":696,\"height\":696,\"caption\":\"Tiketi.com\"},\"image\":{\"@id\":\"https:\/\/tiketi.com\/#\/schema\/logo\/image\/\"},\"sameAs\":[\"https:\/\/www.facebook.com\/TiketiCom\/\"]}]}<\/script>\n<!-- \/ Yoast SEO plugin. -->","yoast_head_json":{"title":"R\u00e9servation en ligne de bus Zemen, billets de bus de Lagos \u00e0 Abuja","description":"Vous recherchez une r\u00e9servation en ligne Zemen Bus, une application, des contacts, des itin\u00e9raires de bus, des tarifs et des horaires? R\u00e9servez vos billets en ligne Zemen Bus \u00e0 bas prix d\u00e8s maintenant","robots":{"index":"index","follow":"follow","max-snippet":"max-snippet:-1","max-image-preview":"max-image-preview:large","max-video-preview":"max-video-preview:-1"},"canonical":"https:\/\/tiketi.com\/fr-fr\/zemen-buses\/","og_locale":"fr_FR","og_type":"article","og_title":"Zemen Bus Online Booking, Lagos to Abuja Bus Tickets","og_description":"Looking for Zemen Bus\u00a0online booking, app, contacts, bus routes, fare and schedule? Make cheap Zemen Bus online ticket booking now","og_url":"https:\/\/tiketi.com\/fr-fr\/zemen-buses\/","og_site_name":"Tiketi.com","article_publisher":"https:\/\/www.facebook.com\/TiketiCom\/","article_modified_time":"2022-02-23T13:34:45+00:00","og_image":[{"width":1200,"height":206,"url":"https:\/\/tiketi.com\/wp-content\/uploads\/2022\/01\/bus-ticket-online-booking.jpg","type":"image\/jpeg"}],"twitter_card":"summary_large_image","twitter_misc":{"Dur\u00e9e de lecture estim\u00e9e":"2 minutes"},"schema":{"@context":"https:\/\/schema.org","@graph":[{"@type":"WebPage","@id":"https:\/\/tiketi.com\/zemen-buses\/","url":"https:\/\/tiketi.com\/zemen-buses\/","name":"R\u00e9servation en ligne de bus Zemen, billets de bus de Lagos \u00e0 Abuja","isPartOf":{"@id":"https:\/\/tiketi.com\/#website"},"primaryImageOfPage":{"@id":"https:\/\/tiketi.com\/zemen-buses\/#primaryimage"},"image":{"@id":"https:\/\/tiketi.com\/zemen-buses\/#primaryimage"},"thumbnailUrl":"https:\/\/tiketi.com\/wp-content\/uploads\/2022\/01\/bus-ticket-online-booking.jpg","datePublished":"2022-01-19T11:54:00+00:00","dateModified":"2022-02-23T13:34:45+00:00","description":"Vous recherchez une r\u00e9servation en ligne Zemen Bus, une application, des contacts, des itin\u00e9raires de bus, des tarifs et des horaires? R\u00e9servez vos billets en ligne Zemen Bus \u00e0 bas prix d\u00e8s maintenant","breadcrumb":{"@id":"https:\/\/tiketi.com\/zemen-buses\/#breadcrumb"},"inLanguage":"fr-FR","potentialAction":[{"@type":"ReadAction","target":["https:\/\/tiketi.com\/zemen-buses\/"]}]},{"@type":"ImageObject","inLanguage":"fr-FR","@id":"https:\/\/tiketi.com\/zemen-buses\/#primaryimage","url":"https:\/\/tiketi.com\/wp-content\/uploads\/2022\/01\/bus-ticket-online-booking.jpg","contentUrl":"https:\/\/tiketi.com\/wp-content\/uploads\/2022\/01\/bus-ticket-online-booking.jpg","width":1200,"height":206,"caption":"Online Bus Ticket Booking"},{"@type":"BreadcrumbList","@id":"https:\/\/tiketi.com\/zemen-buses\/#breadcrumb","itemListElement":[{"@type":"ListItem","position":1,"name":"Home","item":"https:\/\/tiketi.com\/"},{"@type":"ListItem","position":2,"name":"Zemen Bus Online Booking, Lagos to Abuja Bus Tickets"}]},{"@type":"WebSite","@id":"https:\/\/tiketi.com\/#website","url":"https:\/\/tiketi.com\/","name":"Billets d&#039;avion et de bus, forfaits touristiques et activit\u00e9s - Tiketi.com","description":"Billets d&#039;avion et de bus, Tours, Activit\u00e9s","publisher":{"@id":"https:\/\/tiketi.com\/#organization"},"potentialAction":[{"@type":"SearchAction","target":{"@type":"EntryPoint","urlTemplate":"https:\/\/tiketi.com\/?s={search_term_string}"},"query-input":{"@type":"PropertyValueSpecification","valueRequired":true,"valueName":"search_term_string"}}],"inLanguage":"fr-FR"},{"@type":"Organization","@id":"https:\/\/tiketi.com\/#organization","name":"Tiketi.com","alternateName":"Tiketi","url":"https:\/\/tiketi.com\/","logo":{"@type":"ImageObject","inLanguage":"fr-FR","@id":"https:\/\/tiketi.com\/#\/schema\/logo\/image\/","url":"https:\/\/tiketi.com\/wp-content\/uploads\/2019\/05\/tiketi-logo-696.png","contentUrl":"https:\/\/tiketi.com\/wp-content\/uploads\/2019\/05\/tiketi-logo-696.png","width":696,"height":696,"caption":"Tiketi.com"},"image":{"@id":"https:\/\/tiketi.com\/#\/schema\/logo\/image\/"},"sameAs":["https:\/\/www.facebook.com\/TiketiCom\/"]}]}},"_links":{"self":[{"href":"https:\/\/tiketi.com\/fr-fr\/wp-json\/wp\/v2\/pages\/10936","targetHints":{"allow":["GET"]}}],"collection":[{"href":"https:\/\/tiketi.com\/fr-fr\/wp-json\/wp\/v2\/pages"}],"about":[{"href":"https:\/\/tiketi.com\/fr-fr\/wp-json\/wp\/v2\/types\/page"}],"author":[{"embeddable":true,"href":"https:\/\/tiketi.com\/fr-fr\/wp-json\/wp\/v2\/users\/1"}],"replies":[{"embeddable":true,"href":"https:\/\/tiketi.com\/fr-fr\/wp-json\/wp\/v2\/comments?post=10936"}],"version-history":[{"count":0,"href":"https:\/\/tiketi.com\/fr-fr\/wp-json\/wp\/v2\/pages\/10936\/revisions"}],"wp:featuredmedia":[{"embeddable":true,"href":"https:\/\/tiketi.com\/fr-fr\/wp-json\/wp\/v2\/media\/13999"}],"wp:attachment":[{"href":"https:\/\/tiketi.com\/fr-fr\/wp-json\/wp\/v2\/media?parent=10936"}],"curies":[{"name":"wp","href":"https:\/\/api.w.org\/{rel}","templated":true}]}}