{"id":10937,"date":"2022-01-19T12:54:00","date_gmt":"2022-01-19T11:54:00","guid":{"rendered":"https:\/\/new.tiketi.com\/young-shall-grow-transport-lagos-to-abuja-ibadan-kano\/"},"modified":"2022-02-23T13:10:07","modified_gmt":"2022-02-23T12:10:07","slug":"young-shall-grow-transport-buses","status":"publish","type":"page","link":"https:\/\/tiketi.com\/fr-fr\/young-shall-grow-transport-buses\/","title":{"rendered":"Young Shall Grow Transport de Lagos \u00e0 Abuja, Ibadan, Kano"},"content":{"rendered":"<h2>Billets de bus pas chers Young Shall Grow Transport Lagos \u00e0 Abuja, Ibadan, Kano<\/h2>\n<h3>D\u00e9couvrez votre itin\u00e9raire de voyage sur le web, le mobile ou l&#039;application et r\u00e9servez en ligne maintenant des billets de bus pas chers de Young Shall Grow Motors Lagos vers Abuja, Ibadan, Kano.<\/h3>\n<p>Young Shall Grow Transport de Lagos \u00e0 Abuja, Ibadan, Kano en toute simplicit\u00e9. The Young Shall grow motors est une entreprise de transport au Nigeria, la soci\u00e9t\u00e9 Young shall grow a commenc\u00e9 \u00e0 fonctionner en 1972, puis a \u00e9tendu son service \u00e0 toutes les villes du Nigeria. Actuellement, les moteurs Young Shall Grow ont \u00e9tendu leurs services \u00e0 d&#039;autres pays africains. Alors achetez des billets de bus de Lagos \u00e0 Abuja, Ibadan, Kano Young Shall Grow Transport maintenant!<\/p>\n<h2>FAQ sur la r\u00e9servation en ligne de Young Shall Grow Motors<\/h2>\n<h3>Quels sont les trajets de bus, les horaires et les tarifs de Young Shall Grow Motors ?<\/h3>\n<p><strong>De Utako, Abuja \u00e0\u00a0:<\/strong><\/p>\n<p>Jibowu, Lagos - 6 300,00 N<br \/>\nPort-Harcourt, Rivi\u00e8res - N4,500.00<br \/>\nOwerri, Imo - N4,500.00<br \/>\nAmichi, Akwa-Ibom - 5 000,00 N<\/p>\n<p><strong>De Jibowu, Lagos \u00e0\u00a0:<\/strong><\/p>\n<p>Nanya, Abuja - N6,300.00<br \/>\nPort-Harcourt, Rivers- N4,500.00<br \/>\nOwerri, Imo - N4,500.00<br \/>\nAmichi, Akwa-Ibom - 5 000,00 N<br \/>\nEnugu, Enugu - N4,500.00<br \/>\nOsha, Ebonyi - N4,500.00<\/p>\n<p><strong>De Rivers, Port-Harcourt \u00e0 :<\/strong><\/p>\n<p>Nanya, Abuja - N4,950.00<br \/>\nJibowu, Lagos - 4 500,00 N<br \/>\nOwerri, Imo \u2013 N4 000,00<\/p>\n<p>Ces listes de prix peuvent \u00eatre sujettes \u00e0 des modifications \u00e0 tout moment en fonction des circonstances pr\u00e9valant dans l&#039;industrie.<\/p>\n<h3>Quelles sont les coordonn\u00e9es et les coordonn\u00e9es du bureau des bus Young Shall Grow Motors\u00a0?<\/h3>\n<p>Young Shall Grow Motors Limit\u00e9e<\/p>\n<p>Anambra (Onitsha T1 EA\/ONT)<br \/>\nLieu : Onitsha, Anambra<\/p>\n<p>Abia (Ohafia T3 EA\/OHA)<br \/>\nLieu: Ohafia, Abia<\/p>\n<p>Abia (Aba T1 EA\/ABA)<br \/>\nLieu: Aba, Abia<\/p>\n<p>Abia (Umuahia T2 EA\/UMU)<br \/>\nLieu: Umuahia, Abia<\/p>\n<p>Abuja (T1 NON\/ABJ)<br \/>\nLieu : Abuja<\/p>\n<p>Abuja (Kubwa T2 NO\/ABJ)<br \/>\nLieu: Kubwa, Abuja<\/p>\n<p>Adamaoua (Yola T1 NO\/YOL)<br \/>\nLieu: Yola, Adamaoua<\/p>\n<h2>Lagos \u00e0 Abuja, Ibadan, Kano Young d\u00e9veloppera des conseils de transport<\/h2>\n<p>Leurs chauffeurs sont professionnellement bien inform\u00e9s, form\u00e9s et suffisamment habilit\u00e9s. Chez Young Shall Grow Motors, ils s&#039;engagent \u00e0 offrir un service standard. Leur personnel amical fournira une attention individuelle compl\u00e8te \u00e0 tous vos besoins de transport.<\/p>\n<h3>Les services de messagerie de Young Shall Grow Motors<\/h3>\n<p>Outre le transport de passagers, il propose \u00e9galement des services de messagerie. Si vous souhaitez utiliser leurs services de messagerie, vous pouvez choisir d&#039;utiliser l&#039;un des moyens suivants\u00a0:<\/p>","protected":false},"excerpt":{"rendered":"<p>Cheap Bus Tickets Young Shall Grow Transport Lagos to Abuja, Ibadan, Kano Discover your travel route on web, mobile or app and book cheap Young Shall Grow Motors Lagos to Abuja, Ibadan, Kano bus tickets online now. Young Shall Grow Transport Lagos to Abuja, Ibadan, Kano made easy. The Young Shall grow motors is a [&hellip;]<\/p>\n","protected":false},"author":1,"featured_media":13999,"parent":0,"menu_order":0,"comment_status":"open","ping_status":"closed","template":"template-home-modern.php","meta":{"footnotes":""},"class_list":["post-10937","page","type-page","status-publish","has-post-thumbnail","hentry"],"yoast_head":"<!-- This site is optimized with the Yoast SEO plugin v27.3 - https:\/\/yoast.com\/product\/yoast-seo-wordpress\/ -->\n<title>Young Shall Grow Transport Lagos to Abuja, Ibadan, Kano<\/title>\n<meta name=\"description\" content=\"Looking for Young Young Shall Grow Transport Lagos to Abuja, Ibadan, Kano Tickets? Make cheap Young Shall Grow Motors online ticket booking now\" \/>\n<meta name=\"robots\" content=\"index, follow, max-snippet:-1, max-image-preview:large, max-video-preview:-1\" \/>\n<link rel=\"canonical\" href=\"https:\/\/tiketi.com\/fr-fr\/young-shall-grow-transport-buses\/\" \/>\n<meta property=\"og:locale\" content=\"fr_FR\" \/>\n<meta property=\"og:type\" content=\"article\" \/>\n<meta property=\"og:title\" content=\"Young Shall Grow Transport Lagos to Abuja, Ibadan, Kano\" \/>\n<meta property=\"og:description\" content=\"Looking for Young Young Shall Grow Transport Lagos to Abuja, Ibadan, Kano Tickets? Make cheap Young Shall Grow Motors online ticket booking now\" \/>\n<meta property=\"og:url\" content=\"https:\/\/tiketi.com\/fr-fr\/young-shall-grow-transport-buses\/\" \/>\n<meta property=\"og:site_name\" content=\"Tiketi.com\" \/>\n<meta property=\"article:publisher\" content=\"https:\/\/www.facebook.com\/TiketiCom\/\" \/>\n<meta property=\"article:modified_time\" content=\"2022-02-23T12:10:07+00:00\" \/>\n<meta property=\"og:image\" content=\"https:\/\/tiketi.com\/wp-content\/uploads\/2022\/01\/bus-ticket-online-booking.jpg\" \/>\n\t<meta property=\"og:image:width\" content=\"1200\" \/>\n\t<meta property=\"og:image:height\" content=\"206\" \/>\n\t<meta property=\"og:image:type\" content=\"image\/jpeg\" \/>\n<meta name=\"twitter:card\" content=\"summary_large_image\" \/>\n<meta name=\"twitter:label1\" content=\"Dur\u00e9e de lecture estim\u00e9e\" \/>\n\t<meta name=\"twitter:data1\" content=\"2 minutes\" \/>\n<script type=\"application\/ld+json\" class=\"yoast-schema-graph\">{\"@context\":\"https:\\\/\\\/schema.org\",\"@graph\":[{\"@type\":\"WebPage\",\"@id\":\"https:\\\/\\\/tiketi.com\\\/young-shall-grow-transport-buses\\\/\",\"url\":\"https:\\\/\\\/tiketi.com\\\/young-shall-grow-transport-buses\\\/\",\"name\":\"Young Shall Grow Transport Lagos to Abuja, Ibadan, Kano\",\"isPartOf\":{\"@id\":\"https:\\\/\\\/tiketi.com\\\/#website\"},\"primaryImageOfPage\":{\"@id\":\"https:\\\/\\\/tiketi.com\\\/young-shall-grow-transport-buses\\\/#primaryimage\"},\"image\":{\"@id\":\"https:\\\/\\\/tiketi.com\\\/young-shall-grow-transport-buses\\\/#primaryimage\"},\"thumbnailUrl\":\"https:\\\/\\\/tiketi.com\\\/wp-content\\\/uploads\\\/2022\\\/01\\\/bus-ticket-online-booking.jpg\",\"datePublished\":\"2022-01-19T11:54:00+00:00\",\"dateModified\":\"2022-02-23T12:10:07+00:00\",\"description\":\"Looking for Young Young Shall Grow Transport Lagos to Abuja, Ibadan, Kano Tickets? Make cheap Young Shall Grow Motors online ticket booking now\",\"breadcrumb\":{\"@id\":\"https:\\\/\\\/tiketi.com\\\/young-shall-grow-transport-buses\\\/#breadcrumb\"},\"inLanguage\":\"fr-FR\",\"potentialAction\":[{\"@type\":\"ReadAction\",\"target\":[\"https:\\\/\\\/tiketi.com\\\/young-shall-grow-transport-buses\\\/\"]}]},{\"@type\":\"ImageObject\",\"inLanguage\":\"fr-FR\",\"@id\":\"https:\\\/\\\/tiketi.com\\\/young-shall-grow-transport-buses\\\/#primaryimage\",\"url\":\"https:\\\/\\\/tiketi.com\\\/wp-content\\\/uploads\\\/2022\\\/01\\\/bus-ticket-online-booking.jpg\",\"contentUrl\":\"https:\\\/\\\/tiketi.com\\\/wp-content\\\/uploads\\\/2022\\\/01\\\/bus-ticket-online-booking.jpg\",\"width\":1200,\"height\":206,\"caption\":\"Online Bus Ticket Booking\"},{\"@type\":\"BreadcrumbList\",\"@id\":\"https:\\\/\\\/tiketi.com\\\/young-shall-grow-transport-buses\\\/#breadcrumb\",\"itemListElement\":[{\"@type\":\"ListItem\",\"position\":1,\"name\":\"Home\",\"item\":\"https:\\\/\\\/tiketi.com\\\/\"},{\"@type\":\"ListItem\",\"position\":2,\"name\":\"Young Shall Grow Transport Lagos to Abuja, Ibadan, Kano\"}]},{\"@type\":\"WebSite\",\"@id\":\"https:\\\/\\\/tiketi.com\\\/#website\",\"url\":\"https:\\\/\\\/tiketi.com\\\/\",\"name\":\"Flight & Bus Tickets, Tour Packages & Activitites - Tiketi.com\",\"description\":\"Flight &amp; Bus Tickets, Tours, Activitites\",\"publisher\":{\"@id\":\"https:\\\/\\\/tiketi.com\\\/#organization\"},\"potentialAction\":[{\"@type\":\"SearchAction\",\"target\":{\"@type\":\"EntryPoint\",\"urlTemplate\":\"https:\\\/\\\/tiketi.com\\\/?s={search_term_string}\"},\"query-input\":{\"@type\":\"PropertyValueSpecification\",\"valueRequired\":true,\"valueName\":\"search_term_string\"}}],\"inLanguage\":\"fr-FR\"},{\"@type\":\"Organization\",\"@id\":\"https:\\\/\\\/tiketi.com\\\/#organization\",\"name\":\"Tiketi.com\",\"alternateName\":\"Tiketi\",\"url\":\"https:\\\/\\\/tiketi.com\\\/\",\"logo\":{\"@type\":\"ImageObject\",\"inLanguage\":\"fr-FR\",\"@id\":\"https:\\\/\\\/tiketi.com\\\/#\\\/schema\\\/logo\\\/image\\\/\",\"url\":\"https:\\\/\\\/tiketi.com\\\/wp-content\\\/uploads\\\/2019\\\/05\\\/tiketi-logo-696.png\",\"contentUrl\":\"https:\\\/\\\/tiketi.com\\\/wp-content\\\/uploads\\\/2019\\\/05\\\/tiketi-logo-696.png\",\"width\":696,\"height\":696,\"caption\":\"Tiketi.com\"},\"image\":{\"@id\":\"https:\\\/\\\/tiketi.com\\\/#\\\/schema\\\/logo\\\/image\\\/\"},\"sameAs\":[\"https:\\\/\\\/www.facebook.com\\\/TiketiCom\\\/\"]}]}<\/script>\n<!-- \/ Yoast SEO plugin. -->","yoast_head_json":{"title":"Young Shall Grow Transport de Lagos \u00e0 Abuja, Ibadan, Kano","description":"Vous cherchez des billets Young Young Shall Grow Transport Lagos \u00e0 Abuja, Ibadan, Kano ? Faites une r\u00e9servation de billets en ligne pas cher pour Young Shall Grow Motors maintenant","robots":{"index":"index","follow":"follow","max-snippet":"max-snippet:-1","max-image-preview":"max-image-preview:large","max-video-preview":"max-video-preview:-1"},"canonical":"https:\/\/tiketi.com\/fr-fr\/young-shall-grow-transport-buses\/","og_locale":"fr_FR","og_type":"article","og_title":"Young Shall Grow Transport Lagos to Abuja, Ibadan, Kano","og_description":"Looking for Young Young Shall Grow Transport Lagos to Abuja, Ibadan, Kano Tickets? Make cheap Young Shall Grow Motors online ticket booking now","og_url":"https:\/\/tiketi.com\/fr-fr\/young-shall-grow-transport-buses\/","og_site_name":"Tiketi.com","article_publisher":"https:\/\/www.facebook.com\/TiketiCom\/","article_modified_time":"2022-02-23T12:10:07+00:00","og_image":[{"width":1200,"height":206,"url":"https:\/\/tiketi.com\/wp-content\/uploads\/2022\/01\/bus-ticket-online-booking.jpg","type":"image\/jpeg"}],"twitter_card":"summary_large_image","twitter_misc":{"Dur\u00e9e de lecture estim\u00e9e":"2 minutes"},"schema":{"@context":"https:\/\/schema.org","@graph":[{"@type":"WebPage","@id":"https:\/\/tiketi.com\/young-shall-grow-transport-buses\/","url":"https:\/\/tiketi.com\/young-shall-grow-transport-buses\/","name":"Young Shall Grow Transport de Lagos \u00e0 Abuja, Ibadan, Kano","isPartOf":{"@id":"https:\/\/tiketi.com\/#website"},"primaryImageOfPage":{"@id":"https:\/\/tiketi.com\/young-shall-grow-transport-buses\/#primaryimage"},"image":{"@id":"https:\/\/tiketi.com\/young-shall-grow-transport-buses\/#primaryimage"},"thumbnailUrl":"https:\/\/tiketi.com\/wp-content\/uploads\/2022\/01\/bus-ticket-online-booking.jpg","datePublished":"2022-01-19T11:54:00+00:00","dateModified":"2022-02-23T12:10:07+00:00","description":"Vous cherchez des billets Young Young Shall Grow Transport Lagos \u00e0 Abuja, Ibadan, Kano ? Faites une r\u00e9servation de billets en ligne pas cher pour Young Shall Grow Motors maintenant","breadcrumb":{"@id":"https:\/\/tiketi.com\/young-shall-grow-transport-buses\/#breadcrumb"},"inLanguage":"fr-FR","potentialAction":[{"@type":"ReadAction","target":["https:\/\/tiketi.com\/young-shall-grow-transport-buses\/"]}]},{"@type":"ImageObject","inLanguage":"fr-FR","@id":"https:\/\/tiketi.com\/young-shall-grow-transport-buses\/#primaryimage","url":"https:\/\/tiketi.com\/wp-content\/uploads\/2022\/01\/bus-ticket-online-booking.jpg","contentUrl":"https:\/\/tiketi.com\/wp-content\/uploads\/2022\/01\/bus-ticket-online-booking.jpg","width":1200,"height":206,"caption":"Online Bus Ticket Booking"},{"@type":"BreadcrumbList","@id":"https:\/\/tiketi.com\/young-shall-grow-transport-buses\/#breadcrumb","itemListElement":[{"@type":"ListItem","position":1,"name":"Home","item":"https:\/\/tiketi.com\/"},{"@type":"ListItem","position":2,"name":"Young Shall Grow Transport Lagos to Abuja, Ibadan, Kano"}]},{"@type":"WebSite","@id":"https:\/\/tiketi.com\/#website","url":"https:\/\/tiketi.com\/","name":"Billets d&#039;avion et de bus, forfaits touristiques et activit\u00e9s - Tiketi.com","description":"Billets d&#039;avion et de bus, Tours, Activit\u00e9s","publisher":{"@id":"https:\/\/tiketi.com\/#organization"},"potentialAction":[{"@type":"SearchAction","target":{"@type":"EntryPoint","urlTemplate":"https:\/\/tiketi.com\/?s={search_term_string}"},"query-input":{"@type":"PropertyValueSpecification","valueRequired":true,"valueName":"search_term_string"}}],"inLanguage":"fr-FR"},{"@type":"Organization","@id":"https:\/\/tiketi.com\/#organization","name":"Tiketi.com","alternateName":"Tiketi","url":"https:\/\/tiketi.com\/","logo":{"@type":"ImageObject","inLanguage":"fr-FR","@id":"https:\/\/tiketi.com\/#\/schema\/logo\/image\/","url":"https:\/\/tiketi.com\/wp-content\/uploads\/2019\/05\/tiketi-logo-696.png","contentUrl":"https:\/\/tiketi.com\/wp-content\/uploads\/2019\/05\/tiketi-logo-696.png","width":696,"height":696,"caption":"Tiketi.com"},"image":{"@id":"https:\/\/tiketi.com\/#\/schema\/logo\/image\/"},"sameAs":["https:\/\/www.facebook.com\/TiketiCom\/"]}]}},"_links":{"self":[{"href":"https:\/\/tiketi.com\/fr-fr\/wp-json\/wp\/v2\/pages\/10937","targetHints":{"allow":["GET"]}}],"collection":[{"href":"https:\/\/tiketi.com\/fr-fr\/wp-json\/wp\/v2\/pages"}],"about":[{"href":"https:\/\/tiketi.com\/fr-fr\/wp-json\/wp\/v2\/types\/page"}],"author":[{"embeddable":true,"href":"https:\/\/tiketi.com\/fr-fr\/wp-json\/wp\/v2\/users\/1"}],"replies":[{"embeddable":true,"href":"https:\/\/tiketi.com\/fr-fr\/wp-json\/wp\/v2\/comments?post=10937"}],"version-history":[{"count":0,"href":"https:\/\/tiketi.com\/fr-fr\/wp-json\/wp\/v2\/pages\/10937\/revisions"}],"wp:featuredmedia":[{"embeddable":true,"href":"https:\/\/tiketi.com\/fr-fr\/wp-json\/wp\/v2\/media\/13999"}],"wp:attachment":[{"href":"https:\/\/tiketi.com\/fr-fr\/wp-json\/wp\/v2\/media?parent=10937"}],"curies":[{"name":"wp","href":"https:\/\/api.w.org\/{rel}","templated":true}]}}