{"id":10939,"date":"2022-01-19T12:54:00","date_gmt":"2022-01-19T11:54:00","guid":{"rendered":"https:\/\/new.tiketi.com\/trip-trans-bus-online-booking-bus-tickets-reservation\/"},"modified":"2022-02-23T12:09:47","modified_gmt":"2022-02-23T11:09:47","slug":"trip-trans-buses","status":"publish","type":"page","link":"https:\/\/tiketi.com\/fr-fr\/trip-trans-buses\/","title":{"rendered":"Trip Trans Bus R\u00e9servation en ligne, billets de bus, itin\u00e9raire, horaires et tarifs"},"content":{"rendered":"<h2>Trip Trans Bus R\u00e9servation de billets en ligne Zimbabwe<\/h2>\n<h3>D\u00e9couvrez votre itin\u00e9raire de voyage sur le web, le mobile ou l&#039;application et r\u00e9servez d\u00e8s maintenant des billets de bus Trip Trans pas chers en ligne.<\/h3>\n<p>Trip Trans Bus r\u00e9servation en ligne facile. Trip trans est une entreprise de bus qui propose des services r\u00e9guliers quotidiens de Harare vers d&#039;autres villes du Zimbabwe et propose \u00e9galement des services transfrontaliers vers la Zambie et le Malawi respectivement. Alors faites la r\u00e9servation de billets en ligne Trip Trans Bus maintenant!<\/p>\n<h2>FAQ sur la r\u00e9servation en ligne de Trip Trans Bus<\/h2>\n<h3>Quels sont les trajets, les horaires et les tarifs des bus Trip Trans ?<\/h3>\n<p>\u2022 Harare \u00e0 Lusaka<br \/>\n\u2022 Harare \u00e0 Mutatre \u00e0 Chimoio \u00e0 Beira<br \/>\n\u2022 Harare \u00e0 Chimanimani<br \/>\n\u2022 Mutoko \u00e0 Harare<br \/>\n\u2022 Harare \u00e0 Gweru \u00e0 Bulawayo \u00e0 Gwanda<br \/>\n\u2022 Harare \u00e0 Chimanimani<br \/>\n\u2022 Harare \u00e0 Lusaka<br \/>\n\u2022 Bulawayo \u00e0 Masvingo \u00e0 Mutare<br \/>\n\u2022 Harare \u00e0 la vall\u00e9e de la Birmanie<br \/>\n\u2022 Harare \u00e0 Ruwange<br \/>\n\u2022 Lusaka \u00e0 Bulawayo<br \/>\n\u2022 Mutoko \u00e0 Harare<br \/>\n\u2022 Harare \u00e0 Mutoko \u00e0 Nyamapanda<br \/>\n\u2022 Nyanga \u00e0 Harare<br \/>\n\u2022 Harare \u00e0 Blantyre<\/p>\n<h3>Trip flotte de bus trans<\/h3>\n<p>Cette entreprise de bus n&#039;a pas un seul type de mod\u00e8le de bus, elle poss\u00e8de une combinaison de flotte de nombreux fabricants chinois. Ils ont Zhongtong tous les mod\u00e8les, Higher bus et Yutong tous les mod\u00e8les respectivement pour l&#039;\u00e9dition africaine.<br \/>\nLeurs bus sont intelligents et disposent de si\u00e8ges inclinables pour que vous puissiez profiter d&#039;un voyage relaxant chaque fois que vous voyagez avec eux. Une zone suffisante pour les jambes vous permettra de voyager intelligemment avec eux, tout en profitant des services de t\u00e9l\u00e9vision.<\/p>\n<p>N&#039;oubliez pas leurs bus \u00e9galement \u00e9quip\u00e9s d&#039;un nouveau syst\u00e8me de sonorisation pour vous offrir de la musique fra\u00eeche pour profiter de la longue tourn\u00e9e.<\/p>\n<h3>Quelles sont les coordonn\u00e9es et les coordonn\u00e9es du bureau des bus Trip Trans\u00a0?<\/h3>\n<p>Trip trans bus bureau et contacts<br \/>\nHarare, Zimbabw\u00e9<\/p>\n<h2>Trip Trans Bus Conseils de r\u00e9servation de billets en ligne<\/h2>\n<p>La soci\u00e9t\u00e9 de bus Trip Trans a commenc\u00e9 comme op\u00e9rateur de mini-bus de services de navette avec quelques Toyota Hiace desservant \u00e9galement Beira et Harare. Dans les derni\u00e8res ann\u00e9es des ann\u00e9es 2010, ils ont \u00e9tendu leur service en acqu\u00e9rant une \u00e9norme machine pour investir dans des circuits longue distance.<\/p>\n<p>Ils dominent maintenant l&#039;industrie du transport au Zimbabwe en tant que l&#039;un des principaux fournisseurs de services au Zimbabwe avec le meilleur statut de leurs clients.<\/p>","protected":false},"excerpt":{"rendered":"<p>Trip Trans\u00a0Bus Online Ticket Booking\u00a0Zimbabwe Discover your travel route on web, mobile or app and book cheap Trip Trans bus tickets online now. Trip Trans\u00a0Bus\u00a0online booking made easy.\u00a0Trip trans is a bus firm which offer daily scheduled services from Harare to other towns within Zimbabwe and they also offer a cross boarder services to Zambia [&hellip;]<\/p>\n","protected":false},"author":1,"featured_media":13999,"parent":0,"menu_order":0,"comment_status":"open","ping_status":"closed","template":"template-home-modern.php","meta":{"footnotes":""},"class_list":["post-10939","page","type-page","status-publish","has-post-thumbnail","hentry"],"yoast_head":"<!-- This site is optimized with the Yoast SEO plugin v27.5 - https:\/\/yoast.com\/product\/yoast-seo-wordpress\/ -->\n<title>Trip Trans Bus Online Booking, Bus Tickets, Route, Schedule &amp; Fare<\/title>\n<meta name=\"description\" content=\"Looking for Trip Trans\u00a0Bus online booking, app, contacts, bus routes, fare and schedule? Make cheap Trip Trans\u00a0Bus online ticket booking now\" \/>\n<meta name=\"robots\" content=\"index, follow, max-snippet:-1, max-image-preview:large, max-video-preview:-1\" \/>\n<link rel=\"canonical\" href=\"https:\/\/tiketi.com\/fr-fr\/trip-trans-buses\/\" \/>\n<meta property=\"og:locale\" content=\"fr_FR\" \/>\n<meta property=\"og:type\" content=\"article\" \/>\n<meta property=\"og:title\" content=\"Trip Trans Bus Online Booking, Bus Tickets, Route, Schedule &amp; Fare\" \/>\n<meta property=\"og:description\" content=\"Looking for Trip Trans\u00a0Bus online booking, app, contacts, bus routes, fare and schedule? Make cheap Trip Trans\u00a0Bus online ticket booking now\" \/>\n<meta property=\"og:url\" content=\"https:\/\/tiketi.com\/fr-fr\/trip-trans-buses\/\" \/>\n<meta property=\"og:site_name\" content=\"Tiketi.com\" \/>\n<meta property=\"article:publisher\" content=\"https:\/\/www.facebook.com\/TiketiCom\/\" \/>\n<meta property=\"article:modified_time\" content=\"2022-02-23T11:09:47+00:00\" \/>\n<meta property=\"og:image\" content=\"https:\/\/tiketi.com\/wp-content\/uploads\/2022\/01\/bus-ticket-online-booking.jpg\" \/>\n\t<meta property=\"og:image:width\" content=\"1200\" \/>\n\t<meta property=\"og:image:height\" content=\"206\" \/>\n\t<meta property=\"og:image:type\" content=\"image\/jpeg\" \/>\n<meta name=\"twitter:card\" content=\"summary_large_image\" \/>\n<meta name=\"twitter:label1\" content=\"Dur\u00e9e de lecture estim\u00e9e\" \/>\n\t<meta name=\"twitter:data1\" content=\"2 minutes\" \/>\n<script type=\"application\/ld+json\" class=\"yoast-schema-graph\">{\"@context\":\"https:\\\/\\\/schema.org\",\"@graph\":[{\"@type\":\"WebPage\",\"@id\":\"https:\\\/\\\/tiketi.com\\\/trip-trans-buses\\\/\",\"url\":\"https:\\\/\\\/tiketi.com\\\/trip-trans-buses\\\/\",\"name\":\"Trip Trans Bus Online Booking, Bus Tickets, Route, Schedule & Fare\",\"isPartOf\":{\"@id\":\"https:\\\/\\\/tiketi.com\\\/#website\"},\"primaryImageOfPage\":{\"@id\":\"https:\\\/\\\/tiketi.com\\\/trip-trans-buses\\\/#primaryimage\"},\"image\":{\"@id\":\"https:\\\/\\\/tiketi.com\\\/trip-trans-buses\\\/#primaryimage\"},\"thumbnailUrl\":\"https:\\\/\\\/tiketi.com\\\/wp-content\\\/uploads\\\/2022\\\/01\\\/bus-ticket-online-booking.jpg\",\"datePublished\":\"2022-01-19T11:54:00+00:00\",\"dateModified\":\"2022-02-23T11:09:47+00:00\",\"description\":\"Looking for Trip Trans\u00a0Bus online booking, app, contacts, bus routes, fare and schedule? Make cheap Trip Trans\u00a0Bus online ticket booking now\",\"breadcrumb\":{\"@id\":\"https:\\\/\\\/tiketi.com\\\/trip-trans-buses\\\/#breadcrumb\"},\"inLanguage\":\"fr-FR\",\"potentialAction\":[{\"@type\":\"ReadAction\",\"target\":[\"https:\\\/\\\/tiketi.com\\\/trip-trans-buses\\\/\"]}]},{\"@type\":\"ImageObject\",\"inLanguage\":\"fr-FR\",\"@id\":\"https:\\\/\\\/tiketi.com\\\/trip-trans-buses\\\/#primaryimage\",\"url\":\"https:\\\/\\\/tiketi.com\\\/wp-content\\\/uploads\\\/2022\\\/01\\\/bus-ticket-online-booking.jpg\",\"contentUrl\":\"https:\\\/\\\/tiketi.com\\\/wp-content\\\/uploads\\\/2022\\\/01\\\/bus-ticket-online-booking.jpg\",\"width\":1200,\"height\":206,\"caption\":\"Online Bus Ticket Booking\"},{\"@type\":\"BreadcrumbList\",\"@id\":\"https:\\\/\\\/tiketi.com\\\/trip-trans-buses\\\/#breadcrumb\",\"itemListElement\":[{\"@type\":\"ListItem\",\"position\":1,\"name\":\"Home\",\"item\":\"https:\\\/\\\/tiketi.com\\\/\"},{\"@type\":\"ListItem\",\"position\":2,\"name\":\"Trip Trans Bus Online Booking, Bus Tickets, Route, Schedule &#038; Fare\"}]},{\"@type\":\"WebSite\",\"@id\":\"https:\\\/\\\/tiketi.com\\\/#website\",\"url\":\"https:\\\/\\\/tiketi.com\\\/\",\"name\":\"Flight & Bus Tickets, Tour Packages & Activitites - Tiketi.com\",\"description\":\"Flight &amp; Bus Tickets, Tours, Activitites\",\"publisher\":{\"@id\":\"https:\\\/\\\/tiketi.com\\\/#organization\"},\"potentialAction\":[{\"@type\":\"SearchAction\",\"target\":{\"@type\":\"EntryPoint\",\"urlTemplate\":\"https:\\\/\\\/tiketi.com\\\/?s={search_term_string}\"},\"query-input\":{\"@type\":\"PropertyValueSpecification\",\"valueRequired\":true,\"valueName\":\"search_term_string\"}}],\"inLanguage\":\"fr-FR\"},{\"@type\":\"Organization\",\"@id\":\"https:\\\/\\\/tiketi.com\\\/#organization\",\"name\":\"Tiketi.com\",\"alternateName\":\"Tiketi\",\"url\":\"https:\\\/\\\/tiketi.com\\\/\",\"logo\":{\"@type\":\"ImageObject\",\"inLanguage\":\"fr-FR\",\"@id\":\"https:\\\/\\\/tiketi.com\\\/#\\\/schema\\\/logo\\\/image\\\/\",\"url\":\"https:\\\/\\\/tiketi.com\\\/wp-content\\\/uploads\\\/2019\\\/05\\\/tiketi-logo-696.png\",\"contentUrl\":\"https:\\\/\\\/tiketi.com\\\/wp-content\\\/uploads\\\/2019\\\/05\\\/tiketi-logo-696.png\",\"width\":696,\"height\":696,\"caption\":\"Tiketi.com\"},\"image\":{\"@id\":\"https:\\\/\\\/tiketi.com\\\/#\\\/schema\\\/logo\\\/image\\\/\"},\"sameAs\":[\"https:\\\/\\\/www.facebook.com\\\/TiketiCom\\\/\"]}]}<\/script>\n<!-- \/ Yoast SEO plugin. -->","yoast_head_json":{"title":"Trip Trans Bus R\u00e9servation en ligne, billets de bus, itin\u00e9raire, horaires et tarifs","description":"Vous recherchez une r\u00e9servation en ligne, une application, des contacts, des itin\u00e9raires de bus, des tarifs et des horaires pour Trip Trans Bus ? Faites la r\u00e9servation de billets en ligne Trip Trans Bus \u00e0 bas prix maintenant","robots":{"index":"index","follow":"follow","max-snippet":"max-snippet:-1","max-image-preview":"max-image-preview:large","max-video-preview":"max-video-preview:-1"},"canonical":"https:\/\/tiketi.com\/fr-fr\/trip-trans-buses\/","og_locale":"fr_FR","og_type":"article","og_title":"Trip Trans Bus Online Booking, Bus Tickets, Route, Schedule & Fare","og_description":"Looking for Trip Trans\u00a0Bus online booking, app, contacts, bus routes, fare and schedule? Make cheap Trip Trans\u00a0Bus online ticket booking now","og_url":"https:\/\/tiketi.com\/fr-fr\/trip-trans-buses\/","og_site_name":"Tiketi.com","article_publisher":"https:\/\/www.facebook.com\/TiketiCom\/","article_modified_time":"2022-02-23T11:09:47+00:00","og_image":[{"width":1200,"height":206,"url":"https:\/\/tiketi.com\/wp-content\/uploads\/2022\/01\/bus-ticket-online-booking.jpg","type":"image\/jpeg"}],"twitter_card":"summary_large_image","twitter_misc":{"Dur\u00e9e de lecture estim\u00e9e":"2 minutes"},"schema":{"@context":"https:\/\/schema.org","@graph":[{"@type":"WebPage","@id":"https:\/\/tiketi.com\/trip-trans-buses\/","url":"https:\/\/tiketi.com\/trip-trans-buses\/","name":"Trip Trans Bus R\u00e9servation en ligne, billets de bus, itin\u00e9raire, horaires et tarifs","isPartOf":{"@id":"https:\/\/tiketi.com\/#website"},"primaryImageOfPage":{"@id":"https:\/\/tiketi.com\/trip-trans-buses\/#primaryimage"},"image":{"@id":"https:\/\/tiketi.com\/trip-trans-buses\/#primaryimage"},"thumbnailUrl":"https:\/\/tiketi.com\/wp-content\/uploads\/2022\/01\/bus-ticket-online-booking.jpg","datePublished":"2022-01-19T11:54:00+00:00","dateModified":"2022-02-23T11:09:47+00:00","description":"Vous recherchez une r\u00e9servation en ligne, une application, des contacts, des itin\u00e9raires de bus, des tarifs et des horaires pour Trip Trans Bus ? Faites la r\u00e9servation de billets en ligne Trip Trans Bus \u00e0 bas prix maintenant","breadcrumb":{"@id":"https:\/\/tiketi.com\/trip-trans-buses\/#breadcrumb"},"inLanguage":"fr-FR","potentialAction":[{"@type":"ReadAction","target":["https:\/\/tiketi.com\/trip-trans-buses\/"]}]},{"@type":"ImageObject","inLanguage":"fr-FR","@id":"https:\/\/tiketi.com\/trip-trans-buses\/#primaryimage","url":"https:\/\/tiketi.com\/wp-content\/uploads\/2022\/01\/bus-ticket-online-booking.jpg","contentUrl":"https:\/\/tiketi.com\/wp-content\/uploads\/2022\/01\/bus-ticket-online-booking.jpg","width":1200,"height":206,"caption":"Online Bus Ticket Booking"},{"@type":"BreadcrumbList","@id":"https:\/\/tiketi.com\/trip-trans-buses\/#breadcrumb","itemListElement":[{"@type":"ListItem","position":1,"name":"Home","item":"https:\/\/tiketi.com\/"},{"@type":"ListItem","position":2,"name":"Trip Trans Bus Online Booking, Bus Tickets, Route, Schedule &#038; Fare"}]},{"@type":"WebSite","@id":"https:\/\/tiketi.com\/#website","url":"https:\/\/tiketi.com\/","name":"Billets d&#039;avion et de bus, forfaits touristiques et activit\u00e9s - Tiketi.com","description":"Billets d&#039;avion et de bus, Tours, Activit\u00e9s","publisher":{"@id":"https:\/\/tiketi.com\/#organization"},"potentialAction":[{"@type":"SearchAction","target":{"@type":"EntryPoint","urlTemplate":"https:\/\/tiketi.com\/?s={search_term_string}"},"query-input":{"@type":"PropertyValueSpecification","valueRequired":true,"valueName":"search_term_string"}}],"inLanguage":"fr-FR"},{"@type":"Organization","@id":"https:\/\/tiketi.com\/#organization","name":"Tiketi.com","alternateName":"Tiketi","url":"https:\/\/tiketi.com\/","logo":{"@type":"ImageObject","inLanguage":"fr-FR","@id":"https:\/\/tiketi.com\/#\/schema\/logo\/image\/","url":"https:\/\/tiketi.com\/wp-content\/uploads\/2019\/05\/tiketi-logo-696.png","contentUrl":"https:\/\/tiketi.com\/wp-content\/uploads\/2019\/05\/tiketi-logo-696.png","width":696,"height":696,"caption":"Tiketi.com"},"image":{"@id":"https:\/\/tiketi.com\/#\/schema\/logo\/image\/"},"sameAs":["https:\/\/www.facebook.com\/TiketiCom\/"]}]}},"_links":{"self":[{"href":"https:\/\/tiketi.com\/fr-fr\/wp-json\/wp\/v2\/pages\/10939","targetHints":{"allow":["GET"]}}],"collection":[{"href":"https:\/\/tiketi.com\/fr-fr\/wp-json\/wp\/v2\/pages"}],"about":[{"href":"https:\/\/tiketi.com\/fr-fr\/wp-json\/wp\/v2\/types\/page"}],"author":[{"embeddable":true,"href":"https:\/\/tiketi.com\/fr-fr\/wp-json\/wp\/v2\/users\/1"}],"replies":[{"embeddable":true,"href":"https:\/\/tiketi.com\/fr-fr\/wp-json\/wp\/v2\/comments?post=10939"}],"version-history":[{"count":0,"href":"https:\/\/tiketi.com\/fr-fr\/wp-json\/wp\/v2\/pages\/10939\/revisions"}],"wp:featuredmedia":[{"embeddable":true,"href":"https:\/\/tiketi.com\/fr-fr\/wp-json\/wp\/v2\/media\/13999"}],"wp:attachment":[{"href":"https:\/\/tiketi.com\/fr-fr\/wp-json\/wp\/v2\/media?parent=10939"}],"curies":[{"name":"wp","href":"https:\/\/api.w.org\/{rel}","templated":true}]}}