{"id":10940,"date":"2022-01-19T12:54:00","date_gmt":"2022-01-19T11:54:00","guid":{"rendered":"https:\/\/new.tiketi.com\/zupco-online-booking-bus-tickets-reservation\/"},"modified":"2022-02-23T14:41:42","modified_gmt":"2022-02-23T13:41:42","slug":"zupco-buses","status":"publish","type":"page","link":"https:\/\/tiketi.com\/fr-fr\/zupco-buses\/","title":{"rendered":"R\u00e9servation en ligne ZUPCO, billets de bus, itin\u00e9raire et tarifs"},"content":{"rendered":"<h2>R\u00e9servation de billets de bus ZUPCO pas cher en ligne<\/h2>\n<h3>D\u00e9couvrez votre itin\u00e9raire sur le Web, sur votre mobile ou sur une application et r\u00e9servez d\u00e8s maintenant des billets de bus ZUPCO bon march\u00e9 en ligne.<\/h3>\n<p>La r\u00e9servation en ligne ZUPCO simplifi\u00e9e. La soci\u00e9t\u00e9 de transport de passagers Zimbabwe United, connue sous le nom de ZUPCO bus services, est une entreprise de transport routier constitu\u00e9e et enregistr\u00e9e au Zimbabwe avec pour mandat d&#039;offrir des services de transport de passagers urbains, ruraux et r\u00e9gionaux. Depuis l&#039;ind\u00e9pendance, ZUPCO est rest\u00e9 le plus grand service de bus exploitant le pays, tant en termes de taille de flotte de bus que de r\u00e9partition de ses op\u00e9rations dans tout le pays. Faites \u00e9galement la r\u00e9servation de billets en ligne ZUPCO Bus d\u00e8s maintenant\u00a0!<\/p>\n<h2>FAQ sur la r\u00e9servation en ligne de ZUPCO<\/h2>\n<h3>Quels sont les itin\u00e9raires des bus ZUPCO, leurs horaires et leurs tarifs ?<\/h3>\n<p>Les bus commenceront \u00e0 emprunter de nombreux itin\u00e9raires d\u00e8s 5 heures du matin jusqu&#039;\u00e0 environ 22h30.<\/p>\n<p>Chitungwiza dispose de 4 bus vers le centre-ville de Harare qui effectueront chacun onze trajets. Le premier bus partira \u00e0 5h30, le deuxi\u00e8me \u00e0 6h00, puis 2 \u00e0 6h10 et 6h00.<\/p>\n<p>Le dernier bus partira \u00e0 20h50. D&#039;autre part, 4 autres bus effectueront 11 trajets du centre-ville de Harare \u00e0 Makoni, le premier partant \u00e0 5h du matin, suivi de bus \u00e0 5h10, 5h15 et 5h30.<\/p>\n<h3>Ligne de flotte de bus ZUPCO<\/h3>\n<p>Leur flotte actuelle de bus a \u00e9t\u00e9 con\u00e7ue sur mesure pour ZUPCO par un constructeur automobile chinois, premi\u00e8re soci\u00e9t\u00e9 du groupe automobile. L&#039;entreprise qui existe depuis 1956 s&#039;appelait auparavant First Automotive Works, d&#039;o\u00f9 le nom qui figure sur sa flotte or et bleu.<\/p>\n<p>Fabriqu\u00e9e sur mesure pour ZUPCO, leur flotte actuelle est bien entretenue et entretenue gr\u00e2ce au soutien technique sur place et au soutien d&#039;une \u00e9quipe d\u00e9di\u00e9e de FAW qui travaille en \u00e9troite collaboration avec ses ing\u00e9nieurs pour s&#039;assurer que tous leurs bus sont en parfait \u00e9tat pour transporter leurs pr\u00e9cieux clients. dans tous les lieux \u00e0 l\u2019ext\u00e9rieur et \u00e0 l\u2019int\u00e9rieur du Zimbabwe.<\/p>\n<h3>Quelles sont les coordonn\u00e9es et les coordonn\u00e9es du bureau des bus ZUPCO\u00a0?<\/h3>\n<p>ZUPCO LTD Si\u00e8ge social<br \/>\n109, chemin du Belv\u00e9d\u00e8re<br \/>\nPO Box 3298, Harare<\/p>\n<h2>Conseils pour la r\u00e9servation de billets en ligne de bus ZUPCO<\/h2>\n<p>Avec son si\u00e8ge social au 109 Belvedere Road \u00e0 Harare, ZUPCO exerce ses activit\u00e9s \u00e0 travers 2 divisions cl\u00e9s, \u00e0 savoir la zone Nord bas\u00e9e \u00e0 Harare et la zone Sud bas\u00e9e \u00e0 Bulawayo.<\/p>","protected":false},"excerpt":{"rendered":"<p>Cheap ZUPCO Bus Online Ticket Booking Discover your travel route on web, mobile or app and book cheap ZUPCO bus tickets online now. ZUPCO\u00a0online booking made easy. The Zimbabwe United passenger firm famous known as ZUPCO bus services is a road transport firm incorporated and registered in Zimbabwe with the mandate to offer urban, rural, [&hellip;]<\/p>\n","protected":false},"author":1,"featured_media":13999,"parent":0,"menu_order":0,"comment_status":"open","ping_status":"closed","template":"template-home-modern.php","meta":{"footnotes":""},"class_list":["post-10940","page","type-page","status-publish","has-post-thumbnail","hentry"],"yoast_head":"<!-- This site is optimized with the Yoast SEO plugin v27.3 - https:\/\/yoast.com\/product\/yoast-seo-wordpress\/ -->\n<title>ZUPCO Online Booking, Bus Tickets, Route, Schedule &amp; Fare<\/title>\n<meta name=\"description\" content=\"Looking for ZUPCO online booking, app, contacts, bus routes, fare and schedule? Make a ZUPCO Bus online ticket booking now and save time and money!\" \/>\n<meta name=\"robots\" content=\"index, follow, max-snippet:-1, max-image-preview:large, max-video-preview:-1\" \/>\n<link rel=\"canonical\" href=\"https:\/\/tiketi.com\/fr-fr\/zupco-buses\/\" \/>\n<meta property=\"og:locale\" content=\"fr_FR\" \/>\n<meta property=\"og:type\" content=\"article\" \/>\n<meta property=\"og:title\" content=\"ZUPCO Online Booking, Bus Tickets, Route, Schedule &amp; Fare\" \/>\n<meta property=\"og:description\" content=\"Looking for ZUPCO online booking, app, contacts, bus routes, fare and schedule? Make a ZUPCO Bus online ticket booking now and save time and money!\" \/>\n<meta property=\"og:url\" content=\"https:\/\/tiketi.com\/fr-fr\/zupco-buses\/\" \/>\n<meta property=\"og:site_name\" content=\"Tiketi.com\" \/>\n<meta property=\"article:publisher\" content=\"https:\/\/www.facebook.com\/TiketiCom\/\" \/>\n<meta property=\"article:modified_time\" content=\"2022-02-23T13:41:42+00:00\" \/>\n<meta property=\"og:image\" content=\"https:\/\/tiketi.com\/wp-content\/uploads\/2022\/01\/bus-ticket-online-booking.jpg\" \/>\n\t<meta property=\"og:image:width\" content=\"1200\" \/>\n\t<meta property=\"og:image:height\" content=\"206\" \/>\n\t<meta property=\"og:image:type\" content=\"image\/jpeg\" \/>\n<meta name=\"twitter:card\" content=\"summary_large_image\" \/>\n<meta name=\"twitter:label1\" content=\"Dur\u00e9e de lecture estim\u00e9e\" \/>\n\t<meta name=\"twitter:data1\" content=\"2 minutes\" \/>\n<script type=\"application\/ld+json\" class=\"yoast-schema-graph\">{\"@context\":\"https:\\\/\\\/schema.org\",\"@graph\":[{\"@type\":\"WebPage\",\"@id\":\"https:\\\/\\\/tiketi.com\\\/zupco-buses\\\/\",\"url\":\"https:\\\/\\\/tiketi.com\\\/zupco-buses\\\/\",\"name\":\"ZUPCO Online Booking, Bus Tickets, Route, Schedule & Fare\",\"isPartOf\":{\"@id\":\"https:\\\/\\\/tiketi.com\\\/#website\"},\"primaryImageOfPage\":{\"@id\":\"https:\\\/\\\/tiketi.com\\\/zupco-buses\\\/#primaryimage\"},\"image\":{\"@id\":\"https:\\\/\\\/tiketi.com\\\/zupco-buses\\\/#primaryimage\"},\"thumbnailUrl\":\"https:\\\/\\\/tiketi.com\\\/wp-content\\\/uploads\\\/2022\\\/01\\\/bus-ticket-online-booking.jpg\",\"datePublished\":\"2022-01-19T11:54:00+00:00\",\"dateModified\":\"2022-02-23T13:41:42+00:00\",\"description\":\"Looking for ZUPCO online booking, app, contacts, bus routes, fare and schedule? Make a ZUPCO Bus online ticket booking now and save time and money!\",\"breadcrumb\":{\"@id\":\"https:\\\/\\\/tiketi.com\\\/zupco-buses\\\/#breadcrumb\"},\"inLanguage\":\"fr-FR\",\"potentialAction\":[{\"@type\":\"ReadAction\",\"target\":[\"https:\\\/\\\/tiketi.com\\\/zupco-buses\\\/\"]}]},{\"@type\":\"ImageObject\",\"inLanguage\":\"fr-FR\",\"@id\":\"https:\\\/\\\/tiketi.com\\\/zupco-buses\\\/#primaryimage\",\"url\":\"https:\\\/\\\/tiketi.com\\\/wp-content\\\/uploads\\\/2022\\\/01\\\/bus-ticket-online-booking.jpg\",\"contentUrl\":\"https:\\\/\\\/tiketi.com\\\/wp-content\\\/uploads\\\/2022\\\/01\\\/bus-ticket-online-booking.jpg\",\"width\":1200,\"height\":206,\"caption\":\"Online Bus Ticket Booking\"},{\"@type\":\"BreadcrumbList\",\"@id\":\"https:\\\/\\\/tiketi.com\\\/zupco-buses\\\/#breadcrumb\",\"itemListElement\":[{\"@type\":\"ListItem\",\"position\":1,\"name\":\"Home\",\"item\":\"https:\\\/\\\/tiketi.com\\\/\"},{\"@type\":\"ListItem\",\"position\":2,\"name\":\"ZUPCO Online Booking, Bus Tickets, Route &#038; Fare\"}]},{\"@type\":\"WebSite\",\"@id\":\"https:\\\/\\\/tiketi.com\\\/#website\",\"url\":\"https:\\\/\\\/tiketi.com\\\/\",\"name\":\"Flight & Bus Tickets, Tour Packages & Activitites - Tiketi.com\",\"description\":\"Flight &amp; Bus Tickets, Tours, Activitites\",\"publisher\":{\"@id\":\"https:\\\/\\\/tiketi.com\\\/#organization\"},\"potentialAction\":[{\"@type\":\"SearchAction\",\"target\":{\"@type\":\"EntryPoint\",\"urlTemplate\":\"https:\\\/\\\/tiketi.com\\\/?s={search_term_string}\"},\"query-input\":{\"@type\":\"PropertyValueSpecification\",\"valueRequired\":true,\"valueName\":\"search_term_string\"}}],\"inLanguage\":\"fr-FR\"},{\"@type\":\"Organization\",\"@id\":\"https:\\\/\\\/tiketi.com\\\/#organization\",\"name\":\"Tiketi.com\",\"alternateName\":\"Tiketi\",\"url\":\"https:\\\/\\\/tiketi.com\\\/\",\"logo\":{\"@type\":\"ImageObject\",\"inLanguage\":\"fr-FR\",\"@id\":\"https:\\\/\\\/tiketi.com\\\/#\\\/schema\\\/logo\\\/image\\\/\",\"url\":\"https:\\\/\\\/tiketi.com\\\/wp-content\\\/uploads\\\/2019\\\/05\\\/tiketi-logo-696.png\",\"contentUrl\":\"https:\\\/\\\/tiketi.com\\\/wp-content\\\/uploads\\\/2019\\\/05\\\/tiketi-logo-696.png\",\"width\":696,\"height\":696,\"caption\":\"Tiketi.com\"},\"image\":{\"@id\":\"https:\\\/\\\/tiketi.com\\\/#\\\/schema\\\/logo\\\/image\\\/\"},\"sameAs\":[\"https:\\\/\\\/www.facebook.com\\\/TiketiCom\\\/\"]}]}<\/script>\n<!-- \/ Yoast SEO plugin. -->","yoast_head_json":{"title":"R\u00e9servation en ligne ZUPCO, billets de bus, itin\u00e9raire, horaires et tarifs","description":"Vous recherchez une r\u00e9servation en ligne, une application, des contacts, des itin\u00e9raires de bus, des tarifs et des horaires ZUPCO\u00a0? Faites une r\u00e9servation de billet en ligne ZUPCO Bus d\u00e8s maintenant et \u00e9conomisez du temps et de l&#039;argent !","robots":{"index":"index","follow":"follow","max-snippet":"max-snippet:-1","max-image-preview":"max-image-preview:large","max-video-preview":"max-video-preview:-1"},"canonical":"https:\/\/tiketi.com\/fr-fr\/zupco-buses\/","og_locale":"fr_FR","og_type":"article","og_title":"ZUPCO Online Booking, Bus Tickets, Route, Schedule & Fare","og_description":"Looking for ZUPCO online booking, app, contacts, bus routes, fare and schedule? Make a ZUPCO Bus online ticket booking now and save time and money!","og_url":"https:\/\/tiketi.com\/fr-fr\/zupco-buses\/","og_site_name":"Tiketi.com","article_publisher":"https:\/\/www.facebook.com\/TiketiCom\/","article_modified_time":"2022-02-23T13:41:42+00:00","og_image":[{"width":1200,"height":206,"url":"https:\/\/tiketi.com\/wp-content\/uploads\/2022\/01\/bus-ticket-online-booking.jpg","type":"image\/jpeg"}],"twitter_card":"summary_large_image","twitter_misc":{"Dur\u00e9e de lecture estim\u00e9e":"2 minutes"},"schema":{"@context":"https:\/\/schema.org","@graph":[{"@type":"WebPage","@id":"https:\/\/tiketi.com\/zupco-buses\/","url":"https:\/\/tiketi.com\/zupco-buses\/","name":"R\u00e9servation en ligne ZUPCO, billets de bus, itin\u00e9raire, horaires et tarifs","isPartOf":{"@id":"https:\/\/tiketi.com\/#website"},"primaryImageOfPage":{"@id":"https:\/\/tiketi.com\/zupco-buses\/#primaryimage"},"image":{"@id":"https:\/\/tiketi.com\/zupco-buses\/#primaryimage"},"thumbnailUrl":"https:\/\/tiketi.com\/wp-content\/uploads\/2022\/01\/bus-ticket-online-booking.jpg","datePublished":"2022-01-19T11:54:00+00:00","dateModified":"2022-02-23T13:41:42+00:00","description":"Vous recherchez une r\u00e9servation en ligne, une application, des contacts, des itin\u00e9raires de bus, des tarifs et des horaires ZUPCO\u00a0? Faites une r\u00e9servation de billet en ligne ZUPCO Bus d\u00e8s maintenant et \u00e9conomisez du temps et de l&#039;argent !","breadcrumb":{"@id":"https:\/\/tiketi.com\/zupco-buses\/#breadcrumb"},"inLanguage":"fr-FR","potentialAction":[{"@type":"ReadAction","target":["https:\/\/tiketi.com\/zupco-buses\/"]}]},{"@type":"ImageObject","inLanguage":"fr-FR","@id":"https:\/\/tiketi.com\/zupco-buses\/#primaryimage","url":"https:\/\/tiketi.com\/wp-content\/uploads\/2022\/01\/bus-ticket-online-booking.jpg","contentUrl":"https:\/\/tiketi.com\/wp-content\/uploads\/2022\/01\/bus-ticket-online-booking.jpg","width":1200,"height":206,"caption":"Online Bus Ticket Booking"},{"@type":"BreadcrumbList","@id":"https:\/\/tiketi.com\/zupco-buses\/#breadcrumb","itemListElement":[{"@type":"ListItem","position":1,"name":"Home","item":"https:\/\/tiketi.com\/"},{"@type":"ListItem","position":2,"name":"ZUPCO Online Booking, Bus Tickets, Route &#038; Fare"}]},{"@type":"WebSite","@id":"https:\/\/tiketi.com\/#website","url":"https:\/\/tiketi.com\/","name":"Billets d&#039;avion et de bus, forfaits touristiques et activit\u00e9s - Tiketi.com","description":"Billets d&#039;avion et de bus, Tours, Activit\u00e9s","publisher":{"@id":"https:\/\/tiketi.com\/#organization"},"potentialAction":[{"@type":"SearchAction","target":{"@type":"EntryPoint","urlTemplate":"https:\/\/tiketi.com\/?s={search_term_string}"},"query-input":{"@type":"PropertyValueSpecification","valueRequired":true,"valueName":"search_term_string"}}],"inLanguage":"fr-FR"},{"@type":"Organization","@id":"https:\/\/tiketi.com\/#organization","name":"Tiketi.com","alternateName":"Tiketi","url":"https:\/\/tiketi.com\/","logo":{"@type":"ImageObject","inLanguage":"fr-FR","@id":"https:\/\/tiketi.com\/#\/schema\/logo\/image\/","url":"https:\/\/tiketi.com\/wp-content\/uploads\/2019\/05\/tiketi-logo-696.png","contentUrl":"https:\/\/tiketi.com\/wp-content\/uploads\/2019\/05\/tiketi-logo-696.png","width":696,"height":696,"caption":"Tiketi.com"},"image":{"@id":"https:\/\/tiketi.com\/#\/schema\/logo\/image\/"},"sameAs":["https:\/\/www.facebook.com\/TiketiCom\/"]}]}},"_links":{"self":[{"href":"https:\/\/tiketi.com\/fr-fr\/wp-json\/wp\/v2\/pages\/10940","targetHints":{"allow":["GET"]}}],"collection":[{"href":"https:\/\/tiketi.com\/fr-fr\/wp-json\/wp\/v2\/pages"}],"about":[{"href":"https:\/\/tiketi.com\/fr-fr\/wp-json\/wp\/v2\/types\/page"}],"author":[{"embeddable":true,"href":"https:\/\/tiketi.com\/fr-fr\/wp-json\/wp\/v2\/users\/1"}],"replies":[{"embeddable":true,"href":"https:\/\/tiketi.com\/fr-fr\/wp-json\/wp\/v2\/comments?post=10940"}],"version-history":[{"count":0,"href":"https:\/\/tiketi.com\/fr-fr\/wp-json\/wp\/v2\/pages\/10940\/revisions"}],"wp:featuredmedia":[{"embeddable":true,"href":"https:\/\/tiketi.com\/fr-fr\/wp-json\/wp\/v2\/media\/13999"}],"wp:attachment":[{"href":"https:\/\/tiketi.com\/fr-fr\/wp-json\/wp\/v2\/media?parent=10940"}],"curies":[{"name":"wp","href":"https:\/\/api.w.org\/{rel}","templated":true}]}}