{"id":10941,"date":"2022-01-19T12:54:00","date_gmt":"2022-01-19T11:54:00","guid":{"rendered":"https:\/\/new.tiketi.com\/sauli-bus-online-booking-mbeya-to-dar-es-salaam-bus-tickets\/"},"modified":"2022-02-21T13:19:12","modified_gmt":"2022-02-21T12:19:12","slug":"sauli-buses","status":"publish","type":"page","link":"https:\/\/tiketi.com\/fr-fr\/sauli-buses\/","title":{"rendered":"R\u00e9servation en ligne de bus Sauli, billets de bus Mbeya \u00e0 Dar es Salaam"},"content":{"rendered":"<h2>R\u00e9servation de billets de bus en ligne Sauli Luxury Coach<\/h2>\n<h3>D\u00e9couvrez votre itin\u00e9raire de voyage sur le web, le mobile ou l&#039;application et r\u00e9servez d\u00e8s maintenant des billets de bus Sauli pas chers en ligne.<\/h3>\n<p>La r\u00e9servation en ligne de Sauli Bus simplifi\u00e9e. Sauli Luxury Coach est une entreprise de transport de passagers bas\u00e9e dans la r\u00e9gion de Mbeya. L&#039;autocar de luxe Sauli a \u00e9t\u00e9 cr\u00e9\u00e9 au d\u00e9but de 2019 sur la route de Mbeya \u00e0 Dar es Salaam avant d&#039;\u00e9tendre ses services \u00e0 la ville de Tunduma depuis la ville de Dar es Salaam. Il en va de m\u00eame pour la r\u00e9servation de billets de bus en ligne pour autocar de luxe Sauli d\u00e8s maintenant\u00a0!<\/p>\n<h2>FAQ sur la r\u00e9servation en ligne de Sauli Bus<\/h2>\n<h3>Quels sont les trajets et les prix des bus Sauli Luxury Coach ?<\/h3>\n<p>Mbeya \u00e0 Dar es Salam<\/p>\n<p>Gemilang Tshs. 40 000\/=<br \/>\nMercedes-Benz Tshs. 44 000\/=<\/p>\n<h3>Ligne de service de bus de luxe Sauli<\/h3>\n<p>C&#039;est l&#039;un des principaux fournisseurs de services de transport de passagers pour la route Mbeya-Dar es Salaam via Ipologo \u00e0 Iringa. Ils ont un d\u00e9part quotidien le matin dans les deux villes et leurs bureaux sont accessibles dans tous les terminaux de Dar es Salaam et de Mbeya. Ils ont \u00e9galement un bureau \u00e0 Msamvu \u00e0 Morogoro.<\/p>\n<p>Les services de r\u00e9servation sont accessibles dans leurs bureaux, agents et en les appelant via les num\u00e9ros indiqu\u00e9s ci-dessous.<\/p>\n<p>Les autocars de luxe Sauli proposent \u00e9galement des services de transport de colis sur le m\u00eame itin\u00e9raire avec leurs bus. Ils facturent un meilleur prix \u00e0 tous en fonction du type et de la taille des colis respectifs.<\/p>\n<p>Pendant que vous voyagez avec l&#039;autocar de luxe Sauli, vous adorerez les services de climatisation tout au long du trajet avec des gadgets \u00e0 contr\u00f4le automatique.<\/p>\n<h3>Quelles sont les coordonn\u00e9es et les coordonn\u00e9es du bureau de Sauli Luxury Coach &amp; bus\u00a0?<\/h3>\n<p>Gare routi\u00e8re de Mbeya, Tanzanie<\/p>\n<h2>Conseils de r\u00e9servation de billets en ligne pour Sauli Luxury Coach<\/h2>\n<p>L&#039;entreprise a r\u00e9ussi \u00e0 prendre le contr\u00f4le de l&#039;industrie en peu de temps, car elle pr\u00e9tendait \u00eatre le meilleur chronom\u00e9treur de la route Mbeya-Dar es Salaam. Ils ont le meilleur service sur la route et en peu de temps, ils ont r\u00e9ussi \u00e0 attirer beaucoup de clients dans la r\u00e9gion.<\/p>\n<p>L&#039;autocar de luxe Sauli serait parmi les cinq meilleurs grands op\u00e9rateurs d&#039;autocars de la r\u00e9gion pour leurs services et leur service client. C&#039;est la seule entreprise qui exploite Mercedes NeoBus en Tanzanie.<\/p>","protected":false},"excerpt":{"rendered":"<p>Sauli Luxury Coach&nbsp;Online Bus Ticket Booking Discover your travel route on web, mobile or app and book cheap Sauli bus tickets online now. Sauli Bus&nbsp;online booking made easy.&nbsp;Sauli luxury coach is a passenger transport firm based in Mbeya area. Sauli luxury coach was established in the early of 2019 playing the Mbeya to Dar es [&hellip;]<\/p>\n","protected":false},"author":1,"featured_media":13999,"parent":0,"menu_order":0,"comment_status":"open","ping_status":"closed","template":"template-home-modern.php","meta":{"footnotes":""},"class_list":["post-10941","page","type-page","status-publish","has-post-thumbnail","hentry"],"yoast_head":"<!-- This site is optimized with the Yoast SEO plugin v27.2 - https:\/\/yoast.com\/product\/yoast-seo-wordpress\/ -->\n<title>Sauli Bus Online Booking, Mbeya To Dar es salaam Bus Tickets<\/title>\n<meta name=\"description\" content=\"Looking for Sauli bus online booking, app, contacts, bus routes, fare and schedule? Make a cheap Make a Sauli Luxury Coach online ticket booking\" \/>\n<meta name=\"robots\" content=\"index, follow, max-snippet:-1, max-image-preview:large, max-video-preview:-1\" \/>\n<link rel=\"canonical\" href=\"https:\/\/tiketi.com\/fr-fr\/sauli-buses\/\" \/>\n<meta property=\"og:locale\" content=\"fr_FR\" \/>\n<meta property=\"og:type\" content=\"article\" \/>\n<meta property=\"og:title\" content=\"Sauli Bus Online Booking, Mbeya To Dar es salaam Bus Tickets\" \/>\n<meta property=\"og:description\" content=\"Looking for Sauli bus online booking, app, contacts, bus routes, fare and schedule? Make a cheap Make a Sauli Luxury Coach online ticket booking\" \/>\n<meta property=\"og:url\" content=\"https:\/\/tiketi.com\/fr-fr\/sauli-buses\/\" \/>\n<meta property=\"og:site_name\" content=\"Tiketi.com\" \/>\n<meta property=\"article:publisher\" content=\"https:\/\/www.facebook.com\/TiketiCom\/\" \/>\n<meta property=\"article:modified_time\" content=\"2022-02-21T12:19:12+00:00\" \/>\n<meta property=\"og:image\" content=\"https:\/\/tiketi.com\/wp-content\/uploads\/2022\/01\/bus-ticket-online-booking.jpg\" \/>\n\t<meta property=\"og:image:width\" content=\"1200\" \/>\n\t<meta property=\"og:image:height\" content=\"206\" \/>\n\t<meta property=\"og:image:type\" content=\"image\/jpeg\" \/>\n<meta name=\"twitter:card\" content=\"summary_large_image\" \/>\n<meta name=\"twitter:label1\" content=\"Dur\u00e9e de lecture estim\u00e9e\" \/>\n\t<meta name=\"twitter:data1\" content=\"2 minutes\" \/>\n<script type=\"application\/ld+json\" class=\"yoast-schema-graph\">{\"@context\":\"https:\/\/schema.org\",\"@graph\":[{\"@type\":\"WebPage\",\"@id\":\"https:\/\/tiketi.com\/sauli-buses\/\",\"url\":\"https:\/\/tiketi.com\/sauli-buses\/\",\"name\":\"Sauli Bus Online Booking, Mbeya To Dar es salaam Bus Tickets\",\"isPartOf\":{\"@id\":\"https:\/\/tiketi.com\/#website\"},\"primaryImageOfPage\":{\"@id\":\"https:\/\/tiketi.com\/sauli-buses\/#primaryimage\"},\"image\":{\"@id\":\"https:\/\/tiketi.com\/sauli-buses\/#primaryimage\"},\"thumbnailUrl\":\"https:\/\/tiketi.com\/wp-content\/uploads\/2022\/01\/bus-ticket-online-booking.jpg\",\"datePublished\":\"2022-01-19T11:54:00+00:00\",\"dateModified\":\"2022-02-21T12:19:12+00:00\",\"description\":\"Looking for Sauli bus online booking, app, contacts, bus routes, fare and schedule? Make a cheap Make a Sauli Luxury Coach online ticket booking\",\"breadcrumb\":{\"@id\":\"https:\/\/tiketi.com\/sauli-buses\/#breadcrumb\"},\"inLanguage\":\"fr-FR\",\"potentialAction\":[{\"@type\":\"ReadAction\",\"target\":[\"https:\/\/tiketi.com\/sauli-buses\/\"]}]},{\"@type\":\"ImageObject\",\"inLanguage\":\"fr-FR\",\"@id\":\"https:\/\/tiketi.com\/sauli-buses\/#primaryimage\",\"url\":\"https:\/\/tiketi.com\/wp-content\/uploads\/2022\/01\/bus-ticket-online-booking.jpg\",\"contentUrl\":\"https:\/\/tiketi.com\/wp-content\/uploads\/2022\/01\/bus-ticket-online-booking.jpg\",\"width\":1200,\"height\":206,\"caption\":\"Online Bus Ticket Booking\"},{\"@type\":\"BreadcrumbList\",\"@id\":\"https:\/\/tiketi.com\/sauli-buses\/#breadcrumb\",\"itemListElement\":[{\"@type\":\"ListItem\",\"position\":1,\"name\":\"Home\",\"item\":\"https:\/\/tiketi.com\/\"},{\"@type\":\"ListItem\",\"position\":2,\"name\":\"Sauli Bus Online Booking, Mbeya To Dar es salaam Bus Tickets\"}]},{\"@type\":\"WebSite\",\"@id\":\"https:\/\/tiketi.com\/#website\",\"url\":\"https:\/\/tiketi.com\/\",\"name\":\"Flight & Bus Tickets, Tour Packages & Activitites - Tiketi.com\",\"description\":\"Flight &amp; Bus Tickets, Tours, Activitites\",\"publisher\":{\"@id\":\"https:\/\/tiketi.com\/#organization\"},\"potentialAction\":[{\"@type\":\"SearchAction\",\"target\":{\"@type\":\"EntryPoint\",\"urlTemplate\":\"https:\/\/tiketi.com\/?s={search_term_string}\"},\"query-input\":{\"@type\":\"PropertyValueSpecification\",\"valueRequired\":true,\"valueName\":\"search_term_string\"}}],\"inLanguage\":\"fr-FR\"},{\"@type\":\"Organization\",\"@id\":\"https:\/\/tiketi.com\/#organization\",\"name\":\"Tiketi.com\",\"alternateName\":\"Tiketi\",\"url\":\"https:\/\/tiketi.com\/\",\"logo\":{\"@type\":\"ImageObject\",\"inLanguage\":\"fr-FR\",\"@id\":\"https:\/\/tiketi.com\/#\/schema\/logo\/image\/\",\"url\":\"https:\/\/tiketi.com\/wp-content\/uploads\/2019\/05\/tiketi-logo-696.png\",\"contentUrl\":\"https:\/\/tiketi.com\/wp-content\/uploads\/2019\/05\/tiketi-logo-696.png\",\"width\":696,\"height\":696,\"caption\":\"Tiketi.com\"},\"image\":{\"@id\":\"https:\/\/tiketi.com\/#\/schema\/logo\/image\/\"},\"sameAs\":[\"https:\/\/www.facebook.com\/TiketiCom\/\"]}]}<\/script>\n<!-- \/ Yoast SEO plugin. -->","yoast_head_json":{"title":"R\u00e9servation en ligne de bus Sauli, billets de bus Mbeya \u00e0 Dar es Salaam","description":"Vous recherchez une r\u00e9servation en ligne de bus Sauli, une application, des contacts, des itin\u00e9raires de bus, des tarifs et des horaires? Faire une r\u00e9servation de billets en ligne Faire un Sauli Luxury Coach pas cher","robots":{"index":"index","follow":"follow","max-snippet":"max-snippet:-1","max-image-preview":"max-image-preview:large","max-video-preview":"max-video-preview:-1"},"canonical":"https:\/\/tiketi.com\/fr-fr\/sauli-buses\/","og_locale":"fr_FR","og_type":"article","og_title":"Sauli Bus Online Booking, Mbeya To Dar es salaam Bus Tickets","og_description":"Looking for Sauli bus online booking, app, contacts, bus routes, fare and schedule? Make a cheap Make a Sauli Luxury Coach online ticket booking","og_url":"https:\/\/tiketi.com\/fr-fr\/sauli-buses\/","og_site_name":"Tiketi.com","article_publisher":"https:\/\/www.facebook.com\/TiketiCom\/","article_modified_time":"2022-02-21T12:19:12+00:00","og_image":[{"width":1200,"height":206,"url":"https:\/\/tiketi.com\/wp-content\/uploads\/2022\/01\/bus-ticket-online-booking.jpg","type":"image\/jpeg"}],"twitter_card":"summary_large_image","twitter_misc":{"Dur\u00e9e de lecture estim\u00e9e":"2 minutes"},"schema":{"@context":"https:\/\/schema.org","@graph":[{"@type":"WebPage","@id":"https:\/\/tiketi.com\/sauli-buses\/","url":"https:\/\/tiketi.com\/sauli-buses\/","name":"R\u00e9servation en ligne de bus Sauli, billets de bus Mbeya \u00e0 Dar es Salaam","isPartOf":{"@id":"https:\/\/tiketi.com\/#website"},"primaryImageOfPage":{"@id":"https:\/\/tiketi.com\/sauli-buses\/#primaryimage"},"image":{"@id":"https:\/\/tiketi.com\/sauli-buses\/#primaryimage"},"thumbnailUrl":"https:\/\/tiketi.com\/wp-content\/uploads\/2022\/01\/bus-ticket-online-booking.jpg","datePublished":"2022-01-19T11:54:00+00:00","dateModified":"2022-02-21T12:19:12+00:00","description":"Vous recherchez une r\u00e9servation en ligne de bus Sauli, une application, des contacts, des itin\u00e9raires de bus, des tarifs et des horaires? Faire une r\u00e9servation de billets en ligne Faire un Sauli Luxury Coach pas cher","breadcrumb":{"@id":"https:\/\/tiketi.com\/sauli-buses\/#breadcrumb"},"inLanguage":"fr-FR","potentialAction":[{"@type":"ReadAction","target":["https:\/\/tiketi.com\/sauli-buses\/"]}]},{"@type":"ImageObject","inLanguage":"fr-FR","@id":"https:\/\/tiketi.com\/sauli-buses\/#primaryimage","url":"https:\/\/tiketi.com\/wp-content\/uploads\/2022\/01\/bus-ticket-online-booking.jpg","contentUrl":"https:\/\/tiketi.com\/wp-content\/uploads\/2022\/01\/bus-ticket-online-booking.jpg","width":1200,"height":206,"caption":"Online Bus Ticket Booking"},{"@type":"BreadcrumbList","@id":"https:\/\/tiketi.com\/sauli-buses\/#breadcrumb","itemListElement":[{"@type":"ListItem","position":1,"name":"Home","item":"https:\/\/tiketi.com\/"},{"@type":"ListItem","position":2,"name":"Sauli Bus Online Booking, Mbeya To Dar es salaam Bus Tickets"}]},{"@type":"WebSite","@id":"https:\/\/tiketi.com\/#website","url":"https:\/\/tiketi.com\/","name":"Billets d&#039;avion et de bus, forfaits touristiques et activit\u00e9s - Tiketi.com","description":"Billets d&#039;avion et de bus, Tours, Activit\u00e9s","publisher":{"@id":"https:\/\/tiketi.com\/#organization"},"potentialAction":[{"@type":"SearchAction","target":{"@type":"EntryPoint","urlTemplate":"https:\/\/tiketi.com\/?s={search_term_string}"},"query-input":{"@type":"PropertyValueSpecification","valueRequired":true,"valueName":"search_term_string"}}],"inLanguage":"fr-FR"},{"@type":"Organization","@id":"https:\/\/tiketi.com\/#organization","name":"Tiketi.com","alternateName":"Tiketi","url":"https:\/\/tiketi.com\/","logo":{"@type":"ImageObject","inLanguage":"fr-FR","@id":"https:\/\/tiketi.com\/#\/schema\/logo\/image\/","url":"https:\/\/tiketi.com\/wp-content\/uploads\/2019\/05\/tiketi-logo-696.png","contentUrl":"https:\/\/tiketi.com\/wp-content\/uploads\/2019\/05\/tiketi-logo-696.png","width":696,"height":696,"caption":"Tiketi.com"},"image":{"@id":"https:\/\/tiketi.com\/#\/schema\/logo\/image\/"},"sameAs":["https:\/\/www.facebook.com\/TiketiCom\/"]}]}},"_links":{"self":[{"href":"https:\/\/tiketi.com\/fr-fr\/wp-json\/wp\/v2\/pages\/10941","targetHints":{"allow":["GET"]}}],"collection":[{"href":"https:\/\/tiketi.com\/fr-fr\/wp-json\/wp\/v2\/pages"}],"about":[{"href":"https:\/\/tiketi.com\/fr-fr\/wp-json\/wp\/v2\/types\/page"}],"author":[{"embeddable":true,"href":"https:\/\/tiketi.com\/fr-fr\/wp-json\/wp\/v2\/users\/1"}],"replies":[{"embeddable":true,"href":"https:\/\/tiketi.com\/fr-fr\/wp-json\/wp\/v2\/comments?post=10941"}],"version-history":[{"count":0,"href":"https:\/\/tiketi.com\/fr-fr\/wp-json\/wp\/v2\/pages\/10941\/revisions"}],"wp:featuredmedia":[{"embeddable":true,"href":"https:\/\/tiketi.com\/fr-fr\/wp-json\/wp\/v2\/media\/13999"}],"wp:attachment":[{"href":"https:\/\/tiketi.com\/fr-fr\/wp-json\/wp\/v2\/media?parent=10941"}],"curies":[{"name":"wp","href":"https:\/\/api.w.org\/{rel}","templated":true}]}}