{"id":10943,"date":"2022-01-19T12:54:00","date_gmt":"2022-01-19T11:54:00","guid":{"rendered":"https:\/\/new.tiketi.com\/tombs-motorways-online-booking-bus-tickets-reservation\/"},"modified":"2022-02-22T13:32:37","modified_gmt":"2022-02-22T12:32:37","slug":"tombs-motoways-buses","status":"publish","type":"page","link":"https:\/\/tiketi.com\/fr-fr\/tombs-motoways-buses\/","title":{"rendered":"Tombs Motorways R\u00e9servation en ligne, billets de bus, itin\u00e9raire, horaires et tarifs"},"content":{"rendered":"<h2>Tombs Motorways R\u00e9servation de billets de bus en ligne<\/h2>\n<h3>D\u00e9couvrez votre itin\u00e9raire de voyage sur le web, le mobile ou l&#039;application et r\u00e9servez en ligne d\u00e8s maintenant des billets de bus Tombs Motorways pas chers.<\/h3>\n<p>La r\u00e9servation en ligne de Tombs Motorways \u00e0 bas prix en toute simplicit\u00e9. Tombs Motorways Ltd est une soci\u00e9t\u00e9 enregistr\u00e9e au Zimbabwe cr\u00e9\u00e9e en 1963 par feu Stephen Basil Tombs. L&#039;entreprise est une entreprise familiale, actuellement sous la direction de M. Ashley Tombs, le petit-fils du fondateur de l&#039;entreprise. Ils proposent un voyage en bus de luxe vers la plupart des grands centres du Zimbabwe et \u00e9galement vers Johannesburg en Afrique du Sud. Leur r\u00e9seau interurbain complet couvre toutes les grandes villes du Zimbabwe ainsi que l&#039;Afrique du Sud. Sur tous leurs services, l&#039;accent est toujours mis sur le confort et la s\u00e9curit\u00e9 \u00e0 des tarifs abordables. Il en va de m\u00eame pour la r\u00e9servation de billets de bus en ligne Tombs Motorways d\u00e8s maintenant !<\/p>\n<h2>FAQ sur la r\u00e9servation en ligne de Tombs Motorways<\/h2>\n<h3>Quels sont les itin\u00e9raires et les tarifs de r\u00e9servation des billets de bus en ligne Tombs Motorways ?<\/h3>\n<p><strong>Luxe<\/strong><\/p>\n<p>\u2022 Gokwe \u00e0 Johannesbourg<br \/>\n\u2022 Chegutu \u00e0 Johannesbourg<br \/>\n\u2022 Johannesbourg \u00e0 Chegutu<br \/>\n\u2022 Johannesbourg \u00e0 Gokwe<\/p>\n<p><strong>Demi-luxe<\/strong><\/p>\n<p>\u2022 Gweru \u00e0 Harare<br \/>\n\u2022 Kwekewe \u00e0 Harare<br \/>\n\u2022 Kwekwe \u00e0 Bulawayo<br \/>\n\u2022 Chegutu \u00e0 Beitbridge<br \/>\n\u2022 Gokwe \u00e0 Bulawayo<\/p>\n<p><strong>Horaires des autoroutes des Tombes<\/strong><\/p>\n<p>\u2022 Johannesburg \u2013 Chegutu (d\u00e9part : samedi)<br \/>\n\u2022 Johannesburg \u2013 Chegutu (d\u00e9part : dimanche-jeudi)<br \/>\n\u2022 Gokwe \u2013 Johannesburg (d\u00e9part : dimanche \u2013 jeudi)<br \/>\n\u2022 Johannesburg \u2013 Gokwe (D\u00e9part : Dimanche \u2013 Jeudi)<br \/>\n\u2022 Kwekwe Johannesburg (d\u00e9part : samedi)<br \/>\n\u2022 Chegutu - Beitbridge (dimanche - jeudi)<br \/>\n\u2022 Beitbridge - Chegutu (lundi - jeudi et samedi soir)<\/p>\n<h3>Quelles sont les coordonn\u00e9es et les coordonn\u00e9es du bureau de Tombs Motorways &amp; Bus\u00a0?<\/h3>\n<p>Tombs Motorways Ltd<\/p>\n<p>BP 711 Kwekwe ou<br \/>\n997, chemin Coventry<br \/>\nSite de l&#039;industrie l\u00e9g\u00e8re (LIS), Gweru.<\/p>\n<h2>Tombs Motorways R\u00e9servation de billets de bus en ligne<\/h2>\n<h3>Services des autoroutes des tombes<\/h3>\n<p><strong>Transport de passagers<\/strong><\/p>\n<p>\u00c9tant l&#039;une des principales entreprises de bus en Afrique du Sud et au Zimbabwe, elle cible principalement le transport de passagers en Afrique du Sud et au Zimbabwe. Ils ont \u00e9galement des routes internationales entre ces 2 nations.<\/p>\n<p><strong>Services de messagerie<\/strong><\/p>\n<p>Outre le transport de passagers, ils s&#039;engagent \u00e9galement dans des services de messagerie entre ces 2 nations. Leurs bus tirent des remorques qui sont utilis\u00e9es pour transf\u00e9rer des colis et peu de marchandises sur leurs itin\u00e9raires.<\/p>\n<p><strong>Locations priv\u00e9es<\/strong><\/p>\n<p>Embauches nationales \u00e0 travers le Zimbabwe, l&#039;Afrique du Sud et des tourn\u00e9es dans la r\u00e9gion de la SADC<\/p>\n<p>\u2022 Visites scolaires<br \/>\n\u2022 Fonctions de mariage<br \/>\n\u2022 Fonctions d&#039;entreprise<\/p>","protected":false},"excerpt":{"rendered":"<p>Tombs Motorways Online Bus Ticket Booking Discover your travel route on web, mobile or app and book cheap Tombs Motorways bus tickets online now. Cheap Tombs Motorways online booking made easy. Tombs Motorways Ltd is a Zimbabwe registered firm established in 1963 by the Late Stephen Basil Tombs. The firm is a family run business, [&hellip;]<\/p>\n","protected":false},"author":1,"featured_media":13999,"parent":0,"menu_order":0,"comment_status":"open","ping_status":"closed","template":"template-home-modern.php","meta":{"footnotes":""},"class_list":["post-10943","page","type-page","status-publish","has-post-thumbnail","hentry"],"yoast_head":"<!-- This site is optimized with the Yoast SEO plugin v27.3 - https:\/\/yoast.com\/product\/yoast-seo-wordpress\/ -->\n<title>Tombs Motorways Online Booking, Bus Tickets, Route, Schedule &amp; Fare<\/title>\n<meta name=\"description\" content=\"Looking for Tombs Motorways online booking, app, contacts, routes, fare and schedule? Make cheap Tombs Motorways online bus ticket booking\" \/>\n<meta name=\"robots\" content=\"index, follow, max-snippet:-1, max-image-preview:large, max-video-preview:-1\" \/>\n<link rel=\"canonical\" href=\"https:\/\/tiketi.com\/fr-fr\/tombs-motoways-buses\/\" \/>\n<meta property=\"og:locale\" content=\"fr_FR\" \/>\n<meta property=\"og:type\" content=\"article\" \/>\n<meta property=\"og:title\" content=\"Tombs Motorways Online Booking, Bus Tickets, Route, Schedule &amp; Fare\" \/>\n<meta property=\"og:description\" content=\"Looking for Tombs Motorways online booking, app, contacts, routes, fare and schedule? Make cheap Tombs Motorways online bus ticket booking\" \/>\n<meta property=\"og:url\" content=\"https:\/\/tiketi.com\/fr-fr\/tombs-motoways-buses\/\" \/>\n<meta property=\"og:site_name\" content=\"Tiketi.com\" \/>\n<meta property=\"article:publisher\" content=\"https:\/\/www.facebook.com\/TiketiCom\/\" \/>\n<meta property=\"article:modified_time\" content=\"2022-02-22T12:32:37+00:00\" \/>\n<meta property=\"og:image\" content=\"https:\/\/tiketi.com\/wp-content\/uploads\/2022\/01\/bus-ticket-online-booking.jpg\" \/>\n\t<meta property=\"og:image:width\" content=\"1200\" \/>\n\t<meta property=\"og:image:height\" content=\"206\" \/>\n\t<meta property=\"og:image:type\" content=\"image\/jpeg\" \/>\n<meta name=\"twitter:card\" content=\"summary_large_image\" \/>\n<meta name=\"twitter:label1\" content=\"Dur\u00e9e de lecture estim\u00e9e\" \/>\n\t<meta name=\"twitter:data1\" content=\"2 minutes\" \/>\n<script type=\"application\/ld+json\" class=\"yoast-schema-graph\">{\"@context\":\"https:\\\/\\\/schema.org\",\"@graph\":[{\"@type\":\"WebPage\",\"@id\":\"https:\\\/\\\/tiketi.com\\\/tombs-motoways-buses\\\/\",\"url\":\"https:\\\/\\\/tiketi.com\\\/tombs-motoways-buses\\\/\",\"name\":\"Tombs Motorways Online Booking, Bus Tickets, Route, Schedule & Fare\",\"isPartOf\":{\"@id\":\"https:\\\/\\\/tiketi.com\\\/#website\"},\"primaryImageOfPage\":{\"@id\":\"https:\\\/\\\/tiketi.com\\\/tombs-motoways-buses\\\/#primaryimage\"},\"image\":{\"@id\":\"https:\\\/\\\/tiketi.com\\\/tombs-motoways-buses\\\/#primaryimage\"},\"thumbnailUrl\":\"https:\\\/\\\/tiketi.com\\\/wp-content\\\/uploads\\\/2022\\\/01\\\/bus-ticket-online-booking.jpg\",\"datePublished\":\"2022-01-19T11:54:00+00:00\",\"dateModified\":\"2022-02-22T12:32:37+00:00\",\"description\":\"Looking for Tombs Motorways online booking, app, contacts, routes, fare and schedule? Make cheap Tombs Motorways online bus ticket booking\",\"breadcrumb\":{\"@id\":\"https:\\\/\\\/tiketi.com\\\/tombs-motoways-buses\\\/#breadcrumb\"},\"inLanguage\":\"fr-FR\",\"potentialAction\":[{\"@type\":\"ReadAction\",\"target\":[\"https:\\\/\\\/tiketi.com\\\/tombs-motoways-buses\\\/\"]}]},{\"@type\":\"ImageObject\",\"inLanguage\":\"fr-FR\",\"@id\":\"https:\\\/\\\/tiketi.com\\\/tombs-motoways-buses\\\/#primaryimage\",\"url\":\"https:\\\/\\\/tiketi.com\\\/wp-content\\\/uploads\\\/2022\\\/01\\\/bus-ticket-online-booking.jpg\",\"contentUrl\":\"https:\\\/\\\/tiketi.com\\\/wp-content\\\/uploads\\\/2022\\\/01\\\/bus-ticket-online-booking.jpg\",\"width\":1200,\"height\":206,\"caption\":\"Online Bus Ticket Booking\"},{\"@type\":\"BreadcrumbList\",\"@id\":\"https:\\\/\\\/tiketi.com\\\/tombs-motoways-buses\\\/#breadcrumb\",\"itemListElement\":[{\"@type\":\"ListItem\",\"position\":1,\"name\":\"Home\",\"item\":\"https:\\\/\\\/tiketi.com\\\/\"},{\"@type\":\"ListItem\",\"position\":2,\"name\":\"Tombs Motorways Online Booking, Bus Tickets, Route, Schedule &#038; Fare\"}]},{\"@type\":\"WebSite\",\"@id\":\"https:\\\/\\\/tiketi.com\\\/#website\",\"url\":\"https:\\\/\\\/tiketi.com\\\/\",\"name\":\"Flight & Bus Tickets, Tour Packages & Activitites - Tiketi.com\",\"description\":\"Flight &amp; Bus Tickets, Tours, Activitites\",\"publisher\":{\"@id\":\"https:\\\/\\\/tiketi.com\\\/#organization\"},\"potentialAction\":[{\"@type\":\"SearchAction\",\"target\":{\"@type\":\"EntryPoint\",\"urlTemplate\":\"https:\\\/\\\/tiketi.com\\\/?s={search_term_string}\"},\"query-input\":{\"@type\":\"PropertyValueSpecification\",\"valueRequired\":true,\"valueName\":\"search_term_string\"}}],\"inLanguage\":\"fr-FR\"},{\"@type\":\"Organization\",\"@id\":\"https:\\\/\\\/tiketi.com\\\/#organization\",\"name\":\"Tiketi.com\",\"alternateName\":\"Tiketi\",\"url\":\"https:\\\/\\\/tiketi.com\\\/\",\"logo\":{\"@type\":\"ImageObject\",\"inLanguage\":\"fr-FR\",\"@id\":\"https:\\\/\\\/tiketi.com\\\/#\\\/schema\\\/logo\\\/image\\\/\",\"url\":\"https:\\\/\\\/tiketi.com\\\/wp-content\\\/uploads\\\/2019\\\/05\\\/tiketi-logo-696.png\",\"contentUrl\":\"https:\\\/\\\/tiketi.com\\\/wp-content\\\/uploads\\\/2019\\\/05\\\/tiketi-logo-696.png\",\"width\":696,\"height\":696,\"caption\":\"Tiketi.com\"},\"image\":{\"@id\":\"https:\\\/\\\/tiketi.com\\\/#\\\/schema\\\/logo\\\/image\\\/\"},\"sameAs\":[\"https:\\\/\\\/www.facebook.com\\\/TiketiCom\\\/\"]}]}<\/script>\n<!-- \/ Yoast SEO plugin. -->","yoast_head_json":{"title":"Tombs Motorways R\u00e9servation en ligne, billets de bus, itin\u00e9raire, horaires et tarifs","description":"Vous recherchez une r\u00e9servation en ligne, une application, des contacts, des itin\u00e9raires, des tarifs et des horaires pour Tombs Motorways\u00a0? R\u00e9servez vos billets de bus en ligne Tombs Motorways \u00e0 bas prix","robots":{"index":"index","follow":"follow","max-snippet":"max-snippet:-1","max-image-preview":"max-image-preview:large","max-video-preview":"max-video-preview:-1"},"canonical":"https:\/\/tiketi.com\/fr-fr\/tombs-motoways-buses\/","og_locale":"fr_FR","og_type":"article","og_title":"Tombs Motorways Online Booking, Bus Tickets, Route, Schedule & Fare","og_description":"Looking for Tombs Motorways online booking, app, contacts, routes, fare and schedule? Make cheap Tombs Motorways online bus ticket booking","og_url":"https:\/\/tiketi.com\/fr-fr\/tombs-motoways-buses\/","og_site_name":"Tiketi.com","article_publisher":"https:\/\/www.facebook.com\/TiketiCom\/","article_modified_time":"2022-02-22T12:32:37+00:00","og_image":[{"width":1200,"height":206,"url":"https:\/\/tiketi.com\/wp-content\/uploads\/2022\/01\/bus-ticket-online-booking.jpg","type":"image\/jpeg"}],"twitter_card":"summary_large_image","twitter_misc":{"Dur\u00e9e de lecture estim\u00e9e":"2 minutes"},"schema":{"@context":"https:\/\/schema.org","@graph":[{"@type":"WebPage","@id":"https:\/\/tiketi.com\/tombs-motoways-buses\/","url":"https:\/\/tiketi.com\/tombs-motoways-buses\/","name":"Tombs Motorways R\u00e9servation en ligne, billets de bus, itin\u00e9raire, horaires et tarifs","isPartOf":{"@id":"https:\/\/tiketi.com\/#website"},"primaryImageOfPage":{"@id":"https:\/\/tiketi.com\/tombs-motoways-buses\/#primaryimage"},"image":{"@id":"https:\/\/tiketi.com\/tombs-motoways-buses\/#primaryimage"},"thumbnailUrl":"https:\/\/tiketi.com\/wp-content\/uploads\/2022\/01\/bus-ticket-online-booking.jpg","datePublished":"2022-01-19T11:54:00+00:00","dateModified":"2022-02-22T12:32:37+00:00","description":"Vous recherchez une r\u00e9servation en ligne, une application, des contacts, des itin\u00e9raires, des tarifs et des horaires pour Tombs Motorways\u00a0? R\u00e9servez vos billets de bus en ligne Tombs Motorways \u00e0 bas prix","breadcrumb":{"@id":"https:\/\/tiketi.com\/tombs-motoways-buses\/#breadcrumb"},"inLanguage":"fr-FR","potentialAction":[{"@type":"ReadAction","target":["https:\/\/tiketi.com\/tombs-motoways-buses\/"]}]},{"@type":"ImageObject","inLanguage":"fr-FR","@id":"https:\/\/tiketi.com\/tombs-motoways-buses\/#primaryimage","url":"https:\/\/tiketi.com\/wp-content\/uploads\/2022\/01\/bus-ticket-online-booking.jpg","contentUrl":"https:\/\/tiketi.com\/wp-content\/uploads\/2022\/01\/bus-ticket-online-booking.jpg","width":1200,"height":206,"caption":"Online Bus Ticket Booking"},{"@type":"BreadcrumbList","@id":"https:\/\/tiketi.com\/tombs-motoways-buses\/#breadcrumb","itemListElement":[{"@type":"ListItem","position":1,"name":"Home","item":"https:\/\/tiketi.com\/"},{"@type":"ListItem","position":2,"name":"Tombs Motorways Online Booking, Bus Tickets, Route, Schedule &#038; Fare"}]},{"@type":"WebSite","@id":"https:\/\/tiketi.com\/#website","url":"https:\/\/tiketi.com\/","name":"Billets d&#039;avion et de bus, forfaits touristiques et activit\u00e9s - Tiketi.com","description":"Billets d&#039;avion et de bus, Tours, Activit\u00e9s","publisher":{"@id":"https:\/\/tiketi.com\/#organization"},"potentialAction":[{"@type":"SearchAction","target":{"@type":"EntryPoint","urlTemplate":"https:\/\/tiketi.com\/?s={search_term_string}"},"query-input":{"@type":"PropertyValueSpecification","valueRequired":true,"valueName":"search_term_string"}}],"inLanguage":"fr-FR"},{"@type":"Organization","@id":"https:\/\/tiketi.com\/#organization","name":"Tiketi.com","alternateName":"Tiketi","url":"https:\/\/tiketi.com\/","logo":{"@type":"ImageObject","inLanguage":"fr-FR","@id":"https:\/\/tiketi.com\/#\/schema\/logo\/image\/","url":"https:\/\/tiketi.com\/wp-content\/uploads\/2019\/05\/tiketi-logo-696.png","contentUrl":"https:\/\/tiketi.com\/wp-content\/uploads\/2019\/05\/tiketi-logo-696.png","width":696,"height":696,"caption":"Tiketi.com"},"image":{"@id":"https:\/\/tiketi.com\/#\/schema\/logo\/image\/"},"sameAs":["https:\/\/www.facebook.com\/TiketiCom\/"]}]}},"_links":{"self":[{"href":"https:\/\/tiketi.com\/fr-fr\/wp-json\/wp\/v2\/pages\/10943","targetHints":{"allow":["GET"]}}],"collection":[{"href":"https:\/\/tiketi.com\/fr-fr\/wp-json\/wp\/v2\/pages"}],"about":[{"href":"https:\/\/tiketi.com\/fr-fr\/wp-json\/wp\/v2\/types\/page"}],"author":[{"embeddable":true,"href":"https:\/\/tiketi.com\/fr-fr\/wp-json\/wp\/v2\/users\/1"}],"replies":[{"embeddable":true,"href":"https:\/\/tiketi.com\/fr-fr\/wp-json\/wp\/v2\/comments?post=10943"}],"version-history":[{"count":0,"href":"https:\/\/tiketi.com\/fr-fr\/wp-json\/wp\/v2\/pages\/10943\/revisions"}],"wp:featuredmedia":[{"embeddable":true,"href":"https:\/\/tiketi.com\/fr-fr\/wp-json\/wp\/v2\/media\/13999"}],"wp:attachment":[{"href":"https:\/\/tiketi.com\/fr-fr\/wp-json\/wp\/v2\/media?parent=10943"}],"curies":[{"name":"wp","href":"https:\/\/api.w.org\/{rel}","templated":true}]}}