{"id":10944,"date":"2022-01-19T12:54:00","date_gmt":"2022-01-19T11:54:00","guid":{"rendered":"https:\/\/new.tiketi.com\/shambalai-express-online-booking-lushoto-to-tanga-dar-es-salaam-bus-tickets\/"},"modified":"2022-02-21T13:55:32","modified_gmt":"2022-02-21T12:55:32","slug":"shambalai-express-buses","status":"publish","type":"page","link":"https:\/\/tiketi.com\/fr-fr\/shambalai-express-buses\/","title":{"rendered":"R\u00e9servation en ligne Shambalai Express, Lushoto \u00e0 Tanga, Dar, billets de bus"},"content":{"rendered":"<h2>R\u00e9servation de billets de bus en ligne Shambalai Express<\/h2>\n<h3>D\u00e9couvrez votre itin\u00e9raire de voyage sur le web, le mobile ou l&#039;application et r\u00e9servez d\u00e8s maintenant en ligne des billets de bus Shambalai Express pas chers.<\/h3>\n<p>R\u00e9servation en ligne Shambalai Express simplifi\u00e9e. Shambalai Express propose des services quotidiens de bus interurbains de passagers de la r\u00e9gion de Tanga vers d&#039;autres endroits en Tanzanie, principalement Dar es Salaam. L&#039;entreprise a son si\u00e8ge social dans la r\u00e9gion de Tanga avec quelques autres sous-bureaux dans toutes les villes o\u00f9 leurs bus allaient. Alors faites la r\u00e9servation de billets en ligne Shambalai Express maintenant!<\/p>\n<h2>FAQ sur la r\u00e9servation en ligne de Shambalai Express<\/h2>\n<h3>Quels sont les trajets et les tarifs des bus Shambalai Express ?<\/h3>\n<p>\u2022 Dar es Salaam \u00e0 Mtae via Lushoto<br \/>\n\u2022 Dar es Salaam \u00e0 Lunguza via Mombo<br \/>\n\u2022 Dar es Salaam \u00e0 Monduli via Arusha et Moshi<\/p>\n<h3>Ligne de service de bus Shambalai Express<\/h3>\n<p>Shambalai Express fournit des services de transport de passagers r\u00e9guliers interurbains quotidiens entre la r\u00e9gion de Tanga comme Pwani, Dar es Salaam, Arusha et Kilimandjaro. Ils ont un d\u00e9part quotidien le matin dans toutes les villes o\u00f9 ils ont des bureaux et des destinations.<\/p>\n<p>Shambalai Express transite \u00e9galement des colis entre les r\u00e9gions et les villes nomm\u00e9es avec des prix ou des frais \u00e9quitables.<\/p>\n<h3>Flotte de bus Shambalai Express<\/h3>\n<p>Shambalai Express a une combinaison de flotte dans leur d\u00e9part avec des mod\u00e8les de bus Scania jusqu&#039;aux mod\u00e8les de bus Zhongtong et de bus chinois Yutong. Ils ont des bus de classe ordinaire et la plupart d&#039;entre eux empruntent les itin\u00e9raires de la campagne et la classe semi-luxe qui emprunte les itin\u00e9raires d&#039;Arusha et de Dar es Salaam.<\/p>\n<p>Lorsque vous choisissez de voyager avec Shambalai Express, vous profiterez de nombreuses sp\u00e9cifications de bord de leurs bus modernes et nouveaux. La plupart de leurs bus offrent les sp\u00e9cifications et services suivants \u00e0 leurs clients\u00a0:<\/p>\n<p>\u2022 Services de climatisation sur certains de leurs bus<br \/>\n\u2022 Meilleure musique du nouveau syst\u00e8me audio install\u00e9 \u00e0 bord<br \/>\n\u2022 H\u00f4te et chauffeurs bien form\u00e9s et exp\u00e9riment\u00e9s<\/p>\n<h3>Quelles sont les coordonn\u00e9es et les coordonn\u00e9es du bureau de Shambalai Express &amp; Bus\u00a0?<\/h3>\n<p>Shambalai Express Limited<\/p>\n<p>Dar es Salaam, Tanzanie<\/p>\n<h2>Conseils de r\u00e9servation de billets de bus en ligne Shambalai Express<\/h2>\n<p>La soci\u00e9t\u00e9 Shambalai Express Limited est dans l&#039;industrie des bus depuis plus de vingt ans, elle a maintenant plus d&#039;exp\u00e9rience avec les conditions qui pr\u00e9valent dans l&#039;industrie du transport en sachant ce que leurs clients attendent r\u00e9ellement d&#039;eux.<\/p>","protected":false},"excerpt":{"rendered":"<p>Shambalai Express\u00a0Online Bus Ticket Booking Discover your travel route on web, mobile or app and book cheap Shambalai Express bus tickets online now. Shambalai Express\u00a0online booking made easy.\u00a0Shambalai Express offer daily intercity passenger bus services from the Tanga area to other places in Tanzania mainly Dar es Salaam. The firm has its headquarter in Tanga [&hellip;]<\/p>\n","protected":false},"author":1,"featured_media":13999,"parent":0,"menu_order":0,"comment_status":"open","ping_status":"closed","template":"template-home-modern.php","meta":{"footnotes":""},"class_list":["post-10944","page","type-page","status-publish","has-post-thumbnail","hentry"],"yoast_head":"<!-- This site is optimized with the Yoast SEO plugin v27.3 - https:\/\/yoast.com\/product\/yoast-seo-wordpress\/ -->\n<title>Shambalai Express Online Booking, Lushoto To Tanga, Dar, Bus Tickets<\/title>\n<meta name=\"description\" content=\"Looking for Shambalai Express\u00a0online booking, app, contacts, bus routes, fare and schedule? Make a Shambalai Express online bus ticket booking\" \/>\n<meta name=\"robots\" content=\"index, follow, max-snippet:-1, max-image-preview:large, max-video-preview:-1\" \/>\n<link rel=\"canonical\" href=\"https:\/\/tiketi.com\/fr-fr\/shambalai-express-buses\/\" \/>\n<meta property=\"og:locale\" content=\"fr_FR\" \/>\n<meta property=\"og:type\" content=\"article\" \/>\n<meta property=\"og:title\" content=\"Shambalai Express Online Booking, Lushoto To Tanga, Dar, Bus Tickets\" \/>\n<meta property=\"og:description\" content=\"Looking for Shambalai Express\u00a0online booking, app, contacts, bus routes, fare and schedule? Make a Shambalai Express online bus ticket booking\" \/>\n<meta property=\"og:url\" content=\"https:\/\/tiketi.com\/fr-fr\/shambalai-express-buses\/\" \/>\n<meta property=\"og:site_name\" content=\"Tiketi.com\" \/>\n<meta property=\"article:publisher\" content=\"https:\/\/www.facebook.com\/TiketiCom\/\" \/>\n<meta property=\"article:modified_time\" content=\"2022-02-21T12:55:32+00:00\" \/>\n<meta property=\"og:image\" content=\"https:\/\/tiketi.com\/wp-content\/uploads\/2022\/01\/bus-ticket-online-booking.jpg\" \/>\n\t<meta property=\"og:image:width\" content=\"1200\" \/>\n\t<meta property=\"og:image:height\" content=\"206\" \/>\n\t<meta property=\"og:image:type\" content=\"image\/jpeg\" \/>\n<meta name=\"twitter:card\" content=\"summary_large_image\" \/>\n<meta name=\"twitter:label1\" content=\"Dur\u00e9e de lecture estim\u00e9e\" \/>\n\t<meta name=\"twitter:data1\" content=\"2 minutes\" \/>\n<script type=\"application\/ld+json\" class=\"yoast-schema-graph\">{\"@context\":\"https:\\\/\\\/schema.org\",\"@graph\":[{\"@type\":\"WebPage\",\"@id\":\"https:\\\/\\\/tiketi.com\\\/sw\\\/shambalai-express-buses\\\/\",\"url\":\"https:\\\/\\\/tiketi.com\\\/sw\\\/shambalai-express-buses\\\/\",\"name\":\"Shambalai Express Online Booking, Lushoto To Tanga, Dar, Bus Tickets\",\"isPartOf\":{\"@id\":\"https:\\\/\\\/tiketi.com\\\/#website\"},\"primaryImageOfPage\":{\"@id\":\"https:\\\/\\\/tiketi.com\\\/sw\\\/shambalai-express-buses\\\/#primaryimage\"},\"image\":{\"@id\":\"https:\\\/\\\/tiketi.com\\\/sw\\\/shambalai-express-buses\\\/#primaryimage\"},\"thumbnailUrl\":\"https:\\\/\\\/tiketi.com\\\/wp-content\\\/uploads\\\/2022\\\/01\\\/bus-ticket-online-booking.jpg\",\"datePublished\":\"2022-01-19T11:54:00+00:00\",\"dateModified\":\"2022-02-21T12:55:32+00:00\",\"description\":\"Looking for Shambalai Express\u00a0online booking, app, contacts, bus routes, fare and schedule? Make a Shambalai Express online bus ticket booking\",\"breadcrumb\":{\"@id\":\"https:\\\/\\\/tiketi.com\\\/sw\\\/shambalai-express-buses\\\/#breadcrumb\"},\"inLanguage\":\"fr-FR\",\"potentialAction\":[{\"@type\":\"ReadAction\",\"target\":[\"https:\\\/\\\/tiketi.com\\\/sw\\\/shambalai-express-buses\\\/\"]}]},{\"@type\":\"ImageObject\",\"inLanguage\":\"fr-FR\",\"@id\":\"https:\\\/\\\/tiketi.com\\\/sw\\\/shambalai-express-buses\\\/#primaryimage\",\"url\":\"https:\\\/\\\/tiketi.com\\\/wp-content\\\/uploads\\\/2022\\\/01\\\/bus-ticket-online-booking.jpg\",\"contentUrl\":\"https:\\\/\\\/tiketi.com\\\/wp-content\\\/uploads\\\/2022\\\/01\\\/bus-ticket-online-booking.jpg\",\"width\":1200,\"height\":206,\"caption\":\"Online Bus Ticket Booking\"},{\"@type\":\"BreadcrumbList\",\"@id\":\"https:\\\/\\\/tiketi.com\\\/sw\\\/shambalai-express-buses\\\/#breadcrumb\",\"itemListElement\":[{\"@type\":\"ListItem\",\"position\":1,\"name\":\"Home\",\"item\":\"https:\\\/\\\/tiketi.com\\\/\"},{\"@type\":\"ListItem\",\"position\":2,\"name\":\"Shambalai Express Online Booking, Lushoto To Tanga, Dar, Bus Tickets\"}]},{\"@type\":\"WebSite\",\"@id\":\"https:\\\/\\\/tiketi.com\\\/#website\",\"url\":\"https:\\\/\\\/tiketi.com\\\/\",\"name\":\"Flight & Bus Tickets, Tour Packages & Activitites - Tiketi.com\",\"description\":\"Flight &amp; Bus Tickets, Tours, Activitites\",\"publisher\":{\"@id\":\"https:\\\/\\\/tiketi.com\\\/#organization\"},\"potentialAction\":[{\"@type\":\"SearchAction\",\"target\":{\"@type\":\"EntryPoint\",\"urlTemplate\":\"https:\\\/\\\/tiketi.com\\\/?s={search_term_string}\"},\"query-input\":{\"@type\":\"PropertyValueSpecification\",\"valueRequired\":true,\"valueName\":\"search_term_string\"}}],\"inLanguage\":\"fr-FR\"},{\"@type\":\"Organization\",\"@id\":\"https:\\\/\\\/tiketi.com\\\/#organization\",\"name\":\"Tiketi.com\",\"alternateName\":\"Tiketi\",\"url\":\"https:\\\/\\\/tiketi.com\\\/\",\"logo\":{\"@type\":\"ImageObject\",\"inLanguage\":\"fr-FR\",\"@id\":\"https:\\\/\\\/tiketi.com\\\/#\\\/schema\\\/logo\\\/image\\\/\",\"url\":\"https:\\\/\\\/tiketi.com\\\/wp-content\\\/uploads\\\/2019\\\/05\\\/tiketi-logo-696.png\",\"contentUrl\":\"https:\\\/\\\/tiketi.com\\\/wp-content\\\/uploads\\\/2019\\\/05\\\/tiketi-logo-696.png\",\"width\":696,\"height\":696,\"caption\":\"Tiketi.com\"},\"image\":{\"@id\":\"https:\\\/\\\/tiketi.com\\\/#\\\/schema\\\/logo\\\/image\\\/\"},\"sameAs\":[\"https:\\\/\\\/www.facebook.com\\\/TiketiCom\\\/\"]}]}<\/script>\n<!-- \/ Yoast SEO plugin. -->","yoast_head_json":{"title":"R\u00e9servation en ligne Shambalai Express, Lushoto \u00e0 Tanga, Dar, billets de bus","description":"Vous recherchez une r\u00e9servation en ligne, une application, des contacts, des itin\u00e9raires de bus, des tarifs et des horaires pour Shambalai Express\u00a0? Faire une r\u00e9servation de billet de bus en ligne Shambalai Express","robots":{"index":"index","follow":"follow","max-snippet":"max-snippet:-1","max-image-preview":"max-image-preview:large","max-video-preview":"max-video-preview:-1"},"canonical":"https:\/\/tiketi.com\/fr-fr\/shambalai-express-buses\/","og_locale":"fr_FR","og_type":"article","og_title":"Shambalai Express Online Booking, Lushoto To Tanga, Dar, Bus Tickets","og_description":"Looking for Shambalai Express\u00a0online booking, app, contacts, bus routes, fare and schedule? Make a Shambalai Express online bus ticket booking","og_url":"https:\/\/tiketi.com\/fr-fr\/shambalai-express-buses\/","og_site_name":"Tiketi.com","article_publisher":"https:\/\/www.facebook.com\/TiketiCom\/","article_modified_time":"2022-02-21T12:55:32+00:00","og_image":[{"width":1200,"height":206,"url":"https:\/\/tiketi.com\/wp-content\/uploads\/2022\/01\/bus-ticket-online-booking.jpg","type":"image\/jpeg"}],"twitter_card":"summary_large_image","twitter_misc":{"Dur\u00e9e de lecture estim\u00e9e":"2 minutes"},"schema":{"@context":"https:\/\/schema.org","@graph":[{"@type":"WebPage","@id":"https:\/\/tiketi.com\/sw\/shambalai-express-buses\/","url":"https:\/\/tiketi.com\/sw\/shambalai-express-buses\/","name":"R\u00e9servation en ligne Shambalai Express, Lushoto \u00e0 Tanga, Dar, billets de bus","isPartOf":{"@id":"https:\/\/tiketi.com\/#website"},"primaryImageOfPage":{"@id":"https:\/\/tiketi.com\/sw\/shambalai-express-buses\/#primaryimage"},"image":{"@id":"https:\/\/tiketi.com\/sw\/shambalai-express-buses\/#primaryimage"},"thumbnailUrl":"https:\/\/tiketi.com\/wp-content\/uploads\/2022\/01\/bus-ticket-online-booking.jpg","datePublished":"2022-01-19T11:54:00+00:00","dateModified":"2022-02-21T12:55:32+00:00","description":"Vous recherchez une r\u00e9servation en ligne, une application, des contacts, des itin\u00e9raires de bus, des tarifs et des horaires pour Shambalai Express\u00a0? Faire une r\u00e9servation de billet de bus en ligne Shambalai Express","breadcrumb":{"@id":"https:\/\/tiketi.com\/sw\/shambalai-express-buses\/#breadcrumb"},"inLanguage":"fr-FR","potentialAction":[{"@type":"ReadAction","target":["https:\/\/tiketi.com\/sw\/shambalai-express-buses\/"]}]},{"@type":"ImageObject","inLanguage":"fr-FR","@id":"https:\/\/tiketi.com\/sw\/shambalai-express-buses\/#primaryimage","url":"https:\/\/tiketi.com\/wp-content\/uploads\/2022\/01\/bus-ticket-online-booking.jpg","contentUrl":"https:\/\/tiketi.com\/wp-content\/uploads\/2022\/01\/bus-ticket-online-booking.jpg","width":1200,"height":206,"caption":"Online Bus Ticket Booking"},{"@type":"BreadcrumbList","@id":"https:\/\/tiketi.com\/sw\/shambalai-express-buses\/#breadcrumb","itemListElement":[{"@type":"ListItem","position":1,"name":"Home","item":"https:\/\/tiketi.com\/"},{"@type":"ListItem","position":2,"name":"Shambalai Express Online Booking, Lushoto To Tanga, Dar, Bus Tickets"}]},{"@type":"WebSite","@id":"https:\/\/tiketi.com\/#website","url":"https:\/\/tiketi.com\/","name":"Billets d&#039;avion et de bus, forfaits touristiques et activit\u00e9s - Tiketi.com","description":"Billets d&#039;avion et de bus, Tours, Activit\u00e9s","publisher":{"@id":"https:\/\/tiketi.com\/#organization"},"potentialAction":[{"@type":"SearchAction","target":{"@type":"EntryPoint","urlTemplate":"https:\/\/tiketi.com\/?s={search_term_string}"},"query-input":{"@type":"PropertyValueSpecification","valueRequired":true,"valueName":"search_term_string"}}],"inLanguage":"fr-FR"},{"@type":"Organization","@id":"https:\/\/tiketi.com\/#organization","name":"Tiketi.com","alternateName":"Tiketi","url":"https:\/\/tiketi.com\/","logo":{"@type":"ImageObject","inLanguage":"fr-FR","@id":"https:\/\/tiketi.com\/#\/schema\/logo\/image\/","url":"https:\/\/tiketi.com\/wp-content\/uploads\/2019\/05\/tiketi-logo-696.png","contentUrl":"https:\/\/tiketi.com\/wp-content\/uploads\/2019\/05\/tiketi-logo-696.png","width":696,"height":696,"caption":"Tiketi.com"},"image":{"@id":"https:\/\/tiketi.com\/#\/schema\/logo\/image\/"},"sameAs":["https:\/\/www.facebook.com\/TiketiCom\/"]}]}},"_links":{"self":[{"href":"https:\/\/tiketi.com\/fr-fr\/wp-json\/wp\/v2\/pages\/10944","targetHints":{"allow":["GET"]}}],"collection":[{"href":"https:\/\/tiketi.com\/fr-fr\/wp-json\/wp\/v2\/pages"}],"about":[{"href":"https:\/\/tiketi.com\/fr-fr\/wp-json\/wp\/v2\/types\/page"}],"author":[{"embeddable":true,"href":"https:\/\/tiketi.com\/fr-fr\/wp-json\/wp\/v2\/users\/1"}],"replies":[{"embeddable":true,"href":"https:\/\/tiketi.com\/fr-fr\/wp-json\/wp\/v2\/comments?post=10944"}],"version-history":[{"count":0,"href":"https:\/\/tiketi.com\/fr-fr\/wp-json\/wp\/v2\/pages\/10944\/revisions"}],"wp:featuredmedia":[{"embeddable":true,"href":"https:\/\/tiketi.com\/fr-fr\/wp-json\/wp\/v2\/media\/13999"}],"wp:attachment":[{"href":"https:\/\/tiketi.com\/fr-fr\/wp-json\/wp\/v2\/media?parent=10944"}],"curies":[{"name":"wp","href":"https:\/\/api.w.org\/{rel}","templated":true}]}}