{"id":10945,"date":"2022-01-19T12:54:00","date_gmt":"2022-01-19T11:54:00","guid":{"rendered":"https:\/\/new.tiketi.com\/spider-coach-online-booking-bus-tickets-reservation\/"},"modified":"2022-02-21T17:12:19","modified_gmt":"2022-02-21T16:12:19","slug":"spider-coach-buses","status":"publish","type":"page","link":"https:\/\/tiketi.com\/fr-fr\/spider-coach-buses\/","title":{"rendered":"R\u00e9servation en ligne Spider Coach, billets de bus, itin\u00e9raire, horaires et tarifs"},"content":{"rendered":"<h2>R\u00e9servation de billets en ligne Spider Bus<\/h2>\n<h3>D\u00e9couvrez votre itin\u00e9raire de voyage sur le web, le mobile ou l&#039;application et r\u00e9servez d\u00e8s maintenant des billets de bus Spider pas chers en ligne.<\/h3>\n<p>La r\u00e9servation en ligne de Spider Coach simplifi\u00e9e. Spider coach ltd est une soci\u00e9t\u00e9 de bus internationale qui exploite et dessert des clients dans toute la r\u00e9gion de l&#039;Afrique de l&#039;Est. C&#039;est l&#039;une des plus anciennes compagnies de bus qui op\u00e8rent encore en Afrique de l&#039;Est, Spider Coach \u00e9tait le meilleur challenger des entreprises mortes comme Kamapala Coach et Akamba bus. Alors faites la r\u00e9servation de billets en ligne Spider Bus maintenant!<\/p>\n<p>L&#039;entra\u00eeneur Spider est maintenant dans une des meilleures comp\u00e9titions avec d&#039;autres entreprises comme Dar Lux, Tahmeed, Dar Express, Modern Coast et Saibaba sur la route de Dar es Salaam \u00e0 Nairobi. En dehors de la route de Nairobi, les bus Spider dominent toujours les autres grandes routes internationales.<\/p>\n<h2>FAQ sur la r\u00e9servation en ligne de Spider Coach<\/h2>\n<h3>Quels sont les trajets et les prix des bus Spider Coach ?<\/h3>\n<p>\u2022 Dar es Salaam \u00e0 Nairobi via Arusha<br \/>\n\u2022 Kampala \u00e0 Nairobi<br \/>\n\u2022 Dar es Salaam \u00e0 Kampala via Bukoba, \u00e9galement Nairobi<br \/>\n\u2022 Dar es Salaam \u00e0 Lusaka via Tunduma<br \/>\n\u2022 Dar es Salaam \u00e0 Lumbumbashi via Tunduma<br \/>\n\u2022 Dar es Salaam \u00e0 Harare via Trunduma<br \/>\n\u2022 Route directe depuis Kampala et toutes les villes ci-dessus<\/p>\n<h3>Flotte de Spider Coach<\/h3>\n<p>Spider Coach utilise le mod\u00e8le de bus Nissan Ud avec une disposition des si\u00e8ges 2 x 2, leur si\u00e8ge est extr\u00eamement relaxant avec un espace pour les jambes souhait\u00e9, des espaces suffisants avec le si\u00e8ge voisin et ils sont doux. Les autocars Spider ont du plaisir \u00e0 bord, des boissons non alcoolis\u00e9es, des premiers secours et bien plus encore.<\/p>\n<h3>Spider Coach Sensation et look des entra\u00eeneurs<\/h3>\n<p>L&#039;entreprise exploite des autobus de mod\u00e8le Nissan Ud qui ont une disposition des si\u00e8ges 2 x 2. Les si\u00e8ges ont suffisamment d&#039;espace pour les jambes, suffisamment d&#039;espace avec les si\u00e8ges voisins et sont g\u00e9n\u00e9ralement relax.<br \/>\nDe plus, il y a du plaisir \u00e0 bord, des ports de recharge et de l&#039;eau gratuite pour tous les visiteurs.<\/p>\n<h3>Quelles sont les coordonn\u00e9es et les coordonn\u00e9es du bureau de Spider Coach &amp; bus\u00a0?<\/h3>\n<p>Spider Coach LTD<\/p>\n<p>Rez-de-chauss\u00e9e, chemin Duruma, Nairobi, Kenya<\/p>\n<h2>Conseils de r\u00e9servation de billets en ligne Spider Bus<\/h2>\n<p>Spider coach n&#039;a pas de portail de r\u00e9servation. Vous pouvez simplement r\u00e9server votre billetterie dans les villes.<br \/>\nMieux, vous pouvez toujours utiliser les coordonn\u00e9es ci-dessous et leur demander comment r\u00e9server votre place.<\/p>","protected":false},"excerpt":{"rendered":"<p>Spider Bus Online Ticket Booking Discover your travel route on web, mobile or app and book cheap Spider bus tickets online now. Spider Coach online booking made easy.&nbsp;Spider coach ltd is an international bus firm which operates and serves customer across East African area. It is one among the oldest bus firms which still operate [&hellip;]<\/p>\n","protected":false},"author":1,"featured_media":13999,"parent":0,"menu_order":0,"comment_status":"open","ping_status":"closed","template":"template-home-modern.php","meta":{"footnotes":""},"class_list":["post-10945","page","type-page","status-publish","has-post-thumbnail","hentry"],"yoast_head":"<!-- This site is optimized with the Yoast SEO plugin v27.3 - https:\/\/yoast.com\/product\/yoast-seo-wordpress\/ -->\n<title>Spider Coach Online Booking, Bus Tickets Reservation<\/title>\n<meta name=\"description\" content=\"Looking for Spider Coach online booking, app, contacts, bus routes, fare and schedule? Make a cheap Spider Coach online bus ticket booking online now\" \/>\n<meta name=\"robots\" content=\"index, follow, max-snippet:-1, max-image-preview:large, max-video-preview:-1\" \/>\n<link rel=\"canonical\" href=\"https:\/\/tiketi.com\/fr-fr\/spider-coach-buses\/\" \/>\n<meta property=\"og:locale\" content=\"fr_FR\" \/>\n<meta property=\"og:type\" content=\"article\" \/>\n<meta property=\"og:title\" content=\"Spider Coach Online Booking, Bus Tickets Reservation\" \/>\n<meta property=\"og:description\" content=\"Looking for Spider Coach online booking, app, contacts, bus routes, fare and schedule? Make a cheap Spider Coach online bus ticket booking online now\" \/>\n<meta property=\"og:url\" content=\"https:\/\/tiketi.com\/fr-fr\/spider-coach-buses\/\" \/>\n<meta property=\"og:site_name\" content=\"Tiketi.com\" \/>\n<meta property=\"article:publisher\" content=\"https:\/\/www.facebook.com\/TiketiCom\/\" \/>\n<meta property=\"article:modified_time\" content=\"2022-02-21T16:12:19+00:00\" \/>\n<meta property=\"og:image\" content=\"https:\/\/tiketi.com\/wp-content\/uploads\/2022\/01\/bus-ticket-online-booking.jpg\" \/>\n\t<meta property=\"og:image:width\" content=\"1200\" \/>\n\t<meta property=\"og:image:height\" content=\"206\" \/>\n\t<meta property=\"og:image:type\" content=\"image\/jpeg\" \/>\n<meta name=\"twitter:card\" content=\"summary_large_image\" \/>\n<meta name=\"twitter:label1\" content=\"Dur\u00e9e de lecture estim\u00e9e\" \/>\n\t<meta name=\"twitter:data1\" content=\"2 minutes\" \/>\n<script type=\"application\/ld+json\" class=\"yoast-schema-graph\">{\"@context\":\"https:\\\/\\\/schema.org\",\"@graph\":[{\"@type\":\"WebPage\",\"@id\":\"https:\\\/\\\/tiketi.com\\\/spider-coach-buses\\\/\",\"url\":\"https:\\\/\\\/tiketi.com\\\/spider-coach-buses\\\/\",\"name\":\"Spider Coach Online Booking, Bus Tickets Reservation\",\"isPartOf\":{\"@id\":\"https:\\\/\\\/tiketi.com\\\/#website\"},\"primaryImageOfPage\":{\"@id\":\"https:\\\/\\\/tiketi.com\\\/spider-coach-buses\\\/#primaryimage\"},\"image\":{\"@id\":\"https:\\\/\\\/tiketi.com\\\/spider-coach-buses\\\/#primaryimage\"},\"thumbnailUrl\":\"https:\\\/\\\/tiketi.com\\\/wp-content\\\/uploads\\\/2022\\\/01\\\/bus-ticket-online-booking.jpg\",\"datePublished\":\"2022-01-19T11:54:00+00:00\",\"dateModified\":\"2022-02-21T16:12:19+00:00\",\"description\":\"Looking for Spider Coach online booking, app, contacts, bus routes, fare and schedule? Make a cheap Spider Coach online bus ticket booking online now\",\"breadcrumb\":{\"@id\":\"https:\\\/\\\/tiketi.com\\\/spider-coach-buses\\\/#breadcrumb\"},\"inLanguage\":\"fr-FR\",\"potentialAction\":[{\"@type\":\"ReadAction\",\"target\":[\"https:\\\/\\\/tiketi.com\\\/spider-coach-buses\\\/\"]}]},{\"@type\":\"ImageObject\",\"inLanguage\":\"fr-FR\",\"@id\":\"https:\\\/\\\/tiketi.com\\\/spider-coach-buses\\\/#primaryimage\",\"url\":\"https:\\\/\\\/tiketi.com\\\/wp-content\\\/uploads\\\/2022\\\/01\\\/bus-ticket-online-booking.jpg\",\"contentUrl\":\"https:\\\/\\\/tiketi.com\\\/wp-content\\\/uploads\\\/2022\\\/01\\\/bus-ticket-online-booking.jpg\",\"width\":1200,\"height\":206,\"caption\":\"Online Bus Ticket Booking\"},{\"@type\":\"BreadcrumbList\",\"@id\":\"https:\\\/\\\/tiketi.com\\\/spider-coach-buses\\\/#breadcrumb\",\"itemListElement\":[{\"@type\":\"ListItem\",\"position\":1,\"name\":\"Home\",\"item\":\"https:\\\/\\\/tiketi.com\\\/\"},{\"@type\":\"ListItem\",\"position\":2,\"name\":\"Spider Coach Online Booking, Bus Tickets, Route, Schedule &#038; Fare\"}]},{\"@type\":\"WebSite\",\"@id\":\"https:\\\/\\\/tiketi.com\\\/#website\",\"url\":\"https:\\\/\\\/tiketi.com\\\/\",\"name\":\"Flight & Bus Tickets, Tour Packages & Activitites - Tiketi.com\",\"description\":\"Flight &amp; Bus Tickets, Tours, Activitites\",\"publisher\":{\"@id\":\"https:\\\/\\\/tiketi.com\\\/#organization\"},\"potentialAction\":[{\"@type\":\"SearchAction\",\"target\":{\"@type\":\"EntryPoint\",\"urlTemplate\":\"https:\\\/\\\/tiketi.com\\\/?s={search_term_string}\"},\"query-input\":{\"@type\":\"PropertyValueSpecification\",\"valueRequired\":true,\"valueName\":\"search_term_string\"}}],\"inLanguage\":\"fr-FR\"},{\"@type\":\"Organization\",\"@id\":\"https:\\\/\\\/tiketi.com\\\/#organization\",\"name\":\"Tiketi.com\",\"alternateName\":\"Tiketi\",\"url\":\"https:\\\/\\\/tiketi.com\\\/\",\"logo\":{\"@type\":\"ImageObject\",\"inLanguage\":\"fr-FR\",\"@id\":\"https:\\\/\\\/tiketi.com\\\/#\\\/schema\\\/logo\\\/image\\\/\",\"url\":\"https:\\\/\\\/tiketi.com\\\/wp-content\\\/uploads\\\/2019\\\/05\\\/tiketi-logo-696.png\",\"contentUrl\":\"https:\\\/\\\/tiketi.com\\\/wp-content\\\/uploads\\\/2019\\\/05\\\/tiketi-logo-696.png\",\"width\":696,\"height\":696,\"caption\":\"Tiketi.com\"},\"image\":{\"@id\":\"https:\\\/\\\/tiketi.com\\\/#\\\/schema\\\/logo\\\/image\\\/\"},\"sameAs\":[\"https:\\\/\\\/www.facebook.com\\\/TiketiCom\\\/\"]}]}<\/script>\n<!-- \/ Yoast SEO plugin. -->","yoast_head_json":{"title":"R\u00e9servation en ligne Spider Coach, r\u00e9servation de billets de bus","description":"Vous recherchez une r\u00e9servation en ligne Spider Coach, une application, des contacts, des itin\u00e9raires de bus, des tarifs et des horaires\u00a0? Faites une r\u00e9servation de billet de bus en ligne pas cher Spider Coach en ligne maintenant","robots":{"index":"index","follow":"follow","max-snippet":"max-snippet:-1","max-image-preview":"max-image-preview:large","max-video-preview":"max-video-preview:-1"},"canonical":"https:\/\/tiketi.com\/fr-fr\/spider-coach-buses\/","og_locale":"fr_FR","og_type":"article","og_title":"Spider Coach Online Booking, Bus Tickets Reservation","og_description":"Looking for Spider Coach online booking, app, contacts, bus routes, fare and schedule? Make a cheap Spider Coach online bus ticket booking online now","og_url":"https:\/\/tiketi.com\/fr-fr\/spider-coach-buses\/","og_site_name":"Tiketi.com","article_publisher":"https:\/\/www.facebook.com\/TiketiCom\/","article_modified_time":"2022-02-21T16:12:19+00:00","og_image":[{"width":1200,"height":206,"url":"https:\/\/tiketi.com\/wp-content\/uploads\/2022\/01\/bus-ticket-online-booking.jpg","type":"image\/jpeg"}],"twitter_card":"summary_large_image","twitter_misc":{"Dur\u00e9e de lecture estim\u00e9e":"2 minutes"},"schema":{"@context":"https:\/\/schema.org","@graph":[{"@type":"WebPage","@id":"https:\/\/tiketi.com\/spider-coach-buses\/","url":"https:\/\/tiketi.com\/spider-coach-buses\/","name":"R\u00e9servation en ligne Spider Coach, r\u00e9servation de billets de bus","isPartOf":{"@id":"https:\/\/tiketi.com\/#website"},"primaryImageOfPage":{"@id":"https:\/\/tiketi.com\/spider-coach-buses\/#primaryimage"},"image":{"@id":"https:\/\/tiketi.com\/spider-coach-buses\/#primaryimage"},"thumbnailUrl":"https:\/\/tiketi.com\/wp-content\/uploads\/2022\/01\/bus-ticket-online-booking.jpg","datePublished":"2022-01-19T11:54:00+00:00","dateModified":"2022-02-21T16:12:19+00:00","description":"Vous recherchez une r\u00e9servation en ligne Spider Coach, une application, des contacts, des itin\u00e9raires de bus, des tarifs et des horaires\u00a0? Faites une r\u00e9servation de billet de bus en ligne pas cher Spider Coach en ligne maintenant","breadcrumb":{"@id":"https:\/\/tiketi.com\/spider-coach-buses\/#breadcrumb"},"inLanguage":"fr-FR","potentialAction":[{"@type":"ReadAction","target":["https:\/\/tiketi.com\/spider-coach-buses\/"]}]},{"@type":"ImageObject","inLanguage":"fr-FR","@id":"https:\/\/tiketi.com\/spider-coach-buses\/#primaryimage","url":"https:\/\/tiketi.com\/wp-content\/uploads\/2022\/01\/bus-ticket-online-booking.jpg","contentUrl":"https:\/\/tiketi.com\/wp-content\/uploads\/2022\/01\/bus-ticket-online-booking.jpg","width":1200,"height":206,"caption":"Online Bus Ticket Booking"},{"@type":"BreadcrumbList","@id":"https:\/\/tiketi.com\/spider-coach-buses\/#breadcrumb","itemListElement":[{"@type":"ListItem","position":1,"name":"Home","item":"https:\/\/tiketi.com\/"},{"@type":"ListItem","position":2,"name":"Spider Coach Online Booking, Bus Tickets, Route, Schedule &#038; Fare"}]},{"@type":"WebSite","@id":"https:\/\/tiketi.com\/#website","url":"https:\/\/tiketi.com\/","name":"Billets d&#039;avion et de bus, forfaits touristiques et activit\u00e9s - Tiketi.com","description":"Billets d&#039;avion et de bus, Tours, Activit\u00e9s","publisher":{"@id":"https:\/\/tiketi.com\/#organization"},"potentialAction":[{"@type":"SearchAction","target":{"@type":"EntryPoint","urlTemplate":"https:\/\/tiketi.com\/?s={search_term_string}"},"query-input":{"@type":"PropertyValueSpecification","valueRequired":true,"valueName":"search_term_string"}}],"inLanguage":"fr-FR"},{"@type":"Organization","@id":"https:\/\/tiketi.com\/#organization","name":"Tiketi.com","alternateName":"Tiketi","url":"https:\/\/tiketi.com\/","logo":{"@type":"ImageObject","inLanguage":"fr-FR","@id":"https:\/\/tiketi.com\/#\/schema\/logo\/image\/","url":"https:\/\/tiketi.com\/wp-content\/uploads\/2019\/05\/tiketi-logo-696.png","contentUrl":"https:\/\/tiketi.com\/wp-content\/uploads\/2019\/05\/tiketi-logo-696.png","width":696,"height":696,"caption":"Tiketi.com"},"image":{"@id":"https:\/\/tiketi.com\/#\/schema\/logo\/image\/"},"sameAs":["https:\/\/www.facebook.com\/TiketiCom\/"]}]}},"_links":{"self":[{"href":"https:\/\/tiketi.com\/fr-fr\/wp-json\/wp\/v2\/pages\/10945","targetHints":{"allow":["GET"]}}],"collection":[{"href":"https:\/\/tiketi.com\/fr-fr\/wp-json\/wp\/v2\/pages"}],"about":[{"href":"https:\/\/tiketi.com\/fr-fr\/wp-json\/wp\/v2\/types\/page"}],"author":[{"embeddable":true,"href":"https:\/\/tiketi.com\/fr-fr\/wp-json\/wp\/v2\/users\/1"}],"replies":[{"embeddable":true,"href":"https:\/\/tiketi.com\/fr-fr\/wp-json\/wp\/v2\/comments?post=10945"}],"version-history":[{"count":0,"href":"https:\/\/tiketi.com\/fr-fr\/wp-json\/wp\/v2\/pages\/10945\/revisions"}],"wp:featuredmedia":[{"embeddable":true,"href":"https:\/\/tiketi.com\/fr-fr\/wp-json\/wp\/v2\/media\/13999"}],"wp:attachment":[{"href":"https:\/\/tiketi.com\/fr-fr\/wp-json\/wp\/v2\/media?parent=10945"}],"curies":[{"name":"wp","href":"https:\/\/api.w.org\/{rel}","templated":true}]}}