{"id":10946,"date":"2022-01-19T12:54:00","date_gmt":"2022-01-19T11:54:00","guid":{"rendered":"https:\/\/new.tiketi.com\/tenda-transport-online-booking-lagos-to-abuja-bus-tickets\/"},"modified":"2022-02-22T10:55:05","modified_gmt":"2022-02-22T09:55:05","slug":"tenda-transport-buses","status":"publish","type":"page","link":"https:\/\/tiketi.com\/fr-fr\/tenda-transport-buses\/","title":{"rendered":"R\u00e9servation en ligne de Tenda Transport, billets de bus de Lagos \u00e0 Abuja"},"content":{"rendered":"<h2>R\u00e9servation de billets en ligne pour le bus Tenda<\/h2>\n<h3>D\u00e9couvrez votre itin\u00e9raire sur le Web, sur mobile ou sur une application et r\u00e9servez d\u00e8s maintenant des billets de bus Tenda bon march\u00e9 en ligne.<\/h3>\n<p>La r\u00e9servation en ligne de Tenda Transport est facilit\u00e9e. L&#039;entreprise de transport Tenda est une entreprise de bus bas\u00e9e au Zimbabwe qui a \u00e9t\u00e9 cr\u00e9\u00e9e au d\u00e9but des ann\u00e9es 1980. Il s&#039;agit de l&#039;une des plus anciennes entreprises de bus qui exploitera encore des services au Zimbabwe. Ils desservent de nombreuses routes int\u00e9rieures au Zimbabwe et disposent de services transfrontaliers vers la Zambie et l&#039;Afrique du Sud. Alors faites la r\u00e9servation de billets en ligne Tenda Bus d\u00e8s maintenant !<\/p>\n<h2>Tenda Transport R\u00e9servation en ligne, billets de bus, horaires et tarifs FAQ<\/h2>\n<h3>Quels sont les trajets, les horaires et les tarifs des bus Tenda Bus Services ?<\/h3>\n<p>\u2022 Harare \u00e0 Johannesbourg<br \/>\n\u2022 Harare \u00e0 Bulawayo<br \/>\n\u2022 Harare \u00e0 Lusaka<br \/>\n\u2022 Mutare\/Harare \u00e0 Kwekwe<br \/>\n\u2022 Harare \u00e0 Kadoma<br \/>\n\u2022 Harare \u00e0 Hwange<br \/>\n\u2022 Mutare\/Harare \u00e0 Gweru<br \/>\n\u2022 De Harare \u00e0 Beitbridge<br \/>\n\u2022 Mutare \u00e0 Bulawayo<br \/>\n\u2022 De Harare \u00e0 Kariba<br \/>\n\u2022 De Harare \u00e0 Nyamapanda<br \/>\n\u2022 Harare \u00e0 Mutare<br \/>\n\u2022 Mutare\/Harare jusqu&#039;aux chutes Victoria<br \/>\n\u2022 De Harare \u00e0 Magunje<br \/>\n\u2022 Mutare \u00e0 Beitbridge<\/p>\n<h3>Ligne de flotte de bus Tenda<\/h3>\n<p>Tenda fait partie des rares entreprises poss\u00e9dant un v\u00e9hicule de type Leyland DAF. La plupart de ces bus empruntent des itin\u00e9raires ruraux o\u00f9 la plupart de leurs routes ne sont pas dans les meilleures situations. Ils proposent \u00e9galement des mod\u00e8les de bus Scania et MAM avec des carrosseries Marcopolos et MCV. Ils ont \u00e9galement un bus chinois Higer qui semble \u00eatre le plus luxueux de leur liste.<\/p>\n<p>La plupart de leur flotte qui dessert les grandes villes et villages du Zimbabwe ainsi que les services transfrontaliers sont de classe semi-luxe et luxe avec du plaisir \u00e0 bord. Ces bus disposent de services de t\u00e9l\u00e9vision et de musique provenant d&#039;un nouveau syst\u00e8me audio.<\/p>\n<h3>Quelles sont les coordonn\u00e9es et les coordonn\u00e9es du bureau des services de bus et des bus Tenda\u00a0?<\/h3>\n<p>Services de bus Tenda<br \/>\nAdresse\u00a0: 112 Mutare Rd, Msasa, Harare, Zimbabwe<br \/>\nVille du Zimbabwe<\/p>\n<h2>Conseils pour la r\u00e9servation de billets en ligne Tenda Bus<\/h2>\n<p>Dans les ann\u00e9es 80, Tenda d\u00e9tenait un v\u00e9ritable monopole sur l&#039;autoroute la plus fr\u00e9quent\u00e9e du pays, reliant la capitale Harare et la 3\u00e8me plus grande ville de Mutare. \u00c0 leur honneur, Tenda a \u00e9t\u00e9 rapide, efficace et toujours \u00e0 l&#039;heure. Il y avait probablement la compagnie de bus la plus chic et la plus \u00e9l\u00e9gante du Zimbabwe.<\/p>","protected":false},"excerpt":{"rendered":"<p>Tenda Bus Online Ticket Booking Discover your travel route on web, mobile or app and book cheap Tenda bus tickets online now. Tenda Transport\u00a0online booking made easy.\u00a0Tenda transport firm is a Zimbabwe based bus firm which established on the early of 1980. This is one among the oldest bus firm which will still operate services [&hellip;]<\/p>\n","protected":false},"author":1,"featured_media":13999,"parent":0,"menu_order":0,"comment_status":"open","ping_status":"closed","template":"template-home-modern.php","meta":{"footnotes":""},"class_list":["post-10946","page","type-page","status-publish","has-post-thumbnail","hentry"],"yoast_head":"<!-- This site is optimized with the Yoast SEO plugin v27.3 - https:\/\/yoast.com\/product\/yoast-seo-wordpress\/ -->\n<title>Tenda Transport Online Booking, Lagos to Abuja Bus Tickets<\/title>\n<meta name=\"description\" content=\"Looking for Tenda Transport online booking, app, contacts, bus routes, fare and schedule? Make cheap Tenda Bus online ticket booking now\" \/>\n<meta name=\"robots\" content=\"index, follow, max-snippet:-1, max-image-preview:large, max-video-preview:-1\" \/>\n<link rel=\"canonical\" href=\"https:\/\/tiketi.com\/fr-fr\/tenda-transport-buses\/\" \/>\n<meta property=\"og:locale\" content=\"fr_FR\" \/>\n<meta property=\"og:type\" content=\"article\" \/>\n<meta property=\"og:title\" content=\"Tenda Transport Online Booking, Lagos to Abuja Bus Tickets\" \/>\n<meta property=\"og:description\" content=\"Looking for Tenda Transport online booking, app, contacts, bus routes, fare and schedule? Make cheap Tenda Bus online ticket booking now\" \/>\n<meta property=\"og:url\" content=\"https:\/\/tiketi.com\/fr-fr\/tenda-transport-buses\/\" \/>\n<meta property=\"og:site_name\" content=\"Tiketi.com\" \/>\n<meta property=\"article:publisher\" content=\"https:\/\/www.facebook.com\/TiketiCom\/\" \/>\n<meta property=\"article:modified_time\" content=\"2022-02-22T09:55:05+00:00\" \/>\n<meta property=\"og:image\" content=\"https:\/\/tiketi.com\/wp-content\/uploads\/2022\/01\/bus-ticket-online-booking.jpg\" \/>\n\t<meta property=\"og:image:width\" content=\"1200\" \/>\n\t<meta property=\"og:image:height\" content=\"206\" \/>\n\t<meta property=\"og:image:type\" content=\"image\/jpeg\" \/>\n<meta name=\"twitter:card\" content=\"summary_large_image\" \/>\n<meta name=\"twitter:label1\" content=\"Dur\u00e9e de lecture estim\u00e9e\" \/>\n\t<meta name=\"twitter:data1\" content=\"2 minutes\" \/>\n<script type=\"application\/ld+json\" class=\"yoast-schema-graph\">{\"@context\":\"https:\\\/\\\/schema.org\",\"@graph\":[{\"@type\":\"WebPage\",\"@id\":\"https:\\\/\\\/tiketi.com\\\/tenda-transport-buses\\\/\",\"url\":\"https:\\\/\\\/tiketi.com\\\/tenda-transport-buses\\\/\",\"name\":\"Tenda Transport Online Booking, Lagos to Abuja Bus Tickets\",\"isPartOf\":{\"@id\":\"https:\\\/\\\/tiketi.com\\\/#website\"},\"primaryImageOfPage\":{\"@id\":\"https:\\\/\\\/tiketi.com\\\/tenda-transport-buses\\\/#primaryimage\"},\"image\":{\"@id\":\"https:\\\/\\\/tiketi.com\\\/tenda-transport-buses\\\/#primaryimage\"},\"thumbnailUrl\":\"https:\\\/\\\/tiketi.com\\\/wp-content\\\/uploads\\\/2022\\\/01\\\/bus-ticket-online-booking.jpg\",\"datePublished\":\"2022-01-19T11:54:00+00:00\",\"dateModified\":\"2022-02-22T09:55:05+00:00\",\"description\":\"Looking for Tenda Transport online booking, app, contacts, bus routes, fare and schedule? Make cheap Tenda Bus online ticket booking now\",\"breadcrumb\":{\"@id\":\"https:\\\/\\\/tiketi.com\\\/tenda-transport-buses\\\/#breadcrumb\"},\"inLanguage\":\"fr-FR\",\"potentialAction\":[{\"@type\":\"ReadAction\",\"target\":[\"https:\\\/\\\/tiketi.com\\\/tenda-transport-buses\\\/\"]}]},{\"@type\":\"ImageObject\",\"inLanguage\":\"fr-FR\",\"@id\":\"https:\\\/\\\/tiketi.com\\\/tenda-transport-buses\\\/#primaryimage\",\"url\":\"https:\\\/\\\/tiketi.com\\\/wp-content\\\/uploads\\\/2022\\\/01\\\/bus-ticket-online-booking.jpg\",\"contentUrl\":\"https:\\\/\\\/tiketi.com\\\/wp-content\\\/uploads\\\/2022\\\/01\\\/bus-ticket-online-booking.jpg\",\"width\":1200,\"height\":206,\"caption\":\"Online Bus Ticket Booking\"},{\"@type\":\"BreadcrumbList\",\"@id\":\"https:\\\/\\\/tiketi.com\\\/tenda-transport-buses\\\/#breadcrumb\",\"itemListElement\":[{\"@type\":\"ListItem\",\"position\":1,\"name\":\"Home\",\"item\":\"https:\\\/\\\/tiketi.com\\\/\"},{\"@type\":\"ListItem\",\"position\":2,\"name\":\"Tenda Transport Online Booking, Lagos to Abuja Bus Tickets\"}]},{\"@type\":\"WebSite\",\"@id\":\"https:\\\/\\\/tiketi.com\\\/#website\",\"url\":\"https:\\\/\\\/tiketi.com\\\/\",\"name\":\"Flight & Bus Tickets, Tour Packages & Activitites - Tiketi.com\",\"description\":\"Flight &amp; Bus Tickets, Tours, Activitites\",\"publisher\":{\"@id\":\"https:\\\/\\\/tiketi.com\\\/#organization\"},\"potentialAction\":[{\"@type\":\"SearchAction\",\"target\":{\"@type\":\"EntryPoint\",\"urlTemplate\":\"https:\\\/\\\/tiketi.com\\\/?s={search_term_string}\"},\"query-input\":{\"@type\":\"PropertyValueSpecification\",\"valueRequired\":true,\"valueName\":\"search_term_string\"}}],\"inLanguage\":\"fr-FR\"},{\"@type\":\"Organization\",\"@id\":\"https:\\\/\\\/tiketi.com\\\/#organization\",\"name\":\"Tiketi.com\",\"alternateName\":\"Tiketi\",\"url\":\"https:\\\/\\\/tiketi.com\\\/\",\"logo\":{\"@type\":\"ImageObject\",\"inLanguage\":\"fr-FR\",\"@id\":\"https:\\\/\\\/tiketi.com\\\/#\\\/schema\\\/logo\\\/image\\\/\",\"url\":\"https:\\\/\\\/tiketi.com\\\/wp-content\\\/uploads\\\/2019\\\/05\\\/tiketi-logo-696.png\",\"contentUrl\":\"https:\\\/\\\/tiketi.com\\\/wp-content\\\/uploads\\\/2019\\\/05\\\/tiketi-logo-696.png\",\"width\":696,\"height\":696,\"caption\":\"Tiketi.com\"},\"image\":{\"@id\":\"https:\\\/\\\/tiketi.com\\\/#\\\/schema\\\/logo\\\/image\\\/\"},\"sameAs\":[\"https:\\\/\\\/www.facebook.com\\\/TiketiCom\\\/\"]}]}<\/script>\n<!-- \/ Yoast SEO plugin. -->","yoast_head_json":{"title":"R\u00e9servation en ligne de Tenda Transport, billets de bus de Lagos \u00e0 Abuja","description":"Vous recherchez une r\u00e9servation en ligne, une application, des contacts, des itin\u00e9raires de bus, des tarifs et des horaires Tenda Transport\u00a0? R\u00e9servez d\u00e8s maintenant vos billets en ligne Tenda Bus \u00e0 bas prix","robots":{"index":"index","follow":"follow","max-snippet":"max-snippet:-1","max-image-preview":"max-image-preview:large","max-video-preview":"max-video-preview:-1"},"canonical":"https:\/\/tiketi.com\/fr-fr\/tenda-transport-buses\/","og_locale":"fr_FR","og_type":"article","og_title":"Tenda Transport Online Booking, Lagos to Abuja Bus Tickets","og_description":"Looking for Tenda Transport online booking, app, contacts, bus routes, fare and schedule? Make cheap Tenda Bus online ticket booking now","og_url":"https:\/\/tiketi.com\/fr-fr\/tenda-transport-buses\/","og_site_name":"Tiketi.com","article_publisher":"https:\/\/www.facebook.com\/TiketiCom\/","article_modified_time":"2022-02-22T09:55:05+00:00","og_image":[{"width":1200,"height":206,"url":"https:\/\/tiketi.com\/wp-content\/uploads\/2022\/01\/bus-ticket-online-booking.jpg","type":"image\/jpeg"}],"twitter_card":"summary_large_image","twitter_misc":{"Dur\u00e9e de lecture estim\u00e9e":"2 minutes"},"schema":{"@context":"https:\/\/schema.org","@graph":[{"@type":"WebPage","@id":"https:\/\/tiketi.com\/tenda-transport-buses\/","url":"https:\/\/tiketi.com\/tenda-transport-buses\/","name":"R\u00e9servation en ligne de Tenda Transport, billets de bus de Lagos \u00e0 Abuja","isPartOf":{"@id":"https:\/\/tiketi.com\/#website"},"primaryImageOfPage":{"@id":"https:\/\/tiketi.com\/tenda-transport-buses\/#primaryimage"},"image":{"@id":"https:\/\/tiketi.com\/tenda-transport-buses\/#primaryimage"},"thumbnailUrl":"https:\/\/tiketi.com\/wp-content\/uploads\/2022\/01\/bus-ticket-online-booking.jpg","datePublished":"2022-01-19T11:54:00+00:00","dateModified":"2022-02-22T09:55:05+00:00","description":"Vous recherchez une r\u00e9servation en ligne, une application, des contacts, des itin\u00e9raires de bus, des tarifs et des horaires Tenda Transport\u00a0? R\u00e9servez d\u00e8s maintenant vos billets en ligne Tenda Bus \u00e0 bas prix","breadcrumb":{"@id":"https:\/\/tiketi.com\/tenda-transport-buses\/#breadcrumb"},"inLanguage":"fr-FR","potentialAction":[{"@type":"ReadAction","target":["https:\/\/tiketi.com\/tenda-transport-buses\/"]}]},{"@type":"ImageObject","inLanguage":"fr-FR","@id":"https:\/\/tiketi.com\/tenda-transport-buses\/#primaryimage","url":"https:\/\/tiketi.com\/wp-content\/uploads\/2022\/01\/bus-ticket-online-booking.jpg","contentUrl":"https:\/\/tiketi.com\/wp-content\/uploads\/2022\/01\/bus-ticket-online-booking.jpg","width":1200,"height":206,"caption":"Online Bus Ticket Booking"},{"@type":"BreadcrumbList","@id":"https:\/\/tiketi.com\/tenda-transport-buses\/#breadcrumb","itemListElement":[{"@type":"ListItem","position":1,"name":"Home","item":"https:\/\/tiketi.com\/"},{"@type":"ListItem","position":2,"name":"Tenda Transport Online Booking, Lagos to Abuja Bus Tickets"}]},{"@type":"WebSite","@id":"https:\/\/tiketi.com\/#website","url":"https:\/\/tiketi.com\/","name":"Billets d&#039;avion et de bus, forfaits touristiques et activit\u00e9s - Tiketi.com","description":"Billets d&#039;avion et de bus, Tours, Activit\u00e9s","publisher":{"@id":"https:\/\/tiketi.com\/#organization"},"potentialAction":[{"@type":"SearchAction","target":{"@type":"EntryPoint","urlTemplate":"https:\/\/tiketi.com\/?s={search_term_string}"},"query-input":{"@type":"PropertyValueSpecification","valueRequired":true,"valueName":"search_term_string"}}],"inLanguage":"fr-FR"},{"@type":"Organization","@id":"https:\/\/tiketi.com\/#organization","name":"Tiketi.com","alternateName":"Tiketi","url":"https:\/\/tiketi.com\/","logo":{"@type":"ImageObject","inLanguage":"fr-FR","@id":"https:\/\/tiketi.com\/#\/schema\/logo\/image\/","url":"https:\/\/tiketi.com\/wp-content\/uploads\/2019\/05\/tiketi-logo-696.png","contentUrl":"https:\/\/tiketi.com\/wp-content\/uploads\/2019\/05\/tiketi-logo-696.png","width":696,"height":696,"caption":"Tiketi.com"},"image":{"@id":"https:\/\/tiketi.com\/#\/schema\/logo\/image\/"},"sameAs":["https:\/\/www.facebook.com\/TiketiCom\/"]}]}},"_links":{"self":[{"href":"https:\/\/tiketi.com\/fr-fr\/wp-json\/wp\/v2\/pages\/10946","targetHints":{"allow":["GET"]}}],"collection":[{"href":"https:\/\/tiketi.com\/fr-fr\/wp-json\/wp\/v2\/pages"}],"about":[{"href":"https:\/\/tiketi.com\/fr-fr\/wp-json\/wp\/v2\/types\/page"}],"author":[{"embeddable":true,"href":"https:\/\/tiketi.com\/fr-fr\/wp-json\/wp\/v2\/users\/1"}],"replies":[{"embeddable":true,"href":"https:\/\/tiketi.com\/fr-fr\/wp-json\/wp\/v2\/comments?post=10946"}],"version-history":[{"count":0,"href":"https:\/\/tiketi.com\/fr-fr\/wp-json\/wp\/v2\/pages\/10946\/revisions"}],"wp:featuredmedia":[{"embeddable":true,"href":"https:\/\/tiketi.com\/fr-fr\/wp-json\/wp\/v2\/media\/13999"}],"wp:attachment":[{"href":"https:\/\/tiketi.com\/fr-fr\/wp-json\/wp\/v2\/media?parent=10946"}],"curies":[{"name":"wp","href":"https:\/\/api.w.org\/{rel}","templated":true}]}}