{"id":10947,"date":"2022-01-19T12:54:00","date_gmt":"2022-01-19T11:54:00","guid":{"rendered":"https:\/\/new.tiketi.com\/online-shopping-in-south-africa-best-online-stores\/"},"modified":"2022-02-18T16:15:17","modified_gmt":"2022-02-18T15:15:17","slug":"online-shopping-in-south-africa-store","status":"publish","type":"page","link":"https:\/\/tiketi.com\/fr-fr\/online-shopping-in-south-africa-store\/","title":{"rendered":"Achats en ligne en Afrique du Sud - Meilleurs magasins en ligne"},"content":{"rendered":"<h2>Achats en ligne pas chers en Afrique du Sud<\/h2>\n<h3>T\u00e9l\u00e9chargez l&#039;application d&#039;achat en Afrique du Sud et faites des achats en ligne bon march\u00e9 simples et faciles et \u00e9conomisez du temps et de l&#039;argent.<\/h3>\n<p>Les achats en ligne en Afrique du Sud sont devenus une technique d&#039;achat c\u00e9l\u00e8bre depuis qu&#039;Internet est entr\u00e9 dans nos vies. Il y a beaucoup de personnes qui recherchent d&#039;autres achats de substitution remarquables et les achats en ligne en Afrique du Sud sont la solution pour cela. Les applications d&#039;achat en ligne en Afrique du Sud pr\u00e9sentent de nombreux avantages, c&#039;est la raison pour laquelle les magasins Internet sont en plein essor aujourd&#039;hui. Les achats en ligne en Afrique du Sud consistent \u00e0 acheter des chaussures, des gadgets, des v\u00eatements, des appareils \u00e9lectrom\u00e9nagers ou m\u00eame des courses quotidiennes.<\/p>\n<h2>La liste ci-dessous r\u00e9pertorie plusieurs avantages des achats en ligne en Afrique du Sud, \u00e0 savoir :<\/h2>\n<h3>Boutique en ligne facile Afrique du Sud comparaison des prix<\/h3>\n<p>La derni\u00e8re innovation du moteur de recherche vous permet de v\u00e9rifier simplement les prix et de les faire correspondre en quelques clics. Il est extr\u00eamement simple d&#039;effectuer des comparaisons de prix d&#039;une boutique en ligne Afrique du Sud \u00e0 une autre. Cela vous donne la libert\u00e9 de d\u00e9terminer quels magasins Internet proposent l&#039;article le plus abordable que vous allez acheter.<\/p>\n<h3>Pas de pression<\/h3>\n<p>G\u00e9n\u00e9ralement, dans les magasins physiques, le commercial essaie de forcer les acheteurs \u00e0 acheter le produit. Il peut y avoir un certain type de force, alors que les clients ne sont pas sous pression dans les boutiques en ligne Afrique du Sud.<\/p>\n<h3>Application d&#039;achat en ligne disponible 24h\/24 et 7j\/7 en Afrique du Sud<\/h3>\n<p>Le march\u00e9 des achats en ligne en Afrique du Sud est ouvert 24 heures sur 24, 7 jours sur 7 et 365 jours. Il est extr\u00eamement rare de trouver des magasins de d\u00e9tail conventionnels ouverts 24h\/24 et 7j\/7. L&#039;accessibilit\u00e9 de l&#039;application de magasinage en ligne en Afrique du Sud vous offre la libert\u00e9 de magasiner \u00e0 votre aise et \u00e0 votre rythme.<\/p>\n<h3>Je d\u00e9teste faire la queue<\/h3>\n<p>Lors de l&#039;achat d&#039;articles en ligne, il n&#039;y a pas de longues files d&#039;attente que vous devez endurer, juste pour acheter votre marchandise. L&#039;id\u00e9e des boutiques en ligne en Afrique du Sud r\u00e9duit ces sales habitudes de faire la queue et d&#039;attendre. Chaque boutique en ligne Afrique du Sud est con\u00e7ue avec des sp\u00e9cifications de commande individuelles sp\u00e9ciales \u00e0 acheter.<\/p>\n<h3>Recherche simple des marchandises que vous souhaitez acheter<\/h3>\n<p>Vous pouvez rechercher des produits sp\u00e9cifiques contenant le num\u00e9ro de mod\u00e8le, la taille, le style et la couleur que vous souhaitez acheter. De plus, il est simple de d\u00e9terminer si les produits sont accessibles ou en rupture de stock.<\/p>\n<h3>Vous pouvez soutenir les achats en ligne en Afrique du Sud<\/h3>\n<p>Les progr\u00e8s de l&#039;activit\u00e9 Internet aident en fait d&#039;innombrables personnes. D\u00e9sormais, les personnes qui n&#039;ont pas les moyens d&#039;acheter ou de louer une boutique peuvent simplement ouvrir une boutique de cadeaux en ligne en Afrique du Sud et vendre des articles depuis leur domicile. Cela joue un r\u00f4le essentiel dans la r\u00e9duction du taux de ch\u00f4mage.<\/p>\n<h3>\u00c9conomisez du temps et de l&#039;\u00e9nergie<\/h3>\n<p>Avec juste des clics de souris, vous pouvez acheter vos commandes en ligne et passer rapidement \u00e0 d&#039;autres choses vitales, qui peuvent garder le temps.<\/p>","protected":false},"excerpt":{"rendered":"<p>Cheap South Africa\u00a0Online Shopping Download shopping app in South Africa and do cheap online shopping simple and easy and save time and money. Online shopping in South Africa has become a famous shopping technique ever since the internet entered our lives. There are lots of individuals that are looking for other remarkable substitute shopping and [&hellip;]<\/p>\n","protected":false},"author":1,"featured_media":19411,"parent":0,"menu_order":0,"comment_status":"open","ping_status":"closed","template":"template-home-modern.php","meta":{"footnotes":""},"class_list":["post-10947","page","type-page","status-publish","has-post-thumbnail","hentry"],"yoast_head":"<!-- This site is optimized with the Yoast SEO plugin v27.3 - https:\/\/yoast.com\/product\/yoast-seo-wordpress\/ -->\n<title>Online Shopping in South Africa - Best Online Stores<\/title>\n<meta name=\"description\" content=\"Looking for cheap online shopping in South Africa? Download a online shopping app in South Africa and do South Africa online shopping simple and easy and save time and money\" \/>\n<meta name=\"robots\" content=\"index, follow, max-snippet:-1, max-image-preview:large, max-video-preview:-1\" \/>\n<link rel=\"canonical\" href=\"https:\/\/tiketi.com\/fr-fr\/online-shopping-in-south-africa-store\/\" \/>\n<meta property=\"og:locale\" content=\"fr_FR\" \/>\n<meta property=\"og:type\" content=\"article\" \/>\n<meta property=\"og:title\" content=\"Online Shopping in South Africa - Best Online Stores\" \/>\n<meta property=\"og:description\" content=\"Looking for cheap online shopping in South Africa? Download a online shopping app in South Africa and do South Africa online shopping simple and easy and save time and money\" \/>\n<meta property=\"og:url\" content=\"https:\/\/tiketi.com\/fr-fr\/online-shopping-in-south-africa-store\/\" \/>\n<meta property=\"og:site_name\" content=\"Tiketi.com\" \/>\n<meta property=\"article:publisher\" content=\"https:\/\/www.facebook.com\/TiketiCom\/\" \/>\n<meta property=\"article:modified_time\" content=\"2022-02-18T15:15:17+00:00\" \/>\n<meta property=\"og:image\" content=\"https:\/\/tiketi.com\/wp-content\/uploads\/2022\/02\/online-shopping-4538982_128.jpg\" \/>\n\t<meta property=\"og:image:width\" content=\"1200\" \/>\n\t<meta property=\"og:image:height\" content=\"200\" \/>\n\t<meta property=\"og:image:type\" content=\"image\/jpeg\" \/>\n<meta name=\"twitter:card\" content=\"summary_large_image\" \/>\n<meta name=\"twitter:label1\" content=\"Dur\u00e9e de lecture estim\u00e9e\" \/>\n\t<meta name=\"twitter:data1\" content=\"3 minutes\" \/>\n<script type=\"application\/ld+json\" class=\"yoast-schema-graph\">{\"@context\":\"https:\\\/\\\/schema.org\",\"@graph\":[{\"@type\":\"WebPage\",\"@id\":\"https:\\\/\\\/tiketi.com\\\/fr-fr\\\/online-shopping-in-south-africa-store\\\/\",\"url\":\"https:\\\/\\\/tiketi.com\\\/fr-fr\\\/online-shopping-in-south-africa-store\\\/\",\"name\":\"Online Shopping in South Africa - Best Online Stores\",\"isPartOf\":{\"@id\":\"https:\\\/\\\/tiketi.com\\\/#website\"},\"primaryImageOfPage\":{\"@id\":\"https:\\\/\\\/tiketi.com\\\/fr-fr\\\/online-shopping-in-south-africa-store\\\/#primaryimage\"},\"image\":{\"@id\":\"https:\\\/\\\/tiketi.com\\\/fr-fr\\\/online-shopping-in-south-africa-store\\\/#primaryimage\"},\"thumbnailUrl\":\"https:\\\/\\\/tiketi.com\\\/wp-content\\\/uploads\\\/2022\\\/02\\\/online-shopping-4538982_128.jpg\",\"datePublished\":\"2022-01-19T11:54:00+00:00\",\"dateModified\":\"2022-02-18T15:15:17+00:00\",\"description\":\"Looking for cheap online shopping in South Africa? Download a online shopping app in South Africa and do South Africa online shopping simple and easy and save time and money\",\"breadcrumb\":{\"@id\":\"https:\\\/\\\/tiketi.com\\\/fr-fr\\\/online-shopping-in-south-africa-store\\\/#breadcrumb\"},\"inLanguage\":\"fr-FR\",\"potentialAction\":[{\"@type\":\"ReadAction\",\"target\":[\"https:\\\/\\\/tiketi.com\\\/fr-fr\\\/online-shopping-in-south-africa-store\\\/\"]}]},{\"@type\":\"ImageObject\",\"inLanguage\":\"fr-FR\",\"@id\":\"https:\\\/\\\/tiketi.com\\\/fr-fr\\\/online-shopping-in-south-africa-store\\\/#primaryimage\",\"url\":\"https:\\\/\\\/tiketi.com\\\/wp-content\\\/uploads\\\/2022\\\/02\\\/online-shopping-4538982_128.jpg\",\"contentUrl\":\"https:\\\/\\\/tiketi.com\\\/wp-content\\\/uploads\\\/2022\\\/02\\\/online-shopping-4538982_128.jpg\",\"width\":1200,\"height\":200,\"caption\":\"Online Shopping Gift Delivery\"},{\"@type\":\"BreadcrumbList\",\"@id\":\"https:\\\/\\\/tiketi.com\\\/fr-fr\\\/online-shopping-in-south-africa-store\\\/#breadcrumb\",\"itemListElement\":[{\"@type\":\"ListItem\",\"position\":1,\"name\":\"Home\",\"item\":\"https:\\\/\\\/tiketi.com\\\/\"},{\"@type\":\"ListItem\",\"position\":2,\"name\":\"Online Shopping in South Africa &#8211; Best Online Stores\"}]},{\"@type\":\"WebSite\",\"@id\":\"https:\\\/\\\/tiketi.com\\\/#website\",\"url\":\"https:\\\/\\\/tiketi.com\\\/\",\"name\":\"Flight & Bus Tickets, Tour Packages & Activitites - Tiketi.com\",\"description\":\"Flight &amp; Bus Tickets, Tours, Activitites\",\"publisher\":{\"@id\":\"https:\\\/\\\/tiketi.com\\\/#organization\"},\"potentialAction\":[{\"@type\":\"SearchAction\",\"target\":{\"@type\":\"EntryPoint\",\"urlTemplate\":\"https:\\\/\\\/tiketi.com\\\/?s={search_term_string}\"},\"query-input\":{\"@type\":\"PropertyValueSpecification\",\"valueRequired\":true,\"valueName\":\"search_term_string\"}}],\"inLanguage\":\"fr-FR\"},{\"@type\":\"Organization\",\"@id\":\"https:\\\/\\\/tiketi.com\\\/#organization\",\"name\":\"Tiketi.com\",\"alternateName\":\"Tiketi\",\"url\":\"https:\\\/\\\/tiketi.com\\\/\",\"logo\":{\"@type\":\"ImageObject\",\"inLanguage\":\"fr-FR\",\"@id\":\"https:\\\/\\\/tiketi.com\\\/#\\\/schema\\\/logo\\\/image\\\/\",\"url\":\"https:\\\/\\\/tiketi.com\\\/wp-content\\\/uploads\\\/2019\\\/05\\\/tiketi-logo-696.png\",\"contentUrl\":\"https:\\\/\\\/tiketi.com\\\/wp-content\\\/uploads\\\/2019\\\/05\\\/tiketi-logo-696.png\",\"width\":696,\"height\":696,\"caption\":\"Tiketi.com\"},\"image\":{\"@id\":\"https:\\\/\\\/tiketi.com\\\/#\\\/schema\\\/logo\\\/image\\\/\"},\"sameAs\":[\"https:\\\/\\\/www.facebook.com\\\/TiketiCom\\\/\"]}]}<\/script>\n<!-- \/ Yoast SEO plugin. -->","yoast_head_json":{"title":"Achats en ligne en Afrique du Sud - Meilleurs magasins en ligne","description":"Vous recherchez des achats en ligne bon march\u00e9 en Afrique du Sud? T\u00e9l\u00e9chargez une application d&#039;achat en ligne en Afrique du Sud et faites des achats en ligne en Afrique du Sud simples et faciles et \u00e9conomisez du temps et de l&#039;argent","robots":{"index":"index","follow":"follow","max-snippet":"max-snippet:-1","max-image-preview":"max-image-preview:large","max-video-preview":"max-video-preview:-1"},"canonical":"https:\/\/tiketi.com\/fr-fr\/online-shopping-in-south-africa-store\/","og_locale":"fr_FR","og_type":"article","og_title":"Online Shopping in South Africa - Best Online Stores","og_description":"Looking for cheap online shopping in South Africa? Download a online shopping app in South Africa and do South Africa online shopping simple and easy and save time and money","og_url":"https:\/\/tiketi.com\/fr-fr\/online-shopping-in-south-africa-store\/","og_site_name":"Tiketi.com","article_publisher":"https:\/\/www.facebook.com\/TiketiCom\/","article_modified_time":"2022-02-18T15:15:17+00:00","og_image":[{"width":1200,"height":200,"url":"https:\/\/tiketi.com\/wp-content\/uploads\/2022\/02\/online-shopping-4538982_128.jpg","type":"image\/jpeg"}],"twitter_card":"summary_large_image","twitter_misc":{"Dur\u00e9e de lecture estim\u00e9e":"3 minutes"},"schema":{"@context":"https:\/\/schema.org","@graph":[{"@type":"WebPage","@id":"https:\/\/tiketi.com\/fr-fr\/online-shopping-in-south-africa-store\/","url":"https:\/\/tiketi.com\/fr-fr\/online-shopping-in-south-africa-store\/","name":"Achats en ligne en Afrique du Sud - Meilleurs magasins en ligne","isPartOf":{"@id":"https:\/\/tiketi.com\/#website"},"primaryImageOfPage":{"@id":"https:\/\/tiketi.com\/fr-fr\/online-shopping-in-south-africa-store\/#primaryimage"},"image":{"@id":"https:\/\/tiketi.com\/fr-fr\/online-shopping-in-south-africa-store\/#primaryimage"},"thumbnailUrl":"https:\/\/tiketi.com\/wp-content\/uploads\/2022\/02\/online-shopping-4538982_128.jpg","datePublished":"2022-01-19T11:54:00+00:00","dateModified":"2022-02-18T15:15:17+00:00","description":"Vous recherchez des achats en ligne bon march\u00e9 en Afrique du Sud? T\u00e9l\u00e9chargez une application d&#039;achat en ligne en Afrique du Sud et faites des achats en ligne en Afrique du Sud simples et faciles et \u00e9conomisez du temps et de l&#039;argent","breadcrumb":{"@id":"https:\/\/tiketi.com\/fr-fr\/online-shopping-in-south-africa-store\/#breadcrumb"},"inLanguage":"fr-FR","potentialAction":[{"@type":"ReadAction","target":["https:\/\/tiketi.com\/fr-fr\/online-shopping-in-south-africa-store\/"]}]},{"@type":"ImageObject","inLanguage":"fr-FR","@id":"https:\/\/tiketi.com\/fr-fr\/online-shopping-in-south-africa-store\/#primaryimage","url":"https:\/\/tiketi.com\/wp-content\/uploads\/2022\/02\/online-shopping-4538982_128.jpg","contentUrl":"https:\/\/tiketi.com\/wp-content\/uploads\/2022\/02\/online-shopping-4538982_128.jpg","width":1200,"height":200,"caption":"Online Shopping Gift Delivery"},{"@type":"BreadcrumbList","@id":"https:\/\/tiketi.com\/fr-fr\/online-shopping-in-south-africa-store\/#breadcrumb","itemListElement":[{"@type":"ListItem","position":1,"name":"Home","item":"https:\/\/tiketi.com\/"},{"@type":"ListItem","position":2,"name":"Online Shopping in South Africa &#8211; Best Online Stores"}]},{"@type":"WebSite","@id":"https:\/\/tiketi.com\/#website","url":"https:\/\/tiketi.com\/","name":"Billets d&#039;avion et de bus, forfaits touristiques et activit\u00e9s - Tiketi.com","description":"Billets d&#039;avion et de bus, Tours, Activit\u00e9s","publisher":{"@id":"https:\/\/tiketi.com\/#organization"},"potentialAction":[{"@type":"SearchAction","target":{"@type":"EntryPoint","urlTemplate":"https:\/\/tiketi.com\/?s={search_term_string}"},"query-input":{"@type":"PropertyValueSpecification","valueRequired":true,"valueName":"search_term_string"}}],"inLanguage":"fr-FR"},{"@type":"Organization","@id":"https:\/\/tiketi.com\/#organization","name":"Tiketi.com","alternateName":"Tiketi","url":"https:\/\/tiketi.com\/","logo":{"@type":"ImageObject","inLanguage":"fr-FR","@id":"https:\/\/tiketi.com\/#\/schema\/logo\/image\/","url":"https:\/\/tiketi.com\/wp-content\/uploads\/2019\/05\/tiketi-logo-696.png","contentUrl":"https:\/\/tiketi.com\/wp-content\/uploads\/2019\/05\/tiketi-logo-696.png","width":696,"height":696,"caption":"Tiketi.com"},"image":{"@id":"https:\/\/tiketi.com\/#\/schema\/logo\/image\/"},"sameAs":["https:\/\/www.facebook.com\/TiketiCom\/"]}]}},"_links":{"self":[{"href":"https:\/\/tiketi.com\/fr-fr\/wp-json\/wp\/v2\/pages\/10947","targetHints":{"allow":["GET"]}}],"collection":[{"href":"https:\/\/tiketi.com\/fr-fr\/wp-json\/wp\/v2\/pages"}],"about":[{"href":"https:\/\/tiketi.com\/fr-fr\/wp-json\/wp\/v2\/types\/page"}],"author":[{"embeddable":true,"href":"https:\/\/tiketi.com\/fr-fr\/wp-json\/wp\/v2\/users\/1"}],"replies":[{"embeddable":true,"href":"https:\/\/tiketi.com\/fr-fr\/wp-json\/wp\/v2\/comments?post=10947"}],"version-history":[{"count":0,"href":"https:\/\/tiketi.com\/fr-fr\/wp-json\/wp\/v2\/pages\/10947\/revisions"}],"wp:featuredmedia":[{"embeddable":true,"href":"https:\/\/tiketi.com\/fr-fr\/wp-json\/wp\/v2\/media\/19411"}],"wp:attachment":[{"href":"https:\/\/tiketi.com\/fr-fr\/wp-json\/wp\/v2\/media?parent=10947"}],"curies":[{"name":"wp","href":"https:\/\/api.w.org\/{rel}","templated":true}]}}