{"id":10949,"date":"2022-01-19T12:54:02","date_gmt":"2022-01-19T11:54:02","guid":{"rendered":"https:\/\/new.tiketi.com\/grocery-delivery-in-zimbabwe-i-supermarket-i-online-store\/"},"modified":"2022-02-14T09:57:43","modified_gmt":"2022-02-14T08:57:43","slug":"online-grocery-delivery-zimbabwe-store","status":"publish","type":"page","link":"https:\/\/tiketi.com\/fr-fr\/online-grocery-delivery-zimbabwe-store\/","title":{"rendered":"Livraison de courses en Zimbabwe I Supermarch\u00e9 I Boutique en ligne"},"content":{"rendered":"<h2>\u00c9picerie en ligne au Zimbabwe<\/h2>\n<h3>Utilisez la meilleure application de livraison d&#039;\u00e9picerie au Zimbabwe ou les \u00e9piceries en ligne au Zimbabwe pour commander vos courses pr\u00e9f\u00e9r\u00e9es simplement et facilement en ligne.<\/h3>\n<p>La livraison de courses en ligne au Zimbabwe en toute simplicit\u00e9. Le shopping est devenu un grand besoin dans nos vies et bien, pour ainsi dire, nous ne pouvons m\u00eame pas penser \u00e0 nous d\u00e9barrasser de tous les achats que nous faisons. Eh bien, tant que les achats sont li\u00e9s aux v\u00eatements ou aux articles m\u00e9nagers quotidiens, nous ne trouvons vraiment aucune perturbation. Quoi qu&#039;il en soit, lorsque les m\u00eames achats sont li\u00e9s \u00e0 l&#039;\u00e9picerie, nous pouvons commencer \u00e0 transpirer un peu. Le probl\u00e8me avec l&#039;\u00e9picerie, c&#039;est que nous ne pouvons pas simplement partir et obtenir ce que nous voulons obtenir. Quand il s&#039;agit de faire l&#039;\u00e9picerie au Zimbabwe, nous devons y mettre notre cerveau et penser que ce sera suffisant pour la maison et mieux pour chaque personne \u00e0 manger. Bon, il faut investir beaucoup de temps dans l&#039;\u00e9picerie et ce n&#039;est pas simple du tout. Vous devez aller jusqu&#039;aux march\u00e9s et vous procurer des produits d&#039;\u00e9picerie pour la maison. Non seulement cela, mais si vous pr\u00e9voyez de le faire pendant les heures de pointe, vous serez \u00e9cras\u00e9 entre la foule qui est d\u00e9j\u00e0 l\u00e0 et l&#039;achat de produits d&#039;\u00e9picerie pour eux-m\u00eames. \u00c9tant donn\u00e9 que rien ne peut \u00eatre fait pour la partie compl\u00e8te de l&#039;\u00e9picerie, nous avons d\u00e9cid\u00e9 de vous dire que vous pouvez r\u00e9soudre vos probl\u00e8mes li\u00e9s \u00e0 l&#039;\u00e9picerie en les achetant simplement via l&#039;application de livraison d&#039;\u00e9picerie en ligne au Zimbabwe.<\/p>\n<h2>Voici les avantages de la livraison de courses en ligne au Zimbabwe<\/h2>\n<h3>Service de livraison d&#039;\u00e9picerie Zimbabwe \u2013 pas de monde<\/h3>\n<p>Lorsque vous faites une \u00e9picerie en ligne au Zimbabwe, vous n&#039;avez pas \u00e0 traverser la foule pour vous rendre sur une \u00e9tag\u00e8re d&#039;o\u00f9 vous voulez choisir quelque chose \u00e0 manger. L&#039;\u00e9picerie en ligne au Zimbabwe vous facilite la t\u00e2che car vous pouvez parcourir tout ce que vous voulez sans \u00eatre d\u00e9rang\u00e9 par la foule.<\/p>\n<h3>Plus de commodit\u00e9<\/h3>\n<p>Comme vous n&#039;avez pas vraiment besoin de sortir de chez vous ou de votre bureau pour aller acheter votre \u00e9picerie, cela devient tr\u00e8s pratique pour vous. Tout ce que vous avez \u00e0 faire est de commander ce que vous voulez via la livraison d&#039;\u00e9picerie en ligne Zimbabwe.<\/p>\n<h3>Codes de r\u00e9duction<\/h3>\n<p>\u00c9tant donn\u00e9 que vous utilisez l&#039;application de livraison d&#039;\u00e9picerie en ligne au Zimbabwe, le plus grand avantage qui en d\u00e9coule est que vous pouvez simplement utiliser des codes de r\u00e9duction parfaits qui vous aideront \u00e0 b\u00e9n\u00e9ficier de remises importantes sur tous les achats que vous effectuez lors de vos achats d&#039;\u00e9picerie.<\/p>\n<h3>Application de livraison de courses au Zimbabwe pour gagner du temps<\/h3>\n<p>Eh bien, vous devez d\u00e9j\u00e0 savoir que si vous allez traverser une grande foule ou faire la queue pour faire vos courses, vous allez garder beaucoup de temps qui peut \u00eatre utilis\u00e9 pour faire quoi que ce soit de productif.<\/p>\n<h3>\u00c9picerie en ligne au Zimbabwe Astuce<\/h3>\n<p>Utilisez notre application d&#039;\u00e9picerie en ligne au Zimbabwe pour acheter vos produits d&#039;\u00e9picerie bon march\u00e9 simplement et facilement.<\/p>","protected":false},"excerpt":{"rendered":"<p>Online Grocery Shopping in Zimbabwe Use the best grocery delivery app in Zimbabwe or online grocery stores in Zimbabwe service to order your favorite groceries simple and easy online. Online grocery delivery in Zimbabwe\u00a0made easy. Shopping has become a big need in our lives and well so to say, we truly cannot even think of [&hellip;]<\/p>\n","protected":false},"author":1,"featured_media":19429,"parent":0,"menu_order":0,"comment_status":"open","ping_status":"closed","template":"template-home-modern.php","meta":{"footnotes":""},"class_list":["post-10949","page","type-page","status-publish","has-post-thumbnail","hentry"],"yoast_head":"<!-- This site is optimized with the Yoast SEO plugin v27.3 - https:\/\/yoast.com\/product\/yoast-seo-wordpress\/ -->\n<title>Grocery Delivery in Zimbabwe I Supermarket I Online Store<\/title>\n<meta name=\"description\" content=\"Looking for online grocery delivery in Zimbabwe? Download our grocery delivery app Zimbabwe service and do cheap online grocery shopping in Zimbabwe stores\" \/>\n<meta name=\"robots\" content=\"index, follow, max-snippet:-1, max-image-preview:large, max-video-preview:-1\" \/>\n<link rel=\"canonical\" href=\"https:\/\/tiketi.com\/fr-fr\/online-grocery-delivery-zimbabwe-store\/\" \/>\n<meta property=\"og:locale\" content=\"fr_FR\" \/>\n<meta property=\"og:type\" content=\"article\" \/>\n<meta property=\"og:title\" content=\"Grocery Delivery in Zimbabwe I Supermarket I Online Store\" \/>\n<meta property=\"og:description\" content=\"Looking for online grocery delivery in Zimbabwe? Download our grocery delivery app Zimbabwe service and do cheap online grocery shopping in Zimbabwe stores\" \/>\n<meta property=\"og:url\" content=\"https:\/\/tiketi.com\/fr-fr\/online-grocery-delivery-zimbabwe-store\/\" \/>\n<meta property=\"og:site_name\" content=\"Tiketi.com\" \/>\n<meta property=\"article:publisher\" content=\"https:\/\/www.facebook.com\/TiketiCom\/\" \/>\n<meta property=\"article:modified_time\" content=\"2022-02-14T08:57:43+00:00\" \/>\n<meta property=\"og:image\" content=\"https:\/\/tiketi.com\/wp-content\/uploads\/2019\/05\/grocery-woman-6289052_1280.jpg\" \/>\n\t<meta property=\"og:image:width\" content=\"1200\" \/>\n\t<meta property=\"og:image:height\" content=\"200\" \/>\n\t<meta property=\"og:image:type\" content=\"image\/jpeg\" \/>\n<meta name=\"twitter:card\" content=\"summary_large_image\" \/>\n<meta name=\"twitter:label1\" content=\"Dur\u00e9e de lecture estim\u00e9e\" \/>\n\t<meta name=\"twitter:data1\" content=\"3 minutes\" \/>\n<script type=\"application\/ld+json\" class=\"yoast-schema-graph\">{\"@context\":\"https:\\\/\\\/schema.org\",\"@graph\":[{\"@type\":\"WebPage\",\"@id\":\"https:\\\/\\\/tiketi.com\\\/online-grocery-delivery-zimbabwe-store\\\/\",\"url\":\"https:\\\/\\\/tiketi.com\\\/online-grocery-delivery-zimbabwe-store\\\/\",\"name\":\"Grocery Delivery in Zimbabwe I Supermarket I Online Store\",\"isPartOf\":{\"@id\":\"https:\\\/\\\/tiketi.com\\\/#website\"},\"primaryImageOfPage\":{\"@id\":\"https:\\\/\\\/tiketi.com\\\/online-grocery-delivery-zimbabwe-store\\\/#primaryimage\"},\"image\":{\"@id\":\"https:\\\/\\\/tiketi.com\\\/online-grocery-delivery-zimbabwe-store\\\/#primaryimage\"},\"thumbnailUrl\":\"https:\\\/\\\/tiketi.com\\\/wp-content\\\/uploads\\\/2019\\\/05\\\/grocery-woman-6289052_1280.jpg\",\"datePublished\":\"2022-01-19T11:54:02+00:00\",\"dateModified\":\"2022-02-14T08:57:43+00:00\",\"description\":\"Looking for online grocery delivery in Zimbabwe? Download our grocery delivery app Zimbabwe service and do cheap online grocery shopping in Zimbabwe stores\",\"breadcrumb\":{\"@id\":\"https:\\\/\\\/tiketi.com\\\/online-grocery-delivery-zimbabwe-store\\\/#breadcrumb\"},\"inLanguage\":\"fr-FR\",\"potentialAction\":[{\"@type\":\"ReadAction\",\"target\":[\"https:\\\/\\\/tiketi.com\\\/online-grocery-delivery-zimbabwe-store\\\/\"]}]},{\"@type\":\"ImageObject\",\"inLanguage\":\"fr-FR\",\"@id\":\"https:\\\/\\\/tiketi.com\\\/online-grocery-delivery-zimbabwe-store\\\/#primaryimage\",\"url\":\"https:\\\/\\\/tiketi.com\\\/wp-content\\\/uploads\\\/2019\\\/05\\\/grocery-woman-6289052_1280.jpg\",\"contentUrl\":\"https:\\\/\\\/tiketi.com\\\/wp-content\\\/uploads\\\/2019\\\/05\\\/grocery-woman-6289052_1280.jpg\",\"width\":1200,\"height\":200,\"caption\":\"Grocery Delivery\"},{\"@type\":\"BreadcrumbList\",\"@id\":\"https:\\\/\\\/tiketi.com\\\/online-grocery-delivery-zimbabwe-store\\\/#breadcrumb\",\"itemListElement\":[{\"@type\":\"ListItem\",\"position\":1,\"name\":\"Home\",\"item\":\"https:\\\/\\\/tiketi.com\\\/\"},{\"@type\":\"ListItem\",\"position\":2,\"name\":\"Grocery Delivery in Zimbabwe I Supermarket I Online Store\"}]},{\"@type\":\"WebSite\",\"@id\":\"https:\\\/\\\/tiketi.com\\\/#website\",\"url\":\"https:\\\/\\\/tiketi.com\\\/\",\"name\":\"Flight & Bus Tickets, Tour Packages & Activitites - Tiketi.com\",\"description\":\"Flight &amp; Bus Tickets, Tours, Activitites\",\"publisher\":{\"@id\":\"https:\\\/\\\/tiketi.com\\\/#organization\"},\"potentialAction\":[{\"@type\":\"SearchAction\",\"target\":{\"@type\":\"EntryPoint\",\"urlTemplate\":\"https:\\\/\\\/tiketi.com\\\/?s={search_term_string}\"},\"query-input\":{\"@type\":\"PropertyValueSpecification\",\"valueRequired\":true,\"valueName\":\"search_term_string\"}}],\"inLanguage\":\"fr-FR\"},{\"@type\":\"Organization\",\"@id\":\"https:\\\/\\\/tiketi.com\\\/#organization\",\"name\":\"Tiketi.com\",\"alternateName\":\"Tiketi\",\"url\":\"https:\\\/\\\/tiketi.com\\\/\",\"logo\":{\"@type\":\"ImageObject\",\"inLanguage\":\"fr-FR\",\"@id\":\"https:\\\/\\\/tiketi.com\\\/#\\\/schema\\\/logo\\\/image\\\/\",\"url\":\"https:\\\/\\\/tiketi.com\\\/wp-content\\\/uploads\\\/2019\\\/05\\\/tiketi-logo-696.png\",\"contentUrl\":\"https:\\\/\\\/tiketi.com\\\/wp-content\\\/uploads\\\/2019\\\/05\\\/tiketi-logo-696.png\",\"width\":696,\"height\":696,\"caption\":\"Tiketi.com\"},\"image\":{\"@id\":\"https:\\\/\\\/tiketi.com\\\/#\\\/schema\\\/logo\\\/image\\\/\"},\"sameAs\":[\"https:\\\/\\\/www.facebook.com\\\/TiketiCom\\\/\"]}]}<\/script>\n<!-- \/ Yoast SEO plugin. -->","yoast_head_json":{"title":"Livraison de courses en Zimbabwe I Supermarch\u00e9 I Boutique en ligne","description":"Vous recherchez une livraison de courses en ligne au Zimbabwe\u00a0? T\u00e9l\u00e9chargez notre application de livraison d&#039;\u00e9picerie au Zimbabwe et faites vos courses en ligne \u00e0 bas prix dans les magasins du Zimbabwe","robots":{"index":"index","follow":"follow","max-snippet":"max-snippet:-1","max-image-preview":"max-image-preview:large","max-video-preview":"max-video-preview:-1"},"canonical":"https:\/\/tiketi.com\/fr-fr\/online-grocery-delivery-zimbabwe-store\/","og_locale":"fr_FR","og_type":"article","og_title":"Grocery Delivery in Zimbabwe I Supermarket I Online Store","og_description":"Looking for online grocery delivery in Zimbabwe? Download our grocery delivery app Zimbabwe service and do cheap online grocery shopping in Zimbabwe stores","og_url":"https:\/\/tiketi.com\/fr-fr\/online-grocery-delivery-zimbabwe-store\/","og_site_name":"Tiketi.com","article_publisher":"https:\/\/www.facebook.com\/TiketiCom\/","article_modified_time":"2022-02-14T08:57:43+00:00","og_image":[{"width":1200,"height":200,"url":"https:\/\/tiketi.com\/wp-content\/uploads\/2019\/05\/grocery-woman-6289052_1280.jpg","type":"image\/jpeg"}],"twitter_card":"summary_large_image","twitter_misc":{"Dur\u00e9e de lecture estim\u00e9e":"3 minutes"},"schema":{"@context":"https:\/\/schema.org","@graph":[{"@type":"WebPage","@id":"https:\/\/tiketi.com\/online-grocery-delivery-zimbabwe-store\/","url":"https:\/\/tiketi.com\/online-grocery-delivery-zimbabwe-store\/","name":"Livraison de courses en Zimbabwe I Supermarch\u00e9 I Boutique en ligne","isPartOf":{"@id":"https:\/\/tiketi.com\/#website"},"primaryImageOfPage":{"@id":"https:\/\/tiketi.com\/online-grocery-delivery-zimbabwe-store\/#primaryimage"},"image":{"@id":"https:\/\/tiketi.com\/online-grocery-delivery-zimbabwe-store\/#primaryimage"},"thumbnailUrl":"https:\/\/tiketi.com\/wp-content\/uploads\/2019\/05\/grocery-woman-6289052_1280.jpg","datePublished":"2022-01-19T11:54:02+00:00","dateModified":"2022-02-14T08:57:43+00:00","description":"Vous recherchez une livraison de courses en ligne au Zimbabwe\u00a0? T\u00e9l\u00e9chargez notre application de livraison d&#039;\u00e9picerie au Zimbabwe et faites vos courses en ligne \u00e0 bas prix dans les magasins du Zimbabwe","breadcrumb":{"@id":"https:\/\/tiketi.com\/online-grocery-delivery-zimbabwe-store\/#breadcrumb"},"inLanguage":"fr-FR","potentialAction":[{"@type":"ReadAction","target":["https:\/\/tiketi.com\/online-grocery-delivery-zimbabwe-store\/"]}]},{"@type":"ImageObject","inLanguage":"fr-FR","@id":"https:\/\/tiketi.com\/online-grocery-delivery-zimbabwe-store\/#primaryimage","url":"https:\/\/tiketi.com\/wp-content\/uploads\/2019\/05\/grocery-woman-6289052_1280.jpg","contentUrl":"https:\/\/tiketi.com\/wp-content\/uploads\/2019\/05\/grocery-woman-6289052_1280.jpg","width":1200,"height":200,"caption":"Grocery Delivery"},{"@type":"BreadcrumbList","@id":"https:\/\/tiketi.com\/online-grocery-delivery-zimbabwe-store\/#breadcrumb","itemListElement":[{"@type":"ListItem","position":1,"name":"Home","item":"https:\/\/tiketi.com\/"},{"@type":"ListItem","position":2,"name":"Grocery Delivery in Zimbabwe I Supermarket I Online Store"}]},{"@type":"WebSite","@id":"https:\/\/tiketi.com\/#website","url":"https:\/\/tiketi.com\/","name":"Billets d&#039;avion et de bus, forfaits touristiques et activit\u00e9s - Tiketi.com","description":"Billets d&#039;avion et de bus, Tours, Activit\u00e9s","publisher":{"@id":"https:\/\/tiketi.com\/#organization"},"potentialAction":[{"@type":"SearchAction","target":{"@type":"EntryPoint","urlTemplate":"https:\/\/tiketi.com\/?s={search_term_string}"},"query-input":{"@type":"PropertyValueSpecification","valueRequired":true,"valueName":"search_term_string"}}],"inLanguage":"fr-FR"},{"@type":"Organization","@id":"https:\/\/tiketi.com\/#organization","name":"Tiketi.com","alternateName":"Tiketi","url":"https:\/\/tiketi.com\/","logo":{"@type":"ImageObject","inLanguage":"fr-FR","@id":"https:\/\/tiketi.com\/#\/schema\/logo\/image\/","url":"https:\/\/tiketi.com\/wp-content\/uploads\/2019\/05\/tiketi-logo-696.png","contentUrl":"https:\/\/tiketi.com\/wp-content\/uploads\/2019\/05\/tiketi-logo-696.png","width":696,"height":696,"caption":"Tiketi.com"},"image":{"@id":"https:\/\/tiketi.com\/#\/schema\/logo\/image\/"},"sameAs":["https:\/\/www.facebook.com\/TiketiCom\/"]}]}},"_links":{"self":[{"href":"https:\/\/tiketi.com\/fr-fr\/wp-json\/wp\/v2\/pages\/10949","targetHints":{"allow":["GET"]}}],"collection":[{"href":"https:\/\/tiketi.com\/fr-fr\/wp-json\/wp\/v2\/pages"}],"about":[{"href":"https:\/\/tiketi.com\/fr-fr\/wp-json\/wp\/v2\/types\/page"}],"author":[{"embeddable":true,"href":"https:\/\/tiketi.com\/fr-fr\/wp-json\/wp\/v2\/users\/1"}],"replies":[{"embeddable":true,"href":"https:\/\/tiketi.com\/fr-fr\/wp-json\/wp\/v2\/comments?post=10949"}],"version-history":[{"count":0,"href":"https:\/\/tiketi.com\/fr-fr\/wp-json\/wp\/v2\/pages\/10949\/revisions"}],"wp:featuredmedia":[{"embeddable":true,"href":"https:\/\/tiketi.com\/fr-fr\/wp-json\/wp\/v2\/media\/19429"}],"wp:attachment":[{"href":"https:\/\/tiketi.com\/fr-fr\/wp-json\/wp\/v2\/media?parent=10949"}],"curies":[{"name":"wp","href":"https:\/\/api.w.org\/{rel}","templated":true}]}}