{"id":10950,"date":"2022-01-19T12:54:02","date_gmt":"2022-01-19T11:54:02","guid":{"rendered":"https:\/\/new.tiketi.com\/online-food-delivery-johannesburg-from-nearby-restaurants\/"},"modified":"2022-02-18T12:21:01","modified_gmt":"2022-02-18T11:21:01","slug":"online-food-delivery-johannesburg","status":"publish","type":"page","link":"https:\/\/tiketi.com\/fr-fr\/online-food-delivery-johannesburg\/","title":{"rendered":"Livraison de nourriture \u00e0 Johannesburg \u2013 Commandez de la nourriture en ligne \u00e0 proximit\u00e9 de chez moi"},"content":{"rendered":"<h2>Application de livraison de nourriture en ligne bon march\u00e9 Johannesburg<\/h2>\n<h3>Utilisez la meilleure application de livraison de nourriture \u00e0 Johannesburg et commandez de la nourriture \u00e0 Johannesburg aupr\u00e8s de services de livraison de nourriture bon march\u00e9 \u00e0 Johannesburg, simples et faciles en ligne.<\/h3>\n<p>La livraison de nourriture en ligne \u00e0 Johannesburg simplifi\u00e9e. L\u2019un des besoins communs de l\u2019homme est la nourriture. Vous avez besoin de ses nutriments pour que votre corps puisse r\u00e9sister \u00e0 l&#039;usure quotidienne. Mais malheureusement, tous les aliments ne sont pas adapt\u00e9s \u00e0 votre physique. Si vous ne trouvez pas le temps de pr\u00e9parer votre festin nourrissant, alors une application de livraison de nourriture \u00e0 Johannesburg peut \u00eatre la r\u00e9ponse \u00e0 toutes vos pr\u00e9occupations. Comment commander de la nourriture \u00e0 Johannesburg en ligne et gagner du temps et de l&#039;argent.<\/p>\n<h2>Voici quelques-uns des avantages de la livraison de nourriture en ligne \u00e0 Johannesburg<\/h2>\n<h3>Commander de la nourriture \u00e0 Johannesburg en ligne est pratique<\/h3>\n<p>Le principal avantage d\u2019un service de livraison de nourriture \u00e0 Johannesburg est sa facilit\u00e9. Vous commandez de la nourriture \u00e0 Johannesburg et recevez les repas gr\u00e2ce \u00e0 une livraison unique. Il est pr\u00e9f\u00e9rable de vous faire servir votre nourriture quand vous le souhaitez lorsque vous \u00eates trop occup\u00e9 ou que vous n&#039;avez plus le temps de pr\u00e9parer \u00e0 manger pour vous et votre famille. Pensez-y : moins de probl\u00e8mes de stationnement, plus de longues listes d&#039;\u00e9picerie et plus de files d&#039;attente \u00e0 la caisse. Vous n\u2019avez pas \u00e0 vous d\u00e9placer dans un autre magasin lorsqu\u2019il vous manque un ingr\u00e9dient. Avec la livraison de nourriture en ligne \u00e0 Johannesburg, vous pouvez avoir des plats pr\u00e9par\u00e9s dans des emballages simples \u00e0 ouvrir que vous pouvez simplement mettre au micro-ondes ou sur la cuisini\u00e8re.<\/p>\n<p>La plupart des livraisons de nourriture en ligne \u00e0 Johannesburg disposent d&#039;une connexion Internet, ce qui facilite la r\u00e9ception quotidienne de votre commande. Le site proposera \u00e9galement un menu complet de repas \u00e0 gagner, ce qui permet de choisir votre nourriture quotidienne sans effort. Tout ce que vous avez \u00e0 faire est de parcourir, payer, cliquer et attendre votre livraison de nourriture via l&#039;application de livraison de nourriture Johannesburg.<\/p>\n<h3>Les services de livraison de nourriture en ligne \u00e0 Johannesburg sont \u00e9conomiques<\/h3>\n<p>Les gens ont l\u2019impression que la livraison de nourriture en ligne \u00e0 Johannesburg co\u00fbte plus cher que de cuisiner soi-m\u00eame. Mais en r\u00e9alit\u00e9, vous pouvez en conserver davantage lorsque vous vous faites livrer de la nourriture \u00e0 la maison ou au travail. Lorsque vous allez au magasin d\u2019alimentation, vous avez tendance \u00e0 acheter des articles inutiles. Ces petits articles ajoutent au co\u00fbt de votre liste de nourriture. Et m\u00eame si vous vous en tenez strictement \u00e0 votre liste, les services de livraison de nourriture en ligne 24 heures sur 24 \u00e0 Johannesburg offrent la possibilit\u00e9 d&#039;acheter des ingr\u00e9dients de haute qualit\u00e9 \u00e0 un prix inf\u00e9rieur. Ainsi, votre repas n&#039;est pas seulement meilleur, mais vous permet \u00e9galement de gagner plus d&#039;argent \u00e0 long terme.<\/p>\n<h3>Service de livraison de nourriture \u00e0 Johannesburg, repas sains<\/h3>\n<p>Si vous suivez un r\u00e9gime strict en raison de probl\u00e8mes de prise de poids, d&#039;efforts de renforcement musculaire ou d&#039;allergies, le service de livraison de repas emball\u00e9s \u00e0 Johannesburg est le meilleur pour vous. Services de livraison de nourriture en ligne Les repas livr\u00e9s \u00e0 Johannesburg sont toujours pr\u00e9par\u00e9s avec un soin affectueux car ils sont fabriqu\u00e9s sur mesure par des di\u00e9t\u00e9tistes agr\u00e9\u00e9s. Ainsi, seuls les produits les plus frais garnissent votre assiette et vous obtenez les nutriments correctement calcul\u00e9s pour r\u00e9pondre \u00e0 vos besoins alimentaires.<\/p>","protected":false},"excerpt":{"rendered":"<p>Cheap Online Food Delivery App Johannesburg Use the best food delivery app Johannesburg\u00a0and order food in Johannesburg from cheap food delivery services in Johannesburg\u00a0simple and easy online. Online food delivery in Johannesburg made easy. One of the common needs of man is food. You need its nutrients to make sure that your body can withstand [&hellip;]<\/p>\n","protected":false},"author":1,"featured_media":19299,"parent":0,"menu_order":0,"comment_status":"open","ping_status":"closed","template":"template-home-modern.php","meta":{"footnotes":""},"class_list":["post-10950","page","type-page","status-publish","has-post-thumbnail","hentry"],"yoast_head":"<!-- This site is optimized with the Yoast SEO plugin v27.2 - https:\/\/yoast.com\/product\/yoast-seo-wordpress\/ -->\n<title>Food Delivery in Johannesburg - Order Food Online Near Me<\/title>\n<meta name=\"description\" content=\"Online food delivery in Johannesburg from your favorite restaurants. Use the best food delivery app in Johannesburg and order food in Johannesburg from cheap food delivery service\" \/>\n<meta name=\"robots\" content=\"index, follow, max-snippet:-1, max-image-preview:large, max-video-preview:-1\" \/>\n<link rel=\"canonical\" href=\"https:\/\/tiketi.com\/fr-fr\/online-food-delivery-johannesburg\/\" \/>\n<meta property=\"og:locale\" content=\"fr_FR\" \/>\n<meta property=\"og:type\" content=\"article\" \/>\n<meta property=\"og:title\" content=\"Food Delivery in Johannesburg - Order Food Online Near Me\" \/>\n<meta property=\"og:description\" content=\"Online food delivery in Johannesburg from your favorite restaurants. Use the best food delivery app in Johannesburg and order food in Johannesburg from cheap food delivery service\" \/>\n<meta property=\"og:url\" content=\"https:\/\/tiketi.com\/fr-fr\/online-food-delivery-johannesburg\/\" \/>\n<meta property=\"og:site_name\" content=\"Tiketi.com\" \/>\n<meta property=\"article:publisher\" content=\"https:\/\/www.facebook.com\/TiketiCom\/\" \/>\n<meta property=\"article:modified_time\" content=\"2022-02-18T11:21:01+00:00\" \/>\n<meta property=\"og:image\" content=\"https:\/\/tiketi.com\/wp-content\/uploads\/2022\/02\/delivery-man2-6029429_1280.jpg\" \/>\n\t<meta property=\"og:image:width\" content=\"1200\" \/>\n\t<meta property=\"og:image:height\" content=\"200\" \/>\n\t<meta property=\"og:image:type\" content=\"image\/jpeg\" \/>\n<meta name=\"twitter:card\" content=\"summary_large_image\" \/>\n<meta name=\"twitter:label1\" content=\"Dur\u00e9e de lecture estim\u00e9e\" \/>\n\t<meta name=\"twitter:data1\" content=\"3 minutes\" \/>\n<script type=\"application\/ld+json\" class=\"yoast-schema-graph\">{\"@context\":\"https:\/\/schema.org\",\"@graph\":[{\"@type\":\"WebPage\",\"@id\":\"https:\/\/tiketi.com\/online-food-delivery-johannesburg\/\",\"url\":\"https:\/\/tiketi.com\/online-food-delivery-johannesburg\/\",\"name\":\"Food Delivery in Johannesburg - Order Food Online Near Me\",\"isPartOf\":{\"@id\":\"https:\/\/tiketi.com\/#website\"},\"primaryImageOfPage\":{\"@id\":\"https:\/\/tiketi.com\/online-food-delivery-johannesburg\/#primaryimage\"},\"image\":{\"@id\":\"https:\/\/tiketi.com\/online-food-delivery-johannesburg\/#primaryimage\"},\"thumbnailUrl\":\"https:\/\/tiketi.com\/wp-content\/uploads\/2022\/02\/delivery-man2-6029429_1280.jpg\",\"datePublished\":\"2022-01-19T11:54:02+00:00\",\"dateModified\":\"2022-02-18T11:21:01+00:00\",\"description\":\"Online food delivery in Johannesburg from your favorite restaurants. Use the best food delivery app in Johannesburg and order food in Johannesburg from cheap food delivery service\",\"breadcrumb\":{\"@id\":\"https:\/\/tiketi.com\/online-food-delivery-johannesburg\/#breadcrumb\"},\"inLanguage\":\"fr-FR\",\"potentialAction\":[{\"@type\":\"ReadAction\",\"target\":[\"https:\/\/tiketi.com\/online-food-delivery-johannesburg\/\"]}]},{\"@type\":\"ImageObject\",\"inLanguage\":\"fr-FR\",\"@id\":\"https:\/\/tiketi.com\/online-food-delivery-johannesburg\/#primaryimage\",\"url\":\"https:\/\/tiketi.com\/wp-content\/uploads\/2022\/02\/delivery-man2-6029429_1280.jpg\",\"contentUrl\":\"https:\/\/tiketi.com\/wp-content\/uploads\/2022\/02\/delivery-man2-6029429_1280.jpg\",\"width\":1200,\"height\":200},{\"@type\":\"BreadcrumbList\",\"@id\":\"https:\/\/tiketi.com\/online-food-delivery-johannesburg\/#breadcrumb\",\"itemListElement\":[{\"@type\":\"ListItem\",\"position\":1,\"name\":\"Home\",\"item\":\"https:\/\/tiketi.com\/\"},{\"@type\":\"ListItem\",\"position\":2,\"name\":\"Food Delivery in Johannesburg &#8211; Order Food Online Near Me\"}]},{\"@type\":\"WebSite\",\"@id\":\"https:\/\/tiketi.com\/#website\",\"url\":\"https:\/\/tiketi.com\/\",\"name\":\"Flight & Bus Tickets, Tour Packages & Activitites - Tiketi.com\",\"description\":\"Flight &amp; Bus Tickets, Tours, Activitites\",\"publisher\":{\"@id\":\"https:\/\/tiketi.com\/#organization\"},\"potentialAction\":[{\"@type\":\"SearchAction\",\"target\":{\"@type\":\"EntryPoint\",\"urlTemplate\":\"https:\/\/tiketi.com\/?s={search_term_string}\"},\"query-input\":{\"@type\":\"PropertyValueSpecification\",\"valueRequired\":true,\"valueName\":\"search_term_string\"}}],\"inLanguage\":\"fr-FR\"},{\"@type\":\"Organization\",\"@id\":\"https:\/\/tiketi.com\/#organization\",\"name\":\"Tiketi.com\",\"alternateName\":\"Tiketi\",\"url\":\"https:\/\/tiketi.com\/\",\"logo\":{\"@type\":\"ImageObject\",\"inLanguage\":\"fr-FR\",\"@id\":\"https:\/\/tiketi.com\/#\/schema\/logo\/image\/\",\"url\":\"https:\/\/tiketi.com\/wp-content\/uploads\/2019\/05\/tiketi-logo-696.png\",\"contentUrl\":\"https:\/\/tiketi.com\/wp-content\/uploads\/2019\/05\/tiketi-logo-696.png\",\"width\":696,\"height\":696,\"caption\":\"Tiketi.com\"},\"image\":{\"@id\":\"https:\/\/tiketi.com\/#\/schema\/logo\/image\/\"},\"sameAs\":[\"https:\/\/www.facebook.com\/TiketiCom\/\"]}]}<\/script>\n<!-- \/ Yoast SEO plugin. -->","yoast_head_json":{"title":"Livraison de nourriture \u00e0 Johannesbourg - Commandez de la nourriture en ligne \u00e0 proximit\u00e9","description":"Livraison de nourriture en ligne \u00e0 Johannesbourg depuis vos restaurants pr\u00e9f\u00e9r\u00e9s. Utilisez la meilleure application de livraison de nourriture \u00e0 Johannesburg et commandez de la nourriture \u00e0 Johannesburg aupr\u00e8s d&#039;un service de livraison de nourriture bon march\u00e9","robots":{"index":"index","follow":"follow","max-snippet":"max-snippet:-1","max-image-preview":"max-image-preview:large","max-video-preview":"max-video-preview:-1"},"canonical":"https:\/\/tiketi.com\/fr-fr\/online-food-delivery-johannesburg\/","og_locale":"fr_FR","og_type":"article","og_title":"Food Delivery in Johannesburg - Order Food Online Near Me","og_description":"Online food delivery in Johannesburg from your favorite restaurants. Use the best food delivery app in Johannesburg and order food in Johannesburg from cheap food delivery service","og_url":"https:\/\/tiketi.com\/fr-fr\/online-food-delivery-johannesburg\/","og_site_name":"Tiketi.com","article_publisher":"https:\/\/www.facebook.com\/TiketiCom\/","article_modified_time":"2022-02-18T11:21:01+00:00","og_image":[{"width":1200,"height":200,"url":"https:\/\/tiketi.com\/wp-content\/uploads\/2022\/02\/delivery-man2-6029429_1280.jpg","type":"image\/jpeg"}],"twitter_card":"summary_large_image","twitter_misc":{"Dur\u00e9e de lecture estim\u00e9e":"3 minutes"},"schema":{"@context":"https:\/\/schema.org","@graph":[{"@type":"WebPage","@id":"https:\/\/tiketi.com\/online-food-delivery-johannesburg\/","url":"https:\/\/tiketi.com\/online-food-delivery-johannesburg\/","name":"Livraison de nourriture \u00e0 Johannesbourg - Commandez de la nourriture en ligne \u00e0 proximit\u00e9","isPartOf":{"@id":"https:\/\/tiketi.com\/#website"},"primaryImageOfPage":{"@id":"https:\/\/tiketi.com\/online-food-delivery-johannesburg\/#primaryimage"},"image":{"@id":"https:\/\/tiketi.com\/online-food-delivery-johannesburg\/#primaryimage"},"thumbnailUrl":"https:\/\/tiketi.com\/wp-content\/uploads\/2022\/02\/delivery-man2-6029429_1280.jpg","datePublished":"2022-01-19T11:54:02+00:00","dateModified":"2022-02-18T11:21:01+00:00","description":"Livraison de nourriture en ligne \u00e0 Johannesbourg depuis vos restaurants pr\u00e9f\u00e9r\u00e9s. Utilisez la meilleure application de livraison de nourriture \u00e0 Johannesburg et commandez de la nourriture \u00e0 Johannesburg aupr\u00e8s d&#039;un service de livraison de nourriture bon march\u00e9","breadcrumb":{"@id":"https:\/\/tiketi.com\/online-food-delivery-johannesburg\/#breadcrumb"},"inLanguage":"fr-FR","potentialAction":[{"@type":"ReadAction","target":["https:\/\/tiketi.com\/online-food-delivery-johannesburg\/"]}]},{"@type":"ImageObject","inLanguage":"fr-FR","@id":"https:\/\/tiketi.com\/online-food-delivery-johannesburg\/#primaryimage","url":"https:\/\/tiketi.com\/wp-content\/uploads\/2022\/02\/delivery-man2-6029429_1280.jpg","contentUrl":"https:\/\/tiketi.com\/wp-content\/uploads\/2022\/02\/delivery-man2-6029429_1280.jpg","width":1200,"height":200},{"@type":"BreadcrumbList","@id":"https:\/\/tiketi.com\/online-food-delivery-johannesburg\/#breadcrumb","itemListElement":[{"@type":"ListItem","position":1,"name":"Home","item":"https:\/\/tiketi.com\/"},{"@type":"ListItem","position":2,"name":"Food Delivery in Johannesburg &#8211; Order Food Online Near Me"}]},{"@type":"WebSite","@id":"https:\/\/tiketi.com\/#website","url":"https:\/\/tiketi.com\/","name":"Billets d&#039;avion et de bus, forfaits touristiques et activit\u00e9s - Tiketi.com","description":"Billets d&#039;avion et de bus, Tours, Activit\u00e9s","publisher":{"@id":"https:\/\/tiketi.com\/#organization"},"potentialAction":[{"@type":"SearchAction","target":{"@type":"EntryPoint","urlTemplate":"https:\/\/tiketi.com\/?s={search_term_string}"},"query-input":{"@type":"PropertyValueSpecification","valueRequired":true,"valueName":"search_term_string"}}],"inLanguage":"fr-FR"},{"@type":"Organization","@id":"https:\/\/tiketi.com\/#organization","name":"Tiketi.com","alternateName":"Tiketi","url":"https:\/\/tiketi.com\/","logo":{"@type":"ImageObject","inLanguage":"fr-FR","@id":"https:\/\/tiketi.com\/#\/schema\/logo\/image\/","url":"https:\/\/tiketi.com\/wp-content\/uploads\/2019\/05\/tiketi-logo-696.png","contentUrl":"https:\/\/tiketi.com\/wp-content\/uploads\/2019\/05\/tiketi-logo-696.png","width":696,"height":696,"caption":"Tiketi.com"},"image":{"@id":"https:\/\/tiketi.com\/#\/schema\/logo\/image\/"},"sameAs":["https:\/\/www.facebook.com\/TiketiCom\/"]}]}},"_links":{"self":[{"href":"https:\/\/tiketi.com\/fr-fr\/wp-json\/wp\/v2\/pages\/10950","targetHints":{"allow":["GET"]}}],"collection":[{"href":"https:\/\/tiketi.com\/fr-fr\/wp-json\/wp\/v2\/pages"}],"about":[{"href":"https:\/\/tiketi.com\/fr-fr\/wp-json\/wp\/v2\/types\/page"}],"author":[{"embeddable":true,"href":"https:\/\/tiketi.com\/fr-fr\/wp-json\/wp\/v2\/users\/1"}],"replies":[{"embeddable":true,"href":"https:\/\/tiketi.com\/fr-fr\/wp-json\/wp\/v2\/comments?post=10950"}],"version-history":[{"count":0,"href":"https:\/\/tiketi.com\/fr-fr\/wp-json\/wp\/v2\/pages\/10950\/revisions"}],"wp:featuredmedia":[{"embeddable":true,"href":"https:\/\/tiketi.com\/fr-fr\/wp-json\/wp\/v2\/media\/19299"}],"wp:attachment":[{"href":"https:\/\/tiketi.com\/fr-fr\/wp-json\/wp\/v2\/media?parent=10950"}],"curies":[{"name":"wp","href":"https:\/\/api.w.org\/{rel}","templated":true}]}}