{"id":10951,"date":"2022-01-19T12:54:02","date_gmt":"2022-01-19T11:54:02","guid":{"rendered":"https:\/\/new.tiketi.com\/online-food-delivery-south-africa-from-nearby-restaurants\/"},"modified":"2022-02-18T12:31:58","modified_gmt":"2022-02-18T11:31:58","slug":"online-food-delivery-south-africa","status":"publish","type":"page","link":"https:\/\/tiketi.com\/fr-fr\/online-food-delivery-south-africa\/","title":{"rendered":"Livraison de nourriture en Afrique du Sud \u2013 Commandez de la nourriture en ligne \u00e0 proximit\u00e9"},"content":{"rendered":"<h2>Application de livraison de nourriture en ligne en Afrique du Sud<\/h2>\n<h3>Utilisez la meilleure application de livraison de nourriture en Afrique du Sud et commandez de la nourriture en Afrique du Sud aupr\u00e8s d&#039;un service de livraison de nourriture en ligne bon march\u00e9 en Afrique du Sud, simple et facile.<\/h3>\n<p>La livraison de nourriture en ligne en Afrique du Sud \u00e0 partir de restaurants \u00e0 proximit\u00e9 est facilit\u00e9e. Les gens sont extr\u00eamement occup\u00e9s ces jours-ci et n\u2019ont pas le luxe de sortir de chez eux pour acheter la nourriture qu\u2019ils souhaitent. Si vous \u00eates une personne active, vous n&#039;aurez peut-\u00eatre pas le temps de quitter votre bureau ou votre domicile pour acheter la nourriture que vous d\u00e9sirez dans un d\u00e9panneur \u00e0 proximit\u00e9. La solution \u00e0 ce probl\u00e8me consiste \u00e0 utiliser la meilleure application de livraison de nourriture d&#039;Afrique du Sud. Comment commander un service de livraison de nourriture en Afrique du Sud en ligne et \u00e9conomiser du temps et de l&#039;argent.<\/p>\n<h2>Voici quelques-uns des avantages de la livraison de nourriture en ligne en Afrique du Sud<\/h2>\n<h3>Application de livraison de nourriture efficace en Afrique du Sud<\/h3>\n<p>Le service de livraison de nourriture en ligne 24 heures sur 24 en Afrique du Sud peut vous faire gagner beaucoup de temps et d&#039;argent. La raison en est que vous n\u2019\u00eates pas oblig\u00e9 de conduire votre v\u00e9hicule jusqu\u2019au restaurant o\u00f9 vous souhaitez les manger. En cons\u00e9quence, vous pouvez \u00e9conomiser beaucoup de temps, d\u2019argent et d\u2019efforts. Apr\u00e8s tout, remplir un r\u00e9servoir d\u2019essence ou de diesel de votre v\u00e9hicule co\u00fbte de l\u2019argent. Cela peut \u00e9galement vous faire gagner du temps car vous avez d\u00e9j\u00e0 une id\u00e9e des nombreuses options de restauration accessibles sur le restaurant en cliquant simplement sur leur application de livraison de nourriture en Afrique du Sud.<\/p>\n<h3>Le service de livraison de nourriture en Afrique du Sud vous aide \u00e0 trouver de nouveaux endroits et de nouveaux choix<\/h3>\n<p>V\u00e9rifier les nouveaux emplacements est l&#039;un des plus grands avantages lorsque vous utilisez l&#039;application de livraison de nourriture en Afrique du Sud. Ainsi, vous pouvez choisir parmi les diff\u00e9rents choix disponibles en mati\u00e8re de nourriture et de restaurants. L\u2019avantage de la livraison de nourriture en Afrique du Sud est qu\u2019elle est facile \u00e0 utiliser et explicite, ce qui permet aux gens d\u2019acheter facilement leur nourriture. De cette fa\u00e7on, vous pouvez consulter les options de restauration de nombreux restaurants sans visiter les restaurants un par un. La livraison de nourriture en Afrique du Sud peut vous faire gagner beaucoup de temps et d\u2019efforts.<\/p>\n<h3>Acc\u00e8s facile \u00e0 la livraison de nourriture en Afrique du Sud<\/h3>\n<p>Le grand avantage des services de livraison de nourriture en Afrique du Sud est que vous pouvez choisir parmi les nombreux caf\u00e9s ou restaurants partenaires. Vous pouvez consulter le menu en ligne et le type de nourriture qu&#039;ils livrent et proposent en ligne. Par exemple, vous pouvez choisir parmi la restauration rapide, les barbotines, les l\u00e9gumes et les g\u00e2teaux. Il vous suffit de choisir votre plat pr\u00e9f\u00e9r\u00e9, de v\u00e9rifier la commande et de passer votre commande. Le restaurant pr\u00e9parera et livrera ensuite votre commande en quelques minutes.<\/p>\n<h2>Conclusion de l&#039;application de livraison de nourriture en Afrique du Sud<\/h2>\n<p>L&#039;application de livraison de nourriture en Afrique du Sud peut maintenir vos efforts car vous pouvez v\u00e9rifier la livraison de nourriture en ligne dans les services d&#039;Afrique du Sud pour v\u00e9rifier s&#039;ils sont ouverts ou non, contrairement \u00e0 si vous envisagez de visiter le restaurant pour manger. Enfin, cela vous fait gagner du temps car s&#039;ils livrent la nourriture \u00e0 votre porte, vous n&#039;avez pas besoin de vous rendre chez eux et d&#039;attendre que la nourriture soit servie en attendant 1 heure pour pr\u00e9parer et servir votre nourriture.<\/p>","protected":false},"excerpt":{"rendered":"<p>Online South Africa Food Delivery App Use the best food delivery app South Africa and order food in South Africa from cheap online food delivery service in South Africa simple and easy. Online food delivery in South Africa from nearby restaurants made easy. People are extremely busy these days, and they do not have the [&hellip;]<\/p>\n","protected":false},"author":1,"featured_media":19299,"parent":0,"menu_order":0,"comment_status":"open","ping_status":"closed","template":"template-home-modern.php","meta":{"footnotes":""},"class_list":["post-10951","page","type-page","status-publish","has-post-thumbnail","hentry"],"yoast_head":"<!-- This site is optimized with the Yoast SEO plugin v27.3 - https:\/\/yoast.com\/product\/yoast-seo-wordpress\/ -->\n<title>Food Delivery in South Africa - Order Food Online Near Me<\/title>\n<meta name=\"description\" content=\"Online food delivery in South Africa from your favorite restaurants. Use the best food delivery app in South Africa and order food in South Africa from cheap food delivery service\" \/>\n<meta name=\"robots\" content=\"index, follow, max-snippet:-1, max-image-preview:large, max-video-preview:-1\" \/>\n<link rel=\"canonical\" href=\"https:\/\/tiketi.com\/fr-fr\/online-food-delivery-south-africa\/\" \/>\n<meta property=\"og:locale\" content=\"fr_FR\" \/>\n<meta property=\"og:type\" content=\"article\" \/>\n<meta property=\"og:title\" content=\"Food Delivery in South Africa - Order Food Online Near Me\" \/>\n<meta property=\"og:description\" content=\"Online food delivery in South Africa from your favorite restaurants. Use the best food delivery app in South Africa and order food in South Africa from cheap food delivery service\" \/>\n<meta property=\"og:url\" content=\"https:\/\/tiketi.com\/fr-fr\/online-food-delivery-south-africa\/\" \/>\n<meta property=\"og:site_name\" content=\"Tiketi.com\" \/>\n<meta property=\"article:publisher\" content=\"https:\/\/www.facebook.com\/TiketiCom\/\" \/>\n<meta property=\"article:modified_time\" content=\"2022-02-18T11:31:58+00:00\" \/>\n<meta property=\"og:image\" content=\"https:\/\/tiketi.com\/wp-content\/uploads\/2022\/02\/delivery-man2-6029429_1280.jpg\" \/>\n\t<meta property=\"og:image:width\" content=\"1200\" \/>\n\t<meta property=\"og:image:height\" content=\"200\" \/>\n\t<meta property=\"og:image:type\" content=\"image\/jpeg\" \/>\n<meta name=\"twitter:card\" content=\"summary_large_image\" \/>\n<meta name=\"twitter:label1\" content=\"Dur\u00e9e de lecture estim\u00e9e\" \/>\n\t<meta name=\"twitter:data1\" content=\"3 minutes\" \/>\n<script type=\"application\/ld+json\" class=\"yoast-schema-graph\">{\"@context\":\"https:\\\/\\\/schema.org\",\"@graph\":[{\"@type\":\"WebPage\",\"@id\":\"https:\\\/\\\/tiketi.com\\\/online-food-delivery-south-africa\\\/\",\"url\":\"https:\\\/\\\/tiketi.com\\\/online-food-delivery-south-africa\\\/\",\"name\":\"Food Delivery in South Africa - Order Food Online Near Me\",\"isPartOf\":{\"@id\":\"https:\\\/\\\/tiketi.com\\\/#website\"},\"primaryImageOfPage\":{\"@id\":\"https:\\\/\\\/tiketi.com\\\/online-food-delivery-south-africa\\\/#primaryimage\"},\"image\":{\"@id\":\"https:\\\/\\\/tiketi.com\\\/online-food-delivery-south-africa\\\/#primaryimage\"},\"thumbnailUrl\":\"https:\\\/\\\/tiketi.com\\\/wp-content\\\/uploads\\\/2022\\\/02\\\/delivery-man2-6029429_1280.jpg\",\"datePublished\":\"2022-01-19T11:54:02+00:00\",\"dateModified\":\"2022-02-18T11:31:58+00:00\",\"description\":\"Online food delivery in South Africa from your favorite restaurants. Use the best food delivery app in South Africa and order food in South Africa from cheap food delivery service\",\"breadcrumb\":{\"@id\":\"https:\\\/\\\/tiketi.com\\\/online-food-delivery-south-africa\\\/#breadcrumb\"},\"inLanguage\":\"fr-FR\",\"potentialAction\":[{\"@type\":\"ReadAction\",\"target\":[\"https:\\\/\\\/tiketi.com\\\/online-food-delivery-south-africa\\\/\"]}]},{\"@type\":\"ImageObject\",\"inLanguage\":\"fr-FR\",\"@id\":\"https:\\\/\\\/tiketi.com\\\/online-food-delivery-south-africa\\\/#primaryimage\",\"url\":\"https:\\\/\\\/tiketi.com\\\/wp-content\\\/uploads\\\/2022\\\/02\\\/delivery-man2-6029429_1280.jpg\",\"contentUrl\":\"https:\\\/\\\/tiketi.com\\\/wp-content\\\/uploads\\\/2022\\\/02\\\/delivery-man2-6029429_1280.jpg\",\"width\":1200,\"height\":200},{\"@type\":\"BreadcrumbList\",\"@id\":\"https:\\\/\\\/tiketi.com\\\/online-food-delivery-south-africa\\\/#breadcrumb\",\"itemListElement\":[{\"@type\":\"ListItem\",\"position\":1,\"name\":\"Home\",\"item\":\"https:\\\/\\\/tiketi.com\\\/\"},{\"@type\":\"ListItem\",\"position\":2,\"name\":\"Food Delivery in South Africa &#8211; Order Food Online Near Me\"}]},{\"@type\":\"WebSite\",\"@id\":\"https:\\\/\\\/tiketi.com\\\/#website\",\"url\":\"https:\\\/\\\/tiketi.com\\\/\",\"name\":\"Flight & Bus Tickets, Tour Packages & Activitites - Tiketi.com\",\"description\":\"Flight &amp; Bus Tickets, Tours, Activitites\",\"publisher\":{\"@id\":\"https:\\\/\\\/tiketi.com\\\/#organization\"},\"potentialAction\":[{\"@type\":\"SearchAction\",\"target\":{\"@type\":\"EntryPoint\",\"urlTemplate\":\"https:\\\/\\\/tiketi.com\\\/?s={search_term_string}\"},\"query-input\":{\"@type\":\"PropertyValueSpecification\",\"valueRequired\":true,\"valueName\":\"search_term_string\"}}],\"inLanguage\":\"fr-FR\"},{\"@type\":\"Organization\",\"@id\":\"https:\\\/\\\/tiketi.com\\\/#organization\",\"name\":\"Tiketi.com\",\"alternateName\":\"Tiketi\",\"url\":\"https:\\\/\\\/tiketi.com\\\/\",\"logo\":{\"@type\":\"ImageObject\",\"inLanguage\":\"fr-FR\",\"@id\":\"https:\\\/\\\/tiketi.com\\\/#\\\/schema\\\/logo\\\/image\\\/\",\"url\":\"https:\\\/\\\/tiketi.com\\\/wp-content\\\/uploads\\\/2019\\\/05\\\/tiketi-logo-696.png\",\"contentUrl\":\"https:\\\/\\\/tiketi.com\\\/wp-content\\\/uploads\\\/2019\\\/05\\\/tiketi-logo-696.png\",\"width\":696,\"height\":696,\"caption\":\"Tiketi.com\"},\"image\":{\"@id\":\"https:\\\/\\\/tiketi.com\\\/#\\\/schema\\\/logo\\\/image\\\/\"},\"sameAs\":[\"https:\\\/\\\/www.facebook.com\\\/TiketiCom\\\/\"]}]}<\/script>\n<!-- \/ Yoast SEO plugin. -->","yoast_head_json":{"title":"Livraison de nourriture en Afrique du Sud - Commandez de la nourriture en ligne \u00e0 proximit\u00e9","description":"Livraison de nourriture en ligne en Afrique du Sud depuis vos restaurants pr\u00e9f\u00e9r\u00e9s. Utilisez la meilleure application de livraison de nourriture en Afrique du Sud et commandez de la nourriture en Afrique du Sud aupr\u00e8s d&#039;un service de livraison de nourriture bon march\u00e9","robots":{"index":"index","follow":"follow","max-snippet":"max-snippet:-1","max-image-preview":"max-image-preview:large","max-video-preview":"max-video-preview:-1"},"canonical":"https:\/\/tiketi.com\/fr-fr\/online-food-delivery-south-africa\/","og_locale":"fr_FR","og_type":"article","og_title":"Food Delivery in South Africa - Order Food Online Near Me","og_description":"Online food delivery in South Africa from your favorite restaurants. Use the best food delivery app in South Africa and order food in South Africa from cheap food delivery service","og_url":"https:\/\/tiketi.com\/fr-fr\/online-food-delivery-south-africa\/","og_site_name":"Tiketi.com","article_publisher":"https:\/\/www.facebook.com\/TiketiCom\/","article_modified_time":"2022-02-18T11:31:58+00:00","og_image":[{"width":1200,"height":200,"url":"https:\/\/tiketi.com\/wp-content\/uploads\/2022\/02\/delivery-man2-6029429_1280.jpg","type":"image\/jpeg"}],"twitter_card":"summary_large_image","twitter_misc":{"Dur\u00e9e de lecture estim\u00e9e":"3 minutes"},"schema":{"@context":"https:\/\/schema.org","@graph":[{"@type":"WebPage","@id":"https:\/\/tiketi.com\/online-food-delivery-south-africa\/","url":"https:\/\/tiketi.com\/online-food-delivery-south-africa\/","name":"Livraison de nourriture en Afrique du Sud - Commandez de la nourriture en ligne \u00e0 proximit\u00e9","isPartOf":{"@id":"https:\/\/tiketi.com\/#website"},"primaryImageOfPage":{"@id":"https:\/\/tiketi.com\/online-food-delivery-south-africa\/#primaryimage"},"image":{"@id":"https:\/\/tiketi.com\/online-food-delivery-south-africa\/#primaryimage"},"thumbnailUrl":"https:\/\/tiketi.com\/wp-content\/uploads\/2022\/02\/delivery-man2-6029429_1280.jpg","datePublished":"2022-01-19T11:54:02+00:00","dateModified":"2022-02-18T11:31:58+00:00","description":"Livraison de nourriture en ligne en Afrique du Sud depuis vos restaurants pr\u00e9f\u00e9r\u00e9s. Utilisez la meilleure application de livraison de nourriture en Afrique du Sud et commandez de la nourriture en Afrique du Sud aupr\u00e8s d&#039;un service de livraison de nourriture bon march\u00e9","breadcrumb":{"@id":"https:\/\/tiketi.com\/online-food-delivery-south-africa\/#breadcrumb"},"inLanguage":"fr-FR","potentialAction":[{"@type":"ReadAction","target":["https:\/\/tiketi.com\/online-food-delivery-south-africa\/"]}]},{"@type":"ImageObject","inLanguage":"fr-FR","@id":"https:\/\/tiketi.com\/online-food-delivery-south-africa\/#primaryimage","url":"https:\/\/tiketi.com\/wp-content\/uploads\/2022\/02\/delivery-man2-6029429_1280.jpg","contentUrl":"https:\/\/tiketi.com\/wp-content\/uploads\/2022\/02\/delivery-man2-6029429_1280.jpg","width":1200,"height":200},{"@type":"BreadcrumbList","@id":"https:\/\/tiketi.com\/online-food-delivery-south-africa\/#breadcrumb","itemListElement":[{"@type":"ListItem","position":1,"name":"Home","item":"https:\/\/tiketi.com\/"},{"@type":"ListItem","position":2,"name":"Food Delivery in South Africa &#8211; Order Food Online Near Me"}]},{"@type":"WebSite","@id":"https:\/\/tiketi.com\/#website","url":"https:\/\/tiketi.com\/","name":"Billets d&#039;avion et de bus, forfaits touristiques et activit\u00e9s - Tiketi.com","description":"Billets d&#039;avion et de bus, Tours, Activit\u00e9s","publisher":{"@id":"https:\/\/tiketi.com\/#organization"},"potentialAction":[{"@type":"SearchAction","target":{"@type":"EntryPoint","urlTemplate":"https:\/\/tiketi.com\/?s={search_term_string}"},"query-input":{"@type":"PropertyValueSpecification","valueRequired":true,"valueName":"search_term_string"}}],"inLanguage":"fr-FR"},{"@type":"Organization","@id":"https:\/\/tiketi.com\/#organization","name":"Tiketi.com","alternateName":"Tiketi","url":"https:\/\/tiketi.com\/","logo":{"@type":"ImageObject","inLanguage":"fr-FR","@id":"https:\/\/tiketi.com\/#\/schema\/logo\/image\/","url":"https:\/\/tiketi.com\/wp-content\/uploads\/2019\/05\/tiketi-logo-696.png","contentUrl":"https:\/\/tiketi.com\/wp-content\/uploads\/2019\/05\/tiketi-logo-696.png","width":696,"height":696,"caption":"Tiketi.com"},"image":{"@id":"https:\/\/tiketi.com\/#\/schema\/logo\/image\/"},"sameAs":["https:\/\/www.facebook.com\/TiketiCom\/"]}]}},"_links":{"self":[{"href":"https:\/\/tiketi.com\/fr-fr\/wp-json\/wp\/v2\/pages\/10951","targetHints":{"allow":["GET"]}}],"collection":[{"href":"https:\/\/tiketi.com\/fr-fr\/wp-json\/wp\/v2\/pages"}],"about":[{"href":"https:\/\/tiketi.com\/fr-fr\/wp-json\/wp\/v2\/types\/page"}],"author":[{"embeddable":true,"href":"https:\/\/tiketi.com\/fr-fr\/wp-json\/wp\/v2\/users\/1"}],"replies":[{"embeddable":true,"href":"https:\/\/tiketi.com\/fr-fr\/wp-json\/wp\/v2\/comments?post=10951"}],"version-history":[{"count":0,"href":"https:\/\/tiketi.com\/fr-fr\/wp-json\/wp\/v2\/pages\/10951\/revisions"}],"wp:featuredmedia":[{"embeddable":true,"href":"https:\/\/tiketi.com\/fr-fr\/wp-json\/wp\/v2\/media\/19299"}],"wp:attachment":[{"href":"https:\/\/tiketi.com\/fr-fr\/wp-json\/wp\/v2\/media?parent=10951"}],"curies":[{"name":"wp","href":"https:\/\/api.w.org\/{rel}","templated":true}]}}