{"id":10952,"date":"2022-01-19T12:54:02","date_gmt":"2022-01-19T11:54:02","guid":{"rendered":"https:\/\/new.tiketi.com\/grocery-delivery-cape-town-i-supermarket-i-online-store-i-shopping\/"},"modified":"2022-02-14T09:03:17","modified_gmt":"2022-02-14T08:03:17","slug":"online-grocery-delivery-cape-town-store","status":"publish","type":"page","link":"https:\/\/tiketi.com\/fr-fr\/online-grocery-delivery-cape-town-store\/","title":{"rendered":"Livraison de courses Le Cap I Supermarch\u00e9 I Boutique en ligne I Shopping"},"content":{"rendered":"<h2>\u00c9picerie en ligne au Cap<\/h2>\n<h3>T\u00e9l\u00e9chargez une application de livraison d&#039;\u00e9picerie au Cap ou visitez les meilleures \u00e9piceries en ligne du service du Cap pour commander vos courses pr\u00e9f\u00e9r\u00e9es simplement et facilement en ligne.<\/h3>\n<p>La livraison d&#039;\u00e9picerie en ligne au Cap en toute simplicit\u00e9. Que vous viviez dans une ville ou en banlieue, vous pouvez toujours profiter de l&#039;\u00e9picerie en ligne en pleine croissance au Cap que de nombreux vendeurs proposent. Beaucoup de vos amis et voisins utilisent en fait ces services de livraison d&#039;\u00e9picerie en ligne Cape Town, et je serai choqu\u00e9 d&#039;apprendre qu&#039;ils ne vous l&#039;ont pas encore dit. Mais m\u00eame si ce n&#039;est pas le cas, vous devriez d\u00e9j\u00e0 le savoir, les \u00e9piceries en ligne du Cap gagnent en statut. Quoi qu&#039;il en soit, si vous ne le savez pas, j&#039;en profite aujourd&#039;hui pour vous les conseiller. Et voici pourquoi :<\/p>\n<h2>Avantages de la livraison de courses en ligne Cape Town<\/h2>\n<h3>Application de livraison d&#039;\u00e9picerie Cape Town - gain de temps<\/h3>\n<p>Pensez \u00e0 tout le temps dont vous aurez besoin pour aller \u00e0 l&#039;\u00e9picerie, passer par les rayons pour trouver l&#039;\u00e9picerie dont vous avez besoin, faire la queue pour payer et rentrer chez vous. Cela peut prendre des heures, en fonction de la distance entre le magasin et votre domicile. Cela peut \u00eatre d\u00e9savantageux pour les personnes \u00e2g\u00e9es ou les personnes malades qui ne peuvent pas marcher sur de longues distances. Mais avec le service de livraison de supermarch\u00e9s du Cap en place, vous pouvez faire livrer tout ce dont vous avez besoin dans les \u00e9piceries en ligne du Cap \u00e0 votre domicile tout en continuant \u00e0 faire d&#039;autres choses n\u00e9cessaires \u00e0 la maison.<\/p>\n<h3>\u00c9vitez les achats impulsifs<\/h3>\n<p>La plupart du temps, nous avons tendance \u00e0 acheter des choses que nous n&#039;avions pas l&#039;intention d&#039;acheter. Cette affaire nous am\u00e8ne \u00e0 visiter le centre commercial o\u00f9 nous pouvons voir d&#039;autres choses qui sont attrayantes pour nos yeux.<br \/>\nPour rejeter de tels cas, la livraison d&#039;\u00e9picerie en ligne Cape Town nous offre une issue. Tout ce que vous avez \u00e0 faire est de parcourir les \u00e9tag\u00e8res des \u00e9piceries seul, sans trop vous concentrer sur les autres \u00e9tag\u00e8res du magasin. Ainsi, apr\u00e8s avoir choisi les produits d&#039;\u00e9picerie dont nous avons besoin et les avoir pay\u00e9s, nous demandons simplement au service de livraison de les apporter \u00e0 notre domicile. De cette fa\u00e7on, vous n&#039;aurez aucune chance d&#039;acheter tout ce dont vous n&#039;avez pas besoin.<\/p>\n<h3>L&#039;\u00e9picerie en ligne au Cap est abordable<\/h3>\n<p>Habituellement, aller au magasin pour faire ses courses peut \u00eatre co\u00fbteux, \u00e9tant donn\u00e9 que vous devrez peut-\u00eatre payer le transport vers et depuis le magasin. En m\u00eame temps, vous pourriez \u00eatre tent\u00e9 d&#039;acheter des choses dont vous n&#039;avez pas besoin. Pour rejeter les frais suppl\u00e9mentaires, vous pouvez utiliser le service d&#039;\u00e9picerie en ligne au Cap. De nombreux fournisseurs de services de livraison d&#039;\u00e9picerie au Cap peuvent vous apporter tout ce dont vous avez besoin depuis le magasin \u00e0 faible co\u00fbt, ce qui vous permet de conserver beaucoup d&#039;argent dans le processus.<\/p>","protected":false},"excerpt":{"rendered":"<p>Online Grocery Shopping in Cape Town Download a grocery delivery app Cape Town or visit the best online grocery stores in Cape Town service to order your favorite groceries simple and easy online. Online grocery delivery Cape Town made easy.\u00a0Whether you live in a city or the suburbs, you can still take benefit of the [&hellip;]<\/p>\n","protected":false},"author":1,"featured_media":19429,"parent":0,"menu_order":0,"comment_status":"open","ping_status":"closed","template":"template-home-modern.php","meta":{"footnotes":""},"class_list":["post-10952","page","type-page","status-publish","has-post-thumbnail","hentry"],"yoast_head":"<!-- This site is optimized with the Yoast SEO plugin v27.2 - https:\/\/yoast.com\/product\/yoast-seo-wordpress\/ -->\n<title>Grocery Delivery Cape Town I Supermarket I Online Store I Shopping<\/title>\n<meta name=\"description\" content=\"Looking for cheap online grocery delivery Cape Town service? Dowload our Grocery delivery app Cape Town and do cheap online grocery shopping in Cape Town stores\" \/>\n<meta name=\"robots\" content=\"index, follow, max-snippet:-1, max-image-preview:large, max-video-preview:-1\" \/>\n<link rel=\"canonical\" href=\"https:\/\/tiketi.com\/fr-fr\/online-grocery-delivery-cape-town-store\/\" \/>\n<meta property=\"og:locale\" content=\"fr_FR\" \/>\n<meta property=\"og:type\" content=\"article\" \/>\n<meta property=\"og:title\" content=\"Grocery Delivery Cape Town I Supermarket I Online Store I Shopping\" \/>\n<meta property=\"og:description\" content=\"Looking for cheap online grocery delivery Cape Town service? Dowload our Grocery delivery app Cape Town and do cheap online grocery shopping in Cape Town stores\" \/>\n<meta property=\"og:url\" content=\"https:\/\/tiketi.com\/fr-fr\/online-grocery-delivery-cape-town-store\/\" \/>\n<meta property=\"og:site_name\" content=\"Tiketi.com\" \/>\n<meta property=\"article:publisher\" content=\"https:\/\/www.facebook.com\/TiketiCom\/\" \/>\n<meta property=\"article:modified_time\" content=\"2022-02-14T08:03:17+00:00\" \/>\n<meta property=\"og:image\" content=\"https:\/\/tiketi.com\/wp-content\/uploads\/2019\/05\/grocery-woman-6289052_1280.jpg\" \/>\n\t<meta property=\"og:image:width\" content=\"1200\" \/>\n\t<meta property=\"og:image:height\" content=\"200\" \/>\n\t<meta property=\"og:image:type\" content=\"image\/jpeg\" \/>\n<meta name=\"twitter:card\" content=\"summary_large_image\" \/>\n<meta name=\"twitter:label1\" content=\"Dur\u00e9e de lecture estim\u00e9e\" \/>\n\t<meta name=\"twitter:data1\" content=\"3 minutes\" \/>\n<script type=\"application\/ld+json\" class=\"yoast-schema-graph\">{\"@context\":\"https:\/\/schema.org\",\"@graph\":[{\"@type\":\"WebPage\",\"@id\":\"https:\/\/tiketi.com\/online-grocery-delivery-cape-town-store\/\",\"url\":\"https:\/\/tiketi.com\/online-grocery-delivery-cape-town-store\/\",\"name\":\"Grocery Delivery Cape Town I Supermarket I Online Store I Shopping\",\"isPartOf\":{\"@id\":\"https:\/\/tiketi.com\/#website\"},\"primaryImageOfPage\":{\"@id\":\"https:\/\/tiketi.com\/online-grocery-delivery-cape-town-store\/#primaryimage\"},\"image\":{\"@id\":\"https:\/\/tiketi.com\/online-grocery-delivery-cape-town-store\/#primaryimage\"},\"thumbnailUrl\":\"https:\/\/tiketi.com\/wp-content\/uploads\/2019\/05\/grocery-woman-6289052_1280.jpg\",\"datePublished\":\"2022-01-19T11:54:02+00:00\",\"dateModified\":\"2022-02-14T08:03:17+00:00\",\"description\":\"Looking for cheap online grocery delivery Cape Town service? Dowload our Grocery delivery app Cape Town and do cheap online grocery shopping in Cape Town stores\",\"breadcrumb\":{\"@id\":\"https:\/\/tiketi.com\/online-grocery-delivery-cape-town-store\/#breadcrumb\"},\"inLanguage\":\"fr-FR\",\"potentialAction\":[{\"@type\":\"ReadAction\",\"target\":[\"https:\/\/tiketi.com\/online-grocery-delivery-cape-town-store\/\"]}]},{\"@type\":\"ImageObject\",\"inLanguage\":\"fr-FR\",\"@id\":\"https:\/\/tiketi.com\/online-grocery-delivery-cape-town-store\/#primaryimage\",\"url\":\"https:\/\/tiketi.com\/wp-content\/uploads\/2019\/05\/grocery-woman-6289052_1280.jpg\",\"contentUrl\":\"https:\/\/tiketi.com\/wp-content\/uploads\/2019\/05\/grocery-woman-6289052_1280.jpg\",\"width\":1200,\"height\":200,\"caption\":\"Grocery Delivery\"},{\"@type\":\"BreadcrumbList\",\"@id\":\"https:\/\/tiketi.com\/online-grocery-delivery-cape-town-store\/#breadcrumb\",\"itemListElement\":[{\"@type\":\"ListItem\",\"position\":1,\"name\":\"Home\",\"item\":\"https:\/\/tiketi.com\/\"},{\"@type\":\"ListItem\",\"position\":2,\"name\":\"Grocery Delivery Cape Town I Supermarket I Online Store I Shopping\"}]},{\"@type\":\"WebSite\",\"@id\":\"https:\/\/tiketi.com\/#website\",\"url\":\"https:\/\/tiketi.com\/\",\"name\":\"Flight & Bus Tickets, Tour Packages & Activitites - Tiketi.com\",\"description\":\"Flight &amp; Bus Tickets, Tours, Activitites\",\"publisher\":{\"@id\":\"https:\/\/tiketi.com\/#organization\"},\"potentialAction\":[{\"@type\":\"SearchAction\",\"target\":{\"@type\":\"EntryPoint\",\"urlTemplate\":\"https:\/\/tiketi.com\/?s={search_term_string}\"},\"query-input\":{\"@type\":\"PropertyValueSpecification\",\"valueRequired\":true,\"valueName\":\"search_term_string\"}}],\"inLanguage\":\"fr-FR\"},{\"@type\":\"Organization\",\"@id\":\"https:\/\/tiketi.com\/#organization\",\"name\":\"Tiketi.com\",\"alternateName\":\"Tiketi\",\"url\":\"https:\/\/tiketi.com\/\",\"logo\":{\"@type\":\"ImageObject\",\"inLanguage\":\"fr-FR\",\"@id\":\"https:\/\/tiketi.com\/#\/schema\/logo\/image\/\",\"url\":\"https:\/\/tiketi.com\/wp-content\/uploads\/2019\/05\/tiketi-logo-696.png\",\"contentUrl\":\"https:\/\/tiketi.com\/wp-content\/uploads\/2019\/05\/tiketi-logo-696.png\",\"width\":696,\"height\":696,\"caption\":\"Tiketi.com\"},\"image\":{\"@id\":\"https:\/\/tiketi.com\/#\/schema\/logo\/image\/\"},\"sameAs\":[\"https:\/\/www.facebook.com\/TiketiCom\/\"]}]}<\/script>\n<!-- \/ Yoast SEO plugin. -->","yoast_head_json":{"title":"Livraison de courses Le Cap I Supermarch\u00e9 I Boutique en ligne I Shopping","description":"Vous recherchez un service de livraison d&#039;\u00e9picerie en ligne bon march\u00e9 au Cap\u00a0? T\u00e9l\u00e9chargez notre application de livraison d&#039;\u00e9picerie au Cap et faites vos courses en ligne \u00e0 bas prix dans les magasins du Cap","robots":{"index":"index","follow":"follow","max-snippet":"max-snippet:-1","max-image-preview":"max-image-preview:large","max-video-preview":"max-video-preview:-1"},"canonical":"https:\/\/tiketi.com\/fr-fr\/online-grocery-delivery-cape-town-store\/","og_locale":"fr_FR","og_type":"article","og_title":"Grocery Delivery Cape Town I Supermarket I Online Store I Shopping","og_description":"Looking for cheap online grocery delivery Cape Town service? Dowload our Grocery delivery app Cape Town and do cheap online grocery shopping in Cape Town stores","og_url":"https:\/\/tiketi.com\/fr-fr\/online-grocery-delivery-cape-town-store\/","og_site_name":"Tiketi.com","article_publisher":"https:\/\/www.facebook.com\/TiketiCom\/","article_modified_time":"2022-02-14T08:03:17+00:00","og_image":[{"width":1200,"height":200,"url":"https:\/\/tiketi.com\/wp-content\/uploads\/2019\/05\/grocery-woman-6289052_1280.jpg","type":"image\/jpeg"}],"twitter_card":"summary_large_image","twitter_misc":{"Dur\u00e9e de lecture estim\u00e9e":"3 minutes"},"schema":{"@context":"https:\/\/schema.org","@graph":[{"@type":"WebPage","@id":"https:\/\/tiketi.com\/online-grocery-delivery-cape-town-store\/","url":"https:\/\/tiketi.com\/online-grocery-delivery-cape-town-store\/","name":"Livraison de courses Le Cap I Supermarch\u00e9 I Boutique en ligne I Shopping","isPartOf":{"@id":"https:\/\/tiketi.com\/#website"},"primaryImageOfPage":{"@id":"https:\/\/tiketi.com\/online-grocery-delivery-cape-town-store\/#primaryimage"},"image":{"@id":"https:\/\/tiketi.com\/online-grocery-delivery-cape-town-store\/#primaryimage"},"thumbnailUrl":"https:\/\/tiketi.com\/wp-content\/uploads\/2019\/05\/grocery-woman-6289052_1280.jpg","datePublished":"2022-01-19T11:54:02+00:00","dateModified":"2022-02-14T08:03:17+00:00","description":"Vous recherchez un service de livraison d&#039;\u00e9picerie en ligne bon march\u00e9 au Cap\u00a0? T\u00e9l\u00e9chargez notre application de livraison d&#039;\u00e9picerie au Cap et faites vos courses en ligne \u00e0 bas prix dans les magasins du Cap","breadcrumb":{"@id":"https:\/\/tiketi.com\/online-grocery-delivery-cape-town-store\/#breadcrumb"},"inLanguage":"fr-FR","potentialAction":[{"@type":"ReadAction","target":["https:\/\/tiketi.com\/online-grocery-delivery-cape-town-store\/"]}]},{"@type":"ImageObject","inLanguage":"fr-FR","@id":"https:\/\/tiketi.com\/online-grocery-delivery-cape-town-store\/#primaryimage","url":"https:\/\/tiketi.com\/wp-content\/uploads\/2019\/05\/grocery-woman-6289052_1280.jpg","contentUrl":"https:\/\/tiketi.com\/wp-content\/uploads\/2019\/05\/grocery-woman-6289052_1280.jpg","width":1200,"height":200,"caption":"Grocery Delivery"},{"@type":"BreadcrumbList","@id":"https:\/\/tiketi.com\/online-grocery-delivery-cape-town-store\/#breadcrumb","itemListElement":[{"@type":"ListItem","position":1,"name":"Home","item":"https:\/\/tiketi.com\/"},{"@type":"ListItem","position":2,"name":"Grocery Delivery Cape Town I Supermarket I Online Store I Shopping"}]},{"@type":"WebSite","@id":"https:\/\/tiketi.com\/#website","url":"https:\/\/tiketi.com\/","name":"Billets d&#039;avion et de bus, forfaits touristiques et activit\u00e9s - Tiketi.com","description":"Billets d&#039;avion et de bus, Tours, Activit\u00e9s","publisher":{"@id":"https:\/\/tiketi.com\/#organization"},"potentialAction":[{"@type":"SearchAction","target":{"@type":"EntryPoint","urlTemplate":"https:\/\/tiketi.com\/?s={search_term_string}"},"query-input":{"@type":"PropertyValueSpecification","valueRequired":true,"valueName":"search_term_string"}}],"inLanguage":"fr-FR"},{"@type":"Organization","@id":"https:\/\/tiketi.com\/#organization","name":"Tiketi.com","alternateName":"Tiketi","url":"https:\/\/tiketi.com\/","logo":{"@type":"ImageObject","inLanguage":"fr-FR","@id":"https:\/\/tiketi.com\/#\/schema\/logo\/image\/","url":"https:\/\/tiketi.com\/wp-content\/uploads\/2019\/05\/tiketi-logo-696.png","contentUrl":"https:\/\/tiketi.com\/wp-content\/uploads\/2019\/05\/tiketi-logo-696.png","width":696,"height":696,"caption":"Tiketi.com"},"image":{"@id":"https:\/\/tiketi.com\/#\/schema\/logo\/image\/"},"sameAs":["https:\/\/www.facebook.com\/TiketiCom\/"]}]}},"_links":{"self":[{"href":"https:\/\/tiketi.com\/fr-fr\/wp-json\/wp\/v2\/pages\/10952","targetHints":{"allow":["GET"]}}],"collection":[{"href":"https:\/\/tiketi.com\/fr-fr\/wp-json\/wp\/v2\/pages"}],"about":[{"href":"https:\/\/tiketi.com\/fr-fr\/wp-json\/wp\/v2\/types\/page"}],"author":[{"embeddable":true,"href":"https:\/\/tiketi.com\/fr-fr\/wp-json\/wp\/v2\/users\/1"}],"replies":[{"embeddable":true,"href":"https:\/\/tiketi.com\/fr-fr\/wp-json\/wp\/v2\/comments?post=10952"}],"version-history":[{"count":0,"href":"https:\/\/tiketi.com\/fr-fr\/wp-json\/wp\/v2\/pages\/10952\/revisions"}],"wp:featuredmedia":[{"embeddable":true,"href":"https:\/\/tiketi.com\/fr-fr\/wp-json\/wp\/v2\/media\/19429"}],"wp:attachment":[{"href":"https:\/\/tiketi.com\/fr-fr\/wp-json\/wp\/v2\/media?parent=10952"}],"curies":[{"name":"wp","href":"https:\/\/api.w.org\/{rel}","templated":true}]}}