{"id":10953,"date":"2022-01-19T12:54:02","date_gmt":"2022-01-19T11:54:02","guid":{"rendered":"https:\/\/new.tiketi.com\/grocery-delivery-south-africa-i-supermarket-i-online-store-i-shopping\/"},"modified":"2022-02-14T10:55:35","modified_gmt":"2022-02-14T09:55:35","slug":"online-grocery-delivery-south-africa-store","status":"publish","type":"page","link":"https:\/\/tiketi.com\/fr-fr\/online-grocery-delivery-south-africa-store\/","title":{"rendered":"Livraison de courses en Afrique du Sud I Supermarch\u00e9 I Boutique en ligne I Shopping"},"content":{"rendered":"<h2>\u00c9picerie en ligne en Afrique du Sud<\/h2>\n<h3>Utilisez la meilleure application de livraison d&#039;\u00e9picerie en Afrique du Sud ou le service des \u00e9piceries en ligne en Afrique du Sud pour commander vos courses pr\u00e9f\u00e9r\u00e9es simplement et facilement en ligne.<\/h3>\n<p>La livraison de courses en ligne en Afrique du Sud simplifi\u00e9e. Le service d&#039;\u00e9picerie en ligne en Afrique du Sud est l&#039;exp\u00e9rience d&#039;achat du futur. En quelques clics sur un bouton, on obtiendra les courses souhait\u00e9es \u00e0 sa porte en un jour ou m\u00eame des heures, sans plus avoir \u00e0 faire des d\u00e9placements inutiles et chronophages dans une \u00e9picerie. Toutes les commandes peuvent \u00eatre effectu\u00e9es facilement depuis le confort de votre propre maison ou \u00e0 tout moment, partout via l&#039;application de livraison d&#039;\u00e9picerie en Afrique du Sud.<\/p>\n<p>De plus, chaque commande est trait\u00e9e principalement et soigneusement envoy\u00e9e au consommateur par un ouvrier qualifi\u00e9 dont la priorit\u00e9 est la satisfaction du client. La norme est assur\u00e9e \u00e0 jamais avec l&#039;\u00e9picerie en ligne en Afrique du Sud.<\/p>\n<h2>Voici quelques-uns des avantages de la livraison de courses en ligne en Afrique du Sud<\/h2>\n<h3>Des \u00e9piceries en ligne en Afrique du Sud \u00e0 la livraison \u00e0 domicile<\/h3>\n<p>Comme les services d&#039;\u00e9picerie assument l&#039;enti\u00e8re responsabilit\u00e9 de la livraison des articles des \u00e9piceries en ligne en Afrique du Sud jusqu&#039;\u00e0 la porte du client, il est toujours pr\u00e9f\u00e9rable d&#039;opter pour le meilleur service d&#039;\u00e9picerie en ligne en Afrique du Sud qui peut livrer des articles dans une nouvelle situation \u00e0 votre porte. Si vous devez vous rendre \u00e0 l&#039;\u00e9picerie, vous devez passer beaucoup de temps \u00e0 faire les courses et \u00e0 les ramener chez vous.<\/p>\n<h3>B\u00e9n\u00e9ficiez de remises et d&#039;offres uniques<\/h3>\n<p>De nombreuses entreprises d&#039;\u00e9picerie en ligne en Afrique du Sud proposent diverses remises, offres et bons de r\u00e9duction uniques. Vous pouvez obtenir des mises \u00e0 jour sur ces offres depuis le site du cabinet ou par e-mail ou SMS, une fois que vous vous \u00eates abonn\u00e9 \u00e0 la newsletter. La plupart du temps, vous pouvez voir ces remises et offres pendant les vacances, etc. Vous pouvez b\u00e9n\u00e9ficier de mises \u00e0 jour r\u00e9guli\u00e8res une fois que vous vous \u00eates abonn\u00e9 via la newsletter.<\/p>\n<h3>Paiement en ligne<\/h3>\n<p>D\u00e9sormais, la livraison d&#039;\u00e9picerie en ligne en Afrique du Sud est devenue extr\u00eamement facile car vous pouvez parcourir vos produits pr\u00e9f\u00e9r\u00e9s, ajouter \u00e0 la carte et effectuer des paiements via Internet en utilisant de nombreux choix de paiement tels que les cartes de cr\u00e9dit, Netbanking, les cartes de d\u00e9bit, les cartes de cr\u00e9dit et d&#039;autres options pour rendre simple et s\u00fbr transactions. Vous pouvez opter pour les paiements sans num\u00e9raire et faire vos courses en ligne en quelques clics.<\/p>\n<h3>Plus de probl\u00e8mes de stationnement<\/h3>\n<p>Si vous devez faire des courses au march\u00e9, vous pouvez \u00eatre confront\u00e9 au probl\u00e8me du stationnement de votre v\u00e9hicule ou de votre voiture, en particulier pendant les festivals ou lors de journ\u00e9es sp\u00e9ciales. Mais lorsque vous magasinez en ligne, vous n&#039;avez pas \u00e0 h\u00e9siter sur les aires de stationnement. Vous n&#039;avez pas besoin de sortir de chez vous et de parcourir les articles dont vous avez besoin, faites vos achats dans le temps dont vous avez besoin sans aucun probl\u00e8me de stationnement en utilisant la meilleure livraison d&#039;\u00e9picerie en ligne en Afrique du Sud.<\/p>\n<h3>Application de livraison de courses en ligne Afrique du Sud - achetez des courses \u00e0 tout moment et n&#039;importe o\u00f9<\/h3>\n<p>Simplifiez vos achats d&#039;\u00e9picerie avec les meilleurs services d&#039;\u00e9piceries en ligne en Afrique du Sud. D\u00e9sormais, vous pouvez conserver votre argent et votre temps via l&#039;application de livraison d&#039;\u00e9picerie en ligne Afrique du Sud o\u00f9 vous pouvez simplement acheter des produits d&#039;\u00e9picerie \u00e0 tout moment et n&#039;importe o\u00f9 en utilisant votre ordinateur portable, votre t\u00e9l\u00e9phone portable, etc.<\/p>","protected":false},"excerpt":{"rendered":"<p>Online Grocery Shopping in South Africa Use the best grocery delivery app South Africa or online grocery stores in South Africa service to order your favorite groceries simple and easy online. Online grocery delivery in South Africa made easy. Online grocery shopping in South Africa service is the shopping experience of the future. With a [&hellip;]<\/p>\n","protected":false},"author":1,"featured_media":19429,"parent":0,"menu_order":0,"comment_status":"open","ping_status":"closed","template":"template-home-modern.php","meta":{"footnotes":""},"class_list":["post-10953","page","type-page","status-publish","has-post-thumbnail","hentry"],"yoast_head":"<!-- This site is optimized with the Yoast SEO plugin v27.2 - https:\/\/yoast.com\/product\/yoast-seo-wordpress\/ -->\n<title>Grocery Delivery South Africa I Supermarket I Online Store I Shopping<\/title>\n<meta name=\"description\" content=\"Looking for online grocery delivery in South Africa? Download our grocery delivery app South Africa service and do cheap online grocery shopping in South Africa stores\" \/>\n<meta name=\"robots\" content=\"index, follow, max-snippet:-1, max-image-preview:large, max-video-preview:-1\" \/>\n<link rel=\"canonical\" href=\"https:\/\/tiketi.com\/fr-fr\/online-grocery-delivery-south-africa-store\/\" \/>\n<meta property=\"og:locale\" content=\"fr_FR\" \/>\n<meta property=\"og:type\" content=\"article\" \/>\n<meta property=\"og:title\" content=\"Grocery Delivery South Africa I Supermarket I Online Store I Shopping\" \/>\n<meta property=\"og:description\" content=\"Looking for online grocery delivery in South Africa? Download our grocery delivery app South Africa service and do cheap online grocery shopping in South Africa stores\" \/>\n<meta property=\"og:url\" content=\"https:\/\/tiketi.com\/fr-fr\/online-grocery-delivery-south-africa-store\/\" \/>\n<meta property=\"og:site_name\" content=\"Tiketi.com\" \/>\n<meta property=\"article:publisher\" content=\"https:\/\/www.facebook.com\/TiketiCom\/\" \/>\n<meta property=\"article:modified_time\" content=\"2022-02-14T09:55:35+00:00\" \/>\n<meta property=\"og:image\" content=\"https:\/\/tiketi.com\/wp-content\/uploads\/2019\/05\/grocery-woman-6289052_1280.jpg\" \/>\n\t<meta property=\"og:image:width\" content=\"1200\" \/>\n\t<meta property=\"og:image:height\" content=\"200\" \/>\n\t<meta property=\"og:image:type\" content=\"image\/jpeg\" \/>\n<meta name=\"twitter:card\" content=\"summary_large_image\" \/>\n<meta name=\"twitter:label1\" content=\"Dur\u00e9e de lecture estim\u00e9e\" \/>\n\t<meta name=\"twitter:data1\" content=\"3 minutes\" \/>\n<script type=\"application\/ld+json\" class=\"yoast-schema-graph\">{\"@context\":\"https:\/\/schema.org\",\"@graph\":[{\"@type\":\"WebPage\",\"@id\":\"https:\/\/tiketi.com\/online-grocery-delivery-south-africa-store\/\",\"url\":\"https:\/\/tiketi.com\/online-grocery-delivery-south-africa-store\/\",\"name\":\"Grocery Delivery South Africa I Supermarket I Online Store I Shopping\",\"isPartOf\":{\"@id\":\"https:\/\/tiketi.com\/#website\"},\"primaryImageOfPage\":{\"@id\":\"https:\/\/tiketi.com\/online-grocery-delivery-south-africa-store\/#primaryimage\"},\"image\":{\"@id\":\"https:\/\/tiketi.com\/online-grocery-delivery-south-africa-store\/#primaryimage\"},\"thumbnailUrl\":\"https:\/\/tiketi.com\/wp-content\/uploads\/2019\/05\/grocery-woman-6289052_1280.jpg\",\"datePublished\":\"2022-01-19T11:54:02+00:00\",\"dateModified\":\"2022-02-14T09:55:35+00:00\",\"description\":\"Looking for online grocery delivery in South Africa? Download our grocery delivery app South Africa service and do cheap online grocery shopping in South Africa stores\",\"breadcrumb\":{\"@id\":\"https:\/\/tiketi.com\/online-grocery-delivery-south-africa-store\/#breadcrumb\"},\"inLanguage\":\"fr-FR\",\"potentialAction\":[{\"@type\":\"ReadAction\",\"target\":[\"https:\/\/tiketi.com\/online-grocery-delivery-south-africa-store\/\"]}]},{\"@type\":\"ImageObject\",\"inLanguage\":\"fr-FR\",\"@id\":\"https:\/\/tiketi.com\/online-grocery-delivery-south-africa-store\/#primaryimage\",\"url\":\"https:\/\/tiketi.com\/wp-content\/uploads\/2019\/05\/grocery-woman-6289052_1280.jpg\",\"contentUrl\":\"https:\/\/tiketi.com\/wp-content\/uploads\/2019\/05\/grocery-woman-6289052_1280.jpg\",\"width\":1200,\"height\":200,\"caption\":\"Grocery Delivery\"},{\"@type\":\"BreadcrumbList\",\"@id\":\"https:\/\/tiketi.com\/online-grocery-delivery-south-africa-store\/#breadcrumb\",\"itemListElement\":[{\"@type\":\"ListItem\",\"position\":1,\"name\":\"Home\",\"item\":\"https:\/\/tiketi.com\/\"},{\"@type\":\"ListItem\",\"position\":2,\"name\":\"Grocery Delivery in South Africa I Supermarket I Online Store I Shopping\"}]},{\"@type\":\"WebSite\",\"@id\":\"https:\/\/tiketi.com\/#website\",\"url\":\"https:\/\/tiketi.com\/\",\"name\":\"Flight & Bus Tickets, Tour Packages & Activitites - Tiketi.com\",\"description\":\"Flight &amp; Bus Tickets, Tours, Activitites\",\"publisher\":{\"@id\":\"https:\/\/tiketi.com\/#organization\"},\"potentialAction\":[{\"@type\":\"SearchAction\",\"target\":{\"@type\":\"EntryPoint\",\"urlTemplate\":\"https:\/\/tiketi.com\/?s={search_term_string}\"},\"query-input\":{\"@type\":\"PropertyValueSpecification\",\"valueRequired\":true,\"valueName\":\"search_term_string\"}}],\"inLanguage\":\"fr-FR\"},{\"@type\":\"Organization\",\"@id\":\"https:\/\/tiketi.com\/#organization\",\"name\":\"Tiketi.com\",\"alternateName\":\"Tiketi\",\"url\":\"https:\/\/tiketi.com\/\",\"logo\":{\"@type\":\"ImageObject\",\"inLanguage\":\"fr-FR\",\"@id\":\"https:\/\/tiketi.com\/#\/schema\/logo\/image\/\",\"url\":\"https:\/\/tiketi.com\/wp-content\/uploads\/2019\/05\/tiketi-logo-696.png\",\"contentUrl\":\"https:\/\/tiketi.com\/wp-content\/uploads\/2019\/05\/tiketi-logo-696.png\",\"width\":696,\"height\":696,\"caption\":\"Tiketi.com\"},\"image\":{\"@id\":\"https:\/\/tiketi.com\/#\/schema\/logo\/image\/\"},\"sameAs\":[\"https:\/\/www.facebook.com\/TiketiCom\/\"]}]}<\/script>\n<!-- \/ Yoast SEO plugin. -->","yoast_head_json":{"title":"Livraison de courses Afrique du Sud I Supermarch\u00e9 I Boutique en ligne I Shopping","description":"Vous recherchez une livraison de courses en ligne en Afrique du Sud\u00a0? T\u00e9l\u00e9chargez notre service de livraison d&#039;\u00e9picerie en Afrique du Sud et faites des courses en ligne \u00e0 bas prix dans les magasins d&#039;Afrique du Sud","robots":{"index":"index","follow":"follow","max-snippet":"max-snippet:-1","max-image-preview":"max-image-preview:large","max-video-preview":"max-video-preview:-1"},"canonical":"https:\/\/tiketi.com\/fr-fr\/online-grocery-delivery-south-africa-store\/","og_locale":"fr_FR","og_type":"article","og_title":"Grocery Delivery South Africa I Supermarket I Online Store I Shopping","og_description":"Looking for online grocery delivery in South Africa? Download our grocery delivery app South Africa service and do cheap online grocery shopping in South Africa stores","og_url":"https:\/\/tiketi.com\/fr-fr\/online-grocery-delivery-south-africa-store\/","og_site_name":"Tiketi.com","article_publisher":"https:\/\/www.facebook.com\/TiketiCom\/","article_modified_time":"2022-02-14T09:55:35+00:00","og_image":[{"width":1200,"height":200,"url":"https:\/\/tiketi.com\/wp-content\/uploads\/2019\/05\/grocery-woman-6289052_1280.jpg","type":"image\/jpeg"}],"twitter_card":"summary_large_image","twitter_misc":{"Dur\u00e9e de lecture estim\u00e9e":"3 minutes"},"schema":{"@context":"https:\/\/schema.org","@graph":[{"@type":"WebPage","@id":"https:\/\/tiketi.com\/online-grocery-delivery-south-africa-store\/","url":"https:\/\/tiketi.com\/online-grocery-delivery-south-africa-store\/","name":"Livraison de courses Afrique du Sud I Supermarch\u00e9 I Boutique en ligne I Shopping","isPartOf":{"@id":"https:\/\/tiketi.com\/#website"},"primaryImageOfPage":{"@id":"https:\/\/tiketi.com\/online-grocery-delivery-south-africa-store\/#primaryimage"},"image":{"@id":"https:\/\/tiketi.com\/online-grocery-delivery-south-africa-store\/#primaryimage"},"thumbnailUrl":"https:\/\/tiketi.com\/wp-content\/uploads\/2019\/05\/grocery-woman-6289052_1280.jpg","datePublished":"2022-01-19T11:54:02+00:00","dateModified":"2022-02-14T09:55:35+00:00","description":"Vous recherchez une livraison de courses en ligne en Afrique du Sud\u00a0? T\u00e9l\u00e9chargez notre service de livraison d&#039;\u00e9picerie en Afrique du Sud et faites des courses en ligne \u00e0 bas prix dans les magasins d&#039;Afrique du Sud","breadcrumb":{"@id":"https:\/\/tiketi.com\/online-grocery-delivery-south-africa-store\/#breadcrumb"},"inLanguage":"fr-FR","potentialAction":[{"@type":"ReadAction","target":["https:\/\/tiketi.com\/online-grocery-delivery-south-africa-store\/"]}]},{"@type":"ImageObject","inLanguage":"fr-FR","@id":"https:\/\/tiketi.com\/online-grocery-delivery-south-africa-store\/#primaryimage","url":"https:\/\/tiketi.com\/wp-content\/uploads\/2019\/05\/grocery-woman-6289052_1280.jpg","contentUrl":"https:\/\/tiketi.com\/wp-content\/uploads\/2019\/05\/grocery-woman-6289052_1280.jpg","width":1200,"height":200,"caption":"Grocery Delivery"},{"@type":"BreadcrumbList","@id":"https:\/\/tiketi.com\/online-grocery-delivery-south-africa-store\/#breadcrumb","itemListElement":[{"@type":"ListItem","position":1,"name":"Home","item":"https:\/\/tiketi.com\/"},{"@type":"ListItem","position":2,"name":"Grocery Delivery in South Africa I Supermarket I Online Store I Shopping"}]},{"@type":"WebSite","@id":"https:\/\/tiketi.com\/#website","url":"https:\/\/tiketi.com\/","name":"Billets d&#039;avion et de bus, forfaits touristiques et activit\u00e9s - Tiketi.com","description":"Billets d&#039;avion et de bus, Tours, Activit\u00e9s","publisher":{"@id":"https:\/\/tiketi.com\/#organization"},"potentialAction":[{"@type":"SearchAction","target":{"@type":"EntryPoint","urlTemplate":"https:\/\/tiketi.com\/?s={search_term_string}"},"query-input":{"@type":"PropertyValueSpecification","valueRequired":true,"valueName":"search_term_string"}}],"inLanguage":"fr-FR"},{"@type":"Organization","@id":"https:\/\/tiketi.com\/#organization","name":"Tiketi.com","alternateName":"Tiketi","url":"https:\/\/tiketi.com\/","logo":{"@type":"ImageObject","inLanguage":"fr-FR","@id":"https:\/\/tiketi.com\/#\/schema\/logo\/image\/","url":"https:\/\/tiketi.com\/wp-content\/uploads\/2019\/05\/tiketi-logo-696.png","contentUrl":"https:\/\/tiketi.com\/wp-content\/uploads\/2019\/05\/tiketi-logo-696.png","width":696,"height":696,"caption":"Tiketi.com"},"image":{"@id":"https:\/\/tiketi.com\/#\/schema\/logo\/image\/"},"sameAs":["https:\/\/www.facebook.com\/TiketiCom\/"]}]}},"_links":{"self":[{"href":"https:\/\/tiketi.com\/fr-fr\/wp-json\/wp\/v2\/pages\/10953","targetHints":{"allow":["GET"]}}],"collection":[{"href":"https:\/\/tiketi.com\/fr-fr\/wp-json\/wp\/v2\/pages"}],"about":[{"href":"https:\/\/tiketi.com\/fr-fr\/wp-json\/wp\/v2\/types\/page"}],"author":[{"embeddable":true,"href":"https:\/\/tiketi.com\/fr-fr\/wp-json\/wp\/v2\/users\/1"}],"replies":[{"embeddable":true,"href":"https:\/\/tiketi.com\/fr-fr\/wp-json\/wp\/v2\/comments?post=10953"}],"version-history":[{"count":0,"href":"https:\/\/tiketi.com\/fr-fr\/wp-json\/wp\/v2\/pages\/10953\/revisions"}],"wp:featuredmedia":[{"embeddable":true,"href":"https:\/\/tiketi.com\/fr-fr\/wp-json\/wp\/v2\/media\/19429"}],"wp:attachment":[{"href":"https:\/\/tiketi.com\/fr-fr\/wp-json\/wp\/v2\/media?parent=10953"}],"curies":[{"name":"wp","href":"https:\/\/api.w.org\/{rel}","templated":true}]}}