{"id":10954,"date":"2022-01-19T12:54:02","date_gmt":"2022-01-19T11:54:02","guid":{"rendered":"https:\/\/new.tiketi.com\/grocery-delivery-johannesburg-i-supermarket-i-online-store-i-shopping\/"},"modified":"2022-02-14T09:56:23","modified_gmt":"2022-02-14T08:56:23","slug":"online-grocery-delivery-johannesburg-store","status":"publish","type":"page","link":"https:\/\/tiketi.com\/fr-fr\/online-grocery-delivery-johannesburg-store\/","title":{"rendered":"Livraison de courses Johannesbourg I Supermarch\u00e9 I Boutique en ligne I Shopping"},"content":{"rendered":"<h2>\u00c9picerie en ligne \u00e0 Johannesburg<\/h2>\n<h3>Utilisez la meilleure application de livraison d&#039;\u00e9picerie Johannesburg ou les \u00e9piceries en ligne du service Johannesburg pour commander vos courses pr\u00e9f\u00e9r\u00e9es simplement et facilement en ligne.<\/h3>\n<p>La livraison de courses en ligne \u00e0 Johannesburg en toute simplicit\u00e9. L&#039;\u00e9picerie en ligne \u00e0 Johannesburg pr\u00e9sente de nombreux avantages, ce qui aide les clients \u00e0 \u00e9conomiser beaucoup d&#039;argent et de temps. Il existe de nombreuses meilleures applications de livraison d&#039;\u00e9picerie \u00e0 Johannesburg et des services d&#039;\u00e9piceries en ligne \u00e0 Johannesburg qui livrent les articles s\u00e9lectionn\u00e9s \u00e0 la porte des clients \u00e0 temps.<\/p>\n<h2>Avantages de la livraison de courses en ligne Johannesburg<\/h2>\n<h3>Application de livraison d&#039;\u00e9picerie Johannesburg Commande et service client 24h\/24 et 7j\/7<\/h3>\n<p>Auparavant pour faire l&#039;\u00e9picerie, vous ne pouvez pas faire vos courses apr\u00e8s un certain temps dans les \u00e9piceries. Mais maintenant, avec l&#039;\u00e9mergence des services d&#039;\u00e9piceries en ligne \u00e0 Johannesburg, vous pouvez faire vos achats \u00e0 tout moment et faire livrer vos courses \u00e0 Johannesburg \u00e0 votre porte. M\u00eame vous pouvez r\u00e9soudre toutes vos questions en appelant le responsable du service client qui sera accessible \u00e0 tout moment pour r\u00e9pondre \u00e0 toutes les questions correspondant aux services ou produits.<\/p>\n<h3>Pas de longues files d&#039;attente<\/h3>\n<p>En cas d&#039;achat de produits dans les supermarch\u00e9s pendant les heures de pointe, vous pouvez rencontrer des probl\u00e8mes d&#039;attente et de longues files d&#039;attente qui peuvent prendre beaucoup de temps. Vous pouvez vous d\u00e9barrasser de ces probl\u00e8mes via l&#039;\u00e9picerie en ligne de Johannesburg o\u00f9 vous pouvez commander les produits d&#039;\u00e9picerie n\u00e9cessaires \u00e0 partir de votre ordinateur portable ou de votre t\u00e9l\u00e9phone portable. Vous n&#039;avez pas besoin de visiter le magasin et le supermarch\u00e9 depuis le portail Internet o\u00f9 que vous soyez.<\/p>\n<h3>Assurance de produits frais et de qualit\u00e9<\/h3>\n<p>Vous pouvez faire vos achats dans la meilleure \u00e9picerie en ligne de Johannesburg, o\u00f9 l&#039;entreprise fournira les produits standard accessibles au supermarch\u00e9. Vous recevrez les nouveaux produits livr\u00e9s \u00e0 votre porte en quelques clics. Si vous obtenez des produits d&#039;\u00e9picerie p\u00e9rissables ou de mauvaise qualit\u00e9, vous pouvez obtenir un remplacement ou un remboursement ou retourner le produit. Maintenant, il existe de nombreuses \u00e9piceries en ligne \u00e0 Johannesburg qui offrent les meilleurs produits aux clients pour les satisfaire.<\/p>\n<h3>Pas de d\u00e9penses inutiles<\/h3>\n<p>Lorsque vous faites vos courses en ligne \u00e0 Johannesburg, il n&#039;y aura pas de d\u00e9penses inutiles car vous passerez du temps \u00e0 acheter les articles dont vous avez besoin. Si vous visitez un supermarch\u00e9, il se peut que vous soyez tent\u00e9 de choisir des articles qui ne vous sont pas n\u00e9cessaires.<\/p>\n<h3>Faire ses courses en ligne \u00e0 Johannesburg fait gagner du temps<\/h3>\n<p>Comme presque chaque personne aujourd&#039;hui est occup\u00e9e par ses activit\u00e9s r\u00e9guli\u00e8res et consciente du temps, chaque personne recherche une \u00e9picerie en ligne \u00e0 Johannesburg au lieu d&#039;aller au supermarch\u00e9 et d&#039;acheter des choses. Faire des achats en ligne sur l&#039;application de livraison d&#039;\u00e9picerie Johannesburg n&#039;utilisera pas la plupart de votre temps. Dans le cas o\u00f9 vous faites vos courses dans un supermarch\u00e9 o\u00f9 vous devez chercher partout pour trouver l&#039;article dont vous avez besoin, cela vous fait perdre beaucoup de temps. Vous pouvez profiter des meilleurs services de livraison d&#039;\u00e9picerie \u00e0 Johannesburg pour faire livrer les produits \u00e0 votre porte en un seul clic.<\/p>","protected":false},"excerpt":{"rendered":"<p>Online Grocery Shopping in Johannesburg Use the best grocery delivery app Johannesburg or online grocery stores in Johannesburg service to order your favorite groceries simple and easy online. Online grocery delivery Johannesburg made easy.&nbsp;There are many advantages of online grocery shopping in Johannesburg which helps customers to keep a lot of money and time. There [&hellip;]<\/p>\n","protected":false},"author":1,"featured_media":19429,"parent":0,"menu_order":0,"comment_status":"open","ping_status":"closed","template":"template-home-modern.php","meta":{"footnotes":""},"class_list":["post-10954","page","type-page","status-publish","has-post-thumbnail","hentry"],"yoast_head":"<!-- This site is optimized with the Yoast SEO plugin v27.2 - https:\/\/yoast.com\/product\/yoast-seo-wordpress\/ -->\n<title>Grocery Delivery Johannesburg<\/title>\n<meta name=\"description\" content=\"Looking for online grocery delivery in Johannesburg? Download our grocery delivery app Johannesburg service and do cheap online grocery shopping in Johannesburg stores\" \/>\n<meta name=\"robots\" content=\"index, follow, max-snippet:-1, max-image-preview:large, max-video-preview:-1\" \/>\n<link rel=\"canonical\" href=\"https:\/\/tiketi.com\/fr-fr\/online-grocery-delivery-johannesburg-store\/\" \/>\n<meta property=\"og:locale\" content=\"fr_FR\" \/>\n<meta property=\"og:type\" content=\"article\" \/>\n<meta property=\"og:title\" content=\"Grocery Delivery Johannesburg\" \/>\n<meta property=\"og:description\" content=\"Looking for online grocery delivery in Johannesburg? Download our grocery delivery app Johannesburg service and do cheap online grocery shopping in Johannesburg stores\" \/>\n<meta property=\"og:url\" content=\"https:\/\/tiketi.com\/fr-fr\/online-grocery-delivery-johannesburg-store\/\" \/>\n<meta property=\"og:site_name\" content=\"Tiketi.com\" \/>\n<meta property=\"article:publisher\" content=\"https:\/\/www.facebook.com\/TiketiCom\/\" \/>\n<meta property=\"article:modified_time\" content=\"2022-02-14T08:56:23+00:00\" \/>\n<meta property=\"og:image\" content=\"https:\/\/tiketi.com\/wp-content\/uploads\/2019\/05\/grocery-woman-6289052_1280.jpg\" \/>\n\t<meta property=\"og:image:width\" content=\"1200\" \/>\n\t<meta property=\"og:image:height\" content=\"200\" \/>\n\t<meta property=\"og:image:type\" content=\"image\/jpeg\" \/>\n<meta name=\"twitter:card\" content=\"summary_large_image\" \/>\n<meta name=\"twitter:label1\" content=\"Dur\u00e9e de lecture estim\u00e9e\" \/>\n\t<meta name=\"twitter:data1\" content=\"3 minutes\" \/>\n<script type=\"application\/ld+json\" class=\"yoast-schema-graph\">{\"@context\":\"https:\/\/schema.org\",\"@graph\":[{\"@type\":\"WebPage\",\"@id\":\"https:\/\/tiketi.com\/online-grocery-delivery-johannesburg-store\/\",\"url\":\"https:\/\/tiketi.com\/online-grocery-delivery-johannesburg-store\/\",\"name\":\"Grocery Delivery Johannesburg\",\"isPartOf\":{\"@id\":\"https:\/\/tiketi.com\/#website\"},\"primaryImageOfPage\":{\"@id\":\"https:\/\/tiketi.com\/online-grocery-delivery-johannesburg-store\/#primaryimage\"},\"image\":{\"@id\":\"https:\/\/tiketi.com\/online-grocery-delivery-johannesburg-store\/#primaryimage\"},\"thumbnailUrl\":\"https:\/\/tiketi.com\/wp-content\/uploads\/2019\/05\/grocery-woman-6289052_1280.jpg\",\"datePublished\":\"2022-01-19T11:54:02+00:00\",\"dateModified\":\"2022-02-14T08:56:23+00:00\",\"description\":\"Looking for online grocery delivery in Johannesburg? Download our grocery delivery app Johannesburg service and do cheap online grocery shopping in Johannesburg stores\",\"breadcrumb\":{\"@id\":\"https:\/\/tiketi.com\/online-grocery-delivery-johannesburg-store\/#breadcrumb\"},\"inLanguage\":\"fr-FR\",\"potentialAction\":[{\"@type\":\"ReadAction\",\"target\":[\"https:\/\/tiketi.com\/online-grocery-delivery-johannesburg-store\/\"]}]},{\"@type\":\"ImageObject\",\"inLanguage\":\"fr-FR\",\"@id\":\"https:\/\/tiketi.com\/online-grocery-delivery-johannesburg-store\/#primaryimage\",\"url\":\"https:\/\/tiketi.com\/wp-content\/uploads\/2019\/05\/grocery-woman-6289052_1280.jpg\",\"contentUrl\":\"https:\/\/tiketi.com\/wp-content\/uploads\/2019\/05\/grocery-woman-6289052_1280.jpg\",\"width\":1200,\"height\":200,\"caption\":\"Grocery Delivery\"},{\"@type\":\"BreadcrumbList\",\"@id\":\"https:\/\/tiketi.com\/online-grocery-delivery-johannesburg-store\/#breadcrumb\",\"itemListElement\":[{\"@type\":\"ListItem\",\"position\":1,\"name\":\"Home\",\"item\":\"https:\/\/tiketi.com\/\"},{\"@type\":\"ListItem\",\"position\":2,\"name\":\"Grocery Delivery Johannesburg I Supermarket I Online Store I Shopping\"}]},{\"@type\":\"WebSite\",\"@id\":\"https:\/\/tiketi.com\/#website\",\"url\":\"https:\/\/tiketi.com\/\",\"name\":\"Flight & Bus Tickets, Tour Packages & Activitites - Tiketi.com\",\"description\":\"Flight &amp; Bus Tickets, Tours, Activitites\",\"publisher\":{\"@id\":\"https:\/\/tiketi.com\/#organization\"},\"potentialAction\":[{\"@type\":\"SearchAction\",\"target\":{\"@type\":\"EntryPoint\",\"urlTemplate\":\"https:\/\/tiketi.com\/?s={search_term_string}\"},\"query-input\":{\"@type\":\"PropertyValueSpecification\",\"valueRequired\":true,\"valueName\":\"search_term_string\"}}],\"inLanguage\":\"fr-FR\"},{\"@type\":\"Organization\",\"@id\":\"https:\/\/tiketi.com\/#organization\",\"name\":\"Tiketi.com\",\"alternateName\":\"Tiketi\",\"url\":\"https:\/\/tiketi.com\/\",\"logo\":{\"@type\":\"ImageObject\",\"inLanguage\":\"fr-FR\",\"@id\":\"https:\/\/tiketi.com\/#\/schema\/logo\/image\/\",\"url\":\"https:\/\/tiketi.com\/wp-content\/uploads\/2019\/05\/tiketi-logo-696.png\",\"contentUrl\":\"https:\/\/tiketi.com\/wp-content\/uploads\/2019\/05\/tiketi-logo-696.png\",\"width\":696,\"height\":696,\"caption\":\"Tiketi.com\"},\"image\":{\"@id\":\"https:\/\/tiketi.com\/#\/schema\/logo\/image\/\"},\"sameAs\":[\"https:\/\/www.facebook.com\/TiketiCom\/\"]}]}<\/script>\n<!-- \/ Yoast SEO plugin. -->","yoast_head_json":{"title":"Livraison de courses Johannesbourg","description":"Vous recherchez une livraison de courses en ligne \u00e0 Johannesbourg\u00a0? T\u00e9l\u00e9chargez notre service de livraison d&#039;\u00e9picerie \u00e0 Johannesburg et faites vos courses en ligne \u00e0 bas prix dans les magasins de Johannesburg","robots":{"index":"index","follow":"follow","max-snippet":"max-snippet:-1","max-image-preview":"max-image-preview:large","max-video-preview":"max-video-preview:-1"},"canonical":"https:\/\/tiketi.com\/fr-fr\/online-grocery-delivery-johannesburg-store\/","og_locale":"fr_FR","og_type":"article","og_title":"Grocery Delivery Johannesburg","og_description":"Looking for online grocery delivery in Johannesburg? Download our grocery delivery app Johannesburg service and do cheap online grocery shopping in Johannesburg stores","og_url":"https:\/\/tiketi.com\/fr-fr\/online-grocery-delivery-johannesburg-store\/","og_site_name":"Tiketi.com","article_publisher":"https:\/\/www.facebook.com\/TiketiCom\/","article_modified_time":"2022-02-14T08:56:23+00:00","og_image":[{"width":1200,"height":200,"url":"https:\/\/tiketi.com\/wp-content\/uploads\/2019\/05\/grocery-woman-6289052_1280.jpg","type":"image\/jpeg"}],"twitter_card":"summary_large_image","twitter_misc":{"Dur\u00e9e de lecture estim\u00e9e":"3 minutes"},"schema":{"@context":"https:\/\/schema.org","@graph":[{"@type":"WebPage","@id":"https:\/\/tiketi.com\/online-grocery-delivery-johannesburg-store\/","url":"https:\/\/tiketi.com\/online-grocery-delivery-johannesburg-store\/","name":"Livraison de courses Johannesbourg","isPartOf":{"@id":"https:\/\/tiketi.com\/#website"},"primaryImageOfPage":{"@id":"https:\/\/tiketi.com\/online-grocery-delivery-johannesburg-store\/#primaryimage"},"image":{"@id":"https:\/\/tiketi.com\/online-grocery-delivery-johannesburg-store\/#primaryimage"},"thumbnailUrl":"https:\/\/tiketi.com\/wp-content\/uploads\/2019\/05\/grocery-woman-6289052_1280.jpg","datePublished":"2022-01-19T11:54:02+00:00","dateModified":"2022-02-14T08:56:23+00:00","description":"Vous recherchez une livraison de courses en ligne \u00e0 Johannesbourg\u00a0? T\u00e9l\u00e9chargez notre service de livraison d&#039;\u00e9picerie \u00e0 Johannesburg et faites vos courses en ligne \u00e0 bas prix dans les magasins de Johannesburg","breadcrumb":{"@id":"https:\/\/tiketi.com\/online-grocery-delivery-johannesburg-store\/#breadcrumb"},"inLanguage":"fr-FR","potentialAction":[{"@type":"ReadAction","target":["https:\/\/tiketi.com\/online-grocery-delivery-johannesburg-store\/"]}]},{"@type":"ImageObject","inLanguage":"fr-FR","@id":"https:\/\/tiketi.com\/online-grocery-delivery-johannesburg-store\/#primaryimage","url":"https:\/\/tiketi.com\/wp-content\/uploads\/2019\/05\/grocery-woman-6289052_1280.jpg","contentUrl":"https:\/\/tiketi.com\/wp-content\/uploads\/2019\/05\/grocery-woman-6289052_1280.jpg","width":1200,"height":200,"caption":"Grocery Delivery"},{"@type":"BreadcrumbList","@id":"https:\/\/tiketi.com\/online-grocery-delivery-johannesburg-store\/#breadcrumb","itemListElement":[{"@type":"ListItem","position":1,"name":"Home","item":"https:\/\/tiketi.com\/"},{"@type":"ListItem","position":2,"name":"Grocery Delivery Johannesburg I Supermarket I Online Store I Shopping"}]},{"@type":"WebSite","@id":"https:\/\/tiketi.com\/#website","url":"https:\/\/tiketi.com\/","name":"Billets d&#039;avion et de bus, forfaits touristiques et activit\u00e9s - Tiketi.com","description":"Billets d&#039;avion et de bus, Tours, Activit\u00e9s","publisher":{"@id":"https:\/\/tiketi.com\/#organization"},"potentialAction":[{"@type":"SearchAction","target":{"@type":"EntryPoint","urlTemplate":"https:\/\/tiketi.com\/?s={search_term_string}"},"query-input":{"@type":"PropertyValueSpecification","valueRequired":true,"valueName":"search_term_string"}}],"inLanguage":"fr-FR"},{"@type":"Organization","@id":"https:\/\/tiketi.com\/#organization","name":"Tiketi.com","alternateName":"Tiketi","url":"https:\/\/tiketi.com\/","logo":{"@type":"ImageObject","inLanguage":"fr-FR","@id":"https:\/\/tiketi.com\/#\/schema\/logo\/image\/","url":"https:\/\/tiketi.com\/wp-content\/uploads\/2019\/05\/tiketi-logo-696.png","contentUrl":"https:\/\/tiketi.com\/wp-content\/uploads\/2019\/05\/tiketi-logo-696.png","width":696,"height":696,"caption":"Tiketi.com"},"image":{"@id":"https:\/\/tiketi.com\/#\/schema\/logo\/image\/"},"sameAs":["https:\/\/www.facebook.com\/TiketiCom\/"]}]}},"_links":{"self":[{"href":"https:\/\/tiketi.com\/fr-fr\/wp-json\/wp\/v2\/pages\/10954","targetHints":{"allow":["GET"]}}],"collection":[{"href":"https:\/\/tiketi.com\/fr-fr\/wp-json\/wp\/v2\/pages"}],"about":[{"href":"https:\/\/tiketi.com\/fr-fr\/wp-json\/wp\/v2\/types\/page"}],"author":[{"embeddable":true,"href":"https:\/\/tiketi.com\/fr-fr\/wp-json\/wp\/v2\/users\/1"}],"replies":[{"embeddable":true,"href":"https:\/\/tiketi.com\/fr-fr\/wp-json\/wp\/v2\/comments?post=10954"}],"version-history":[{"count":0,"href":"https:\/\/tiketi.com\/fr-fr\/wp-json\/wp\/v2\/pages\/10954\/revisions"}],"wp:featuredmedia":[{"embeddable":true,"href":"https:\/\/tiketi.com\/fr-fr\/wp-json\/wp\/v2\/media\/19429"}],"wp:attachment":[{"href":"https:\/\/tiketi.com\/fr-fr\/wp-json\/wp\/v2\/media?parent=10954"}],"curies":[{"name":"wp","href":"https:\/\/api.w.org\/{rel}","templated":true}]}}