{"id":10955,"date":"2022-01-19T12:54:02","date_gmt":"2022-01-19T11:54:02","guid":{"rendered":"https:\/\/new.tiketi.com\/grocery-delivery-rwanda-i-supermarket-i-online-store-i-shopping\/"},"modified":"2022-02-14T10:44:01","modified_gmt":"2022-02-14T09:44:01","slug":"online-grocery-delivery-rwanda-store","status":"publish","type":"page","link":"https:\/\/tiketi.com\/fr-fr\/online-grocery-delivery-rwanda-store\/","title":{"rendered":"Livraison de courses en Rwanda I Supermarch\u00e9 I Boutique en ligne I Shopping"},"content":{"rendered":"<h2>\u00c9picerie en ligne au Rwanda<\/h2>\n<h3>Utilisez le meilleur service de livraison d&#039;\u00e9picerie au Rwanda pour commander vos courses pr\u00e9f\u00e9r\u00e9es simplement et facilement dans les \u00e9piceries en ligne au Rwanda.<\/h3>\n<p>La livraison de courses en ligne au Rwanda en toute simplicit\u00e9. Les achats en ligne deviennent rapidement une tendance en raison de la facilit\u00e9 qu&#039;ils offrent aux acheteurs. Quoi qu&#039;il en soit, en ce qui concerne les achats de fournitures et d&#039;\u00e9picerie en ligne, les inqui\u00e9tudes \u00e0 ce sujet sont \u00e0 la hausse. Les acheteurs ne sont pas s\u00fbrs de la qualit\u00e9 et de la fra\u00eecheur des aliments qu&#039;ils ach\u00e8tent en ligne ou via l&#039;application de livraison d&#039;\u00e9picerie Rwanda. D&#039;autres risquent de perdre leurs informations de carte de cr\u00e9dit en raison d&#039;une fraude financi\u00e8re. Pour r\u00e9pondre \u00e0 ces inqui\u00e9tudes, voici quelques-uns des avantages de l&#039;\u00e9picerie en ligne au Rwanda.<\/p>\n<h2>Voici quelques-uns des avantages de la livraison de courses en ligne au Rwanda<\/h2>\n<h3>Application de livraison d&#039;\u00e9picerie Rwanda commodit\u00e9<\/h3>\n<p>Les acheteurs en ligne ont leurs propres pr\u00e9f\u00e9rences en ce qui concerne la livraison des marchandises qu&#039;ils ont command\u00e9es en ligne. Vous pouvez demander aux d\u00e9taillants en ligne de vous livrer vos biens achet\u00e9s \u00e0 votre domicile. Alternativement, le d\u00e9taillant peut se pr\u00e9valoir des articles dans un magasin de ramassage. Rappelez-vous toujours que les frais d&#039;achat sont applicables aux deux techniques de livraison. Quoi qu&#039;il en soit, en ce qui concerne les fournitures pour animaux de compagnie en vrac, vous devez rechercher une entreprise r\u00e9put\u00e9e qui fournira de meilleurs services de livraison dans les supermarch\u00e9s au Rwanda, car les marchandises sont d\u00e9licates et doivent \u00eatre manipul\u00e9es facilement.<\/p>\n<h3>Achetez des produits frais et de qualit\u00e9<\/h3>\n<p>Les d\u00e9taillants en ligne s&#039;efforcent sans cesse d&#039;assouplir les exigences de leurs clients, qui ne veulent subir aucun d\u00e9sagr\u00e9ment lors de leurs achats en ligne. Une partie de leur travail consiste \u00e0 fournir des produits frais et de haute qualit\u00e9 \u00e0 des clients comme vous. Les d\u00e9taillants travaillent g\u00e9n\u00e9ralement avec des fournisseurs qui distribuent des produits frais. Si vous achetez la livraison d&#039;\u00e9picerie en ligne au Rwanda, assurez-vous d&#039;obtenir des produits frais aupr\u00e8s du d\u00e9taillant.<\/p>\n<h3>R\u00e9duction des co\u00fbts<\/h3>\n<p>Lorsque vous achetez des fournitures et des produits d&#039;\u00e9picerie dans un magasin de d\u00e9tail national, vous engagez d&#039;autres d\u00e9penses en plus de l&#039;argent que vous avez utilis\u00e9 pour acheter les articles. Vous devrez payer des frais de stationnement ou payer l&#039;essence si vous poss\u00e9dez un v\u00e9hicule. Si vous ne poss\u00e9dez pas de v\u00e9hicule, vous aurez besoin d&#039;un moyen de transport pour acheminer vos provisions ou vos courses jusqu&#039;\u00e0 votre domicile. L&#039;\u00e9picerie en ligne au Rwanda peut vous aider \u00e0 r\u00e9duire ces d\u00e9penses et \u00e0 profiter de la facilit\u00e9 de faire livrer un article o\u00f9 vous le souhaitez.<\/p>\n<h2>Mots de la fin de l&#039;\u00e9picerie en ligne au Rwanda<\/h2>\n<p>Sur la base des avantages expliqu\u00e9s ci-dessus, les achats en ligne de produits alimentaires et de fournitures pour la maison sont quelque chose que vous devriez faire. Quoi qu&#039;il en soit, vous devez tenir compte de certains facteurs avant de commander ces articles dans des \u00e9piceries en ligne au Rwanda. Tout d&#039;abord, assurez-vous d&#039;acheter les articles sur un site de commerce \u00e9lectronique honn\u00eate pour \u00e9viter les d\u00e9ceptions. Deuxi\u00e8mement, essayez de faire correspondre les prix entre diff\u00e9rentes applications de livraison d&#039;\u00e9picerie au Rwanda et les sites Web de commerce \u00e9lectronique et choisissez ce qui est abordable.<\/p>","protected":false},"excerpt":{"rendered":"<p>Online Grocery Shopping in Rwanda Use the best grocery delivery app Rwanda service to order your favorite groceries simple and easy in online grocery stores in Rwanda. Online grocery delivery in Rwanda made easy. Online shopping is fast becoming a trend because of the ease it offers shoppers. Anyway, as far as shopping for supplies [&hellip;]<\/p>\n","protected":false},"author":1,"featured_media":19429,"parent":0,"menu_order":0,"comment_status":"open","ping_status":"closed","template":"template-home-modern.php","meta":{"footnotes":""},"class_list":["post-10955","page","type-page","status-publish","has-post-thumbnail","hentry"],"yoast_head":"<!-- This site is optimized with the Yoast SEO plugin v27.4 - https:\/\/yoast.com\/product\/yoast-seo-wordpress\/ -->\n<title>Grocery Delivery in Rwanda I Supermarket I Online Store I Shopping<\/title>\n<meta name=\"description\" content=\"Looking for online grocery delivery in Rwanda? Download our grocery delivery app Rwanda service and do cheap online grocery shopping in Rwanda stores\" \/>\n<meta name=\"robots\" content=\"index, follow, max-snippet:-1, max-image-preview:large, max-video-preview:-1\" \/>\n<link rel=\"canonical\" href=\"https:\/\/tiketi.com\/fr-fr\/online-grocery-delivery-rwanda-store\/\" \/>\n<meta property=\"og:locale\" content=\"fr_FR\" \/>\n<meta property=\"og:type\" content=\"article\" \/>\n<meta property=\"og:title\" content=\"Grocery Delivery in Rwanda I Supermarket I Online Store I Shopping\" \/>\n<meta property=\"og:description\" content=\"Looking for online grocery delivery in Rwanda? Download our grocery delivery app Rwanda service and do cheap online grocery shopping in Rwanda stores\" \/>\n<meta property=\"og:url\" content=\"https:\/\/tiketi.com\/fr-fr\/online-grocery-delivery-rwanda-store\/\" \/>\n<meta property=\"og:site_name\" content=\"Tiketi.com\" \/>\n<meta property=\"article:publisher\" content=\"https:\/\/www.facebook.com\/TiketiCom\/\" \/>\n<meta property=\"article:modified_time\" content=\"2022-02-14T09:44:01+00:00\" \/>\n<meta property=\"og:image\" content=\"https:\/\/tiketi.com\/wp-content\/uploads\/2019\/05\/grocery-woman-6289052_1280.jpg\" \/>\n\t<meta property=\"og:image:width\" content=\"1200\" \/>\n\t<meta property=\"og:image:height\" content=\"200\" \/>\n\t<meta property=\"og:image:type\" content=\"image\/jpeg\" \/>\n<meta name=\"twitter:card\" content=\"summary_large_image\" \/>\n<meta name=\"twitter:label1\" content=\"Dur\u00e9e de lecture estim\u00e9e\" \/>\n\t<meta name=\"twitter:data1\" content=\"3 minutes\" \/>\n<script type=\"application\/ld+json\" class=\"yoast-schema-graph\">{\"@context\":\"https:\\\/\\\/schema.org\",\"@graph\":[{\"@type\":\"WebPage\",\"@id\":\"https:\\\/\\\/tiketi.com\\\/fr-fr\\\/online-grocery-delivery-rwanda-store\\\/\",\"url\":\"https:\\\/\\\/tiketi.com\\\/fr-fr\\\/online-grocery-delivery-rwanda-store\\\/\",\"name\":\"Grocery Delivery in Rwanda I Supermarket I Online Store I Shopping\",\"isPartOf\":{\"@id\":\"https:\\\/\\\/tiketi.com\\\/#website\"},\"primaryImageOfPage\":{\"@id\":\"https:\\\/\\\/tiketi.com\\\/fr-fr\\\/online-grocery-delivery-rwanda-store\\\/#primaryimage\"},\"image\":{\"@id\":\"https:\\\/\\\/tiketi.com\\\/fr-fr\\\/online-grocery-delivery-rwanda-store\\\/#primaryimage\"},\"thumbnailUrl\":\"https:\\\/\\\/tiketi.com\\\/wp-content\\\/uploads\\\/2019\\\/05\\\/grocery-woman-6289052_1280.jpg\",\"datePublished\":\"2022-01-19T11:54:02+00:00\",\"dateModified\":\"2022-02-14T09:44:01+00:00\",\"description\":\"Looking for online grocery delivery in Rwanda? Download our grocery delivery app Rwanda service and do cheap online grocery shopping in Rwanda stores\",\"breadcrumb\":{\"@id\":\"https:\\\/\\\/tiketi.com\\\/fr-fr\\\/online-grocery-delivery-rwanda-store\\\/#breadcrumb\"},\"inLanguage\":\"fr-FR\",\"potentialAction\":[{\"@type\":\"ReadAction\",\"target\":[\"https:\\\/\\\/tiketi.com\\\/fr-fr\\\/online-grocery-delivery-rwanda-store\\\/\"]}]},{\"@type\":\"ImageObject\",\"inLanguage\":\"fr-FR\",\"@id\":\"https:\\\/\\\/tiketi.com\\\/fr-fr\\\/online-grocery-delivery-rwanda-store\\\/#primaryimage\",\"url\":\"https:\\\/\\\/tiketi.com\\\/wp-content\\\/uploads\\\/2019\\\/05\\\/grocery-woman-6289052_1280.jpg\",\"contentUrl\":\"https:\\\/\\\/tiketi.com\\\/wp-content\\\/uploads\\\/2019\\\/05\\\/grocery-woman-6289052_1280.jpg\",\"width\":1200,\"height\":200,\"caption\":\"Grocery Delivery\"},{\"@type\":\"BreadcrumbList\",\"@id\":\"https:\\\/\\\/tiketi.com\\\/fr-fr\\\/online-grocery-delivery-rwanda-store\\\/#breadcrumb\",\"itemListElement\":[{\"@type\":\"ListItem\",\"position\":1,\"name\":\"Home\",\"item\":\"https:\\\/\\\/tiketi.com\\\/\"},{\"@type\":\"ListItem\",\"position\":2,\"name\":\"Grocery Delivery in Rwanda I Supermarket I Online Store I Shopping\"}]},{\"@type\":\"WebSite\",\"@id\":\"https:\\\/\\\/tiketi.com\\\/#website\",\"url\":\"https:\\\/\\\/tiketi.com\\\/\",\"name\":\"Flight & Bus Tickets, Tour Packages & Activitites - Tiketi.com\",\"description\":\"Flight &amp; Bus Tickets, Tours, Activitites\",\"publisher\":{\"@id\":\"https:\\\/\\\/tiketi.com\\\/#organization\"},\"potentialAction\":[{\"@type\":\"SearchAction\",\"target\":{\"@type\":\"EntryPoint\",\"urlTemplate\":\"https:\\\/\\\/tiketi.com\\\/?s={search_term_string}\"},\"query-input\":{\"@type\":\"PropertyValueSpecification\",\"valueRequired\":true,\"valueName\":\"search_term_string\"}}],\"inLanguage\":\"fr-FR\"},{\"@type\":\"Organization\",\"@id\":\"https:\\\/\\\/tiketi.com\\\/#organization\",\"name\":\"Tiketi.com\",\"alternateName\":\"Tiketi\",\"url\":\"https:\\\/\\\/tiketi.com\\\/\",\"logo\":{\"@type\":\"ImageObject\",\"inLanguage\":\"fr-FR\",\"@id\":\"https:\\\/\\\/tiketi.com\\\/#\\\/schema\\\/logo\\\/image\\\/\",\"url\":\"https:\\\/\\\/tiketi.com\\\/wp-content\\\/uploads\\\/2019\\\/05\\\/tiketi-logo-696.png\",\"contentUrl\":\"https:\\\/\\\/tiketi.com\\\/wp-content\\\/uploads\\\/2019\\\/05\\\/tiketi-logo-696.png\",\"width\":696,\"height\":696,\"caption\":\"Tiketi.com\"},\"image\":{\"@id\":\"https:\\\/\\\/tiketi.com\\\/#\\\/schema\\\/logo\\\/image\\\/\"},\"sameAs\":[\"https:\\\/\\\/www.facebook.com\\\/TiketiCom\\\/\"]}]}<\/script>\n<!-- \/ Yoast SEO plugin. -->","yoast_head_json":{"title":"Livraison de courses en Rwanda I Supermarch\u00e9 I Boutique en ligne I Shopping","description":"Vous recherchez une livraison de courses en ligne au Rwanda ? T\u00e9l\u00e9chargez notre application de livraison d&#039;\u00e9picerie Rwanda service et faites des courses en ligne \u00e0 bas prix dans les magasins Rwanda","robots":{"index":"index","follow":"follow","max-snippet":"max-snippet:-1","max-image-preview":"max-image-preview:large","max-video-preview":"max-video-preview:-1"},"canonical":"https:\/\/tiketi.com\/fr-fr\/online-grocery-delivery-rwanda-store\/","og_locale":"fr_FR","og_type":"article","og_title":"Grocery Delivery in Rwanda I Supermarket I Online Store I Shopping","og_description":"Looking for online grocery delivery in Rwanda? Download our grocery delivery app Rwanda service and do cheap online grocery shopping in Rwanda stores","og_url":"https:\/\/tiketi.com\/fr-fr\/online-grocery-delivery-rwanda-store\/","og_site_name":"Tiketi.com","article_publisher":"https:\/\/www.facebook.com\/TiketiCom\/","article_modified_time":"2022-02-14T09:44:01+00:00","og_image":[{"width":1200,"height":200,"url":"https:\/\/tiketi.com\/wp-content\/uploads\/2019\/05\/grocery-woman-6289052_1280.jpg","type":"image\/jpeg"}],"twitter_card":"summary_large_image","twitter_misc":{"Dur\u00e9e de lecture estim\u00e9e":"3 minutes"},"schema":{"@context":"https:\/\/schema.org","@graph":[{"@type":"WebPage","@id":"https:\/\/tiketi.com\/fr-fr\/online-grocery-delivery-rwanda-store\/","url":"https:\/\/tiketi.com\/fr-fr\/online-grocery-delivery-rwanda-store\/","name":"Livraison de courses en Rwanda I Supermarch\u00e9 I Boutique en ligne I Shopping","isPartOf":{"@id":"https:\/\/tiketi.com\/#website"},"primaryImageOfPage":{"@id":"https:\/\/tiketi.com\/fr-fr\/online-grocery-delivery-rwanda-store\/#primaryimage"},"image":{"@id":"https:\/\/tiketi.com\/fr-fr\/online-grocery-delivery-rwanda-store\/#primaryimage"},"thumbnailUrl":"https:\/\/tiketi.com\/wp-content\/uploads\/2019\/05\/grocery-woman-6289052_1280.jpg","datePublished":"2022-01-19T11:54:02+00:00","dateModified":"2022-02-14T09:44:01+00:00","description":"Vous recherchez une livraison de courses en ligne au Rwanda ? T\u00e9l\u00e9chargez notre application de livraison d&#039;\u00e9picerie Rwanda service et faites des courses en ligne \u00e0 bas prix dans les magasins Rwanda","breadcrumb":{"@id":"https:\/\/tiketi.com\/fr-fr\/online-grocery-delivery-rwanda-store\/#breadcrumb"},"inLanguage":"fr-FR","potentialAction":[{"@type":"ReadAction","target":["https:\/\/tiketi.com\/fr-fr\/online-grocery-delivery-rwanda-store\/"]}]},{"@type":"ImageObject","inLanguage":"fr-FR","@id":"https:\/\/tiketi.com\/fr-fr\/online-grocery-delivery-rwanda-store\/#primaryimage","url":"https:\/\/tiketi.com\/wp-content\/uploads\/2019\/05\/grocery-woman-6289052_1280.jpg","contentUrl":"https:\/\/tiketi.com\/wp-content\/uploads\/2019\/05\/grocery-woman-6289052_1280.jpg","width":1200,"height":200,"caption":"Grocery Delivery"},{"@type":"BreadcrumbList","@id":"https:\/\/tiketi.com\/fr-fr\/online-grocery-delivery-rwanda-store\/#breadcrumb","itemListElement":[{"@type":"ListItem","position":1,"name":"Home","item":"https:\/\/tiketi.com\/"},{"@type":"ListItem","position":2,"name":"Grocery Delivery in Rwanda I Supermarket I Online Store I Shopping"}]},{"@type":"WebSite","@id":"https:\/\/tiketi.com\/#website","url":"https:\/\/tiketi.com\/","name":"Billets d&#039;avion et de bus, forfaits touristiques et activit\u00e9s - Tiketi.com","description":"Billets d&#039;avion et de bus, Tours, Activit\u00e9s","publisher":{"@id":"https:\/\/tiketi.com\/#organization"},"potentialAction":[{"@type":"SearchAction","target":{"@type":"EntryPoint","urlTemplate":"https:\/\/tiketi.com\/?s={search_term_string}"},"query-input":{"@type":"PropertyValueSpecification","valueRequired":true,"valueName":"search_term_string"}}],"inLanguage":"fr-FR"},{"@type":"Organization","@id":"https:\/\/tiketi.com\/#organization","name":"Tiketi.com","alternateName":"Tiketi","url":"https:\/\/tiketi.com\/","logo":{"@type":"ImageObject","inLanguage":"fr-FR","@id":"https:\/\/tiketi.com\/#\/schema\/logo\/image\/","url":"https:\/\/tiketi.com\/wp-content\/uploads\/2019\/05\/tiketi-logo-696.png","contentUrl":"https:\/\/tiketi.com\/wp-content\/uploads\/2019\/05\/tiketi-logo-696.png","width":696,"height":696,"caption":"Tiketi.com"},"image":{"@id":"https:\/\/tiketi.com\/#\/schema\/logo\/image\/"},"sameAs":["https:\/\/www.facebook.com\/TiketiCom\/"]}]}},"_links":{"self":[{"href":"https:\/\/tiketi.com\/fr-fr\/wp-json\/wp\/v2\/pages\/10955","targetHints":{"allow":["GET"]}}],"collection":[{"href":"https:\/\/tiketi.com\/fr-fr\/wp-json\/wp\/v2\/pages"}],"about":[{"href":"https:\/\/tiketi.com\/fr-fr\/wp-json\/wp\/v2\/types\/page"}],"author":[{"embeddable":true,"href":"https:\/\/tiketi.com\/fr-fr\/wp-json\/wp\/v2\/users\/1"}],"replies":[{"embeddable":true,"href":"https:\/\/tiketi.com\/fr-fr\/wp-json\/wp\/v2\/comments?post=10955"}],"version-history":[{"count":0,"href":"https:\/\/tiketi.com\/fr-fr\/wp-json\/wp\/v2\/pages\/10955\/revisions"}],"wp:featuredmedia":[{"embeddable":true,"href":"https:\/\/tiketi.com\/fr-fr\/wp-json\/wp\/v2\/media\/19429"}],"wp:attachment":[{"href":"https:\/\/tiketi.com\/fr-fr\/wp-json\/wp\/v2\/media?parent=10955"}],"curies":[{"name":"wp","href":"https:\/\/api.w.org\/{rel}","templated":true}]}}