{"id":10956,"date":"2022-01-19T12:54:02","date_gmt":"2022-01-19T11:54:02","guid":{"rendered":"https:\/\/new.tiketi.com\/grocery-delivery-durban-i-supermarket-i-online-store-i-shopping\/"},"modified":"2022-02-14T10:02:30","modified_gmt":"2022-02-14T09:02:30","slug":"online-grocery-delivery-durban-store","status":"publish","type":"page","link":"https:\/\/tiketi.com\/fr-fr\/online-grocery-delivery-durban-store\/","title":{"rendered":"Livraison de courses Durban I Supermarch\u00e9 I Boutique en ligne I Shopping"},"content":{"rendered":"<h2>\u00c9picerie en ligne Durban<\/h2>\n<h3>Utilisez la meilleure application de livraison d&#039;\u00e9picerie Durban pour commander vos courses pr\u00e9f\u00e9r\u00e9es<\/h3>\n<h3>simple et facile dans les \u00e9piceries en ligne \u00e0 Durban.<\/h3>\n<p>La livraison d&#039;\u00e9picerie en ligne \u00e0 Durban en toute simplicit\u00e9. Imaginez aller dans un supermarch\u00e9 rempli de monde, passer des heures au m\u00eame endroit, vous touchez beaucoup d&#039;articles au magasin, beaucoup ne respecteront pas la distanciation sociale ou peu ne porteront m\u00eame pas le masque. Deuxi\u00e8me droit dangereux et effrayant? Il est hautement impossible de d\u00e9sinfecter les supermarch\u00e9s ou les magasins de mani\u00e8re tr\u00e8s r\u00e9guli\u00e8re. Donc, maintenant, les gens se tournent vers l&#039;\u00e9picerie en ligne \u00e0 Durban. Le moyen le plus simple d&#039;acheter vos essentiels en d\u00e9placement depuis votre lieu de d\u00e9tente et de s\u00e9curit\u00e9. C&#039;est tr\u00e8s simple, vous t\u00e9l\u00e9chargez une application de livraison d&#039;\u00e9picerie Durban et passez la commande \u00e0 tout moment, n&#039;importe o\u00f9 pour les articles n\u00e9cessaires, payez-la en ligne et elle est livr\u00e9e \u00e0 votre porte.<\/p>\n<h2>Voici quelques-uns des avantages de la livraison de courses en ligne \u00e0 Durban\u00a0:<\/h2>\n<h3>Application de livraison d&#039;\u00e9picerie Durban commodit\u00e9<\/h3>\n<p>Combien de temps faut-il pour faire ses courses ? Le temps de s&#039;habiller, de conduire jusqu&#039;au magasin, l&#039;achat, les files d&#039;attente de facturation, etc. Tout cela peut \u00eatre rejet\u00e9 en faisant la livraison en ligne des supermarch\u00e9s Durban. Comme vous avez d\u00e9j\u00e0 la liste des articles n\u00e9cessaires \u00e0 port\u00e9e de main, il vous suffit de visiter le site Web d&#039;\u00e9picerie en ligne particulier de Durban, de choisir vos articles, de les inclure \u00e0 la carte, d&#039;utiliser l&#039;un des nombreux choix de paiement fournis et l&#039;essentiel est livr\u00e9 \u00e0 votre porte pendant que vous \u00eates encore en pyjama et buvez un verre de jus.<\/p>\n<h3>Gagne-temps<\/h3>\n<p>Comme d\u00e9j\u00e0 dit, l&#039;application de livraison d&#039;\u00e9picerie Durban vous permet de gagner beaucoup de temps et pas seulement pour le premier achat, mais aussi pour les suivants. Vous n&#039;aurez pas \u00e0 h\u00e9siter \u00e0 faire une liste tr\u00e8s souvent car les articles essentiels que vous achetez r\u00e9guli\u00e8rement sont d\u00e9j\u00e0 dans votre panier ou votre liste pr\u00e9c\u00e9demment achet\u00e9s, vous pouvez simplement appuyer \u00e0 nouveau sur la commande ou \u00e9galement inclure des articles qui ne sont pas dans la liste et terminer vos achats complets en quelques secondes car l&#039;application dispose des donn\u00e9es allant du nom de la marque achet\u00e9e \u00e0 la quantit\u00e9 achet\u00e9e. Conserve les multiples voyages que vous pourriez avoir \u00e0 faire dans les magasins.<\/p>\n<h3>\u00c9picerie en ligne Durban super \u00e9conomie<\/h3>\n<p>Les \u00e9piceries en ligne \u00e0 Durban conservent non seulement votre carburant et votre temps, mais \u00e9galement votre argent. Il existe de nombreux choix o\u00f9 vous pouvez conserver de l&#039;argent sur les premiers achats, des codes de r\u00e9duction, des codes promotionnels et des offres \u00e0 des occasions uniques. Si vous \u00eates un acheteur ou un utilisateur r\u00e9gulier, vous pouvez obtenir des points ou des cr\u00e9dits de magasin que vous pouvez utiliser lors du paiement. Une autre grande \u00e9conomie d&#039;argent est que la plupart des articles qui nous co\u00fbtent inutilement sont les mauvais articles achet\u00e9s. La douce chose au comptoir de facturation ajoute quelques dollars \u00e0 la facture. Tout cela peut \u00eatre rejet\u00e9 lorsque nous utilisons une \u00e9picerie en ligne \u00e0 Durban.<\/p>","protected":false},"excerpt":{"rendered":"<p>Online Grocery Shopping Durban Use the best grocery delivery app Durban\u00a0service\u00a0to order your favorite groceries simple and easy in online grocery stores in Durban. Online grocery delivery Durban made easy.\u00a0Imagine going to a supermarket packed with many people, spending hours at same location, you touch a lot of items at the store, many will not [&hellip;]<\/p>\n","protected":false},"author":1,"featured_media":19429,"parent":0,"menu_order":0,"comment_status":"open","ping_status":"closed","template":"template-home-modern.php","meta":{"footnotes":""},"class_list":["post-10956","page","type-page","status-publish","has-post-thumbnail","hentry"],"yoast_head":"<!-- This site is optimized with the Yoast SEO plugin v27.3 - https:\/\/yoast.com\/product\/yoast-seo-wordpress\/ -->\n<title>Grocery Delivery Durban I Supermarket I Online Store I Shopping<\/title>\n<meta name=\"description\" content=\"Looking for online grocery delivery in Durban ? Download our grocery delivery app Durban service and do cheap online grocery shopping in Durban stores\" \/>\n<meta name=\"robots\" content=\"index, follow, max-snippet:-1, max-image-preview:large, max-video-preview:-1\" \/>\n<link rel=\"canonical\" href=\"https:\/\/tiketi.com\/fr-fr\/online-grocery-delivery-durban-store\/\" \/>\n<meta property=\"og:locale\" content=\"fr_FR\" \/>\n<meta property=\"og:type\" content=\"article\" \/>\n<meta property=\"og:title\" content=\"Grocery Delivery Durban I Supermarket I Online Store I Shopping\" \/>\n<meta property=\"og:description\" content=\"Looking for online grocery delivery in Durban ? Download our grocery delivery app Durban service and do cheap online grocery shopping in Durban stores\" \/>\n<meta property=\"og:url\" content=\"https:\/\/tiketi.com\/fr-fr\/online-grocery-delivery-durban-store\/\" \/>\n<meta property=\"og:site_name\" content=\"Tiketi.com\" \/>\n<meta property=\"article:publisher\" content=\"https:\/\/www.facebook.com\/TiketiCom\/\" \/>\n<meta property=\"article:modified_time\" content=\"2022-02-14T09:02:30+00:00\" \/>\n<meta property=\"og:image\" content=\"https:\/\/tiketi.com\/wp-content\/uploads\/2019\/05\/grocery-woman-6289052_1280.jpg\" \/>\n\t<meta property=\"og:image:width\" content=\"1200\" \/>\n\t<meta property=\"og:image:height\" content=\"200\" \/>\n\t<meta property=\"og:image:type\" content=\"image\/jpeg\" \/>\n<meta name=\"twitter:card\" content=\"summary_large_image\" \/>\n<meta name=\"twitter:label1\" content=\"Dur\u00e9e de lecture estim\u00e9e\" \/>\n\t<meta name=\"twitter:data1\" content=\"3 minutes\" \/>\n<script type=\"application\/ld+json\" class=\"yoast-schema-graph\">{\"@context\":\"https:\\\/\\\/schema.org\",\"@graph\":[{\"@type\":\"WebPage\",\"@id\":\"https:\\\/\\\/tiketi.com\\\/online-grocery-delivery-durban-store\\\/\",\"url\":\"https:\\\/\\\/tiketi.com\\\/online-grocery-delivery-durban-store\\\/\",\"name\":\"Grocery Delivery Durban I Supermarket I Online Store I Shopping\",\"isPartOf\":{\"@id\":\"https:\\\/\\\/tiketi.com\\\/#website\"},\"primaryImageOfPage\":{\"@id\":\"https:\\\/\\\/tiketi.com\\\/online-grocery-delivery-durban-store\\\/#primaryimage\"},\"image\":{\"@id\":\"https:\\\/\\\/tiketi.com\\\/online-grocery-delivery-durban-store\\\/#primaryimage\"},\"thumbnailUrl\":\"https:\\\/\\\/tiketi.com\\\/wp-content\\\/uploads\\\/2019\\\/05\\\/grocery-woman-6289052_1280.jpg\",\"datePublished\":\"2022-01-19T11:54:02+00:00\",\"dateModified\":\"2022-02-14T09:02:30+00:00\",\"description\":\"Looking for online grocery delivery in Durban ? Download our grocery delivery app Durban service and do cheap online grocery shopping in Durban stores\",\"breadcrumb\":{\"@id\":\"https:\\\/\\\/tiketi.com\\\/online-grocery-delivery-durban-store\\\/#breadcrumb\"},\"inLanguage\":\"fr-FR\",\"potentialAction\":[{\"@type\":\"ReadAction\",\"target\":[\"https:\\\/\\\/tiketi.com\\\/online-grocery-delivery-durban-store\\\/\"]}]},{\"@type\":\"ImageObject\",\"inLanguage\":\"fr-FR\",\"@id\":\"https:\\\/\\\/tiketi.com\\\/online-grocery-delivery-durban-store\\\/#primaryimage\",\"url\":\"https:\\\/\\\/tiketi.com\\\/wp-content\\\/uploads\\\/2019\\\/05\\\/grocery-woman-6289052_1280.jpg\",\"contentUrl\":\"https:\\\/\\\/tiketi.com\\\/wp-content\\\/uploads\\\/2019\\\/05\\\/grocery-woman-6289052_1280.jpg\",\"width\":1200,\"height\":200,\"caption\":\"Grocery Delivery\"},{\"@type\":\"BreadcrumbList\",\"@id\":\"https:\\\/\\\/tiketi.com\\\/online-grocery-delivery-durban-store\\\/#breadcrumb\",\"itemListElement\":[{\"@type\":\"ListItem\",\"position\":1,\"name\":\"Home\",\"item\":\"https:\\\/\\\/tiketi.com\\\/\"},{\"@type\":\"ListItem\",\"position\":2,\"name\":\"Grocery Delivery Durban I Supermarket I Online Store I Shopping\"}]},{\"@type\":\"WebSite\",\"@id\":\"https:\\\/\\\/tiketi.com\\\/#website\",\"url\":\"https:\\\/\\\/tiketi.com\\\/\",\"name\":\"Flight & Bus Tickets, Tour Packages & Activitites - Tiketi.com\",\"description\":\"Flight &amp; Bus Tickets, Tours, Activitites\",\"publisher\":{\"@id\":\"https:\\\/\\\/tiketi.com\\\/#organization\"},\"potentialAction\":[{\"@type\":\"SearchAction\",\"target\":{\"@type\":\"EntryPoint\",\"urlTemplate\":\"https:\\\/\\\/tiketi.com\\\/?s={search_term_string}\"},\"query-input\":{\"@type\":\"PropertyValueSpecification\",\"valueRequired\":true,\"valueName\":\"search_term_string\"}}],\"inLanguage\":\"fr-FR\"},{\"@type\":\"Organization\",\"@id\":\"https:\\\/\\\/tiketi.com\\\/#organization\",\"name\":\"Tiketi.com\",\"alternateName\":\"Tiketi\",\"url\":\"https:\\\/\\\/tiketi.com\\\/\",\"logo\":{\"@type\":\"ImageObject\",\"inLanguage\":\"fr-FR\",\"@id\":\"https:\\\/\\\/tiketi.com\\\/#\\\/schema\\\/logo\\\/image\\\/\",\"url\":\"https:\\\/\\\/tiketi.com\\\/wp-content\\\/uploads\\\/2019\\\/05\\\/tiketi-logo-696.png\",\"contentUrl\":\"https:\\\/\\\/tiketi.com\\\/wp-content\\\/uploads\\\/2019\\\/05\\\/tiketi-logo-696.png\",\"width\":696,\"height\":696,\"caption\":\"Tiketi.com\"},\"image\":{\"@id\":\"https:\\\/\\\/tiketi.com\\\/#\\\/schema\\\/logo\\\/image\\\/\"},\"sameAs\":[\"https:\\\/\\\/www.facebook.com\\\/TiketiCom\\\/\"]}]}<\/script>\n<!-- \/ Yoast SEO plugin. -->","yoast_head_json":{"title":"Livraison de courses Durban I Supermarch\u00e9 I Boutique en ligne I Shopping","description":"Vous recherchez une livraison de courses en ligne \u00e0 Durban ? T\u00e9l\u00e9chargez notre service de livraison d&#039;\u00e9picerie \u00e0 Durban et faites vos courses en ligne \u00e0 bas prix dans les magasins de Durban","robots":{"index":"index","follow":"follow","max-snippet":"max-snippet:-1","max-image-preview":"max-image-preview:large","max-video-preview":"max-video-preview:-1"},"canonical":"https:\/\/tiketi.com\/fr-fr\/online-grocery-delivery-durban-store\/","og_locale":"fr_FR","og_type":"article","og_title":"Grocery Delivery Durban I Supermarket I Online Store I Shopping","og_description":"Looking for online grocery delivery in Durban ? Download our grocery delivery app Durban service and do cheap online grocery shopping in Durban stores","og_url":"https:\/\/tiketi.com\/fr-fr\/online-grocery-delivery-durban-store\/","og_site_name":"Tiketi.com","article_publisher":"https:\/\/www.facebook.com\/TiketiCom\/","article_modified_time":"2022-02-14T09:02:30+00:00","og_image":[{"width":1200,"height":200,"url":"https:\/\/tiketi.com\/wp-content\/uploads\/2019\/05\/grocery-woman-6289052_1280.jpg","type":"image\/jpeg"}],"twitter_card":"summary_large_image","twitter_misc":{"Dur\u00e9e de lecture estim\u00e9e":"3 minutes"},"schema":{"@context":"https:\/\/schema.org","@graph":[{"@type":"WebPage","@id":"https:\/\/tiketi.com\/online-grocery-delivery-durban-store\/","url":"https:\/\/tiketi.com\/online-grocery-delivery-durban-store\/","name":"Livraison de courses Durban I Supermarch\u00e9 I Boutique en ligne I Shopping","isPartOf":{"@id":"https:\/\/tiketi.com\/#website"},"primaryImageOfPage":{"@id":"https:\/\/tiketi.com\/online-grocery-delivery-durban-store\/#primaryimage"},"image":{"@id":"https:\/\/tiketi.com\/online-grocery-delivery-durban-store\/#primaryimage"},"thumbnailUrl":"https:\/\/tiketi.com\/wp-content\/uploads\/2019\/05\/grocery-woman-6289052_1280.jpg","datePublished":"2022-01-19T11:54:02+00:00","dateModified":"2022-02-14T09:02:30+00:00","description":"Vous recherchez une livraison de courses en ligne \u00e0 Durban ? T\u00e9l\u00e9chargez notre service de livraison d&#039;\u00e9picerie \u00e0 Durban et faites vos courses en ligne \u00e0 bas prix dans les magasins de Durban","breadcrumb":{"@id":"https:\/\/tiketi.com\/online-grocery-delivery-durban-store\/#breadcrumb"},"inLanguage":"fr-FR","potentialAction":[{"@type":"ReadAction","target":["https:\/\/tiketi.com\/online-grocery-delivery-durban-store\/"]}]},{"@type":"ImageObject","inLanguage":"fr-FR","@id":"https:\/\/tiketi.com\/online-grocery-delivery-durban-store\/#primaryimage","url":"https:\/\/tiketi.com\/wp-content\/uploads\/2019\/05\/grocery-woman-6289052_1280.jpg","contentUrl":"https:\/\/tiketi.com\/wp-content\/uploads\/2019\/05\/grocery-woman-6289052_1280.jpg","width":1200,"height":200,"caption":"Grocery Delivery"},{"@type":"BreadcrumbList","@id":"https:\/\/tiketi.com\/online-grocery-delivery-durban-store\/#breadcrumb","itemListElement":[{"@type":"ListItem","position":1,"name":"Home","item":"https:\/\/tiketi.com\/"},{"@type":"ListItem","position":2,"name":"Grocery Delivery Durban I Supermarket I Online Store I Shopping"}]},{"@type":"WebSite","@id":"https:\/\/tiketi.com\/#website","url":"https:\/\/tiketi.com\/","name":"Billets d&#039;avion et de bus, forfaits touristiques et activit\u00e9s - Tiketi.com","description":"Billets d&#039;avion et de bus, Tours, Activit\u00e9s","publisher":{"@id":"https:\/\/tiketi.com\/#organization"},"potentialAction":[{"@type":"SearchAction","target":{"@type":"EntryPoint","urlTemplate":"https:\/\/tiketi.com\/?s={search_term_string}"},"query-input":{"@type":"PropertyValueSpecification","valueRequired":true,"valueName":"search_term_string"}}],"inLanguage":"fr-FR"},{"@type":"Organization","@id":"https:\/\/tiketi.com\/#organization","name":"Tiketi.com","alternateName":"Tiketi","url":"https:\/\/tiketi.com\/","logo":{"@type":"ImageObject","inLanguage":"fr-FR","@id":"https:\/\/tiketi.com\/#\/schema\/logo\/image\/","url":"https:\/\/tiketi.com\/wp-content\/uploads\/2019\/05\/tiketi-logo-696.png","contentUrl":"https:\/\/tiketi.com\/wp-content\/uploads\/2019\/05\/tiketi-logo-696.png","width":696,"height":696,"caption":"Tiketi.com"},"image":{"@id":"https:\/\/tiketi.com\/#\/schema\/logo\/image\/"},"sameAs":["https:\/\/www.facebook.com\/TiketiCom\/"]}]}},"_links":{"self":[{"href":"https:\/\/tiketi.com\/fr-fr\/wp-json\/wp\/v2\/pages\/10956","targetHints":{"allow":["GET"]}}],"collection":[{"href":"https:\/\/tiketi.com\/fr-fr\/wp-json\/wp\/v2\/pages"}],"about":[{"href":"https:\/\/tiketi.com\/fr-fr\/wp-json\/wp\/v2\/types\/page"}],"author":[{"embeddable":true,"href":"https:\/\/tiketi.com\/fr-fr\/wp-json\/wp\/v2\/users\/1"}],"replies":[{"embeddable":true,"href":"https:\/\/tiketi.com\/fr-fr\/wp-json\/wp\/v2\/comments?post=10956"}],"version-history":[{"count":0,"href":"https:\/\/tiketi.com\/fr-fr\/wp-json\/wp\/v2\/pages\/10956\/revisions"}],"wp:featuredmedia":[{"embeddable":true,"href":"https:\/\/tiketi.com\/fr-fr\/wp-json\/wp\/v2\/media\/19429"}],"wp:attachment":[{"href":"https:\/\/tiketi.com\/fr-fr\/wp-json\/wp\/v2\/media?parent=10956"}],"curies":[{"name":"wp","href":"https:\/\/api.w.org\/{rel}","templated":true}]}}