{"id":10957,"date":"2022-01-19T12:54:02","date_gmt":"2022-01-19T11:54:02","guid":{"rendered":"https:\/\/new.tiketi.com\/grocery-delivery-mauritius-i-supermarket-i-online-store-i-shopping\/"},"modified":"2022-02-14T10:38:47","modified_gmt":"2022-02-14T09:38:47","slug":"online-grocery-delivery-mauritius-store","status":"publish","type":"page","link":"https:\/\/tiketi.com\/fr-fr\/online-grocery-delivery-mauritius-store\/","title":{"rendered":"Livraison de courses \u00e0 Maurice I Supermarch\u00e9 I Boutique en ligne I Shopping"},"content":{"rendered":"<h2>\u00c9picerie en ligne \u00e0 l&#039;Ile Maurice<\/h2>\n<h3>Utilisez le meilleur service de livraison d&#039;\u00e9picerie de l&#039;\u00eele Maurice pour commander vos courses pr\u00e9f\u00e9r\u00e9es simplement et facilement dans les \u00e9piceries en ligne de l&#039;\u00eele Maurice.<\/h3>\n<p>La livraison de courses en ligne \u00e0 Maurice en toute simplicit\u00e9. L&#039;\u00e9picerie en ligne \u00e0 Maurice a gagn\u00e9 en popularit\u00e9 au cours des derni\u00e8res ann\u00e9es en raison de son accessibilit\u00e9 et de sa facilit\u00e9 gr\u00e2ce \u00e0 de multiples applications, par exemple l&#039;application de livraison d&#039;\u00e9picerie \u00e0 Maurice. Que vous soyez un parent occup\u00e9 ou un professionnel, l&#039;\u00e9picerie en ligne \u00e0 Maurice est le meilleur moyen d&#039;obtenir la nourriture dont vous avez besoin sans avoir \u00e0 vous rendre \u00e0 l&#039;\u00e9picerie.<\/p>\n<p>Dans cette page, nous allons explorer les avantages de l&#039;\u00e9picerie en ligne \u00e0 Maurice et pourquoi vous devriez l&#039;envisager lors de vos prochains achats d&#039;\u00e9picerie.<\/p>\n<h2>Avantages de la livraison de courses en ligne \u00e0 Maurice<\/h2>\n<h3>L&#039;application de livraison de courses \u00e0 Maurice permet d&#039;\u00e9conomiser de l&#039;argent gr\u00e2ce \u00e0 la comparaison de prix<\/h3>\n<p>Lorsque vous achetez la livraison d&#039;\u00e9picerie en ligne \u00e0 Maurice sur un site ou \u00e0 l&#039;aide d&#039;une application, vous pouvez simplement faire correspondre les prix de diff\u00e9rentes marques. L&#039;\u00e9picerie en ligne \u00e0 l&#039;\u00eele Maurice vous permet de naviguer par produit ou par all\u00e9e pour afficher la liste des produits accessibles \u00e0 port\u00e9e de main.<\/p>\n<p>Vous pouvez v\u00e9rifier les remises et coupons actuels avant d&#039;inclure des produits dans votre panier.<\/p>\n<p>Vous pouvez \u00e9galement faire correspondre les prix dans diff\u00e9rentes \u00e9piceries en ligne pour trouver les meilleures offres.<\/p>\n<h3>V\u00e9rifiez les coupons et les offres en ligne<\/h3>\n<p>Lorsque vous faites une \u00e9picerie en ligne \u00e0 Maurice, des remises et des offres s&#039;affichent \u00e0 port\u00e9e de main. Vous n&#039;avez pas besoin d&#039;h\u00e9siter \u00e0 couper des coupons ou \u00e0 manquer des \u00e9tiquettes de prix dans les rayons des magasins. Vous pouvez simplement appliquer des coupons num\u00e9riques aux articles \u00e9ligibles dans votre panier.<\/p>\n<p>Si vous avez une carte de fid\u00e9lit\u00e9 en magasin, vous pouvez l&#039;utiliser pour les commandes de l&#039;application de livraison d&#039;\u00e9picerie en ligne Maurice et continuer \u00e0 b\u00e9n\u00e9ficier d&#039;avantages. La plupart des \u00e9piceries appliquent des rabais li\u00e9s \u00e0 votre carte aux commandes en ligne.<\/p>\n<h3>Magasinez par histoire<\/h3>\n<p>Un autre avantage de la livraison d&#039;\u00e9picerie en ligne \u00e0 Maurice est la possibilit\u00e9 d&#039;utiliser l&#039;historique des achats pour effectuer des achats r\u00e9p\u00e9t\u00e9s.<\/p>\n<p>Les \u00e9piceries en ligne conservent l&#039;historique de vos commandes dans le syst\u00e8me, ce qui vous permet de les afficher rapidement et de commander \u00e0 nouveau l&#039;article. Nous achetons g\u00e9n\u00e9ralement les m\u00eames articles pour r\u00e9approvisionner notre r\u00e9frig\u00e9rateur ou notre garde-manger, donc cette sp\u00e9cification est pratique.<\/p>\n<p>Les applications de livraison d&#039;\u00e9picerie m\u00e9morisent \u00e9galement vos pr\u00e9f\u00e9rences pour les remplacements d&#039;articles. Vous n&#039;avez pas besoin de construire une grande liste de courses d\u00e8s le d\u00e9part, ce qui vous permet de gagner beaucoup de temps.<\/p>\n<h3>Gardez une trace de vos achats d&#039;\u00e9picerie en ligne \u00e0 l&#039;\u00eele Maurice<\/h3>\n<p>Lorsque vous magasinez pour la livraison d&#039;\u00e9picerie en ligne \u00e0 l&#039;\u00eele Maurice, vous voyez combien il y a dans votre panier \u00e0 un moment donn\u00e9. Il vous permet de contr\u00f4ler votre budget et vous pouvez simplement supprimer des \u00e9l\u00e9ments si vous d\u00e9pensez trop.<br \/>\nIl est simple de faire des achats impulsifs lorsque vous \u00eates physiquement \u00e0 l&#039;\u00e9picerie. Si vous avez un budget fixe pour l&#039;\u00e9picerie, l&#039;\u00e9picerie en ligne \u00e0 Maurice vous permet de respecter votre budget et d&#039;\u00e9viter les surprises \u00e0 la caisse.<\/p>","protected":false},"excerpt":{"rendered":"<p>Online Grocery Shopping in Mauritius Use the best grocery delivery app Mauritius service to order your favorite groceries simple and easy in online grocery stores in Mauritius. Online grocery delivery in Mauritius made easy. Online grocery shopping in Mauritius gained status over the past few years due to its accessibility and ease through multiple applications [&hellip;]<\/p>\n","protected":false},"author":1,"featured_media":19429,"parent":0,"menu_order":0,"comment_status":"open","ping_status":"closed","template":"template-home-modern.php","meta":{"footnotes":""},"class_list":["post-10957","page","type-page","status-publish","has-post-thumbnail","hentry"],"yoast_head":"<!-- This site is optimized with the Yoast SEO plugin v27.2 - https:\/\/yoast.com\/product\/yoast-seo-wordpress\/ -->\n<title>Grocery Delivery in Mauritius I Supermarket I Online Store I Shopping<\/title>\n<meta name=\"description\" content=\"Looking for online grocery delivery in Mauritius? Download our grocery delivery app Mauritius service and do cheap online grocery shopping in Mauritius stores\" \/>\n<meta name=\"robots\" content=\"index, follow, max-snippet:-1, max-image-preview:large, max-video-preview:-1\" \/>\n<link rel=\"canonical\" href=\"https:\/\/tiketi.com\/fr-fr\/online-grocery-delivery-mauritius-store\/\" \/>\n<meta property=\"og:locale\" content=\"fr_FR\" \/>\n<meta property=\"og:type\" content=\"article\" \/>\n<meta property=\"og:title\" content=\"Grocery Delivery in Mauritius I Supermarket I Online Store I Shopping\" \/>\n<meta property=\"og:description\" content=\"Looking for online grocery delivery in Mauritius? Download our grocery delivery app Mauritius service and do cheap online grocery shopping in Mauritius stores\" \/>\n<meta property=\"og:url\" content=\"https:\/\/tiketi.com\/fr-fr\/online-grocery-delivery-mauritius-store\/\" \/>\n<meta property=\"og:site_name\" content=\"Tiketi.com\" \/>\n<meta property=\"article:publisher\" content=\"https:\/\/www.facebook.com\/TiketiCom\/\" \/>\n<meta property=\"article:modified_time\" content=\"2022-02-14T09:38:47+00:00\" \/>\n<meta property=\"og:image\" content=\"https:\/\/tiketi.com\/wp-content\/uploads\/2019\/05\/grocery-woman-6289052_1280.jpg\" \/>\n\t<meta property=\"og:image:width\" content=\"1200\" \/>\n\t<meta property=\"og:image:height\" content=\"200\" \/>\n\t<meta property=\"og:image:type\" content=\"image\/jpeg\" \/>\n<meta name=\"twitter:card\" content=\"summary_large_image\" \/>\n<meta name=\"twitter:label1\" content=\"Dur\u00e9e de lecture estim\u00e9e\" \/>\n\t<meta name=\"twitter:data1\" content=\"3 minutes\" \/>\n<script type=\"application\/ld+json\" class=\"yoast-schema-graph\">{\"@context\":\"https:\/\/schema.org\",\"@graph\":[{\"@type\":\"WebPage\",\"@id\":\"https:\/\/tiketi.com\/online-grocery-delivery-mauritius-store\/\",\"url\":\"https:\/\/tiketi.com\/online-grocery-delivery-mauritius-store\/\",\"name\":\"Grocery Delivery in Mauritius I Supermarket I Online Store I Shopping\",\"isPartOf\":{\"@id\":\"https:\/\/tiketi.com\/#website\"},\"primaryImageOfPage\":{\"@id\":\"https:\/\/tiketi.com\/online-grocery-delivery-mauritius-store\/#primaryimage\"},\"image\":{\"@id\":\"https:\/\/tiketi.com\/online-grocery-delivery-mauritius-store\/#primaryimage\"},\"thumbnailUrl\":\"https:\/\/tiketi.com\/wp-content\/uploads\/2019\/05\/grocery-woman-6289052_1280.jpg\",\"datePublished\":\"2022-01-19T11:54:02+00:00\",\"dateModified\":\"2022-02-14T09:38:47+00:00\",\"description\":\"Looking for online grocery delivery in Mauritius? Download our grocery delivery app Mauritius service and do cheap online grocery shopping in Mauritius stores\",\"breadcrumb\":{\"@id\":\"https:\/\/tiketi.com\/online-grocery-delivery-mauritius-store\/#breadcrumb\"},\"inLanguage\":\"fr-FR\",\"potentialAction\":[{\"@type\":\"ReadAction\",\"target\":[\"https:\/\/tiketi.com\/online-grocery-delivery-mauritius-store\/\"]}]},{\"@type\":\"ImageObject\",\"inLanguage\":\"fr-FR\",\"@id\":\"https:\/\/tiketi.com\/online-grocery-delivery-mauritius-store\/#primaryimage\",\"url\":\"https:\/\/tiketi.com\/wp-content\/uploads\/2019\/05\/grocery-woman-6289052_1280.jpg\",\"contentUrl\":\"https:\/\/tiketi.com\/wp-content\/uploads\/2019\/05\/grocery-woman-6289052_1280.jpg\",\"width\":1200,\"height\":200,\"caption\":\"Grocery Delivery\"},{\"@type\":\"BreadcrumbList\",\"@id\":\"https:\/\/tiketi.com\/online-grocery-delivery-mauritius-store\/#breadcrumb\",\"itemListElement\":[{\"@type\":\"ListItem\",\"position\":1,\"name\":\"Home\",\"item\":\"https:\/\/tiketi.com\/\"},{\"@type\":\"ListItem\",\"position\":2,\"name\":\"Grocery Delivery in Mauritius I Supermarket I Online Store I Shopping\"}]},{\"@type\":\"WebSite\",\"@id\":\"https:\/\/tiketi.com\/#website\",\"url\":\"https:\/\/tiketi.com\/\",\"name\":\"Flight & Bus Tickets, Tour Packages & Activitites - Tiketi.com\",\"description\":\"Flight &amp; Bus Tickets, Tours, Activitites\",\"publisher\":{\"@id\":\"https:\/\/tiketi.com\/#organization\"},\"potentialAction\":[{\"@type\":\"SearchAction\",\"target\":{\"@type\":\"EntryPoint\",\"urlTemplate\":\"https:\/\/tiketi.com\/?s={search_term_string}\"},\"query-input\":{\"@type\":\"PropertyValueSpecification\",\"valueRequired\":true,\"valueName\":\"search_term_string\"}}],\"inLanguage\":\"fr-FR\"},{\"@type\":\"Organization\",\"@id\":\"https:\/\/tiketi.com\/#organization\",\"name\":\"Tiketi.com\",\"alternateName\":\"Tiketi\",\"url\":\"https:\/\/tiketi.com\/\",\"logo\":{\"@type\":\"ImageObject\",\"inLanguage\":\"fr-FR\",\"@id\":\"https:\/\/tiketi.com\/#\/schema\/logo\/image\/\",\"url\":\"https:\/\/tiketi.com\/wp-content\/uploads\/2019\/05\/tiketi-logo-696.png\",\"contentUrl\":\"https:\/\/tiketi.com\/wp-content\/uploads\/2019\/05\/tiketi-logo-696.png\",\"width\":696,\"height\":696,\"caption\":\"Tiketi.com\"},\"image\":{\"@id\":\"https:\/\/tiketi.com\/#\/schema\/logo\/image\/\"},\"sameAs\":[\"https:\/\/www.facebook.com\/TiketiCom\/\"]}]}<\/script>\n<!-- \/ Yoast SEO plugin. -->","yoast_head_json":{"title":"Livraison de courses \u00e0 Maurice I Supermarch\u00e9 I Boutique en ligne I Shopping","description":"Vous recherchez une livraison de courses en ligne \u00e0 l&#039;Ile Maurice ? T\u00e9l\u00e9chargez notre service de livraison d&#039;\u00e9picerie \u00e0 l&#039;\u00eele Maurice et faites vos courses en ligne \u00e0 bas prix dans les magasins de l&#039;\u00eele Maurice","robots":{"index":"index","follow":"follow","max-snippet":"max-snippet:-1","max-image-preview":"max-image-preview:large","max-video-preview":"max-video-preview:-1"},"canonical":"https:\/\/tiketi.com\/fr-fr\/online-grocery-delivery-mauritius-store\/","og_locale":"fr_FR","og_type":"article","og_title":"Grocery Delivery in Mauritius I Supermarket I Online Store I Shopping","og_description":"Looking for online grocery delivery in Mauritius? Download our grocery delivery app Mauritius service and do cheap online grocery shopping in Mauritius stores","og_url":"https:\/\/tiketi.com\/fr-fr\/online-grocery-delivery-mauritius-store\/","og_site_name":"Tiketi.com","article_publisher":"https:\/\/www.facebook.com\/TiketiCom\/","article_modified_time":"2022-02-14T09:38:47+00:00","og_image":[{"width":1200,"height":200,"url":"https:\/\/tiketi.com\/wp-content\/uploads\/2019\/05\/grocery-woman-6289052_1280.jpg","type":"image\/jpeg"}],"twitter_card":"summary_large_image","twitter_misc":{"Dur\u00e9e de lecture estim\u00e9e":"3 minutes"},"schema":{"@context":"https:\/\/schema.org","@graph":[{"@type":"WebPage","@id":"https:\/\/tiketi.com\/online-grocery-delivery-mauritius-store\/","url":"https:\/\/tiketi.com\/online-grocery-delivery-mauritius-store\/","name":"Livraison de courses \u00e0 Maurice I Supermarch\u00e9 I Boutique en ligne I Shopping","isPartOf":{"@id":"https:\/\/tiketi.com\/#website"},"primaryImageOfPage":{"@id":"https:\/\/tiketi.com\/online-grocery-delivery-mauritius-store\/#primaryimage"},"image":{"@id":"https:\/\/tiketi.com\/online-grocery-delivery-mauritius-store\/#primaryimage"},"thumbnailUrl":"https:\/\/tiketi.com\/wp-content\/uploads\/2019\/05\/grocery-woman-6289052_1280.jpg","datePublished":"2022-01-19T11:54:02+00:00","dateModified":"2022-02-14T09:38:47+00:00","description":"Vous recherchez une livraison de courses en ligne \u00e0 l&#039;Ile Maurice ? T\u00e9l\u00e9chargez notre service de livraison d&#039;\u00e9picerie \u00e0 l&#039;\u00eele Maurice et faites vos courses en ligne \u00e0 bas prix dans les magasins de l&#039;\u00eele Maurice","breadcrumb":{"@id":"https:\/\/tiketi.com\/online-grocery-delivery-mauritius-store\/#breadcrumb"},"inLanguage":"fr-FR","potentialAction":[{"@type":"ReadAction","target":["https:\/\/tiketi.com\/online-grocery-delivery-mauritius-store\/"]}]},{"@type":"ImageObject","inLanguage":"fr-FR","@id":"https:\/\/tiketi.com\/online-grocery-delivery-mauritius-store\/#primaryimage","url":"https:\/\/tiketi.com\/wp-content\/uploads\/2019\/05\/grocery-woman-6289052_1280.jpg","contentUrl":"https:\/\/tiketi.com\/wp-content\/uploads\/2019\/05\/grocery-woman-6289052_1280.jpg","width":1200,"height":200,"caption":"Grocery Delivery"},{"@type":"BreadcrumbList","@id":"https:\/\/tiketi.com\/online-grocery-delivery-mauritius-store\/#breadcrumb","itemListElement":[{"@type":"ListItem","position":1,"name":"Home","item":"https:\/\/tiketi.com\/"},{"@type":"ListItem","position":2,"name":"Grocery Delivery in Mauritius I Supermarket I Online Store I Shopping"}]},{"@type":"WebSite","@id":"https:\/\/tiketi.com\/#website","url":"https:\/\/tiketi.com\/","name":"Billets d&#039;avion et de bus, forfaits touristiques et activit\u00e9s - Tiketi.com","description":"Billets d&#039;avion et de bus, Tours, Activit\u00e9s","publisher":{"@id":"https:\/\/tiketi.com\/#organization"},"potentialAction":[{"@type":"SearchAction","target":{"@type":"EntryPoint","urlTemplate":"https:\/\/tiketi.com\/?s={search_term_string}"},"query-input":{"@type":"PropertyValueSpecification","valueRequired":true,"valueName":"search_term_string"}}],"inLanguage":"fr-FR"},{"@type":"Organization","@id":"https:\/\/tiketi.com\/#organization","name":"Tiketi.com","alternateName":"Tiketi","url":"https:\/\/tiketi.com\/","logo":{"@type":"ImageObject","inLanguage":"fr-FR","@id":"https:\/\/tiketi.com\/#\/schema\/logo\/image\/","url":"https:\/\/tiketi.com\/wp-content\/uploads\/2019\/05\/tiketi-logo-696.png","contentUrl":"https:\/\/tiketi.com\/wp-content\/uploads\/2019\/05\/tiketi-logo-696.png","width":696,"height":696,"caption":"Tiketi.com"},"image":{"@id":"https:\/\/tiketi.com\/#\/schema\/logo\/image\/"},"sameAs":["https:\/\/www.facebook.com\/TiketiCom\/"]}]}},"_links":{"self":[{"href":"https:\/\/tiketi.com\/fr-fr\/wp-json\/wp\/v2\/pages\/10957","targetHints":{"allow":["GET"]}}],"collection":[{"href":"https:\/\/tiketi.com\/fr-fr\/wp-json\/wp\/v2\/pages"}],"about":[{"href":"https:\/\/tiketi.com\/fr-fr\/wp-json\/wp\/v2\/types\/page"}],"author":[{"embeddable":true,"href":"https:\/\/tiketi.com\/fr-fr\/wp-json\/wp\/v2\/users\/1"}],"replies":[{"embeddable":true,"href":"https:\/\/tiketi.com\/fr-fr\/wp-json\/wp\/v2\/comments?post=10957"}],"version-history":[{"count":0,"href":"https:\/\/tiketi.com\/fr-fr\/wp-json\/wp\/v2\/pages\/10957\/revisions"}],"wp:featuredmedia":[{"embeddable":true,"href":"https:\/\/tiketi.com\/fr-fr\/wp-json\/wp\/v2\/media\/19429"}],"wp:attachment":[{"href":"https:\/\/tiketi.com\/fr-fr\/wp-json\/wp\/v2\/media?parent=10957"}],"curies":[{"name":"wp","href":"https:\/\/api.w.org\/{rel}","templated":true}]}}