{"id":10958,"date":"2022-01-19T12:54:02","date_gmt":"2022-01-19T11:54:02","guid":{"rendered":"https:\/\/new.tiketi.com\/grocery-delivery-egypt-i-supermarket-i-online-store-i-shopping\/"},"modified":"2022-02-14T10:58:42","modified_gmt":"2022-02-14T09:58:42","slug":"online-grocery-delivery-egypt-store","status":"publish","type":"page","link":"https:\/\/tiketi.com\/fr-fr\/online-grocery-delivery-egypt-store\/","title":{"rendered":"Livraison de courses en \u00c9gypte I Supermarch\u00e9 I Boutique en ligne"},"content":{"rendered":"<h2>\u00c9picerie en ligne bon march\u00e9 en \u00c9gypte<\/h2>\n<h3>Utilisez le meilleur service de livraison d&#039;\u00e9picerie en \u00c9gypte pour commander vos courses pr\u00e9f\u00e9r\u00e9es simplement et facilement dans les \u00e9piceries en ligne en \u00c9gypte.<\/h3>\n<p>La livraison de courses en ligne en \u00c9gypte en toute simplicit\u00e9. Le shopping a radicalement chang\u00e9 au cours des derni\u00e8res d\u00e9cennies, offrant aux consommateurs plus de choix et de facilit\u00e9, qu&#039;ils ach\u00e8tent dans les magasins physiques ou sur un navigateur en ligne pour leurs achats. M\u00eame les achats de vacances se sont adapt\u00e9s au paysage de remplacement avec le Cyber Monday ou le Black Friday attrayant pour les achats d&#039;\u00e9picerie en magasin et en ligne en \u00c9gypte. Il est simple de supposer qu&#039;il existe un foss\u00e9 g\u00e9n\u00e9rationnel entre ceux qui choisissent des techniques d&#039;achat plus traditionnelles ou nouvelles, mais en r\u00e9alit\u00e9, cela implique des facteurs allant de l&#039;accessibilit\u00e9 et de la gamme au soutien domestique et \u00e0 l&#039;exp\u00e9rience d&#039;achat elle-m\u00eame.<\/p>\n<h2>Voici quelques-uns des avantages de la livraison de courses en ligne en \u00c9gypte :<\/h2>\n<h3>Application de livraison d&#039;\u00e9picerie Gamme de produits en Egypte<\/h3>\n<p>Vous trouverez une large gamme de produits sur Internet, ce qui vous aide \u00e9galement \u00e0 comparer la quantit\u00e9, la norme et le prix avec une autre marque. Cela vous emp\u00eache de vous souvenir des prix dans diff\u00e9rents magasins pour de nombreux articles. De plus, vous ne manquerez aucune offre dans un magasin en particulier et regretterez d&#039;avoir achet\u00e9 des produits d&#039;\u00e9picerie dans diff\u00e9rents magasins, car tout sera indiqu\u00e9 dans votre budget.<\/p>\n<h3>Options de retour ou d&#039;\u00e9change<\/h3>\n<p>L&#039;application de livraison d&#039;\u00e9picerie en \u00c9gypte vous indiquera s&#039;il existe un choix de retour ou d&#039;\u00e9change pour le magasin, qui s&#039;applique d\u00e9sormais \u00e0 la plupart des emplacements. En le faisant via Internet, nous gardons le temps, car nous n&#039;avons pas \u00e0 retourner au magasin pour \u00e9changer ou retourner l&#039;article et r\u00e9p\u00e9ter le processus complet. S&#039;il y a quelque chose \u00e0 \u00e9changer ou \u00e0 retourner, le personnel de livraison le fera personnellement pour vous, ce qui pourrait vous co\u00fbter un peu. Mais vous \u00e9conomisez du carburant et du temps. De plus, si vous n&#039;\u00eates pas satisfait de l&#039;article ou du service, il est possible que vous obteniez des remises, des cr\u00e9dits en magasin ou des coupons via la livraison dans les supermarch\u00e9s en \u00c9gypte.<\/p>\n<h3>Service Clients<\/h3>\n<p>Vous pourriez rencontrer des probl\u00e8mes pour trouver des articles dans les magasins, principalement pour les personnes \u00e2g\u00e9es. Alors que vous trouverez peut-\u00eatre des options de chat sur Internet sur l&#039;application ou le site d&#039;\u00e9picerie en ligne en \u00c9gypte et que vous obtiendrez des r\u00e9ponses rapides \u00e0 vos questions. M\u00eame vos doutes concernant l&#039;\u00e9change, le paiement ou le retour peuvent \u00eatre r\u00e9solus en un rien de temps. En outre, on peut t\u00e9l\u00e9charger l&#039;application de livraison d&#039;\u00e9picerie en \u00c9gypte et parler directement au service client connect\u00e9 et r\u00e9soudre les probl\u00e8mes.<\/p>\n<h3>Options d&#039;\u00e9picerie en ligne en Egypte<\/h3>\n<p>Il existe une large gamme d&#039;applications de livraison d&#039;\u00e9picerie en ligne en \u00c9gypte ou d&#039;\u00e9piceries en ligne sur les sites \u00e9gyptiens que l&#039;on peut choisir comme plate-forme pour effectuer son achat. On peut \u00e0 nouveau faire correspondre et d\u00e9cider ce qui leur correspond le mieux et s&#039;en tenir \u00e0 ce choix particulier.<\/p>","protected":false},"excerpt":{"rendered":"<p>Cheap Online Grocery Shopping in Egypt Use the best grocery delivery app Egypt service to order your favorite groceries simple and easy in online grocery stores in Egypt. Online grocery delivery in Egypt made easy. Shopping has changed dramatically over the past several decades, offering consumers with more choice and ease whether they shop the [&hellip;]<\/p>\n","protected":false},"author":1,"featured_media":19429,"parent":0,"menu_order":0,"comment_status":"open","ping_status":"closed","template":"template-home-modern.php","meta":{"footnotes":""},"class_list":["post-10958","page","type-page","status-publish","has-post-thumbnail","hentry"],"yoast_head":"<!-- This site is optimized with the Yoast SEO plugin v27.2 - https:\/\/yoast.com\/product\/yoast-seo-wordpress\/ -->\n<title>Grocery Delivery in Egypt I Supermarket I Online Store I Shopping<\/title>\n<meta name=\"description\" content=\"Looking for online grocery delivery in Egypt? Download our grocery delivery app Egypt service and do cheap online grocery shopping in Egypt stores\" \/>\n<meta name=\"robots\" content=\"index, follow, max-snippet:-1, max-image-preview:large, max-video-preview:-1\" \/>\n<link rel=\"canonical\" href=\"https:\/\/tiketi.com\/fr-fr\/online-grocery-delivery-egypt-store\/\" \/>\n<meta property=\"og:locale\" content=\"fr_FR\" \/>\n<meta property=\"og:type\" content=\"article\" \/>\n<meta property=\"og:title\" content=\"Grocery Delivery in Egypt I Supermarket I Online Store I Shopping\" \/>\n<meta property=\"og:description\" content=\"Looking for online grocery delivery in Egypt? Download our grocery delivery app Egypt service and do cheap online grocery shopping in Egypt stores\" \/>\n<meta property=\"og:url\" content=\"https:\/\/tiketi.com\/fr-fr\/online-grocery-delivery-egypt-store\/\" \/>\n<meta property=\"og:site_name\" content=\"Tiketi.com\" \/>\n<meta property=\"article:publisher\" content=\"https:\/\/www.facebook.com\/TiketiCom\/\" \/>\n<meta property=\"article:modified_time\" content=\"2022-02-14T09:58:42+00:00\" \/>\n<meta property=\"og:image\" content=\"https:\/\/tiketi.com\/wp-content\/uploads\/2019\/05\/grocery-woman-6289052_1280.jpg\" \/>\n\t<meta property=\"og:image:width\" content=\"1200\" \/>\n\t<meta property=\"og:image:height\" content=\"200\" \/>\n\t<meta property=\"og:image:type\" content=\"image\/jpeg\" \/>\n<meta name=\"twitter:card\" content=\"summary_large_image\" \/>\n<meta name=\"twitter:label1\" content=\"Dur\u00e9e de lecture estim\u00e9e\" \/>\n\t<meta name=\"twitter:data1\" content=\"3 minutes\" \/>\n<script type=\"application\/ld+json\" class=\"yoast-schema-graph\">{\"@context\":\"https:\/\/schema.org\",\"@graph\":[{\"@type\":\"WebPage\",\"@id\":\"https:\/\/tiketi.com\/online-grocery-delivery-egypt-store\/\",\"url\":\"https:\/\/tiketi.com\/online-grocery-delivery-egypt-store\/\",\"name\":\"Grocery Delivery in Egypt I Supermarket I Online Store I Shopping\",\"isPartOf\":{\"@id\":\"https:\/\/tiketi.com\/#website\"},\"primaryImageOfPage\":{\"@id\":\"https:\/\/tiketi.com\/online-grocery-delivery-egypt-store\/#primaryimage\"},\"image\":{\"@id\":\"https:\/\/tiketi.com\/online-grocery-delivery-egypt-store\/#primaryimage\"},\"thumbnailUrl\":\"https:\/\/tiketi.com\/wp-content\/uploads\/2019\/05\/grocery-woman-6289052_1280.jpg\",\"datePublished\":\"2022-01-19T11:54:02+00:00\",\"dateModified\":\"2022-02-14T09:58:42+00:00\",\"description\":\"Looking for online grocery delivery in Egypt? Download our grocery delivery app Egypt service and do cheap online grocery shopping in Egypt stores\",\"breadcrumb\":{\"@id\":\"https:\/\/tiketi.com\/online-grocery-delivery-egypt-store\/#breadcrumb\"},\"inLanguage\":\"fr-FR\",\"potentialAction\":[{\"@type\":\"ReadAction\",\"target\":[\"https:\/\/tiketi.com\/online-grocery-delivery-egypt-store\/\"]}]},{\"@type\":\"ImageObject\",\"inLanguage\":\"fr-FR\",\"@id\":\"https:\/\/tiketi.com\/online-grocery-delivery-egypt-store\/#primaryimage\",\"url\":\"https:\/\/tiketi.com\/wp-content\/uploads\/2019\/05\/grocery-woman-6289052_1280.jpg\",\"contentUrl\":\"https:\/\/tiketi.com\/wp-content\/uploads\/2019\/05\/grocery-woman-6289052_1280.jpg\",\"width\":1200,\"height\":200,\"caption\":\"Grocery Delivery\"},{\"@type\":\"BreadcrumbList\",\"@id\":\"https:\/\/tiketi.com\/online-grocery-delivery-egypt-store\/#breadcrumb\",\"itemListElement\":[{\"@type\":\"ListItem\",\"position\":1,\"name\":\"Home\",\"item\":\"https:\/\/tiketi.com\/\"},{\"@type\":\"ListItem\",\"position\":2,\"name\":\"Grocery Delivery in Egypt I Supermarket I Online Store\"}]},{\"@type\":\"WebSite\",\"@id\":\"https:\/\/tiketi.com\/#website\",\"url\":\"https:\/\/tiketi.com\/\",\"name\":\"Flight & Bus Tickets, Tour Packages & Activitites - Tiketi.com\",\"description\":\"Flight &amp; Bus Tickets, Tours, Activitites\",\"publisher\":{\"@id\":\"https:\/\/tiketi.com\/#organization\"},\"potentialAction\":[{\"@type\":\"SearchAction\",\"target\":{\"@type\":\"EntryPoint\",\"urlTemplate\":\"https:\/\/tiketi.com\/?s={search_term_string}\"},\"query-input\":{\"@type\":\"PropertyValueSpecification\",\"valueRequired\":true,\"valueName\":\"search_term_string\"}}],\"inLanguage\":\"fr-FR\"},{\"@type\":\"Organization\",\"@id\":\"https:\/\/tiketi.com\/#organization\",\"name\":\"Tiketi.com\",\"alternateName\":\"Tiketi\",\"url\":\"https:\/\/tiketi.com\/\",\"logo\":{\"@type\":\"ImageObject\",\"inLanguage\":\"fr-FR\",\"@id\":\"https:\/\/tiketi.com\/#\/schema\/logo\/image\/\",\"url\":\"https:\/\/tiketi.com\/wp-content\/uploads\/2019\/05\/tiketi-logo-696.png\",\"contentUrl\":\"https:\/\/tiketi.com\/wp-content\/uploads\/2019\/05\/tiketi-logo-696.png\",\"width\":696,\"height\":696,\"caption\":\"Tiketi.com\"},\"image\":{\"@id\":\"https:\/\/tiketi.com\/#\/schema\/logo\/image\/\"},\"sameAs\":[\"https:\/\/www.facebook.com\/TiketiCom\/\"]}]}<\/script>\n<!-- \/ Yoast SEO plugin. -->","yoast_head_json":{"title":"Livraison de courses en \u00c9gypte I Supermarch\u00e9 I Boutique en ligne I Shopping","description":"Vous recherchez une livraison de courses en ligne en Egypte ? T\u00e9l\u00e9chargez notre service de livraison d&#039;\u00e9picerie en \u00c9gypte et faites vos courses en ligne \u00e0 bas prix dans les magasins \u00e9gyptiens","robots":{"index":"index","follow":"follow","max-snippet":"max-snippet:-1","max-image-preview":"max-image-preview:large","max-video-preview":"max-video-preview:-1"},"canonical":"https:\/\/tiketi.com\/fr-fr\/online-grocery-delivery-egypt-store\/","og_locale":"fr_FR","og_type":"article","og_title":"Grocery Delivery in Egypt I Supermarket I Online Store I Shopping","og_description":"Looking for online grocery delivery in Egypt? Download our grocery delivery app Egypt service and do cheap online grocery shopping in Egypt stores","og_url":"https:\/\/tiketi.com\/fr-fr\/online-grocery-delivery-egypt-store\/","og_site_name":"Tiketi.com","article_publisher":"https:\/\/www.facebook.com\/TiketiCom\/","article_modified_time":"2022-02-14T09:58:42+00:00","og_image":[{"width":1200,"height":200,"url":"https:\/\/tiketi.com\/wp-content\/uploads\/2019\/05\/grocery-woman-6289052_1280.jpg","type":"image\/jpeg"}],"twitter_card":"summary_large_image","twitter_misc":{"Dur\u00e9e de lecture estim\u00e9e":"3 minutes"},"schema":{"@context":"https:\/\/schema.org","@graph":[{"@type":"WebPage","@id":"https:\/\/tiketi.com\/online-grocery-delivery-egypt-store\/","url":"https:\/\/tiketi.com\/online-grocery-delivery-egypt-store\/","name":"Livraison de courses en \u00c9gypte I Supermarch\u00e9 I Boutique en ligne I Shopping","isPartOf":{"@id":"https:\/\/tiketi.com\/#website"},"primaryImageOfPage":{"@id":"https:\/\/tiketi.com\/online-grocery-delivery-egypt-store\/#primaryimage"},"image":{"@id":"https:\/\/tiketi.com\/online-grocery-delivery-egypt-store\/#primaryimage"},"thumbnailUrl":"https:\/\/tiketi.com\/wp-content\/uploads\/2019\/05\/grocery-woman-6289052_1280.jpg","datePublished":"2022-01-19T11:54:02+00:00","dateModified":"2022-02-14T09:58:42+00:00","description":"Vous recherchez une livraison de courses en ligne en Egypte ? T\u00e9l\u00e9chargez notre service de livraison d&#039;\u00e9picerie en \u00c9gypte et faites vos courses en ligne \u00e0 bas prix dans les magasins \u00e9gyptiens","breadcrumb":{"@id":"https:\/\/tiketi.com\/online-grocery-delivery-egypt-store\/#breadcrumb"},"inLanguage":"fr-FR","potentialAction":[{"@type":"ReadAction","target":["https:\/\/tiketi.com\/online-grocery-delivery-egypt-store\/"]}]},{"@type":"ImageObject","inLanguage":"fr-FR","@id":"https:\/\/tiketi.com\/online-grocery-delivery-egypt-store\/#primaryimage","url":"https:\/\/tiketi.com\/wp-content\/uploads\/2019\/05\/grocery-woman-6289052_1280.jpg","contentUrl":"https:\/\/tiketi.com\/wp-content\/uploads\/2019\/05\/grocery-woman-6289052_1280.jpg","width":1200,"height":200,"caption":"Grocery Delivery"},{"@type":"BreadcrumbList","@id":"https:\/\/tiketi.com\/online-grocery-delivery-egypt-store\/#breadcrumb","itemListElement":[{"@type":"ListItem","position":1,"name":"Home","item":"https:\/\/tiketi.com\/"},{"@type":"ListItem","position":2,"name":"Grocery Delivery in Egypt I Supermarket I Online Store"}]},{"@type":"WebSite","@id":"https:\/\/tiketi.com\/#website","url":"https:\/\/tiketi.com\/","name":"Billets d&#039;avion et de bus, forfaits touristiques et activit\u00e9s - Tiketi.com","description":"Billets d&#039;avion et de bus, Tours, Activit\u00e9s","publisher":{"@id":"https:\/\/tiketi.com\/#organization"},"potentialAction":[{"@type":"SearchAction","target":{"@type":"EntryPoint","urlTemplate":"https:\/\/tiketi.com\/?s={search_term_string}"},"query-input":{"@type":"PropertyValueSpecification","valueRequired":true,"valueName":"search_term_string"}}],"inLanguage":"fr-FR"},{"@type":"Organization","@id":"https:\/\/tiketi.com\/#organization","name":"Tiketi.com","alternateName":"Tiketi","url":"https:\/\/tiketi.com\/","logo":{"@type":"ImageObject","inLanguage":"fr-FR","@id":"https:\/\/tiketi.com\/#\/schema\/logo\/image\/","url":"https:\/\/tiketi.com\/wp-content\/uploads\/2019\/05\/tiketi-logo-696.png","contentUrl":"https:\/\/tiketi.com\/wp-content\/uploads\/2019\/05\/tiketi-logo-696.png","width":696,"height":696,"caption":"Tiketi.com"},"image":{"@id":"https:\/\/tiketi.com\/#\/schema\/logo\/image\/"},"sameAs":["https:\/\/www.facebook.com\/TiketiCom\/"]}]}},"_links":{"self":[{"href":"https:\/\/tiketi.com\/fr-fr\/wp-json\/wp\/v2\/pages\/10958","targetHints":{"allow":["GET"]}}],"collection":[{"href":"https:\/\/tiketi.com\/fr-fr\/wp-json\/wp\/v2\/pages"}],"about":[{"href":"https:\/\/tiketi.com\/fr-fr\/wp-json\/wp\/v2\/types\/page"}],"author":[{"embeddable":true,"href":"https:\/\/tiketi.com\/fr-fr\/wp-json\/wp\/v2\/users\/1"}],"replies":[{"embeddable":true,"href":"https:\/\/tiketi.com\/fr-fr\/wp-json\/wp\/v2\/comments?post=10958"}],"version-history":[{"count":0,"href":"https:\/\/tiketi.com\/fr-fr\/wp-json\/wp\/v2\/pages\/10958\/revisions"}],"wp:featuredmedia":[{"embeddable":true,"href":"https:\/\/tiketi.com\/fr-fr\/wp-json\/wp\/v2\/media\/19429"}],"wp:attachment":[{"href":"https:\/\/tiketi.com\/fr-fr\/wp-json\/wp\/v2\/media?parent=10958"}],"curies":[{"name":"wp","href":"https:\/\/api.w.org\/{rel}","templated":true}]}}