{"id":10959,"date":"2022-01-19T12:54:02","date_gmt":"2022-01-19T11:54:02","guid":{"rendered":"https:\/\/new.tiketi.com\/grocery-delivery-uganda-i-supermarket-i-online-store-i-shopping\/"},"modified":"2022-02-14T10:59:10","modified_gmt":"2022-02-14T09:59:10","slug":"online-grocery-delivery-uganda-store","status":"publish","type":"page","link":"https:\/\/tiketi.com\/fr-fr\/online-grocery-delivery-uganda-store\/","title":{"rendered":"Livraison de courses en Ouganda I Supermarch\u00e9 I Boutique en ligne"},"content":{"rendered":"<h2>\u00c9picerie en ligne bon march\u00e9 en Ouganda<\/h2>\n<h3>Utilisez le meilleur service de livraison d&#039;\u00e9picerie en Ouganda pour commander vos courses pr\u00e9f\u00e9r\u00e9es simplement et facilement dans les \u00e9piceries en ligne en Ouganda.<\/h3>\n<p>La livraison de courses en ligne en Ouganda simplifi\u00e9e. Cela est \u00e9vident car la vente au d\u00e9tail de mode en ligne, la vente au d\u00e9tail d&#039;\u00e9lectricit\u00e9 en ligne et d&#039;autres cat\u00e9gories ont rapidement explos\u00e9 au cours des derni\u00e8res ann\u00e9es et ont trouv\u00e9 leur client\u00e8le, mais l&#039;\u00e9mergence de l&#039;\u00e9picerie en ligne en Ouganda continue de cro\u00eetre et cherche \u00e0 s&#039;imposer en Ouganda. Bien qu&#039;il y en ait beaucoup qui se sont tourn\u00e9s vers ce support, il y a encore une certaine h\u00e9sitation \u00e0 utiliser l&#039;application de livraison d&#039;\u00e9picerie en Ouganda pour acheter des produits d&#039;\u00e9picerie en ligne, c&#039;est pourquoi il est essentiel de faire ressortir ses avantages par rapport \u00e0 la mani\u00e8re traditionnelle d&#039;acheter des produits d&#039;\u00e9picerie de la bonne mani\u00e8re\u00a0:<\/p>\n<h2>Avantages de la livraison de courses en ligne en Ouganda<\/h2>\n<h3>L&#039;application de livraison de courses en Ouganda fait gagner du temps<\/h3>\n<p>Cette proc\u00e9dure permet non seulement d&#039;\u00e9conomiser de l&#039;argent mais aussi du temps. Au lieu de perdre du temps coinc\u00e9 dans un trafic dense, dans de longues files d&#039;attente de facturation au supermarch\u00e9, des maux de t\u00eate de stationnement, etc. On peut choisir de rester \u00e0 la maison et d&#039;opter pour une caisse facile, ce qui permet de gagner beaucoup de temps pour quelque chose de productif. Peu importe la m\u00e9t\u00e9o ou la situation de la circulation \u00e0 l&#039;ext\u00e9rieur, les \u00e9piceries en ligne en Ouganda peuvent se faire ind\u00e9pendamment de cela.<\/p>\n<h3>Livraison \u00e0 domicile<\/h3>\n<p>La partie la plus importante de l&#039;achat de produits en ligne est qu&#039;ils sont livr\u00e9s \u00e0 la porte de la maison. L&#039;effort de transporter des sacs lourds depuis le magasin ne fait en fait pas partie de ce choix d&#039;achat intelligent. Avec les vieux, les jeunes s&#039;habituent aussi \u00e0 la technologie et ainsi, sans h\u00e9siter \u00e0 rien, ils peuvent eux aussi faire leurs courses en ligne en Ouganda dans le confort de leur canap\u00e9.<\/p>\n<h3>Simple \u00e0 trouver<\/h3>\n<p>Bien que les supermarch\u00e9s virtuels pr\u00e9tendent avoir une gamme d&#039;articles haut de gamme, il est toujours simple de trouver des produits en les recherchant sur le site ou l&#039;application de livraison d&#039;\u00e9picerie Ouganda et de v\u00e9rifier leur accessibilit\u00e9 au lieu d&#039;errer dans les all\u00e9es des grands magasins \u00e0 la recherche du produit \u00e9ventuellement fatiguant soi-m\u00eame.<\/p>\n<h3>Pas d&#039;achat impulsif<\/h3>\n<p>Dans un supermarch\u00e9, on a tendance \u00e0 se livrer \u00e0 des achats impulsifs conduisant \u00e0 une mise \u00e0 sec du budget g\u00e9n\u00e9ralement d\u00e9plor\u00e9e. Alors que lors de la livraison d&#039;\u00e9picerie en ligne en Ouganda, de tels probl\u00e8mes ne se posent pas car il suffit de rechercher les articles n\u00e9cessaires et de les ajouter au panier. Les petits enfants avec leurs exigences toujours croissantes sont l&#039;un des autres maux de t\u00eate auxquels les gens doivent faire face, mais ici, aucun probl\u00e8me de ce type ne se produit.<\/p>\n<h3>Faire ses courses en ligne 24h\/24 et 7j\/7 en Ouganda<\/h3>\n<p>Toute personne peut passer une commande \u00e0 tout moment. Horaires impairs, dimanche etc. On a un acc\u00e8s simple au supermarch\u00e9 complet nuit et jour. Un clic et le supermarch\u00e9 appara\u00eetrait sur l&#039;\u00e9cran. Cet avantage permet de faire ses courses quand on est libre et donc de ne pas se pr\u00e9cipiter au magasin avant sa fermeture.<\/p>","protected":false},"excerpt":{"rendered":"<p>Cheap Online Grocery Shopping in Uganda Use the best grocery delivery app Uganda service to order your favorite groceries simple and easy in online grocery stores in Uganda. Online grocery delivery in Uganda made easy. This is evident as the fashion online retail, online electric retail, and other categories boomed quickly in the past few [&hellip;]<\/p>\n","protected":false},"author":1,"featured_media":19429,"parent":0,"menu_order":0,"comment_status":"open","ping_status":"closed","template":"template-home-modern.php","meta":{"footnotes":""},"class_list":["post-10959","page","type-page","status-publish","has-post-thumbnail","hentry"],"yoast_head":"<!-- This site is optimized with the Yoast SEO plugin v27.2 - https:\/\/yoast.com\/product\/yoast-seo-wordpress\/ -->\n<title>Grocery Delivery in Uganda I Supermarket I Online Store I Shopping<\/title>\n<meta name=\"description\" content=\"Looking for online grocery delivery in Uganda? Download our grocery delivery app Uganda service and do cheap online grocery shopping in Uganda stores\" \/>\n<meta name=\"robots\" content=\"index, follow, max-snippet:-1, max-image-preview:large, max-video-preview:-1\" \/>\n<link rel=\"canonical\" href=\"https:\/\/tiketi.com\/fr-fr\/online-grocery-delivery-uganda-store\/\" \/>\n<meta property=\"og:locale\" content=\"fr_FR\" \/>\n<meta property=\"og:type\" content=\"article\" \/>\n<meta property=\"og:title\" content=\"Grocery Delivery in Uganda I Supermarket I Online Store I Shopping\" \/>\n<meta property=\"og:description\" content=\"Looking for online grocery delivery in Uganda? Download our grocery delivery app Uganda service and do cheap online grocery shopping in Uganda stores\" \/>\n<meta property=\"og:url\" content=\"https:\/\/tiketi.com\/fr-fr\/online-grocery-delivery-uganda-store\/\" \/>\n<meta property=\"og:site_name\" content=\"Tiketi.com\" \/>\n<meta property=\"article:publisher\" content=\"https:\/\/www.facebook.com\/TiketiCom\/\" \/>\n<meta property=\"article:modified_time\" content=\"2022-02-14T09:59:10+00:00\" \/>\n<meta property=\"og:image\" content=\"https:\/\/tiketi.com\/wp-content\/uploads\/2019\/05\/grocery-woman-6289052_1280.jpg\" \/>\n\t<meta property=\"og:image:width\" content=\"1200\" \/>\n\t<meta property=\"og:image:height\" content=\"200\" \/>\n\t<meta property=\"og:image:type\" content=\"image\/jpeg\" \/>\n<meta name=\"twitter:card\" content=\"summary_large_image\" \/>\n<meta name=\"twitter:label1\" content=\"Dur\u00e9e de lecture estim\u00e9e\" \/>\n\t<meta name=\"twitter:data1\" content=\"3 minutes\" \/>\n<script type=\"application\/ld+json\" class=\"yoast-schema-graph\">{\"@context\":\"https:\/\/schema.org\",\"@graph\":[{\"@type\":\"WebPage\",\"@id\":\"https:\/\/tiketi.com\/fr-fr\/online-grocery-delivery-uganda-store\/\",\"url\":\"https:\/\/tiketi.com\/fr-fr\/online-grocery-delivery-uganda-store\/\",\"name\":\"Grocery Delivery in Uganda I Supermarket I Online Store I Shopping\",\"isPartOf\":{\"@id\":\"https:\/\/tiketi.com\/#website\"},\"primaryImageOfPage\":{\"@id\":\"https:\/\/tiketi.com\/fr-fr\/online-grocery-delivery-uganda-store\/#primaryimage\"},\"image\":{\"@id\":\"https:\/\/tiketi.com\/fr-fr\/online-grocery-delivery-uganda-store\/#primaryimage\"},\"thumbnailUrl\":\"https:\/\/tiketi.com\/wp-content\/uploads\/2019\/05\/grocery-woman-6289052_1280.jpg\",\"datePublished\":\"2022-01-19T11:54:02+00:00\",\"dateModified\":\"2022-02-14T09:59:10+00:00\",\"description\":\"Looking for online grocery delivery in Uganda? Download our grocery delivery app Uganda service and do cheap online grocery shopping in Uganda stores\",\"breadcrumb\":{\"@id\":\"https:\/\/tiketi.com\/fr-fr\/online-grocery-delivery-uganda-store\/#breadcrumb\"},\"inLanguage\":\"fr-FR\",\"potentialAction\":[{\"@type\":\"ReadAction\",\"target\":[\"https:\/\/tiketi.com\/fr-fr\/online-grocery-delivery-uganda-store\/\"]}]},{\"@type\":\"ImageObject\",\"inLanguage\":\"fr-FR\",\"@id\":\"https:\/\/tiketi.com\/fr-fr\/online-grocery-delivery-uganda-store\/#primaryimage\",\"url\":\"https:\/\/tiketi.com\/wp-content\/uploads\/2019\/05\/grocery-woman-6289052_1280.jpg\",\"contentUrl\":\"https:\/\/tiketi.com\/wp-content\/uploads\/2019\/05\/grocery-woman-6289052_1280.jpg\",\"width\":1200,\"height\":200,\"caption\":\"Grocery Delivery\"},{\"@type\":\"BreadcrumbList\",\"@id\":\"https:\/\/tiketi.com\/fr-fr\/online-grocery-delivery-uganda-store\/#breadcrumb\",\"itemListElement\":[{\"@type\":\"ListItem\",\"position\":1,\"name\":\"Home\",\"item\":\"https:\/\/tiketi.com\/\"},{\"@type\":\"ListItem\",\"position\":2,\"name\":\"Grocery Delivery in Uganda I Supermarket I Online Store\"}]},{\"@type\":\"WebSite\",\"@id\":\"https:\/\/tiketi.com\/#website\",\"url\":\"https:\/\/tiketi.com\/\",\"name\":\"Flight & Bus Tickets, Tour Packages & Activitites - Tiketi.com\",\"description\":\"Flight &amp; Bus Tickets, Tours, Activitites\",\"publisher\":{\"@id\":\"https:\/\/tiketi.com\/#organization\"},\"potentialAction\":[{\"@type\":\"SearchAction\",\"target\":{\"@type\":\"EntryPoint\",\"urlTemplate\":\"https:\/\/tiketi.com\/?s={search_term_string}\"},\"query-input\":{\"@type\":\"PropertyValueSpecification\",\"valueRequired\":true,\"valueName\":\"search_term_string\"}}],\"inLanguage\":\"fr-FR\"},{\"@type\":\"Organization\",\"@id\":\"https:\/\/tiketi.com\/#organization\",\"name\":\"Tiketi.com\",\"alternateName\":\"Tiketi\",\"url\":\"https:\/\/tiketi.com\/\",\"logo\":{\"@type\":\"ImageObject\",\"inLanguage\":\"fr-FR\",\"@id\":\"https:\/\/tiketi.com\/#\/schema\/logo\/image\/\",\"url\":\"https:\/\/tiketi.com\/wp-content\/uploads\/2019\/05\/tiketi-logo-696.png\",\"contentUrl\":\"https:\/\/tiketi.com\/wp-content\/uploads\/2019\/05\/tiketi-logo-696.png\",\"width\":696,\"height\":696,\"caption\":\"Tiketi.com\"},\"image\":{\"@id\":\"https:\/\/tiketi.com\/#\/schema\/logo\/image\/\"},\"sameAs\":[\"https:\/\/www.facebook.com\/TiketiCom\/\"]}]}<\/script>\n<!-- \/ Yoast SEO plugin. -->","yoast_head_json":{"title":"Livraison de courses en Ouganda I Supermarch\u00e9 I Boutique en ligne I Shopping","description":"Vous recherchez une livraison de courses en ligne en Ouganda\u00a0? T\u00e9l\u00e9chargez notre service de livraison d&#039;\u00e9picerie en Ouganda et faites vos courses en ligne \u00e0 bas prix dans les magasins en Ouganda","robots":{"index":"index","follow":"follow","max-snippet":"max-snippet:-1","max-image-preview":"max-image-preview:large","max-video-preview":"max-video-preview:-1"},"canonical":"https:\/\/tiketi.com\/fr-fr\/online-grocery-delivery-uganda-store\/","og_locale":"fr_FR","og_type":"article","og_title":"Grocery Delivery in Uganda I Supermarket I Online Store I Shopping","og_description":"Looking for online grocery delivery in Uganda? Download our grocery delivery app Uganda service and do cheap online grocery shopping in Uganda stores","og_url":"https:\/\/tiketi.com\/fr-fr\/online-grocery-delivery-uganda-store\/","og_site_name":"Tiketi.com","article_publisher":"https:\/\/www.facebook.com\/TiketiCom\/","article_modified_time":"2022-02-14T09:59:10+00:00","og_image":[{"width":1200,"height":200,"url":"https:\/\/tiketi.com\/wp-content\/uploads\/2019\/05\/grocery-woman-6289052_1280.jpg","type":"image\/jpeg"}],"twitter_card":"summary_large_image","twitter_misc":{"Dur\u00e9e de lecture estim\u00e9e":"3 minutes"},"schema":{"@context":"https:\/\/schema.org","@graph":[{"@type":"WebPage","@id":"https:\/\/tiketi.com\/fr-fr\/online-grocery-delivery-uganda-store\/","url":"https:\/\/tiketi.com\/fr-fr\/online-grocery-delivery-uganda-store\/","name":"Livraison de courses en Ouganda I Supermarch\u00e9 I Boutique en ligne I Shopping","isPartOf":{"@id":"https:\/\/tiketi.com\/#website"},"primaryImageOfPage":{"@id":"https:\/\/tiketi.com\/fr-fr\/online-grocery-delivery-uganda-store\/#primaryimage"},"image":{"@id":"https:\/\/tiketi.com\/fr-fr\/online-grocery-delivery-uganda-store\/#primaryimage"},"thumbnailUrl":"https:\/\/tiketi.com\/wp-content\/uploads\/2019\/05\/grocery-woman-6289052_1280.jpg","datePublished":"2022-01-19T11:54:02+00:00","dateModified":"2022-02-14T09:59:10+00:00","description":"Vous recherchez une livraison de courses en ligne en Ouganda\u00a0? T\u00e9l\u00e9chargez notre service de livraison d&#039;\u00e9picerie en Ouganda et faites vos courses en ligne \u00e0 bas prix dans les magasins en Ouganda","breadcrumb":{"@id":"https:\/\/tiketi.com\/fr-fr\/online-grocery-delivery-uganda-store\/#breadcrumb"},"inLanguage":"fr-FR","potentialAction":[{"@type":"ReadAction","target":["https:\/\/tiketi.com\/fr-fr\/online-grocery-delivery-uganda-store\/"]}]},{"@type":"ImageObject","inLanguage":"fr-FR","@id":"https:\/\/tiketi.com\/fr-fr\/online-grocery-delivery-uganda-store\/#primaryimage","url":"https:\/\/tiketi.com\/wp-content\/uploads\/2019\/05\/grocery-woman-6289052_1280.jpg","contentUrl":"https:\/\/tiketi.com\/wp-content\/uploads\/2019\/05\/grocery-woman-6289052_1280.jpg","width":1200,"height":200,"caption":"Grocery Delivery"},{"@type":"BreadcrumbList","@id":"https:\/\/tiketi.com\/fr-fr\/online-grocery-delivery-uganda-store\/#breadcrumb","itemListElement":[{"@type":"ListItem","position":1,"name":"Home","item":"https:\/\/tiketi.com\/"},{"@type":"ListItem","position":2,"name":"Grocery Delivery in Uganda I Supermarket I Online Store"}]},{"@type":"WebSite","@id":"https:\/\/tiketi.com\/#website","url":"https:\/\/tiketi.com\/","name":"Billets d&#039;avion et de bus, forfaits touristiques et activit\u00e9s - Tiketi.com","description":"Billets d&#039;avion et de bus, Tours, Activit\u00e9s","publisher":{"@id":"https:\/\/tiketi.com\/#organization"},"potentialAction":[{"@type":"SearchAction","target":{"@type":"EntryPoint","urlTemplate":"https:\/\/tiketi.com\/?s={search_term_string}"},"query-input":{"@type":"PropertyValueSpecification","valueRequired":true,"valueName":"search_term_string"}}],"inLanguage":"fr-FR"},{"@type":"Organization","@id":"https:\/\/tiketi.com\/#organization","name":"Tiketi.com","alternateName":"Tiketi","url":"https:\/\/tiketi.com\/","logo":{"@type":"ImageObject","inLanguage":"fr-FR","@id":"https:\/\/tiketi.com\/#\/schema\/logo\/image\/","url":"https:\/\/tiketi.com\/wp-content\/uploads\/2019\/05\/tiketi-logo-696.png","contentUrl":"https:\/\/tiketi.com\/wp-content\/uploads\/2019\/05\/tiketi-logo-696.png","width":696,"height":696,"caption":"Tiketi.com"},"image":{"@id":"https:\/\/tiketi.com\/#\/schema\/logo\/image\/"},"sameAs":["https:\/\/www.facebook.com\/TiketiCom\/"]}]}},"_links":{"self":[{"href":"https:\/\/tiketi.com\/fr-fr\/wp-json\/wp\/v2\/pages\/10959","targetHints":{"allow":["GET"]}}],"collection":[{"href":"https:\/\/tiketi.com\/fr-fr\/wp-json\/wp\/v2\/pages"}],"about":[{"href":"https:\/\/tiketi.com\/fr-fr\/wp-json\/wp\/v2\/types\/page"}],"author":[{"embeddable":true,"href":"https:\/\/tiketi.com\/fr-fr\/wp-json\/wp\/v2\/users\/1"}],"replies":[{"embeddable":true,"href":"https:\/\/tiketi.com\/fr-fr\/wp-json\/wp\/v2\/comments?post=10959"}],"version-history":[{"count":0,"href":"https:\/\/tiketi.com\/fr-fr\/wp-json\/wp\/v2\/pages\/10959\/revisions"}],"wp:featuredmedia":[{"embeddable":true,"href":"https:\/\/tiketi.com\/fr-fr\/wp-json\/wp\/v2\/media\/19429"}],"wp:attachment":[{"href":"https:\/\/tiketi.com\/fr-fr\/wp-json\/wp\/v2\/media?parent=10959"}],"curies":[{"name":"wp","href":"https:\/\/api.w.org\/{rel}","templated":true}]}}