{"id":10960,"date":"2022-01-19T12:54:02","date_gmt":"2022-01-19T11:54:02","guid":{"rendered":"https:\/\/new.tiketi.com\/grocery-delivery-nigeria-i-supermarket-i-online-store-i-shopping\/"},"modified":"2022-02-14T10:41:21","modified_gmt":"2022-02-14T09:41:21","slug":"online-grocery-delivery-nigeria-store","status":"publish","type":"page","link":"https:\/\/tiketi.com\/fr-fr\/online-grocery-delivery-nigeria-store\/","title":{"rendered":"Livraison de courses au Nigeria I Supermarch\u00e9 I Boutique en ligne I Shopping"},"content":{"rendered":"<h2>\u00c9picerie en ligne bon march\u00e9 au Nigeria<\/h2>\n<h3>Utilisez le meilleur service de livraison d&#039;\u00e9picerie au Nigeria pour commander vos courses pr\u00e9f\u00e9r\u00e9es simplement et facilement dans les \u00e9piceries en ligne au Nigeria.<\/h3>\n<p>La livraison de courses en ligne au Nigeria en toute simplicit\u00e9. L&#039;\u00e9picerie en ligne au Nigeria est un ph\u00e9nom\u00e8ne en croissance rapide. Les clients se tournent de plus en plus vers la livraison d&#039;\u00e9picerie \u00e0 domicile. Fini le temps d&#039;aller au supermarch\u00e9 pour faire ses courses. De plus en plus de personnes ont commenc\u00e9 \u00e0 utiliser l&#039;application de livraison d&#039;\u00e9picerie au Nigeria pour acheter dans des \u00e9piceries en ligne au Nigeria afin de marquer leurs approvisionnements r\u00e9guliers au quotidien.<\/p>\n<h2>Voici quelques-uns des avantages de la livraison de courses en ligne au Nigeria<\/h2>\n<h3>\u00c9picerie en ligne au Nigeria \u2013 plus de vari\u00e9t\u00e9<\/h3>\n<p>Comme toute entreprise de commerce \u00e9lectronique, les \u00e9piceries en ligne au Nigeria proposent \u00e9galement une plus large gamme de produits accessibles correspondant \u00e0 ce que vous trouvez dans votre magasin local. La plupart des grands acteurs pr\u00e9tendent avoir des produits accessibles \u00e0 partir de plus de 1 000 marques. Vous constaterez \u00e9galement que la d\u00e9couverte d&#039;articles est plus facile et que vous pouvez afficher toutes les offres uniques en un seul endroit. De plus, ils stockent g\u00e9n\u00e9ralement des marques import\u00e9es difficiles \u00e0 trouver.<\/p>\n<h3>Offres et bons plans<\/h3>\n<p>Pour attirer plus de clients, l&#039;application de livraison d&#039;\u00e9picerie en ligne Nigeria continue d&#039;offrir des r\u00e9compenses, des remises et des points de fid\u00e9lit\u00e9. Certains sites proposent des offres quotidiennes avec des remises sur des articles sp\u00e9cifiques, tandis que d&#039;autres proposent des forfaits group\u00e9s pour attirer les acheteurs. Certains magasins offrent \u00e9galement des points de fid\u00e9lit\u00e9 sur les achats qui peuvent ensuite \u00eatre utilis\u00e9s comme monnaie pour d&#039;autres achats. Comme tout site de commerce \u00e9lectronique, vous avez \u00e9galement le choix d&#039;appliquer des bons de r\u00e9duction pour des \u00e9conomies suppl\u00e9mentaires.<\/p>\n<h3>Contr\u00f4le qualit\u00e9<\/h3>\n<p>Pour les produits comme les fruits et l\u00e9gumes, la plupart des gens v\u00e9rifient la norme en sentant, en les tenant pour voir s&#039;ils sont frais et en rejetant tout ce qui va mal. Avec en ligne <strong>\u00e9picerie au Nig\u00e9ria<\/strong>, vous ne pouvez pas le faire une fois que les l\u00e9gumes et les fruits ont \u00e9t\u00e9 livr\u00e9s. S&#039;il y a quelque chose qui ne va pas, vous devez passer par une proc\u00e9dure de retour.<\/p>\n<h3>Comparaisons de prix rapides<\/h3>\n<p>Dans les achats hors ligne, la seule fa\u00e7on de trouver le meilleur prix pour un article est de visiter plusieurs magasins. Le prix correspondant est une question de minutes en ligne. Avec le nombre croissant d&#039;\u00e9piceries en ligne au Nigeria, il est simple de faire correspondre les prix des produits sur diff\u00e9rents portails et de trouver le prix le plus bas pour n&#039;importe quel produit.<\/p>\n<h3>L&#039;application de livraison de courses au Nigeria fait gagner du temps<\/h3>\n<p>Un grand avantage, compte tenu des modes de vie occup\u00e9s d&#039;aujourd&#039;hui. Vous pouvez faire vos courses n&#039;importe o\u00f9 et n&#039;importe o\u00f9. Au lieu de chercher des articles, vous pouvez simplement rechercher l&#039;article particulier d&#039;une marque et l&#039;ajouter \u00e0 votre panier. De plus, le paiement est instantan\u00e9 - vous ne perdez pas de temps \u00e0 faire la queue. N&#039;oubliez pas, vous gardez du temps qui serait autrement perdu \u00e0 aller et revenir d&#039;une \u00e9picerie.<\/p>","protected":false},"excerpt":{"rendered":"<p>Cheap Online Grocery Shopping in Nigeria Use the best grocery delivery app Nigeria service to order your favorite groceries simple and easy in online grocery stores in Nigeria. Online grocery delivery in Nigeria made easy. Online grocery shopping in Nigeria is a quick growing phenomenon. Customers are increasingly turning in favour or doorstep grocery delivery. [&hellip;]<\/p>\n","protected":false},"author":1,"featured_media":19429,"parent":0,"menu_order":0,"comment_status":"open","ping_status":"closed","template":"template-home-modern.php","meta":{"footnotes":""},"class_list":["post-10960","page","type-page","status-publish","has-post-thumbnail","hentry"],"yoast_head":"<!-- This site is optimized with the Yoast SEO plugin v27.5 - https:\/\/yoast.com\/product\/yoast-seo-wordpress\/ -->\n<title>Grocery Delivery in Nigeria I Supermarket I Online Store I Shopping<\/title>\n<meta name=\"description\" content=\"Looking for online grocery delivery in Nigeria? Download our grocery delivery app Nigeria service and do cheap online grocery shopping in Nigeria stores\" \/>\n<meta name=\"robots\" content=\"index, follow, max-snippet:-1, max-image-preview:large, max-video-preview:-1\" \/>\n<link rel=\"canonical\" href=\"https:\/\/tiketi.com\/fr-fr\/online-grocery-delivery-nigeria-store\/\" \/>\n<meta property=\"og:locale\" content=\"fr_FR\" \/>\n<meta property=\"og:type\" content=\"article\" \/>\n<meta property=\"og:title\" content=\"Grocery Delivery in Nigeria I Supermarket I Online Store I Shopping\" \/>\n<meta property=\"og:description\" content=\"Looking for online grocery delivery in Nigeria? Download our grocery delivery app Nigeria service and do cheap online grocery shopping in Nigeria stores\" \/>\n<meta property=\"og:url\" content=\"https:\/\/tiketi.com\/fr-fr\/online-grocery-delivery-nigeria-store\/\" \/>\n<meta property=\"og:site_name\" content=\"Tiketi.com\" \/>\n<meta property=\"article:publisher\" content=\"https:\/\/www.facebook.com\/TiketiCom\/\" \/>\n<meta property=\"article:modified_time\" content=\"2022-02-14T09:41:21+00:00\" \/>\n<meta property=\"og:image\" content=\"https:\/\/tiketi.com\/wp-content\/uploads\/2019\/05\/grocery-woman-6289052_1280.jpg\" \/>\n\t<meta property=\"og:image:width\" content=\"1200\" \/>\n\t<meta property=\"og:image:height\" content=\"200\" \/>\n\t<meta property=\"og:image:type\" content=\"image\/jpeg\" \/>\n<meta name=\"twitter:card\" content=\"summary_large_image\" \/>\n<meta name=\"twitter:label1\" content=\"Dur\u00e9e de lecture estim\u00e9e\" \/>\n\t<meta name=\"twitter:data1\" content=\"2 minutes\" \/>\n<script type=\"application\/ld+json\" class=\"yoast-schema-graph\">{\"@context\":\"https:\\\/\\\/schema.org\",\"@graph\":[{\"@type\":\"WebPage\",\"@id\":\"https:\\\/\\\/tiketi.com\\\/online-grocery-delivery-nigeria-store\\\/\",\"url\":\"https:\\\/\\\/tiketi.com\\\/online-grocery-delivery-nigeria-store\\\/\",\"name\":\"Grocery Delivery in Nigeria I Supermarket I Online Store I Shopping\",\"isPartOf\":{\"@id\":\"https:\\\/\\\/tiketi.com\\\/#website\"},\"primaryImageOfPage\":{\"@id\":\"https:\\\/\\\/tiketi.com\\\/online-grocery-delivery-nigeria-store\\\/#primaryimage\"},\"image\":{\"@id\":\"https:\\\/\\\/tiketi.com\\\/online-grocery-delivery-nigeria-store\\\/#primaryimage\"},\"thumbnailUrl\":\"https:\\\/\\\/tiketi.com\\\/wp-content\\\/uploads\\\/2019\\\/05\\\/grocery-woman-6289052_1280.jpg\",\"datePublished\":\"2022-01-19T11:54:02+00:00\",\"dateModified\":\"2022-02-14T09:41:21+00:00\",\"description\":\"Looking for online grocery delivery in Nigeria? Download our grocery delivery app Nigeria service and do cheap online grocery shopping in Nigeria stores\",\"breadcrumb\":{\"@id\":\"https:\\\/\\\/tiketi.com\\\/online-grocery-delivery-nigeria-store\\\/#breadcrumb\"},\"inLanguage\":\"fr-FR\",\"potentialAction\":[{\"@type\":\"ReadAction\",\"target\":[\"https:\\\/\\\/tiketi.com\\\/online-grocery-delivery-nigeria-store\\\/\"]}]},{\"@type\":\"ImageObject\",\"inLanguage\":\"fr-FR\",\"@id\":\"https:\\\/\\\/tiketi.com\\\/online-grocery-delivery-nigeria-store\\\/#primaryimage\",\"url\":\"https:\\\/\\\/tiketi.com\\\/wp-content\\\/uploads\\\/2019\\\/05\\\/grocery-woman-6289052_1280.jpg\",\"contentUrl\":\"https:\\\/\\\/tiketi.com\\\/wp-content\\\/uploads\\\/2019\\\/05\\\/grocery-woman-6289052_1280.jpg\",\"width\":1200,\"height\":200,\"caption\":\"Grocery Delivery\"},{\"@type\":\"BreadcrumbList\",\"@id\":\"https:\\\/\\\/tiketi.com\\\/online-grocery-delivery-nigeria-store\\\/#breadcrumb\",\"itemListElement\":[{\"@type\":\"ListItem\",\"position\":1,\"name\":\"Home\",\"item\":\"https:\\\/\\\/tiketi.com\\\/\"},{\"@type\":\"ListItem\",\"position\":2,\"name\":\"Grocery Delivery in Nigeria I Supermarket I Online Store I Shopping\"}]},{\"@type\":\"WebSite\",\"@id\":\"https:\\\/\\\/tiketi.com\\\/#website\",\"url\":\"https:\\\/\\\/tiketi.com\\\/\",\"name\":\"Flight & Bus Tickets, Tour Packages & Activitites - Tiketi.com\",\"description\":\"Flight &amp; Bus Tickets, Tours, Activitites\",\"publisher\":{\"@id\":\"https:\\\/\\\/tiketi.com\\\/#organization\"},\"potentialAction\":[{\"@type\":\"SearchAction\",\"target\":{\"@type\":\"EntryPoint\",\"urlTemplate\":\"https:\\\/\\\/tiketi.com\\\/?s={search_term_string}\"},\"query-input\":{\"@type\":\"PropertyValueSpecification\",\"valueRequired\":true,\"valueName\":\"search_term_string\"}}],\"inLanguage\":\"fr-FR\"},{\"@type\":\"Organization\",\"@id\":\"https:\\\/\\\/tiketi.com\\\/#organization\",\"name\":\"Tiketi.com\",\"alternateName\":\"Tiketi\",\"url\":\"https:\\\/\\\/tiketi.com\\\/\",\"logo\":{\"@type\":\"ImageObject\",\"inLanguage\":\"fr-FR\",\"@id\":\"https:\\\/\\\/tiketi.com\\\/#\\\/schema\\\/logo\\\/image\\\/\",\"url\":\"https:\\\/\\\/tiketi.com\\\/wp-content\\\/uploads\\\/2019\\\/05\\\/tiketi-logo-696.png\",\"contentUrl\":\"https:\\\/\\\/tiketi.com\\\/wp-content\\\/uploads\\\/2019\\\/05\\\/tiketi-logo-696.png\",\"width\":696,\"height\":696,\"caption\":\"Tiketi.com\"},\"image\":{\"@id\":\"https:\\\/\\\/tiketi.com\\\/#\\\/schema\\\/logo\\\/image\\\/\"},\"sameAs\":[\"https:\\\/\\\/www.facebook.com\\\/TiketiCom\\\/\"]}]}<\/script>\n<!-- \/ Yoast SEO plugin. -->","yoast_head_json":{"title":"Livraison de courses au Nigeria I Supermarch\u00e9 I Boutique en ligne I Shopping","description":"Vous recherchez une livraison de courses en ligne au Nig\u00e9ria\u00a0? T\u00e9l\u00e9chargez notre service de livraison d&#039;\u00e9picerie au Nigeria et faites des achats d&#039;\u00e9picerie en ligne \u00e0 bas prix dans les magasins du Nigeria","robots":{"index":"index","follow":"follow","max-snippet":"max-snippet:-1","max-image-preview":"max-image-preview:large","max-video-preview":"max-video-preview:-1"},"canonical":"https:\/\/tiketi.com\/fr-fr\/online-grocery-delivery-nigeria-store\/","og_locale":"fr_FR","og_type":"article","og_title":"Grocery Delivery in Nigeria I Supermarket I Online Store I Shopping","og_description":"Looking for online grocery delivery in Nigeria? Download our grocery delivery app Nigeria service and do cheap online grocery shopping in Nigeria stores","og_url":"https:\/\/tiketi.com\/fr-fr\/online-grocery-delivery-nigeria-store\/","og_site_name":"Tiketi.com","article_publisher":"https:\/\/www.facebook.com\/TiketiCom\/","article_modified_time":"2022-02-14T09:41:21+00:00","og_image":[{"width":1200,"height":200,"url":"https:\/\/tiketi.com\/wp-content\/uploads\/2019\/05\/grocery-woman-6289052_1280.jpg","type":"image\/jpeg"}],"twitter_card":"summary_large_image","twitter_misc":{"Dur\u00e9e de lecture estim\u00e9e":"2 minutes"},"schema":{"@context":"https:\/\/schema.org","@graph":[{"@type":"WebPage","@id":"https:\/\/tiketi.com\/online-grocery-delivery-nigeria-store\/","url":"https:\/\/tiketi.com\/online-grocery-delivery-nigeria-store\/","name":"Livraison de courses au Nigeria I Supermarch\u00e9 I Boutique en ligne I Shopping","isPartOf":{"@id":"https:\/\/tiketi.com\/#website"},"primaryImageOfPage":{"@id":"https:\/\/tiketi.com\/online-grocery-delivery-nigeria-store\/#primaryimage"},"image":{"@id":"https:\/\/tiketi.com\/online-grocery-delivery-nigeria-store\/#primaryimage"},"thumbnailUrl":"https:\/\/tiketi.com\/wp-content\/uploads\/2019\/05\/grocery-woman-6289052_1280.jpg","datePublished":"2022-01-19T11:54:02+00:00","dateModified":"2022-02-14T09:41:21+00:00","description":"Vous recherchez une livraison de courses en ligne au Nig\u00e9ria\u00a0? T\u00e9l\u00e9chargez notre service de livraison d&#039;\u00e9picerie au Nigeria et faites des achats d&#039;\u00e9picerie en ligne \u00e0 bas prix dans les magasins du Nigeria","breadcrumb":{"@id":"https:\/\/tiketi.com\/online-grocery-delivery-nigeria-store\/#breadcrumb"},"inLanguage":"fr-FR","potentialAction":[{"@type":"ReadAction","target":["https:\/\/tiketi.com\/online-grocery-delivery-nigeria-store\/"]}]},{"@type":"ImageObject","inLanguage":"fr-FR","@id":"https:\/\/tiketi.com\/online-grocery-delivery-nigeria-store\/#primaryimage","url":"https:\/\/tiketi.com\/wp-content\/uploads\/2019\/05\/grocery-woman-6289052_1280.jpg","contentUrl":"https:\/\/tiketi.com\/wp-content\/uploads\/2019\/05\/grocery-woman-6289052_1280.jpg","width":1200,"height":200,"caption":"Grocery Delivery"},{"@type":"BreadcrumbList","@id":"https:\/\/tiketi.com\/online-grocery-delivery-nigeria-store\/#breadcrumb","itemListElement":[{"@type":"ListItem","position":1,"name":"Home","item":"https:\/\/tiketi.com\/"},{"@type":"ListItem","position":2,"name":"Grocery Delivery in Nigeria I Supermarket I Online Store I Shopping"}]},{"@type":"WebSite","@id":"https:\/\/tiketi.com\/#website","url":"https:\/\/tiketi.com\/","name":"Billets d&#039;avion et de bus, forfaits touristiques et activit\u00e9s - Tiketi.com","description":"Billets d&#039;avion et de bus, Tours, Activit\u00e9s","publisher":{"@id":"https:\/\/tiketi.com\/#organization"},"potentialAction":[{"@type":"SearchAction","target":{"@type":"EntryPoint","urlTemplate":"https:\/\/tiketi.com\/?s={search_term_string}"},"query-input":{"@type":"PropertyValueSpecification","valueRequired":true,"valueName":"search_term_string"}}],"inLanguage":"fr-FR"},{"@type":"Organization","@id":"https:\/\/tiketi.com\/#organization","name":"Tiketi.com","alternateName":"Tiketi","url":"https:\/\/tiketi.com\/","logo":{"@type":"ImageObject","inLanguage":"fr-FR","@id":"https:\/\/tiketi.com\/#\/schema\/logo\/image\/","url":"https:\/\/tiketi.com\/wp-content\/uploads\/2019\/05\/tiketi-logo-696.png","contentUrl":"https:\/\/tiketi.com\/wp-content\/uploads\/2019\/05\/tiketi-logo-696.png","width":696,"height":696,"caption":"Tiketi.com"},"image":{"@id":"https:\/\/tiketi.com\/#\/schema\/logo\/image\/"},"sameAs":["https:\/\/www.facebook.com\/TiketiCom\/"]}]}},"_links":{"self":[{"href":"https:\/\/tiketi.com\/fr-fr\/wp-json\/wp\/v2\/pages\/10960","targetHints":{"allow":["GET"]}}],"collection":[{"href":"https:\/\/tiketi.com\/fr-fr\/wp-json\/wp\/v2\/pages"}],"about":[{"href":"https:\/\/tiketi.com\/fr-fr\/wp-json\/wp\/v2\/types\/page"}],"author":[{"embeddable":true,"href":"https:\/\/tiketi.com\/fr-fr\/wp-json\/wp\/v2\/users\/1"}],"replies":[{"embeddable":true,"href":"https:\/\/tiketi.com\/fr-fr\/wp-json\/wp\/v2\/comments?post=10960"}],"version-history":[{"count":0,"href":"https:\/\/tiketi.com\/fr-fr\/wp-json\/wp\/v2\/pages\/10960\/revisions"}],"wp:featuredmedia":[{"embeddable":true,"href":"https:\/\/tiketi.com\/fr-fr\/wp-json\/wp\/v2\/media\/19429"}],"wp:attachment":[{"href":"https:\/\/tiketi.com\/fr-fr\/wp-json\/wp\/v2\/media?parent=10960"}],"curies":[{"name":"wp","href":"https:\/\/api.w.org\/{rel}","templated":true}]}}