{"id":10961,"date":"2022-01-19T12:54:02","date_gmt":"2022-01-19T11:54:02","guid":{"rendered":"https:\/\/new.tiketi.com\/grocery-delivery-kenya-i-supermarket-i-online-store-i-shopping\/"},"modified":"2022-02-14T10:20:54","modified_gmt":"2022-02-14T09:20:54","slug":"online-grocery-delivery-kenya-store","status":"publish","type":"page","link":"https:\/\/tiketi.com\/fr-fr\/online-grocery-delivery-kenya-store\/","title":{"rendered":"Livraison de courses au Kenya I Supermarch\u00e9 I Boutique en ligne I Shopping"},"content":{"rendered":"<h2>\u00c9picerie en ligne au Kenya<\/h2>\n<h3>Utilisez le meilleur service de livraison d&#039;\u00e9picerie au Kenya pour commander vos courses pr\u00e9f\u00e9r\u00e9es simplement et facilement dans les \u00e9piceries en ligne au Kenya.<\/h3>\n<p>La livraison de courses en ligne au Kenya simplifi\u00e9e. Essayer de trouver un peu de temps dans votre emploi du temps pour pr\u00e9parer le d\u00eener est une chose, mais trouver du temps pour faire les courses en est une autre. Il existe de nombreuses techniques que vous pouvez utiliser pour rendre vos achats d&#039;\u00e9picerie au Kenya plus efficaces et plus faciles, mais l&#039;une des techniques les plus r\u00e9centes consiste \u00e0 commander votre \u00e9picerie aupr\u00e8s de la livraison de supermarch\u00e9s au Kenya. Lorsque vous commandez des produits d&#039;\u00e9picerie au Kenya pour le ramassage ou la livraison via l&#039;application de livraison d&#039;\u00e9picerie en ligne au Kenya, cela facilitera certainement l&#039;ensemble du processus. Dans cette page, vous pourrez en savoir plus sur les avantages d&#039;une \u00e9picerie en ligne au Kenya qui pourraient vous faire reconsid\u00e9rer le fait de pousser un chariot grin\u00e7ant pour un chariot en ligne. Nous allons jeter un coup d&#039;oeil:<\/p>\n<h2>Avantages de la livraison de courses en ligne au Kenya<\/h2>\n<h3>\u00c9picerie en ligne au Kenya - all\u00e9ger votre trace \u00e9crite<\/h3>\n<p>Selon la plate-forme que vous utilisez, la plupart des services de livraison d&#039;\u00e9picerie en ligne au Kenya auront des ventes \u00e0 partir du magasin local sur place. Certaines plateformes d&#039;\u00e9piceries en ligne au Kenya vous permettront \u00e9galement de filtrer les produits d&#039;\u00e9picerie en fonction du prix ou de ce qui est en vente et de ce qui ne l&#039;est pas. Cela permet de profiter facilement de toutes les ventes propos\u00e9es par le magasin.<\/p>\n<h3>Magasinez par histoire<\/h3>\n<p>Imaginez si vous alliez dans un magasin et que tous vos articles pr\u00e9f\u00e9r\u00e9s seraient d\u00e9j\u00e0 emball\u00e9s dans un panier, vous attendant. Ce serait remarquable, non ? Eh bien, cela devient une r\u00e9alit\u00e9 lorsque vous faites vos courses en ligne au Kenya. Une fois que vous avez utilis\u00e9 une livraison d&#039;\u00e9picerie au Kenya, la prochaine fois que vous commandez quelque chose, vous pourrez peut-\u00eatre choisir des produits d&#039;\u00e9picerie parmi ceux que vous avez achet\u00e9s pr\u00e9c\u00e9demment. C&#039;est tr\u00e8s utile et parfait pour les articles que vous devez acheter chaque semaine.<\/p>\n<h3>Gardez une trace de combien d&#039;argent vous d\u00e9pensez<\/h3>\n<p>Un autre grand avantage de l&#039;\u00e9picerie en ligne au Kenya est que le co\u00fbt de votre panier sera visible \u00e0 tout moment. Il est simple de d\u00e9passer votre budget lorsque vous \u00eates dans une \u00e9picerie, de toute fa\u00e7on, lorsque vous magasinez en ligne, vous saurez quel est votre total \u00e0 tout moment. De plus, il est assez simple de supprimer quelque chose si vous vous rendez compte que vous n&#039;en avez pas besoin.<\/p>\n<h3>Moins de perte de temps gr\u00e2ce \u00e0 l&#039;application de livraison d&#039;\u00e9picerie en ligne Kenya<\/h3>\n<p>\u00c0 moins que vous n&#039;essayiez d&#039;atteindre votre objectif de marche quotidien, rien ne peut \u00eatre plus triste que de parcourir une all\u00e9e avant de comprendre que vous oubliez d&#039;aller chercher le lait \u00e0 l&#039;all\u00e9e des produits laitiers - qui est tout le chemin du retour. Lorsque vous utilisez les achats en ligne dans les supermarch\u00e9s au Kenya, vous n&#039;aurez pas \u00e0 h\u00e9siter \u00e0 oublier quelque chose. Au lieu de marcher jusqu&#039;\u00e0 l&#039;all\u00e9e, il vous suffira de cliquer plusieurs fois pour inclure quelque chose dans votre chariot de livraison d&#039;\u00e9picerie en ligne au Kenya.<\/p>","protected":false},"excerpt":{"rendered":"<p>Online Grocery Shopping in Kenya Use the best grocery delivery app Kenya service to order your favorite groceries simple and easy in online grocery stores in Kenya. Online grocery delivery in Kenya made easy. Trying to find a short time in your schedule to cook dinner is one thing, but finding time to go grocery [&hellip;]<\/p>\n","protected":false},"author":1,"featured_media":19429,"parent":0,"menu_order":0,"comment_status":"open","ping_status":"closed","template":"template-home-modern.php","meta":{"footnotes":""},"class_list":["post-10961","page","type-page","status-publish","has-post-thumbnail","hentry"],"yoast_head":"<!-- This site is optimized with the Yoast SEO plugin v27.3 - https:\/\/yoast.com\/product\/yoast-seo-wordpress\/ -->\n<title>Grocery Delivery in Kenya I Supermarket I Online Store I Shopping<\/title>\n<meta name=\"description\" content=\"Looking for online grocery delivery in Kenya? Download our grocery delivery app Kenya service and do cheap online grocery shopping in Kenya stores\" \/>\n<meta name=\"robots\" content=\"index, follow, max-snippet:-1, max-image-preview:large, max-video-preview:-1\" \/>\n<link rel=\"canonical\" href=\"https:\/\/tiketi.com\/fr-fr\/online-grocery-delivery-kenya-store\/\" \/>\n<meta property=\"og:locale\" content=\"fr_FR\" \/>\n<meta property=\"og:type\" content=\"article\" \/>\n<meta property=\"og:title\" content=\"Grocery Delivery in Kenya I Supermarket I Online Store I Shopping\" \/>\n<meta property=\"og:description\" content=\"Looking for online grocery delivery in Kenya? Download our grocery delivery app Kenya service and do cheap online grocery shopping in Kenya stores\" \/>\n<meta property=\"og:url\" content=\"https:\/\/tiketi.com\/fr-fr\/online-grocery-delivery-kenya-store\/\" \/>\n<meta property=\"og:site_name\" content=\"Tiketi.com\" \/>\n<meta property=\"article:publisher\" content=\"https:\/\/www.facebook.com\/TiketiCom\/\" \/>\n<meta property=\"article:modified_time\" content=\"2022-02-14T09:20:54+00:00\" \/>\n<meta property=\"og:image\" content=\"https:\/\/tiketi.com\/wp-content\/uploads\/2019\/05\/grocery-woman-6289052_1280.jpg\" \/>\n\t<meta property=\"og:image:width\" content=\"1200\" \/>\n\t<meta property=\"og:image:height\" content=\"200\" \/>\n\t<meta property=\"og:image:type\" content=\"image\/jpeg\" \/>\n<meta name=\"twitter:card\" content=\"summary_large_image\" \/>\n<meta name=\"twitter:label1\" content=\"Dur\u00e9e de lecture estim\u00e9e\" \/>\n\t<meta name=\"twitter:data1\" content=\"3 minutes\" \/>\n<script type=\"application\/ld+json\" class=\"yoast-schema-graph\">{\"@context\":\"https:\\\/\\\/schema.org\",\"@graph\":[{\"@type\":\"WebPage\",\"@id\":\"https:\\\/\\\/tiketi.com\\\/online-grocery-delivery-kenya-store\\\/\",\"url\":\"https:\\\/\\\/tiketi.com\\\/online-grocery-delivery-kenya-store\\\/\",\"name\":\"Grocery Delivery in Kenya I Supermarket I Online Store I Shopping\",\"isPartOf\":{\"@id\":\"https:\\\/\\\/tiketi.com\\\/#website\"},\"primaryImageOfPage\":{\"@id\":\"https:\\\/\\\/tiketi.com\\\/online-grocery-delivery-kenya-store\\\/#primaryimage\"},\"image\":{\"@id\":\"https:\\\/\\\/tiketi.com\\\/online-grocery-delivery-kenya-store\\\/#primaryimage\"},\"thumbnailUrl\":\"https:\\\/\\\/tiketi.com\\\/wp-content\\\/uploads\\\/2019\\\/05\\\/grocery-woman-6289052_1280.jpg\",\"datePublished\":\"2022-01-19T11:54:02+00:00\",\"dateModified\":\"2022-02-14T09:20:54+00:00\",\"description\":\"Looking for online grocery delivery in Kenya? Download our grocery delivery app Kenya service and do cheap online grocery shopping in Kenya stores\",\"breadcrumb\":{\"@id\":\"https:\\\/\\\/tiketi.com\\\/online-grocery-delivery-kenya-store\\\/#breadcrumb\"},\"inLanguage\":\"fr-FR\",\"potentialAction\":[{\"@type\":\"ReadAction\",\"target\":[\"https:\\\/\\\/tiketi.com\\\/online-grocery-delivery-kenya-store\\\/\"]}]},{\"@type\":\"ImageObject\",\"inLanguage\":\"fr-FR\",\"@id\":\"https:\\\/\\\/tiketi.com\\\/online-grocery-delivery-kenya-store\\\/#primaryimage\",\"url\":\"https:\\\/\\\/tiketi.com\\\/wp-content\\\/uploads\\\/2019\\\/05\\\/grocery-woman-6289052_1280.jpg\",\"contentUrl\":\"https:\\\/\\\/tiketi.com\\\/wp-content\\\/uploads\\\/2019\\\/05\\\/grocery-woman-6289052_1280.jpg\",\"width\":1200,\"height\":200,\"caption\":\"Grocery Delivery\"},{\"@type\":\"BreadcrumbList\",\"@id\":\"https:\\\/\\\/tiketi.com\\\/online-grocery-delivery-kenya-store\\\/#breadcrumb\",\"itemListElement\":[{\"@type\":\"ListItem\",\"position\":1,\"name\":\"Home\",\"item\":\"https:\\\/\\\/tiketi.com\\\/\"},{\"@type\":\"ListItem\",\"position\":2,\"name\":\"Grocery Delivery in Kenya I Supermarket I Online Store I Shopping\"}]},{\"@type\":\"WebSite\",\"@id\":\"https:\\\/\\\/tiketi.com\\\/#website\",\"url\":\"https:\\\/\\\/tiketi.com\\\/\",\"name\":\"Flight & Bus Tickets, Tour Packages & Activitites - Tiketi.com\",\"description\":\"Flight &amp; Bus Tickets, Tours, Activitites\",\"publisher\":{\"@id\":\"https:\\\/\\\/tiketi.com\\\/#organization\"},\"potentialAction\":[{\"@type\":\"SearchAction\",\"target\":{\"@type\":\"EntryPoint\",\"urlTemplate\":\"https:\\\/\\\/tiketi.com\\\/?s={search_term_string}\"},\"query-input\":{\"@type\":\"PropertyValueSpecification\",\"valueRequired\":true,\"valueName\":\"search_term_string\"}}],\"inLanguage\":\"fr-FR\"},{\"@type\":\"Organization\",\"@id\":\"https:\\\/\\\/tiketi.com\\\/#organization\",\"name\":\"Tiketi.com\",\"alternateName\":\"Tiketi\",\"url\":\"https:\\\/\\\/tiketi.com\\\/\",\"logo\":{\"@type\":\"ImageObject\",\"inLanguage\":\"fr-FR\",\"@id\":\"https:\\\/\\\/tiketi.com\\\/#\\\/schema\\\/logo\\\/image\\\/\",\"url\":\"https:\\\/\\\/tiketi.com\\\/wp-content\\\/uploads\\\/2019\\\/05\\\/tiketi-logo-696.png\",\"contentUrl\":\"https:\\\/\\\/tiketi.com\\\/wp-content\\\/uploads\\\/2019\\\/05\\\/tiketi-logo-696.png\",\"width\":696,\"height\":696,\"caption\":\"Tiketi.com\"},\"image\":{\"@id\":\"https:\\\/\\\/tiketi.com\\\/#\\\/schema\\\/logo\\\/image\\\/\"},\"sameAs\":[\"https:\\\/\\\/www.facebook.com\\\/TiketiCom\\\/\"]}]}<\/script>\n<!-- \/ Yoast SEO plugin. -->","yoast_head_json":{"title":"Livraison de courses au Kenya I Supermarch\u00e9 I Boutique en ligne I Shopping","description":"Vous recherchez une livraison de courses en ligne au Kenya\u00a0? T\u00e9l\u00e9chargez notre service de livraison d&#039;\u00e9picerie au Kenya et faites vos courses en ligne \u00e0 bas prix dans les magasins du Kenya","robots":{"index":"index","follow":"follow","max-snippet":"max-snippet:-1","max-image-preview":"max-image-preview:large","max-video-preview":"max-video-preview:-1"},"canonical":"https:\/\/tiketi.com\/fr-fr\/online-grocery-delivery-kenya-store\/","og_locale":"fr_FR","og_type":"article","og_title":"Grocery Delivery in Kenya I Supermarket I Online Store I Shopping","og_description":"Looking for online grocery delivery in Kenya? Download our grocery delivery app Kenya service and do cheap online grocery shopping in Kenya stores","og_url":"https:\/\/tiketi.com\/fr-fr\/online-grocery-delivery-kenya-store\/","og_site_name":"Tiketi.com","article_publisher":"https:\/\/www.facebook.com\/TiketiCom\/","article_modified_time":"2022-02-14T09:20:54+00:00","og_image":[{"width":1200,"height":200,"url":"https:\/\/tiketi.com\/wp-content\/uploads\/2019\/05\/grocery-woman-6289052_1280.jpg","type":"image\/jpeg"}],"twitter_card":"summary_large_image","twitter_misc":{"Dur\u00e9e de lecture estim\u00e9e":"3 minutes"},"schema":{"@context":"https:\/\/schema.org","@graph":[{"@type":"WebPage","@id":"https:\/\/tiketi.com\/online-grocery-delivery-kenya-store\/","url":"https:\/\/tiketi.com\/online-grocery-delivery-kenya-store\/","name":"Livraison de courses au Kenya I Supermarch\u00e9 I Boutique en ligne I Shopping","isPartOf":{"@id":"https:\/\/tiketi.com\/#website"},"primaryImageOfPage":{"@id":"https:\/\/tiketi.com\/online-grocery-delivery-kenya-store\/#primaryimage"},"image":{"@id":"https:\/\/tiketi.com\/online-grocery-delivery-kenya-store\/#primaryimage"},"thumbnailUrl":"https:\/\/tiketi.com\/wp-content\/uploads\/2019\/05\/grocery-woman-6289052_1280.jpg","datePublished":"2022-01-19T11:54:02+00:00","dateModified":"2022-02-14T09:20:54+00:00","description":"Vous recherchez une livraison de courses en ligne au Kenya\u00a0? T\u00e9l\u00e9chargez notre service de livraison d&#039;\u00e9picerie au Kenya et faites vos courses en ligne \u00e0 bas prix dans les magasins du Kenya","breadcrumb":{"@id":"https:\/\/tiketi.com\/online-grocery-delivery-kenya-store\/#breadcrumb"},"inLanguage":"fr-FR","potentialAction":[{"@type":"ReadAction","target":["https:\/\/tiketi.com\/online-grocery-delivery-kenya-store\/"]}]},{"@type":"ImageObject","inLanguage":"fr-FR","@id":"https:\/\/tiketi.com\/online-grocery-delivery-kenya-store\/#primaryimage","url":"https:\/\/tiketi.com\/wp-content\/uploads\/2019\/05\/grocery-woman-6289052_1280.jpg","contentUrl":"https:\/\/tiketi.com\/wp-content\/uploads\/2019\/05\/grocery-woman-6289052_1280.jpg","width":1200,"height":200,"caption":"Grocery Delivery"},{"@type":"BreadcrumbList","@id":"https:\/\/tiketi.com\/online-grocery-delivery-kenya-store\/#breadcrumb","itemListElement":[{"@type":"ListItem","position":1,"name":"Home","item":"https:\/\/tiketi.com\/"},{"@type":"ListItem","position":2,"name":"Grocery Delivery in Kenya I Supermarket I Online Store I Shopping"}]},{"@type":"WebSite","@id":"https:\/\/tiketi.com\/#website","url":"https:\/\/tiketi.com\/","name":"Billets d&#039;avion et de bus, forfaits touristiques et activit\u00e9s - Tiketi.com","description":"Billets d&#039;avion et de bus, Tours, Activit\u00e9s","publisher":{"@id":"https:\/\/tiketi.com\/#organization"},"potentialAction":[{"@type":"SearchAction","target":{"@type":"EntryPoint","urlTemplate":"https:\/\/tiketi.com\/?s={search_term_string}"},"query-input":{"@type":"PropertyValueSpecification","valueRequired":true,"valueName":"search_term_string"}}],"inLanguage":"fr-FR"},{"@type":"Organization","@id":"https:\/\/tiketi.com\/#organization","name":"Tiketi.com","alternateName":"Tiketi","url":"https:\/\/tiketi.com\/","logo":{"@type":"ImageObject","inLanguage":"fr-FR","@id":"https:\/\/tiketi.com\/#\/schema\/logo\/image\/","url":"https:\/\/tiketi.com\/wp-content\/uploads\/2019\/05\/tiketi-logo-696.png","contentUrl":"https:\/\/tiketi.com\/wp-content\/uploads\/2019\/05\/tiketi-logo-696.png","width":696,"height":696,"caption":"Tiketi.com"},"image":{"@id":"https:\/\/tiketi.com\/#\/schema\/logo\/image\/"},"sameAs":["https:\/\/www.facebook.com\/TiketiCom\/"]}]}},"_links":{"self":[{"href":"https:\/\/tiketi.com\/fr-fr\/wp-json\/wp\/v2\/pages\/10961","targetHints":{"allow":["GET"]}}],"collection":[{"href":"https:\/\/tiketi.com\/fr-fr\/wp-json\/wp\/v2\/pages"}],"about":[{"href":"https:\/\/tiketi.com\/fr-fr\/wp-json\/wp\/v2\/types\/page"}],"author":[{"embeddable":true,"href":"https:\/\/tiketi.com\/fr-fr\/wp-json\/wp\/v2\/users\/1"}],"replies":[{"embeddable":true,"href":"https:\/\/tiketi.com\/fr-fr\/wp-json\/wp\/v2\/comments?post=10961"}],"version-history":[{"count":0,"href":"https:\/\/tiketi.com\/fr-fr\/wp-json\/wp\/v2\/pages\/10961\/revisions"}],"wp:featuredmedia":[{"embeddable":true,"href":"https:\/\/tiketi.com\/fr-fr\/wp-json\/wp\/v2\/media\/19429"}],"wp:attachment":[{"href":"https:\/\/tiketi.com\/fr-fr\/wp-json\/wp\/v2\/media?parent=10961"}],"curies":[{"name":"wp","href":"https:\/\/api.w.org\/{rel}","templated":true}]}}