{"id":10962,"date":"2022-01-19T12:54:02","date_gmt":"2022-01-19T11:54:02","guid":{"rendered":"https:\/\/new.tiketi.com\/grocery-delivery-ghana-i-supermarket-i-online-store-i-shopping\/"},"modified":"2022-02-14T10:00:25","modified_gmt":"2022-02-14T09:00:25","slug":"online-grocery-delivery-ghana-store","status":"publish","type":"page","link":"https:\/\/tiketi.com\/fr-fr\/online-grocery-delivery-ghana-store\/","title":{"rendered":"Livraison de courses en Ghana I Supermarch\u00e9 I Boutique en ligne I Shopping"},"content":{"rendered":"<h2>\u00c9picerie en ligne bon march\u00e9 au Ghana<\/h2>\n<h3>Utilisez le meilleur service de livraison d&#039;\u00e9picerie au Ghana pour commander vos courses pr\u00e9f\u00e9r\u00e9es simplement et facilement dans les \u00e9piceries en ligne au Ghana.<\/h3>\n<p>La livraison de courses en ligne au Ghana en toute simplicit\u00e9. Les \u00e9piceries en ligne au Ghana sont encore au stade de d\u00e9veloppement dans de nombreux endroits et ne gagnent qu&#039;une part marginale des b\u00e9n\u00e9fices des ventes. Les choix en ligne \u00e9tant de toute fa\u00e7on en constante expansion, la part des achats d&#039;\u00e9picerie en ligne dans les ventes au Ghana pourrait bien augmenter \u00e0 l&#039;avenir, d&#039;autant plus que les services de livraison d&#039;\u00e9picerie au Ghana r\u00e9pondent \u00e0 un certain nombre de besoins des consommateurs.<\/p>\n<h2>Voici quelques-uns des avantages de la livraison de courses en ligne au Ghana<\/h2>\n<h3>Faire ses courses en ligne au Ghana flexibilit\u00e9<\/h3>\n<p>L&#039;\u00e9picerie en magasin offre aux consommateurs de nombreux avantages. Elle leur impose \u00e9galement des contraintes en termes de d\u00e9lais de disponibilit\u00e9. D&#039;autre part, les services de livraison d&#039;\u00e9picerie en ligne au Ghana aident les clients \u00e0 planifier \u00e0 l&#039;avance leurs achats alimentaires, de la commande \u00e0 la livraison, afin qu&#039;ils s&#039;int\u00e8grent de mani\u00e8re flexible dans leur emploi du temps quotidien.<\/p>\n<h3>Application de livraison de courses Ghana - gain de temps<\/h3>\n<p>Le temps est un bien pr\u00e9cieux. Faire ses courses en magasin au Ghana, y compris se rendre au magasin en voiture, trouver un parking et faire la queue \u00e0 la caisse, peut \u00eatre une perte de temps consid\u00e9rable - un temps que de nombreux clients pr\u00e9f\u00e9reraient mieux utiliser. Lorsqu&#039;elle est associ\u00e9e \u00e0 une livraison rapide et conviviale, l&#039;application de livraison d&#039;\u00e9picerie sur Internet que le Ghana propose, en revanche, peut aider \u00e0 acc\u00e9l\u00e9rer les achats d&#039;\u00e9picerie au Ghana.<\/p>\n<h3>Plus grande vari\u00e9t\u00e9 de choix<\/h3>\n<p>Une \u00e9picerie domestique n&#039;a qu&#039;une zone de stockage limit\u00e9e et ne peut pas garder en stock tous les articles qu&#039;un consommateur peut souhaiter. Ces restrictions ne s&#039;appliquent pas aux \u00e9piceries en ligne au Ghana, de sorte que les \u00e9piceries en ligne peuvent offrir \u00e0 leurs clients une gamme d&#039;articles beaucoup plus large que celle qui est susceptible d&#039;\u00eatre accessible en magasin. Ainsi, une livraison d&#039;\u00e9picerie en ligne au Ghana peut r\u00e9pondre aux demandes les plus inhabituelles.<\/p>\n<h3>Les \u00e9piceries en ligne au Ghana proposent des offres incroyables<\/h3>\n<p>Les marges b\u00e9n\u00e9ficiaires sont g\u00e9n\u00e9ralement faibles dans l&#039;\u00e9picerie et, en outre, l&#039;\u00e9picerie en ligne n\u00e9cessite de nombreux processus complexes et co\u00fbteux. C&#039;est pourquoi l&#039;\u00e9picerie en ligne au Ghana est g\u00e9n\u00e9ralement plus ch\u00e8re qu&#039;en magasin. Pourtant, les offres en ligne incroyables sont assez courantes, principalement maintenant qu&#039;un grand nombre d&#039;\u00e9piceries se font concurrence pour les clients en ligne. Ainsi, les offres des \u00e9piceries en ligne au Ghana peuvent m\u00eame \u00eatre int\u00e9ressantes pour les pinceurs.<\/p>\n<h3>Comparaison de prix pratique<\/h3>\n<p>Faire correspondre les prix en magasin est tr\u00e8s fastidieux et fait perdre du temps. C&#039;est la raison pour laquelle se sont d\u00e9velopp\u00e9s des sites de comparaison de prix pour les achats sur Internet qui indiquent au consommateur en temps r\u00e9el quels d\u00e9taillants proposent l&#039;article en question au prix le plus bas. Au fur et \u00e0 mesure que les services de livraison d&#039;\u00e9picerie en ligne, le Ghana s&#039;\u00e9tablira, des sites de comparaison de prix appara\u00eetront \u00e9galement pour ce secteur.<\/p>\n<h3>Services de livraison de courses Ghana livraison \u00e0 domicile<\/h3>\n<p>Le service \u00e0 domicile de l&#039;application de livraison d&#039;\u00e9picerie Ghana, que les d\u00e9taillants alimentaires peuvent fournir \u00e0 leurs clients, peut garder les consommateurs plus que du temps. Ils n&#039;ont \u00e9galement plus besoin de se d\u00e9battre avec des sacs \u00e0 provisions lourds. Cet avantage peut simplifier la vie principalement des personnes \u00e2g\u00e9es ou des personnes handicap\u00e9es pour qui les achats en magasin peuvent \u00eatre difficiles.<\/p>","protected":false},"excerpt":{"rendered":"<p>Cheap Online Grocery Shopping in Ghana Use the best grocery delivery app Ghana service to order your favorite groceries simple and easy in online grocery stores in Ghana. Online grocery delivery in Ghana made easy. Online grocery stores in Ghana is still at the development stage in many locations, and earning only a marginal share [&hellip;]<\/p>\n","protected":false},"author":1,"featured_media":19429,"parent":0,"menu_order":0,"comment_status":"open","ping_status":"closed","template":"template-home-modern.php","meta":{"footnotes":""},"class_list":["post-10962","page","type-page","status-publish","has-post-thumbnail","hentry"],"yoast_head":"<!-- This site is optimized with the Yoast SEO plugin v27.4 - https:\/\/yoast.com\/product\/yoast-seo-wordpress\/ -->\n<title>Grocery Delivery in Ghana I Supermarket I Online Store I Shopping<\/title>\n<meta name=\"description\" content=\"Looking for online grocery delivery in Ghana? Download our grocery delivery app Ghana service and do cheap online grocery shopping in Ghana stores\" \/>\n<meta name=\"robots\" content=\"index, follow, max-snippet:-1, max-image-preview:large, max-video-preview:-1\" \/>\n<link rel=\"canonical\" href=\"https:\/\/tiketi.com\/fr-fr\/online-grocery-delivery-ghana-store\/\" \/>\n<meta property=\"og:locale\" content=\"fr_FR\" \/>\n<meta property=\"og:type\" content=\"article\" \/>\n<meta property=\"og:title\" content=\"Grocery Delivery in Ghana I Supermarket I Online Store I Shopping\" \/>\n<meta property=\"og:description\" content=\"Looking for online grocery delivery in Ghana? Download our grocery delivery app Ghana service and do cheap online grocery shopping in Ghana stores\" \/>\n<meta property=\"og:url\" content=\"https:\/\/tiketi.com\/fr-fr\/online-grocery-delivery-ghana-store\/\" \/>\n<meta property=\"og:site_name\" content=\"Tiketi.com\" \/>\n<meta property=\"article:publisher\" content=\"https:\/\/www.facebook.com\/TiketiCom\/\" \/>\n<meta property=\"article:modified_time\" content=\"2022-02-14T09:00:25+00:00\" \/>\n<meta property=\"og:image\" content=\"https:\/\/tiketi.com\/wp-content\/uploads\/2019\/05\/grocery-woman-6289052_1280.jpg\" \/>\n\t<meta property=\"og:image:width\" content=\"1200\" \/>\n\t<meta property=\"og:image:height\" content=\"200\" \/>\n\t<meta property=\"og:image:type\" content=\"image\/jpeg\" \/>\n<meta name=\"twitter:card\" content=\"summary_large_image\" \/>\n<meta name=\"twitter:label1\" content=\"Dur\u00e9e de lecture estim\u00e9e\" \/>\n\t<meta name=\"twitter:data1\" content=\"3 minutes\" \/>\n<script type=\"application\/ld+json\" class=\"yoast-schema-graph\">{\"@context\":\"https:\\\/\\\/schema.org\",\"@graph\":[{\"@type\":\"WebPage\",\"@id\":\"https:\\\/\\\/tiketi.com\\\/online-grocery-delivery-ghana-store\\\/\",\"url\":\"https:\\\/\\\/tiketi.com\\\/online-grocery-delivery-ghana-store\\\/\",\"name\":\"Grocery Delivery in Ghana I Supermarket I Online Store I Shopping\",\"isPartOf\":{\"@id\":\"https:\\\/\\\/tiketi.com\\\/#website\"},\"primaryImageOfPage\":{\"@id\":\"https:\\\/\\\/tiketi.com\\\/online-grocery-delivery-ghana-store\\\/#primaryimage\"},\"image\":{\"@id\":\"https:\\\/\\\/tiketi.com\\\/online-grocery-delivery-ghana-store\\\/#primaryimage\"},\"thumbnailUrl\":\"https:\\\/\\\/tiketi.com\\\/wp-content\\\/uploads\\\/2019\\\/05\\\/grocery-woman-6289052_1280.jpg\",\"datePublished\":\"2022-01-19T11:54:02+00:00\",\"dateModified\":\"2022-02-14T09:00:25+00:00\",\"description\":\"Looking for online grocery delivery in Ghana? Download our grocery delivery app Ghana service and do cheap online grocery shopping in Ghana stores\",\"breadcrumb\":{\"@id\":\"https:\\\/\\\/tiketi.com\\\/online-grocery-delivery-ghana-store\\\/#breadcrumb\"},\"inLanguage\":\"fr-FR\",\"potentialAction\":[{\"@type\":\"ReadAction\",\"target\":[\"https:\\\/\\\/tiketi.com\\\/online-grocery-delivery-ghana-store\\\/\"]}]},{\"@type\":\"ImageObject\",\"inLanguage\":\"fr-FR\",\"@id\":\"https:\\\/\\\/tiketi.com\\\/online-grocery-delivery-ghana-store\\\/#primaryimage\",\"url\":\"https:\\\/\\\/tiketi.com\\\/wp-content\\\/uploads\\\/2019\\\/05\\\/grocery-woman-6289052_1280.jpg\",\"contentUrl\":\"https:\\\/\\\/tiketi.com\\\/wp-content\\\/uploads\\\/2019\\\/05\\\/grocery-woman-6289052_1280.jpg\",\"width\":1200,\"height\":200,\"caption\":\"Grocery Delivery\"},{\"@type\":\"BreadcrumbList\",\"@id\":\"https:\\\/\\\/tiketi.com\\\/online-grocery-delivery-ghana-store\\\/#breadcrumb\",\"itemListElement\":[{\"@type\":\"ListItem\",\"position\":1,\"name\":\"Home\",\"item\":\"https:\\\/\\\/tiketi.com\\\/\"},{\"@type\":\"ListItem\",\"position\":2,\"name\":\"Grocery Delivery in Ghana I Supermarket I Online Store I Shopping\"}]},{\"@type\":\"WebSite\",\"@id\":\"https:\\\/\\\/tiketi.com\\\/#website\",\"url\":\"https:\\\/\\\/tiketi.com\\\/\",\"name\":\"Flight & Bus Tickets, Tour Packages & Activitites - Tiketi.com\",\"description\":\"Flight &amp; Bus Tickets, Tours, Activitites\",\"publisher\":{\"@id\":\"https:\\\/\\\/tiketi.com\\\/#organization\"},\"potentialAction\":[{\"@type\":\"SearchAction\",\"target\":{\"@type\":\"EntryPoint\",\"urlTemplate\":\"https:\\\/\\\/tiketi.com\\\/?s={search_term_string}\"},\"query-input\":{\"@type\":\"PropertyValueSpecification\",\"valueRequired\":true,\"valueName\":\"search_term_string\"}}],\"inLanguage\":\"fr-FR\"},{\"@type\":\"Organization\",\"@id\":\"https:\\\/\\\/tiketi.com\\\/#organization\",\"name\":\"Tiketi.com\",\"alternateName\":\"Tiketi\",\"url\":\"https:\\\/\\\/tiketi.com\\\/\",\"logo\":{\"@type\":\"ImageObject\",\"inLanguage\":\"fr-FR\",\"@id\":\"https:\\\/\\\/tiketi.com\\\/#\\\/schema\\\/logo\\\/image\\\/\",\"url\":\"https:\\\/\\\/tiketi.com\\\/wp-content\\\/uploads\\\/2019\\\/05\\\/tiketi-logo-696.png\",\"contentUrl\":\"https:\\\/\\\/tiketi.com\\\/wp-content\\\/uploads\\\/2019\\\/05\\\/tiketi-logo-696.png\",\"width\":696,\"height\":696,\"caption\":\"Tiketi.com\"},\"image\":{\"@id\":\"https:\\\/\\\/tiketi.com\\\/#\\\/schema\\\/logo\\\/image\\\/\"},\"sameAs\":[\"https:\\\/\\\/www.facebook.com\\\/TiketiCom\\\/\"]}]}<\/script>\n<!-- \/ Yoast SEO plugin. -->","yoast_head_json":{"title":"Livraison de courses en Ghana I Supermarch\u00e9 I Boutique en ligne I Shopping","description":"Vous recherchez une livraison de courses en ligne au Ghana ? T\u00e9l\u00e9chargez notre service de livraison d&#039;\u00e9picerie au Ghana et faites vos courses en ligne \u00e0 bas prix dans les magasins du Ghana","robots":{"index":"index","follow":"follow","max-snippet":"max-snippet:-1","max-image-preview":"max-image-preview:large","max-video-preview":"max-video-preview:-1"},"canonical":"https:\/\/tiketi.com\/fr-fr\/online-grocery-delivery-ghana-store\/","og_locale":"fr_FR","og_type":"article","og_title":"Grocery Delivery in Ghana I Supermarket I Online Store I Shopping","og_description":"Looking for online grocery delivery in Ghana? Download our grocery delivery app Ghana service and do cheap online grocery shopping in Ghana stores","og_url":"https:\/\/tiketi.com\/fr-fr\/online-grocery-delivery-ghana-store\/","og_site_name":"Tiketi.com","article_publisher":"https:\/\/www.facebook.com\/TiketiCom\/","article_modified_time":"2022-02-14T09:00:25+00:00","og_image":[{"width":1200,"height":200,"url":"https:\/\/tiketi.com\/wp-content\/uploads\/2019\/05\/grocery-woman-6289052_1280.jpg","type":"image\/jpeg"}],"twitter_card":"summary_large_image","twitter_misc":{"Dur\u00e9e de lecture estim\u00e9e":"3 minutes"},"schema":{"@context":"https:\/\/schema.org","@graph":[{"@type":"WebPage","@id":"https:\/\/tiketi.com\/online-grocery-delivery-ghana-store\/","url":"https:\/\/tiketi.com\/online-grocery-delivery-ghana-store\/","name":"Livraison de courses en Ghana I Supermarch\u00e9 I Boutique en ligne I Shopping","isPartOf":{"@id":"https:\/\/tiketi.com\/#website"},"primaryImageOfPage":{"@id":"https:\/\/tiketi.com\/online-grocery-delivery-ghana-store\/#primaryimage"},"image":{"@id":"https:\/\/tiketi.com\/online-grocery-delivery-ghana-store\/#primaryimage"},"thumbnailUrl":"https:\/\/tiketi.com\/wp-content\/uploads\/2019\/05\/grocery-woman-6289052_1280.jpg","datePublished":"2022-01-19T11:54:02+00:00","dateModified":"2022-02-14T09:00:25+00:00","description":"Vous recherchez une livraison de courses en ligne au Ghana ? T\u00e9l\u00e9chargez notre service de livraison d&#039;\u00e9picerie au Ghana et faites vos courses en ligne \u00e0 bas prix dans les magasins du Ghana","breadcrumb":{"@id":"https:\/\/tiketi.com\/online-grocery-delivery-ghana-store\/#breadcrumb"},"inLanguage":"fr-FR","potentialAction":[{"@type":"ReadAction","target":["https:\/\/tiketi.com\/online-grocery-delivery-ghana-store\/"]}]},{"@type":"ImageObject","inLanguage":"fr-FR","@id":"https:\/\/tiketi.com\/online-grocery-delivery-ghana-store\/#primaryimage","url":"https:\/\/tiketi.com\/wp-content\/uploads\/2019\/05\/grocery-woman-6289052_1280.jpg","contentUrl":"https:\/\/tiketi.com\/wp-content\/uploads\/2019\/05\/grocery-woman-6289052_1280.jpg","width":1200,"height":200,"caption":"Grocery Delivery"},{"@type":"BreadcrumbList","@id":"https:\/\/tiketi.com\/online-grocery-delivery-ghana-store\/#breadcrumb","itemListElement":[{"@type":"ListItem","position":1,"name":"Home","item":"https:\/\/tiketi.com\/"},{"@type":"ListItem","position":2,"name":"Grocery Delivery in Ghana I Supermarket I Online Store I Shopping"}]},{"@type":"WebSite","@id":"https:\/\/tiketi.com\/#website","url":"https:\/\/tiketi.com\/","name":"Billets d&#039;avion et de bus, forfaits touristiques et activit\u00e9s - Tiketi.com","description":"Billets d&#039;avion et de bus, Tours, Activit\u00e9s","publisher":{"@id":"https:\/\/tiketi.com\/#organization"},"potentialAction":[{"@type":"SearchAction","target":{"@type":"EntryPoint","urlTemplate":"https:\/\/tiketi.com\/?s={search_term_string}"},"query-input":{"@type":"PropertyValueSpecification","valueRequired":true,"valueName":"search_term_string"}}],"inLanguage":"fr-FR"},{"@type":"Organization","@id":"https:\/\/tiketi.com\/#organization","name":"Tiketi.com","alternateName":"Tiketi","url":"https:\/\/tiketi.com\/","logo":{"@type":"ImageObject","inLanguage":"fr-FR","@id":"https:\/\/tiketi.com\/#\/schema\/logo\/image\/","url":"https:\/\/tiketi.com\/wp-content\/uploads\/2019\/05\/tiketi-logo-696.png","contentUrl":"https:\/\/tiketi.com\/wp-content\/uploads\/2019\/05\/tiketi-logo-696.png","width":696,"height":696,"caption":"Tiketi.com"},"image":{"@id":"https:\/\/tiketi.com\/#\/schema\/logo\/image\/"},"sameAs":["https:\/\/www.facebook.com\/TiketiCom\/"]}]}},"_links":{"self":[{"href":"https:\/\/tiketi.com\/fr-fr\/wp-json\/wp\/v2\/pages\/10962","targetHints":{"allow":["GET"]}}],"collection":[{"href":"https:\/\/tiketi.com\/fr-fr\/wp-json\/wp\/v2\/pages"}],"about":[{"href":"https:\/\/tiketi.com\/fr-fr\/wp-json\/wp\/v2\/types\/page"}],"author":[{"embeddable":true,"href":"https:\/\/tiketi.com\/fr-fr\/wp-json\/wp\/v2\/users\/1"}],"replies":[{"embeddable":true,"href":"https:\/\/tiketi.com\/fr-fr\/wp-json\/wp\/v2\/comments?post=10962"}],"version-history":[{"count":0,"href":"https:\/\/tiketi.com\/fr-fr\/wp-json\/wp\/v2\/pages\/10962\/revisions"}],"wp:featuredmedia":[{"embeddable":true,"href":"https:\/\/tiketi.com\/fr-fr\/wp-json\/wp\/v2\/media\/19429"}],"wp:attachment":[{"href":"https:\/\/tiketi.com\/fr-fr\/wp-json\/wp\/v2\/media?parent=10962"}],"curies":[{"name":"wp","href":"https:\/\/api.w.org\/{rel}","templated":true}]}}