{"id":10963,"date":"2022-01-19T12:54:02","date_gmt":"2022-01-19T11:54:02","guid":{"rendered":"https:\/\/new.tiketi.com\/grocery-delivery-tanzania-i-supermarket-i-online-store-i-shopping\/"},"modified":"2022-02-14T10:56:40","modified_gmt":"2022-02-14T09:56:40","slug":"online-grocery-delivery-tanzania-store","status":"publish","type":"page","link":"https:\/\/tiketi.com\/fr-fr\/online-grocery-delivery-tanzania-store\/","title":{"rendered":"Livraison de courses en Tanzanie I Supermarch\u00e9 I Boutique en ligne I Shopping"},"content":{"rendered":"<h2>\u00c9picerie en ligne bon march\u00e9 en Tanzanie<\/h2>\n<h3>Utilisez le meilleur service de livraison d&#039;\u00e9picerie en Tanzanie pour commander vos courses pr\u00e9f\u00e9r\u00e9es simplement et facilement dans les \u00e9piceries en ligne en Tanzanie.<\/h3>\n<p>La livraison de courses en ligne en Tanzanie simplifi\u00e9e. Bien que les achats sur Internet existent pour les consommateurs depuis le milieu des ann\u00e9es 1990, l&#039;utilisation grand public a explos\u00e9 au cours des derni\u00e8res ann\u00e9es, car les gens se d\u00e9tendent de plus en plus et s&#039;habituent \u00e0 la facilit\u00e9 et \u00e0 la rapidit\u00e9 de la vente au d\u00e9tail en ligne. Il est difficile de contester les avantages des \u00e9piceries en ligne en Tanzanie. L&#039;application de livraison d&#039;\u00e9picerie en ligne en Tanzanie gagne en statut. Apr\u00e8s tout, l&#039;accessibilit\u00e9 des grandes recherches et critiques en ligne favorise l&#039;estime de soi des acheteurs. Voici quelques-uns des avantages de l&#039;\u00e9picerie en ligne en Tanzanie\u00a0:<\/p>\n<h2>Avantages de la livraison de courses en ligne en Tanzanie<\/h2>\n<h3>Application de livraison d&#039;\u00e9picerie en ligne Tanzanie commodit\u00e9<\/h3>\n<p>En ce qui concerne les achats d&#039;\u00e9picerie en ligne en Tanzanie ou les achats en magasin, la facilit\u00e9 des achats en ligne se d\u00e9marque clairement. Une liste de courses qui aurait autrefois n\u00e9cessit\u00e9 une journ\u00e9e compl\u00e8te de shopping peut d\u00e9sormais \u00eatre effectu\u00e9e en une seule s\u00e9ance gr\u00e2ce aux \u00e9piceries en ligne des plates-formes tanzaniennes - si vous pouvez attendre la livraison. Vous pouvez \u00e9galement vous faufiler dans certaines \u00e9piceries en ligne en Tanzanie chaque fois que vous en avez le temps, que ce soit pendant une pause de quinze minutes au travail ou apr\u00e8s que les enfants soient au lit pour la nuit. Et avec la livraison \u00e0 domicile, c&#039;est une chose de moins \u00e0 int\u00e9grer dans votre emploi du temps.<\/p>\n<h3>Pas de pression commerciale<\/h3>\n<p>Bien que les repr\u00e9sentants des ventes puissent offrir une expertise et des connaissances utiles, ils peuvent rendre l&#039;exp\u00e9rience d&#039;achat en personne jamais \u00e9prouvante pour les consommateurs. Il n&#039;est pas surprenant que certains acheteurs pr\u00e9f\u00e8rent la force \u00e0 distance, bien qu&#039;en s&#039;appuyant sur les sites de livraison des supermarch\u00e9s en Tanzanie, o\u00f9 ils peuvent prendre leur temps et ne pas se sentir oblig\u00e9s de vendre par une personne travaillant \u00e0 la commission ou essayant simplement d&#039;aider.<\/p>\n<h3>Plus de vari\u00e9t\u00e9<\/h3>\n<p>Alors que les magasins physiques doivent faire face aux restrictions d&#039;espace sur les \u00e9tag\u00e8res et aux accords de vente au d\u00e9tail, la livraison d&#039;\u00e9picerie en ligne en Tanzanie pr\u00e9sente peu de limites. Vous avez le choix entre de nombreux choix, par exemple si votre produit provient de vendeurs ou de marques, \u00e0 la fois internationaux et locaux. Vous pouvez m\u00eame atteindre de petits magasins ind\u00e9pendants qui \u00e9taient peut-\u00eatre loin de votre radar avant le d\u00e9veloppement de l&#039;application de livraison d&#039;\u00e9picerie en ligne.<\/p>\n<h3>Pas de foule<\/h3>\n<p>Les foules ont longtemps \u00e9t\u00e9 un casse-t\u00eate pour les achats, mais la pand\u00e9mie en a fait plus qu&#039;un probl\u00e8me. M\u00eame avec les efforts pour imposer la distanciation sociale en magasin, il est presque impossible de ne pas se retrouver \u00e0 moins de 6 pieds des autres acheteurs lorsque vous parcourez les \u00e9tag\u00e8res ou faites le tour d&#039;une all\u00e9e. Les \u00e9piceries en ligne en Tanzanie vous \u00e9vitent \u00e9galement d&#039;attendre dans de longues files d&#039;attente.<\/p>\n<h3>\u00c9picerie en ligne en Tanzanie recherche et avis sur les produits<\/h3>\n<p>Le monde en ligne est un endroit id\u00e9al pour rechercher et faire correspondre des articles avant d&#039;appuyer sur la g\u00e2chette d&#039;un achat, principalement un achat \u00e9norme. Les blogs et autres articles Internet provenant de sources impartiales et fiables peuvent vous soulager d&#039;une grande partie du travail en testant des produits, en d\u00e9crivant les avantages et les inconv\u00e9nients de diff\u00e9rentes marques et en faisant correspondre les prix.<\/p>","protected":false},"excerpt":{"rendered":"<p>Cheap Online Grocery Shopping in Tanzania Use the best grocery delivery app Tanzania service to order your favorite groceries simple and easy in online grocery stores in Tanzania. Online grocery delivery in Tanzania made easy. Although internet shopping has been around for consumers since the mid-1990s, mainstream use has skyrocket over the past few years [&hellip;]<\/p>\n","protected":false},"author":1,"featured_media":19429,"parent":0,"menu_order":0,"comment_status":"open","ping_status":"closed","template":"template-home-modern.php","meta":{"footnotes":""},"class_list":["post-10963","page","type-page","status-publish","has-post-thumbnail","hentry"],"yoast_head":"<!-- This site is optimized with the Yoast SEO plugin v27.3 - https:\/\/yoast.com\/product\/yoast-seo-wordpress\/ -->\n<title>Grocery Delivery Tanzania I Supermarket I Online Store I Shopping<\/title>\n<meta name=\"description\" content=\"Looking for online grocery delivery in Tanzania? Download our grocery delivery app Tanzania service and do cheap online grocery shopping in Tanzania stores\" \/>\n<meta name=\"robots\" content=\"index, follow, max-snippet:-1, max-image-preview:large, max-video-preview:-1\" \/>\n<link rel=\"canonical\" href=\"https:\/\/tiketi.com\/fr-fr\/online-grocery-delivery-tanzania-store\/\" \/>\n<meta property=\"og:locale\" content=\"fr_FR\" \/>\n<meta property=\"og:type\" content=\"article\" \/>\n<meta property=\"og:title\" content=\"Grocery Delivery Tanzania I Supermarket I Online Store I Shopping\" \/>\n<meta property=\"og:description\" content=\"Looking for online grocery delivery in Tanzania? Download our grocery delivery app Tanzania service and do cheap online grocery shopping in Tanzania stores\" \/>\n<meta property=\"og:url\" content=\"https:\/\/tiketi.com\/fr-fr\/online-grocery-delivery-tanzania-store\/\" \/>\n<meta property=\"og:site_name\" content=\"Tiketi.com\" \/>\n<meta property=\"article:publisher\" content=\"https:\/\/www.facebook.com\/TiketiCom\/\" \/>\n<meta property=\"article:modified_time\" content=\"2022-02-14T09:56:40+00:00\" \/>\n<meta property=\"og:image\" content=\"https:\/\/tiketi.com\/wp-content\/uploads\/2019\/05\/grocery-woman-6289052_1280.jpg\" \/>\n\t<meta property=\"og:image:width\" content=\"1200\" \/>\n\t<meta property=\"og:image:height\" content=\"200\" \/>\n\t<meta property=\"og:image:type\" content=\"image\/jpeg\" \/>\n<meta name=\"twitter:card\" content=\"summary_large_image\" \/>\n<meta name=\"twitter:label1\" content=\"Dur\u00e9e de lecture estim\u00e9e\" \/>\n\t<meta name=\"twitter:data1\" content=\"3 minutes\" \/>\n<script type=\"application\/ld+json\" class=\"yoast-schema-graph\">{\"@context\":\"https:\\\/\\\/schema.org\",\"@graph\":[{\"@type\":\"WebPage\",\"@id\":\"https:\\\/\\\/tiketi.com\\\/en-gb\\\/online-grocery-delivery-tanzania-store\\\/\",\"url\":\"https:\\\/\\\/tiketi.com\\\/en-gb\\\/online-grocery-delivery-tanzania-store\\\/\",\"name\":\"Grocery Delivery Tanzania I Supermarket I Online Store I Shopping\",\"isPartOf\":{\"@id\":\"https:\\\/\\\/tiketi.com\\\/#website\"},\"primaryImageOfPage\":{\"@id\":\"https:\\\/\\\/tiketi.com\\\/en-gb\\\/online-grocery-delivery-tanzania-store\\\/#primaryimage\"},\"image\":{\"@id\":\"https:\\\/\\\/tiketi.com\\\/en-gb\\\/online-grocery-delivery-tanzania-store\\\/#primaryimage\"},\"thumbnailUrl\":\"https:\\\/\\\/tiketi.com\\\/wp-content\\\/uploads\\\/2019\\\/05\\\/grocery-woman-6289052_1280.jpg\",\"datePublished\":\"2022-01-19T11:54:02+00:00\",\"dateModified\":\"2022-02-14T09:56:40+00:00\",\"description\":\"Looking for online grocery delivery in Tanzania? Download our grocery delivery app Tanzania service and do cheap online grocery shopping in Tanzania stores\",\"breadcrumb\":{\"@id\":\"https:\\\/\\\/tiketi.com\\\/en-gb\\\/online-grocery-delivery-tanzania-store\\\/#breadcrumb\"},\"inLanguage\":\"fr-FR\",\"potentialAction\":[{\"@type\":\"ReadAction\",\"target\":[\"https:\\\/\\\/tiketi.com\\\/en-gb\\\/online-grocery-delivery-tanzania-store\\\/\"]}]},{\"@type\":\"ImageObject\",\"inLanguage\":\"fr-FR\",\"@id\":\"https:\\\/\\\/tiketi.com\\\/en-gb\\\/online-grocery-delivery-tanzania-store\\\/#primaryimage\",\"url\":\"https:\\\/\\\/tiketi.com\\\/wp-content\\\/uploads\\\/2019\\\/05\\\/grocery-woman-6289052_1280.jpg\",\"contentUrl\":\"https:\\\/\\\/tiketi.com\\\/wp-content\\\/uploads\\\/2019\\\/05\\\/grocery-woman-6289052_1280.jpg\",\"width\":1200,\"height\":200,\"caption\":\"Grocery Delivery\"},{\"@type\":\"BreadcrumbList\",\"@id\":\"https:\\\/\\\/tiketi.com\\\/en-gb\\\/online-grocery-delivery-tanzania-store\\\/#breadcrumb\",\"itemListElement\":[{\"@type\":\"ListItem\",\"position\":1,\"name\":\"Home\",\"item\":\"https:\\\/\\\/tiketi.com\\\/\"},{\"@type\":\"ListItem\",\"position\":2,\"name\":\"Grocery Delivery in Tanzania I Supermarket I Online Store I Shopping\"}]},{\"@type\":\"WebSite\",\"@id\":\"https:\\\/\\\/tiketi.com\\\/#website\",\"url\":\"https:\\\/\\\/tiketi.com\\\/\",\"name\":\"Flight & Bus Tickets, Tour Packages & Activitites - Tiketi.com\",\"description\":\"Flight &amp; Bus Tickets, Tours, Activitites\",\"publisher\":{\"@id\":\"https:\\\/\\\/tiketi.com\\\/#organization\"},\"potentialAction\":[{\"@type\":\"SearchAction\",\"target\":{\"@type\":\"EntryPoint\",\"urlTemplate\":\"https:\\\/\\\/tiketi.com\\\/?s={search_term_string}\"},\"query-input\":{\"@type\":\"PropertyValueSpecification\",\"valueRequired\":true,\"valueName\":\"search_term_string\"}}],\"inLanguage\":\"fr-FR\"},{\"@type\":\"Organization\",\"@id\":\"https:\\\/\\\/tiketi.com\\\/#organization\",\"name\":\"Tiketi.com\",\"alternateName\":\"Tiketi\",\"url\":\"https:\\\/\\\/tiketi.com\\\/\",\"logo\":{\"@type\":\"ImageObject\",\"inLanguage\":\"fr-FR\",\"@id\":\"https:\\\/\\\/tiketi.com\\\/#\\\/schema\\\/logo\\\/image\\\/\",\"url\":\"https:\\\/\\\/tiketi.com\\\/wp-content\\\/uploads\\\/2019\\\/05\\\/tiketi-logo-696.png\",\"contentUrl\":\"https:\\\/\\\/tiketi.com\\\/wp-content\\\/uploads\\\/2019\\\/05\\\/tiketi-logo-696.png\",\"width\":696,\"height\":696,\"caption\":\"Tiketi.com\"},\"image\":{\"@id\":\"https:\\\/\\\/tiketi.com\\\/#\\\/schema\\\/logo\\\/image\\\/\"},\"sameAs\":[\"https:\\\/\\\/www.facebook.com\\\/TiketiCom\\\/\"]}]}<\/script>\n<!-- \/ Yoast SEO plugin. -->","yoast_head_json":{"title":"Livraison de courses Tanzanie I Supermarch\u00e9 I Boutique en ligne I Shopping","description":"Vous recherchez une livraison de courses en ligne en Tanzanie\u00a0? T\u00e9l\u00e9chargez notre service de livraison d&#039;\u00e9picerie en Tanzanie et faites des courses en ligne \u00e0 bas prix dans les magasins de Tanzanie","robots":{"index":"index","follow":"follow","max-snippet":"max-snippet:-1","max-image-preview":"max-image-preview:large","max-video-preview":"max-video-preview:-1"},"canonical":"https:\/\/tiketi.com\/fr-fr\/online-grocery-delivery-tanzania-store\/","og_locale":"fr_FR","og_type":"article","og_title":"Grocery Delivery Tanzania I Supermarket I Online Store I Shopping","og_description":"Looking for online grocery delivery in Tanzania? Download our grocery delivery app Tanzania service and do cheap online grocery shopping in Tanzania stores","og_url":"https:\/\/tiketi.com\/fr-fr\/online-grocery-delivery-tanzania-store\/","og_site_name":"Tiketi.com","article_publisher":"https:\/\/www.facebook.com\/TiketiCom\/","article_modified_time":"2022-02-14T09:56:40+00:00","og_image":[{"width":1200,"height":200,"url":"https:\/\/tiketi.com\/wp-content\/uploads\/2019\/05\/grocery-woman-6289052_1280.jpg","type":"image\/jpeg"}],"twitter_card":"summary_large_image","twitter_misc":{"Dur\u00e9e de lecture estim\u00e9e":"3 minutes"},"schema":{"@context":"https:\/\/schema.org","@graph":[{"@type":"WebPage","@id":"https:\/\/tiketi.com\/en-gb\/online-grocery-delivery-tanzania-store\/","url":"https:\/\/tiketi.com\/en-gb\/online-grocery-delivery-tanzania-store\/","name":"Livraison de courses Tanzanie I Supermarch\u00e9 I Boutique en ligne I Shopping","isPartOf":{"@id":"https:\/\/tiketi.com\/#website"},"primaryImageOfPage":{"@id":"https:\/\/tiketi.com\/en-gb\/online-grocery-delivery-tanzania-store\/#primaryimage"},"image":{"@id":"https:\/\/tiketi.com\/en-gb\/online-grocery-delivery-tanzania-store\/#primaryimage"},"thumbnailUrl":"https:\/\/tiketi.com\/wp-content\/uploads\/2019\/05\/grocery-woman-6289052_1280.jpg","datePublished":"2022-01-19T11:54:02+00:00","dateModified":"2022-02-14T09:56:40+00:00","description":"Vous recherchez une livraison de courses en ligne en Tanzanie\u00a0? T\u00e9l\u00e9chargez notre service de livraison d&#039;\u00e9picerie en Tanzanie et faites des courses en ligne \u00e0 bas prix dans les magasins de Tanzanie","breadcrumb":{"@id":"https:\/\/tiketi.com\/en-gb\/online-grocery-delivery-tanzania-store\/#breadcrumb"},"inLanguage":"fr-FR","potentialAction":[{"@type":"ReadAction","target":["https:\/\/tiketi.com\/en-gb\/online-grocery-delivery-tanzania-store\/"]}]},{"@type":"ImageObject","inLanguage":"fr-FR","@id":"https:\/\/tiketi.com\/en-gb\/online-grocery-delivery-tanzania-store\/#primaryimage","url":"https:\/\/tiketi.com\/wp-content\/uploads\/2019\/05\/grocery-woman-6289052_1280.jpg","contentUrl":"https:\/\/tiketi.com\/wp-content\/uploads\/2019\/05\/grocery-woman-6289052_1280.jpg","width":1200,"height":200,"caption":"Grocery Delivery"},{"@type":"BreadcrumbList","@id":"https:\/\/tiketi.com\/en-gb\/online-grocery-delivery-tanzania-store\/#breadcrumb","itemListElement":[{"@type":"ListItem","position":1,"name":"Home","item":"https:\/\/tiketi.com\/"},{"@type":"ListItem","position":2,"name":"Grocery Delivery in Tanzania I Supermarket I Online Store I Shopping"}]},{"@type":"WebSite","@id":"https:\/\/tiketi.com\/#website","url":"https:\/\/tiketi.com\/","name":"Billets d&#039;avion et de bus, forfaits touristiques et activit\u00e9s - Tiketi.com","description":"Billets d&#039;avion et de bus, Tours, Activit\u00e9s","publisher":{"@id":"https:\/\/tiketi.com\/#organization"},"potentialAction":[{"@type":"SearchAction","target":{"@type":"EntryPoint","urlTemplate":"https:\/\/tiketi.com\/?s={search_term_string}"},"query-input":{"@type":"PropertyValueSpecification","valueRequired":true,"valueName":"search_term_string"}}],"inLanguage":"fr-FR"},{"@type":"Organization","@id":"https:\/\/tiketi.com\/#organization","name":"Tiketi.com","alternateName":"Tiketi","url":"https:\/\/tiketi.com\/","logo":{"@type":"ImageObject","inLanguage":"fr-FR","@id":"https:\/\/tiketi.com\/#\/schema\/logo\/image\/","url":"https:\/\/tiketi.com\/wp-content\/uploads\/2019\/05\/tiketi-logo-696.png","contentUrl":"https:\/\/tiketi.com\/wp-content\/uploads\/2019\/05\/tiketi-logo-696.png","width":696,"height":696,"caption":"Tiketi.com"},"image":{"@id":"https:\/\/tiketi.com\/#\/schema\/logo\/image\/"},"sameAs":["https:\/\/www.facebook.com\/TiketiCom\/"]}]}},"_links":{"self":[{"href":"https:\/\/tiketi.com\/fr-fr\/wp-json\/wp\/v2\/pages\/10963","targetHints":{"allow":["GET"]}}],"collection":[{"href":"https:\/\/tiketi.com\/fr-fr\/wp-json\/wp\/v2\/pages"}],"about":[{"href":"https:\/\/tiketi.com\/fr-fr\/wp-json\/wp\/v2\/types\/page"}],"author":[{"embeddable":true,"href":"https:\/\/tiketi.com\/fr-fr\/wp-json\/wp\/v2\/users\/1"}],"replies":[{"embeddable":true,"href":"https:\/\/tiketi.com\/fr-fr\/wp-json\/wp\/v2\/comments?post=10963"}],"version-history":[{"count":0,"href":"https:\/\/tiketi.com\/fr-fr\/wp-json\/wp\/v2\/pages\/10963\/revisions"}],"wp:featuredmedia":[{"embeddable":true,"href":"https:\/\/tiketi.com\/fr-fr\/wp-json\/wp\/v2\/media\/19429"}],"wp:attachment":[{"href":"https:\/\/tiketi.com\/fr-fr\/wp-json\/wp\/v2\/media?parent=10963"}],"curies":[{"name":"wp","href":"https:\/\/api.w.org\/{rel}","templated":true}]}}