{"id":10964,"date":"2022-01-19T12:54:02","date_gmt":"2022-01-19T11:54:02","guid":{"rendered":"https:\/\/new.tiketi.com\/riverside-shuttle-online-booking-bus-tickets-reservation\/"},"modified":"2022-02-19T15:16:48","modified_gmt":"2022-02-19T14:16:48","slug":"riverside-shuttle-buses","status":"publish","type":"page","link":"https:\/\/tiketi.com\/fr-fr\/riverside-shuttle-buses\/","title":{"rendered":"R\u00e9servation en ligne de la navette Riverside, billets de bus, itin\u00e9raire et tarif"},"content":{"rendered":"<h2>R\u00e9servation de billets en ligne Riverside Shuttle<\/h2>\n<h3>D\u00e9couvrez votre itin\u00e9raire de voyage sur le web, le mobile ou l&#039;application et r\u00e9servez en ligne d\u00e8s maintenant des billets de bus Riverside Shuttle pas chers.<\/h3>\n<p>La r\u00e9servation en ligne de Riverside Shuttle en toute simplicit\u00e9. La navette Riverside est l&#039;un des grands op\u00e9rateurs de navettes entre Nairobi et Moshi. Il est en activit\u00e9 depuis plus de vingt-huit ans. Une flotte de minibus emm\u00e8ne les gens vers et depuis leurs h\u00f4tels si n\u00e9cessaire. L&#039;\u00e9tape cl\u00e9 du voyage se fait dans un bus de 25 \u00e0 36 places. Leurs chauffeurs ont le meilleur dossier de s\u00e9curit\u00e9 et sont en contact radio permanent avec leur si\u00e8ge. Cela vous aidera avec les formalit\u00e9s frontali\u00e8res qui sont r\u00e9duites au minimum. Faites de m\u00eame pour la r\u00e9servation de billets en ligne Riverside Shuttle d\u00e8s maintenant !<\/p>\n<p>Ils organisent \u00e9galement des v\u00e9hicules de location priv\u00e9s vers n&#039;importe quel endroit en Tanzanie et au Kenya avec les meilleurs prix.<\/p>\n<h2>R\u00e9servation en ligne de la navette Riverside, billets de bus, FAQ sur les itin\u00e9raires et les tarifs<\/h2>\n<h3>Quels sont les trajets et les prix des bus Riverside Shuttle ?<\/h3>\n<p>Moshi \u00e0 A\u00e9roport JKA de Nairobi 32,50 \u20ac<\/p>\n<p>Moshi \u00e0 Arusha 19,95 \u20ac<\/p>\n<p>Arusha \u00e0 Moshi 19,95 \u20ac<\/p>\n<p>Arusha-Nairobi 28,50 \u00a3<\/p>\n<p>Arusha \u00e0 A\u00e9roport JKA de Nairobi 28,50 \u20ac<\/p>\n<p>Moshi \u00e0 Nairobi 32,50 \u00a3<\/p>\n<p>A\u00e9roport JKA de Nairobi \u00e0 Moshi 32,50 \u20ac<\/p>\n<p>De Nairobi \u00e0 Moshi 32,50 \u00a3<\/p>\n<p>De Nairobi \u00e0 Arusha 28,50 \u00a3<\/p>\n<p>A\u00e9roport JKA de Nairobi \u00e0 Arusha 28,50 \u20ac<\/p>\n<p>Quelles sont les coordonn\u00e9es et les coordonn\u00e9es du bureau de Riverside Shuttle &amp; Bus ?<\/p>\n<p>Bureau kenyan\u00a0:<br \/>\nMaison Lagos<br \/>\n1er \u00e9tage-Chambre n\u00b01<br \/>\nJardins de Jivanjee<br \/>\nRue Monrovia<br \/>\nNairobi<\/p>\n<p>Bureau de Tanzanie\u00a0:<br \/>\nB\u00e2timent ACU<br \/>\nRez-de-chauss\u00e9e Chambre n\u00b0 2<br \/>\nRoute Sokoine<br \/>\nArusha<\/p>\n<h2>Conseils de r\u00e9servation de billets en ligne Riverside Shuttle<\/h2>\n<h3>Proc\u00e9dures de r\u00e9servation Riverside Shuttle<\/h3>\n<p>Veuillez lire attentivement les situations de r\u00e9servation et le formulaire de r\u00e9servation. Compl\u00e9tez votre r\u00e9servation sur un serveur s\u00e9curis\u00e9. Seuls les paiements par PayPal et par carte de cr\u00e9dit sont accept\u00e9s. Dans le cas peu probable o\u00f9 un lieu ne serait pas accessible sur le trajet que vous avez choisi, nous vous fournirons un substitut ou ne vous facturerons pas et vous informerons de la condition. D\u00e8s r\u00e9ception de vos paiements, ils v\u00e9rifieront votre r\u00e9servation par e-mail avec un bon de bus, une facture et un re\u00e7u. Le bon servira de billet et devra \u00eatre pr\u00e9sent\u00e9 au personnel de Riverside.<\/p>\n<p>Annulations si vous souhaitez annuler votre r\u00e9servation, informez-nous rapidement par \u00e9crit. Si l&#039;annulation est notifi\u00e9e plus de dix jours avant le d\u00e9part, il y aura un remboursement complet moins dix USB par personne r\u00e9serv\u00e9e. Remboursement complet de 3 \u00e0 10 jours moins 15 USD. Sous trois jours, nous n&#039;accordons aucun remboursement. Ils se r\u00e9servent le droit d&#039;annuler une prestation \u00e0 tout moment jusqu&#039;\u00e0 dix jours avant le d\u00e9part dans ce cas. Ils rembourseront toute somme qui leur sera vers\u00e9e.<\/p>","protected":false},"excerpt":{"rendered":"<p>Riverside Shuttle Online Ticket Booking Discover your travel route on web, mobile or app and book cheap Riverside Shuttle bus tickets online now. Riverside Shuttle\u00a0online booking made easy. Riverside shuttle is one of the big shuttle bus operators between Nairobi and Moshi. It has been in operation for more than twenty-eight years. A fleet of [&hellip;]<\/p>\n","protected":false},"author":1,"featured_media":13999,"parent":0,"menu_order":0,"comment_status":"open","ping_status":"closed","template":"template-home-modern.php","meta":{"footnotes":""},"class_list":["post-10964","page","type-page","status-publish","has-post-thumbnail","hentry"],"yoast_head":"<!-- This site is optimized with the Yoast SEO plugin v27.3 - https:\/\/yoast.com\/product\/yoast-seo-wordpress\/ -->\n<title>Riverside Shuttle Online Booking, Bus Tickets, Route, Schedule &amp; Fare<\/title>\n<meta name=\"description\" content=\"Looking for Riverside Shuttle online booking, app, contacts, bus routes, fare and schedule? Make a Riverside Shuttle online ticket booking online\" \/>\n<meta name=\"robots\" content=\"index, follow, max-snippet:-1, max-image-preview:large, max-video-preview:-1\" \/>\n<link rel=\"canonical\" href=\"https:\/\/tiketi.com\/fr-fr\/riverside-shuttle-buses\/\" \/>\n<meta property=\"og:locale\" content=\"fr_FR\" \/>\n<meta property=\"og:type\" content=\"article\" \/>\n<meta property=\"og:title\" content=\"Riverside Shuttle Online Booking, Bus Tickets, Route, Schedule &amp; Fare\" \/>\n<meta property=\"og:description\" content=\"Looking for Riverside Shuttle online booking, app, contacts, bus routes, fare and schedule? Make a Riverside Shuttle online ticket booking online\" \/>\n<meta property=\"og:url\" content=\"https:\/\/tiketi.com\/fr-fr\/riverside-shuttle-buses\/\" \/>\n<meta property=\"og:site_name\" content=\"Tiketi.com\" \/>\n<meta property=\"article:publisher\" content=\"https:\/\/www.facebook.com\/TiketiCom\/\" \/>\n<meta property=\"article:modified_time\" content=\"2022-02-19T14:16:48+00:00\" \/>\n<meta property=\"og:image\" content=\"https:\/\/tiketi.com\/wp-content\/uploads\/2022\/01\/bus-ticket-online-booking.jpg\" \/>\n\t<meta property=\"og:image:width\" content=\"1200\" \/>\n\t<meta property=\"og:image:height\" content=\"206\" \/>\n\t<meta property=\"og:image:type\" content=\"image\/jpeg\" \/>\n<meta name=\"twitter:card\" content=\"summary_large_image\" \/>\n<meta name=\"twitter:label1\" content=\"Dur\u00e9e de lecture estim\u00e9e\" \/>\n\t<meta name=\"twitter:data1\" content=\"2 minutes\" \/>\n<script type=\"application\/ld+json\" class=\"yoast-schema-graph\">{\"@context\":\"https:\\\/\\\/schema.org\",\"@graph\":[{\"@type\":\"WebPage\",\"@id\":\"https:\\\/\\\/tiketi.com\\\/riverside-shuttle-buses\\\/\",\"url\":\"https:\\\/\\\/tiketi.com\\\/riverside-shuttle-buses\\\/\",\"name\":\"Riverside Shuttle Online Booking, Bus Tickets, Route, Schedule & Fare\",\"isPartOf\":{\"@id\":\"https:\\\/\\\/tiketi.com\\\/#website\"},\"primaryImageOfPage\":{\"@id\":\"https:\\\/\\\/tiketi.com\\\/riverside-shuttle-buses\\\/#primaryimage\"},\"image\":{\"@id\":\"https:\\\/\\\/tiketi.com\\\/riverside-shuttle-buses\\\/#primaryimage\"},\"thumbnailUrl\":\"https:\\\/\\\/tiketi.com\\\/wp-content\\\/uploads\\\/2022\\\/01\\\/bus-ticket-online-booking.jpg\",\"datePublished\":\"2022-01-19T11:54:02+00:00\",\"dateModified\":\"2022-02-19T14:16:48+00:00\",\"description\":\"Looking for Riverside Shuttle online booking, app, contacts, bus routes, fare and schedule? Make a Riverside Shuttle online ticket booking online\",\"breadcrumb\":{\"@id\":\"https:\\\/\\\/tiketi.com\\\/riverside-shuttle-buses\\\/#breadcrumb\"},\"inLanguage\":\"fr-FR\",\"potentialAction\":[{\"@type\":\"ReadAction\",\"target\":[\"https:\\\/\\\/tiketi.com\\\/riverside-shuttle-buses\\\/\"]}]},{\"@type\":\"ImageObject\",\"inLanguage\":\"fr-FR\",\"@id\":\"https:\\\/\\\/tiketi.com\\\/riverside-shuttle-buses\\\/#primaryimage\",\"url\":\"https:\\\/\\\/tiketi.com\\\/wp-content\\\/uploads\\\/2022\\\/01\\\/bus-ticket-online-booking.jpg\",\"contentUrl\":\"https:\\\/\\\/tiketi.com\\\/wp-content\\\/uploads\\\/2022\\\/01\\\/bus-ticket-online-booking.jpg\",\"width\":1200,\"height\":206,\"caption\":\"Online Bus Ticket Booking\"},{\"@type\":\"BreadcrumbList\",\"@id\":\"https:\\\/\\\/tiketi.com\\\/riverside-shuttle-buses\\\/#breadcrumb\",\"itemListElement\":[{\"@type\":\"ListItem\",\"position\":1,\"name\":\"Home\",\"item\":\"https:\\\/\\\/tiketi.com\\\/\"},{\"@type\":\"ListItem\",\"position\":2,\"name\":\"Riverside Shuttle Online Booking, Bus Tickets, Route &#038; Fare\"}]},{\"@type\":\"WebSite\",\"@id\":\"https:\\\/\\\/tiketi.com\\\/#website\",\"url\":\"https:\\\/\\\/tiketi.com\\\/\",\"name\":\"Flight & Bus Tickets, Tour Packages & Activitites - Tiketi.com\",\"description\":\"Flight &amp; Bus Tickets, Tours, Activitites\",\"publisher\":{\"@id\":\"https:\\\/\\\/tiketi.com\\\/#organization\"},\"potentialAction\":[{\"@type\":\"SearchAction\",\"target\":{\"@type\":\"EntryPoint\",\"urlTemplate\":\"https:\\\/\\\/tiketi.com\\\/?s={search_term_string}\"},\"query-input\":{\"@type\":\"PropertyValueSpecification\",\"valueRequired\":true,\"valueName\":\"search_term_string\"}}],\"inLanguage\":\"fr-FR\"},{\"@type\":\"Organization\",\"@id\":\"https:\\\/\\\/tiketi.com\\\/#organization\",\"name\":\"Tiketi.com\",\"alternateName\":\"Tiketi\",\"url\":\"https:\\\/\\\/tiketi.com\\\/\",\"logo\":{\"@type\":\"ImageObject\",\"inLanguage\":\"fr-FR\",\"@id\":\"https:\\\/\\\/tiketi.com\\\/#\\\/schema\\\/logo\\\/image\\\/\",\"url\":\"https:\\\/\\\/tiketi.com\\\/wp-content\\\/uploads\\\/2019\\\/05\\\/tiketi-logo-696.png\",\"contentUrl\":\"https:\\\/\\\/tiketi.com\\\/wp-content\\\/uploads\\\/2019\\\/05\\\/tiketi-logo-696.png\",\"width\":696,\"height\":696,\"caption\":\"Tiketi.com\"},\"image\":{\"@id\":\"https:\\\/\\\/tiketi.com\\\/#\\\/schema\\\/logo\\\/image\\\/\"},\"sameAs\":[\"https:\\\/\\\/www.facebook.com\\\/TiketiCom\\\/\"]}]}<\/script>\n<!-- \/ Yoast SEO plugin. -->","yoast_head_json":{"title":"R\u00e9servation en ligne de la navette Riverside, billets de bus, itin\u00e9raire, horaires et tarifs","description":"Vous recherchez une r\u00e9servation en ligne Riverside Shuttle, une application, des contacts, des itin\u00e9raires de bus, des tarifs et des horaires? Faire une r\u00e9servation de billet en ligne Riverside Shuttle en ligne","robots":{"index":"index","follow":"follow","max-snippet":"max-snippet:-1","max-image-preview":"max-image-preview:large","max-video-preview":"max-video-preview:-1"},"canonical":"https:\/\/tiketi.com\/fr-fr\/riverside-shuttle-buses\/","og_locale":"fr_FR","og_type":"article","og_title":"Riverside Shuttle Online Booking, Bus Tickets, Route, Schedule & Fare","og_description":"Looking for Riverside Shuttle online booking, app, contacts, bus routes, fare and schedule? Make a Riverside Shuttle online ticket booking online","og_url":"https:\/\/tiketi.com\/fr-fr\/riverside-shuttle-buses\/","og_site_name":"Tiketi.com","article_publisher":"https:\/\/www.facebook.com\/TiketiCom\/","article_modified_time":"2022-02-19T14:16:48+00:00","og_image":[{"width":1200,"height":206,"url":"https:\/\/tiketi.com\/wp-content\/uploads\/2022\/01\/bus-ticket-online-booking.jpg","type":"image\/jpeg"}],"twitter_card":"summary_large_image","twitter_misc":{"Dur\u00e9e de lecture estim\u00e9e":"2 minutes"},"schema":{"@context":"https:\/\/schema.org","@graph":[{"@type":"WebPage","@id":"https:\/\/tiketi.com\/riverside-shuttle-buses\/","url":"https:\/\/tiketi.com\/riverside-shuttle-buses\/","name":"R\u00e9servation en ligne de la navette Riverside, billets de bus, itin\u00e9raire, horaires et tarifs","isPartOf":{"@id":"https:\/\/tiketi.com\/#website"},"primaryImageOfPage":{"@id":"https:\/\/tiketi.com\/riverside-shuttle-buses\/#primaryimage"},"image":{"@id":"https:\/\/tiketi.com\/riverside-shuttle-buses\/#primaryimage"},"thumbnailUrl":"https:\/\/tiketi.com\/wp-content\/uploads\/2022\/01\/bus-ticket-online-booking.jpg","datePublished":"2022-01-19T11:54:02+00:00","dateModified":"2022-02-19T14:16:48+00:00","description":"Vous recherchez une r\u00e9servation en ligne Riverside Shuttle, une application, des contacts, des itin\u00e9raires de bus, des tarifs et des horaires? Faire une r\u00e9servation de billet en ligne Riverside Shuttle en ligne","breadcrumb":{"@id":"https:\/\/tiketi.com\/riverside-shuttle-buses\/#breadcrumb"},"inLanguage":"fr-FR","potentialAction":[{"@type":"ReadAction","target":["https:\/\/tiketi.com\/riverside-shuttle-buses\/"]}]},{"@type":"ImageObject","inLanguage":"fr-FR","@id":"https:\/\/tiketi.com\/riverside-shuttle-buses\/#primaryimage","url":"https:\/\/tiketi.com\/wp-content\/uploads\/2022\/01\/bus-ticket-online-booking.jpg","contentUrl":"https:\/\/tiketi.com\/wp-content\/uploads\/2022\/01\/bus-ticket-online-booking.jpg","width":1200,"height":206,"caption":"Online Bus Ticket Booking"},{"@type":"BreadcrumbList","@id":"https:\/\/tiketi.com\/riverside-shuttle-buses\/#breadcrumb","itemListElement":[{"@type":"ListItem","position":1,"name":"Home","item":"https:\/\/tiketi.com\/"},{"@type":"ListItem","position":2,"name":"Riverside Shuttle Online Booking, Bus Tickets, Route &#038; Fare"}]},{"@type":"WebSite","@id":"https:\/\/tiketi.com\/#website","url":"https:\/\/tiketi.com\/","name":"Billets d&#039;avion et de bus, forfaits touristiques et activit\u00e9s - Tiketi.com","description":"Billets d&#039;avion et de bus, Tours, Activit\u00e9s","publisher":{"@id":"https:\/\/tiketi.com\/#organization"},"potentialAction":[{"@type":"SearchAction","target":{"@type":"EntryPoint","urlTemplate":"https:\/\/tiketi.com\/?s={search_term_string}"},"query-input":{"@type":"PropertyValueSpecification","valueRequired":true,"valueName":"search_term_string"}}],"inLanguage":"fr-FR"},{"@type":"Organization","@id":"https:\/\/tiketi.com\/#organization","name":"Tiketi.com","alternateName":"Tiketi","url":"https:\/\/tiketi.com\/","logo":{"@type":"ImageObject","inLanguage":"fr-FR","@id":"https:\/\/tiketi.com\/#\/schema\/logo\/image\/","url":"https:\/\/tiketi.com\/wp-content\/uploads\/2019\/05\/tiketi-logo-696.png","contentUrl":"https:\/\/tiketi.com\/wp-content\/uploads\/2019\/05\/tiketi-logo-696.png","width":696,"height":696,"caption":"Tiketi.com"},"image":{"@id":"https:\/\/tiketi.com\/#\/schema\/logo\/image\/"},"sameAs":["https:\/\/www.facebook.com\/TiketiCom\/"]}]}},"_links":{"self":[{"href":"https:\/\/tiketi.com\/fr-fr\/wp-json\/wp\/v2\/pages\/10964","targetHints":{"allow":["GET"]}}],"collection":[{"href":"https:\/\/tiketi.com\/fr-fr\/wp-json\/wp\/v2\/pages"}],"about":[{"href":"https:\/\/tiketi.com\/fr-fr\/wp-json\/wp\/v2\/types\/page"}],"author":[{"embeddable":true,"href":"https:\/\/tiketi.com\/fr-fr\/wp-json\/wp\/v2\/users\/1"}],"replies":[{"embeddable":true,"href":"https:\/\/tiketi.com\/fr-fr\/wp-json\/wp\/v2\/comments?post=10964"}],"version-history":[{"count":0,"href":"https:\/\/tiketi.com\/fr-fr\/wp-json\/wp\/v2\/pages\/10964\/revisions"}],"wp:featuredmedia":[{"embeddable":true,"href":"https:\/\/tiketi.com\/fr-fr\/wp-json\/wp\/v2\/media\/13999"}],"wp:attachment":[{"href":"https:\/\/tiketi.com\/fr-fr\/wp-json\/wp\/v2\/media?parent=10964"}],"curies":[{"name":"wp","href":"https:\/\/api.w.org\/{rel}","templated":true}]}}