{"id":10965,"date":"2022-01-19T12:54:02","date_gmt":"2022-01-19T11:54:02","guid":{"rendered":"https:\/\/new.tiketi.com\/sable-class-transport-online-booking-bus-tickets-reservation\/"},"modified":"2022-02-21T13:28:30","modified_gmt":"2022-02-21T12:28:30","slug":"sable-class-transport-coaches-buses","status":"publish","type":"page","link":"https:\/\/tiketi.com\/fr-fr\/sable-class-transport-coaches-buses\/","title":{"rendered":"R\u00e9servations d&#039;autobus de classe Sable, billets d&#039;autobus, itin\u00e9raire et tarifs"},"content":{"rendered":"<h1 class=\"wp-block wp-block-post-title block-editor-block-list__block editor-post-title editor-post-title__input rich-text is-selected\" role=\"textbox\" contenteditable=\"true\" aria-label=\"Ajouter un titre\" aria-multiline=\"true\">R\u00e9servation de billets en ligne pour le transport de classe Sable<\/h1>\n<h3>D\u00e9couvrez votre itin\u00e9raire de voyage sur le web, le mobile ou l&#039;application et r\u00e9servez en ligne d\u00e8s maintenant vos billets de bus Sable Class Transport \u00e0 petits prix.<\/h3>\n<p>La r\u00e9servation d&#039;autobus de classe Sable est facile. Le transport de classe stable est une soci\u00e9t\u00e9 de bus bas\u00e9e au Zimbabwe qui dessert les itin\u00e9raires int\u00e9rieurs du Zimbabwe ainsi que les itin\u00e9raires transfrontaliers. Il en va de m\u00eame pour la r\u00e9servation de billets en ligne de Sable Class Transport d\u00e8s maintenant\u00a0!<\/p>\n<h2>FAQ sur les r\u00e9servations d&#039;autobus de la classe Sable<\/h2>\n<h3>Quels sont les itin\u00e9raires et les tarifs de r\u00e9servation des billets en ligne de Sable Class Transport ?<\/h3>\n<p>\u2022 Johannesburg (gare Newtown) \u2013 Pretoria (gare Bossman) \u00e0 HARARE<br \/>\n\u2022 Johannesburg (Parkstation) \u2013 Pretoria (Bossman Station) \u00e0 HARARE<br \/>\n\u2022 Johannesburg (gare Newtown) - Pretoria (gare Bossman) \u00e0 MUTARE via RUSAPE<br \/>\n\u2022 Johannesburg (Parkstation) \u2013 Pretoria (Bossman Station) \u00e0 MUTARE via RUSAPE<br \/>\n\u2022 Johannesburg (gare Newtown) \u2013 Pretoria (gare Bossman) \u00e0 BULAWAYO<br \/>\n\u2022 Johannesburg (Parkstation) \u2013 Pretoria (Bossman Station) \u00e0 BULAWAYO<br \/>\n\u2022 Johannesburg (gare Newtown) \u2013 Pretoria (gare Bossman) \u00e0 BLANTYRE MALAWI<br \/>\n\u2022 Johannesburg (Parkstation) \u2013 Pretoria (Bossman Station) \u00e0 LILONGWE MALAWI<\/p>\n<h3>Flotte et services d&#039;autocars de la classe Sable<\/h3>\n<p>Les autocars de la classe Sable utilisent de nouveaux mod\u00e8les de bus fabriqu\u00e9s \u00e0 l&#039;\u00e9chelle internationale et locale, ils ont beaucoup investi dans les bus Scania Marcopolo comme le bus de tourisme Scania, le G7, le bus Scania Irizar et ils ont \u00e9galement des bus MCV d&#039;Afrique du Sud.<\/p>\n<p>Les autocars de classe Stable peuvent \u00eatre class\u00e9s comme autocar semi-luxe avec une disposition des si\u00e8ges 2 x 2, des divertissements \u00e0 bord comme la t\u00e9l\u00e9vision, un syst\u00e8me de musique et bien d&#039;autres. Leurs bus ont \u00e9galement des services de climatisation tout au long du trajet, des boissons non alcoolis\u00e9es, des si\u00e8ges inclinables et des collations.<\/p>\n<h3>Quelles sont les coordonn\u00e9es et les coordonn\u00e9es du bureau de r\u00e9servation des billets de bus et des bus de la classe Sable\u00a0?<\/h3>\n<p>Adresse : 1 Executive Chmbrs, George Silundika Ave, Harare, Zimbabwe<\/p>\n<h1 class=\"wp-block wp-block-post-title block-editor-block-list__block editor-post-title editor-post-title__input rich-text is-selected\" role=\"textbox\" contenteditable=\"true\" aria-label=\"Ajouter un titre\" aria-multiline=\"true\">Conseils de r\u00e9servation de billets en ligne pour Sable Class Transport<\/h1>\n<p>Autrefois cette firme \u00e9tait connue comme des autocars de premi\u00e8re classe avant de changer son nom en autocars de classe Stable. Ils ont des liaisons quotidiennes entre l&#039;Afrique du Sud et le Zimbabwe.<\/p>","protected":false},"excerpt":{"rendered":"<p>Sable Class Transport\u00a0Online Ticket Booking Discover your travel route on web, mobile or app and book cheap Sable Class Transport bus tickets online now. Sable Class bus booking mades easy. Stable class transport is a Zimbabwe based bus firm which run in domestic Zimbabwe routes as well as cross boarder routes. So do Sable Class [&hellip;]<\/p>\n","protected":false},"author":1,"featured_media":13999,"parent":0,"menu_order":0,"comment_status":"open","ping_status":"closed","template":"template-home-modern.php","meta":{"footnotes":""},"class_list":["post-10965","page","type-page","status-publish","has-post-thumbnail","hentry"],"yoast_head":"<!-- This site is optimized with the Yoast SEO plugin v27.3 - https:\/\/yoast.com\/product\/yoast-seo-wordpress\/ -->\n<title>Sable Class Transport Online Booking, Bus Tickets, Route &amp; Fare<\/title>\n<meta name=\"description\" content=\"Looking for Sable Class Transport online booking, app, contacts, bus routes, fare and schedule? Make a cheap Sable Class Coaches online ticket booking\" \/>\n<meta name=\"robots\" content=\"index, follow, max-snippet:-1, max-image-preview:large, max-video-preview:-1\" \/>\n<link rel=\"canonical\" href=\"https:\/\/tiketi.com\/fr-fr\/sable-class-transport-coaches-buses\/\" \/>\n<meta property=\"og:locale\" content=\"fr_FR\" \/>\n<meta property=\"og:type\" content=\"article\" \/>\n<meta property=\"og:title\" content=\"Sable Class Transport Online Booking, Bus Tickets, Route &amp; Fare\" \/>\n<meta property=\"og:description\" content=\"Looking for Sable Class Transport online booking, app, contacts, bus routes, fare and schedule? Make a cheap Sable Class Coaches online ticket booking\" \/>\n<meta property=\"og:url\" content=\"https:\/\/tiketi.com\/fr-fr\/sable-class-transport-coaches-buses\/\" \/>\n<meta property=\"og:site_name\" content=\"Tiketi.com\" \/>\n<meta property=\"article:publisher\" content=\"https:\/\/www.facebook.com\/TiketiCom\/\" \/>\n<meta property=\"article:modified_time\" content=\"2022-02-21T12:28:30+00:00\" \/>\n<meta property=\"og:image\" content=\"https:\/\/tiketi.com\/wp-content\/uploads\/2022\/01\/bus-ticket-online-booking.jpg\" \/>\n\t<meta property=\"og:image:width\" content=\"1200\" \/>\n\t<meta property=\"og:image:height\" content=\"206\" \/>\n\t<meta property=\"og:image:type\" content=\"image\/jpeg\" \/>\n<meta name=\"twitter:card\" content=\"summary_large_image\" \/>\n<meta name=\"twitter:label1\" content=\"Dur\u00e9e de lecture estim\u00e9e\" \/>\n\t<meta name=\"twitter:data1\" content=\"2 minutes\" \/>\n<script type=\"application\/ld+json\" class=\"yoast-schema-graph\">{\"@context\":\"https:\\\/\\\/schema.org\",\"@graph\":[{\"@type\":\"WebPage\",\"@id\":\"https:\\\/\\\/tiketi.com\\\/en-gb\\\/sable-class-transport-coaches-buses\\\/\",\"url\":\"https:\\\/\\\/tiketi.com\\\/en-gb\\\/sable-class-transport-coaches-buses\\\/\",\"name\":\"Sable Class Transport Online Booking, Bus Tickets, Route & Fare\",\"isPartOf\":{\"@id\":\"https:\\\/\\\/tiketi.com\\\/#website\"},\"primaryImageOfPage\":{\"@id\":\"https:\\\/\\\/tiketi.com\\\/en-gb\\\/sable-class-transport-coaches-buses\\\/#primaryimage\"},\"image\":{\"@id\":\"https:\\\/\\\/tiketi.com\\\/en-gb\\\/sable-class-transport-coaches-buses\\\/#primaryimage\"},\"thumbnailUrl\":\"https:\\\/\\\/tiketi.com\\\/wp-content\\\/uploads\\\/2022\\\/01\\\/bus-ticket-online-booking.jpg\",\"datePublished\":\"2022-01-19T11:54:02+00:00\",\"dateModified\":\"2022-02-21T12:28:30+00:00\",\"description\":\"Looking for Sable Class Transport online booking, app, contacts, bus routes, fare and schedule? Make a cheap Sable Class Coaches online ticket booking\",\"breadcrumb\":{\"@id\":\"https:\\\/\\\/tiketi.com\\\/en-gb\\\/sable-class-transport-coaches-buses\\\/#breadcrumb\"},\"inLanguage\":\"fr-FR\",\"potentialAction\":[{\"@type\":\"ReadAction\",\"target\":[\"https:\\\/\\\/tiketi.com\\\/en-gb\\\/sable-class-transport-coaches-buses\\\/\"]}]},{\"@type\":\"ImageObject\",\"inLanguage\":\"fr-FR\",\"@id\":\"https:\\\/\\\/tiketi.com\\\/en-gb\\\/sable-class-transport-coaches-buses\\\/#primaryimage\",\"url\":\"https:\\\/\\\/tiketi.com\\\/wp-content\\\/uploads\\\/2022\\\/01\\\/bus-ticket-online-booking.jpg\",\"contentUrl\":\"https:\\\/\\\/tiketi.com\\\/wp-content\\\/uploads\\\/2022\\\/01\\\/bus-ticket-online-booking.jpg\",\"width\":1200,\"height\":206,\"caption\":\"Online Bus Ticket Booking\"},{\"@type\":\"BreadcrumbList\",\"@id\":\"https:\\\/\\\/tiketi.com\\\/en-gb\\\/sable-class-transport-coaches-buses\\\/#breadcrumb\",\"itemListElement\":[{\"@type\":\"ListItem\",\"position\":1,\"name\":\"Home\",\"item\":\"https:\\\/\\\/tiketi.com\\\/\"},{\"@type\":\"ListItem\",\"position\":2,\"name\":\"Sable Class Bus Bookings, Bus Tickets, Route &#038; Fare\"}]},{\"@type\":\"WebSite\",\"@id\":\"https:\\\/\\\/tiketi.com\\\/#website\",\"url\":\"https:\\\/\\\/tiketi.com\\\/\",\"name\":\"Flight & Bus Tickets, Tour Packages & Activitites - Tiketi.com\",\"description\":\"Flight &amp; Bus Tickets, Tours, Activitites\",\"publisher\":{\"@id\":\"https:\\\/\\\/tiketi.com\\\/#organization\"},\"potentialAction\":[{\"@type\":\"SearchAction\",\"target\":{\"@type\":\"EntryPoint\",\"urlTemplate\":\"https:\\\/\\\/tiketi.com\\\/?s={search_term_string}\"},\"query-input\":{\"@type\":\"PropertyValueSpecification\",\"valueRequired\":true,\"valueName\":\"search_term_string\"}}],\"inLanguage\":\"fr-FR\"},{\"@type\":\"Organization\",\"@id\":\"https:\\\/\\\/tiketi.com\\\/#organization\",\"name\":\"Tiketi.com\",\"alternateName\":\"Tiketi\",\"url\":\"https:\\\/\\\/tiketi.com\\\/\",\"logo\":{\"@type\":\"ImageObject\",\"inLanguage\":\"fr-FR\",\"@id\":\"https:\\\/\\\/tiketi.com\\\/#\\\/schema\\\/logo\\\/image\\\/\",\"url\":\"https:\\\/\\\/tiketi.com\\\/wp-content\\\/uploads\\\/2019\\\/05\\\/tiketi-logo-696.png\",\"contentUrl\":\"https:\\\/\\\/tiketi.com\\\/wp-content\\\/uploads\\\/2019\\\/05\\\/tiketi-logo-696.png\",\"width\":696,\"height\":696,\"caption\":\"Tiketi.com\"},\"image\":{\"@id\":\"https:\\\/\\\/tiketi.com\\\/#\\\/schema\\\/logo\\\/image\\\/\"},\"sameAs\":[\"https:\\\/\\\/www.facebook.com\\\/TiketiCom\\\/\"]}]}<\/script>\n<!-- \/ Yoast SEO plugin. -->","yoast_head_json":{"title":"R\u00e9servation en ligne de transport de classe Sable, billets de bus, itin\u00e9raire et tarif","description":"Vous recherchez une r\u00e9servation en ligne, une application, des contacts, des itin\u00e9raires de bus, des tarifs et des horaires pour Sable Class Transport\u00a0? Faire une r\u00e9servation de billets en ligne pas cher Sable Class Coaches","robots":{"index":"index","follow":"follow","max-snippet":"max-snippet:-1","max-image-preview":"max-image-preview:large","max-video-preview":"max-video-preview:-1"},"canonical":"https:\/\/tiketi.com\/fr-fr\/sable-class-transport-coaches-buses\/","og_locale":"fr_FR","og_type":"article","og_title":"Sable Class Transport Online Booking, Bus Tickets, Route & Fare","og_description":"Looking for Sable Class Transport online booking, app, contacts, bus routes, fare and schedule? Make a cheap Sable Class Coaches online ticket booking","og_url":"https:\/\/tiketi.com\/fr-fr\/sable-class-transport-coaches-buses\/","og_site_name":"Tiketi.com","article_publisher":"https:\/\/www.facebook.com\/TiketiCom\/","article_modified_time":"2022-02-21T12:28:30+00:00","og_image":[{"width":1200,"height":206,"url":"https:\/\/tiketi.com\/wp-content\/uploads\/2022\/01\/bus-ticket-online-booking.jpg","type":"image\/jpeg"}],"twitter_card":"summary_large_image","twitter_misc":{"Dur\u00e9e de lecture estim\u00e9e":"2 minutes"},"schema":{"@context":"https:\/\/schema.org","@graph":[{"@type":"WebPage","@id":"https:\/\/tiketi.com\/en-gb\/sable-class-transport-coaches-buses\/","url":"https:\/\/tiketi.com\/en-gb\/sable-class-transport-coaches-buses\/","name":"R\u00e9servation en ligne de transport de classe Sable, billets de bus, itin\u00e9raire et tarif","isPartOf":{"@id":"https:\/\/tiketi.com\/#website"},"primaryImageOfPage":{"@id":"https:\/\/tiketi.com\/en-gb\/sable-class-transport-coaches-buses\/#primaryimage"},"image":{"@id":"https:\/\/tiketi.com\/en-gb\/sable-class-transport-coaches-buses\/#primaryimage"},"thumbnailUrl":"https:\/\/tiketi.com\/wp-content\/uploads\/2022\/01\/bus-ticket-online-booking.jpg","datePublished":"2022-01-19T11:54:02+00:00","dateModified":"2022-02-21T12:28:30+00:00","description":"Vous recherchez une r\u00e9servation en ligne, une application, des contacts, des itin\u00e9raires de bus, des tarifs et des horaires pour Sable Class Transport\u00a0? Faire une r\u00e9servation de billets en ligne pas cher Sable Class Coaches","breadcrumb":{"@id":"https:\/\/tiketi.com\/en-gb\/sable-class-transport-coaches-buses\/#breadcrumb"},"inLanguage":"fr-FR","potentialAction":[{"@type":"ReadAction","target":["https:\/\/tiketi.com\/en-gb\/sable-class-transport-coaches-buses\/"]}]},{"@type":"ImageObject","inLanguage":"fr-FR","@id":"https:\/\/tiketi.com\/en-gb\/sable-class-transport-coaches-buses\/#primaryimage","url":"https:\/\/tiketi.com\/wp-content\/uploads\/2022\/01\/bus-ticket-online-booking.jpg","contentUrl":"https:\/\/tiketi.com\/wp-content\/uploads\/2022\/01\/bus-ticket-online-booking.jpg","width":1200,"height":206,"caption":"Online Bus Ticket Booking"},{"@type":"BreadcrumbList","@id":"https:\/\/tiketi.com\/en-gb\/sable-class-transport-coaches-buses\/#breadcrumb","itemListElement":[{"@type":"ListItem","position":1,"name":"Home","item":"https:\/\/tiketi.com\/"},{"@type":"ListItem","position":2,"name":"Sable Class Bus Bookings, Bus Tickets, Route &#038; Fare"}]},{"@type":"WebSite","@id":"https:\/\/tiketi.com\/#website","url":"https:\/\/tiketi.com\/","name":"Billets d&#039;avion et de bus, forfaits touristiques et activit\u00e9s - Tiketi.com","description":"Billets d&#039;avion et de bus, Tours, Activit\u00e9s","publisher":{"@id":"https:\/\/tiketi.com\/#organization"},"potentialAction":[{"@type":"SearchAction","target":{"@type":"EntryPoint","urlTemplate":"https:\/\/tiketi.com\/?s={search_term_string}"},"query-input":{"@type":"PropertyValueSpecification","valueRequired":true,"valueName":"search_term_string"}}],"inLanguage":"fr-FR"},{"@type":"Organization","@id":"https:\/\/tiketi.com\/#organization","name":"Tiketi.com","alternateName":"Tiketi","url":"https:\/\/tiketi.com\/","logo":{"@type":"ImageObject","inLanguage":"fr-FR","@id":"https:\/\/tiketi.com\/#\/schema\/logo\/image\/","url":"https:\/\/tiketi.com\/wp-content\/uploads\/2019\/05\/tiketi-logo-696.png","contentUrl":"https:\/\/tiketi.com\/wp-content\/uploads\/2019\/05\/tiketi-logo-696.png","width":696,"height":696,"caption":"Tiketi.com"},"image":{"@id":"https:\/\/tiketi.com\/#\/schema\/logo\/image\/"},"sameAs":["https:\/\/www.facebook.com\/TiketiCom\/"]}]}},"_links":{"self":[{"href":"https:\/\/tiketi.com\/fr-fr\/wp-json\/wp\/v2\/pages\/10965","targetHints":{"allow":["GET"]}}],"collection":[{"href":"https:\/\/tiketi.com\/fr-fr\/wp-json\/wp\/v2\/pages"}],"about":[{"href":"https:\/\/tiketi.com\/fr-fr\/wp-json\/wp\/v2\/types\/page"}],"author":[{"embeddable":true,"href":"https:\/\/tiketi.com\/fr-fr\/wp-json\/wp\/v2\/users\/1"}],"replies":[{"embeddable":true,"href":"https:\/\/tiketi.com\/fr-fr\/wp-json\/wp\/v2\/comments?post=10965"}],"version-history":[{"count":0,"href":"https:\/\/tiketi.com\/fr-fr\/wp-json\/wp\/v2\/pages\/10965\/revisions"}],"wp:featuredmedia":[{"embeddable":true,"href":"https:\/\/tiketi.com\/fr-fr\/wp-json\/wp\/v2\/media\/13999"}],"wp:attachment":[{"href":"https:\/\/tiketi.com\/fr-fr\/wp-json\/wp\/v2\/media?parent=10965"}],"curies":[{"name":"wp","href":"https:\/\/api.w.org\/{rel}","templated":true}]}}