{"id":10966,"date":"2022-01-19T12:54:02","date_gmt":"2022-01-19T11:54:02","guid":{"rendered":"https:\/\/new.tiketi.com\/revival-motorways-online-booking-bus-tickets-reservation\/"},"modified":"2022-02-19T15:20:57","modified_gmt":"2022-02-19T14:20:57","slug":"revival-motorways-buses","status":"publish","type":"page","link":"https:\/\/tiketi.com\/fr-fr\/revival-motorways-buses\/","title":{"rendered":"Revival Motorways R\u00e9servation en ligne, billets de bus, itin\u00e9raire, horaires et tarifs"},"content":{"rendered":"<h2>Revival Motorways R\u00e9servation de billets de bus en ligne<\/h2>\n<h3>D\u00e9couvrez votre itin\u00e9raire sur le Web, sur votre mobile ou sur une application et r\u00e9servez d\u00e8s maintenant en ligne des billets de bus Revival Motorways bon march\u00e9.<\/h3>\n<p>La r\u00e9servation en ligne de Revival Motorways est facilit\u00e9e. Revival Highway est un transport charter de passagers qui emprunte depuis longtemps les routes de Bulawayo \u00e0 Johannesburg. C&#039;est l&#039;une des meilleures compagnies de bus sur l&#039;itin\u00e9raire et elle a acquis le meilleur statut aupr\u00e8s de ses clients. Alors faites la r\u00e9servation de billets de bus en ligne Revival Motorways d\u00e8s maintenant !<\/p>\n<h2>FAQ sur la r\u00e9servation en ligne de Revival Motorways<\/h2>\n<h3>Quels sont les trajets en bus Revival Motorways et leurs tarifs ?<\/h3>\n<p>Ils organisent chaque jour des visites bien programm\u00e9es, partant de Kelvin Depot jusqu&#039;\u00e0 la station Powerhouse de Braamfontein en Afrique du Sud. Voyager avec eux est si simple qu&#039;ils ont r\u00e9pertori\u00e9 toutes les coordonn\u00e9es pour que vous puissiez effectuer votre r\u00e9servation Revival Motorways \u00e0 l&#039;avance.<\/p>\n<h3>Relance des flottes autorouti\u00e8res<\/h3>\n<p>D\u00e8s leur origine, ils \u00e9taient d\u00e9sireux d&#039;investir leur capital dans une flotte de premier ordre pour le confort de leurs passagers jusqu&#039;\u00e0 leur destination. Ils investissent d\u00e9sormais massivement dans le mod\u00e8le de bus Scania avec des carrosseries Irizar, Marcopolo et MCV.<\/p>\n<p>Leur bus est dot\u00e9 de si\u00e8ges inclinables avec des configurations de deux par trois. Tous leurs bus sont auto-hygi\u00e9niques et il est conseill\u00e9 de les nettoyer pendant que vous \u00eates dans le bus. Vous profiterez de divertissements \u00e0 bord comme la meilleure musique, la t\u00e9l\u00e9vision et bien d&#039;autres encore pendant que vous voyagez avec eux. Tous leurs bus disposent d&#039;un service de climatisation par temps froid et par temps chaud.<\/p>\n<h3>Quelles sont les coordonn\u00e9es et les coordonn\u00e9es du bureau des bus Revival Motorways ?<\/h3>\n<p>Revival Motorways Pvt Ltd<br \/>\nStand 15292, route<br \/>\nKelvin Ouest<br \/>\nBulawayo<br \/>\nZimbabwe<\/p>\n<h2>Conseils pour la r\u00e9servation de billets de bus en ligne de Revival Motorways<\/h2>\n<h3>Relance des services autoroutiers<\/h3>\n<p>Cette entreprise de bus se concentre en grande partie sur les services de transport de passagers entre l&#039;Afrique du Sud et le Zimbabwe pour les d\u00e9placements quotidiens. Ils prennent soin de leurs passagers et la r\u00e9servation peut s&#039;effectuer dans leurs bureaux, dans leur terminal ou encore en les contactant via les moyens de communication qui leur sont propos\u00e9s.<\/p>\n<p>Ils transportent \u00e9galement des colis et petits bagages \u00e0 un prix raisonnable entre ces 2 pays. Leurs bus sont \u00e9galement accessibles \u00e0 la location \u00e0 toute personne ayant besoin de leurs services \u00e0 tout moment.<\/p>\n<h2><\/h2>","protected":false},"excerpt":{"rendered":"<p>Revival Motorways\u00a0Online Bus Ticket Booking Discover your travel route on web, mobile or app and book cheap Revival Motorways bus tickets online now. Revival Motorways online booking made easy. Revival motorway is a passenger charter transport which plays the Bulawayo to Johannesburg routes for a long time. This is one among the top bus firm [&hellip;]<\/p>\n","protected":false},"author":1,"featured_media":13999,"parent":0,"menu_order":0,"comment_status":"open","ping_status":"closed","template":"template-home-modern.php","meta":{"footnotes":""},"class_list":["post-10966","page","type-page","status-publish","has-post-thumbnail","hentry"],"yoast_head":"<!-- This site is optimized with the Yoast SEO plugin v27.2 - https:\/\/yoast.com\/product\/yoast-seo-wordpress\/ -->\n<title>Revival Motorways Online Booking, Bus Tickets, Route, Schedule &amp; Fare<\/title>\n<meta name=\"description\" content=\"Looking for Revival Motorways online booking, app, contacts, bus routes, fare and schedule? Make a Revival Motorways online bus ticket booking online\" \/>\n<meta name=\"robots\" content=\"index, follow, max-snippet:-1, max-image-preview:large, max-video-preview:-1\" \/>\n<link rel=\"canonical\" href=\"https:\/\/tiketi.com\/fr-fr\/revival-motorways-buses\/\" \/>\n<meta property=\"og:locale\" content=\"fr_FR\" \/>\n<meta property=\"og:type\" content=\"article\" \/>\n<meta property=\"og:title\" content=\"Revival Motorways Online Booking, Bus Tickets, Route, Schedule &amp; Fare\" \/>\n<meta property=\"og:description\" content=\"Looking for Revival Motorways online booking, app, contacts, bus routes, fare and schedule? Make a Revival Motorways online bus ticket booking online\" \/>\n<meta property=\"og:url\" content=\"https:\/\/tiketi.com\/fr-fr\/revival-motorways-buses\/\" \/>\n<meta property=\"og:site_name\" content=\"Tiketi.com\" \/>\n<meta property=\"article:publisher\" content=\"https:\/\/www.facebook.com\/TiketiCom\/\" \/>\n<meta property=\"article:modified_time\" content=\"2022-02-19T14:20:57+00:00\" \/>\n<meta property=\"og:image\" content=\"https:\/\/tiketi.com\/wp-content\/uploads\/2022\/01\/bus-ticket-online-booking.jpg\" \/>\n\t<meta property=\"og:image:width\" content=\"1200\" \/>\n\t<meta property=\"og:image:height\" content=\"206\" \/>\n\t<meta property=\"og:image:type\" content=\"image\/jpeg\" \/>\n<meta name=\"twitter:card\" content=\"summary_large_image\" \/>\n<meta name=\"twitter:label1\" content=\"Dur\u00e9e de lecture estim\u00e9e\" \/>\n\t<meta name=\"twitter:data1\" content=\"2 minutes\" \/>\n<script type=\"application\/ld+json\" class=\"yoast-schema-graph\">{\"@context\":\"https:\/\/schema.org\",\"@graph\":[{\"@type\":\"WebPage\",\"@id\":\"https:\/\/tiketi.com\/revival-motorways-buses\/\",\"url\":\"https:\/\/tiketi.com\/revival-motorways-buses\/\",\"name\":\"Revival Motorways Online Booking, Bus Tickets, Route, Schedule & Fare\",\"isPartOf\":{\"@id\":\"https:\/\/tiketi.com\/#website\"},\"primaryImageOfPage\":{\"@id\":\"https:\/\/tiketi.com\/revival-motorways-buses\/#primaryimage\"},\"image\":{\"@id\":\"https:\/\/tiketi.com\/revival-motorways-buses\/#primaryimage\"},\"thumbnailUrl\":\"https:\/\/tiketi.com\/wp-content\/uploads\/2022\/01\/bus-ticket-online-booking.jpg\",\"datePublished\":\"2022-01-19T11:54:02+00:00\",\"dateModified\":\"2022-02-19T14:20:57+00:00\",\"description\":\"Looking for Revival Motorways online booking, app, contacts, bus routes, fare and schedule? Make a Revival Motorways online bus ticket booking online\",\"breadcrumb\":{\"@id\":\"https:\/\/tiketi.com\/revival-motorways-buses\/#breadcrumb\"},\"inLanguage\":\"fr-FR\",\"potentialAction\":[{\"@type\":\"ReadAction\",\"target\":[\"https:\/\/tiketi.com\/revival-motorways-buses\/\"]}]},{\"@type\":\"ImageObject\",\"inLanguage\":\"fr-FR\",\"@id\":\"https:\/\/tiketi.com\/revival-motorways-buses\/#primaryimage\",\"url\":\"https:\/\/tiketi.com\/wp-content\/uploads\/2022\/01\/bus-ticket-online-booking.jpg\",\"contentUrl\":\"https:\/\/tiketi.com\/wp-content\/uploads\/2022\/01\/bus-ticket-online-booking.jpg\",\"width\":1200,\"height\":206,\"caption\":\"Online Bus Ticket Booking\"},{\"@type\":\"BreadcrumbList\",\"@id\":\"https:\/\/tiketi.com\/revival-motorways-buses\/#breadcrumb\",\"itemListElement\":[{\"@type\":\"ListItem\",\"position\":1,\"name\":\"Home\",\"item\":\"https:\/\/tiketi.com\/\"},{\"@type\":\"ListItem\",\"position\":2,\"name\":\"Revival Motorways Online Booking, Bus Tickets, Route, Schedule &#038; Fare\"}]},{\"@type\":\"WebSite\",\"@id\":\"https:\/\/tiketi.com\/#website\",\"url\":\"https:\/\/tiketi.com\/\",\"name\":\"Flight & Bus Tickets, Tour Packages & Activitites - Tiketi.com\",\"description\":\"Flight &amp; Bus Tickets, Tours, Activitites\",\"publisher\":{\"@id\":\"https:\/\/tiketi.com\/#organization\"},\"potentialAction\":[{\"@type\":\"SearchAction\",\"target\":{\"@type\":\"EntryPoint\",\"urlTemplate\":\"https:\/\/tiketi.com\/?s={search_term_string}\"},\"query-input\":{\"@type\":\"PropertyValueSpecification\",\"valueRequired\":true,\"valueName\":\"search_term_string\"}}],\"inLanguage\":\"fr-FR\"},{\"@type\":\"Organization\",\"@id\":\"https:\/\/tiketi.com\/#organization\",\"name\":\"Tiketi.com\",\"alternateName\":\"Tiketi\",\"url\":\"https:\/\/tiketi.com\/\",\"logo\":{\"@type\":\"ImageObject\",\"inLanguage\":\"fr-FR\",\"@id\":\"https:\/\/tiketi.com\/#\/schema\/logo\/image\/\",\"url\":\"https:\/\/tiketi.com\/wp-content\/uploads\/2019\/05\/tiketi-logo-696.png\",\"contentUrl\":\"https:\/\/tiketi.com\/wp-content\/uploads\/2019\/05\/tiketi-logo-696.png\",\"width\":696,\"height\":696,\"caption\":\"Tiketi.com\"},\"image\":{\"@id\":\"https:\/\/tiketi.com\/#\/schema\/logo\/image\/\"},\"sameAs\":[\"https:\/\/www.facebook.com\/TiketiCom\/\"]}]}<\/script>\n<!-- \/ Yoast SEO plugin. -->","yoast_head_json":{"title":"Revival Motorways R\u00e9servation en ligne, billets de bus, itin\u00e9raire, horaires et tarifs","description":"Vous recherchez une r\u00e9servation en ligne, une application, des contacts, des itin\u00e9raires de bus, des tarifs et des horaires de Revival Motorways\u00a0? Faire une r\u00e9servation de billet de bus en ligne Revival Motorways en ligne","robots":{"index":"index","follow":"follow","max-snippet":"max-snippet:-1","max-image-preview":"max-image-preview:large","max-video-preview":"max-video-preview:-1"},"canonical":"https:\/\/tiketi.com\/fr-fr\/revival-motorways-buses\/","og_locale":"fr_FR","og_type":"article","og_title":"Revival Motorways Online Booking, Bus Tickets, Route, Schedule & Fare","og_description":"Looking for Revival Motorways online booking, app, contacts, bus routes, fare and schedule? Make a Revival Motorways online bus ticket booking online","og_url":"https:\/\/tiketi.com\/fr-fr\/revival-motorways-buses\/","og_site_name":"Tiketi.com","article_publisher":"https:\/\/www.facebook.com\/TiketiCom\/","article_modified_time":"2022-02-19T14:20:57+00:00","og_image":[{"width":1200,"height":206,"url":"https:\/\/tiketi.com\/wp-content\/uploads\/2022\/01\/bus-ticket-online-booking.jpg","type":"image\/jpeg"}],"twitter_card":"summary_large_image","twitter_misc":{"Dur\u00e9e de lecture estim\u00e9e":"2 minutes"},"schema":{"@context":"https:\/\/schema.org","@graph":[{"@type":"WebPage","@id":"https:\/\/tiketi.com\/revival-motorways-buses\/","url":"https:\/\/tiketi.com\/revival-motorways-buses\/","name":"Revival Motorways R\u00e9servation en ligne, billets de bus, itin\u00e9raire, horaires et tarifs","isPartOf":{"@id":"https:\/\/tiketi.com\/#website"},"primaryImageOfPage":{"@id":"https:\/\/tiketi.com\/revival-motorways-buses\/#primaryimage"},"image":{"@id":"https:\/\/tiketi.com\/revival-motorways-buses\/#primaryimage"},"thumbnailUrl":"https:\/\/tiketi.com\/wp-content\/uploads\/2022\/01\/bus-ticket-online-booking.jpg","datePublished":"2022-01-19T11:54:02+00:00","dateModified":"2022-02-19T14:20:57+00:00","description":"Vous recherchez une r\u00e9servation en ligne, une application, des contacts, des itin\u00e9raires de bus, des tarifs et des horaires de Revival Motorways\u00a0? Faire une r\u00e9servation de billet de bus en ligne Revival Motorways en ligne","breadcrumb":{"@id":"https:\/\/tiketi.com\/revival-motorways-buses\/#breadcrumb"},"inLanguage":"fr-FR","potentialAction":[{"@type":"ReadAction","target":["https:\/\/tiketi.com\/revival-motorways-buses\/"]}]},{"@type":"ImageObject","inLanguage":"fr-FR","@id":"https:\/\/tiketi.com\/revival-motorways-buses\/#primaryimage","url":"https:\/\/tiketi.com\/wp-content\/uploads\/2022\/01\/bus-ticket-online-booking.jpg","contentUrl":"https:\/\/tiketi.com\/wp-content\/uploads\/2022\/01\/bus-ticket-online-booking.jpg","width":1200,"height":206,"caption":"Online Bus Ticket Booking"},{"@type":"BreadcrumbList","@id":"https:\/\/tiketi.com\/revival-motorways-buses\/#breadcrumb","itemListElement":[{"@type":"ListItem","position":1,"name":"Home","item":"https:\/\/tiketi.com\/"},{"@type":"ListItem","position":2,"name":"Revival Motorways Online Booking, Bus Tickets, Route, Schedule &#038; Fare"}]},{"@type":"WebSite","@id":"https:\/\/tiketi.com\/#website","url":"https:\/\/tiketi.com\/","name":"Billets d&#039;avion et de bus, forfaits touristiques et activit\u00e9s - Tiketi.com","description":"Billets d&#039;avion et de bus, Tours, Activit\u00e9s","publisher":{"@id":"https:\/\/tiketi.com\/#organization"},"potentialAction":[{"@type":"SearchAction","target":{"@type":"EntryPoint","urlTemplate":"https:\/\/tiketi.com\/?s={search_term_string}"},"query-input":{"@type":"PropertyValueSpecification","valueRequired":true,"valueName":"search_term_string"}}],"inLanguage":"fr-FR"},{"@type":"Organization","@id":"https:\/\/tiketi.com\/#organization","name":"Tiketi.com","alternateName":"Tiketi","url":"https:\/\/tiketi.com\/","logo":{"@type":"ImageObject","inLanguage":"fr-FR","@id":"https:\/\/tiketi.com\/#\/schema\/logo\/image\/","url":"https:\/\/tiketi.com\/wp-content\/uploads\/2019\/05\/tiketi-logo-696.png","contentUrl":"https:\/\/tiketi.com\/wp-content\/uploads\/2019\/05\/tiketi-logo-696.png","width":696,"height":696,"caption":"Tiketi.com"},"image":{"@id":"https:\/\/tiketi.com\/#\/schema\/logo\/image\/"},"sameAs":["https:\/\/www.facebook.com\/TiketiCom\/"]}]}},"_links":{"self":[{"href":"https:\/\/tiketi.com\/fr-fr\/wp-json\/wp\/v2\/pages\/10966","targetHints":{"allow":["GET"]}}],"collection":[{"href":"https:\/\/tiketi.com\/fr-fr\/wp-json\/wp\/v2\/pages"}],"about":[{"href":"https:\/\/tiketi.com\/fr-fr\/wp-json\/wp\/v2\/types\/page"}],"author":[{"embeddable":true,"href":"https:\/\/tiketi.com\/fr-fr\/wp-json\/wp\/v2\/users\/1"}],"replies":[{"embeddable":true,"href":"https:\/\/tiketi.com\/fr-fr\/wp-json\/wp\/v2\/comments?post=10966"}],"version-history":[{"count":0,"href":"https:\/\/tiketi.com\/fr-fr\/wp-json\/wp\/v2\/pages\/10966\/revisions"}],"wp:featuredmedia":[{"embeddable":true,"href":"https:\/\/tiketi.com\/fr-fr\/wp-json\/wp\/v2\/media\/13999"}],"wp:attachment":[{"href":"https:\/\/tiketi.com\/fr-fr\/wp-json\/wp\/v2\/media?parent=10966"}],"curies":[{"name":"wp","href":"https:\/\/api.w.org\/{rel}","templated":true}]}}