{"id":10967,"date":"2022-01-19T12:54:02","date_gmt":"2022-01-19T11:54:02","guid":{"rendered":"https:\/\/new.tiketi.com\/raqeeb-royal-class-online-booking-tanga-to-arusha-tickets\/"},"modified":"2022-02-19T15:01:37","modified_gmt":"2022-02-19T14:01:37","slug":"raqeeb-royal-class-buses","status":"publish","type":"page","link":"https:\/\/tiketi.com\/fr-fr\/raqeeb-royal-class-buses\/","title":{"rendered":"Raqeeb Royal Class R\u00e9servation en ligne de billets Tanga \u00e0 Arusha"},"content":{"rendered":"<h2>Raqeeb Luxury Coach R\u00e9servation de billets en ligne Tanzanie<\/h2>\n<h3>D\u00e9couvrez votre itin\u00e9raire de voyage sur le Web, votre mobile ou votre application et r\u00e9servez d\u00e8s maintenant en ligne des billets de bus Raqeeb Royal Class \u00e0 bas prix.<\/h3>\n<p>La r\u00e9servation en ligne de Raqeeb Royal Class est facilit\u00e9e. La classe royale Raqeeb est une compagnie de bus l\u00e9gendaire sur la route Tanga-Arusha. La classe royale Raqeeb a commenc\u00e9 ses activit\u00e9s il y a environ 10 ans et sert toujours les clients qui d\u00e9m\u00e9nagent vers et depuis la ville de Tanga. Faites de m\u00eame en r\u00e9servant vos billets en ligne pour Raqeeb Luxury Coach d\u00e8s maintenant\u00a0!<\/p>\n<h2>FAQ sur la r\u00e9servation en ligne de la classe Royale Raqeeb<\/h2>\n<h3>Quels sont les trajets et les prix des bus Leo Luxury Coach ?<\/h3>\n<p>Tanga \u2013 Arusha en passant par Moshi<\/p>\n<h3>Quels sont les coordonn\u00e9es et les coordonn\u00e9es du bureau de Raqeeb Royal Class et des bus\u00a0?<\/h3>\n<p>Tanga, Tanzanie<\/p>\n<h2>Conseils pour la r\u00e9servation de billets en ligne pour l&#039;autocar de luxe Raqeeb<\/h2>\n<p>Au d\u00e9but, la classe royale Raqeeb utilisait un mod\u00e8le de bus Scania avec des carrosseries assembl\u00e9es localement avant d&#039;investir dans des bus chinois Yutong ces derni\u00e8res ann\u00e9es. Ils fonctionnent en 2 classes, la classe ordinaire et la classe semi-luxe.<\/p>\n<p>Leurs autocars semi-luxueux ont du plaisir \u00e0 bord et certains d&#039;entre eux disposent d&#039;un service de climatisation tout au long du trajet.<\/p>","protected":false},"excerpt":{"rendered":"<p>Raqeeb Luxury Coach Online Ticket Booking\u00a0Tanzania Discover your travel route on web, mobile or app and book cheap Raqeeb Royal Class bus tickets online now. Raqeeb Royal Class\u00a0online booking made easy.\u00a0Raqeeb royal class is a legendary bus firm in Tanga to Arusha route. Raqeeb royal class started its operation about 10 years and still serving [&hellip;]<\/p>\n","protected":false},"author":1,"featured_media":13999,"parent":0,"menu_order":0,"comment_status":"open","ping_status":"closed","template":"template-home-modern.php","meta":{"footnotes":""},"class_list":["post-10967","page","type-page","status-publish","has-post-thumbnail","hentry"],"yoast_head":"<!-- This site is optimized with the Yoast SEO plugin v27.2 - https:\/\/yoast.com\/product\/yoast-seo-wordpress\/ -->\n<title>Raqeeb Royal Class Online Booking Tanga to Arusha Tickets<\/title>\n<meta name=\"description\" content=\"Looking for Raqeeb Royal Class online booking Tanzania? Make cheap Raqeeb Luxury Coach online ticket booking online now and save\" \/>\n<meta name=\"robots\" content=\"index, follow, max-snippet:-1, max-image-preview:large, max-video-preview:-1\" \/>\n<link rel=\"canonical\" href=\"https:\/\/tiketi.com\/fr-fr\/raqeeb-royal-class-buses\/\" \/>\n<meta property=\"og:locale\" content=\"fr_FR\" \/>\n<meta property=\"og:type\" content=\"article\" \/>\n<meta property=\"og:title\" content=\"Raqeeb Royal Class Online Booking Tanga to Arusha Tickets\" \/>\n<meta property=\"og:description\" content=\"Looking for Raqeeb Royal Class online booking Tanzania? Make cheap Raqeeb Luxury Coach online ticket booking online now and save\" \/>\n<meta property=\"og:url\" content=\"https:\/\/tiketi.com\/fr-fr\/raqeeb-royal-class-buses\/\" \/>\n<meta property=\"og:site_name\" content=\"Tiketi.com\" \/>\n<meta property=\"article:publisher\" content=\"https:\/\/www.facebook.com\/TiketiCom\/\" \/>\n<meta property=\"article:modified_time\" content=\"2022-02-19T14:01:37+00:00\" \/>\n<meta property=\"og:image\" content=\"https:\/\/tiketi.com\/wp-content\/uploads\/2022\/01\/bus-ticket-online-booking.jpg\" \/>\n\t<meta property=\"og:image:width\" content=\"1200\" \/>\n\t<meta property=\"og:image:height\" content=\"206\" \/>\n\t<meta property=\"og:image:type\" content=\"image\/jpeg\" \/>\n<meta name=\"twitter:card\" content=\"summary_large_image\" \/>\n<meta name=\"twitter:label1\" content=\"Dur\u00e9e de lecture estim\u00e9e\" \/>\n\t<meta name=\"twitter:data1\" content=\"1 minute\" \/>\n<script type=\"application\/ld+json\" class=\"yoast-schema-graph\">{\"@context\":\"https:\/\/schema.org\",\"@graph\":[{\"@type\":\"WebPage\",\"@id\":\"https:\/\/tiketi.com\/en-gb\/raqeeb-royal-class-buses\/\",\"url\":\"https:\/\/tiketi.com\/en-gb\/raqeeb-royal-class-buses\/\",\"name\":\"Raqeeb Royal Class Online Booking Tanga to Arusha Tickets\",\"isPartOf\":{\"@id\":\"https:\/\/tiketi.com\/#website\"},\"primaryImageOfPage\":{\"@id\":\"https:\/\/tiketi.com\/en-gb\/raqeeb-royal-class-buses\/#primaryimage\"},\"image\":{\"@id\":\"https:\/\/tiketi.com\/en-gb\/raqeeb-royal-class-buses\/#primaryimage\"},\"thumbnailUrl\":\"https:\/\/tiketi.com\/wp-content\/uploads\/2022\/01\/bus-ticket-online-booking.jpg\",\"datePublished\":\"2022-01-19T11:54:02+00:00\",\"dateModified\":\"2022-02-19T14:01:37+00:00\",\"description\":\"Looking for Raqeeb Royal Class online booking Tanzania? Make cheap Raqeeb Luxury Coach online ticket booking online now and save\",\"breadcrumb\":{\"@id\":\"https:\/\/tiketi.com\/en-gb\/raqeeb-royal-class-buses\/#breadcrumb\"},\"inLanguage\":\"fr-FR\",\"potentialAction\":[{\"@type\":\"ReadAction\",\"target\":[\"https:\/\/tiketi.com\/en-gb\/raqeeb-royal-class-buses\/\"]}]},{\"@type\":\"ImageObject\",\"inLanguage\":\"fr-FR\",\"@id\":\"https:\/\/tiketi.com\/en-gb\/raqeeb-royal-class-buses\/#primaryimage\",\"url\":\"https:\/\/tiketi.com\/wp-content\/uploads\/2022\/01\/bus-ticket-online-booking.jpg\",\"contentUrl\":\"https:\/\/tiketi.com\/wp-content\/uploads\/2022\/01\/bus-ticket-online-booking.jpg\",\"width\":1200,\"height\":206,\"caption\":\"Online Bus Ticket Booking\"},{\"@type\":\"BreadcrumbList\",\"@id\":\"https:\/\/tiketi.com\/en-gb\/raqeeb-royal-class-buses\/#breadcrumb\",\"itemListElement\":[{\"@type\":\"ListItem\",\"position\":1,\"name\":\"Home\",\"item\":\"https:\/\/tiketi.com\/\"},{\"@type\":\"ListItem\",\"position\":2,\"name\":\"Raqeeb Royal Class Online Booking Tanga to Arusha Tickets\"}]},{\"@type\":\"WebSite\",\"@id\":\"https:\/\/tiketi.com\/#website\",\"url\":\"https:\/\/tiketi.com\/\",\"name\":\"Flight & Bus Tickets, Tour Packages & Activitites - Tiketi.com\",\"description\":\"Flight &amp; Bus Tickets, Tours, Activitites\",\"publisher\":{\"@id\":\"https:\/\/tiketi.com\/#organization\"},\"potentialAction\":[{\"@type\":\"SearchAction\",\"target\":{\"@type\":\"EntryPoint\",\"urlTemplate\":\"https:\/\/tiketi.com\/?s={search_term_string}\"},\"query-input\":{\"@type\":\"PropertyValueSpecification\",\"valueRequired\":true,\"valueName\":\"search_term_string\"}}],\"inLanguage\":\"fr-FR\"},{\"@type\":\"Organization\",\"@id\":\"https:\/\/tiketi.com\/#organization\",\"name\":\"Tiketi.com\",\"alternateName\":\"Tiketi\",\"url\":\"https:\/\/tiketi.com\/\",\"logo\":{\"@type\":\"ImageObject\",\"inLanguage\":\"fr-FR\",\"@id\":\"https:\/\/tiketi.com\/#\/schema\/logo\/image\/\",\"url\":\"https:\/\/tiketi.com\/wp-content\/uploads\/2019\/05\/tiketi-logo-696.png\",\"contentUrl\":\"https:\/\/tiketi.com\/wp-content\/uploads\/2019\/05\/tiketi-logo-696.png\",\"width\":696,\"height\":696,\"caption\":\"Tiketi.com\"},\"image\":{\"@id\":\"https:\/\/tiketi.com\/#\/schema\/logo\/image\/\"},\"sameAs\":[\"https:\/\/www.facebook.com\/TiketiCom\/\"]}]}<\/script>\n<!-- \/ Yoast SEO plugin. -->","yoast_head_json":{"title":"Raqeeb Royal Class R\u00e9servation en ligne de billets Tanga \u00e0 Arusha","description":"Vous recherchez une r\u00e9servation en ligne de Raqeeb Royal Class en Tanzanie ? R\u00e9servez d\u00e8s maintenant vos billets en ligne pour Raqeeb Luxury Coach et \u00e9conomisez","robots":{"index":"index","follow":"follow","max-snippet":"max-snippet:-1","max-image-preview":"max-image-preview:large","max-video-preview":"max-video-preview:-1"},"canonical":"https:\/\/tiketi.com\/fr-fr\/raqeeb-royal-class-buses\/","og_locale":"fr_FR","og_type":"article","og_title":"Raqeeb Royal Class Online Booking Tanga to Arusha Tickets","og_description":"Looking for Raqeeb Royal Class online booking Tanzania? Make cheap Raqeeb Luxury Coach online ticket booking online now and save","og_url":"https:\/\/tiketi.com\/fr-fr\/raqeeb-royal-class-buses\/","og_site_name":"Tiketi.com","article_publisher":"https:\/\/www.facebook.com\/TiketiCom\/","article_modified_time":"2022-02-19T14:01:37+00:00","og_image":[{"width":1200,"height":206,"url":"https:\/\/tiketi.com\/wp-content\/uploads\/2022\/01\/bus-ticket-online-booking.jpg","type":"image\/jpeg"}],"twitter_card":"summary_large_image","twitter_misc":{"Dur\u00e9e de lecture estim\u00e9e":"1 minute"},"schema":{"@context":"https:\/\/schema.org","@graph":[{"@type":"WebPage","@id":"https:\/\/tiketi.com\/en-gb\/raqeeb-royal-class-buses\/","url":"https:\/\/tiketi.com\/en-gb\/raqeeb-royal-class-buses\/","name":"Raqeeb Royal Class R\u00e9servation en ligne de billets Tanga \u00e0 Arusha","isPartOf":{"@id":"https:\/\/tiketi.com\/#website"},"primaryImageOfPage":{"@id":"https:\/\/tiketi.com\/en-gb\/raqeeb-royal-class-buses\/#primaryimage"},"image":{"@id":"https:\/\/tiketi.com\/en-gb\/raqeeb-royal-class-buses\/#primaryimage"},"thumbnailUrl":"https:\/\/tiketi.com\/wp-content\/uploads\/2022\/01\/bus-ticket-online-booking.jpg","datePublished":"2022-01-19T11:54:02+00:00","dateModified":"2022-02-19T14:01:37+00:00","description":"Vous recherchez une r\u00e9servation en ligne de Raqeeb Royal Class en Tanzanie ? R\u00e9servez d\u00e8s maintenant vos billets en ligne pour Raqeeb Luxury Coach et \u00e9conomisez","breadcrumb":{"@id":"https:\/\/tiketi.com\/en-gb\/raqeeb-royal-class-buses\/#breadcrumb"},"inLanguage":"fr-FR","potentialAction":[{"@type":"ReadAction","target":["https:\/\/tiketi.com\/en-gb\/raqeeb-royal-class-buses\/"]}]},{"@type":"ImageObject","inLanguage":"fr-FR","@id":"https:\/\/tiketi.com\/en-gb\/raqeeb-royal-class-buses\/#primaryimage","url":"https:\/\/tiketi.com\/wp-content\/uploads\/2022\/01\/bus-ticket-online-booking.jpg","contentUrl":"https:\/\/tiketi.com\/wp-content\/uploads\/2022\/01\/bus-ticket-online-booking.jpg","width":1200,"height":206,"caption":"Online Bus Ticket Booking"},{"@type":"BreadcrumbList","@id":"https:\/\/tiketi.com\/en-gb\/raqeeb-royal-class-buses\/#breadcrumb","itemListElement":[{"@type":"ListItem","position":1,"name":"Home","item":"https:\/\/tiketi.com\/"},{"@type":"ListItem","position":2,"name":"Raqeeb Royal Class Online Booking Tanga to Arusha Tickets"}]},{"@type":"WebSite","@id":"https:\/\/tiketi.com\/#website","url":"https:\/\/tiketi.com\/","name":"Billets d&#039;avion et de bus, forfaits touristiques et activit\u00e9s - Tiketi.com","description":"Billets d&#039;avion et de bus, Tours, Activit\u00e9s","publisher":{"@id":"https:\/\/tiketi.com\/#organization"},"potentialAction":[{"@type":"SearchAction","target":{"@type":"EntryPoint","urlTemplate":"https:\/\/tiketi.com\/?s={search_term_string}"},"query-input":{"@type":"PropertyValueSpecification","valueRequired":true,"valueName":"search_term_string"}}],"inLanguage":"fr-FR"},{"@type":"Organization","@id":"https:\/\/tiketi.com\/#organization","name":"Tiketi.com","alternateName":"Tiketi","url":"https:\/\/tiketi.com\/","logo":{"@type":"ImageObject","inLanguage":"fr-FR","@id":"https:\/\/tiketi.com\/#\/schema\/logo\/image\/","url":"https:\/\/tiketi.com\/wp-content\/uploads\/2019\/05\/tiketi-logo-696.png","contentUrl":"https:\/\/tiketi.com\/wp-content\/uploads\/2019\/05\/tiketi-logo-696.png","width":696,"height":696,"caption":"Tiketi.com"},"image":{"@id":"https:\/\/tiketi.com\/#\/schema\/logo\/image\/"},"sameAs":["https:\/\/www.facebook.com\/TiketiCom\/"]}]}},"_links":{"self":[{"href":"https:\/\/tiketi.com\/fr-fr\/wp-json\/wp\/v2\/pages\/10967","targetHints":{"allow":["GET"]}}],"collection":[{"href":"https:\/\/tiketi.com\/fr-fr\/wp-json\/wp\/v2\/pages"}],"about":[{"href":"https:\/\/tiketi.com\/fr-fr\/wp-json\/wp\/v2\/types\/page"}],"author":[{"embeddable":true,"href":"https:\/\/tiketi.com\/fr-fr\/wp-json\/wp\/v2\/users\/1"}],"replies":[{"embeddable":true,"href":"https:\/\/tiketi.com\/fr-fr\/wp-json\/wp\/v2\/comments?post=10967"}],"version-history":[{"count":0,"href":"https:\/\/tiketi.com\/fr-fr\/wp-json\/wp\/v2\/pages\/10967\/revisions"}],"wp:featuredmedia":[{"embeddable":true,"href":"https:\/\/tiketi.com\/fr-fr\/wp-json\/wp\/v2\/media\/13999"}],"wp:attachment":[{"href":"https:\/\/tiketi.com\/fr-fr\/wp-json\/wp\/v2\/media?parent=10967"}],"curies":[{"name":"wp","href":"https:\/\/api.w.org\/{rel}","templated":true}]}}