{"id":10968,"date":"2022-01-19T12:54:02","date_gmt":"2022-01-19T11:54:02","guid":{"rendered":"https:\/\/new.tiketi.com\/phadziri-bus-services-online-booking-johannesburg-to-harare-tickets\/"},"modified":"2022-02-19T13:05:24","modified_gmt":"2022-02-19T12:05:24","slug":"phadziri-bus-services","status":"publish","type":"page","link":"https:\/\/tiketi.com\/fr-fr\/phadziri-bus-services\/","title":{"rendered":"R\u00e9servation en ligne des services de bus Phadziri, billets de Johannesburg \u00e0 Harare"},"content":{"rendered":"<h2>R\u00e9servation de billets de bus en ligne Phadziri<\/h2>\n<h3>D\u00e9couvrez votre itin\u00e9raire sur le web, le mobile ou l&#039;application et r\u00e9servez en ligne d\u00e8s maintenant des billets de bus M\u00e2con pas chers.<\/h3>\n<p>Phadziri Bus Services r\u00e9servation en ligne facile. Les services de bus Phadziri sont des services priv\u00e9s de transport de passagers par bus. Avec un dossier remarquable de service, de s\u00e9curit\u00e9 et de fiabilit\u00e9, il est devenu le plus grand fournisseur de services dans l&#039;industrie des autocars et a une route vers le Zimbabwe. Alors faites la r\u00e9servation de billets de bus en ligne Phadziri maintenant!<\/p>\n<h2>Services de bus Phadziri R\u00e9servation en ligne, billets de bus, itin\u00e9raire, horaires et tarifs<\/h2>\n<h2>FAQ<\/h2>\n<h3>Quels sont les itin\u00e9raires et les prix des bus Phadziri Bus Services ?<\/h3>\n<p>Johannesbourg \u00e0 Harare<\/p>\n<h3>Flotte de services de bus Phadziri<\/h3>\n<p>Les services de bus Phadziri exploitent diff\u00e9rents types d&#039;autocars, ils ont des autocars ordinaires et de luxe sur la plupart des itin\u00e9raires int\u00e9rieurs en Afrique du Sud. Leurs autocars de luxe pour les voyages longue distance et ces autocars \u00e9quip\u00e9s de si\u00e8ges inclinables, d&#039;un syst\u00e8me de musique, de divertissements \u00e0 bord comme la t\u00e9l\u00e9vision et d&#039;autres services de climatisation tout au long du trajet et de services de premiers secours \u00e0 leurs clients.<\/p>\n<p>Les services de bus de Phadziri circulent g\u00e9n\u00e9ralement sur les routes nationales, ce qui est unique pour transporter des universitaires, des travailleurs et offrir des services de banlieue dans les provinces sud-africaines. Ils ont \u00e9galement des bus urbains pour les services de transport point \u00e0 point.<\/p>\n<h3>Services de bus Phadziri qu&#039;ils fournissent<\/h3>\n<p>Les services de bus Phadziri proposent des trajets longue distance en Afrique du Sud et \u00e9galement des circuits transfrontaliers au Zimbabwe. En Afrique du Sud, ils voyagent dans les plus grandes villes comme Pretoria, Johannesburg, Limpopo et bien d&#039;autres. Ils ont des bus inter et intra-urbains et des petits bus pour leurs clients.<\/p>\n<p>Les services de bus Phadziri sont \u00e9galement accessibles \u00e0 la location en Afrique du Sud pour des groupes uniques, des \u00e9quipes sportives, des \u00e9coles, des touristes et d&#039;autres groupes sociaux. Leurs bus sont accessibles 7 jours sur 7.<\/p>\n<h3>Quels sont les coordonn\u00e9es et les coordonn\u00e9es du bureau des services de bus et des bus de Phadziri\u00a0?<\/h3>\n<p>Adresse : 38 Kruger St, Makhado, 0920, Afrique du Sud<br \/>\nVille du Limpopo<\/p>\n<h2>Conseils de r\u00e9servation de billets de bus en ligne Phadziri<\/h2>\n<p>Le service de bus Phadziri a commenc\u00e9 ses activit\u00e9s de transport depuis le 20-04-1995 en tant que petite entreprise desservant certaines parties d&#039;Afrique du Sud. Mais maintenant, l&#039;entreprise a grandi et a \u00e9tendu ses services aux pays voisins comme le Zimbabwe.<\/p>","protected":false},"excerpt":{"rendered":"<p>Phadziri Online Bus Ticket Booking Discover your travel route on web, mobile or app and book cheap Macon bus tickets online now. Phadziri Bus Services online booking made easy. Phadziri bus services is a privately owned passenger bus transport services. With a remarkable record of service, safety and reliability, it has become the big service [&hellip;]<\/p>\n","protected":false},"author":1,"featured_media":13999,"parent":0,"menu_order":0,"comment_status":"open","ping_status":"closed","template":"template-home-modern.php","meta":{"footnotes":""},"class_list":["post-10968","page","type-page","status-publish","has-post-thumbnail","hentry"],"yoast_head":"<!-- This site is optimized with the Yoast SEO plugin v27.3 - https:\/\/yoast.com\/product\/yoast-seo-wordpress\/ -->\n<title>Phadziri Bus Services Online Booking, Johannesburg to Harare Tickets<\/title>\n<meta name=\"description\" content=\"Looking for Phadziri Bus Services online booking, app, contacts, bus routes, fare and schedule? Make cheap Phadziri Bus Services online ticket booking\" \/>\n<meta name=\"robots\" content=\"index, follow, max-snippet:-1, max-image-preview:large, max-video-preview:-1\" \/>\n<link rel=\"canonical\" href=\"https:\/\/tiketi.com\/fr-fr\/phadziri-bus-services\/\" \/>\n<meta property=\"og:locale\" content=\"fr_FR\" \/>\n<meta property=\"og:type\" content=\"article\" \/>\n<meta property=\"og:title\" content=\"Phadziri Bus Services Online Booking, Johannesburg to Harare Tickets\" \/>\n<meta property=\"og:description\" content=\"Looking for Phadziri Bus Services online booking, app, contacts, bus routes, fare and schedule? Make cheap Phadziri Bus Services online ticket booking\" \/>\n<meta property=\"og:url\" content=\"https:\/\/tiketi.com\/fr-fr\/phadziri-bus-services\/\" \/>\n<meta property=\"og:site_name\" content=\"Tiketi.com\" \/>\n<meta property=\"article:publisher\" content=\"https:\/\/www.facebook.com\/TiketiCom\/\" \/>\n<meta property=\"article:modified_time\" content=\"2022-02-19T12:05:24+00:00\" \/>\n<meta property=\"og:image\" content=\"https:\/\/tiketi.com\/wp-content\/uploads\/2022\/01\/bus-ticket-online-booking.jpg\" \/>\n\t<meta property=\"og:image:width\" content=\"1200\" \/>\n\t<meta property=\"og:image:height\" content=\"206\" \/>\n\t<meta property=\"og:image:type\" content=\"image\/jpeg\" \/>\n<meta name=\"twitter:card\" content=\"summary_large_image\" \/>\n<meta name=\"twitter:label1\" content=\"Dur\u00e9e de lecture estim\u00e9e\" \/>\n\t<meta name=\"twitter:data1\" content=\"2 minutes\" \/>\n<script type=\"application\/ld+json\" class=\"yoast-schema-graph\">{\"@context\":\"https:\\\/\\\/schema.org\",\"@graph\":[{\"@type\":\"WebPage\",\"@id\":\"https:\\\/\\\/tiketi.com\\\/phadziri-bus-services\\\/\",\"url\":\"https:\\\/\\\/tiketi.com\\\/phadziri-bus-services\\\/\",\"name\":\"Phadziri Bus Services Online Booking, Johannesburg to Harare Tickets\",\"isPartOf\":{\"@id\":\"https:\\\/\\\/tiketi.com\\\/#website\"},\"primaryImageOfPage\":{\"@id\":\"https:\\\/\\\/tiketi.com\\\/phadziri-bus-services\\\/#primaryimage\"},\"image\":{\"@id\":\"https:\\\/\\\/tiketi.com\\\/phadziri-bus-services\\\/#primaryimage\"},\"thumbnailUrl\":\"https:\\\/\\\/tiketi.com\\\/wp-content\\\/uploads\\\/2022\\\/01\\\/bus-ticket-online-booking.jpg\",\"datePublished\":\"2022-01-19T11:54:02+00:00\",\"dateModified\":\"2022-02-19T12:05:24+00:00\",\"description\":\"Looking for Phadziri Bus Services online booking, app, contacts, bus routes, fare and schedule? Make cheap Phadziri Bus Services online ticket booking\",\"breadcrumb\":{\"@id\":\"https:\\\/\\\/tiketi.com\\\/phadziri-bus-services\\\/#breadcrumb\"},\"inLanguage\":\"fr-FR\",\"potentialAction\":[{\"@type\":\"ReadAction\",\"target\":[\"https:\\\/\\\/tiketi.com\\\/phadziri-bus-services\\\/\"]}]},{\"@type\":\"ImageObject\",\"inLanguage\":\"fr-FR\",\"@id\":\"https:\\\/\\\/tiketi.com\\\/phadziri-bus-services\\\/#primaryimage\",\"url\":\"https:\\\/\\\/tiketi.com\\\/wp-content\\\/uploads\\\/2022\\\/01\\\/bus-ticket-online-booking.jpg\",\"contentUrl\":\"https:\\\/\\\/tiketi.com\\\/wp-content\\\/uploads\\\/2022\\\/01\\\/bus-ticket-online-booking.jpg\",\"width\":1200,\"height\":206,\"caption\":\"Online Bus Ticket Booking\"},{\"@type\":\"BreadcrumbList\",\"@id\":\"https:\\\/\\\/tiketi.com\\\/phadziri-bus-services\\\/#breadcrumb\",\"itemListElement\":[{\"@type\":\"ListItem\",\"position\":1,\"name\":\"Home\",\"item\":\"https:\\\/\\\/tiketi.com\\\/\"},{\"@type\":\"ListItem\",\"position\":2,\"name\":\"Phadziri Bus Services Online Booking, Johannesburg to Harare Tickets\"}]},{\"@type\":\"WebSite\",\"@id\":\"https:\\\/\\\/tiketi.com\\\/#website\",\"url\":\"https:\\\/\\\/tiketi.com\\\/\",\"name\":\"Flight & Bus Tickets, Tour Packages & Activitites - Tiketi.com\",\"description\":\"Flight &amp; Bus Tickets, Tours, Activitites\",\"publisher\":{\"@id\":\"https:\\\/\\\/tiketi.com\\\/#organization\"},\"potentialAction\":[{\"@type\":\"SearchAction\",\"target\":{\"@type\":\"EntryPoint\",\"urlTemplate\":\"https:\\\/\\\/tiketi.com\\\/?s={search_term_string}\"},\"query-input\":{\"@type\":\"PropertyValueSpecification\",\"valueRequired\":true,\"valueName\":\"search_term_string\"}}],\"inLanguage\":\"fr-FR\"},{\"@type\":\"Organization\",\"@id\":\"https:\\\/\\\/tiketi.com\\\/#organization\",\"name\":\"Tiketi.com\",\"alternateName\":\"Tiketi\",\"url\":\"https:\\\/\\\/tiketi.com\\\/\",\"logo\":{\"@type\":\"ImageObject\",\"inLanguage\":\"fr-FR\",\"@id\":\"https:\\\/\\\/tiketi.com\\\/#\\\/schema\\\/logo\\\/image\\\/\",\"url\":\"https:\\\/\\\/tiketi.com\\\/wp-content\\\/uploads\\\/2019\\\/05\\\/tiketi-logo-696.png\",\"contentUrl\":\"https:\\\/\\\/tiketi.com\\\/wp-content\\\/uploads\\\/2019\\\/05\\\/tiketi-logo-696.png\",\"width\":696,\"height\":696,\"caption\":\"Tiketi.com\"},\"image\":{\"@id\":\"https:\\\/\\\/tiketi.com\\\/#\\\/schema\\\/logo\\\/image\\\/\"},\"sameAs\":[\"https:\\\/\\\/www.facebook.com\\\/TiketiCom\\\/\"]}]}<\/script>\n<!-- \/ Yoast SEO plugin. -->","yoast_head_json":{"title":"R\u00e9servation en ligne des services de bus Phadziri, billets de Johannesburg \u00e0 Harare","description":"Vous recherchez la r\u00e9servation en ligne, l&#039;application, les contacts, les itin\u00e9raires de bus, les tarifs et les horaires de Phadziri Bus Services\u00a0? R\u00e9servez vos billets en ligne Phadziri Bus Services \u00e0 bas prix","robots":{"index":"index","follow":"follow","max-snippet":"max-snippet:-1","max-image-preview":"max-image-preview:large","max-video-preview":"max-video-preview:-1"},"canonical":"https:\/\/tiketi.com\/fr-fr\/phadziri-bus-services\/","og_locale":"fr_FR","og_type":"article","og_title":"Phadziri Bus Services Online Booking, Johannesburg to Harare Tickets","og_description":"Looking for Phadziri Bus Services online booking, app, contacts, bus routes, fare and schedule? Make cheap Phadziri Bus Services online ticket booking","og_url":"https:\/\/tiketi.com\/fr-fr\/phadziri-bus-services\/","og_site_name":"Tiketi.com","article_publisher":"https:\/\/www.facebook.com\/TiketiCom\/","article_modified_time":"2022-02-19T12:05:24+00:00","og_image":[{"width":1200,"height":206,"url":"https:\/\/tiketi.com\/wp-content\/uploads\/2022\/01\/bus-ticket-online-booking.jpg","type":"image\/jpeg"}],"twitter_card":"summary_large_image","twitter_misc":{"Dur\u00e9e de lecture estim\u00e9e":"2 minutes"},"schema":{"@context":"https:\/\/schema.org","@graph":[{"@type":"WebPage","@id":"https:\/\/tiketi.com\/phadziri-bus-services\/","url":"https:\/\/tiketi.com\/phadziri-bus-services\/","name":"R\u00e9servation en ligne des services de bus Phadziri, billets de Johannesburg \u00e0 Harare","isPartOf":{"@id":"https:\/\/tiketi.com\/#website"},"primaryImageOfPage":{"@id":"https:\/\/tiketi.com\/phadziri-bus-services\/#primaryimage"},"image":{"@id":"https:\/\/tiketi.com\/phadziri-bus-services\/#primaryimage"},"thumbnailUrl":"https:\/\/tiketi.com\/wp-content\/uploads\/2022\/01\/bus-ticket-online-booking.jpg","datePublished":"2022-01-19T11:54:02+00:00","dateModified":"2022-02-19T12:05:24+00:00","description":"Vous recherchez la r\u00e9servation en ligne, l&#039;application, les contacts, les itin\u00e9raires de bus, les tarifs et les horaires de Phadziri Bus Services\u00a0? R\u00e9servez vos billets en ligne Phadziri Bus Services \u00e0 bas prix","breadcrumb":{"@id":"https:\/\/tiketi.com\/phadziri-bus-services\/#breadcrumb"},"inLanguage":"fr-FR","potentialAction":[{"@type":"ReadAction","target":["https:\/\/tiketi.com\/phadziri-bus-services\/"]}]},{"@type":"ImageObject","inLanguage":"fr-FR","@id":"https:\/\/tiketi.com\/phadziri-bus-services\/#primaryimage","url":"https:\/\/tiketi.com\/wp-content\/uploads\/2022\/01\/bus-ticket-online-booking.jpg","contentUrl":"https:\/\/tiketi.com\/wp-content\/uploads\/2022\/01\/bus-ticket-online-booking.jpg","width":1200,"height":206,"caption":"Online Bus Ticket Booking"},{"@type":"BreadcrumbList","@id":"https:\/\/tiketi.com\/phadziri-bus-services\/#breadcrumb","itemListElement":[{"@type":"ListItem","position":1,"name":"Home","item":"https:\/\/tiketi.com\/"},{"@type":"ListItem","position":2,"name":"Phadziri Bus Services Online Booking, Johannesburg to Harare Tickets"}]},{"@type":"WebSite","@id":"https:\/\/tiketi.com\/#website","url":"https:\/\/tiketi.com\/","name":"Billets d&#039;avion et de bus, forfaits touristiques et activit\u00e9s - Tiketi.com","description":"Billets d&#039;avion et de bus, Tours, Activit\u00e9s","publisher":{"@id":"https:\/\/tiketi.com\/#organization"},"potentialAction":[{"@type":"SearchAction","target":{"@type":"EntryPoint","urlTemplate":"https:\/\/tiketi.com\/?s={search_term_string}"},"query-input":{"@type":"PropertyValueSpecification","valueRequired":true,"valueName":"search_term_string"}}],"inLanguage":"fr-FR"},{"@type":"Organization","@id":"https:\/\/tiketi.com\/#organization","name":"Tiketi.com","alternateName":"Tiketi","url":"https:\/\/tiketi.com\/","logo":{"@type":"ImageObject","inLanguage":"fr-FR","@id":"https:\/\/tiketi.com\/#\/schema\/logo\/image\/","url":"https:\/\/tiketi.com\/wp-content\/uploads\/2019\/05\/tiketi-logo-696.png","contentUrl":"https:\/\/tiketi.com\/wp-content\/uploads\/2019\/05\/tiketi-logo-696.png","width":696,"height":696,"caption":"Tiketi.com"},"image":{"@id":"https:\/\/tiketi.com\/#\/schema\/logo\/image\/"},"sameAs":["https:\/\/www.facebook.com\/TiketiCom\/"]}]}},"_links":{"self":[{"href":"https:\/\/tiketi.com\/fr-fr\/wp-json\/wp\/v2\/pages\/10968","targetHints":{"allow":["GET"]}}],"collection":[{"href":"https:\/\/tiketi.com\/fr-fr\/wp-json\/wp\/v2\/pages"}],"about":[{"href":"https:\/\/tiketi.com\/fr-fr\/wp-json\/wp\/v2\/types\/page"}],"author":[{"embeddable":true,"href":"https:\/\/tiketi.com\/fr-fr\/wp-json\/wp\/v2\/users\/1"}],"replies":[{"embeddable":true,"href":"https:\/\/tiketi.com\/fr-fr\/wp-json\/wp\/v2\/comments?post=10968"}],"version-history":[{"count":0,"href":"https:\/\/tiketi.com\/fr-fr\/wp-json\/wp\/v2\/pages\/10968\/revisions"}],"wp:featuredmedia":[{"embeddable":true,"href":"https:\/\/tiketi.com\/fr-fr\/wp-json\/wp\/v2\/media\/13999"}],"wp:attachment":[{"href":"https:\/\/tiketi.com\/fr-fr\/wp-json\/wp\/v2\/media?parent=10968"}],"curies":[{"name":"wp","href":"https:\/\/api.w.org\/{rel}","templated":true}]}}