{"id":10970,"date":"2022-01-19T12:54:03","date_gmt":"2022-01-19T11:54:03","guid":{"rendered":"https:\/\/new.tiketi.com\/north-west-star-bus-online-booking-bus-tickets-reservation\/"},"modified":"2022-02-17T17:27:37","modified_gmt":"2022-02-17T16:27:37","slug":"north-west-star-nws-buses","status":"publish","type":"page","link":"https:\/\/tiketi.com\/fr-fr\/north-west-star-nws-buses\/","title":{"rendered":"R\u00e9servation en ligne de bus North West Star, billets de bus, itin\u00e9raire, horaires et tarifs"},"content":{"rendered":"<h2>R\u00e9servation de billets en ligne Northwest Star Tanzanie<\/h2>\n<h3>D\u00e9couvrez votre itin\u00e9raire de voyage sur le web, le mobile ou l&#039;application et r\u00e9servez en ligne d\u00e8s maintenant des billets de bus Northwest Star pas chers.<\/h3>\n<p>R\u00e9servation en ligne de bus North West Star simplifi\u00e9e. Northwest Star est une filiale de Northwest Transport Investments, une entreprise parapublique du gouvernement provincial du Nord-Ouest. Alors faites la r\u00e9servation de billets en ligne Northwest Star maintenant!<\/p>\n<h2>FAQ sur la r\u00e9servation en ligne de North West Star Bus<\/h2>\n<h3>Quels sont les trajets et les tarifs des bus Northwest Star ?<\/h3>\n<p>Northwest star Ltd offre un r\u00e9seau de services de transport public aux navetteurs, reliant la province du Nord-Ouest et le Mpumalanga \u00e0 la ville de Tshwane, Midrand et Ekurhuleni. Ces services sont principalement g\u00e9r\u00e9s en relation avec le d\u00e9partement des transports dans lequel une partie importante du tarif passager est subventionn\u00e9e par l&#039;administration.<br \/>\nEn plus d&#039;offrir des services de transport \u00e0 leurs passagers qui travaillent, des services hors pointe, des \u00e9coliers sont \u00e9galement propos\u00e9s aux acheteurs et des destinations de transport qui contiennent des services vers des cliniques, des h\u00f4pitaux, des points de paiement pour les retrait\u00e9s, etc.<\/p>\n<h3>Centres d&#039;exploitation Northwest Star<\/h3>\n<p>Ces centres sont parfaitement situ\u00e9s pour servir leurs passagers dans leur int\u00e9r\u00eat sup\u00e9rieur et pour un acc\u00e8s simple afin de communiquer les besoins et les exigences de transport sur une base continue.<br \/>\nDans le but de continuer \u00e0 communiquer, des forums de transport, choisis par leurs passagers, ont \u00e9t\u00e9 cr\u00e9\u00e9s qui se r\u00e9unissent mensuellement et aident l&#039;entreprise \u00e0 se tenir au courant des besoins de remplacement de nos passagers et des nouvelles demandes de transport.<\/p>\n<h3>Quelles sont les coordonn\u00e9es et les coordonn\u00e9es du bureau des bus Northwest Star\u00a0?<\/h3>\n<p>Si\u00e8ge social<br \/>\nAdresse physique<br \/>\nc\/o Avenue Alwyn &amp; Simon Vermooten,<br \/>\nSamcorpark, Waltloo<\/p>\n<h2>Conseils de r\u00e9servation de billets en ligne Northwest Star<\/h2>\n<p>Le gouvernement provincial du Nord-Ouest est l&#039;unique actionnaire de NTI. NWS \u00e9tait la premi\u00e8re source de transport dans la province du Nord-Ouest depuis sa cr\u00e9ation, offrant \u00e9galement un service de transport dans les provinces de Mpumalanga, Limpopo et Gauteng \u00e0 des milliers de navetteurs avec une flotte de 640 bus. Northwest star Ltd est largement consid\u00e9r\u00e9 comme l&#039;un des principaux op\u00e9rateurs de transport sur le continent africain.<\/p>","protected":false},"excerpt":{"rendered":"<p>Northwest Star\u00a0Online Ticket Booking\u00a0Tanzania Discover your travel route on web, mobile or app and book cheap Northwest Star bus tickets online now. North West Star bus online booking made easy. Northwest Star is a subsidiary of Northwest Transport investments which is a parastatal firm of the North West provincial government. So do Northwest Star online [&hellip;]<\/p>\n","protected":false},"author":1,"featured_media":13999,"parent":0,"menu_order":0,"comment_status":"open","ping_status":"closed","template":"template-home-modern.php","meta":{"footnotes":""},"class_list":["post-10970","page","type-page","status-publish","has-post-thumbnail","hentry"],"yoast_head":"<!-- This site is optimized with the Yoast SEO plugin v27.3 - https:\/\/yoast.com\/product\/yoast-seo-wordpress\/ -->\n<title>North West Star Bus Online Booking, Bus Tickets, Route, Schedule &amp; Fare<\/title>\n<meta name=\"description\" content=\"Looking for North West Star Bus online booking, app, route, fare and schedule? Make cheap North West Star Bus Mbeya to Dar es Salaam online bus ticket booking\" \/>\n<meta name=\"robots\" content=\"index, follow, max-snippet:-1, max-image-preview:large, max-video-preview:-1\" \/>\n<link rel=\"canonical\" href=\"https:\/\/tiketi.com\/fr-fr\/north-west-star-nws-buses\/\" \/>\n<meta property=\"og:locale\" content=\"fr_FR\" \/>\n<meta property=\"og:type\" content=\"article\" \/>\n<meta property=\"og:title\" content=\"North West Star Bus Online Booking, Bus Tickets, Route, Schedule &amp; Fare\" \/>\n<meta property=\"og:description\" content=\"Looking for North West Star Bus online booking, app, route, fare and schedule? Make cheap North West Star Bus Mbeya to Dar es Salaam online bus ticket booking\" \/>\n<meta property=\"og:url\" content=\"https:\/\/tiketi.com\/fr-fr\/north-west-star-nws-buses\/\" \/>\n<meta property=\"og:site_name\" content=\"Tiketi.com\" \/>\n<meta property=\"article:publisher\" content=\"https:\/\/www.facebook.com\/TiketiCom\/\" \/>\n<meta property=\"article:modified_time\" content=\"2022-02-17T16:27:37+00:00\" \/>\n<meta property=\"og:image\" content=\"https:\/\/tiketi.com\/wp-content\/uploads\/2022\/01\/bus-ticket-online-booking.jpg\" \/>\n\t<meta property=\"og:image:width\" content=\"1200\" \/>\n\t<meta property=\"og:image:height\" content=\"206\" \/>\n\t<meta property=\"og:image:type\" content=\"image\/jpeg\" \/>\n<meta name=\"twitter:card\" content=\"summary_large_image\" \/>\n<meta name=\"twitter:label1\" content=\"Dur\u00e9e de lecture estim\u00e9e\" \/>\n\t<meta name=\"twitter:data1\" content=\"2 minutes\" \/>\n<script type=\"application\/ld+json\" class=\"yoast-schema-graph\">{\"@context\":\"https:\\\/\\\/schema.org\",\"@graph\":[{\"@type\":\"WebPage\",\"@id\":\"https:\\\/\\\/tiketi.com\\\/north-west-star-nws-buses\\\/\",\"url\":\"https:\\\/\\\/tiketi.com\\\/north-west-star-nws-buses\\\/\",\"name\":\"North West Star Bus Online Booking, Bus Tickets, Route, Schedule & Fare\",\"isPartOf\":{\"@id\":\"https:\\\/\\\/tiketi.com\\\/#website\"},\"primaryImageOfPage\":{\"@id\":\"https:\\\/\\\/tiketi.com\\\/north-west-star-nws-buses\\\/#primaryimage\"},\"image\":{\"@id\":\"https:\\\/\\\/tiketi.com\\\/north-west-star-nws-buses\\\/#primaryimage\"},\"thumbnailUrl\":\"https:\\\/\\\/tiketi.com\\\/wp-content\\\/uploads\\\/2022\\\/01\\\/bus-ticket-online-booking.jpg\",\"datePublished\":\"2022-01-19T11:54:03+00:00\",\"dateModified\":\"2022-02-17T16:27:37+00:00\",\"description\":\"Looking for North West Star Bus online booking, app, route, fare and schedule? Make cheap North West Star Bus Mbeya to Dar es Salaam online bus ticket booking\",\"breadcrumb\":{\"@id\":\"https:\\\/\\\/tiketi.com\\\/north-west-star-nws-buses\\\/#breadcrumb\"},\"inLanguage\":\"fr-FR\",\"potentialAction\":[{\"@type\":\"ReadAction\",\"target\":[\"https:\\\/\\\/tiketi.com\\\/north-west-star-nws-buses\\\/\"]}]},{\"@type\":\"ImageObject\",\"inLanguage\":\"fr-FR\",\"@id\":\"https:\\\/\\\/tiketi.com\\\/north-west-star-nws-buses\\\/#primaryimage\",\"url\":\"https:\\\/\\\/tiketi.com\\\/wp-content\\\/uploads\\\/2022\\\/01\\\/bus-ticket-online-booking.jpg\",\"contentUrl\":\"https:\\\/\\\/tiketi.com\\\/wp-content\\\/uploads\\\/2022\\\/01\\\/bus-ticket-online-booking.jpg\",\"width\":1200,\"height\":206,\"caption\":\"Online Bus Ticket Booking\"},{\"@type\":\"BreadcrumbList\",\"@id\":\"https:\\\/\\\/tiketi.com\\\/north-west-star-nws-buses\\\/#breadcrumb\",\"itemListElement\":[{\"@type\":\"ListItem\",\"position\":1,\"name\":\"Home\",\"item\":\"https:\\\/\\\/tiketi.com\\\/\"},{\"@type\":\"ListItem\",\"position\":2,\"name\":\"North West Star Bus Online Booking, Bus Tickets, Route, Schedule &#038; Fare\"}]},{\"@type\":\"WebSite\",\"@id\":\"https:\\\/\\\/tiketi.com\\\/#website\",\"url\":\"https:\\\/\\\/tiketi.com\\\/\",\"name\":\"Flight & Bus Tickets, Tour Packages & Activitites - Tiketi.com\",\"description\":\"Flight &amp; Bus Tickets, Tours, Activitites\",\"publisher\":{\"@id\":\"https:\\\/\\\/tiketi.com\\\/#organization\"},\"potentialAction\":[{\"@type\":\"SearchAction\",\"target\":{\"@type\":\"EntryPoint\",\"urlTemplate\":\"https:\\\/\\\/tiketi.com\\\/?s={search_term_string}\"},\"query-input\":{\"@type\":\"PropertyValueSpecification\",\"valueRequired\":true,\"valueName\":\"search_term_string\"}}],\"inLanguage\":\"fr-FR\"},{\"@type\":\"Organization\",\"@id\":\"https:\\\/\\\/tiketi.com\\\/#organization\",\"name\":\"Tiketi.com\",\"alternateName\":\"Tiketi\",\"url\":\"https:\\\/\\\/tiketi.com\\\/\",\"logo\":{\"@type\":\"ImageObject\",\"inLanguage\":\"fr-FR\",\"@id\":\"https:\\\/\\\/tiketi.com\\\/#\\\/schema\\\/logo\\\/image\\\/\",\"url\":\"https:\\\/\\\/tiketi.com\\\/wp-content\\\/uploads\\\/2019\\\/05\\\/tiketi-logo-696.png\",\"contentUrl\":\"https:\\\/\\\/tiketi.com\\\/wp-content\\\/uploads\\\/2019\\\/05\\\/tiketi-logo-696.png\",\"width\":696,\"height\":696,\"caption\":\"Tiketi.com\"},\"image\":{\"@id\":\"https:\\\/\\\/tiketi.com\\\/#\\\/schema\\\/logo\\\/image\\\/\"},\"sameAs\":[\"https:\\\/\\\/www.facebook.com\\\/TiketiCom\\\/\"]}]}<\/script>\n<!-- \/ Yoast SEO plugin. -->","yoast_head_json":{"title":"R\u00e9servation en ligne de bus North West Star, billets de bus, itin\u00e9raire, horaires et tarifs","description":"Vous recherchez une r\u00e9servation en ligne, une application, un itin\u00e9raire, un tarif et un horaire de North West Star Bus? R\u00e9servez vos billets de bus en ligne North West Star Bus Mbeya \u00e0 Dar es Salam pas chers","robots":{"index":"index","follow":"follow","max-snippet":"max-snippet:-1","max-image-preview":"max-image-preview:large","max-video-preview":"max-video-preview:-1"},"canonical":"https:\/\/tiketi.com\/fr-fr\/north-west-star-nws-buses\/","og_locale":"fr_FR","og_type":"article","og_title":"North West Star Bus Online Booking, Bus Tickets, Route, Schedule & Fare","og_description":"Looking for North West Star Bus online booking, app, route, fare and schedule? Make cheap North West Star Bus Mbeya to Dar es Salaam online bus ticket booking","og_url":"https:\/\/tiketi.com\/fr-fr\/north-west-star-nws-buses\/","og_site_name":"Tiketi.com","article_publisher":"https:\/\/www.facebook.com\/TiketiCom\/","article_modified_time":"2022-02-17T16:27:37+00:00","og_image":[{"width":1200,"height":206,"url":"https:\/\/tiketi.com\/wp-content\/uploads\/2022\/01\/bus-ticket-online-booking.jpg","type":"image\/jpeg"}],"twitter_card":"summary_large_image","twitter_misc":{"Dur\u00e9e de lecture estim\u00e9e":"2 minutes"},"schema":{"@context":"https:\/\/schema.org","@graph":[{"@type":"WebPage","@id":"https:\/\/tiketi.com\/north-west-star-nws-buses\/","url":"https:\/\/tiketi.com\/north-west-star-nws-buses\/","name":"R\u00e9servation en ligne de bus North West Star, billets de bus, itin\u00e9raire, horaires et tarifs","isPartOf":{"@id":"https:\/\/tiketi.com\/#website"},"primaryImageOfPage":{"@id":"https:\/\/tiketi.com\/north-west-star-nws-buses\/#primaryimage"},"image":{"@id":"https:\/\/tiketi.com\/north-west-star-nws-buses\/#primaryimage"},"thumbnailUrl":"https:\/\/tiketi.com\/wp-content\/uploads\/2022\/01\/bus-ticket-online-booking.jpg","datePublished":"2022-01-19T11:54:03+00:00","dateModified":"2022-02-17T16:27:37+00:00","description":"Vous recherchez une r\u00e9servation en ligne, une application, un itin\u00e9raire, un tarif et un horaire de North West Star Bus? R\u00e9servez vos billets de bus en ligne North West Star Bus Mbeya \u00e0 Dar es Salam pas chers","breadcrumb":{"@id":"https:\/\/tiketi.com\/north-west-star-nws-buses\/#breadcrumb"},"inLanguage":"fr-FR","potentialAction":[{"@type":"ReadAction","target":["https:\/\/tiketi.com\/north-west-star-nws-buses\/"]}]},{"@type":"ImageObject","inLanguage":"fr-FR","@id":"https:\/\/tiketi.com\/north-west-star-nws-buses\/#primaryimage","url":"https:\/\/tiketi.com\/wp-content\/uploads\/2022\/01\/bus-ticket-online-booking.jpg","contentUrl":"https:\/\/tiketi.com\/wp-content\/uploads\/2022\/01\/bus-ticket-online-booking.jpg","width":1200,"height":206,"caption":"Online Bus Ticket Booking"},{"@type":"BreadcrumbList","@id":"https:\/\/tiketi.com\/north-west-star-nws-buses\/#breadcrumb","itemListElement":[{"@type":"ListItem","position":1,"name":"Home","item":"https:\/\/tiketi.com\/"},{"@type":"ListItem","position":2,"name":"North West Star Bus Online Booking, Bus Tickets, Route, Schedule &#038; Fare"}]},{"@type":"WebSite","@id":"https:\/\/tiketi.com\/#website","url":"https:\/\/tiketi.com\/","name":"Billets d&#039;avion et de bus, forfaits touristiques et activit\u00e9s - Tiketi.com","description":"Billets d&#039;avion et de bus, Tours, Activit\u00e9s","publisher":{"@id":"https:\/\/tiketi.com\/#organization"},"potentialAction":[{"@type":"SearchAction","target":{"@type":"EntryPoint","urlTemplate":"https:\/\/tiketi.com\/?s={search_term_string}"},"query-input":{"@type":"PropertyValueSpecification","valueRequired":true,"valueName":"search_term_string"}}],"inLanguage":"fr-FR"},{"@type":"Organization","@id":"https:\/\/tiketi.com\/#organization","name":"Tiketi.com","alternateName":"Tiketi","url":"https:\/\/tiketi.com\/","logo":{"@type":"ImageObject","inLanguage":"fr-FR","@id":"https:\/\/tiketi.com\/#\/schema\/logo\/image\/","url":"https:\/\/tiketi.com\/wp-content\/uploads\/2019\/05\/tiketi-logo-696.png","contentUrl":"https:\/\/tiketi.com\/wp-content\/uploads\/2019\/05\/tiketi-logo-696.png","width":696,"height":696,"caption":"Tiketi.com"},"image":{"@id":"https:\/\/tiketi.com\/#\/schema\/logo\/image\/"},"sameAs":["https:\/\/www.facebook.com\/TiketiCom\/"]}]}},"_links":{"self":[{"href":"https:\/\/tiketi.com\/fr-fr\/wp-json\/wp\/v2\/pages\/10970","targetHints":{"allow":["GET"]}}],"collection":[{"href":"https:\/\/tiketi.com\/fr-fr\/wp-json\/wp\/v2\/pages"}],"about":[{"href":"https:\/\/tiketi.com\/fr-fr\/wp-json\/wp\/v2\/types\/page"}],"author":[{"embeddable":true,"href":"https:\/\/tiketi.com\/fr-fr\/wp-json\/wp\/v2\/users\/1"}],"replies":[{"embeddable":true,"href":"https:\/\/tiketi.com\/fr-fr\/wp-json\/wp\/v2\/comments?post=10970"}],"version-history":[{"count":0,"href":"https:\/\/tiketi.com\/fr-fr\/wp-json\/wp\/v2\/pages\/10970\/revisions"}],"wp:featuredmedia":[{"embeddable":true,"href":"https:\/\/tiketi.com\/fr-fr\/wp-json\/wp\/v2\/media\/13999"}],"wp:attachment":[{"href":"https:\/\/tiketi.com\/fr-fr\/wp-json\/wp\/v2\/media?parent=10970"}],"curies":[{"name":"wp","href":"https:\/\/api.w.org\/{rel}","templated":true}]}}