{"id":10971,"date":"2022-01-19T12:54:03","date_gmt":"2022-01-19T11:54:03","guid":{"rendered":"https:\/\/new.tiketi.com\/nbs-bus-online-booking-dar-es-salaam-to-tabora-tickets-reservation\/"},"modified":"2025-08-03T19:23:16","modified_gmt":"2025-08-03T18:23:16","slug":"llassic-nbs-buses-tz","status":"publish","type":"page","link":"https:\/\/tiketi.com\/fr-fr\/companies\/buses\/llassic-nbs-buses-tz\/","title":{"rendered":"R\u00e9servation en ligne de bus NBS de Dar es Salaam \u00e0 Tabora, billets de bus et tarifs"},"content":{"rendered":"<h2>R\u00e9servation de billets en ligne NBS Classic Tanzanie<\/h2>\n<h3>D\u00e9couvrez votre itin\u00e9raire de voyage sur le Web, le mobile ou l&#039;application et r\u00e9servez en ligne d\u00e8s maintenant des billets de bus NBS \u00e0 bas prix.<\/h3>\n<p>R\u00e9servation en ligne NBS Bus simplifi\u00e9e. NBS classic est une entreprise tanzanienne de transport de passagers bas\u00e9e dans les r\u00e9gions de Tabora. Ils sont dans les services de transfert de passagers depuis plus de vingt ans, desservant des clients des r\u00e9gions de Tabora vers d&#039;autres villes et villages c\u00e9l\u00e8bres de Tanzanie. Alors faites la r\u00e9servation de billets en ligne NBS Classic maintenant!<\/p>\n<h2>FAQ sur la r\u00e9servation en ligne de NBS Bus<\/h2>\n<h3>Quels sont les trajets et les prix des bus de r\u00e9servation de billets en ligne NBS Classic ?<\/h3>\n<p>\u2022 Arusha \u00e0 Bukoba<br \/>\n\u2022 Arusha \u00e0 Kigoma<br \/>\n\u2022 Tabora \u00e0 Dar es Salam<br \/>\n\u2022 Tabora ToMoshi via Arusha<br \/>\n\u2022 Tabora \u00e0 Mwanza<br \/>\n\u2022 Tabora \u00e0 Mpanda<br \/>\n\u2022 Tabora \u00e0 Kigoma<\/p>\n<h3>Ligne de service de bus classique NBS<\/h3>\n<p>L&#039;entreprise propose des services quotidiens de transfert de passagers de la r\u00e9gion de Tabora vers de nombreuses autres parties de la terre cl\u00e9 de la Tanzanie. Ils ont des routes comp\u00e9titives vers Mbeya, Dar es Salaam et Arusha si d&#039;autres grandes entreprises fournissent leurs services.<\/p>\n<p>La classe NBS a des d\u00e9parts le matin dans toutes les zones et quelques d\u00e9parts l&#039;apr\u00e8s-midi dans certaines villes principalement pour de petites routes. La r\u00e9servation de leurs billets peut \u00eatre effectu\u00e9e \u00e0 leurs bureaux situ\u00e9s dans tous les terminaux de bus et \u00e0 leurs bureaux cl\u00e9s situ\u00e9s \u00e0 l&#039;ext\u00e9rieur des terminaux.<\/p>\n<p>La r\u00e9servation de leurs billets peut \u00eatre effectu\u00e9e dans leurs bureaux situ\u00e9s dans tous les terminaux de bus et dans les bureaux cl\u00e9s situ\u00e9s \u00e0 l&#039;ext\u00e9rieur des terminaux.<br \/>\nLeurs services de bus offrent \u00e9galement des services de transport de colis partout avec des prix abordables pour leurs clients.<\/p>\n<h3>Quelles sont les coordonn\u00e9es et les coordonn\u00e9es du bureau des bus NBS Bus &amp; Classic\u00a0?<\/h3>\n<p>Bureaux et contacts de Nbs Classic Co Ltd<br \/>\nMagomeni, Kinondoni,<br \/>\nDar es Salam<\/p>\n<h2>NBS Classic R\u00e9servation de billets en ligne Tanzanie Conseils<\/h2>\n<p>NBS classic propose \u00e9galement des services de transport de fret dans toutes les r\u00e9gions de Tanzanie, ils offrent \u00e9galement des services de messagerie \u00e0 toutes les parties o\u00f9 leurs camions et bus se rendaient. Leurs services de transport de passagers ont un meilleur statut parmi les visiteurs qui voyageaient entre les villes de Tabora et d&#039;autres villes d&#039;affaires en Tanzanie.<\/p>\n<h2>Autres compagnies de bus populaires en Tanzanie<\/h2>\n<table border=\"0\" cellspacing=\"1\" cellpadding=\"1\">\n<tbody>\n<tr>\n<td>\n<ul>\n<li><a href=\"https:\/\/tiketi.com\/fr-fr\/companies\/buses\/trinity-express\/\" target=\"_blank\" rel=\"noopener\">Trinity Express Booking<\/a><\/li>\n<\/ul>\n<\/td>\n<td style=\"width: 30px;\"><\/td>\n<td>\n<ul>\n<li><a href=\"https:\/\/tiketi.com\/fr-fr\/companies\/buses\/kilimanjaro-express\/\" target=\"_blank\" rel=\"noopener\">R\u00e9servation Dar Express<\/a><\/li>\n<\/ul>\n<\/td>\n<td style=\"width: 30px;\"><\/td>\n<td>\n<ul>\n<li><a href=\"https:\/\/tiketi.com\/fr-fr\/companies\/buses\/abood-bus\/\" target=\"_blank\" rel=\"noopener\">R\u00e9servation de bus Abood<\/a><\/li>\n<\/ul>\n<\/td>\n<\/tr>\n<tr>\n<td>\n<ul>\n<li><a href=\"https:\/\/tiketi.com\/fr-fr\/companies\/buses\/loliondo-coach\/\" target=\"_blank\" rel=\"noopener\">Loliondo Coach Booking<\/a><\/li>\n<\/ul>\n<\/td>\n<td style=\"width: 30px;\"><\/td>\n<td>\n<ul>\n<li><a href=\"https:\/\/tiketi.com\/fr-fr\/companies\/buses\/kilimanjaro-express\/\" target=\"_blank\" rel=\"noopener\">R\u00e9servation du Kilimandjaro Express<\/a><\/li>\n<\/ul>\n<\/td>\n<td style=\"width: 30px;\"><\/td>\n<td>\n<ul>\n<li><a href=\"https:\/\/tiketi.com\/fr-fr\/companies\/buses\/esther-luxury-coach\/\" target=\"_blank\" rel=\"noopener\">R\u00e9servation d&#039;autocars de luxe Esther<\/a><\/li>\n<\/ul>\n<\/td>\n<\/tr>\n<tr>\n<td>\n<ul>\n<li><a href=\"https:\/\/tiketi.com\/fr-fr\/companies\/buses\/bm-luxury-coach\/\" target=\"_blank\" rel=\"noopener\">Bm Coach Booking<\/a><\/li>\n<\/ul>\n<\/td>\n<td style=\"width: 30px;\"><\/td>\n<td>\n<ul>\n<li><a href=\"https:\/\/tiketi.com\/fr-fr\/companies\/buses\/satco-express\/\" target=\"_blank\" rel=\"noopener\">R\u00e9servation de bus Satco<\/a><\/li>\n<\/ul>\n<\/td>\n<td style=\"width: 30px;\"><\/td>\n<td>\n<ul>\n<li><a href=\"https:\/\/tiketi.com\/fr-fr\/companies\/buses\/abc-autobus-de-classe-superieur\/\" target=\"_blank\" rel=\"noopener\">R\u00e9servation de bus ABC Upper Class<\/a><\/li>\n<\/ul>\n<\/td>\n<\/tr>\n<\/tbody>\n<\/table>\n<p>&nbsp;<\/p>\n<p>&nbsp;<\/p>\n<p>&nbsp;<\/p>","protected":false},"excerpt":{"rendered":"<p>NBS Classic Online Ticket Booking\u00a0Tanzania Discover your travel route on web, mobile or app and book cheap NBS bus tickets online now. NBS Bus\u00a0online booking made easy. NBS classic is a Tanzanian passenger transportation firm which has based in Tabora areas. They have been in the passenger transfer services for more than twenty years serving [&hellip;]<\/p>\n","protected":false},"author":1,"featured_media":13999,"parent":25524,"menu_order":0,"comment_status":"open","ping_status":"closed","template":"template-home-modern.php","meta":{"footnotes":""},"class_list":["post-10971","page","type-page","status-publish","has-post-thumbnail","hentry"],"yoast_head":"<!-- This site is optimized with the Yoast SEO plugin v27.3 - https:\/\/yoast.com\/product\/yoast-seo-wordpress\/ -->\n<title>NBS Bus Online Booking Dar es Salaam to Tabora, Bus Tickets &amp; Fare<\/title>\n<meta name=\"description\" content=\"Looking for NBS Bus online booking, app, contacts, bus routes, fare and schedule? Make cheap NBS Classic online ticket booking online now\" \/>\n<meta name=\"robots\" content=\"index, follow, max-snippet:-1, max-image-preview:large, max-video-preview:-1\" \/>\n<link rel=\"canonical\" href=\"https:\/\/tiketi.com\/fr-fr\/companies\/buses\/llassic-nbs-buses-tz\/\" \/>\n<meta property=\"og:locale\" content=\"fr_FR\" \/>\n<meta property=\"og:type\" content=\"article\" \/>\n<meta property=\"og:title\" content=\"NBS Bus Online Booking Dar es Salaam to Tabora, Bus Tickets &amp; Fare\" \/>\n<meta property=\"og:description\" content=\"Looking for NBS Bus online booking, app, contacts, bus routes, fare and schedule? Make cheap NBS Classic online ticket booking online now\" \/>\n<meta property=\"og:url\" content=\"https:\/\/tiketi.com\/fr-fr\/companies\/buses\/llassic-nbs-buses-tz\/\" \/>\n<meta property=\"og:site_name\" content=\"Tiketi.com\" \/>\n<meta property=\"article:publisher\" content=\"https:\/\/www.facebook.com\/TiketiCom\/\" \/>\n<meta property=\"article:modified_time\" content=\"2025-08-03T18:23:16+00:00\" \/>\n<meta property=\"og:image\" content=\"https:\/\/tiketi.com\/wp-content\/uploads\/2022\/01\/bus-ticket-online-booking.jpg\" \/>\n\t<meta property=\"og:image:width\" content=\"1200\" \/>\n\t<meta property=\"og:image:height\" content=\"206\" \/>\n\t<meta property=\"og:image:type\" content=\"image\/jpeg\" \/>\n<meta name=\"twitter:card\" content=\"summary_large_image\" \/>\n<meta name=\"twitter:label1\" content=\"Dur\u00e9e de lecture estim\u00e9e\" \/>\n\t<meta name=\"twitter:data1\" content=\"2 minutes\" \/>\n<script type=\"application\/ld+json\" class=\"yoast-schema-graph\">{\"@context\":\"https:\\\/\\\/schema.org\",\"@graph\":[{\"@type\":\"WebPage\",\"@id\":\"https:\\\/\\\/tiketi.com\\\/companies\\\/buses\\\/llassic-nbs-buses-tz\\\/\",\"url\":\"https:\\\/\\\/tiketi.com\\\/companies\\\/buses\\\/llassic-nbs-buses-tz\\\/\",\"name\":\"NBS Bus Online Booking Dar es Salaam to Tabora, Bus Tickets & Fare\",\"isPartOf\":{\"@id\":\"https:\\\/\\\/tiketi.com\\\/#website\"},\"primaryImageOfPage\":{\"@id\":\"https:\\\/\\\/tiketi.com\\\/companies\\\/buses\\\/llassic-nbs-buses-tz\\\/#primaryimage\"},\"image\":{\"@id\":\"https:\\\/\\\/tiketi.com\\\/companies\\\/buses\\\/llassic-nbs-buses-tz\\\/#primaryimage\"},\"thumbnailUrl\":\"https:\\\/\\\/tiketi.com\\\/wp-content\\\/uploads\\\/2022\\\/01\\\/bus-ticket-online-booking.jpg\",\"datePublished\":\"2022-01-19T11:54:03+00:00\",\"dateModified\":\"2025-08-03T18:23:16+00:00\",\"description\":\"Looking for NBS Bus online booking, app, contacts, bus routes, fare and schedule? Make cheap NBS Classic online ticket booking online now\",\"breadcrumb\":{\"@id\":\"https:\\\/\\\/tiketi.com\\\/companies\\\/buses\\\/llassic-nbs-buses-tz\\\/#breadcrumb\"},\"inLanguage\":\"fr-FR\",\"potentialAction\":[{\"@type\":\"ReadAction\",\"target\":[\"https:\\\/\\\/tiketi.com\\\/companies\\\/buses\\\/llassic-nbs-buses-tz\\\/\"]}]},{\"@type\":\"ImageObject\",\"inLanguage\":\"fr-FR\",\"@id\":\"https:\\\/\\\/tiketi.com\\\/companies\\\/buses\\\/llassic-nbs-buses-tz\\\/#primaryimage\",\"url\":\"https:\\\/\\\/tiketi.com\\\/wp-content\\\/uploads\\\/2022\\\/01\\\/bus-ticket-online-booking.jpg\",\"contentUrl\":\"https:\\\/\\\/tiketi.com\\\/wp-content\\\/uploads\\\/2022\\\/01\\\/bus-ticket-online-booking.jpg\",\"width\":1200,\"height\":206,\"caption\":\"Online Bus Ticket Booking\"},{\"@type\":\"BreadcrumbList\",\"@id\":\"https:\\\/\\\/tiketi.com\\\/companies\\\/buses\\\/llassic-nbs-buses-tz\\\/#breadcrumb\",\"itemListElement\":[{\"@type\":\"ListItem\",\"position\":1,\"name\":\"Home\",\"item\":\"https:\\\/\\\/tiketi.com\\\/\"},{\"@type\":\"ListItem\",\"position\":2,\"name\":\"Companies\",\"item\":\"https:\\\/\\\/tiketi.com\\\/companies\\\/\"},{\"@type\":\"ListItem\",\"position\":3,\"name\":\"Buses\",\"item\":\"https:\\\/\\\/tiketi.com\\\/companies\\\/buses\\\/\"},{\"@type\":\"ListItem\",\"position\":4,\"name\":\"NBS Bus Online Booking Dar es Salaam to Tabora, Bus Tickets &#038; Fare\"}]},{\"@type\":\"WebSite\",\"@id\":\"https:\\\/\\\/tiketi.com\\\/#website\",\"url\":\"https:\\\/\\\/tiketi.com\\\/\",\"name\":\"Flight & Bus Tickets, Tour Packages & Activitites - Tiketi.com\",\"description\":\"Flight &amp; Bus Tickets, Tours, Activitites\",\"publisher\":{\"@id\":\"https:\\\/\\\/tiketi.com\\\/#organization\"},\"potentialAction\":[{\"@type\":\"SearchAction\",\"target\":{\"@type\":\"EntryPoint\",\"urlTemplate\":\"https:\\\/\\\/tiketi.com\\\/?s={search_term_string}\"},\"query-input\":{\"@type\":\"PropertyValueSpecification\",\"valueRequired\":true,\"valueName\":\"search_term_string\"}}],\"inLanguage\":\"fr-FR\"},{\"@type\":\"Organization\",\"@id\":\"https:\\\/\\\/tiketi.com\\\/#organization\",\"name\":\"Tiketi.com\",\"alternateName\":\"Tiketi\",\"url\":\"https:\\\/\\\/tiketi.com\\\/\",\"logo\":{\"@type\":\"ImageObject\",\"inLanguage\":\"fr-FR\",\"@id\":\"https:\\\/\\\/tiketi.com\\\/#\\\/schema\\\/logo\\\/image\\\/\",\"url\":\"https:\\\/\\\/tiketi.com\\\/wp-content\\\/uploads\\\/2019\\\/05\\\/tiketi-logo-696.png\",\"contentUrl\":\"https:\\\/\\\/tiketi.com\\\/wp-content\\\/uploads\\\/2019\\\/05\\\/tiketi-logo-696.png\",\"width\":696,\"height\":696,\"caption\":\"Tiketi.com\"},\"image\":{\"@id\":\"https:\\\/\\\/tiketi.com\\\/#\\\/schema\\\/logo\\\/image\\\/\"},\"sameAs\":[\"https:\\\/\\\/www.facebook.com\\\/TiketiCom\\\/\"]}]}<\/script>\n<!-- \/ Yoast SEO plugin. -->","yoast_head_json":{"title":"R\u00e9servation en ligne de bus NBS de Dar es Salaam \u00e0 Tabora, billets de bus et tarifs","description":"Vous recherchez une r\u00e9servation en ligne, une application, des contacts, des itin\u00e9raires de bus, des tarifs et des horaires NBS Bus? Faites la r\u00e9servation de billets en ligne NBS Classic \u00e0 bas prix en ligne maintenant","robots":{"index":"index","follow":"follow","max-snippet":"max-snippet:-1","max-image-preview":"max-image-preview:large","max-video-preview":"max-video-preview:-1"},"canonical":"https:\/\/tiketi.com\/fr-fr\/companies\/buses\/llassic-nbs-buses-tz\/","og_locale":"fr_FR","og_type":"article","og_title":"NBS Bus Online Booking Dar es Salaam to Tabora, Bus Tickets & Fare","og_description":"Looking for NBS Bus online booking, app, contacts, bus routes, fare and schedule? Make cheap NBS Classic online ticket booking online now","og_url":"https:\/\/tiketi.com\/fr-fr\/companies\/buses\/llassic-nbs-buses-tz\/","og_site_name":"Tiketi.com","article_publisher":"https:\/\/www.facebook.com\/TiketiCom\/","article_modified_time":"2025-08-03T18:23:16+00:00","og_image":[{"width":1200,"height":206,"url":"https:\/\/tiketi.com\/wp-content\/uploads\/2022\/01\/bus-ticket-online-booking.jpg","type":"image\/jpeg"}],"twitter_card":"summary_large_image","twitter_misc":{"Dur\u00e9e de lecture estim\u00e9e":"2 minutes"},"schema":{"@context":"https:\/\/schema.org","@graph":[{"@type":"WebPage","@id":"https:\/\/tiketi.com\/companies\/buses\/llassic-nbs-buses-tz\/","url":"https:\/\/tiketi.com\/companies\/buses\/llassic-nbs-buses-tz\/","name":"R\u00e9servation en ligne de bus NBS de Dar es Salaam \u00e0 Tabora, billets de bus et tarifs","isPartOf":{"@id":"https:\/\/tiketi.com\/#website"},"primaryImageOfPage":{"@id":"https:\/\/tiketi.com\/companies\/buses\/llassic-nbs-buses-tz\/#primaryimage"},"image":{"@id":"https:\/\/tiketi.com\/companies\/buses\/llassic-nbs-buses-tz\/#primaryimage"},"thumbnailUrl":"https:\/\/tiketi.com\/wp-content\/uploads\/2022\/01\/bus-ticket-online-booking.jpg","datePublished":"2022-01-19T11:54:03+00:00","dateModified":"2025-08-03T18:23:16+00:00","description":"Vous recherchez une r\u00e9servation en ligne, une application, des contacts, des itin\u00e9raires de bus, des tarifs et des horaires NBS Bus? Faites la r\u00e9servation de billets en ligne NBS Classic \u00e0 bas prix en ligne maintenant","breadcrumb":{"@id":"https:\/\/tiketi.com\/companies\/buses\/llassic-nbs-buses-tz\/#breadcrumb"},"inLanguage":"fr-FR","potentialAction":[{"@type":"ReadAction","target":["https:\/\/tiketi.com\/companies\/buses\/llassic-nbs-buses-tz\/"]}]},{"@type":"ImageObject","inLanguage":"fr-FR","@id":"https:\/\/tiketi.com\/companies\/buses\/llassic-nbs-buses-tz\/#primaryimage","url":"https:\/\/tiketi.com\/wp-content\/uploads\/2022\/01\/bus-ticket-online-booking.jpg","contentUrl":"https:\/\/tiketi.com\/wp-content\/uploads\/2022\/01\/bus-ticket-online-booking.jpg","width":1200,"height":206,"caption":"Online Bus Ticket Booking"},{"@type":"BreadcrumbList","@id":"https:\/\/tiketi.com\/companies\/buses\/llassic-nbs-buses-tz\/#breadcrumb","itemListElement":[{"@type":"ListItem","position":1,"name":"Home","item":"https:\/\/tiketi.com\/"},{"@type":"ListItem","position":2,"name":"Companies","item":"https:\/\/tiketi.com\/companies\/"},{"@type":"ListItem","position":3,"name":"Buses","item":"https:\/\/tiketi.com\/companies\/buses\/"},{"@type":"ListItem","position":4,"name":"NBS Bus Online Booking Dar es Salaam to Tabora, Bus Tickets &#038; Fare"}]},{"@type":"WebSite","@id":"https:\/\/tiketi.com\/#website","url":"https:\/\/tiketi.com\/","name":"Billets d&#039;avion et de bus, forfaits touristiques et activit\u00e9s - Tiketi.com","description":"Billets d&#039;avion et de bus, Tours, Activit\u00e9s","publisher":{"@id":"https:\/\/tiketi.com\/#organization"},"potentialAction":[{"@type":"SearchAction","target":{"@type":"EntryPoint","urlTemplate":"https:\/\/tiketi.com\/?s={search_term_string}"},"query-input":{"@type":"PropertyValueSpecification","valueRequired":true,"valueName":"search_term_string"}}],"inLanguage":"fr-FR"},{"@type":"Organization","@id":"https:\/\/tiketi.com\/#organization","name":"Tiketi.com","alternateName":"Tiketi","url":"https:\/\/tiketi.com\/","logo":{"@type":"ImageObject","inLanguage":"fr-FR","@id":"https:\/\/tiketi.com\/#\/schema\/logo\/image\/","url":"https:\/\/tiketi.com\/wp-content\/uploads\/2019\/05\/tiketi-logo-696.png","contentUrl":"https:\/\/tiketi.com\/wp-content\/uploads\/2019\/05\/tiketi-logo-696.png","width":696,"height":696,"caption":"Tiketi.com"},"image":{"@id":"https:\/\/tiketi.com\/#\/schema\/logo\/image\/"},"sameAs":["https:\/\/www.facebook.com\/TiketiCom\/"]}]}},"_links":{"self":[{"href":"https:\/\/tiketi.com\/fr-fr\/wp-json\/wp\/v2\/pages\/10971","targetHints":{"allow":["GET"]}}],"collection":[{"href":"https:\/\/tiketi.com\/fr-fr\/wp-json\/wp\/v2\/pages"}],"about":[{"href":"https:\/\/tiketi.com\/fr-fr\/wp-json\/wp\/v2\/types\/page"}],"author":[{"embeddable":true,"href":"https:\/\/tiketi.com\/fr-fr\/wp-json\/wp\/v2\/users\/1"}],"replies":[{"embeddable":true,"href":"https:\/\/tiketi.com\/fr-fr\/wp-json\/wp\/v2\/comments?post=10971"}],"version-history":[{"count":1,"href":"https:\/\/tiketi.com\/fr-fr\/wp-json\/wp\/v2\/pages\/10971\/revisions"}],"predecessor-version":[{"id":32321,"href":"https:\/\/tiketi.com\/fr-fr\/wp-json\/wp\/v2\/pages\/10971\/revisions\/32321"}],"up":[{"embeddable":true,"href":"https:\/\/tiketi.com\/fr-fr\/wp-json\/wp\/v2\/pages\/25524"}],"wp:featuredmedia":[{"embeddable":true,"href":"https:\/\/tiketi.com\/fr-fr\/wp-json\/wp\/v2\/media\/13999"}],"wp:attachment":[{"href":"https:\/\/tiketi.com\/fr-fr\/wp-json\/wp\/v2\/media?parent=10971"}],"curies":[{"name":"wp","href":"https:\/\/api.w.org\/{rel}","templated":true}]}}