{"id":10972,"date":"2022-01-19T12:54:03","date_gmt":"2022-01-19T11:54:03","guid":{"rendered":"https:\/\/new.tiketi.com\/marangu-luxury-shuttles-online-booking-bus-tickets-reservation\/"},"modified":"2022-02-16T21:47:05","modified_gmt":"2022-02-16T20:47:05","slug":"marangu-luxury-shuttles","status":"publish","type":"page","link":"https:\/\/tiketi.com\/fr-fr\/marangu-luxury-shuttles\/","title":{"rendered":"Marangu Luxury Shuttles R\u00e9servation en ligne, billets de bus, itin\u00e9raire et tarif"},"content":{"rendered":"<h2>Marangu Luxury Shuttles R\u00e9servation de billets en ligne Kenya<\/h2>\n<h3>D\u00e9couvrez votre itin\u00e9raire de voyage sur le web, le mobile ou l&#039;application et r\u00e9servez en ligne d\u00e8s maintenant vos billets de bus Marangu Luxury Shuttles pas chers.<\/h3>\n<p>La r\u00e9servation en ligne de Marangu Luxury Shuttles en toute simplicit\u00e9. Les navettes Marangu sont une entreprise de transport de passagers qui existe dans l&#039;industrie depuis la fin de 2015. Malgr\u00e9 le nom de l&#039;entreprise Marangu coach, cette entreprise de bus dessert ses passagers sur la route cl\u00e9 de Dar es Salaam \u00e0 Arusha via Moshi avec des horaires de bus quotidiens. Il en va de m\u00eame pour la r\u00e9servation de billets en ligne Marangu Luxury Shuttles d\u00e8s maintenant !<\/p>\n<h2>FAQ sur la r\u00e9servation en ligne des navettes de luxe Marangu<\/h2>\n<h3>Quels sont les trajets et les tarifs des bus Marangu Luxury Shuttles ?<\/h3>\n<p><strong>De \u00c0 D\u00e9part Arriv\u00e9e Tarif<\/strong><br \/>\nNairobi Namanga 07h30 10h00 25<br \/>\nNairobi Arusha 08h00 13h00 25<br \/>\nNairobi Arusha 14h00 19h00 25<br \/>\nArusha Nairobi 08h00 13h00 25<br \/>\nArusha Nairobi 14h00 19h00 25<br \/>\nNairobi Moshi 08h00 15h00 35<br \/>\nMoshi Nairobi 06h00 13h00 35<br \/>\nMoshi Nairobi 10h00 19h00 35<br \/>\nNairobi Marangu 08h00 16h00 80<br \/>\nMarangu Nairobi 05h00 13h00 80<\/p>\n<h3>Flotte de bus Marangu Luxury Shuttles<\/h3>\n<p>Lors de la mise en place des navettes Marangu, l&#039;entreprise a commenc\u00e9 avec les bus Yutong, il s&#039;agissait du mod\u00e8le F12 et apr\u00e8s quelques ann\u00e9es d&#039;exploitation, la soci\u00e9t\u00e9 a ajout\u00e9 \u00e0 sa liste de nouveaux bus. Ce sont aussi des bus Yutong mais cette fois avec le nouveau mod\u00e8le de F12+ avec des sp\u00e9cifications embarqu\u00e9es bien personnalis\u00e9es.<\/p>\n<p>Leurs bus sont de classe semi-luxe avec de nombreuses caract\u00e9ristiques \u00e0 bord telles que : sept t\u00e9l\u00e9viseurs pour vous divertir tout au long du trajet, un service de climatisation pour vous d\u00e9tendre par temps chaud, le meilleur syst\u00e8me audio pour vous rafra\u00eechir l&#039;esprit.<\/p>\n<p>Ils activent \u00e9galement le WiFi gratuit pour que leurs clients puissent profiter de la recharge USB et du syst\u00e8me Internet intelligent accessible sur chaque si\u00e8ge du bus.<\/p>\n<p>Ils offrent \u00e9galement des boissons non alcoolis\u00e9es et des octets \u00e0 leurs clients gratuitement.<\/p>\n<h3>Quelles sont les coordonn\u00e9es et les coordonn\u00e9es du bureau de Marangu Luxury Shuttles &amp; bus ?<\/h3>\n<p>Navettes de luxe Marangu<br \/>\nMaison Windsor 4e \u00e9tage.<br \/>\nChemin de l&#039;Universit\u00e9 \/ Jonction rue Muindi Mbingu<br \/>\nCase postale 24105 \u2013 00100<br \/>\nNairobi, Kenya.<\/p>\n<h2>Marangu Luxury Shuttles Conseils de r\u00e9servation de billets en ligne<\/h2>\n<p>Marangu Luxury Shuttles est une entreprise assez nouvelle dans l&#039;industrie, mais en quelques ann\u00e9es, l&#039;entreprise a r\u00e9ussi \u00e0 avoir un meilleur statut dans les services de transport de passagers. La plupart des clients utilisant cette entreprise b\u00e9n\u00e9ficient des meilleurs services d&#039;un excellent service client de la part de leurs serviteurs.<\/p>","protected":false},"excerpt":{"rendered":"<p>Marangu Luxury Shuttles Online Ticket Booking\u00a0Kenya Discover your travel route on web, mobile or app and book cheap Marangu Luxury Shuttles bus tickets online now. Marangu Luxury Shuttles\u00a0online booking made easy. Marangu shuttles is a passenger transport firm which have been in the industry since the late of 2015. Despite of the firm name Marangu [&hellip;]<\/p>\n","protected":false},"author":1,"featured_media":13999,"parent":0,"menu_order":0,"comment_status":"open","ping_status":"closed","template":"template-home-modern.php","meta":{"footnotes":""},"class_list":["post-10972","page","type-page","status-publish","has-post-thumbnail","hentry"],"yoast_head":"<!-- This site is optimized with the Yoast SEO plugin v27.2 - https:\/\/yoast.com\/product\/yoast-seo-wordpress\/ -->\n<title>Marangu Luxury Shuttles Online Booking, Bus Tickets, Route &amp; Fare<\/title>\n<meta name=\"description\" content=\"Looking for Marangu Luxury Shuttles online booking, app, contacts, bus routes, fare and schedule? Make a Marangu Luxury Shuttles online ticket booking\" \/>\n<meta name=\"robots\" content=\"index, follow, max-snippet:-1, max-image-preview:large, max-video-preview:-1\" \/>\n<link rel=\"canonical\" href=\"https:\/\/tiketi.com\/fr-fr\/marangu-luxury-shuttles\/\" \/>\n<meta property=\"og:locale\" content=\"fr_FR\" \/>\n<meta property=\"og:type\" content=\"article\" \/>\n<meta property=\"og:title\" content=\"Marangu Luxury Shuttles Online Booking, Bus Tickets, Route &amp; Fare\" \/>\n<meta property=\"og:description\" content=\"Looking for Marangu Luxury Shuttles online booking, app, contacts, bus routes, fare and schedule? Make a Marangu Luxury Shuttles online ticket booking\" \/>\n<meta property=\"og:url\" content=\"https:\/\/tiketi.com\/fr-fr\/marangu-luxury-shuttles\/\" \/>\n<meta property=\"og:site_name\" content=\"Tiketi.com\" \/>\n<meta property=\"article:publisher\" content=\"https:\/\/www.facebook.com\/TiketiCom\/\" \/>\n<meta property=\"article:modified_time\" content=\"2022-02-16T20:47:05+00:00\" \/>\n<meta property=\"og:image\" content=\"https:\/\/tiketi.com\/wp-content\/uploads\/2022\/01\/bus-ticket-online-booking.jpg\" \/>\n\t<meta property=\"og:image:width\" content=\"1200\" \/>\n\t<meta property=\"og:image:height\" content=\"206\" \/>\n\t<meta property=\"og:image:type\" content=\"image\/jpeg\" \/>\n<meta name=\"twitter:card\" content=\"summary_large_image\" \/>\n<meta name=\"twitter:label1\" content=\"Dur\u00e9e de lecture estim\u00e9e\" \/>\n\t<meta name=\"twitter:data1\" content=\"2 minutes\" \/>\n<script type=\"application\/ld+json\" class=\"yoast-schema-graph\">{\"@context\":\"https:\/\/schema.org\",\"@graph\":[{\"@type\":\"WebPage\",\"@id\":\"https:\/\/tiketi.com\/marangu-luxury-shuttles\/\",\"url\":\"https:\/\/tiketi.com\/marangu-luxury-shuttles\/\",\"name\":\"Marangu Luxury Shuttles Online Booking, Bus Tickets, Route & Fare\",\"isPartOf\":{\"@id\":\"https:\/\/tiketi.com\/#website\"},\"primaryImageOfPage\":{\"@id\":\"https:\/\/tiketi.com\/marangu-luxury-shuttles\/#primaryimage\"},\"image\":{\"@id\":\"https:\/\/tiketi.com\/marangu-luxury-shuttles\/#primaryimage\"},\"thumbnailUrl\":\"https:\/\/tiketi.com\/wp-content\/uploads\/2022\/01\/bus-ticket-online-booking.jpg\",\"datePublished\":\"2022-01-19T11:54:03+00:00\",\"dateModified\":\"2022-02-16T20:47:05+00:00\",\"description\":\"Looking for Marangu Luxury Shuttles online booking, app, contacts, bus routes, fare and schedule? Make a Marangu Luxury Shuttles online ticket booking\",\"breadcrumb\":{\"@id\":\"https:\/\/tiketi.com\/marangu-luxury-shuttles\/#breadcrumb\"},\"inLanguage\":\"fr-FR\",\"potentialAction\":[{\"@type\":\"ReadAction\",\"target\":[\"https:\/\/tiketi.com\/marangu-luxury-shuttles\/\"]}]},{\"@type\":\"ImageObject\",\"inLanguage\":\"fr-FR\",\"@id\":\"https:\/\/tiketi.com\/marangu-luxury-shuttles\/#primaryimage\",\"url\":\"https:\/\/tiketi.com\/wp-content\/uploads\/2022\/01\/bus-ticket-online-booking.jpg\",\"contentUrl\":\"https:\/\/tiketi.com\/wp-content\/uploads\/2022\/01\/bus-ticket-online-booking.jpg\",\"width\":1200,\"height\":206,\"caption\":\"Online Bus Ticket Booking\"},{\"@type\":\"BreadcrumbList\",\"@id\":\"https:\/\/tiketi.com\/marangu-luxury-shuttles\/#breadcrumb\",\"itemListElement\":[{\"@type\":\"ListItem\",\"position\":1,\"name\":\"Home\",\"item\":\"https:\/\/tiketi.com\/\"},{\"@type\":\"ListItem\",\"position\":2,\"name\":\"Marangu Luxury Shuttles Online Booking, Bus Tickets, Route &#038; Fare\"}]},{\"@type\":\"WebSite\",\"@id\":\"https:\/\/tiketi.com\/#website\",\"url\":\"https:\/\/tiketi.com\/\",\"name\":\"Flight & Bus Tickets, Tour Packages & Activitites - Tiketi.com\",\"description\":\"Flight &amp; Bus Tickets, Tours, Activitites\",\"publisher\":{\"@id\":\"https:\/\/tiketi.com\/#organization\"},\"potentialAction\":[{\"@type\":\"SearchAction\",\"target\":{\"@type\":\"EntryPoint\",\"urlTemplate\":\"https:\/\/tiketi.com\/?s={search_term_string}\"},\"query-input\":{\"@type\":\"PropertyValueSpecification\",\"valueRequired\":true,\"valueName\":\"search_term_string\"}}],\"inLanguage\":\"fr-FR\"},{\"@type\":\"Organization\",\"@id\":\"https:\/\/tiketi.com\/#organization\",\"name\":\"Tiketi.com\",\"alternateName\":\"Tiketi\",\"url\":\"https:\/\/tiketi.com\/\",\"logo\":{\"@type\":\"ImageObject\",\"inLanguage\":\"fr-FR\",\"@id\":\"https:\/\/tiketi.com\/#\/schema\/logo\/image\/\",\"url\":\"https:\/\/tiketi.com\/wp-content\/uploads\/2019\/05\/tiketi-logo-696.png\",\"contentUrl\":\"https:\/\/tiketi.com\/wp-content\/uploads\/2019\/05\/tiketi-logo-696.png\",\"width\":696,\"height\":696,\"caption\":\"Tiketi.com\"},\"image\":{\"@id\":\"https:\/\/tiketi.com\/#\/schema\/logo\/image\/\"},\"sameAs\":[\"https:\/\/www.facebook.com\/TiketiCom\/\"]}]}<\/script>\n<!-- \/ Yoast SEO plugin. -->","yoast_head_json":{"title":"Marangu Luxury Shuttles R\u00e9servation en ligne, billets de bus, itin\u00e9raire et tarif","description":"Vous recherchez une r\u00e9servation en ligne, une application, des contacts, des itin\u00e9raires de bus, des tarifs et des horaires pour Marangu Luxury Shuttles ? Faire une r\u00e9servation de billet en ligne Marangu Luxury Shuttles","robots":{"index":"index","follow":"follow","max-snippet":"max-snippet:-1","max-image-preview":"max-image-preview:large","max-video-preview":"max-video-preview:-1"},"canonical":"https:\/\/tiketi.com\/fr-fr\/marangu-luxury-shuttles\/","og_locale":"fr_FR","og_type":"article","og_title":"Marangu Luxury Shuttles Online Booking, Bus Tickets, Route & Fare","og_description":"Looking for Marangu Luxury Shuttles online booking, app, contacts, bus routes, fare and schedule? Make a Marangu Luxury Shuttles online ticket booking","og_url":"https:\/\/tiketi.com\/fr-fr\/marangu-luxury-shuttles\/","og_site_name":"Tiketi.com","article_publisher":"https:\/\/www.facebook.com\/TiketiCom\/","article_modified_time":"2022-02-16T20:47:05+00:00","og_image":[{"width":1200,"height":206,"url":"https:\/\/tiketi.com\/wp-content\/uploads\/2022\/01\/bus-ticket-online-booking.jpg","type":"image\/jpeg"}],"twitter_card":"summary_large_image","twitter_misc":{"Dur\u00e9e de lecture estim\u00e9e":"2 minutes"},"schema":{"@context":"https:\/\/schema.org","@graph":[{"@type":"WebPage","@id":"https:\/\/tiketi.com\/marangu-luxury-shuttles\/","url":"https:\/\/tiketi.com\/marangu-luxury-shuttles\/","name":"Marangu Luxury Shuttles R\u00e9servation en ligne, billets de bus, itin\u00e9raire et tarif","isPartOf":{"@id":"https:\/\/tiketi.com\/#website"},"primaryImageOfPage":{"@id":"https:\/\/tiketi.com\/marangu-luxury-shuttles\/#primaryimage"},"image":{"@id":"https:\/\/tiketi.com\/marangu-luxury-shuttles\/#primaryimage"},"thumbnailUrl":"https:\/\/tiketi.com\/wp-content\/uploads\/2022\/01\/bus-ticket-online-booking.jpg","datePublished":"2022-01-19T11:54:03+00:00","dateModified":"2022-02-16T20:47:05+00:00","description":"Vous recherchez une r\u00e9servation en ligne, une application, des contacts, des itin\u00e9raires de bus, des tarifs et des horaires pour Marangu Luxury Shuttles ? Faire une r\u00e9servation de billet en ligne Marangu Luxury Shuttles","breadcrumb":{"@id":"https:\/\/tiketi.com\/marangu-luxury-shuttles\/#breadcrumb"},"inLanguage":"fr-FR","potentialAction":[{"@type":"ReadAction","target":["https:\/\/tiketi.com\/marangu-luxury-shuttles\/"]}]},{"@type":"ImageObject","inLanguage":"fr-FR","@id":"https:\/\/tiketi.com\/marangu-luxury-shuttles\/#primaryimage","url":"https:\/\/tiketi.com\/wp-content\/uploads\/2022\/01\/bus-ticket-online-booking.jpg","contentUrl":"https:\/\/tiketi.com\/wp-content\/uploads\/2022\/01\/bus-ticket-online-booking.jpg","width":1200,"height":206,"caption":"Online Bus Ticket Booking"},{"@type":"BreadcrumbList","@id":"https:\/\/tiketi.com\/marangu-luxury-shuttles\/#breadcrumb","itemListElement":[{"@type":"ListItem","position":1,"name":"Home","item":"https:\/\/tiketi.com\/"},{"@type":"ListItem","position":2,"name":"Marangu Luxury Shuttles Online Booking, Bus Tickets, Route &#038; Fare"}]},{"@type":"WebSite","@id":"https:\/\/tiketi.com\/#website","url":"https:\/\/tiketi.com\/","name":"Billets d&#039;avion et de bus, forfaits touristiques et activit\u00e9s - Tiketi.com","description":"Billets d&#039;avion et de bus, Tours, Activit\u00e9s","publisher":{"@id":"https:\/\/tiketi.com\/#organization"},"potentialAction":[{"@type":"SearchAction","target":{"@type":"EntryPoint","urlTemplate":"https:\/\/tiketi.com\/?s={search_term_string}"},"query-input":{"@type":"PropertyValueSpecification","valueRequired":true,"valueName":"search_term_string"}}],"inLanguage":"fr-FR"},{"@type":"Organization","@id":"https:\/\/tiketi.com\/#organization","name":"Tiketi.com","alternateName":"Tiketi","url":"https:\/\/tiketi.com\/","logo":{"@type":"ImageObject","inLanguage":"fr-FR","@id":"https:\/\/tiketi.com\/#\/schema\/logo\/image\/","url":"https:\/\/tiketi.com\/wp-content\/uploads\/2019\/05\/tiketi-logo-696.png","contentUrl":"https:\/\/tiketi.com\/wp-content\/uploads\/2019\/05\/tiketi-logo-696.png","width":696,"height":696,"caption":"Tiketi.com"},"image":{"@id":"https:\/\/tiketi.com\/#\/schema\/logo\/image\/"},"sameAs":["https:\/\/www.facebook.com\/TiketiCom\/"]}]}},"_links":{"self":[{"href":"https:\/\/tiketi.com\/fr-fr\/wp-json\/wp\/v2\/pages\/10972","targetHints":{"allow":["GET"]}}],"collection":[{"href":"https:\/\/tiketi.com\/fr-fr\/wp-json\/wp\/v2\/pages"}],"about":[{"href":"https:\/\/tiketi.com\/fr-fr\/wp-json\/wp\/v2\/types\/page"}],"author":[{"embeddable":true,"href":"https:\/\/tiketi.com\/fr-fr\/wp-json\/wp\/v2\/users\/1"}],"replies":[{"embeddable":true,"href":"https:\/\/tiketi.com\/fr-fr\/wp-json\/wp\/v2\/comments?post=10972"}],"version-history":[{"count":0,"href":"https:\/\/tiketi.com\/fr-fr\/wp-json\/wp\/v2\/pages\/10972\/revisions"}],"wp:featuredmedia":[{"embeddable":true,"href":"https:\/\/tiketi.com\/fr-fr\/wp-json\/wp\/v2\/media\/13999"}],"wp:attachment":[{"href":"https:\/\/tiketi.com\/fr-fr\/wp-json\/wp\/v2\/media?parent=10972"}],"curies":[{"name":"wp","href":"https:\/\/api.w.org\/{rel}","templated":true}]}}