{"id":10973,"date":"2022-01-19T12:54:03","date_gmt":"2022-01-19T11:54:03","guid":{"rendered":"https:\/\/new.tiketi.com\/mashallah-bus-online-booking-dar-es-salaam-to-kilwa-tickets-reservation\/"},"modified":"2022-02-17T12:00:00","modified_gmt":"2022-02-17T11:00:00","slug":"mashallah-buses","status":"publish","type":"page","link":"https:\/\/tiketi.com\/fr-fr\/mashallah-buses\/","title":{"rendered":"R\u00e9servation en ligne de bus Mashallah Dar es Salaam \u00e0 Kilwa, billets et tarifs"},"content":{"rendered":"<h2>Mashallah Coach R\u00e9servation de billets en ligne Tanzanie<\/h2>\n<h3>D\u00e9couvrez votre itin\u00e9raire de voyage sur le web, le mobile ou l&#039;application et r\u00e9servez d\u00e8s maintenant des billets de bus Mashallah pas chers en ligne.<\/h3>\n<p>La r\u00e9servation en ligne de Mashallah Bus en toute simplicit\u00e9. Mashallah Coach est un op\u00e9rateur d&#039;autocars tanzanien et une soci\u00e9t\u00e9 de services d&#039;autobus qui a \u00e9t\u00e9 cr\u00e9\u00e9e il y a plus de vingt ans. C&#039;\u00e9tait la seule parmi ces compagnies de bus qui empruntaient la route du sud depuis la ville de Dar es Salaam au d\u00e9but de 2000 avant la cr\u00e9ation de nombreuses autres compagnies de bus. Alors faites la r\u00e9servation de billets en ligne Mashallah Coach maintenant!<\/p>\n<h2>FAQ sur la r\u00e9servation en ligne du bus Mashallah<\/h2>\n<h3>Quels sont les itin\u00e9raires et les tarifs de r\u00e9servation des billets en ligne Mashallah Coach ?<\/h3>\n<p>\u2022 Dar es Salam \u00e0 Lindi<br \/>\n\u2022 Dar es Salam \u00e0 Kilwa<\/p>\n<h3>Ligne de flotte d&#039;autocars Mashallah<\/h3>\n<p>\u00c0 cette \u00e9poque, l&#039;entra\u00eeneur Mashallah utilisait des bus Scania et la plupart d&#039;entre eux \u00e9taient de la classe g\u00e9n\u00e9rale sans rafra\u00eechissement \u00e0 bord. L&#039;entreprise a r\u00e9investi son capital dans le mod\u00e8le de bus chinois et ils ont maintenant les bus Yutong, Chinese Higer et Gorded Dragon dans leur liste.<\/p>\n<h3>Ligne de service Mashallah Coach<\/h3>\n<p>Cette compagnie de bus propose des services de bus r\u00e9guliers quotidiens de Dar es Salaam \u00e0 la ville de Kilwa avec un d\u00e9part le matin. Les passagers peuvent r\u00e9server leurs billets aux bureaux de r\u00e9servation accessibles \u00e0 la gare routi\u00e8re d&#039;Ubungo et \u00e0 Temeke \u00e0 Dar es Salaam ainsi qu&#039;\u00e0 leur bureau \u00e0 l&#039;arr\u00eat de bus de Kilwa.<\/p>\n<p>Vous pouvez \u00e9galement effectuer une r\u00e9servation de billets en les appelant ou leurs agents via leur num\u00e9ro de t\u00e9l\u00e9phone indiqu\u00e9 ci-dessous \u00e0 la fin de cet article. Les passagers peuvent choisir des si\u00e8ges accessibles pendant que vous leur parlez via leurs num\u00e9ros de t\u00e9l\u00e9phone.<\/p>\n<p>Des services de transfert de colis sont \u00e9galement accessibles chez Mashallah Coach et la soci\u00e9t\u00e9 de bus avec des prix \u00e9quitables en fonction de la taille et du type de vos colis respectifs.<\/p>\n<h2>Quelles sont les coordonn\u00e9es et les coordonn\u00e9es du bureau des bus Mashallah Coach\u00a0?<\/h2>\n<p>Kilwa, Tanzanie<\/p>\n<h2>Mashallah Coach Conseils de r\u00e9servation de billets en ligne<\/h2>\n<p>Que vous \u00e9num\u00e9riez les cinq premi\u00e8res compagnies de bus de la Route du Sud, nous sommes s\u00fbrs que votre liste ne manquera pas la compagnie de bus Mashallah, la fiert\u00e9 de la ville de Kilwa. Ils \u00e9taient dans l&#039;industrie du transport depuis l&#039;\u00e8re des bus Scania avant que les bus chinois ne prennent le contr\u00f4le de l&#039;industrie au d\u00e9but des ann\u00e9es 2010.<\/p>","protected":false},"excerpt":{"rendered":"<p>Mashallah Coach&nbsp;Online Ticket Booking&nbsp;Tanzania Discover your travel route on web, mobile or app and book cheap Mashallah bus tickets online now. Mashallah Bus&nbsp;online booking made easy. Mashallah Coach is a Tanzanian Coach operator and bus service firm which was established more than twenty years ago. It was the few among those bus firms which play [&hellip;]<\/p>\n","protected":false},"author":1,"featured_media":13999,"parent":0,"menu_order":0,"comment_status":"open","ping_status":"closed","template":"template-home-modern.php","meta":{"footnotes":""},"class_list":["post-10973","page","type-page","status-publish","has-post-thumbnail","hentry"],"yoast_head":"<!-- This site is optimized with the Yoast SEO plugin v27.2 - https:\/\/yoast.com\/product\/yoast-seo-wordpress\/ -->\n<title>Mashallah Bus Online Booking Dar es salaam To Kilwa, Tickets &amp; Fare<\/title>\n<meta name=\"description\" content=\"Looking for Mashallah Bus online booking? Make a Mashallah Coach online ticket booking online now and save time and money!\" \/>\n<meta name=\"robots\" content=\"index, follow, max-snippet:-1, max-image-preview:large, max-video-preview:-1\" \/>\n<link rel=\"canonical\" href=\"https:\/\/tiketi.com\/fr-fr\/mashallah-buses\/\" \/>\n<meta property=\"og:locale\" content=\"fr_FR\" \/>\n<meta property=\"og:type\" content=\"article\" \/>\n<meta property=\"og:title\" content=\"Mashallah Bus Online Booking Dar es salaam To Kilwa, Tickets &amp; Fare\" \/>\n<meta property=\"og:description\" content=\"Looking for Mashallah Bus online booking? Make a Mashallah Coach online ticket booking online now and save time and money!\" \/>\n<meta property=\"og:url\" content=\"https:\/\/tiketi.com\/fr-fr\/mashallah-buses\/\" \/>\n<meta property=\"og:site_name\" content=\"Tiketi.com\" \/>\n<meta property=\"article:publisher\" content=\"https:\/\/www.facebook.com\/TiketiCom\/\" \/>\n<meta property=\"article:modified_time\" content=\"2022-02-17T11:00:00+00:00\" \/>\n<meta property=\"og:image\" content=\"https:\/\/tiketi.com\/wp-content\/uploads\/2022\/01\/bus-ticket-online-booking.jpg\" \/>\n\t<meta property=\"og:image:width\" content=\"1200\" \/>\n\t<meta property=\"og:image:height\" content=\"206\" \/>\n\t<meta property=\"og:image:type\" content=\"image\/jpeg\" \/>\n<meta name=\"twitter:card\" content=\"summary_large_image\" \/>\n<meta name=\"twitter:label1\" content=\"Dur\u00e9e de lecture estim\u00e9e\" \/>\n\t<meta name=\"twitter:data1\" content=\"2 minutes\" \/>\n<script type=\"application\/ld+json\" class=\"yoast-schema-graph\">{\"@context\":\"https:\/\/schema.org\",\"@graph\":[{\"@type\":\"WebPage\",\"@id\":\"https:\/\/tiketi.com\/sw\/mashallah-buses\/\",\"url\":\"https:\/\/tiketi.com\/sw\/mashallah-buses\/\",\"name\":\"Mashallah Bus Online Booking Dar es salaam To Kilwa, Tickets & Fare\",\"isPartOf\":{\"@id\":\"https:\/\/tiketi.com\/#website\"},\"primaryImageOfPage\":{\"@id\":\"https:\/\/tiketi.com\/sw\/mashallah-buses\/#primaryimage\"},\"image\":{\"@id\":\"https:\/\/tiketi.com\/sw\/mashallah-buses\/#primaryimage\"},\"thumbnailUrl\":\"https:\/\/tiketi.com\/wp-content\/uploads\/2022\/01\/bus-ticket-online-booking.jpg\",\"datePublished\":\"2022-01-19T11:54:03+00:00\",\"dateModified\":\"2022-02-17T11:00:00+00:00\",\"description\":\"Looking for Mashallah Bus online booking? Make a Mashallah Coach online ticket booking online now and save time and money!\",\"breadcrumb\":{\"@id\":\"https:\/\/tiketi.com\/sw\/mashallah-buses\/#breadcrumb\"},\"inLanguage\":\"fr-FR\",\"potentialAction\":[{\"@type\":\"ReadAction\",\"target\":[\"https:\/\/tiketi.com\/sw\/mashallah-buses\/\"]}]},{\"@type\":\"ImageObject\",\"inLanguage\":\"fr-FR\",\"@id\":\"https:\/\/tiketi.com\/sw\/mashallah-buses\/#primaryimage\",\"url\":\"https:\/\/tiketi.com\/wp-content\/uploads\/2022\/01\/bus-ticket-online-booking.jpg\",\"contentUrl\":\"https:\/\/tiketi.com\/wp-content\/uploads\/2022\/01\/bus-ticket-online-booking.jpg\",\"width\":1200,\"height\":206,\"caption\":\"Online Bus Ticket Booking\"},{\"@type\":\"BreadcrumbList\",\"@id\":\"https:\/\/tiketi.com\/sw\/mashallah-buses\/#breadcrumb\",\"itemListElement\":[{\"@type\":\"ListItem\",\"position\":1,\"name\":\"Home\",\"item\":\"https:\/\/tiketi.com\/\"},{\"@type\":\"ListItem\",\"position\":2,\"name\":\"Mashallah Bus Online Booking Dar es salaam To Kilwa, Tickets &#038; Fare\"}]},{\"@type\":\"WebSite\",\"@id\":\"https:\/\/tiketi.com\/#website\",\"url\":\"https:\/\/tiketi.com\/\",\"name\":\"Flight & Bus Tickets, Tour Packages & Activitites - Tiketi.com\",\"description\":\"Flight &amp; Bus Tickets, Tours, Activitites\",\"publisher\":{\"@id\":\"https:\/\/tiketi.com\/#organization\"},\"potentialAction\":[{\"@type\":\"SearchAction\",\"target\":{\"@type\":\"EntryPoint\",\"urlTemplate\":\"https:\/\/tiketi.com\/?s={search_term_string}\"},\"query-input\":{\"@type\":\"PropertyValueSpecification\",\"valueRequired\":true,\"valueName\":\"search_term_string\"}}],\"inLanguage\":\"fr-FR\"},{\"@type\":\"Organization\",\"@id\":\"https:\/\/tiketi.com\/#organization\",\"name\":\"Tiketi.com\",\"alternateName\":\"Tiketi\",\"url\":\"https:\/\/tiketi.com\/\",\"logo\":{\"@type\":\"ImageObject\",\"inLanguage\":\"fr-FR\",\"@id\":\"https:\/\/tiketi.com\/#\/schema\/logo\/image\/\",\"url\":\"https:\/\/tiketi.com\/wp-content\/uploads\/2019\/05\/tiketi-logo-696.png\",\"contentUrl\":\"https:\/\/tiketi.com\/wp-content\/uploads\/2019\/05\/tiketi-logo-696.png\",\"width\":696,\"height\":696,\"caption\":\"Tiketi.com\"},\"image\":{\"@id\":\"https:\/\/tiketi.com\/#\/schema\/logo\/image\/\"},\"sameAs\":[\"https:\/\/www.facebook.com\/TiketiCom\/\"]}]}<\/script>\n<!-- \/ Yoast SEO plugin. -->","yoast_head_json":{"title":"R\u00e9servation en ligne de bus Mashallah Dar es Salaam \u00e0 Kilwa, billets et tarifs","description":"Vous recherchez une r\u00e9servation en ligne de Mashallah Bus? Faites une r\u00e9servation de billets en ligne Mashallah Coach en ligne maintenant et \u00e9conomisez du temps et de l&#039;argent!","robots":{"index":"index","follow":"follow","max-snippet":"max-snippet:-1","max-image-preview":"max-image-preview:large","max-video-preview":"max-video-preview:-1"},"canonical":"https:\/\/tiketi.com\/fr-fr\/mashallah-buses\/","og_locale":"fr_FR","og_type":"article","og_title":"Mashallah Bus Online Booking Dar es salaam To Kilwa, Tickets & Fare","og_description":"Looking for Mashallah Bus online booking? Make a Mashallah Coach online ticket booking online now and save time and money!","og_url":"https:\/\/tiketi.com\/fr-fr\/mashallah-buses\/","og_site_name":"Tiketi.com","article_publisher":"https:\/\/www.facebook.com\/TiketiCom\/","article_modified_time":"2022-02-17T11:00:00+00:00","og_image":[{"width":1200,"height":206,"url":"https:\/\/tiketi.com\/wp-content\/uploads\/2022\/01\/bus-ticket-online-booking.jpg","type":"image\/jpeg"}],"twitter_card":"summary_large_image","twitter_misc":{"Dur\u00e9e de lecture estim\u00e9e":"2 minutes"},"schema":{"@context":"https:\/\/schema.org","@graph":[{"@type":"WebPage","@id":"https:\/\/tiketi.com\/sw\/mashallah-buses\/","url":"https:\/\/tiketi.com\/sw\/mashallah-buses\/","name":"R\u00e9servation en ligne de bus Mashallah Dar es Salaam \u00e0 Kilwa, billets et tarifs","isPartOf":{"@id":"https:\/\/tiketi.com\/#website"},"primaryImageOfPage":{"@id":"https:\/\/tiketi.com\/sw\/mashallah-buses\/#primaryimage"},"image":{"@id":"https:\/\/tiketi.com\/sw\/mashallah-buses\/#primaryimage"},"thumbnailUrl":"https:\/\/tiketi.com\/wp-content\/uploads\/2022\/01\/bus-ticket-online-booking.jpg","datePublished":"2022-01-19T11:54:03+00:00","dateModified":"2022-02-17T11:00:00+00:00","description":"Vous recherchez une r\u00e9servation en ligne de Mashallah Bus? Faites une r\u00e9servation de billets en ligne Mashallah Coach en ligne maintenant et \u00e9conomisez du temps et de l&#039;argent!","breadcrumb":{"@id":"https:\/\/tiketi.com\/sw\/mashallah-buses\/#breadcrumb"},"inLanguage":"fr-FR","potentialAction":[{"@type":"ReadAction","target":["https:\/\/tiketi.com\/sw\/mashallah-buses\/"]}]},{"@type":"ImageObject","inLanguage":"fr-FR","@id":"https:\/\/tiketi.com\/sw\/mashallah-buses\/#primaryimage","url":"https:\/\/tiketi.com\/wp-content\/uploads\/2022\/01\/bus-ticket-online-booking.jpg","contentUrl":"https:\/\/tiketi.com\/wp-content\/uploads\/2022\/01\/bus-ticket-online-booking.jpg","width":1200,"height":206,"caption":"Online Bus Ticket Booking"},{"@type":"BreadcrumbList","@id":"https:\/\/tiketi.com\/sw\/mashallah-buses\/#breadcrumb","itemListElement":[{"@type":"ListItem","position":1,"name":"Home","item":"https:\/\/tiketi.com\/"},{"@type":"ListItem","position":2,"name":"Mashallah Bus Online Booking Dar es salaam To Kilwa, Tickets &#038; Fare"}]},{"@type":"WebSite","@id":"https:\/\/tiketi.com\/#website","url":"https:\/\/tiketi.com\/","name":"Billets d&#039;avion et de bus, forfaits touristiques et activit\u00e9s - Tiketi.com","description":"Billets d&#039;avion et de bus, Tours, Activit\u00e9s","publisher":{"@id":"https:\/\/tiketi.com\/#organization"},"potentialAction":[{"@type":"SearchAction","target":{"@type":"EntryPoint","urlTemplate":"https:\/\/tiketi.com\/?s={search_term_string}"},"query-input":{"@type":"PropertyValueSpecification","valueRequired":true,"valueName":"search_term_string"}}],"inLanguage":"fr-FR"},{"@type":"Organization","@id":"https:\/\/tiketi.com\/#organization","name":"Tiketi.com","alternateName":"Tiketi","url":"https:\/\/tiketi.com\/","logo":{"@type":"ImageObject","inLanguage":"fr-FR","@id":"https:\/\/tiketi.com\/#\/schema\/logo\/image\/","url":"https:\/\/tiketi.com\/wp-content\/uploads\/2019\/05\/tiketi-logo-696.png","contentUrl":"https:\/\/tiketi.com\/wp-content\/uploads\/2019\/05\/tiketi-logo-696.png","width":696,"height":696,"caption":"Tiketi.com"},"image":{"@id":"https:\/\/tiketi.com\/#\/schema\/logo\/image\/"},"sameAs":["https:\/\/www.facebook.com\/TiketiCom\/"]}]}},"_links":{"self":[{"href":"https:\/\/tiketi.com\/fr-fr\/wp-json\/wp\/v2\/pages\/10973","targetHints":{"allow":["GET"]}}],"collection":[{"href":"https:\/\/tiketi.com\/fr-fr\/wp-json\/wp\/v2\/pages"}],"about":[{"href":"https:\/\/tiketi.com\/fr-fr\/wp-json\/wp\/v2\/types\/page"}],"author":[{"embeddable":true,"href":"https:\/\/tiketi.com\/fr-fr\/wp-json\/wp\/v2\/users\/1"}],"replies":[{"embeddable":true,"href":"https:\/\/tiketi.com\/fr-fr\/wp-json\/wp\/v2\/comments?post=10973"}],"version-history":[{"count":0,"href":"https:\/\/tiketi.com\/fr-fr\/wp-json\/wp\/v2\/pages\/10973\/revisions"}],"wp:featuredmedia":[{"embeddable":true,"href":"https:\/\/tiketi.com\/fr-fr\/wp-json\/wp\/v2\/media\/13999"}],"wp:attachment":[{"href":"https:\/\/tiketi.com\/fr-fr\/wp-json\/wp\/v2\/media?parent=10973"}],"curies":[{"name":"wp","href":"https:\/\/api.w.org\/{rel}","templated":true}]}}