{"id":10974,"date":"2022-01-19T12:54:03","date_gmt":"2022-01-19T11:54:03","guid":{"rendered":"https:\/\/new.tiketi.com\/lowveld-bus-online-booking-bus-tickets-reservation\/"},"modified":"2022-02-16T21:33:26","modified_gmt":"2022-02-16T20:33:26","slug":"lowveld-buses","status":"publish","type":"page","link":"https:\/\/tiketi.com\/fr-fr\/lowveld-buses\/","title":{"rendered":"R\u00e9servation en ligne de bus Lowveld, billets de bus, itin\u00e9raire, horaires et tarifs"},"content":{"rendered":"<h2>R\u00e9servation de billets en ligne Lowveld Bus pas cher en Afrique du Sud<\/h2>\n<h3>D\u00e9couvrez votre itin\u00e9raire sur le web, le mobile ou l&#039;application et r\u00e9servez en ligne d\u00e8s maintenant des billets de bus Lowveld pas chers.<\/h3>\n<p>R\u00e9servation en ligne de bus Lowveld simplifi\u00e9e. Le service de bus Lowveld a \u00e9t\u00e9 fond\u00e9 en octobre 1983 par Granet Van der Walt et Louis Rossel. Le nom d&#039;entreprise dormant Laeveld bus Diens a \u00e9t\u00e9 achet\u00e9 par Thaba Nchu transport ainsi que vingt permis pour exploiter un service de passagers dans la r\u00e9gion d&#039;Ellisras. Alors faites la r\u00e9servation en ligne de billets de bus Lowveld maintenant!<\/p>\n<h2>FAQ sur la r\u00e9servation en ligne de Lowveld Bus<\/h2>\n<h3>Quels sont les trajets et les prix des bus Leo Luxury Coach ?<\/h3>\n<h3>Itin\u00e9raires de service de bus Lowveld<\/h3>\n<p>Ils couvrent toute la zone de Lephalale, y compris les zones rurales entourant Lephalale (Grootegeluk Mine, Seleka, Shongoane, Abbotspoort et Marapong).<br \/>\nIls ont \u00e9galement un service quotidien vers Pretoria. Ils fournissent des services contractuels \u00e0 la centrale \u00e9lectrique de Matimba, \u00e0 la mine Grootegeluk et \u00e0 la nouvelle centrale \u00e9lectrique de Medupi.<br \/>\nLeurs services de location priv\u00e9e couvrent l&#039;int\u00e9gralit\u00e9 de l&#039;Afrique du Sud et certains endroits au Botswana.<\/p>\n<h3>Flotte de bus et ligne de service Lowveld<\/h3>\n<p>Le service de bus Lowveld dispose d&#039;une large gamme de flottes, allant d&#039;un minibus \u00e0 un bus keyline, voici le type de bus dont ils disposent\u00a0:<\/p>\n<p>\u2022 Sprinters Mercedes Benz 17 places<br \/>\n\u2022 Sprinters Mercedes Benz 21 places<br \/>\n\u2022 Vingt-cinq places Mercedes Benz Vincino<br \/>\n\u2022 Trente-cinq places Mercedes Benz Atego<br \/>\n\u2022 Autobus de luxe Volvo de 40 places<br \/>\n\u2022 Soixante-cinq places Mercedes Benz Marcopolo<br \/>\n\u2022 Explorateur Homme Lion<br \/>\n\u2022 Les pr\u00e9dateurs de Mercedes Benz<br \/>\n\u2022 Volkswagen<br \/>\n\u2022 Bus de 114\u00a0places Man\u00a0Train<br \/>\n\u2022 des bus ferroviaires Merced Benz de 104\u00a0places<\/p>\n<h3>Quelles sont les coordonn\u00e9es et les coordonn\u00e9es du bureau des bus Lowveld Bus Service\u00a0?<\/h3>\n<p>Service de bus Lowveld<br \/>\n100 Ngoako Ramathlodi Weg<br \/>\nOnverwacht<br \/>\nEllisras<br \/>\n0557<\/p>\n<p>Case postale 413<br \/>\nEllisras<br \/>\n0555<\/p>\n<h2>Conseils de r\u00e9servation de billets en ligne Lowveld Bus<\/h2>\n<p>En 1998, le D\u00e9partement des transports et des routes a lanc\u00e9 un appel d&#039;offres bas\u00e9 sur le kilom\u00e8tre pour le transport dans la r\u00e9gion et il a \u00e9t\u00e9 honor\u00e9 par le service de bus Lowveld. En 2001, l&#039;un des propri\u00e9taires, Garnet Van der Walt, est sorti et la nouvelle soci\u00e9t\u00e9 Buthotis Trading (Pty) Ltd.<\/p>","protected":false},"excerpt":{"rendered":"<p>Cheap Lowveld Bus Online Ticket Booking South Africa Discover your travel route on web, mobile or app and book cheap Lowveld bus tickets online now. Lowveld bus\u00a0online booking made easy. Lowveld bus service was founded in 1983 October by Granet Van der Walt and Louis Rossel. The dormant firm name Laeveld bus Diens was bought [&hellip;]<\/p>\n","protected":false},"author":1,"featured_media":13999,"parent":0,"menu_order":0,"comment_status":"open","ping_status":"closed","template":"template-home-modern.php","meta":{"footnotes":""},"class_list":["post-10974","page","type-page","status-publish","has-post-thumbnail","hentry"],"yoast_head":"<!-- This site is optimized with the Yoast SEO plugin v27.2 - https:\/\/yoast.com\/product\/yoast-seo-wordpress\/ -->\n<title>Lowveld Bus Online Booking, Bus Tickets, Route, Schedule &amp; Fare<\/title>\n<meta name=\"description\" content=\"Looking for Lowveld bus online booking, app, contacts, bus routes, fare and schedule? Make a cheap Lowveld bus online ticket booking online\" \/>\n<meta name=\"robots\" content=\"index, follow, max-snippet:-1, max-image-preview:large, max-video-preview:-1\" \/>\n<link rel=\"canonical\" href=\"https:\/\/tiketi.com\/fr-fr\/lowveld-buses\/\" \/>\n<meta property=\"og:locale\" content=\"fr_FR\" \/>\n<meta property=\"og:type\" content=\"article\" \/>\n<meta property=\"og:title\" content=\"Lowveld Bus Online Booking, Bus Tickets, Route, Schedule &amp; Fare\" \/>\n<meta property=\"og:description\" content=\"Looking for Lowveld bus online booking, app, contacts, bus routes, fare and schedule? Make a cheap Lowveld bus online ticket booking online\" \/>\n<meta property=\"og:url\" content=\"https:\/\/tiketi.com\/fr-fr\/lowveld-buses\/\" \/>\n<meta property=\"og:site_name\" content=\"Tiketi.com\" \/>\n<meta property=\"article:publisher\" content=\"https:\/\/www.facebook.com\/TiketiCom\/\" \/>\n<meta property=\"article:modified_time\" content=\"2022-02-16T20:33:26+00:00\" \/>\n<meta property=\"og:image\" content=\"https:\/\/tiketi.com\/wp-content\/uploads\/2022\/01\/bus-ticket-online-booking.jpg\" \/>\n\t<meta property=\"og:image:width\" content=\"1200\" \/>\n\t<meta property=\"og:image:height\" content=\"206\" \/>\n\t<meta property=\"og:image:type\" content=\"image\/jpeg\" \/>\n<meta name=\"twitter:card\" content=\"summary_large_image\" \/>\n<meta name=\"twitter:label1\" content=\"Dur\u00e9e de lecture estim\u00e9e\" \/>\n\t<meta name=\"twitter:data1\" content=\"2 minutes\" \/>\n<script type=\"application\/ld+json\" class=\"yoast-schema-graph\">{\"@context\":\"https:\/\/schema.org\",\"@graph\":[{\"@type\":\"WebPage\",\"@id\":\"https:\/\/tiketi.com\/lowveld-buses\/\",\"url\":\"https:\/\/tiketi.com\/lowveld-buses\/\",\"name\":\"Lowveld Bus Online Booking, Bus Tickets, Route, Schedule & Fare\",\"isPartOf\":{\"@id\":\"https:\/\/tiketi.com\/#website\"},\"primaryImageOfPage\":{\"@id\":\"https:\/\/tiketi.com\/lowveld-buses\/#primaryimage\"},\"image\":{\"@id\":\"https:\/\/tiketi.com\/lowveld-buses\/#primaryimage\"},\"thumbnailUrl\":\"https:\/\/tiketi.com\/wp-content\/uploads\/2022\/01\/bus-ticket-online-booking.jpg\",\"datePublished\":\"2022-01-19T11:54:03+00:00\",\"dateModified\":\"2022-02-16T20:33:26+00:00\",\"description\":\"Looking for Lowveld bus online booking, app, contacts, bus routes, fare and schedule? Make a cheap Lowveld bus online ticket booking online\",\"breadcrumb\":{\"@id\":\"https:\/\/tiketi.com\/lowveld-buses\/#breadcrumb\"},\"inLanguage\":\"fr-FR\",\"potentialAction\":[{\"@type\":\"ReadAction\",\"target\":[\"https:\/\/tiketi.com\/lowveld-buses\/\"]}]},{\"@type\":\"ImageObject\",\"inLanguage\":\"fr-FR\",\"@id\":\"https:\/\/tiketi.com\/lowveld-buses\/#primaryimage\",\"url\":\"https:\/\/tiketi.com\/wp-content\/uploads\/2022\/01\/bus-ticket-online-booking.jpg\",\"contentUrl\":\"https:\/\/tiketi.com\/wp-content\/uploads\/2022\/01\/bus-ticket-online-booking.jpg\",\"width\":1200,\"height\":206,\"caption\":\"Online Bus Ticket Booking\"},{\"@type\":\"BreadcrumbList\",\"@id\":\"https:\/\/tiketi.com\/lowveld-buses\/#breadcrumb\",\"itemListElement\":[{\"@type\":\"ListItem\",\"position\":1,\"name\":\"Home\",\"item\":\"https:\/\/tiketi.com\/\"},{\"@type\":\"ListItem\",\"position\":2,\"name\":\"Lowveld Bus Online Booking, Bus Tickets, Route, Schedule &#038; Fare\"}]},{\"@type\":\"WebSite\",\"@id\":\"https:\/\/tiketi.com\/#website\",\"url\":\"https:\/\/tiketi.com\/\",\"name\":\"Flight & Bus Tickets, Tour Packages & Activitites - Tiketi.com\",\"description\":\"Flight &amp; Bus Tickets, Tours, Activitites\",\"publisher\":{\"@id\":\"https:\/\/tiketi.com\/#organization\"},\"potentialAction\":[{\"@type\":\"SearchAction\",\"target\":{\"@type\":\"EntryPoint\",\"urlTemplate\":\"https:\/\/tiketi.com\/?s={search_term_string}\"},\"query-input\":{\"@type\":\"PropertyValueSpecification\",\"valueRequired\":true,\"valueName\":\"search_term_string\"}}],\"inLanguage\":\"fr-FR\"},{\"@type\":\"Organization\",\"@id\":\"https:\/\/tiketi.com\/#organization\",\"name\":\"Tiketi.com\",\"alternateName\":\"Tiketi\",\"url\":\"https:\/\/tiketi.com\/\",\"logo\":{\"@type\":\"ImageObject\",\"inLanguage\":\"fr-FR\",\"@id\":\"https:\/\/tiketi.com\/#\/schema\/logo\/image\/\",\"url\":\"https:\/\/tiketi.com\/wp-content\/uploads\/2019\/05\/tiketi-logo-696.png\",\"contentUrl\":\"https:\/\/tiketi.com\/wp-content\/uploads\/2019\/05\/tiketi-logo-696.png\",\"width\":696,\"height\":696,\"caption\":\"Tiketi.com\"},\"image\":{\"@id\":\"https:\/\/tiketi.com\/#\/schema\/logo\/image\/\"},\"sameAs\":[\"https:\/\/www.facebook.com\/TiketiCom\/\"]}]}<\/script>\n<!-- \/ Yoast SEO plugin. -->","yoast_head_json":{"title":"R\u00e9servation en ligne de bus Lowveld, billets de bus, itin\u00e9raire, horaires et tarifs","description":"Vous recherchez une r\u00e9servation en ligne de bus Lowveld, une application, des contacts, des itin\u00e9raires de bus, des tarifs et des horaires? Faites une r\u00e9servation en ligne de billets de bus Lowveld pas chers en ligne","robots":{"index":"index","follow":"follow","max-snippet":"max-snippet:-1","max-image-preview":"max-image-preview:large","max-video-preview":"max-video-preview:-1"},"canonical":"https:\/\/tiketi.com\/fr-fr\/lowveld-buses\/","og_locale":"fr_FR","og_type":"article","og_title":"Lowveld Bus Online Booking, Bus Tickets, Route, Schedule & Fare","og_description":"Looking for Lowveld bus online booking, app, contacts, bus routes, fare and schedule? Make a cheap Lowveld bus online ticket booking online","og_url":"https:\/\/tiketi.com\/fr-fr\/lowveld-buses\/","og_site_name":"Tiketi.com","article_publisher":"https:\/\/www.facebook.com\/TiketiCom\/","article_modified_time":"2022-02-16T20:33:26+00:00","og_image":[{"width":1200,"height":206,"url":"https:\/\/tiketi.com\/wp-content\/uploads\/2022\/01\/bus-ticket-online-booking.jpg","type":"image\/jpeg"}],"twitter_card":"summary_large_image","twitter_misc":{"Dur\u00e9e de lecture estim\u00e9e":"2 minutes"},"schema":{"@context":"https:\/\/schema.org","@graph":[{"@type":"WebPage","@id":"https:\/\/tiketi.com\/lowveld-buses\/","url":"https:\/\/tiketi.com\/lowveld-buses\/","name":"R\u00e9servation en ligne de bus Lowveld, billets de bus, itin\u00e9raire, horaires et tarifs","isPartOf":{"@id":"https:\/\/tiketi.com\/#website"},"primaryImageOfPage":{"@id":"https:\/\/tiketi.com\/lowveld-buses\/#primaryimage"},"image":{"@id":"https:\/\/tiketi.com\/lowveld-buses\/#primaryimage"},"thumbnailUrl":"https:\/\/tiketi.com\/wp-content\/uploads\/2022\/01\/bus-ticket-online-booking.jpg","datePublished":"2022-01-19T11:54:03+00:00","dateModified":"2022-02-16T20:33:26+00:00","description":"Vous recherchez une r\u00e9servation en ligne de bus Lowveld, une application, des contacts, des itin\u00e9raires de bus, des tarifs et des horaires? Faites une r\u00e9servation en ligne de billets de bus Lowveld pas chers en ligne","breadcrumb":{"@id":"https:\/\/tiketi.com\/lowveld-buses\/#breadcrumb"},"inLanguage":"fr-FR","potentialAction":[{"@type":"ReadAction","target":["https:\/\/tiketi.com\/lowveld-buses\/"]}]},{"@type":"ImageObject","inLanguage":"fr-FR","@id":"https:\/\/tiketi.com\/lowveld-buses\/#primaryimage","url":"https:\/\/tiketi.com\/wp-content\/uploads\/2022\/01\/bus-ticket-online-booking.jpg","contentUrl":"https:\/\/tiketi.com\/wp-content\/uploads\/2022\/01\/bus-ticket-online-booking.jpg","width":1200,"height":206,"caption":"Online Bus Ticket Booking"},{"@type":"BreadcrumbList","@id":"https:\/\/tiketi.com\/lowveld-buses\/#breadcrumb","itemListElement":[{"@type":"ListItem","position":1,"name":"Home","item":"https:\/\/tiketi.com\/"},{"@type":"ListItem","position":2,"name":"Lowveld Bus Online Booking, Bus Tickets, Route, Schedule &#038; Fare"}]},{"@type":"WebSite","@id":"https:\/\/tiketi.com\/#website","url":"https:\/\/tiketi.com\/","name":"Billets d&#039;avion et de bus, forfaits touristiques et activit\u00e9s - Tiketi.com","description":"Billets d&#039;avion et de bus, Tours, Activit\u00e9s","publisher":{"@id":"https:\/\/tiketi.com\/#organization"},"potentialAction":[{"@type":"SearchAction","target":{"@type":"EntryPoint","urlTemplate":"https:\/\/tiketi.com\/?s={search_term_string}"},"query-input":{"@type":"PropertyValueSpecification","valueRequired":true,"valueName":"search_term_string"}}],"inLanguage":"fr-FR"},{"@type":"Organization","@id":"https:\/\/tiketi.com\/#organization","name":"Tiketi.com","alternateName":"Tiketi","url":"https:\/\/tiketi.com\/","logo":{"@type":"ImageObject","inLanguage":"fr-FR","@id":"https:\/\/tiketi.com\/#\/schema\/logo\/image\/","url":"https:\/\/tiketi.com\/wp-content\/uploads\/2019\/05\/tiketi-logo-696.png","contentUrl":"https:\/\/tiketi.com\/wp-content\/uploads\/2019\/05\/tiketi-logo-696.png","width":696,"height":696,"caption":"Tiketi.com"},"image":{"@id":"https:\/\/tiketi.com\/#\/schema\/logo\/image\/"},"sameAs":["https:\/\/www.facebook.com\/TiketiCom\/"]}]}},"_links":{"self":[{"href":"https:\/\/tiketi.com\/fr-fr\/wp-json\/wp\/v2\/pages\/10974","targetHints":{"allow":["GET"]}}],"collection":[{"href":"https:\/\/tiketi.com\/fr-fr\/wp-json\/wp\/v2\/pages"}],"about":[{"href":"https:\/\/tiketi.com\/fr-fr\/wp-json\/wp\/v2\/types\/page"}],"author":[{"embeddable":true,"href":"https:\/\/tiketi.com\/fr-fr\/wp-json\/wp\/v2\/users\/1"}],"replies":[{"embeddable":true,"href":"https:\/\/tiketi.com\/fr-fr\/wp-json\/wp\/v2\/comments?post=10974"}],"version-history":[{"count":0,"href":"https:\/\/tiketi.com\/fr-fr\/wp-json\/wp\/v2\/pages\/10974\/revisions"}],"wp:featuredmedia":[{"embeddable":true,"href":"https:\/\/tiketi.com\/fr-fr\/wp-json\/wp\/v2\/media\/13999"}],"wp:attachment":[{"href":"https:\/\/tiketi.com\/fr-fr\/wp-json\/wp\/v2\/media?parent=10974"}],"curies":[{"name":"wp","href":"https:\/\/api.w.org\/{rel}","templated":true}]}}